{"id":18432,"date":"2025-06-10T17:23:37","date_gmt":"2025-06-10T17:23:37","guid":{"rendered":"https:\/\/vitablanca.ma\/product\/gifrer-serum-physiologique-12-unidoses-5ml\/"},"modified":"2025-06-10T17:23:37","modified_gmt":"2025-06-10T17:23:37","slug":"gifrer-serum-physiologique-12-unidoses-5ml","status":"publish","type":"product","link":"https:\/\/vitablanca.ma\/ar\/product-2\/gifrer-serum-physiologique-12-unidoses-5ml\/","title":{"rendered":"Gifrer S\u00e9rum Physiologique 12 Unidoses 5ml"},"content":{"rendered":"<h2 data-mce-fragment=\"1\"><span data-mce-fragment=\"1\">Gifrer S\u00e9rum Physiologique 12 Unidoses pr\u00e9conis\u00e9 pour le lavage des fosses nasales<\/span><\/h2>\n<p data-mce-fragment=\"1\"><span data-mce-fragment=\"1\">Le s\u00e9rum physiologique Gifrer est pr\u00e9conis\u00e9 pour le lavage des fosses nasales, le lavage oculaire, le rin\u00e7age des petites plaies et br\u00fblures ainsi que le rin\u00e7age en petite chirurgie des nourrissons, enfants et adultes. Son format innovant de 10 ml\u00a0a \u00e9t\u00e9 pens\u00e9 pour vous apporter plus de praticit\u00e9\u00a0mais aussi dans le respect de l\u2019environnement gr\u00e2ce \u00e0 un emballage 100% en carton recycl\u00e9 et par la diminution de 25% de plastique par usage.<\/span><\/p>\n<section id=\"ficheproduit\" data-mce-fragment=\"1\">\n<div class=\"middle\" data-mce-fragment=\"1\">\n<div id=\"content\" data-mce-fragment=\"1\">\n<div id=\"presentation_right_produit\" data-mce-fragment=\"1\">\n<div class=\"vc_row wpb_row vc_row-fluid\" data-mce-fragment=\"1\">\n<div class=\"wpb_column vc_column_container vc_col-sm-12\" data-mce-fragment=\"1\">\n<div class=\"vc_column-inner\" data-mce-fragment=\"1\">\n<div class=\"wpb_wrapper\" data-mce-fragment=\"1\">\n<div class=\"wpb_text_column wpb_content_element vc_custom_1527522027002\" data-mce-fragment=\"1\">\n<div class=\"wpb_wrapper\" data-mce-fragment=\"1\">\n<ul data-mce-fragment=\"1\">\n<li data-mce-fragment=\"1\">\n<strong data-mce-fragment=\"1\">Lavage nasal<\/strong>\u00a0: le s\u00e9rum physiologique facilite le nettoyage du nez des tout-petits souvent obstru\u00e9 par du mucus. Il favorise l\u2019\u00e9limination des s\u00e9cr\u00e9tions excessives. Gr\u00e2ce \u00e0 son action humidi\ufb01ante, il soulage rapidement la s\u00e9cheresse nasale chez l\u2019adulte.<\/li>\n<li data-mce-fragment=\"1\">\n<strong data-mce-fragment=\"1\">Hygi\u00e8ne oculaire<\/strong>\u00a0: la s\u00e9rum physiologique peut \u00eatre utilis\u00e9 pour l\u2019hygi\u00e8ne de la partie ext\u00e9rieure des yeux (paupi\u00e8res) chez le nourrisson, comme chez l\u2019enfant et l\u2019adulte.<\/li>\n<li data-mce-fragment=\"1\">\n<strong data-mce-fragment=\"1\">Rin\u00e7age des petites plaies, br\u00fblures et petite chirurgie :<\/strong>\u00a0le s\u00e9rum physiologique peut \u00eatre utilis\u00e9 afin d\u2019\u00e9liminer les corps \u00e9trangers, pour nettoyer les cro\u00fbtes, les exsudats, le pus et les agents pathog\u00e8nes des petites blessures.<\/li>\n<\/ul>\n<p data-mce-fragment=\"1\">12 unidoses st\u00e9riles de 10 ml sans agent conservateur.<\/p>\n<p data-mce-fragment=\"1\">Le produit S\u00e9rum physiologique lavage nasal et ophtalmique est un dispositif m\u00e9dical. Ce dispositif m\u00e9dical est un produit de sant\u00e9 r\u00e9glement\u00e9 qui porte, au titre de cette r\u00e9glementation, le marquage CE. Lire attentivement les instructions figurant sur l\u2019\u00e9tui.<\/p>\n<h3 data-mce-fragment=\"1\"><span data-mce-fragment=\"1\">\u0637\u0631\u064a\u0642\u0629 \u0627\u0644\u0627\u0633\u062a\u062e\u062f\u0627\u0645<br data-mce-fragment=\"1\"><\/span><\/h3>\n<ul data-mce-fragment=\"1\">\n<li data-mce-fragment=\"1\">Lavage nasal : utiliser une unidose pour un lavage 1 \u00e0 6 fois par jour en fonction des besoins.<\/li>\n<li data-mce-fragment=\"1\">Hygi\u00e8ne oculaire : nettoyer \u00e0 l\u2019aide d\u2019une compresse st\u00e9rile, 1 \u00e0 2 fois par jour.<\/li>\n<li data-mce-fragment=\"1\">Rin\u00e7age des petites plaies, br\u00fblures et petite chirurgie : utiliser une unidose pour le rin\u00e7age jusqu\u2019\u00e0 compl\u00e8te \u00e9limination des contaminants ou plus si n\u00e9cessaire.<\/li>\n<\/ul>\n<h3 data-mce-fragment=\"1\"><span data-mce-fragment=\"1\">\u062a\u0639\u0628\u064a\u0631<\/span><\/h3>\n<p data-mce-fragment=\"1\"><span data-mce-fragment=\"1\">Chlorure de Sodium \u00e0 0,9 g. Eau purifi\u00e9e q.s.p. 100 ml.<\/span><\/p>\n<\/div>\n<\/div>\n<\/div>\n<\/div>\n<\/div>\n<\/div>\n<\/div>\n<\/div>\n<\/div>\n<\/section>","protected":false},"excerpt":{"rendered":"<p>Gifrer S\u00e9rum Physiologique 12 Unidoses pr\u00e9conis\u00e9 pour le lavage des fosses nasales Le s\u00e9rum physiologique Gifrer est pr\u00e9conis\u00e9 pour le lavage des fosses nasales, le lavage oculaire, le rin\u00e7age des petites plaies et br\u00fblures ainsi que le rin\u00e7age en petite chirurgie des nourrissons, enfants et adultes. Son format innovant de 10 ml\u00a0a \u00e9t\u00e9 pens\u00e9 pour [&hellip;]<\/p>\n","protected":false},"featured_media":18431,"template":"","meta":{"om_disable_all_campaigns":false},"product_brand":[],"product_cat":[15],"product_tag":[],"class_list":{"0":"post-18432","1":"product","2":"type-product","3":"status-publish","4":"has-post-thumbnail","6":"product_cat-beaute-sante-complements-alimentaires-soins-et-bien-etre-au-meilleur-prix","8":"first","9":"instock","10":"sale","11":"taxable","12":"shipping-taxable","13":"purchasable","14":"product-type-simple"},"yoast_head":"<!-- This site is optimized with the Yoast SEO plugin v27.3 - https:\/\/yoast.com\/product\/yoast-seo-wordpress\/ -->\n<title>Gifrer S\u00e9rum Physiologique 12 Unidoses 5ml - Maroc Prix<\/title>\n<meta name=\"description\" content=\"Gifrer S\u00e9rum Physiologique 12 Unidoses 5ml\" \/>\n<meta name=\"robots\" content=\"index, follow, max-snippet:-1, max-image-preview:large, max-video-preview:-1\" \/>\n<link rel=\"canonical\" href=\"https:\/\/vitablanca.ma\/ar\/product-2\/gifrer-serum-physiologique-12-unidoses-5ml\/\" \/>\n<meta property=\"og:locale\" content=\"ar_AR\" \/>\n<meta property=\"og:type\" content=\"article\" \/>\n<meta property=\"og:title\" content=\"Gifrer S\u00e9rum Physiologique 12 Unidoses 5ml - Maroc Prix\" \/>\n<meta property=\"og:description\" content=\"Gifrer S\u00e9rum Physiologique 12 Unidoses 5ml\" \/>\n<meta property=\"og:url\" content=\"https:\/\/vitablanca.ma\/ar\/product-2\/gifrer-serum-physiologique-12-unidoses-5ml\/\" \/>\n<meta property=\"og:site_name\" content=\"Vitablanca.ma &ndash; Sant&eacute;, vitalit&eacute; et bien-&ecirc;tre pour tous les Marocains\" \/>\n<meta property=\"article:publisher\" content=\"https:\/\/www.facebook.com\/profile.php?id=61576678196717\" \/>\n<meta property=\"og:image\" content=\"https:\/\/vitablanca.ma\/wp-content\/uploads\/2025\/06\/Gifrer-Serum-Physiologique-12-Unidoses-10ml-nova-parapharmacie-maroc.jpg\" \/>\n\t<meta property=\"og:image:width\" content=\"1000\" \/>\n\t<meta property=\"og:image:height\" content=\"1000\" \/>\n\t<meta property=\"og:image:type\" content=\"image\/jpeg\" \/>\n<meta name=\"twitter:card\" content=\"summary_large_image\" \/>\n<meta name=\"twitter:label1\" content=\"\u0648\u0642\u062a \u0627\u0644\u0642\u0631\u0627\u0621\u0629 \u0627\u0644\u0645\u064f\u0642\u062f\u0651\u0631\" \/>\n\t<meta name=\"twitter:data1\" content=\"\u062f\u0642\u064a\u0642\u062a\u0627\u0646\" \/>\n<script type=\"application\/ld+json\" class=\"yoast-schema-graph\">{\"@context\":\"https:\\\/\\\/schema.org\",\"@graph\":[{\"@type\":[\"WebPage\",\"ItemPage\"],\"@id\":\"https:\\\/\\\/vitablanca.ma\\\/produit\\\/gifrer-serum-physiologique-12-unidoses-5ml\\\/\",\"url\":\"https:\\\/\\\/vitablanca.ma\\\/produit\\\/gifrer-serum-physiologique-12-unidoses-5ml\\\/\",\"name\":\"Gifrer S\u00e9rum Physiologique 12 Unidoses 5ml - Maroc Prix\",\"isPartOf\":{\"@id\":\"https:\\\/\\\/vitablanca.ma\\\/#website\"},\"primaryImageOfPage\":{\"@id\":\"https:\\\/\\\/vitablanca.ma\\\/produit\\\/gifrer-serum-physiologique-12-unidoses-5ml\\\/#primaryimage\"},\"image\":{\"@id\":\"https:\\\/\\\/vitablanca.ma\\\/produit\\\/gifrer-serum-physiologique-12-unidoses-5ml\\\/#primaryimage\"},\"thumbnailUrl\":\"https:\\\/\\\/vitablanca.ma\\\/wp-content\\\/uploads\\\/2025\\\/06\\\/Gifrer-Serum-Physiologique-12-Unidoses-10ml-nova-parapharmacie-maroc.jpg\",\"datePublished\":\"2025-06-10T17:23:37+00:00\",\"description\":\"Gifrer S\u00e9rum Physiologique 12 Unidoses 5ml\",\"breadcrumb\":{\"@id\":\"https:\\\/\\\/vitablanca.ma\\\/produit\\\/gifrer-serum-physiologique-12-unidoses-5ml\\\/#breadcrumb\"},\"inLanguage\":\"ar\",\"potentialAction\":[{\"@type\":\"ReadAction\",\"target\":[\"https:\\\/\\\/vitablanca.ma\\\/produit\\\/gifrer-serum-physiologique-12-unidoses-5ml\\\/\"]}]},{\"@type\":\"ImageObject\",\"inLanguage\":\"ar\",\"@id\":\"https:\\\/\\\/vitablanca.ma\\\/produit\\\/gifrer-serum-physiologique-12-unidoses-5ml\\\/#primaryimage\",\"url\":\"https:\\\/\\\/vitablanca.ma\\\/wp-content\\\/uploads\\\/2025\\\/06\\\/Gifrer-Serum-Physiologique-12-Unidoses-10ml-nova-parapharmacie-maroc.jpg\",\"contentUrl\":\"https:\\\/\\\/vitablanca.ma\\\/wp-content\\\/uploads\\\/2025\\\/06\\\/Gifrer-Serum-Physiologique-12-Unidoses-10ml-nova-parapharmacie-maroc.jpg\",\"width\":1000,\"height\":1000},{\"@type\":\"BreadcrumbList\",\"@id\":\"https:\\\/\\\/vitablanca.ma\\\/produit\\\/gifrer-serum-physiologique-12-unidoses-5ml\\\/#breadcrumb\",\"itemListElement\":[{\"@type\":\"ListItem\",\"position\":1,\"name\":\"Home\",\"item\":\"https:\\\/\\\/vitablanca.ma\\\/\"},{\"@type\":\"ListItem\",\"position\":2,\"name\":\"Tous Les Produits\",\"item\":\"https:\\\/\\\/vitablanca.ma\\\/tous-les-produits\\\/\"},{\"@type\":\"ListItem\",\"position\":3,\"name\":\"Gifrer S\u00e9rum Physiologique 12 Unidoses 5ml\"}]},{\"@type\":\"WebSite\",\"@id\":\"https:\\\/\\\/vitablanca.ma\\\/#website\",\"url\":\"https:\\\/\\\/vitablanca.ma\\\/\",\"name\":\"VitaBlanca.ma | Compl\u00e9ments alimentaires, sant\u00e9 & beaut\u00e9 au Maroc\",\"description\":\"vendre vitamines et compl\u00e9ments premium des USA &amp; Canada, Nouvelle Z\u00e9lande,Maroc (NOW Foods, Solgar, Manuka). Livraison rapide partout au Maroc.\",\"publisher\":{\"@id\":\"https:\\\/\\\/vitablanca.ma\\\/#organization\"},\"alternateName\":\"VitaBlanca.ma\",\"potentialAction\":[{\"@type\":\"SearchAction\",\"target\":{\"@type\":\"EntryPoint\",\"urlTemplate\":\"https:\\\/\\\/vitablanca.ma\\\/?s={search_term_string}\"},\"query-input\":{\"@type\":\"PropertyValueSpecification\",\"valueRequired\":true,\"valueName\":\"search_term_string\"}}],\"inLanguage\":\"ar\"},{\"@type\":\"Organization\",\"@id\":\"https:\\\/\\\/vitablanca.ma\\\/#organization\",\"name\":\"VitaBlanca\",\"url\":\"https:\\\/\\\/vitablanca.ma\\\/\",\"logo\":{\"@type\":\"ImageObject\",\"inLanguage\":\"ar\",\"@id\":\"https:\\\/\\\/vitablanca.ma\\\/#\\\/schema\\\/logo\\\/image\\\/\",\"url\":\"https:\\\/\\\/vitablanca.ma\\\/wp-content\\\/uploads\\\/2025\\\/05\\\/cropped-vitablanca.png\",\"contentUrl\":\"https:\\\/\\\/vitablanca.ma\\\/wp-content\\\/uploads\\\/2025\\\/05\\\/cropped-vitablanca.png\",\"width\":360,\"height\":67,\"caption\":\"VitaBlanca\"},\"image\":{\"@id\":\"https:\\\/\\\/vitablanca.ma\\\/#\\\/schema\\\/logo\\\/image\\\/\"},\"sameAs\":[\"https:\\\/\\\/www.facebook.com\\\/profile.php?id=61576678196717\",\"https:\\\/\\\/www.tiktok.com\\\/@vitablanca.ma\",\"https:\\\/\\\/www.instagram.com\\\/vitablanca.ma\\\/\"]}]}<\/script>\n<!-- \/ Yoast SEO plugin. -->","yoast_head_json":{"title":"Gifrer S\u00e9rum Physiologique 12 Unidoses 5ml - Maroc Prix","description":"Gifrer S\u00e9rum Physiologique 12 Unidoses 5ml","robots":{"index":"index","follow":"follow","max-snippet":"max-snippet:-1","max-image-preview":"max-image-preview:large","max-video-preview":"max-video-preview:-1"},"canonical":"https:\/\/vitablanca.ma\/ar\/product-2\/gifrer-serum-physiologique-12-unidoses-5ml\/","og_locale":"ar_AR","og_type":"article","og_title":"Gifrer S\u00e9rum Physiologique 12 Unidoses 5ml - Maroc Prix","og_description":"Gifrer S\u00e9rum Physiologique 12 Unidoses 5ml","og_url":"https:\/\/vitablanca.ma\/ar\/product-2\/gifrer-serum-physiologique-12-unidoses-5ml\/","og_site_name":"Vitablanca.ma &ndash; Sant&eacute;, vitalit&eacute; et bien-&ecirc;tre pour tous les Marocains","article_publisher":"https:\/\/www.facebook.com\/profile.php?id=61576678196717","og_image":[{"width":1000,"height":1000,"url":"https:\/\/vitablanca.ma\/wp-content\/uploads\/2025\/06\/Gifrer-Serum-Physiologique-12-Unidoses-10ml-nova-parapharmacie-maroc.jpg","type":"image\/jpeg"}],"twitter_card":"summary_large_image","twitter_misc":{"\u0648\u0642\u062a \u0627\u0644\u0642\u0631\u0627\u0621\u0629 \u0627\u0644\u0645\u064f\u0642\u062f\u0651\u0631":"\u062f\u0642\u064a\u0642\u062a\u0627\u0646"},"schema":{"@context":"https:\/\/schema.org","@graph":[{"@type":["WebPage","ItemPage"],"@id":"https:\/\/vitablanca.ma\/produit\/gifrer-serum-physiologique-12-unidoses-5ml\/","url":"https:\/\/vitablanca.ma\/produit\/gifrer-serum-physiologique-12-unidoses-5ml\/","name":"Gifrer S\u00e9rum Physiologique 12 Unidoses 5ml - Maroc Prix","isPartOf":{"@id":"https:\/\/vitablanca.ma\/#website"},"primaryImageOfPage":{"@id":"https:\/\/vitablanca.ma\/produit\/gifrer-serum-physiologique-12-unidoses-5ml\/#primaryimage"},"image":{"@id":"https:\/\/vitablanca.ma\/produit\/gifrer-serum-physiologique-12-unidoses-5ml\/#primaryimage"},"thumbnailUrl":"https:\/\/vitablanca.ma\/wp-content\/uploads\/2025\/06\/Gifrer-Serum-Physiologique-12-Unidoses-10ml-nova-parapharmacie-maroc.jpg","datePublished":"2025-06-10T17:23:37+00:00","description":"Gifrer S\u00e9rum Physiologique 12 Unidoses 5ml","breadcrumb":{"@id":"https:\/\/vitablanca.ma\/produit\/gifrer-serum-physiologique-12-unidoses-5ml\/#breadcrumb"},"inLanguage":"ar","potentialAction":[{"@type":"ReadAction","target":["https:\/\/vitablanca.ma\/produit\/gifrer-serum-physiologique-12-unidoses-5ml\/"]}]},{"@type":"ImageObject","inLanguage":"ar","@id":"https:\/\/vitablanca.ma\/produit\/gifrer-serum-physiologique-12-unidoses-5ml\/#primaryimage","url":"https:\/\/vitablanca.ma\/wp-content\/uploads\/2025\/06\/Gifrer-Serum-Physiologique-12-Unidoses-10ml-nova-parapharmacie-maroc.jpg","contentUrl":"https:\/\/vitablanca.ma\/wp-content\/uploads\/2025\/06\/Gifrer-Serum-Physiologique-12-Unidoses-10ml-nova-parapharmacie-maroc.jpg","width":1000,"height":1000},{"@type":"BreadcrumbList","@id":"https:\/\/vitablanca.ma\/produit\/gifrer-serum-physiologique-12-unidoses-5ml\/#breadcrumb","itemListElement":[{"@type":"ListItem","position":1,"name":"Home","item":"https:\/\/vitablanca.ma\/"},{"@type":"ListItem","position":2,"name":"Tous Les Produits","item":"https:\/\/vitablanca.ma\/tous-les-produits\/"},{"@type":"ListItem","position":3,"name":"Gifrer S\u00e9rum Physiologique 12 Unidoses 5ml"}]},{"@type":"WebSite","@id":"https:\/\/vitablanca.ma\/#website","url":"https:\/\/vitablanca.ma\/","name":"VitaBlanca.ma | \u0627\u0644\u0645\u0643\u0645\u0644\u0627\u062a \u0627\u0644\u063a\u0630\u0627\u0626\u064a\u0629\u060c \u0627\u0644\u0635\u062d\u0629 \u0648\u0627\u0644\u062c\u0645\u0627\u0644 \u0641\u064a \u0627\u0644\u0645\u063a\u0631\u0628","description":"\u0646\u0628\u064a\u0639 \u0641\u064a\u062a\u0627\u0645\u064a\u0646\u0627\u062a \u0648\u0645\u0643\u0645\u0644\u0627\u062a \u063a\u0630\u0627\u0626\u064a\u0629 \u0641\u0627\u062e\u0631\u0629 \u0645\u0646 \u0627\u0644\u0648\u0644\u0627\u064a\u0627\u062a \u0627\u0644\u0645\u062a\u062d\u062f\u0629 \u0627\u0644\u0623\u0645\u0631\u064a\u0643\u064a\u0629 \u0648\u0643\u0646\u062f\u0627 \u0648\u0646\u064a\u0648\u0632\u064a\u0644\u0646\u062f\u0627 \u0648\u0627\u0644\u0645\u063a\u0631\u0628 (\u0646\u0627\u0648 \u0641\u0648\u062f\u0632\u060c \u0633\u0648\u0644\u062c\u0627\u0631\u060c \u0645\u0627\u0646\u0648\u0643\u0627). \u062a\u0648\u0635\u064a\u0644 \u0633\u0631\u064a\u0639 \u0625\u0644\u0649 \u062c\u0645\u064a\u0639 \u0623\u0646\u062d\u0627\u0621 \u0627\u0644\u0645\u063a\u0631\u0628.","publisher":{"@id":"https:\/\/vitablanca.ma\/#organization"},"alternateName":"VitaBlanca.ma","potentialAction":[{"@type":"SearchAction","target":{"@type":"EntryPoint","urlTemplate":"https:\/\/vitablanca.ma\/?s={search_term_string}"},"query-input":{"@type":"PropertyValueSpecification","valueRequired":true,"valueName":"search_term_string"}}],"inLanguage":"ar"},{"@type":"Organization","@id":"https:\/\/vitablanca.ma\/#organization","name":"\u0641\u064a\u062a\u0627\u0628\u0644\u0627\u0646\u0643\u0627","url":"https:\/\/vitablanca.ma\/","logo":{"@type":"ImageObject","inLanguage":"ar","@id":"https:\/\/vitablanca.ma\/#\/schema\/logo\/image\/","url":"https:\/\/vitablanca.ma\/wp-content\/uploads\/2025\/05\/cropped-vitablanca.png","contentUrl":"https:\/\/vitablanca.ma\/wp-content\/uploads\/2025\/05\/cropped-vitablanca.png","width":360,"height":67,"caption":"VitaBlanca"},"image":{"@id":"https:\/\/vitablanca.ma\/#\/schema\/logo\/image\/"},"sameAs":["https:\/\/www.facebook.com\/profile.php?id=61576678196717","https:\/\/www.tiktok.com\/@vitablanca.ma","https:\/\/www.instagram.com\/vitablanca.ma\/"]}]}},"jetpack_sharing_enabled":true,"_links":{"self":[{"href":"https:\/\/vitablanca.ma\/ar\/wp-json\/wp\/v2\/product\/18432","targetHints":{"allow":["GET"]}}],"collection":[{"href":"https:\/\/vitablanca.ma\/ar\/wp-json\/wp\/v2\/product"}],"about":[{"href":"https:\/\/vitablanca.ma\/ar\/wp-json\/wp\/v2\/types\/product"}],"wp:featuredmedia":[{"embeddable":true,"href":"https:\/\/vitablanca.ma\/ar\/wp-json\/wp\/v2\/media\/18431"}],"wp:attachment":[{"href":"https:\/\/vitablanca.ma\/ar\/wp-json\/wp\/v2\/media?parent=18432"}],"wp:term":[{"taxonomy":"product_brand","embeddable":true,"href":"https:\/\/vitablanca.ma\/ar\/wp-json\/wp\/v2\/product_brand?post=18432"},{"taxonomy":"product_cat","embeddable":true,"href":"https:\/\/vitablanca.ma\/ar\/wp-json\/wp\/v2\/product_cat?post=18432"},{"taxonomy":"product_tag","embeddable":true,"href":"https:\/\/vitablanca.ma\/ar\/wp-json\/wp\/v2\/product_tag?post=18432"}],"curies":[{"name":"wp","href":"https:\/\/api.w.org\/{rel}","templated":true}]}}