{"id":18418,"date":"2025-06-10T17:22:39","date_gmt":"2025-06-10T17:22:39","guid":{"rendered":"https:\/\/vitablanca.ma\/product\/filorga-global-repair-eyes-lips-15ml\/"},"modified":"2025-06-10T17:22:39","modified_gmt":"2025-06-10T17:22:39","slug":"filorga-global-repair-eyes-lips-15ml","status":"publish","type":"product","link":"https:\/\/vitablanca.ma\/ar\/product-2\/filorga-global-repair-eyes-lips-15ml\/","title":{"rendered":"\u0641\u064a\u0644\u0648\u0631\u062c\u0627 \u062c\u0644\u0648\u0628\u0627\u0644 \u0631\u064a\u0628\u064a\u0631 \u0644\u0644\u0639\u064a\u0646\u064a\u0646 \u0648\u0627\u0644\u0634\u0641\u0627\u0647 \u0661\u0665 \u0645\u0644"},"content":{"rendered":"<h2>\u0641\u064a\u0644\u0648\u0631\u062c\u0627 \u062c\u0644\u0648\u0628\u0627\u0644 \u0631\u064a\u0628\u064a\u0631 \u0644\u0644\u0639\u0646\u0627\u064a\u0629 \u0628\u0627\u0644\u0639\u064a\u0646\u064a\u0646 \u0648\u0627\u0644\u0634\u0641\u0627\u0647 - \u0645\u062a\u0639\u062f\u062f \u0627\u0644\u062a\u062c\u062f\u064a\u062f \u0644\u0644\u0639\u0646\u0627\u064a\u0629 \u0628\u0645\u062d\u064a\u0637 \u0627\u0644\u0639\u064a\u0646 \u0648\u0627\u0644\u0634\u0641\u0627\u0647\u00a0<\/h2>\n<p><strong>\u0627\u0643\u062a\u0634\u0641\u064a \u0639\u0644\u0627\u062c \u062c\u0644\u0648\u0628\u0627\u0644 \u0631\u064a\u0628\u064a\u0631 \u0644\u0644\u0639\u064a\u0646\u064a\u0646 \u0648\u0627\u0644\u0634\u0641\u0627\u0647\u060c \u0648\u0647\u0648 \u0639\u0644\u0627\u062c \u0634\u0627\u0645\u0644 \u0645\u0636\u0627\u062f \u0644\u0644\u0634\u064a\u062e\u0648\u062e\u0629\u060c \u0645\u0633\u062a\u0648\u062d\u0649 \u0645\u0646 \u062a\u0642\u0646\u064a\u0627\u062a \u0637\u0628 \u0627\u0644\u062a\u062c\u0645\u064a\u0644 \u0627\u0644\u0645\u0639\u0631\u0648\u0641\u0629\u060c \u0644\u064a\u0645\u0646\u062d\u0643\u0650 \u0645\u0638\u0647\u0631\u064b\u0627 \u0634\u0628\u0627\u0628\u064a\u064b\u0627 \u0648\u0627\u0636\u062d\u064b\u0627 \u0639\u0644\u0649 \u0645\u062d\u064a\u0637 \u0627\u0644\u0639\u064a\u0646\u064a\u0646 \u0648\u0627\u0644\u0634\u0641\u0627\u0647. \u0635\u064f\u0645\u0645 \u062e\u0635\u064a\u0635\u064b\u0627 \u0644\u0644\u0628\u0634\u0631\u0629 \u0627\u0644\u062c\u0627\u0641\u0629\u060c \u0641\u0647\u0648 \u064a\u063a\u0630\u064a \u0627\u0644\u0628\u0634\u0631\u0629 \u0648\u064a\u0639\u0627\u0644\u062c \u062c\u0645\u064a\u0639 \u0639\u0644\u0627\u0645\u0627\u062a \u0627\u0644\u0634\u064a\u062e\u0648\u062e\u0629 \u0627\u0644\u0638\u0627\u0647\u0631\u0629 \u0628\u0641\u0639\u0627\u0644\u064a\u0629 \u0628\u0641\u0636\u0644 \u062e\u0635\u0627\u0626\u0635\u0647 \u0627\u0644\u0645\u0646\u0639\u0634\u0629 \u0627\u0644\u0645\u062a\u0639\u062f\u062f\u0629.<\/strong><\/p>\n<div class=\"more\">\n<div class=\"\">\n<p><strong>\u062a\u0645 \u062a\u0635\u0645\u064a\u0645 \u0647\u0630\u0627 \u0627\u0644\u0639\u0644\u0627\u062c \u0627\u0644\u0645\u0636\u0627\u062f \u0644\u0644\u0634\u064a\u062e\u0648\u062e\u0629 \u0627\u0644\u063a\u0646\u064a \u0628\u0640 NCEF \u062e\u0635\u064a\u0635\u064b\u0627 \u0644\u0644\u0645\u0646\u0627\u0637\u0642 \u0627\u0644\u062d\u0633\u0627\u0633\u0629 \u062d\u0648\u0644 \u0627\u0644\u0639\u064a\u0646\u064a\u0646 \u0648\u0627\u0644\u0634\u0641\u062a\u064a\u0646\u060c \u062d\u064a\u062b \u064a\u0639\u0645\u0644 \u0639\u0644\u0649 \u0639\u0644\u0627\u062c \u0627\u0644\u0639\u064a\u0648\u0646 \u0627\u0644\u0645\u062a\u0639\u0628\u0629 \u0648\u0627\u0644\u0647\u0627\u0644\u0627\u062a \u0627\u0644\u0633\u0648\u062f\u0627\u0621 \u0648\u0627\u0644\u0627\u0646\u062a\u0641\u0627\u062e\u0627\u062a \u0648\u0627\u0644\u062a\u062c\u0627\u0639\u064a\u062f \u0648\u0627\u0644\u062c\u0641\u0627\u0641 \u0648\u0627\u0644\u062a\u0631\u0647\u0644.<\/strong><\/p>\n<p><strong>\u0627\u0644\u062a\u063a\u0630\u064a\u0629 \u0627\u0644\u0645\u0646\u0634\u0637\u0629<br \/><\/strong>\u062a\u0639\u0645\u0644 3 \u0639\u0646\u0627\u0635\u0631 \u063a\u0630\u0627\u0626\u064a\u0629 \u0641\u0627\u0626\u0642\u0629 \u0641\u064a \u062a\u0622\u0632\u0631 \u0644\u0627\u0633\u062a\u0639\u0627\u062f\u0629 \u0644\u064a\u0648\u0646\u0629 \u0648\u062d\u064a\u0648\u064a\u0629 \u0627\u0644\u0628\u0634\u0631\u0629.<\/p>\n<p><strong>\u0627\u0644\u0639\u0645\u0644 \u0627\u0644\u0639\u0627\u0644\u0645\u064a \u0644\u0645\u0643\u0627\u0641\u062d\u0629 \u0627\u0644\u0634\u064a\u062e\u0648\u062e\u0629<br \/><\/strong>50 \u0645\u0643\u0648\u0646\u064b\u0627 \u0645\u062a\u0648\u0633\u0637\u064b\u0627 + 4 \u0645\u0639\u0632\u0632\u0627\u062a \u062e\u0644\u0648\u064a\u0629 \u0645\u0633\u062a\u0648\u062d\u0627\u0629 \u0645\u0646 \u062a\u0642\u0646\u064a\u0627\u062a \u0627\u0644\u0637\u0628 \u0627\u0644\u062a\u062c\u0645\u064a\u0644\u064a \u062a\u0639\u0645\u0644 \u0645\u0639\u064b\u0627 \u0639\u0644\u0649 \u0645\u0639\u0627\u0644\u062c\u0629 \u062c\u0645\u064a\u0639 \u0639\u0644\u0627\u0645\u0627\u062a \u0634\u064a\u062e\u0648\u062e\u0629 \u0627\u0644\u062c\u0644\u062f.<\/p>\n<p><strong>\u0639\u0645\u0644 \u0645\u062d\u062f\u062f \u0644\u0644\u0645\u0646\u0627\u0637\u0642 \u0627\u0644\u062d\u0633\u0627\u0633\u0629<br \/><\/strong>\u0645\u0633\u062a\u062e\u0644\u0635 \u0645\u0633\u0643 \u0627\u0644\u0631\u0648\u0645 \u0627\u0644\u0645\u062d\u0641\u0632 \u0644\u062a\u0635\u062d\u064a\u062d \u0645\u0646\u0637\u0642\u0629 \u0627\u0644\u0639\u064a\u0646 \u0628\u0634\u0643\u0644 \u0639\u0627\u0645 \u064a\u062a\u0645 \u062f\u0645\u062c\u0647 \u0645\u0639 \u0645\u0633\u062a\u062e\u0644\u0635 \u0628\u0630\u0648\u0631 \u0627\u0644\u0633\u0645\u0633\u0645 \u0644\u0644\u062d\u0635\u0648\u0644 \u0639\u0644\u0649 \u062a\u0623\u062b\u064a\u0631 \u062a\u0646\u0639\u064a\u0645 \u0639\u0644\u0649 \u0645\u062d\u064a\u0637 \u0627\u0644\u0634\u0641\u0627\u0647.<\/p>\n<p>\u0641\u0639\u0627\u0644\u064a\u0629 \u0645\u0631\u0626\u064a\u0629 \u0645\u0646 7 \u0623\u064a\u0627\u0645<\/p>\n<\/div>\n<\/div>","protected":false},"excerpt":{"rendered":"<p>Filorga GLOBAL-REPAIR EYES &amp; LIPS Soin Multi-Revitalisant Contour Yeux &amp; L\u00e8vres\u00a0 D\u00e9couvrez GLOBAL-REPAIR EYES &amp; LIPS, un soin anti-\u00e2ge global inspir\u00e9 de techniques de m\u00e9decine esth\u00e9tique reconnues pour un effet jeunesse visible sur le contour des yeux et des l\u00e8vres. Pens\u00e9 pour les peaux d\u00e9vitalis\u00e9es, il nourrit la peau et agit intens\u00e9ment sur les tous [&hellip;]<\/p>\n","protected":false},"featured_media":18417,"template":"","meta":{"om_disable_all_campaigns":false},"product_brand":[],"product_cat":[15],"product_tag":[],"class_list":{"0":"post-18418","1":"product","2":"type-product","3":"status-publish","4":"has-post-thumbnail","6":"product_cat-beaute-sante-complements-alimentaires-soins-et-bien-etre-au-meilleur-prix","8":"first","9":"instock","10":"sale","11":"taxable","12":"shipping-taxable","13":"purchasable","14":"product-type-simple"},"yoast_head":"<!-- This site is optimized with the Yoast SEO plugin v27.3 - https:\/\/yoast.com\/product\/yoast-seo-wordpress\/ -->\n<title>Filorga GLOBAL-REPAIR EYES &amp; LIPS 15ml - Maroc Prix<\/title>\n<meta name=\"description\" content=\"Filorga GLOBAL-REPAIR EYES &amp; LIPS 15ml\" \/>\n<meta name=\"robots\" content=\"index, follow, max-snippet:-1, max-image-preview:large, max-video-preview:-1\" \/>\n<link rel=\"canonical\" href=\"https:\/\/vitablanca.ma\/ar\/product-2\/filorga-global-repair-eyes-lips-15ml\/\" \/>\n<meta property=\"og:locale\" content=\"ar_AR\" \/>\n<meta property=\"og:type\" content=\"article\" \/>\n<meta property=\"og:title\" content=\"Filorga GLOBAL-REPAIR EYES &amp; LIPS 15ml - Maroc Prix\" \/>\n<meta property=\"og:description\" content=\"Filorga GLOBAL-REPAIR EYES &amp; LIPS 15ml\" \/>\n<meta property=\"og:url\" content=\"https:\/\/vitablanca.ma\/ar\/product-2\/filorga-global-repair-eyes-lips-15ml\/\" \/>\n<meta property=\"og:site_name\" content=\"Vitablanca.ma &ndash; Sant&eacute;, vitalit&eacute; et bien-&ecirc;tre pour tous les Marocains\" \/>\n<meta property=\"article:publisher\" content=\"https:\/\/www.facebook.com\/profile.php?id=61576678196717\" \/>\n<meta property=\"og:image\" content=\"https:\/\/vitablanca.ma\/wp-content\/uploads\/2025\/06\/Filorga-GLOBAL-REPAIR-EYES-_-LIPS-15ml-nova-parapharmacie-casablanca.jpg\" \/>\n\t<meta property=\"og:image:width\" content=\"1000\" \/>\n\t<meta property=\"og:image:height\" content=\"1000\" \/>\n\t<meta property=\"og:image:type\" content=\"image\/jpeg\" \/>\n<meta name=\"twitter:card\" content=\"summary_large_image\" \/>\n<meta name=\"twitter:label1\" content=\"\u0648\u0642\u062a \u0627\u0644\u0642\u0631\u0627\u0621\u0629 \u0627\u0644\u0645\u064f\u0642\u062f\u0651\u0631\" \/>\n\t<meta name=\"twitter:data1\" content=\"\u062f\u0642\u064a\u0642\u0629 \u0648\u0627\u062d\u062f\u0629\" \/>\n<script type=\"application\/ld+json\" class=\"yoast-schema-graph\">{\"@context\":\"https:\\\/\\\/schema.org\",\"@graph\":[{\"@type\":[\"WebPage\",\"ItemPage\"],\"@id\":\"https:\\\/\\\/vitablanca.ma\\\/produit\\\/filorga-global-repair-eyes-lips-15ml\\\/\",\"url\":\"https:\\\/\\\/vitablanca.ma\\\/produit\\\/filorga-global-repair-eyes-lips-15ml\\\/\",\"name\":\"Filorga GLOBAL-REPAIR EYES &amp; LIPS 15ml - Maroc Prix\",\"isPartOf\":{\"@id\":\"https:\\\/\\\/vitablanca.ma\\\/#website\"},\"primaryImageOfPage\":{\"@id\":\"https:\\\/\\\/vitablanca.ma\\\/produit\\\/filorga-global-repair-eyes-lips-15ml\\\/#primaryimage\"},\"image\":{\"@id\":\"https:\\\/\\\/vitablanca.ma\\\/produit\\\/filorga-global-repair-eyes-lips-15ml\\\/#primaryimage\"},\"thumbnailUrl\":\"https:\\\/\\\/vitablanca.ma\\\/wp-content\\\/uploads\\\/2025\\\/06\\\/Filorga-GLOBAL-REPAIR-EYES-_-LIPS-15ml-nova-parapharmacie-casablanca.jpg\",\"datePublished\":\"2025-06-10T17:22:39+00:00\",\"description\":\"Filorga GLOBAL-REPAIR EYES &amp; LIPS 15ml\",\"breadcrumb\":{\"@id\":\"https:\\\/\\\/vitablanca.ma\\\/produit\\\/filorga-global-repair-eyes-lips-15ml\\\/#breadcrumb\"},\"inLanguage\":\"ar\",\"potentialAction\":[{\"@type\":\"ReadAction\",\"target\":[\"https:\\\/\\\/vitablanca.ma\\\/produit\\\/filorga-global-repair-eyes-lips-15ml\\\/\"]}]},{\"@type\":\"ImageObject\",\"inLanguage\":\"ar\",\"@id\":\"https:\\\/\\\/vitablanca.ma\\\/produit\\\/filorga-global-repair-eyes-lips-15ml\\\/#primaryimage\",\"url\":\"https:\\\/\\\/vitablanca.ma\\\/wp-content\\\/uploads\\\/2025\\\/06\\\/Filorga-GLOBAL-REPAIR-EYES-_-LIPS-15ml-nova-parapharmacie-casablanca.jpg\",\"contentUrl\":\"https:\\\/\\\/vitablanca.ma\\\/wp-content\\\/uploads\\\/2025\\\/06\\\/Filorga-GLOBAL-REPAIR-EYES-_-LIPS-15ml-nova-parapharmacie-casablanca.jpg\",\"width\":1000,\"height\":1000},{\"@type\":\"BreadcrumbList\",\"@id\":\"https:\\\/\\\/vitablanca.ma\\\/produit\\\/filorga-global-repair-eyes-lips-15ml\\\/#breadcrumb\",\"itemListElement\":[{\"@type\":\"ListItem\",\"position\":1,\"name\":\"Home\",\"item\":\"https:\\\/\\\/vitablanca.ma\\\/\"},{\"@type\":\"ListItem\",\"position\":2,\"name\":\"Tous Les Produits\",\"item\":\"https:\\\/\\\/vitablanca.ma\\\/tous-les-produits\\\/\"},{\"@type\":\"ListItem\",\"position\":3,\"name\":\"Filorga GLOBAL-REPAIR EYES &amp; LIPS 15ml\"}]},{\"@type\":\"WebSite\",\"@id\":\"https:\\\/\\\/vitablanca.ma\\\/#website\",\"url\":\"https:\\\/\\\/vitablanca.ma\\\/\",\"name\":\"VitaBlanca.ma | Compl\u00e9ments alimentaires, sant\u00e9 & beaut\u00e9 au Maroc\",\"description\":\"vendre vitamines et compl\u00e9ments premium des USA &amp; Canada, Nouvelle Z\u00e9lande,Maroc (NOW Foods, Solgar, Manuka). Livraison rapide partout au Maroc.\",\"publisher\":{\"@id\":\"https:\\\/\\\/vitablanca.ma\\\/#organization\"},\"alternateName\":\"VitaBlanca.ma\",\"potentialAction\":[{\"@type\":\"SearchAction\",\"target\":{\"@type\":\"EntryPoint\",\"urlTemplate\":\"https:\\\/\\\/vitablanca.ma\\\/?s={search_term_string}\"},\"query-input\":{\"@type\":\"PropertyValueSpecification\",\"valueRequired\":true,\"valueName\":\"search_term_string\"}}],\"inLanguage\":\"ar\"},{\"@type\":\"Organization\",\"@id\":\"https:\\\/\\\/vitablanca.ma\\\/#organization\",\"name\":\"VitaBlanca\",\"url\":\"https:\\\/\\\/vitablanca.ma\\\/\",\"logo\":{\"@type\":\"ImageObject\",\"inLanguage\":\"ar\",\"@id\":\"https:\\\/\\\/vitablanca.ma\\\/#\\\/schema\\\/logo\\\/image\\\/\",\"url\":\"https:\\\/\\\/vitablanca.ma\\\/wp-content\\\/uploads\\\/2025\\\/05\\\/cropped-vitablanca.png\",\"contentUrl\":\"https:\\\/\\\/vitablanca.ma\\\/wp-content\\\/uploads\\\/2025\\\/05\\\/cropped-vitablanca.png\",\"width\":360,\"height\":67,\"caption\":\"VitaBlanca\"},\"image\":{\"@id\":\"https:\\\/\\\/vitablanca.ma\\\/#\\\/schema\\\/logo\\\/image\\\/\"},\"sameAs\":[\"https:\\\/\\\/www.facebook.com\\\/profile.php?id=61576678196717\",\"https:\\\/\\\/www.tiktok.com\\\/@vitablanca.ma\",\"https:\\\/\\\/www.instagram.com\\\/vitablanca.ma\\\/\"]}]}<\/script>\n<!-- \/ Yoast SEO plugin. -->","yoast_head_json":{"title":"\u0641\u064a\u0644\u0648\u0631\u062c\u0627 \u062c\u0644\u0648\u0628\u0627\u0644 \u0631\u064a\u0628\u064a\u0631 \u0644\u0644\u0639\u064a\u0646\u064a\u0646 \u0648\u0627\u0644\u0634\u0641\u0627\u0647 \u0661\u0665 \u0645\u0644 - \u0633\u0639\u0631 \u0627\u0644\u0645\u063a\u0631\u0628","description":"\u0641\u064a\u0644\u0648\u0631\u062c\u0627 \u062c\u0644\u0648\u0628\u0627\u0644 \u0631\u064a\u0628\u064a\u0631 \u0644\u0644\u0639\u064a\u0646\u064a\u0646 \u0648\u0627\u0644\u0634\u0641\u0627\u0647 \u0661\u0665 \u0645\u0644","robots":{"index":"index","follow":"follow","max-snippet":"max-snippet:-1","max-image-preview":"max-image-preview:large","max-video-preview":"max-video-preview:-1"},"canonical":"https:\/\/vitablanca.ma\/ar\/product-2\/filorga-global-repair-eyes-lips-15ml\/","og_locale":"ar_AR","og_type":"article","og_title":"Filorga GLOBAL-REPAIR EYES &amp; LIPS 15ml - Maroc Prix","og_description":"Filorga GLOBAL-REPAIR EYES &amp; LIPS 15ml","og_url":"https:\/\/vitablanca.ma\/ar\/product-2\/filorga-global-repair-eyes-lips-15ml\/","og_site_name":"Vitablanca.ma &ndash; Sant&eacute;, vitalit&eacute; et bien-&ecirc;tre pour tous les Marocains","article_publisher":"https:\/\/www.facebook.com\/profile.php?id=61576678196717","og_image":[{"width":1000,"height":1000,"url":"https:\/\/vitablanca.ma\/wp-content\/uploads\/2025\/06\/Filorga-GLOBAL-REPAIR-EYES-_-LIPS-15ml-nova-parapharmacie-casablanca.jpg","type":"image\/jpeg"}],"twitter_card":"summary_large_image","twitter_misc":{"\u0648\u0642\u062a \u0627\u0644\u0642\u0631\u0627\u0621\u0629 \u0627\u0644\u0645\u064f\u0642\u062f\u0651\u0631":"\u062f\u0642\u064a\u0642\u0629 \u0648\u0627\u062d\u062f\u0629"},"schema":{"@context":"https:\/\/schema.org","@graph":[{"@type":["WebPage","ItemPage"],"@id":"https:\/\/vitablanca.ma\/produit\/filorga-global-repair-eyes-lips-15ml\/","url":"https:\/\/vitablanca.ma\/produit\/filorga-global-repair-eyes-lips-15ml\/","name":"\u0641\u064a\u0644\u0648\u0631\u062c\u0627 \u062c\u0644\u0648\u0628\u0627\u0644 \u0631\u064a\u0628\u064a\u0631 \u0644\u0644\u0639\u064a\u0646\u064a\u0646 \u0648\u0627\u0644\u0634\u0641\u0627\u0647 \u0661\u0665 \u0645\u0644 - \u0633\u0639\u0631 \u0627\u0644\u0645\u063a\u0631\u0628","isPartOf":{"@id":"https:\/\/vitablanca.ma\/#website"},"primaryImageOfPage":{"@id":"https:\/\/vitablanca.ma\/produit\/filorga-global-repair-eyes-lips-15ml\/#primaryimage"},"image":{"@id":"https:\/\/vitablanca.ma\/produit\/filorga-global-repair-eyes-lips-15ml\/#primaryimage"},"thumbnailUrl":"https:\/\/vitablanca.ma\/wp-content\/uploads\/2025\/06\/Filorga-GLOBAL-REPAIR-EYES-_-LIPS-15ml-nova-parapharmacie-casablanca.jpg","datePublished":"2025-06-10T17:22:39+00:00","description":"\u0641\u064a\u0644\u0648\u0631\u062c\u0627 \u062c\u0644\u0648\u0628\u0627\u0644 \u0631\u064a\u0628\u064a\u0631 \u0644\u0644\u0639\u064a\u0646\u064a\u0646 \u0648\u0627\u0644\u0634\u0641\u0627\u0647 \u0661\u0665 \u0645\u0644","breadcrumb":{"@id":"https:\/\/vitablanca.ma\/produit\/filorga-global-repair-eyes-lips-15ml\/#breadcrumb"},"inLanguage":"ar","potentialAction":[{"@type":"ReadAction","target":["https:\/\/vitablanca.ma\/produit\/filorga-global-repair-eyes-lips-15ml\/"]}]},{"@type":"ImageObject","inLanguage":"ar","@id":"https:\/\/vitablanca.ma\/produit\/filorga-global-repair-eyes-lips-15ml\/#primaryimage","url":"https:\/\/vitablanca.ma\/wp-content\/uploads\/2025\/06\/Filorga-GLOBAL-REPAIR-EYES-_-LIPS-15ml-nova-parapharmacie-casablanca.jpg","contentUrl":"https:\/\/vitablanca.ma\/wp-content\/uploads\/2025\/06\/Filorga-GLOBAL-REPAIR-EYES-_-LIPS-15ml-nova-parapharmacie-casablanca.jpg","width":1000,"height":1000},{"@type":"BreadcrumbList","@id":"https:\/\/vitablanca.ma\/produit\/filorga-global-repair-eyes-lips-15ml\/#breadcrumb","itemListElement":[{"@type":"ListItem","position":1,"name":"Home","item":"https:\/\/vitablanca.ma\/"},{"@type":"ListItem","position":2,"name":"Tous Les Produits","item":"https:\/\/vitablanca.ma\/tous-les-produits\/"},{"@type":"ListItem","position":3,"name":"Filorga GLOBAL-REPAIR EYES &amp; LIPS 15ml"}]},{"@type":"WebSite","@id":"https:\/\/vitablanca.ma\/#website","url":"https:\/\/vitablanca.ma\/","name":"VitaBlanca.ma | \u0627\u0644\u0645\u0643\u0645\u0644\u0627\u062a \u0627\u0644\u063a\u0630\u0627\u0626\u064a\u0629\u060c \u0627\u0644\u0635\u062d\u0629 \u0648\u0627\u0644\u062c\u0645\u0627\u0644 \u0641\u064a \u0627\u0644\u0645\u063a\u0631\u0628","description":"\u0646\u0628\u064a\u0639 \u0641\u064a\u062a\u0627\u0645\u064a\u0646\u0627\u062a \u0648\u0645\u0643\u0645\u0644\u0627\u062a \u063a\u0630\u0627\u0626\u064a\u0629 \u0641\u0627\u062e\u0631\u0629 \u0645\u0646 \u0627\u0644\u0648\u0644\u0627\u064a\u0627\u062a \u0627\u0644\u0645\u062a\u062d\u062f\u0629 \u0627\u0644\u0623\u0645\u0631\u064a\u0643\u064a\u0629 \u0648\u0643\u0646\u062f\u0627 \u0648\u0646\u064a\u0648\u0632\u064a\u0644\u0646\u062f\u0627 \u0648\u0627\u0644\u0645\u063a\u0631\u0628 (\u0646\u0627\u0648 \u0641\u0648\u062f\u0632\u060c \u0633\u0648\u0644\u062c\u0627\u0631\u060c \u0645\u0627\u0646\u0648\u0643\u0627). \u062a\u0648\u0635\u064a\u0644 \u0633\u0631\u064a\u0639 \u0625\u0644\u0649 \u062c\u0645\u064a\u0639 \u0623\u0646\u062d\u0627\u0621 \u0627\u0644\u0645\u063a\u0631\u0628.","publisher":{"@id":"https:\/\/vitablanca.ma\/#organization"},"alternateName":"VitaBlanca.ma","potentialAction":[{"@type":"SearchAction","target":{"@type":"EntryPoint","urlTemplate":"https:\/\/vitablanca.ma\/?s={search_term_string}"},"query-input":{"@type":"PropertyValueSpecification","valueRequired":true,"valueName":"search_term_string"}}],"inLanguage":"ar"},{"@type":"Organization","@id":"https:\/\/vitablanca.ma\/#organization","name":"\u0641\u064a\u062a\u0627\u0628\u0644\u0627\u0646\u0643\u0627","url":"https:\/\/vitablanca.ma\/","logo":{"@type":"ImageObject","inLanguage":"ar","@id":"https:\/\/vitablanca.ma\/#\/schema\/logo\/image\/","url":"https:\/\/vitablanca.ma\/wp-content\/uploads\/2025\/05\/cropped-vitablanca.png","contentUrl":"https:\/\/vitablanca.ma\/wp-content\/uploads\/2025\/05\/cropped-vitablanca.png","width":360,"height":67,"caption":"VitaBlanca"},"image":{"@id":"https:\/\/vitablanca.ma\/#\/schema\/logo\/image\/"},"sameAs":["https:\/\/www.facebook.com\/profile.php?id=61576678196717","https:\/\/www.tiktok.com\/@vitablanca.ma","https:\/\/www.instagram.com\/vitablanca.ma\/"]}]}},"jetpack_sharing_enabled":true,"_links":{"self":[{"href":"https:\/\/vitablanca.ma\/ar\/wp-json\/wp\/v2\/product\/18418","targetHints":{"allow":["GET"]}}],"collection":[{"href":"https:\/\/vitablanca.ma\/ar\/wp-json\/wp\/v2\/product"}],"about":[{"href":"https:\/\/vitablanca.ma\/ar\/wp-json\/wp\/v2\/types\/product"}],"wp:featuredmedia":[{"embeddable":true,"href":"https:\/\/vitablanca.ma\/ar\/wp-json\/wp\/v2\/media\/18417"}],"wp:attachment":[{"href":"https:\/\/vitablanca.ma\/ar\/wp-json\/wp\/v2\/media?parent=18418"}],"wp:term":[{"taxonomy":"product_brand","embeddable":true,"href":"https:\/\/vitablanca.ma\/ar\/wp-json\/wp\/v2\/product_brand?post=18418"},{"taxonomy":"product_cat","embeddable":true,"href":"https:\/\/vitablanca.ma\/ar\/wp-json\/wp\/v2\/product_cat?post=18418"},{"taxonomy":"product_tag","embeddable":true,"href":"https:\/\/vitablanca.ma\/ar\/wp-json\/wp\/v2\/product_tag?post=18418"}],"curies":[{"name":"wp","href":"https:\/\/api.w.org\/{rel}","templated":true}]}}