{"id":18402,"date":"2025-06-10T17:22:09","date_gmt":"2025-06-10T17:22:09","guid":{"rendered":"https:\/\/vitablanca.ma\/product\/filorga-fluide-visage-age-purify-50ml\/"},"modified":"2025-06-10T17:22:09","modified_gmt":"2025-06-10T17:22:09","slug":"filorga-fluide-visage-age-purify-50ml","status":"publish","type":"product","link":"https:\/\/vitablanca.ma\/ar\/product-2\/filorga-fluide-visage-age-purify-50ml\/","title":{"rendered":"Filorga Fluide Visage Age-Purify 50ml"},"content":{"rendered":"<h2>Filorga Fluide Visage Age-Purify <span data-mce-fragment=\"1\">purifie la peau et prot\u00e8ge la peau de la pollution et des particules fines !<\/span><br data-mce-fragment=\"1\"><br \/>\n<\/h2>\n<div class=\"what-is_it mt-2\">\n<div>\n<span>Le fluide anti-\u00e2ge et anti-imperfections des peaux mixtes \u00e0 grasses qui comble les rides, purifie la peau et prot\u00e8ge la peau de la pollution et des particules fines !<\/span><\/p>\n<p><span>Rides ou imperfections, plus question de choisir ! Ce soin visage anti-\u00e2ge purifiant et anti-pollution unique d\u00e9velopp\u00e9 avec des m\u00e9decins esth\u00e9tiques et des dermatologues(1) renferme un c\u0153ur de formule totalement in\u00e9dit chez FILORGA. Gr\u00e2ce \u00e0 lui vous pouvez enfin prot\u00e9ger votre peau mixte \u00e0 grasse de la pollution et r\u00e9duire les imperfections tout en traitant les signes de l\u2019\u00e2ge.<\/span><\/p>\n<p><span>5 b\u00e9n\u00e9fices anti-rides et anti-imperfections :<\/span><br \/><span>&#8211; Rides liss\u00e9es et combl\u00e9es<\/span><br \/><span>&#8211; Pores resserr\u00e9s<\/span><br \/><span>&#8211; Boutons et point noirs diminu\u00e9s<\/span><br \/><span>&#8211; Peau matifi\u00e9e<\/span><br \/><span>&#8211; Protection anti-pollution<\/span>\n<\/div>\n<h3><span>Les cl\u00e9s de l\u2019efficacit\u00e9 :<\/span><\/h3>\n<div>\n<span>&#8211; Le complexe HYALURO-YOUTH CX : D\u00e9velopp\u00e9 avec des m\u00e9decins esth\u00e9tiques(1), il combine 3 actifs anti-rides pour lisser les rides et corriger les signes de l\u2019\u00e2ge. Efficacit\u00e9 lissante visible d\u00e8s 7 jours.<\/span><br \/><span>&#8211; Le complexe DERMO-RESCUE CX : D\u00e9velopp\u00e9 avec des dermatologues(1), ce complexe associe 5 acides micro-peeling, zinc et un agent multi-purifiant pour r\u00e9duire pores, boutons, points noirs et brillances. Efficacit\u00e9 anti-imperfections globale visible d\u00e8s 7 jours.<\/span><br \/><span>&#8211; Un exopolysaccharide : Gr\u00e2ce \u00e0 lui, AGE-PURIFY agit comme un bouclier et prot\u00e8ge la peau de la pollution responsables des imperfections. Efficacit\u00e9 anti-adh\u00e9sion prouv\u00e9e.<\/span>\n<\/div>\n<\/div>\n<div class=\"did-you_know mt-2\">\n<div>\n<div class=\"overflow-auto text-th-primary\">\n<div id=\"application-advice-content\" class=\"px-6 pb-6\"><\/div>\n<\/div>\n<\/div>\n<\/div>","protected":false},"excerpt":{"rendered":"<p>Filorga Fluide Visage Age-Purify purifie la peau et prot\u00e8ge la peau de la pollution et des particules fines ! Le fluide anti-\u00e2ge et anti-imperfections des peaux mixtes \u00e0 grasses qui comble les rides, purifie la peau et prot\u00e8ge la peau de la pollution et des particules fines ! Rides ou imperfections, plus question de choisir [&hellip;]<\/p>\n","protected":false},"featured_media":18401,"template":"","meta":{"om_disable_all_campaigns":false},"product_brand":[],"product_cat":[15],"product_tag":[],"class_list":{"0":"post-18402","1":"product","2":"type-product","3":"status-publish","4":"has-post-thumbnail","6":"product_cat-beaute-sante-complements-alimentaires-soins-et-bien-etre-au-meilleur-prix","8":"first","9":"instock","10":"sale","11":"taxable","12":"shipping-taxable","13":"purchasable","14":"product-type-simple"},"yoast_head":"<!-- This site is optimized with the Yoast SEO plugin v27.4 - https:\/\/yoast.com\/product\/yoast-seo-wordpress\/ -->\n<title>Filorga Fluide Visage Age-Purify 50ml - Maroc Prix<\/title>\n<meta name=\"description\" content=\"Filorga Fluide Visage Age-Purify 50ml\" \/>\n<meta name=\"robots\" content=\"index, follow, max-snippet:-1, max-image-preview:large, max-video-preview:-1\" \/>\n<link rel=\"canonical\" href=\"https:\/\/vitablanca.ma\/ar\/product-2\/filorga-fluide-visage-age-purify-50ml\/\" \/>\n<meta property=\"og:locale\" content=\"ar_AR\" \/>\n<meta property=\"og:type\" content=\"article\" \/>\n<meta property=\"og:title\" content=\"Filorga Fluide Visage Age-Purify 50ml - Maroc Prix\" \/>\n<meta property=\"og:description\" content=\"Filorga Fluide Visage Age-Purify 50ml\" \/>\n<meta property=\"og:url\" content=\"https:\/\/vitablanca.ma\/ar\/product-2\/filorga-fluide-visage-age-purify-50ml\/\" \/>\n<meta property=\"og:site_name\" content=\"Vitablanca.ma &ndash; Sant&eacute;, vitalit&eacute; et bien-&ecirc;tre pour tous les Marocains\" \/>\n<meta property=\"article:publisher\" content=\"https:\/\/www.facebook.com\/profile.php?id=61576678196717\" \/>\n<meta property=\"og:image\" content=\"https:\/\/vitablanca.ma\/wp-content\/uploads\/2025\/06\/Filorga-Fluide-Visage-Age-Purify-50ml-novaparapharmacie-maroc.jpg\" \/>\n\t<meta property=\"og:image:width\" content=\"1000\" \/>\n\t<meta property=\"og:image:height\" content=\"1000\" \/>\n\t<meta property=\"og:image:type\" content=\"image\/jpeg\" \/>\n<meta name=\"twitter:card\" content=\"summary_large_image\" \/>\n<meta name=\"twitter:label1\" content=\"\u0648\u0642\u062a \u0627\u0644\u0642\u0631\u0627\u0621\u0629 \u0627\u0644\u0645\u064f\u0642\u062f\u0651\u0631\" \/>\n\t<meta name=\"twitter:data1\" content=\"\u062f\u0642\u064a\u0642\u0629 \u0648\u0627\u062d\u062f\u0629\" \/>\n<script type=\"application\/ld+json\" class=\"yoast-schema-graph\">{\"@context\":\"https:\\\/\\\/schema.org\",\"@graph\":[{\"@type\":[\"WebPage\",\"ItemPage\"],\"@id\":\"https:\\\/\\\/vitablanca.ma\\\/produit\\\/filorga-fluide-visage-age-purify-50ml\\\/\",\"url\":\"https:\\\/\\\/vitablanca.ma\\\/produit\\\/filorga-fluide-visage-age-purify-50ml\\\/\",\"name\":\"Filorga Fluide Visage Age-Purify 50ml - Maroc Prix\",\"isPartOf\":{\"@id\":\"https:\\\/\\\/vitablanca.ma\\\/#website\"},\"primaryImageOfPage\":{\"@id\":\"https:\\\/\\\/vitablanca.ma\\\/produit\\\/filorga-fluide-visage-age-purify-50ml\\\/#primaryimage\"},\"image\":{\"@id\":\"https:\\\/\\\/vitablanca.ma\\\/produit\\\/filorga-fluide-visage-age-purify-50ml\\\/#primaryimage\"},\"thumbnailUrl\":\"https:\\\/\\\/vitablanca.ma\\\/wp-content\\\/uploads\\\/2025\\\/06\\\/Filorga-Fluide-Visage-Age-Purify-50ml-novaparapharmacie-maroc.jpg\",\"datePublished\":\"2025-06-10T17:22:09+00:00\",\"description\":\"Filorga Fluide Visage Age-Purify 50ml\",\"breadcrumb\":{\"@id\":\"https:\\\/\\\/vitablanca.ma\\\/produit\\\/filorga-fluide-visage-age-purify-50ml\\\/#breadcrumb\"},\"inLanguage\":\"ar\",\"potentialAction\":[{\"@type\":\"ReadAction\",\"target\":[\"https:\\\/\\\/vitablanca.ma\\\/produit\\\/filorga-fluide-visage-age-purify-50ml\\\/\"]}]},{\"@type\":\"ImageObject\",\"inLanguage\":\"ar\",\"@id\":\"https:\\\/\\\/vitablanca.ma\\\/produit\\\/filorga-fluide-visage-age-purify-50ml\\\/#primaryimage\",\"url\":\"https:\\\/\\\/vitablanca.ma\\\/wp-content\\\/uploads\\\/2025\\\/06\\\/Filorga-Fluide-Visage-Age-Purify-50ml-novaparapharmacie-maroc.jpg\",\"contentUrl\":\"https:\\\/\\\/vitablanca.ma\\\/wp-content\\\/uploads\\\/2025\\\/06\\\/Filorga-Fluide-Visage-Age-Purify-50ml-novaparapharmacie-maroc.jpg\",\"width\":1000,\"height\":1000},{\"@type\":\"BreadcrumbList\",\"@id\":\"https:\\\/\\\/vitablanca.ma\\\/produit\\\/filorga-fluide-visage-age-purify-50ml\\\/#breadcrumb\",\"itemListElement\":[{\"@type\":\"ListItem\",\"position\":1,\"name\":\"Home\",\"item\":\"https:\\\/\\\/vitablanca.ma\\\/\"},{\"@type\":\"ListItem\",\"position\":2,\"name\":\"Tous Les Produits\",\"item\":\"https:\\\/\\\/vitablanca.ma\\\/tous-les-produits\\\/\"},{\"@type\":\"ListItem\",\"position\":3,\"name\":\"Filorga Fluide Visage Age-Purify 50ml\"}]},{\"@type\":\"WebSite\",\"@id\":\"https:\\\/\\\/vitablanca.ma\\\/#website\",\"url\":\"https:\\\/\\\/vitablanca.ma\\\/\",\"name\":\"VitaBlanca.ma | Compl\u00e9ments alimentaires, sant\u00e9 & beaut\u00e9 au Maroc\",\"description\":\"vendre vitamines et compl\u00e9ments premium des USA &amp; Canada, Nouvelle Z\u00e9lande,Maroc (NOW Foods, Solgar, Manuka). Livraison rapide partout au Maroc.\",\"publisher\":{\"@id\":\"https:\\\/\\\/vitablanca.ma\\\/#organization\"},\"alternateName\":\"VitaBlanca.ma\",\"potentialAction\":[{\"@type\":\"SearchAction\",\"target\":{\"@type\":\"EntryPoint\",\"urlTemplate\":\"https:\\\/\\\/vitablanca.ma\\\/?s={search_term_string}\"},\"query-input\":{\"@type\":\"PropertyValueSpecification\",\"valueRequired\":true,\"valueName\":\"search_term_string\"}}],\"inLanguage\":\"ar\"},{\"@type\":\"Organization\",\"@id\":\"https:\\\/\\\/vitablanca.ma\\\/#organization\",\"name\":\"VitaBlanca\",\"url\":\"https:\\\/\\\/vitablanca.ma\\\/\",\"logo\":{\"@type\":\"ImageObject\",\"inLanguage\":\"ar\",\"@id\":\"https:\\\/\\\/vitablanca.ma\\\/#\\\/schema\\\/logo\\\/image\\\/\",\"url\":\"https:\\\/\\\/vitablanca.ma\\\/wp-content\\\/uploads\\\/2025\\\/05\\\/cropped-vitablanca.png\",\"contentUrl\":\"https:\\\/\\\/vitablanca.ma\\\/wp-content\\\/uploads\\\/2025\\\/05\\\/cropped-vitablanca.png\",\"width\":360,\"height\":67,\"caption\":\"VitaBlanca\"},\"image\":{\"@id\":\"https:\\\/\\\/vitablanca.ma\\\/#\\\/schema\\\/logo\\\/image\\\/\"},\"sameAs\":[\"https:\\\/\\\/www.facebook.com\\\/profile.php?id=61576678196717\",\"https:\\\/\\\/www.tiktok.com\\\/@vitablanca.ma\",\"https:\\\/\\\/www.instagram.com\\\/vitablanca.ma\\\/\"]}]}<\/script>\n<!-- \/ Yoast SEO plugin. -->","yoast_head_json":{"title":"Filorga Fluide Visage Age-Purify 50ml - Maroc Prix","description":"Filorga Fluide Visage Age-Purify 50ml","robots":{"index":"index","follow":"follow","max-snippet":"max-snippet:-1","max-image-preview":"max-image-preview:large","max-video-preview":"max-video-preview:-1"},"canonical":"https:\/\/vitablanca.ma\/ar\/product-2\/filorga-fluide-visage-age-purify-50ml\/","og_locale":"ar_AR","og_type":"article","og_title":"Filorga Fluide Visage Age-Purify 50ml - Maroc Prix","og_description":"Filorga Fluide Visage Age-Purify 50ml","og_url":"https:\/\/vitablanca.ma\/ar\/product-2\/filorga-fluide-visage-age-purify-50ml\/","og_site_name":"Vitablanca.ma &ndash; Sant&eacute;, vitalit&eacute; et bien-&ecirc;tre pour tous les Marocains","article_publisher":"https:\/\/www.facebook.com\/profile.php?id=61576678196717","og_image":[{"width":1000,"height":1000,"url":"https:\/\/vitablanca.ma\/wp-content\/uploads\/2025\/06\/Filorga-Fluide-Visage-Age-Purify-50ml-novaparapharmacie-maroc.jpg","type":"image\/jpeg"}],"twitter_card":"summary_large_image","twitter_misc":{"\u0648\u0642\u062a \u0627\u0644\u0642\u0631\u0627\u0621\u0629 \u0627\u0644\u0645\u064f\u0642\u062f\u0651\u0631":"\u062f\u0642\u064a\u0642\u0629 \u0648\u0627\u062d\u062f\u0629"},"schema":{"@context":"https:\/\/schema.org","@graph":[{"@type":["WebPage","ItemPage"],"@id":"https:\/\/vitablanca.ma\/produit\/filorga-fluide-visage-age-purify-50ml\/","url":"https:\/\/vitablanca.ma\/produit\/filorga-fluide-visage-age-purify-50ml\/","name":"Filorga Fluide Visage Age-Purify 50ml - Maroc Prix","isPartOf":{"@id":"https:\/\/vitablanca.ma\/#website"},"primaryImageOfPage":{"@id":"https:\/\/vitablanca.ma\/produit\/filorga-fluide-visage-age-purify-50ml\/#primaryimage"},"image":{"@id":"https:\/\/vitablanca.ma\/produit\/filorga-fluide-visage-age-purify-50ml\/#primaryimage"},"thumbnailUrl":"https:\/\/vitablanca.ma\/wp-content\/uploads\/2025\/06\/Filorga-Fluide-Visage-Age-Purify-50ml-novaparapharmacie-maroc.jpg","datePublished":"2025-06-10T17:22:09+00:00","description":"Filorga Fluide Visage Age-Purify 50ml","breadcrumb":{"@id":"https:\/\/vitablanca.ma\/produit\/filorga-fluide-visage-age-purify-50ml\/#breadcrumb"},"inLanguage":"ar","potentialAction":[{"@type":"ReadAction","target":["https:\/\/vitablanca.ma\/produit\/filorga-fluide-visage-age-purify-50ml\/"]}]},{"@type":"ImageObject","inLanguage":"ar","@id":"https:\/\/vitablanca.ma\/produit\/filorga-fluide-visage-age-purify-50ml\/#primaryimage","url":"https:\/\/vitablanca.ma\/wp-content\/uploads\/2025\/06\/Filorga-Fluide-Visage-Age-Purify-50ml-novaparapharmacie-maroc.jpg","contentUrl":"https:\/\/vitablanca.ma\/wp-content\/uploads\/2025\/06\/Filorga-Fluide-Visage-Age-Purify-50ml-novaparapharmacie-maroc.jpg","width":1000,"height":1000},{"@type":"BreadcrumbList","@id":"https:\/\/vitablanca.ma\/produit\/filorga-fluide-visage-age-purify-50ml\/#breadcrumb","itemListElement":[{"@type":"ListItem","position":1,"name":"Home","item":"https:\/\/vitablanca.ma\/"},{"@type":"ListItem","position":2,"name":"Tous Les Produits","item":"https:\/\/vitablanca.ma\/tous-les-produits\/"},{"@type":"ListItem","position":3,"name":"Filorga Fluide Visage Age-Purify 50ml"}]},{"@type":"WebSite","@id":"https:\/\/vitablanca.ma\/#website","url":"https:\/\/vitablanca.ma\/","name":"VitaBlanca.ma | \u0627\u0644\u0645\u0643\u0645\u0644\u0627\u062a \u0627\u0644\u063a\u0630\u0627\u0626\u064a\u0629\u060c \u0627\u0644\u0635\u062d\u0629 \u0648\u0627\u0644\u062c\u0645\u0627\u0644 \u0641\u064a \u0627\u0644\u0645\u063a\u0631\u0628","description":"\u0646\u0628\u064a\u0639 \u0641\u064a\u062a\u0627\u0645\u064a\u0646\u0627\u062a \u0648\u0645\u0643\u0645\u0644\u0627\u062a \u063a\u0630\u0627\u0626\u064a\u0629 \u0641\u0627\u062e\u0631\u0629 \u0645\u0646 \u0627\u0644\u0648\u0644\u0627\u064a\u0627\u062a \u0627\u0644\u0645\u062a\u062d\u062f\u0629 \u0627\u0644\u0623\u0645\u0631\u064a\u0643\u064a\u0629 \u0648\u0643\u0646\u062f\u0627 \u0648\u0646\u064a\u0648\u0632\u064a\u0644\u0646\u062f\u0627 \u0648\u0627\u0644\u0645\u063a\u0631\u0628 (\u0646\u0627\u0648 \u0641\u0648\u062f\u0632\u060c \u0633\u0648\u0644\u062c\u0627\u0631\u060c \u0645\u0627\u0646\u0648\u0643\u0627). \u062a\u0648\u0635\u064a\u0644 \u0633\u0631\u064a\u0639 \u0625\u0644\u0649 \u062c\u0645\u064a\u0639 \u0623\u0646\u062d\u0627\u0621 \u0627\u0644\u0645\u063a\u0631\u0628.","publisher":{"@id":"https:\/\/vitablanca.ma\/#organization"},"alternateName":"VitaBlanca.ma","potentialAction":[{"@type":"SearchAction","target":{"@type":"EntryPoint","urlTemplate":"https:\/\/vitablanca.ma\/?s={search_term_string}"},"query-input":{"@type":"PropertyValueSpecification","valueRequired":true,"valueName":"search_term_string"}}],"inLanguage":"ar"},{"@type":"Organization","@id":"https:\/\/vitablanca.ma\/#organization","name":"\u0641\u064a\u062a\u0627\u0628\u0644\u0627\u0646\u0643\u0627","url":"https:\/\/vitablanca.ma\/","logo":{"@type":"ImageObject","inLanguage":"ar","@id":"https:\/\/vitablanca.ma\/#\/schema\/logo\/image\/","url":"https:\/\/vitablanca.ma\/wp-content\/uploads\/2025\/05\/cropped-vitablanca.png","contentUrl":"https:\/\/vitablanca.ma\/wp-content\/uploads\/2025\/05\/cropped-vitablanca.png","width":360,"height":67,"caption":"VitaBlanca"},"image":{"@id":"https:\/\/vitablanca.ma\/#\/schema\/logo\/image\/"},"sameAs":["https:\/\/www.facebook.com\/profile.php?id=61576678196717","https:\/\/www.tiktok.com\/@vitablanca.ma","https:\/\/www.instagram.com\/vitablanca.ma\/"]}]}},"jetpack_sharing_enabled":true,"_links":{"self":[{"href":"https:\/\/vitablanca.ma\/ar\/wp-json\/wp\/v2\/product\/18402","targetHints":{"allow":["GET"]}}],"collection":[{"href":"https:\/\/vitablanca.ma\/ar\/wp-json\/wp\/v2\/product"}],"about":[{"href":"https:\/\/vitablanca.ma\/ar\/wp-json\/wp\/v2\/types\/product"}],"wp:featuredmedia":[{"embeddable":true,"href":"https:\/\/vitablanca.ma\/ar\/wp-json\/wp\/v2\/media\/18401"}],"wp:attachment":[{"href":"https:\/\/vitablanca.ma\/ar\/wp-json\/wp\/v2\/media?parent=18402"}],"wp:term":[{"taxonomy":"product_brand","embeddable":true,"href":"https:\/\/vitablanca.ma\/ar\/wp-json\/wp\/v2\/product_brand?post=18402"},{"taxonomy":"product_cat","embeddable":true,"href":"https:\/\/vitablanca.ma\/ar\/wp-json\/wp\/v2\/product_cat?post=18402"},{"taxonomy":"product_tag","embeddable":true,"href":"https:\/\/vitablanca.ma\/ar\/wp-json\/wp\/v2\/product_tag?post=18402"}],"curies":[{"name":"wp","href":"https:\/\/api.w.org\/{rel}","templated":true}]}}