{"id":18371,"date":"2025-06-10T17:21:22","date_gmt":"2025-06-10T17:21:22","guid":{"rendered":"https:\/\/vitablanca.ma\/product\/filorga-global-repair-advanced-elixir-intensif-jeunesse-30-ml\/"},"modified":"2025-06-10T17:21:22","modified_gmt":"2025-06-10T17:21:22","slug":"filorga-global-repair-advanced-elixir-intensif-jeunesse-30-ml","status":"publish","type":"product","link":"https:\/\/vitablanca.ma\/ar\/product-2\/filorga-global-repair-advanced-elixir-intensif-jeunesse-30-ml\/","title":{"rendered":"\u0641\u064a\u0644\u0648\u0631\u062c\u0627 \u062c\u0644\u0648\u0628\u0627\u0644 \u0631\u064a\u0628\u064a\u0631 \u0625\u0643\u0633\u064a\u0631 \u0627\u0644\u0634\u0628\u0627\u0628 \u0627\u0644\u0645\u0643\u062b\u0641 \u0627\u0644\u0645\u062a\u0637\u0648\u0631 30 \u0645\u0644"},"content":{"rendered":"<h2>FILORGA GLOBAL REPAIR ADVANCED ELIXIR INTENSIF JEUNESSE\u00a0<\/h2>\n<p>Redonnez jeunesse et \u00e9clat \u00e0 votre peau avec FILORGA GLOBAL REPAIR ADVANCED ELIXIR. Con\u00e7u pour les peaux matures et d\u00e9vitalis\u00e9es, ce s\u00e9rum intensif agit sur 10 signes du vieillissement cutan\u00e9 gr\u00e2ce \u00e0 une combinaison unique d\u2019actifs anti-\u00e2ge et d\u2019huiles pr\u00e9cieuses.<\/p>\n<p>Gr\u00e2ce \u00e0 sa\u00a0texture huile fine et l\u00e9g\u00e8re, il\u00a0nourrit intens\u00e9ment, p\u00e9n\u00e8tre rapidement sans effet gras et laisse un\u00a0fini lumineux et confortable.<\/p>\n<p><span><strong>Pourquoi choisir GLOBAL REPAIR ADVANCED ELIXIR ?<\/strong><\/span><\/p>\n<p><span><strong>Corrige 10 signes de l\u2019\u00e2ge<\/strong>\u00a0pour une peau visiblement plus jeune<\/span><\/p>\n<p><span><strong>Formule enrichie en huiles pr\u00e9cieuses<\/strong>\u00a0pour une nutrition intense<\/span><\/p>\n<p><span><strong>\u0645\u0644\u0645\u0633 \u062e\u0641\u064a\u0641<\/strong>\u00a0qui s\u2019absorbe instantan\u00e9ment<\/span><\/p>\n<p><span><strong>\u00c9clat et confort imm\u00e9diats<\/strong>\u00a0pour les peaux matures<\/span><\/p>\n<p><span><strong>Inspir\u00e9 des soins esth\u00e9tiques avanc\u00e9s<\/strong><\/span><\/p>\n<p>Avec ce\u00a0s\u00e9rum jeunesse, votre peau est\u00a0revitalis\u00e9e, plus ferme et \u00e9clatante\u00a0jour apr\u00e8s jour.<\/p>\n<p><span><strong>\u0637\u0631\u064a\u0642\u0629 \u0627\u0644\u0627\u0633\u062a\u062e\u062f\u0627\u0645<\/strong><\/span><\/p>\n<ol>\n<li><span><strong>\u064a\u062a\u0645 \u062a\u0637\u0628\u064a\u0642\u0647 \u0635\u0628\u0627\u062d\u064b\u0627 \u0648\u0645\u0633\u0627\u0621\u064b<\/strong>\u00a0\u0639\u0644\u0649 \u0628\u0634\u0631\u0629 \u0646\u0638\u064a\u0641\u0629 \u0648\u062c\u0627\u0641\u0629.<\/span><\/li>\n<li><span><strong>Pr\u00e9lever quelques gouttes<\/strong>\u00a0et chauffer entre les mains.<\/span><\/li>\n<li><span><strong>\u062f\u0644\u0643\u064a \u0628\u0644\u0637\u0641<\/strong>\u00a0sur le visage et le cou en \u00e9vitant le contour des yeux.<\/span><\/li>\n<li><span><strong>Poursuivre avec votre cr\u00e8me de soin habituelle<\/strong>.<\/span><\/li>\n<li><span><strong>\u0627\u0633\u062a\u062e\u062f\u0645 \u064a\u0648\u0645\u064a\u0627<\/strong>\u00a0pour des r\u00e9sultats visibles et durables.<\/span><\/li>\n<\/ol>","protected":false},"excerpt":{"rendered":"<p>FILORGA GLOBAL REPAIR ADVANCED ELIXIR INTENSIF JEUNESSE\u00a0 Redonnez jeunesse et \u00e9clat \u00e0 votre peau avec FILORGA GLOBAL REPAIR ADVANCED ELIXIR. Con\u00e7u pour les peaux matures et d\u00e9vitalis\u00e9es, ce s\u00e9rum intensif agit sur 10 signes du vieillissement cutan\u00e9 gr\u00e2ce \u00e0 une combinaison unique d\u2019actifs anti-\u00e2ge et d\u2019huiles pr\u00e9cieuses. Gr\u00e2ce \u00e0 sa\u00a0texture huile fine et l\u00e9g\u00e8re, il\u00a0nourrit [&hellip;]<\/p>\n","protected":false},"featured_media":18370,"template":"","meta":{"om_disable_all_campaigns":false},"product_brand":[],"product_cat":[15],"product_tag":[],"class_list":{"0":"post-18371","1":"product","2":"type-product","3":"status-publish","4":"has-post-thumbnail","6":"product_cat-beaute-sante-complements-alimentaires-soins-et-bien-etre-au-meilleur-prix","8":"first","9":"instock","10":"sale","11":"taxable","12":"shipping-taxable","13":"purchasable","14":"product-type-simple"},"yoast_head":"<!-- This site is optimized with the Yoast SEO plugin v27.4 - https:\/\/yoast.com\/product\/yoast-seo-wordpress\/ -->\n<title>FILORGA GLOBAL REPAIR ADVANCED ELIXIR INTENSIF JEUNESSE 30 ML - Maroc Prix<\/title>\n<meta name=\"description\" content=\"FILORGA GLOBAL REPAIR ADVANCED ELIXIR INTENSIF JEUNESSE 30 ML\" \/>\n<meta name=\"robots\" content=\"index, follow, max-snippet:-1, max-image-preview:large, max-video-preview:-1\" \/>\n<link rel=\"canonical\" href=\"https:\/\/vitablanca.ma\/ar\/product-2\/filorga-global-repair-advanced-elixir-intensif-jeunesse-30-ml\/\" \/>\n<meta property=\"og:locale\" content=\"ar_AR\" \/>\n<meta property=\"og:type\" content=\"article\" \/>\n<meta property=\"og:title\" content=\"FILORGA GLOBAL REPAIR ADVANCED ELIXIR INTENSIF JEUNESSE 30 ML - Maroc Prix\" \/>\n<meta property=\"og:description\" content=\"FILORGA GLOBAL REPAIR ADVANCED ELIXIR INTENSIF JEUNESSE 30 ML\" \/>\n<meta property=\"og:url\" content=\"https:\/\/vitablanca.ma\/ar\/product-2\/filorga-global-repair-advanced-elixir-intensif-jeunesse-30-ml\/\" \/>\n<meta property=\"og:site_name\" content=\"Vitablanca.ma &ndash; Sant&eacute;, vitalit&eacute; et bien-&ecirc;tre pour tous les Marocains\" \/>\n<meta property=\"article:publisher\" content=\"https:\/\/www.facebook.com\/profile.php?id=61576678196717\" \/>\n<meta property=\"og:image\" content=\"https:\/\/vitablanca.ma\/wp-content\/uploads\/2025\/06\/filorga-filorga-global-repair-advanced-elixir-intensif-jeunesse-30-ml-premieres-rides-Nova-para-prix-Maroc.jpg\" \/>\n\t<meta property=\"og:image:width\" content=\"700\" \/>\n\t<meta property=\"og:image:height\" content=\"700\" \/>\n\t<meta property=\"og:image:type\" content=\"image\/jpeg\" \/>\n<meta name=\"twitter:card\" content=\"summary_large_image\" \/>\n<meta name=\"twitter:label1\" content=\"\u0648\u0642\u062a \u0627\u0644\u0642\u0631\u0627\u0621\u0629 \u0627\u0644\u0645\u064f\u0642\u062f\u0651\u0631\" \/>\n\t<meta name=\"twitter:data1\" content=\"\u062f\u0642\u064a\u0642\u0629 \u0648\u0627\u062d\u062f\u0629\" \/>\n<script type=\"application\/ld+json\" class=\"yoast-schema-graph\">{\"@context\":\"https:\\\/\\\/schema.org\",\"@graph\":[{\"@type\":[\"WebPage\",\"ItemPage\"],\"@id\":\"https:\\\/\\\/vitablanca.ma\\\/produit\\\/filorga-global-repair-advanced-elixir-intensif-jeunesse-30-ml\\\/\",\"url\":\"https:\\\/\\\/vitablanca.ma\\\/produit\\\/filorga-global-repair-advanced-elixir-intensif-jeunesse-30-ml\\\/\",\"name\":\"FILORGA GLOBAL REPAIR ADVANCED ELIXIR INTENSIF JEUNESSE 30 ML - Maroc Prix\",\"isPartOf\":{\"@id\":\"https:\\\/\\\/vitablanca.ma\\\/#website\"},\"primaryImageOfPage\":{\"@id\":\"https:\\\/\\\/vitablanca.ma\\\/produit\\\/filorga-global-repair-advanced-elixir-intensif-jeunesse-30-ml\\\/#primaryimage\"},\"image\":{\"@id\":\"https:\\\/\\\/vitablanca.ma\\\/produit\\\/filorga-global-repair-advanced-elixir-intensif-jeunesse-30-ml\\\/#primaryimage\"},\"thumbnailUrl\":\"https:\\\/\\\/vitablanca.ma\\\/wp-content\\\/uploads\\\/2025\\\/06\\\/filorga-filorga-global-repair-advanced-elixir-intensif-jeunesse-30-ml-premieres-rides-Nova-para-prix-Maroc.jpg\",\"datePublished\":\"2025-06-10T17:21:22+00:00\",\"description\":\"FILORGA GLOBAL REPAIR ADVANCED ELIXIR INTENSIF JEUNESSE 30 ML\",\"breadcrumb\":{\"@id\":\"https:\\\/\\\/vitablanca.ma\\\/produit\\\/filorga-global-repair-advanced-elixir-intensif-jeunesse-30-ml\\\/#breadcrumb\"},\"inLanguage\":\"ar\",\"potentialAction\":[{\"@type\":\"ReadAction\",\"target\":[\"https:\\\/\\\/vitablanca.ma\\\/produit\\\/filorga-global-repair-advanced-elixir-intensif-jeunesse-30-ml\\\/\"]}]},{\"@type\":\"ImageObject\",\"inLanguage\":\"ar\",\"@id\":\"https:\\\/\\\/vitablanca.ma\\\/produit\\\/filorga-global-repair-advanced-elixir-intensif-jeunesse-30-ml\\\/#primaryimage\",\"url\":\"https:\\\/\\\/vitablanca.ma\\\/wp-content\\\/uploads\\\/2025\\\/06\\\/filorga-filorga-global-repair-advanced-elixir-intensif-jeunesse-30-ml-premieres-rides-Nova-para-prix-Maroc.jpg\",\"contentUrl\":\"https:\\\/\\\/vitablanca.ma\\\/wp-content\\\/uploads\\\/2025\\\/06\\\/filorga-filorga-global-repair-advanced-elixir-intensif-jeunesse-30-ml-premieres-rides-Nova-para-prix-Maroc.jpg\",\"width\":700,\"height\":700},{\"@type\":\"BreadcrumbList\",\"@id\":\"https:\\\/\\\/vitablanca.ma\\\/produit\\\/filorga-global-repair-advanced-elixir-intensif-jeunesse-30-ml\\\/#breadcrumb\",\"itemListElement\":[{\"@type\":\"ListItem\",\"position\":1,\"name\":\"Home\",\"item\":\"https:\\\/\\\/vitablanca.ma\\\/\"},{\"@type\":\"ListItem\",\"position\":2,\"name\":\"Tous Les Produits\",\"item\":\"https:\\\/\\\/vitablanca.ma\\\/tous-les-produits\\\/\"},{\"@type\":\"ListItem\",\"position\":3,\"name\":\"FILORGA GLOBAL REPAIR ADVANCED ELIXIR INTENSIF JEUNESSE 30 ML\"}]},{\"@type\":\"WebSite\",\"@id\":\"https:\\\/\\\/vitablanca.ma\\\/#website\",\"url\":\"https:\\\/\\\/vitablanca.ma\\\/\",\"name\":\"VitaBlanca.ma | Compl\u00e9ments alimentaires, sant\u00e9 & beaut\u00e9 au Maroc\",\"description\":\"vendre vitamines et compl\u00e9ments premium des USA &amp; Canada, Nouvelle Z\u00e9lande,Maroc (NOW Foods, Solgar, Manuka). Livraison rapide partout au Maroc.\",\"publisher\":{\"@id\":\"https:\\\/\\\/vitablanca.ma\\\/#organization\"},\"alternateName\":\"VitaBlanca.ma\",\"potentialAction\":[{\"@type\":\"SearchAction\",\"target\":{\"@type\":\"EntryPoint\",\"urlTemplate\":\"https:\\\/\\\/vitablanca.ma\\\/?s={search_term_string}\"},\"query-input\":{\"@type\":\"PropertyValueSpecification\",\"valueRequired\":true,\"valueName\":\"search_term_string\"}}],\"inLanguage\":\"ar\"},{\"@type\":\"Organization\",\"@id\":\"https:\\\/\\\/vitablanca.ma\\\/#organization\",\"name\":\"VitaBlanca\",\"url\":\"https:\\\/\\\/vitablanca.ma\\\/\",\"logo\":{\"@type\":\"ImageObject\",\"inLanguage\":\"ar\",\"@id\":\"https:\\\/\\\/vitablanca.ma\\\/#\\\/schema\\\/logo\\\/image\\\/\",\"url\":\"https:\\\/\\\/vitablanca.ma\\\/wp-content\\\/uploads\\\/2025\\\/05\\\/cropped-vitablanca.png\",\"contentUrl\":\"https:\\\/\\\/vitablanca.ma\\\/wp-content\\\/uploads\\\/2025\\\/05\\\/cropped-vitablanca.png\",\"width\":360,\"height\":67,\"caption\":\"VitaBlanca\"},\"image\":{\"@id\":\"https:\\\/\\\/vitablanca.ma\\\/#\\\/schema\\\/logo\\\/image\\\/\"},\"sameAs\":[\"https:\\\/\\\/www.facebook.com\\\/profile.php?id=61576678196717\",\"https:\\\/\\\/www.tiktok.com\\\/@vitablanca.ma\",\"https:\\\/\\\/www.instagram.com\\\/vitablanca.ma\\\/\"]}]}<\/script>\n<!-- \/ Yoast SEO plugin. -->","yoast_head_json":{"title":"FILORGA GLOBAL REPAIR ADVANCED ELIXIR INTENSIF JEUNESSE 30 ML - Maroc Prix","description":"\u0641\u064a\u0644\u0648\u0631\u062c\u0627 \u062c\u0644\u0648\u0628\u0627\u0644 \u0631\u064a\u0628\u064a\u0631 \u0625\u0643\u0633\u064a\u0631 \u0627\u0644\u0634\u0628\u0627\u0628 \u0627\u0644\u0645\u0643\u062b\u0641 \u0627\u0644\u0645\u062a\u0637\u0648\u0631 30 \u0645\u0644","robots":{"index":"index","follow":"follow","max-snippet":"max-snippet:-1","max-image-preview":"max-image-preview:large","max-video-preview":"max-video-preview:-1"},"canonical":"https:\/\/vitablanca.ma\/ar\/product-2\/filorga-global-repair-advanced-elixir-intensif-jeunesse-30-ml\/","og_locale":"ar_AR","og_type":"article","og_title":"FILORGA GLOBAL REPAIR ADVANCED ELIXIR INTENSIF JEUNESSE 30 ML - Maroc Prix","og_description":"FILORGA GLOBAL REPAIR ADVANCED ELIXIR INTENSIF JEUNESSE 30 ML","og_url":"https:\/\/vitablanca.ma\/ar\/product-2\/filorga-global-repair-advanced-elixir-intensif-jeunesse-30-ml\/","og_site_name":"Vitablanca.ma &ndash; Sant&eacute;, vitalit&eacute; et bien-&ecirc;tre pour tous les Marocains","article_publisher":"https:\/\/www.facebook.com\/profile.php?id=61576678196717","og_image":[{"width":700,"height":700,"url":"https:\/\/vitablanca.ma\/wp-content\/uploads\/2025\/06\/filorga-filorga-global-repair-advanced-elixir-intensif-jeunesse-30-ml-premieres-rides-Nova-para-prix-Maroc.jpg","type":"image\/jpeg"}],"twitter_card":"summary_large_image","twitter_misc":{"\u0648\u0642\u062a \u0627\u0644\u0642\u0631\u0627\u0621\u0629 \u0627\u0644\u0645\u064f\u0642\u062f\u0651\u0631":"\u062f\u0642\u064a\u0642\u0629 \u0648\u0627\u062d\u062f\u0629"},"schema":{"@context":"https:\/\/schema.org","@graph":[{"@type":["WebPage","ItemPage"],"@id":"https:\/\/vitablanca.ma\/produit\/filorga-global-repair-advanced-elixir-intensif-jeunesse-30-ml\/","url":"https:\/\/vitablanca.ma\/produit\/filorga-global-repair-advanced-elixir-intensif-jeunesse-30-ml\/","name":"FILORGA GLOBAL REPAIR ADVANCED ELIXIR INTENSIF JEUNESSE 30 ML - Maroc Prix","isPartOf":{"@id":"https:\/\/vitablanca.ma\/#website"},"primaryImageOfPage":{"@id":"https:\/\/vitablanca.ma\/produit\/filorga-global-repair-advanced-elixir-intensif-jeunesse-30-ml\/#primaryimage"},"image":{"@id":"https:\/\/vitablanca.ma\/produit\/filorga-global-repair-advanced-elixir-intensif-jeunesse-30-ml\/#primaryimage"},"thumbnailUrl":"https:\/\/vitablanca.ma\/wp-content\/uploads\/2025\/06\/filorga-filorga-global-repair-advanced-elixir-intensif-jeunesse-30-ml-premieres-rides-Nova-para-prix-Maroc.jpg","datePublished":"2025-06-10T17:21:22+00:00","description":"\u0641\u064a\u0644\u0648\u0631\u062c\u0627 \u062c\u0644\u0648\u0628\u0627\u0644 \u0631\u064a\u0628\u064a\u0631 \u0625\u0643\u0633\u064a\u0631 \u0627\u0644\u0634\u0628\u0627\u0628 \u0627\u0644\u0645\u0643\u062b\u0641 \u0627\u0644\u0645\u062a\u0637\u0648\u0631 30 \u0645\u0644","breadcrumb":{"@id":"https:\/\/vitablanca.ma\/produit\/filorga-global-repair-advanced-elixir-intensif-jeunesse-30-ml\/#breadcrumb"},"inLanguage":"ar","potentialAction":[{"@type":"ReadAction","target":["https:\/\/vitablanca.ma\/produit\/filorga-global-repair-advanced-elixir-intensif-jeunesse-30-ml\/"]}]},{"@type":"ImageObject","inLanguage":"ar","@id":"https:\/\/vitablanca.ma\/produit\/filorga-global-repair-advanced-elixir-intensif-jeunesse-30-ml\/#primaryimage","url":"https:\/\/vitablanca.ma\/wp-content\/uploads\/2025\/06\/filorga-filorga-global-repair-advanced-elixir-intensif-jeunesse-30-ml-premieres-rides-Nova-para-prix-Maroc.jpg","contentUrl":"https:\/\/vitablanca.ma\/wp-content\/uploads\/2025\/06\/filorga-filorga-global-repair-advanced-elixir-intensif-jeunesse-30-ml-premieres-rides-Nova-para-prix-Maroc.jpg","width":700,"height":700},{"@type":"BreadcrumbList","@id":"https:\/\/vitablanca.ma\/produit\/filorga-global-repair-advanced-elixir-intensif-jeunesse-30-ml\/#breadcrumb","itemListElement":[{"@type":"ListItem","position":1,"name":"Home","item":"https:\/\/vitablanca.ma\/"},{"@type":"ListItem","position":2,"name":"Tous Les Produits","item":"https:\/\/vitablanca.ma\/tous-les-produits\/"},{"@type":"ListItem","position":3,"name":"FILORGA GLOBAL REPAIR ADVANCED ELIXIR INTENSIF JEUNESSE 30 ML"}]},{"@type":"WebSite","@id":"https:\/\/vitablanca.ma\/#website","url":"https:\/\/vitablanca.ma\/","name":"VitaBlanca.ma | \u0627\u0644\u0645\u0643\u0645\u0644\u0627\u062a \u0627\u0644\u063a\u0630\u0627\u0626\u064a\u0629\u060c \u0627\u0644\u0635\u062d\u0629 \u0648\u0627\u0644\u062c\u0645\u0627\u0644 \u0641\u064a \u0627\u0644\u0645\u063a\u0631\u0628","description":"\u0646\u0628\u064a\u0639 \u0641\u064a\u062a\u0627\u0645\u064a\u0646\u0627\u062a \u0648\u0645\u0643\u0645\u0644\u0627\u062a \u063a\u0630\u0627\u0626\u064a\u0629 \u0641\u0627\u062e\u0631\u0629 \u0645\u0646 \u0627\u0644\u0648\u0644\u0627\u064a\u0627\u062a \u0627\u0644\u0645\u062a\u062d\u062f\u0629 \u0627\u0644\u0623\u0645\u0631\u064a\u0643\u064a\u0629 \u0648\u0643\u0646\u062f\u0627 \u0648\u0646\u064a\u0648\u0632\u064a\u0644\u0646\u062f\u0627 \u0648\u0627\u0644\u0645\u063a\u0631\u0628 (\u0646\u0627\u0648 \u0641\u0648\u062f\u0632\u060c \u0633\u0648\u0644\u062c\u0627\u0631\u060c \u0645\u0627\u0646\u0648\u0643\u0627). \u062a\u0648\u0635\u064a\u0644 \u0633\u0631\u064a\u0639 \u0625\u0644\u0649 \u062c\u0645\u064a\u0639 \u0623\u0646\u062d\u0627\u0621 \u0627\u0644\u0645\u063a\u0631\u0628.","publisher":{"@id":"https:\/\/vitablanca.ma\/#organization"},"alternateName":"VitaBlanca.ma","potentialAction":[{"@type":"SearchAction","target":{"@type":"EntryPoint","urlTemplate":"https:\/\/vitablanca.ma\/?s={search_term_string}"},"query-input":{"@type":"PropertyValueSpecification","valueRequired":true,"valueName":"search_term_string"}}],"inLanguage":"ar"},{"@type":"Organization","@id":"https:\/\/vitablanca.ma\/#organization","name":"\u0641\u064a\u062a\u0627\u0628\u0644\u0627\u0646\u0643\u0627","url":"https:\/\/vitablanca.ma\/","logo":{"@type":"ImageObject","inLanguage":"ar","@id":"https:\/\/vitablanca.ma\/#\/schema\/logo\/image\/","url":"https:\/\/vitablanca.ma\/wp-content\/uploads\/2025\/05\/cropped-vitablanca.png","contentUrl":"https:\/\/vitablanca.ma\/wp-content\/uploads\/2025\/05\/cropped-vitablanca.png","width":360,"height":67,"caption":"VitaBlanca"},"image":{"@id":"https:\/\/vitablanca.ma\/#\/schema\/logo\/image\/"},"sameAs":["https:\/\/www.facebook.com\/profile.php?id=61576678196717","https:\/\/www.tiktok.com\/@vitablanca.ma","https:\/\/www.instagram.com\/vitablanca.ma\/"]}]}},"jetpack_sharing_enabled":true,"_links":{"self":[{"href":"https:\/\/vitablanca.ma\/ar\/wp-json\/wp\/v2\/product\/18371","targetHints":{"allow":["GET"]}}],"collection":[{"href":"https:\/\/vitablanca.ma\/ar\/wp-json\/wp\/v2\/product"}],"about":[{"href":"https:\/\/vitablanca.ma\/ar\/wp-json\/wp\/v2\/types\/product"}],"wp:featuredmedia":[{"embeddable":true,"href":"https:\/\/vitablanca.ma\/ar\/wp-json\/wp\/v2\/media\/18370"}],"wp:attachment":[{"href":"https:\/\/vitablanca.ma\/ar\/wp-json\/wp\/v2\/media?parent=18371"}],"wp:term":[{"taxonomy":"product_brand","embeddable":true,"href":"https:\/\/vitablanca.ma\/ar\/wp-json\/wp\/v2\/product_brand?post=18371"},{"taxonomy":"product_cat","embeddable":true,"href":"https:\/\/vitablanca.ma\/ar\/wp-json\/wp\/v2\/product_cat?post=18371"},{"taxonomy":"product_tag","embeddable":true,"href":"https:\/\/vitablanca.ma\/ar\/wp-json\/wp\/v2\/product_tag?post=18371"}],"curies":[{"name":"wp","href":"https:\/\/api.w.org\/{rel}","templated":true}]}}