{"id":18363,"date":"2025-06-10T17:20:59","date_gmt":"2025-06-10T17:20:59","guid":{"rendered":"https:\/\/vitablanca.ma\/product\/filorga-hydra-filler-mat-50ml\/"},"modified":"2025-06-10T17:20:59","modified_gmt":"2025-06-10T17:20:59","slug":"filorga-hydra-filler-mat-50ml","status":"publish","type":"product","link":"https:\/\/vitablanca.ma\/ar\/product-2\/filorga-hydra-filler-mat-50ml\/","title":{"rendered":"\u0641\u064a\u0644\u0648\u0631\u062c\u0627 \u0647\u064a\u062f\u0631\u0627 \u0641\u064a\u0644\u0631 \u0645\u0627\u062a 50 \u0645\u0644"},"content":{"rendered":"<h2 data-mce-fragment=\"1\"><strong data-mce-fragment=\"1\">Filorga HYDRA-FILLER MAT Soin Hydratant Perfecteur Pores + \u00c9clat<\/strong><\/h2>\n<p data-mce-fragment=\"1\"><strong data-mce-fragment=\"1\">HYDRA-FILLER MAT, toute la puissance de l\u2019acide hyaluronique pur dans un soin visage hydratant perfecteur pour hydrater intens\u00e9ment et r\u00e9v\u00e9ler une peau haute d\u00e9finition.<\/strong><\/p>\n<div class=\"more\" data-mce-fragment=\"1\">\n<div class=\"\" data-mce-fragment=\"1\">\n<p data-mce-fragment=\"1\">L\u2019acide hyaluronique est un hydratant cellulaire capable de repulper, de resserrer les pores, de lisser le grain de peau, de r\u00e9v\u00e9ler l\u2019\u00e9clat du teint dans une texture gel-cr\u00e8me non grasse, au fini mat.<\/p>\n<p data-mce-fragment=\"1\">Recommand\u00e9 pour les peaux mixtes \u00e0 grasses recherchant une hydratation performante, les peaux jeunes recherchant un fini mat, toutes les peaux en p\u00e9riode estivale gr\u00e2ce \u00e0 sa texture l\u00e9g\u00e8re et confortable.<\/p>\n<p data-mce-fragment=\"1\"><strong data-mce-fragment=\"1\">Hydratation lissante et repulpante<br \/><\/strong>Un puissant duo d\u2019acides hyaluroniques pour une hydratation multi-couches \u00e0 effet repulpant. Ce duo est combin\u00e9 \u00e0 un extrait bio-actif pour restaurer le r\u00f4le barri\u00e8re de la peau et limiter la d\u00e9shydratation tout au long de la journ\u00e9e.<\/p>\n<p data-mce-fragment=\"1\"><strong data-mce-fragment=\"1\">Correction haute d\u00e9finition<sup data-mce-fragment=\"1\">2<\/sup><span data-mce-fragment=\"1\">\u00a0<\/span>[pores + \u00e9clat]<br \/><\/strong>Une technologie bio-lissante pour affiner le grain de peau. Associ\u00e9e \u00e0 un actif astringent pour r\u00e9duire la taille des pores et \u00e0 une prot\u00e9ase exfoliante enzymatique pour r\u00e9v\u00e9ler l\u2019\u00e9clat du teint.<\/p>\n<h3 data-mce-fragment=\"1\">Mode D&#8217;emploi<\/h3>\n<section data-color=\"white\" class=\"section-product-manual  cta-section\">\n<div class=\"container\">\n<div class=\"content\">\n<div class=\"text\">\n<p>Appliquer en soin quotidien, matin et\/ou soir sur l\u2019ensemble du visage.<\/p>\n<\/div>\n<ul><\/ul>\n<\/div>\n<\/div>\n<\/section>\n<\/div>\n<\/div>\n","protected":false},"excerpt":{"rendered":"<p>Filorga HYDRA-FILLER MAT Soin Hydratant Perfecteur Pores + \u00c9clat HYDRA-FILLER MAT, toute la puissance de l\u2019acide hyaluronique pur dans un soin visage hydratant perfecteur pour hydrater intens\u00e9ment et r\u00e9v\u00e9ler une peau haute d\u00e9finition. L\u2019acide hyaluronique est un hydratant cellulaire capable de repulper, de resserrer les pores, de lisser le grain de peau, de r\u00e9v\u00e9ler l\u2019\u00e9clat [&hellip;]<\/p>\n","protected":false},"featured_media":18362,"template":"","meta":{"om_disable_all_campaigns":false},"product_brand":[],"product_cat":[15],"product_tag":[],"class_list":{"0":"post-18363","1":"product","2":"type-product","3":"status-publish","4":"has-post-thumbnail","6":"product_cat-beaute-sante-complements-alimentaires-soins-et-bien-etre-au-meilleur-prix","8":"first","9":"instock","10":"sale","11":"taxable","12":"shipping-taxable","13":"purchasable","14":"product-type-simple"},"yoast_head":"<!-- This site is optimized with the Yoast SEO plugin v27.4 - https:\/\/yoast.com\/product\/yoast-seo-wordpress\/ -->\n<title>Filorga HYDRA-FILLER MAT 50ml - Maroc Prix<\/title>\n<meta name=\"description\" content=\"Filorga HYDRA-FILLER MAT 50ml\" \/>\n<meta name=\"robots\" content=\"index, follow, max-snippet:-1, max-image-preview:large, max-video-preview:-1\" \/>\n<link rel=\"canonical\" href=\"https:\/\/vitablanca.ma\/ar\/product-2\/filorga-hydra-filler-mat-50ml\/\" \/>\n<meta property=\"og:locale\" content=\"ar_AR\" \/>\n<meta property=\"og:type\" content=\"article\" \/>\n<meta property=\"og:title\" content=\"Filorga HYDRA-FILLER MAT 50ml - Maroc Prix\" \/>\n<meta property=\"og:description\" content=\"Filorga HYDRA-FILLER MAT 50ml\" \/>\n<meta property=\"og:url\" content=\"https:\/\/vitablanca.ma\/ar\/product-2\/filorga-hydra-filler-mat-50ml\/\" \/>\n<meta property=\"og:site_name\" content=\"Vitablanca.ma &ndash; Sant&eacute;, vitalit&eacute; et bien-&ecirc;tre pour tous les Marocains\" \/>\n<meta property=\"article:publisher\" content=\"https:\/\/www.facebook.com\/profile.php?id=61576678196717\" \/>\n<meta property=\"og:image\" content=\"https:\/\/vitablanca.ma\/wp-content\/uploads\/2025\/06\/Filorga-HYDRA-FILLER-MAT-50ml-nova-para-casablanca.jpg\" \/>\n\t<meta property=\"og:image:width\" content=\"1000\" \/>\n\t<meta property=\"og:image:height\" content=\"1000\" \/>\n\t<meta property=\"og:image:type\" content=\"image\/jpeg\" \/>\n<meta name=\"twitter:card\" content=\"summary_large_image\" \/>\n<meta name=\"twitter:label1\" content=\"\u0648\u0642\u062a \u0627\u0644\u0642\u0631\u0627\u0621\u0629 \u0627\u0644\u0645\u064f\u0642\u062f\u0651\u0631\" \/>\n\t<meta name=\"twitter:data1\" content=\"\u062f\u0642\u064a\u0642\u0629 \u0648\u0627\u062d\u062f\u0629\" \/>\n<script type=\"application\/ld+json\" class=\"yoast-schema-graph\">{\"@context\":\"https:\\\/\\\/schema.org\",\"@graph\":[{\"@type\":[\"WebPage\",\"ItemPage\"],\"@id\":\"https:\\\/\\\/vitablanca.ma\\\/produit\\\/filorga-hydra-filler-mat-50ml\\\/\",\"url\":\"https:\\\/\\\/vitablanca.ma\\\/produit\\\/filorga-hydra-filler-mat-50ml\\\/\",\"name\":\"Filorga HYDRA-FILLER MAT 50ml - Maroc Prix\",\"isPartOf\":{\"@id\":\"https:\\\/\\\/vitablanca.ma\\\/#website\"},\"primaryImageOfPage\":{\"@id\":\"https:\\\/\\\/vitablanca.ma\\\/produit\\\/filorga-hydra-filler-mat-50ml\\\/#primaryimage\"},\"image\":{\"@id\":\"https:\\\/\\\/vitablanca.ma\\\/produit\\\/filorga-hydra-filler-mat-50ml\\\/#primaryimage\"},\"thumbnailUrl\":\"https:\\\/\\\/vitablanca.ma\\\/wp-content\\\/uploads\\\/2025\\\/06\\\/Filorga-HYDRA-FILLER-MAT-50ml-nova-para-casablanca.jpg\",\"datePublished\":\"2025-06-10T17:20:59+00:00\",\"description\":\"Filorga HYDRA-FILLER MAT 50ml\",\"breadcrumb\":{\"@id\":\"https:\\\/\\\/vitablanca.ma\\\/produit\\\/filorga-hydra-filler-mat-50ml\\\/#breadcrumb\"},\"inLanguage\":\"ar\",\"potentialAction\":[{\"@type\":\"ReadAction\",\"target\":[\"https:\\\/\\\/vitablanca.ma\\\/produit\\\/filorga-hydra-filler-mat-50ml\\\/\"]}]},{\"@type\":\"ImageObject\",\"inLanguage\":\"ar\",\"@id\":\"https:\\\/\\\/vitablanca.ma\\\/produit\\\/filorga-hydra-filler-mat-50ml\\\/#primaryimage\",\"url\":\"https:\\\/\\\/vitablanca.ma\\\/wp-content\\\/uploads\\\/2025\\\/06\\\/Filorga-HYDRA-FILLER-MAT-50ml-nova-para-casablanca.jpg\",\"contentUrl\":\"https:\\\/\\\/vitablanca.ma\\\/wp-content\\\/uploads\\\/2025\\\/06\\\/Filorga-HYDRA-FILLER-MAT-50ml-nova-para-casablanca.jpg\",\"width\":1000,\"height\":1000},{\"@type\":\"BreadcrumbList\",\"@id\":\"https:\\\/\\\/vitablanca.ma\\\/produit\\\/filorga-hydra-filler-mat-50ml\\\/#breadcrumb\",\"itemListElement\":[{\"@type\":\"ListItem\",\"position\":1,\"name\":\"Home\",\"item\":\"https:\\\/\\\/vitablanca.ma\\\/\"},{\"@type\":\"ListItem\",\"position\":2,\"name\":\"Tous Les Produits\",\"item\":\"https:\\\/\\\/vitablanca.ma\\\/tous-les-produits\\\/\"},{\"@type\":\"ListItem\",\"position\":3,\"name\":\"Filorga HYDRA-FILLER MAT 50ml\"}]},{\"@type\":\"WebSite\",\"@id\":\"https:\\\/\\\/vitablanca.ma\\\/#website\",\"url\":\"https:\\\/\\\/vitablanca.ma\\\/\",\"name\":\"VitaBlanca.ma | Compl\u00e9ments alimentaires, sant\u00e9 & beaut\u00e9 au Maroc\",\"description\":\"vendre vitamines et compl\u00e9ments premium des USA &amp; Canada, Nouvelle Z\u00e9lande,Maroc (NOW Foods, Solgar, Manuka). Livraison rapide partout au Maroc.\",\"publisher\":{\"@id\":\"https:\\\/\\\/vitablanca.ma\\\/#organization\"},\"alternateName\":\"VitaBlanca.ma\",\"potentialAction\":[{\"@type\":\"SearchAction\",\"target\":{\"@type\":\"EntryPoint\",\"urlTemplate\":\"https:\\\/\\\/vitablanca.ma\\\/?s={search_term_string}\"},\"query-input\":{\"@type\":\"PropertyValueSpecification\",\"valueRequired\":true,\"valueName\":\"search_term_string\"}}],\"inLanguage\":\"ar\"},{\"@type\":\"Organization\",\"@id\":\"https:\\\/\\\/vitablanca.ma\\\/#organization\",\"name\":\"VitaBlanca\",\"url\":\"https:\\\/\\\/vitablanca.ma\\\/\",\"logo\":{\"@type\":\"ImageObject\",\"inLanguage\":\"ar\",\"@id\":\"https:\\\/\\\/vitablanca.ma\\\/#\\\/schema\\\/logo\\\/image\\\/\",\"url\":\"https:\\\/\\\/vitablanca.ma\\\/wp-content\\\/uploads\\\/2025\\\/05\\\/cropped-vitablanca.png\",\"contentUrl\":\"https:\\\/\\\/vitablanca.ma\\\/wp-content\\\/uploads\\\/2025\\\/05\\\/cropped-vitablanca.png\",\"width\":360,\"height\":67,\"caption\":\"VitaBlanca\"},\"image\":{\"@id\":\"https:\\\/\\\/vitablanca.ma\\\/#\\\/schema\\\/logo\\\/image\\\/\"},\"sameAs\":[\"https:\\\/\\\/www.facebook.com\\\/profile.php?id=61576678196717\",\"https:\\\/\\\/www.tiktok.com\\\/@vitablanca.ma\",\"https:\\\/\\\/www.instagram.com\\\/vitablanca.ma\\\/\"]}]}<\/script>\n<!-- \/ Yoast SEO plugin. -->","yoast_head_json":{"title":"\u0641\u064a\u0644\u0648\u0631\u062c\u0627 \u0647\u064a\u062f\u0631\u0627 \u0641\u064a\u0644\u0631 \u0645\u0627\u062a \u0665\u0660 \u0645\u0644 - \u0633\u0639\u0631 \u0627\u0644\u0645\u063a\u0631\u0628","description":"\u0641\u064a\u0644\u0648\u0631\u062c\u0627 \u0647\u064a\u062f\u0631\u0627 \u0641\u064a\u0644\u0631 \u0645\u0627\u062a 50 \u0645\u0644","robots":{"index":"index","follow":"follow","max-snippet":"max-snippet:-1","max-image-preview":"max-image-preview:large","max-video-preview":"max-video-preview:-1"},"canonical":"https:\/\/vitablanca.ma\/ar\/product-2\/filorga-hydra-filler-mat-50ml\/","og_locale":"ar_AR","og_type":"article","og_title":"Filorga HYDRA-FILLER MAT 50ml - Maroc Prix","og_description":"Filorga HYDRA-FILLER MAT 50ml","og_url":"https:\/\/vitablanca.ma\/ar\/product-2\/filorga-hydra-filler-mat-50ml\/","og_site_name":"Vitablanca.ma &ndash; Sant&eacute;, vitalit&eacute; et bien-&ecirc;tre pour tous les Marocains","article_publisher":"https:\/\/www.facebook.com\/profile.php?id=61576678196717","og_image":[{"width":1000,"height":1000,"url":"https:\/\/vitablanca.ma\/wp-content\/uploads\/2025\/06\/Filorga-HYDRA-FILLER-MAT-50ml-nova-para-casablanca.jpg","type":"image\/jpeg"}],"twitter_card":"summary_large_image","twitter_misc":{"\u0648\u0642\u062a \u0627\u0644\u0642\u0631\u0627\u0621\u0629 \u0627\u0644\u0645\u064f\u0642\u062f\u0651\u0631":"\u062f\u0642\u064a\u0642\u0629 \u0648\u0627\u062d\u062f\u0629"},"schema":{"@context":"https:\/\/schema.org","@graph":[{"@type":["WebPage","ItemPage"],"@id":"https:\/\/vitablanca.ma\/produit\/filorga-hydra-filler-mat-50ml\/","url":"https:\/\/vitablanca.ma\/produit\/filorga-hydra-filler-mat-50ml\/","name":"\u0641\u064a\u0644\u0648\u0631\u062c\u0627 \u0647\u064a\u062f\u0631\u0627 \u0641\u064a\u0644\u0631 \u0645\u0627\u062a \u0665\u0660 \u0645\u0644 - \u0633\u0639\u0631 \u0627\u0644\u0645\u063a\u0631\u0628","isPartOf":{"@id":"https:\/\/vitablanca.ma\/#website"},"primaryImageOfPage":{"@id":"https:\/\/vitablanca.ma\/produit\/filorga-hydra-filler-mat-50ml\/#primaryimage"},"image":{"@id":"https:\/\/vitablanca.ma\/produit\/filorga-hydra-filler-mat-50ml\/#primaryimage"},"thumbnailUrl":"https:\/\/vitablanca.ma\/wp-content\/uploads\/2025\/06\/Filorga-HYDRA-FILLER-MAT-50ml-nova-para-casablanca.jpg","datePublished":"2025-06-10T17:20:59+00:00","description":"\u0641\u064a\u0644\u0648\u0631\u062c\u0627 \u0647\u064a\u062f\u0631\u0627 \u0641\u064a\u0644\u0631 \u0645\u0627\u062a 50 \u0645\u0644","breadcrumb":{"@id":"https:\/\/vitablanca.ma\/produit\/filorga-hydra-filler-mat-50ml\/#breadcrumb"},"inLanguage":"ar","potentialAction":[{"@type":"ReadAction","target":["https:\/\/vitablanca.ma\/produit\/filorga-hydra-filler-mat-50ml\/"]}]},{"@type":"ImageObject","inLanguage":"ar","@id":"https:\/\/vitablanca.ma\/produit\/filorga-hydra-filler-mat-50ml\/#primaryimage","url":"https:\/\/vitablanca.ma\/wp-content\/uploads\/2025\/06\/Filorga-HYDRA-FILLER-MAT-50ml-nova-para-casablanca.jpg","contentUrl":"https:\/\/vitablanca.ma\/wp-content\/uploads\/2025\/06\/Filorga-HYDRA-FILLER-MAT-50ml-nova-para-casablanca.jpg","width":1000,"height":1000},{"@type":"BreadcrumbList","@id":"https:\/\/vitablanca.ma\/produit\/filorga-hydra-filler-mat-50ml\/#breadcrumb","itemListElement":[{"@type":"ListItem","position":1,"name":"Home","item":"https:\/\/vitablanca.ma\/"},{"@type":"ListItem","position":2,"name":"Tous Les Produits","item":"https:\/\/vitablanca.ma\/tous-les-produits\/"},{"@type":"ListItem","position":3,"name":"Filorga HYDRA-FILLER MAT 50ml"}]},{"@type":"WebSite","@id":"https:\/\/vitablanca.ma\/#website","url":"https:\/\/vitablanca.ma\/","name":"VitaBlanca.ma | \u0627\u0644\u0645\u0643\u0645\u0644\u0627\u062a \u0627\u0644\u063a\u0630\u0627\u0626\u064a\u0629\u060c \u0627\u0644\u0635\u062d\u0629 \u0648\u0627\u0644\u062c\u0645\u0627\u0644 \u0641\u064a \u0627\u0644\u0645\u063a\u0631\u0628","description":"\u0646\u0628\u064a\u0639 \u0641\u064a\u062a\u0627\u0645\u064a\u0646\u0627\u062a \u0648\u0645\u0643\u0645\u0644\u0627\u062a \u063a\u0630\u0627\u0626\u064a\u0629 \u0641\u0627\u062e\u0631\u0629 \u0645\u0646 \u0627\u0644\u0648\u0644\u0627\u064a\u0627\u062a \u0627\u0644\u0645\u062a\u062d\u062f\u0629 \u0627\u0644\u0623\u0645\u0631\u064a\u0643\u064a\u0629 \u0648\u0643\u0646\u062f\u0627 \u0648\u0646\u064a\u0648\u0632\u064a\u0644\u0646\u062f\u0627 \u0648\u0627\u0644\u0645\u063a\u0631\u0628 (\u0646\u0627\u0648 \u0641\u0648\u062f\u0632\u060c \u0633\u0648\u0644\u062c\u0627\u0631\u060c \u0645\u0627\u0646\u0648\u0643\u0627). \u062a\u0648\u0635\u064a\u0644 \u0633\u0631\u064a\u0639 \u0625\u0644\u0649 \u062c\u0645\u064a\u0639 \u0623\u0646\u062d\u0627\u0621 \u0627\u0644\u0645\u063a\u0631\u0628.","publisher":{"@id":"https:\/\/vitablanca.ma\/#organization"},"alternateName":"VitaBlanca.ma","potentialAction":[{"@type":"SearchAction","target":{"@type":"EntryPoint","urlTemplate":"https:\/\/vitablanca.ma\/?s={search_term_string}"},"query-input":{"@type":"PropertyValueSpecification","valueRequired":true,"valueName":"search_term_string"}}],"inLanguage":"ar"},{"@type":"Organization","@id":"https:\/\/vitablanca.ma\/#organization","name":"\u0641\u064a\u062a\u0627\u0628\u0644\u0627\u0646\u0643\u0627","url":"https:\/\/vitablanca.ma\/","logo":{"@type":"ImageObject","inLanguage":"ar","@id":"https:\/\/vitablanca.ma\/#\/schema\/logo\/image\/","url":"https:\/\/vitablanca.ma\/wp-content\/uploads\/2025\/05\/cropped-vitablanca.png","contentUrl":"https:\/\/vitablanca.ma\/wp-content\/uploads\/2025\/05\/cropped-vitablanca.png","width":360,"height":67,"caption":"VitaBlanca"},"image":{"@id":"https:\/\/vitablanca.ma\/#\/schema\/logo\/image\/"},"sameAs":["https:\/\/www.facebook.com\/profile.php?id=61576678196717","https:\/\/www.tiktok.com\/@vitablanca.ma","https:\/\/www.instagram.com\/vitablanca.ma\/"]}]}},"jetpack_sharing_enabled":true,"_links":{"self":[{"href":"https:\/\/vitablanca.ma\/ar\/wp-json\/wp\/v2\/product\/18363","targetHints":{"allow":["GET"]}}],"collection":[{"href":"https:\/\/vitablanca.ma\/ar\/wp-json\/wp\/v2\/product"}],"about":[{"href":"https:\/\/vitablanca.ma\/ar\/wp-json\/wp\/v2\/types\/product"}],"wp:featuredmedia":[{"embeddable":true,"href":"https:\/\/vitablanca.ma\/ar\/wp-json\/wp\/v2\/media\/18362"}],"wp:attachment":[{"href":"https:\/\/vitablanca.ma\/ar\/wp-json\/wp\/v2\/media?parent=18363"}],"wp:term":[{"taxonomy":"product_brand","embeddable":true,"href":"https:\/\/vitablanca.ma\/ar\/wp-json\/wp\/v2\/product_brand?post=18363"},{"taxonomy":"product_cat","embeddable":true,"href":"https:\/\/vitablanca.ma\/ar\/wp-json\/wp\/v2\/product_cat?post=18363"},{"taxonomy":"product_tag","embeddable":true,"href":"https:\/\/vitablanca.ma\/ar\/wp-json\/wp\/v2\/product_tag?post=18363"}],"curies":[{"name":"wp","href":"https:\/\/api.w.org\/{rel}","templated":true}]}}