{"id":18356,"date":"2025-06-10T17:20:48","date_gmt":"2025-06-10T17:20:48","guid":{"rendered":"https:\/\/vitablanca.ma\/product\/forte-pharma-turbodraine-minceur-peche-500ml\/"},"modified":"2025-06-10T17:20:48","modified_gmt":"2025-06-10T17:20:48","slug":"forte-pharma-turbodraine-minceur-peche-500ml","status":"publish","type":"product","link":"https:\/\/vitablanca.ma\/ar\/product-2\/forte-pharma-turbodraine-minceur-peche-500ml\/","title":{"rendered":"\u0641\u0648\u0631\u062a\u064a\u0647 \u0641\u0627\u0631\u0645\u0627 \u062a\u0648\u0631\u0628\u0648\u062f\u0631\u064a\u0646 \u0633\u0644\u064a\u0645\u0646\u062c \u0628\u064a\u062a\u0634 500 \u0645\u0644"},"content":{"rendered":"<h2><span data-mce-fragment=\"1\">Fort\u00e9 Pharma TurboDraine Minceur P\u00e8che<\/span><\/h2>\n<p style=\"font-weight: 400\">Fort\u00e9 Pharma TurboDraine Minceur 500 ml &#8211; Go\u00fbt : Th\u00e9 Vert\/P\u00eache est une d\u00e9licieuse boisson minceur drainante, au go\u00fbt agr\u00e9able, \u00e0 boire tout au long de la journ\u00e9e.<\/p>\n<p style=\"font-weight: 400\">3 Actions Minceurs :<\/p>\n<ol>\n<li style=\"font-weight: 400\">Br\u00fble et \u00e9limine les graisses tout en remodelant la silhouette : noix de kola, cassis, chiendent, reine des pr\u00e9s, fr\u00eane, bardane et pulpe de tamarin.<\/li>\n<li style=\"font-weight: 400\">Draine en profondeur les reins, le foie et le syst\u00e8me lymphatique et purifie l&rsquo;organisme :<\/li>\n<\/ol>\n<p style=\"font-weight: 400\">&#8211; Drainage r\u00e9nal : Fr\u00eane, reine des pr\u00e9s, queue de cerise, petit chiendent, goyave, cassis, pissenlit<\/p>\n<p style=\"font-weight: 400\">&#8211; Drainage h\u00e9patique : Artichaut, fenouil, bardane, pissenlit<\/p>\n<p style=\"font-weight: 400\">&#8211; Drainage lymphatique : Queue de cerise, fenouil, bardane, algue Aosa<\/p>\n<ol start=\"3\">\n<li style=\"font-weight: 400\">Assure un r\u00e9\u00e9quilibrage min\u00e9ral et ionique de l&rsquo;organisme : algue Aosa, ginseng, goyave.<\/li>\n<\/ol>\n<p style=\"font-weight: 400\">Edulcor\u00e9 \u00e0 l&rsquo;aspartame. Sans gluten, sans OGM, sans ingr\u00e9dient d&rsquo;origine animale.<\/p>\n<p style=\"font-weight: 400\">Contient une source de ph\u00e9nylalanine.<\/p>\n<h3 style=\"font-weight: 400\"><b><strong>Conseils d&rsquo;utilisation:<\/strong><\/b><\/h3>\n<p style=\"font-weight: 400\">Diluer 10 ml dans un grand verre d&rsquo;eau selon votre go\u00fbt, \u00e0 renouveler 5 fois par jour. Il est recommand\u00e9 de boire 1 litre et demi par jour.<\/p>\n<p style=\"font-weight: 400\">Cure de 10 jours, \u00e0 renouveler si besoin pour continuer \u00e0 remodeler sa ligne. Prendre en cure de 3 semaines \u00e0 chaque changement de saison.<\/p>\n<p style=\"font-weight: 400\">Contre-indications : femmes enceintes, allaitement, enfants de moins de 8 ans.<\/p>\n<p style=\"font-weight: 400\"><b><strong>Indication<\/strong><\/b>\u00a0:\u00a0Mincir rapidement.<\/p>\n<h3 style=\"font-weight: 400\"><b><strong>Composition:<\/strong><\/b><\/h3>\n<p style=\"font-weight: 400\">Th\u00e9 vert\/P\u00eache en mg par dose journali\u00e8re : Eau purifi\u00e9e, extrait de th\u00e9 vert (Camellia sinensis) correspondant \u00e0 240 mg de polyph\u00e9nols, reine des pr\u00e9s (Spiraea ulmaria) (2000), cactin\u00e9a &#8211; fruit de figuier de barbarie (Opuntia ficus indica) (1000), acidifiant : acide citrique, hibiscus (Hibiscus sabdariffa) (600), queue de cerise (Prunus cerasus) (300), ar\u00f4mes : p\u00eache et th\u00e9 vert, colorant : caramel, conservateurs : sorbate de potassium et benzoate de sodium, phytotrio (100) [goyave (Psidium guajava), aosa (Ulva lactuca), ginseng (Panax ginseng CA Meyer)], Epaississant : carboxym\u00e9thylcellulose, \u00e9dulcorants : ac\u00e9sulfame de potassium, aspartame et sucralose, Chlorure de potassium, \u00e9mulsifiant : mono et diglyc\u00e9rides d&rsquo;acides gras.<\/p>\n<p style=\"font-weight: 400\">Framboise en mg par dose journali\u00e8re : Eau purifi\u00e9e, extrait de th\u00e9 vert (Camellia sinensis) correspondant \u00e0 240 mg de polyph\u00e9nols, reine des pr\u00e9s (Spiraea ulmaria) (2000), cactin\u00e9a &#8211; [fruit de figuier de barbarie (Opuntia ficus indica) (1000)], acidifiant : acide citrique, hibiscus (Hibiscus sabdariffa) (600), queue de cerise (Prunus cerasus) (300), colorants (anthocyanes, ponceau 4R), conservateurs : sorbate de potassium et benzoate de sodium, phytotrio (100) [goyave (Psidium guajava), aosa (Ulva lactuca), ginseng (Panax ginseng CA Meyer)], Epaississant : carboxym\u00e9thylcellulose, ar\u00f4me framboise, \u00e9dulcorants : aspartame, ac\u00e9sulfame de potassium, sucralose, Chlorure de potassium, \u00e9mulsifiant : mono et diglyc\u00e9rides d&rsquo;acides gras.<\/p>\n<p style=\"font-weight: 400\">Agrumes en mg par dose journali\u00e8re : Eau purifi\u00e9e, Extraits de Plantes de Th\u00e9 Vert (Camellia Sinensis (L.) Kuntze) (3917mg), de Reine des Pr\u00e9s (Filipendula Ulmaria (L.) Maxim.) (2000mg), de Figue de Barbarie (Opuntia Ficus Indica (L.)Mil.) (1000mg), d&rsquo;Hibiscus (Hibiscus Sabdariffa L.) (600mg), de Queue de Cerise (Prunus Cerasus L.) (300mg), Phytotrio [M\u00e9lange de Goyave (Psidium Quajava L.) (95mg), d&rsquo;Aosa (Ulva Lactuca ? Crustac\u00e9s, Poisson, Mollusques) (2mg), de Ginseng (Panax Ginseng CA Meyer) (2mg)], Acidifiant (Acide Citrique), Ar\u00f4mes (Ar\u00f4me naturel de Pamplemousse Limette, Ar\u00f4me naturel d&rsquo;Agrumes, Ar\u00f4mes naturels) (0,76mg), Exhausteur de Go\u00fbt (Chlorure de Potassium), Conservateurs (Sorbate de Potassium, Benzoate de Sodium), Edulcorants (Ac\u00e9sulfame de Potassium, Sucralose).<\/p>\n<p style=\"font-weight: 400\">Ananas en mg par dose journali\u00e8re : Eau purifi\u00e9e, Extraits de Plantes de Th\u00e9 Vert (Camellia Sinensis (L.) Kuntze) (3917mg), de Reine des Pr\u00e9s (Filipendula Ulmaria (L.) Maxim.) (2000mg), de Figue de Barbarie (Opuntia Ficus Indica (L.)Mil.) (1000mg), d&rsquo;Hibiscus (Hibiscus Sabdariffa L.) (600mg), de Queue de Cerise (Prunus Cerasus L.) (300mg), Phytotrio [M\u00e9lange de Goyave (Psidium Guajava L.) (95mg), d&rsquo;Aosa (Ulva Lactuca ? Crustac\u00e9s, Poisson, Mollusques) (2mg), de Ginseng (Panax Ginseng CA Meyer) (2mg)], Ar\u00f4me Ananas, Acidifiant (Acide Citrique), Exhausteur de Go\u00fbt (Chlorure de Potassium), Jus concentr\u00e9 d&rsquo;Ananas (0,25mg), Conservateurs (Sorbate de Potassium, Benzoate de Sodium), Edulcorant (Sucralose).<\/p>\n","protected":false},"excerpt":{"rendered":"<p>Fort\u00e9 Pharma TurboDraine Minceur P\u00e8che Fort\u00e9 Pharma TurboDraine Minceur 500 ml &#8211; Go\u00fbt : Th\u00e9 Vert\/P\u00eache est une d\u00e9licieuse boisson minceur drainante, au go\u00fbt agr\u00e9able, \u00e0 boire tout au long de la journ\u00e9e. 3 Actions Minceurs : Br\u00fble et \u00e9limine les graisses tout en remodelant la silhouette : noix de kola, cassis, chiendent, reine des [&hellip;]<\/p>\n","protected":false},"featured_media":18354,"template":"","meta":{"om_disable_all_campaigns":false},"product_brand":[],"product_cat":[15],"product_tag":[],"class_list":{"0":"post-18356","1":"product","2":"type-product","3":"status-publish","4":"has-post-thumbnail","6":"product_cat-beaute-sante-complements-alimentaires-soins-et-bien-etre-au-meilleur-prix","8":"first","9":"instock","10":"sale","11":"taxable","12":"shipping-taxable","13":"purchasable","14":"product-type-simple"},"yoast_head":"<!-- This site is optimized with the Yoast SEO plugin v27.4 - https:\/\/yoast.com\/product\/yoast-seo-wordpress\/ -->\n<title>Fort\u00e9 Pharma TurboDraine Minceur P\u00e8che 500ml - Maroc Prix<\/title>\n<meta name=\"description\" content=\"Fort\u00e9 Pharma TurboDraine Minceur P\u00e8che 500ml\" \/>\n<meta name=\"robots\" content=\"index, follow, max-snippet:-1, max-image-preview:large, max-video-preview:-1\" \/>\n<link rel=\"canonical\" href=\"https:\/\/vitablanca.ma\/ar\/product-2\/forte-pharma-turbodraine-minceur-peche-500ml\/\" \/>\n<meta property=\"og:locale\" content=\"ar_AR\" \/>\n<meta property=\"og:type\" content=\"article\" \/>\n<meta property=\"og:title\" content=\"Fort\u00e9 Pharma TurboDraine Minceur P\u00e8che 500ml - Maroc Prix\" \/>\n<meta property=\"og:description\" content=\"Fort\u00e9 Pharma TurboDraine Minceur P\u00e8che 500ml\" \/>\n<meta property=\"og:url\" content=\"https:\/\/vitablanca.ma\/ar\/product-2\/forte-pharma-turbodraine-minceur-peche-500ml\/\" \/>\n<meta property=\"og:site_name\" content=\"Vitablanca.ma &ndash; Sant&eacute;, vitalit&eacute; et bien-&ecirc;tre pour tous les Marocains\" \/>\n<meta property=\"article:publisher\" content=\"https:\/\/www.facebook.com\/profile.php?id=61576678196717\" \/>\n<meta property=\"og:image\" content=\"https:\/\/vitablanca.ma\/wp-content\/uploads\/2025\/06\/Forte-Pharma-TurboDraine-Minceur-Peche-500ml-nova-parapharmacie-casablanca.jpg\" \/>\n\t<meta property=\"og:image:width\" content=\"1000\" \/>\n\t<meta property=\"og:image:height\" content=\"1000\" \/>\n\t<meta property=\"og:image:type\" content=\"image\/jpeg\" \/>\n<meta name=\"twitter:card\" content=\"summary_large_image\" \/>\n<meta name=\"twitter:label1\" content=\"\u0648\u0642\u062a \u0627\u0644\u0642\u0631\u0627\u0621\u0629 \u0627\u0644\u0645\u064f\u0642\u062f\u0651\u0631\" \/>\n\t<meta name=\"twitter:data1\" content=\"3 \u062f\u0642\u0627\u0626\u0642\" \/>\n<script type=\"application\/ld+json\" class=\"yoast-schema-graph\">{\"@context\":\"https:\\\/\\\/schema.org\",\"@graph\":[{\"@type\":[\"WebPage\",\"ItemPage\"],\"@id\":\"https:\\\/\\\/vitablanca.ma\\\/produit\\\/forte-pharma-turbodraine-minceur-peche-500ml\\\/\",\"url\":\"https:\\\/\\\/vitablanca.ma\\\/produit\\\/forte-pharma-turbodraine-minceur-peche-500ml\\\/\",\"name\":\"Fort\u00e9 Pharma TurboDraine Minceur P\u00e8che 500ml - Maroc Prix\",\"isPartOf\":{\"@id\":\"https:\\\/\\\/vitablanca.ma\\\/#website\"},\"primaryImageOfPage\":{\"@id\":\"https:\\\/\\\/vitablanca.ma\\\/produit\\\/forte-pharma-turbodraine-minceur-peche-500ml\\\/#primaryimage\"},\"image\":{\"@id\":\"https:\\\/\\\/vitablanca.ma\\\/produit\\\/forte-pharma-turbodraine-minceur-peche-500ml\\\/#primaryimage\"},\"thumbnailUrl\":\"https:\\\/\\\/vitablanca.ma\\\/wp-content\\\/uploads\\\/2025\\\/06\\\/Forte-Pharma-TurboDraine-Minceur-Peche-500ml-nova-parapharmacie-casablanca.jpg\",\"datePublished\":\"2025-06-10T17:20:48+00:00\",\"description\":\"Fort\u00e9 Pharma TurboDraine Minceur P\u00e8che 500ml\",\"breadcrumb\":{\"@id\":\"https:\\\/\\\/vitablanca.ma\\\/produit\\\/forte-pharma-turbodraine-minceur-peche-500ml\\\/#breadcrumb\"},\"inLanguage\":\"ar\",\"potentialAction\":[{\"@type\":\"ReadAction\",\"target\":[\"https:\\\/\\\/vitablanca.ma\\\/produit\\\/forte-pharma-turbodraine-minceur-peche-500ml\\\/\"]}]},{\"@type\":\"ImageObject\",\"inLanguage\":\"ar\",\"@id\":\"https:\\\/\\\/vitablanca.ma\\\/produit\\\/forte-pharma-turbodraine-minceur-peche-500ml\\\/#primaryimage\",\"url\":\"https:\\\/\\\/vitablanca.ma\\\/wp-content\\\/uploads\\\/2025\\\/06\\\/Forte-Pharma-TurboDraine-Minceur-Peche-500ml-nova-parapharmacie-casablanca.jpg\",\"contentUrl\":\"https:\\\/\\\/vitablanca.ma\\\/wp-content\\\/uploads\\\/2025\\\/06\\\/Forte-Pharma-TurboDraine-Minceur-Peche-500ml-nova-parapharmacie-casablanca.jpg\",\"width\":1000,\"height\":1000},{\"@type\":\"BreadcrumbList\",\"@id\":\"https:\\\/\\\/vitablanca.ma\\\/produit\\\/forte-pharma-turbodraine-minceur-peche-500ml\\\/#breadcrumb\",\"itemListElement\":[{\"@type\":\"ListItem\",\"position\":1,\"name\":\"Home\",\"item\":\"https:\\\/\\\/vitablanca.ma\\\/\"},{\"@type\":\"ListItem\",\"position\":2,\"name\":\"Tous Les Produits\",\"item\":\"https:\\\/\\\/vitablanca.ma\\\/tous-les-produits\\\/\"},{\"@type\":\"ListItem\",\"position\":3,\"name\":\"Fort\u00e9 Pharma TurboDraine Minceur P\u00e8che 500ml\"}]},{\"@type\":\"WebSite\",\"@id\":\"https:\\\/\\\/vitablanca.ma\\\/#website\",\"url\":\"https:\\\/\\\/vitablanca.ma\\\/\",\"name\":\"VitaBlanca.ma | Compl\u00e9ments alimentaires, sant\u00e9 & beaut\u00e9 au Maroc\",\"description\":\"vendre vitamines et compl\u00e9ments premium des USA &amp; Canada, Nouvelle Z\u00e9lande,Maroc (NOW Foods, Solgar, Manuka). Livraison rapide partout au Maroc.\",\"publisher\":{\"@id\":\"https:\\\/\\\/vitablanca.ma\\\/#organization\"},\"alternateName\":\"VitaBlanca.ma\",\"potentialAction\":[{\"@type\":\"SearchAction\",\"target\":{\"@type\":\"EntryPoint\",\"urlTemplate\":\"https:\\\/\\\/vitablanca.ma\\\/?s={search_term_string}\"},\"query-input\":{\"@type\":\"PropertyValueSpecification\",\"valueRequired\":true,\"valueName\":\"search_term_string\"}}],\"inLanguage\":\"ar\"},{\"@type\":\"Organization\",\"@id\":\"https:\\\/\\\/vitablanca.ma\\\/#organization\",\"name\":\"VitaBlanca\",\"url\":\"https:\\\/\\\/vitablanca.ma\\\/\",\"logo\":{\"@type\":\"ImageObject\",\"inLanguage\":\"ar\",\"@id\":\"https:\\\/\\\/vitablanca.ma\\\/#\\\/schema\\\/logo\\\/image\\\/\",\"url\":\"https:\\\/\\\/vitablanca.ma\\\/wp-content\\\/uploads\\\/2025\\\/05\\\/cropped-vitablanca.png\",\"contentUrl\":\"https:\\\/\\\/vitablanca.ma\\\/wp-content\\\/uploads\\\/2025\\\/05\\\/cropped-vitablanca.png\",\"width\":360,\"height\":67,\"caption\":\"VitaBlanca\"},\"image\":{\"@id\":\"https:\\\/\\\/vitablanca.ma\\\/#\\\/schema\\\/logo\\\/image\\\/\"},\"sameAs\":[\"https:\\\/\\\/www.facebook.com\\\/profile.php?id=61576678196717\",\"https:\\\/\\\/www.tiktok.com\\\/@vitablanca.ma\",\"https:\\\/\\\/www.instagram.com\\\/vitablanca.ma\\\/\"]}]}<\/script>\n<!-- \/ Yoast SEO plugin. -->","yoast_head_json":{"title":"Fort\u00e9 Pharma TurboDraine Minceur P\u00e8che 500ml - Maroc Prix","description":"\u0641\u0648\u0631\u062a\u064a\u0647 \u0641\u0627\u0631\u0645\u0627 \u062a\u0648\u0631\u0628\u0648\u062f\u0631\u064a\u0646 \u0633\u0644\u064a\u0645\u0646\u062c \u0628\u064a\u062a\u0634 500 \u0645\u0644","robots":{"index":"index","follow":"follow","max-snippet":"max-snippet:-1","max-image-preview":"max-image-preview:large","max-video-preview":"max-video-preview:-1"},"canonical":"https:\/\/vitablanca.ma\/ar\/product-2\/forte-pharma-turbodraine-minceur-peche-500ml\/","og_locale":"ar_AR","og_type":"article","og_title":"Fort\u00e9 Pharma TurboDraine Minceur P\u00e8che 500ml - Maroc Prix","og_description":"Fort\u00e9 Pharma TurboDraine Minceur P\u00e8che 500ml","og_url":"https:\/\/vitablanca.ma\/ar\/product-2\/forte-pharma-turbodraine-minceur-peche-500ml\/","og_site_name":"Vitablanca.ma &ndash; Sant&eacute;, vitalit&eacute; et bien-&ecirc;tre pour tous les Marocains","article_publisher":"https:\/\/www.facebook.com\/profile.php?id=61576678196717","og_image":[{"width":1000,"height":1000,"url":"https:\/\/vitablanca.ma\/wp-content\/uploads\/2025\/06\/Forte-Pharma-TurboDraine-Minceur-Peche-500ml-nova-parapharmacie-casablanca.jpg","type":"image\/jpeg"}],"twitter_card":"summary_large_image","twitter_misc":{"\u0648\u0642\u062a \u0627\u0644\u0642\u0631\u0627\u0621\u0629 \u0627\u0644\u0645\u064f\u0642\u062f\u0651\u0631":"3 \u062f\u0642\u0627\u0626\u0642"},"schema":{"@context":"https:\/\/schema.org","@graph":[{"@type":["WebPage","ItemPage"],"@id":"https:\/\/vitablanca.ma\/produit\/forte-pharma-turbodraine-minceur-peche-500ml\/","url":"https:\/\/vitablanca.ma\/produit\/forte-pharma-turbodraine-minceur-peche-500ml\/","name":"Fort\u00e9 Pharma TurboDraine Minceur P\u00e8che 500ml - Maroc Prix","isPartOf":{"@id":"https:\/\/vitablanca.ma\/#website"},"primaryImageOfPage":{"@id":"https:\/\/vitablanca.ma\/produit\/forte-pharma-turbodraine-minceur-peche-500ml\/#primaryimage"},"image":{"@id":"https:\/\/vitablanca.ma\/produit\/forte-pharma-turbodraine-minceur-peche-500ml\/#primaryimage"},"thumbnailUrl":"https:\/\/vitablanca.ma\/wp-content\/uploads\/2025\/06\/Forte-Pharma-TurboDraine-Minceur-Peche-500ml-nova-parapharmacie-casablanca.jpg","datePublished":"2025-06-10T17:20:48+00:00","description":"\u0641\u0648\u0631\u062a\u064a\u0647 \u0641\u0627\u0631\u0645\u0627 \u062a\u0648\u0631\u0628\u0648\u062f\u0631\u064a\u0646 \u0633\u0644\u064a\u0645\u0646\u062c \u0628\u064a\u062a\u0634 500 \u0645\u0644","breadcrumb":{"@id":"https:\/\/vitablanca.ma\/produit\/forte-pharma-turbodraine-minceur-peche-500ml\/#breadcrumb"},"inLanguage":"ar","potentialAction":[{"@type":"ReadAction","target":["https:\/\/vitablanca.ma\/produit\/forte-pharma-turbodraine-minceur-peche-500ml\/"]}]},{"@type":"ImageObject","inLanguage":"ar","@id":"https:\/\/vitablanca.ma\/produit\/forte-pharma-turbodraine-minceur-peche-500ml\/#primaryimage","url":"https:\/\/vitablanca.ma\/wp-content\/uploads\/2025\/06\/Forte-Pharma-TurboDraine-Minceur-Peche-500ml-nova-parapharmacie-casablanca.jpg","contentUrl":"https:\/\/vitablanca.ma\/wp-content\/uploads\/2025\/06\/Forte-Pharma-TurboDraine-Minceur-Peche-500ml-nova-parapharmacie-casablanca.jpg","width":1000,"height":1000},{"@type":"BreadcrumbList","@id":"https:\/\/vitablanca.ma\/produit\/forte-pharma-turbodraine-minceur-peche-500ml\/#breadcrumb","itemListElement":[{"@type":"ListItem","position":1,"name":"Home","item":"https:\/\/vitablanca.ma\/"},{"@type":"ListItem","position":2,"name":"Tous Les Produits","item":"https:\/\/vitablanca.ma\/tous-les-produits\/"},{"@type":"ListItem","position":3,"name":"Fort\u00e9 Pharma TurboDraine Minceur P\u00e8che 500ml"}]},{"@type":"WebSite","@id":"https:\/\/vitablanca.ma\/#website","url":"https:\/\/vitablanca.ma\/","name":"VitaBlanca.ma | \u0627\u0644\u0645\u0643\u0645\u0644\u0627\u062a \u0627\u0644\u063a\u0630\u0627\u0626\u064a\u0629\u060c \u0627\u0644\u0635\u062d\u0629 \u0648\u0627\u0644\u062c\u0645\u0627\u0644 \u0641\u064a \u0627\u0644\u0645\u063a\u0631\u0628","description":"\u0646\u0628\u064a\u0639 \u0641\u064a\u062a\u0627\u0645\u064a\u0646\u0627\u062a \u0648\u0645\u0643\u0645\u0644\u0627\u062a \u063a\u0630\u0627\u0626\u064a\u0629 \u0641\u0627\u062e\u0631\u0629 \u0645\u0646 \u0627\u0644\u0648\u0644\u0627\u064a\u0627\u062a \u0627\u0644\u0645\u062a\u062d\u062f\u0629 \u0627\u0644\u0623\u0645\u0631\u064a\u0643\u064a\u0629 \u0648\u0643\u0646\u062f\u0627 \u0648\u0646\u064a\u0648\u0632\u064a\u0644\u0646\u062f\u0627 \u0648\u0627\u0644\u0645\u063a\u0631\u0628 (\u0646\u0627\u0648 \u0641\u0648\u062f\u0632\u060c \u0633\u0648\u0644\u062c\u0627\u0631\u060c \u0645\u0627\u0646\u0648\u0643\u0627). \u062a\u0648\u0635\u064a\u0644 \u0633\u0631\u064a\u0639 \u0625\u0644\u0649 \u062c\u0645\u064a\u0639 \u0623\u0646\u062d\u0627\u0621 \u0627\u0644\u0645\u063a\u0631\u0628.","publisher":{"@id":"https:\/\/vitablanca.ma\/#organization"},"alternateName":"VitaBlanca.ma","potentialAction":[{"@type":"SearchAction","target":{"@type":"EntryPoint","urlTemplate":"https:\/\/vitablanca.ma\/?s={search_term_string}"},"query-input":{"@type":"PropertyValueSpecification","valueRequired":true,"valueName":"search_term_string"}}],"inLanguage":"ar"},{"@type":"Organization","@id":"https:\/\/vitablanca.ma\/#organization","name":"\u0641\u064a\u062a\u0627\u0628\u0644\u0627\u0646\u0643\u0627","url":"https:\/\/vitablanca.ma\/","logo":{"@type":"ImageObject","inLanguage":"ar","@id":"https:\/\/vitablanca.ma\/#\/schema\/logo\/image\/","url":"https:\/\/vitablanca.ma\/wp-content\/uploads\/2025\/05\/cropped-vitablanca.png","contentUrl":"https:\/\/vitablanca.ma\/wp-content\/uploads\/2025\/05\/cropped-vitablanca.png","width":360,"height":67,"caption":"VitaBlanca"},"image":{"@id":"https:\/\/vitablanca.ma\/#\/schema\/logo\/image\/"},"sameAs":["https:\/\/www.facebook.com\/profile.php?id=61576678196717","https:\/\/www.tiktok.com\/@vitablanca.ma","https:\/\/www.instagram.com\/vitablanca.ma\/"]}]}},"jetpack_sharing_enabled":true,"_links":{"self":[{"href":"https:\/\/vitablanca.ma\/ar\/wp-json\/wp\/v2\/product\/18356","targetHints":{"allow":["GET"]}}],"collection":[{"href":"https:\/\/vitablanca.ma\/ar\/wp-json\/wp\/v2\/product"}],"about":[{"href":"https:\/\/vitablanca.ma\/ar\/wp-json\/wp\/v2\/types\/product"}],"wp:featuredmedia":[{"embeddable":true,"href":"https:\/\/vitablanca.ma\/ar\/wp-json\/wp\/v2\/media\/18354"}],"wp:attachment":[{"href":"https:\/\/vitablanca.ma\/ar\/wp-json\/wp\/v2\/media?parent=18356"}],"wp:term":[{"taxonomy":"product_brand","embeddable":true,"href":"https:\/\/vitablanca.ma\/ar\/wp-json\/wp\/v2\/product_brand?post=18356"},{"taxonomy":"product_cat","embeddable":true,"href":"https:\/\/vitablanca.ma\/ar\/wp-json\/wp\/v2\/product_cat?post=18356"},{"taxonomy":"product_tag","embeddable":true,"href":"https:\/\/vitablanca.ma\/ar\/wp-json\/wp\/v2\/product_tag?post=18356"}],"curies":[{"name":"wp","href":"https:\/\/api.w.org\/{rel}","templated":true}]}}