{"id":183,"date":"2025-04-16T22:38:00","date_gmt":"2025-04-16T22:38:00","guid":{"rendered":"https:\/\/vitablanca.ma\/?post_type=product&#038;p=183"},"modified":"2025-08-30T21:29:09","modified_gmt":"2025-08-30T21:29:09","slug":"country-life-propolis-dabeille-500-mg-propolis-dabeille-issue100-capsules-vegetariennes","status":"publish","type":"product","link":"https:\/\/vitablanca.ma\/ar\/product-2\/country-life-propolis-dabeille-500-mg-propolis-dabeille-issue100-capsules-vegetariennes\/","title":{"rendered":"Country Life propolis d&rsquo;abeille, 500 mg, [propolis d&rsquo;abeille issue]100 capsules v\u00e9g\u00e9tariennes"},"content":{"rendered":"<p>La propolis est une substance fabriqu\u00e9e par les abeilles et associ\u00e9e \u00e0 la cire d\u2019abeille pour aider \u00e0 l\u2019entretien et \u00e0 la protection de la ruche. Les capsules de propolis d\u2019abeille de Country Life sont d\u00e9riv\u00e9es \u00e0 100 % d\u2019extrait de propolis d\u2019abeille provenant de v\u00e9ritables ruches.<br \/>\nOUI Certifi\u00e9e sans gluten par GFCO.org NON Levure, bl\u00e9 ou sojaOUI Certifi\u00e9e v\u00e9g\u00e9tarienne par l\u2019AVA NON Lait, sel ou sucreOUI Emballage recyclable NON ConservateursOUI Fabrication soutenant l\u2019\u00e9nergie \u00e9olienne NON Colorants, ar\u00f4mes ou \u00e9dulcorants artificielsOUI Casher Ce produit a \u00e9t\u00e9 fabriqu\u00e9 dans un \u00e9tablissement respectant les Bonnes Pratiques de Fabrication (BPF).<br \/>\nUsage sugg\u00e9r\u00e9Chez l\u2019adulte, prenez deux (2) capsules par jour. Pour rappel, discutez des compl\u00e9ments et des m\u00e9dicaments que vous prenez avec vos professionnels de la sant\u00e9.<\/p>","protected":false},"excerpt":{"rendered":"<ul>\n<li>500 \u0645\u0644\u063a \u0644\u0643\u0644 \u0648\u062c\u0628\u0629<\/li>\n<li>\u0645\u0646\u062a\u062c \u0645\u0639\u062a\u0645\u062f \u062e\u0627\u0644\u064d \u0645\u0646 \u0627\u0644\u063a\u0644\u0648\u062a\u064a\u0646<\/li>\n<li>\u0645\u0643\u0645\u0644 \u063a\u0630\u0627\u0626\u064a<\/li>\n<li>\u0643\u0648\u0634\u064a\u0631<\/li>\n<\/ul>","protected":false},"featured_media":184,"template":"","meta":{"om_disable_all_campaigns":false},"product_brand":[188],"product_cat":[18,3366,187,20,19],"product_tag":[162,192,191,194,190,193,189],"class_list":{"0":"post-183","1":"product","2":"type-product","3":"status-publish","4":"has-post-thumbnail","6":"product_brand-country-life-maroc","7":"product_cat-beaute-sante","8":"product_cat-complements-alimentaires-au-maroc-vitablanca","9":"product_cat-gelee-royale","10":"product_cat-supplements","11":"product_cat-vitamines-supplements-dietetiques","12":"product_tag-100-capsules-vegetariennes","13":"product_tag-country-life-iherb","14":"product_tag-country-life-maroc","15":"product_tag-country-life-prix","16":"product_tag-country-life-propolis","17":"product_tag-country-life-rabat","18":"product_tag-propolis","20":"first","21":"instock","22":"sale","23":"taxable","24":"shipping-taxable","25":"purchasable","26":"product-type-simple"},"yoast_head":"<!-- This site is optimized with the Yoast SEO plugin v27.5 - https:\/\/yoast.com\/product\/yoast-seo-wordpress\/ -->\n<title>Country Life Propolis d&#039;Abeille 500 mg - 100 Veg Caps - Maroc Prix<\/title>\n<meta name=\"description\" content=\"Achetez Country Life Propolis d&#039;Abeille 500 mg au Maroc. 100 capsules v\u00e9g\u00e9tariennes pour un soutien immunitaire et antioxydant naturel.\" \/>\n<meta name=\"robots\" content=\"index, follow, max-snippet:-1, max-image-preview:large, max-video-preview:-1\" \/>\n<link rel=\"canonical\" href=\"https:\/\/vitablanca.ma\/ar\/product-2\/country-life-propolis-dabeille-500-mg-propolis-dabeille-issue100-capsules-vegetariennes\/\" \/>\n<meta property=\"og:locale\" content=\"ar_AR\" \/>\n<meta property=\"og:type\" content=\"article\" \/>\n<meta property=\"og:title\" content=\"Country Life Propolis d&#039;Abeille 500 mg - 100 Veg Caps - Maroc Prix\" \/>\n<meta property=\"og:description\" content=\"Achetez Country Life Propolis d&#039;Abeille 500 mg au Maroc. 100 capsules v\u00e9g\u00e9tariennes pour un soutien immunitaire et antioxydant naturel.\" \/>\n<meta property=\"og:url\" content=\"https:\/\/vitablanca.ma\/ar\/product-2\/country-life-propolis-dabeille-500-mg-propolis-dabeille-issue100-capsules-vegetariennes\/\" \/>\n<meta property=\"og:site_name\" content=\"Vitablanca.ma &ndash; Sant&eacute;, vitalit&eacute; et bien-&ecirc;tre pour tous les Marocains\" \/>\n<meta property=\"article:publisher\" content=\"https:\/\/www.facebook.com\/profile.php?id=61576678196717\" \/>\n<meta property=\"article:modified_time\" content=\"2025-08-30T21:29:09+00:00\" \/>\n<meta property=\"og:image\" content=\"https:\/\/vitablanca.ma\/wp-content\/uploads\/2025\/04\/propolis-dabeille-500-mg-propolis-dabeille-issue100-capsules-.jpg\" \/>\n\t<meta property=\"og:image:width\" content=\"680\" \/>\n\t<meta property=\"og:image:height\" content=\"680\" \/>\n\t<meta property=\"og:image:type\" content=\"image\/jpeg\" \/>\n<meta name=\"twitter:card\" content=\"summary_large_image\" \/>\n<meta name=\"twitter:label1\" content=\"\u0648\u0642\u062a \u0627\u0644\u0642\u0631\u0627\u0621\u0629 \u0627\u0644\u0645\u064f\u0642\u062f\u0651\u0631\" \/>\n\t<meta name=\"twitter:data1\" content=\"\u062f\u0642\u064a\u0642\u0629 \u0648\u0627\u062d\u062f\u0629\" \/>\n<script type=\"application\/ld+json\" class=\"yoast-schema-graph\">{\"@context\":\"https:\\\/\\\/schema.org\",\"@graph\":[{\"@type\":[\"WebPage\",\"ItemPage\"],\"@id\":\"https:\\\/\\\/vitablanca.ma\\\/produit\\\/country-life-propolis-dabeille-500-mg-propolis-dabeille-issue100-capsules-vegetariennes\\\/\",\"url\":\"https:\\\/\\\/vitablanca.ma\\\/produit\\\/country-life-propolis-dabeille-500-mg-propolis-dabeille-issue100-capsules-vegetariennes\\\/\",\"name\":\"Country Life Propolis d'Abeille 500 mg - 100 Veg Caps - Maroc Prix\",\"isPartOf\":{\"@id\":\"https:\\\/\\\/vitablanca.ma\\\/#website\"},\"primaryImageOfPage\":{\"@id\":\"https:\\\/\\\/vitablanca.ma\\\/produit\\\/country-life-propolis-dabeille-500-mg-propolis-dabeille-issue100-capsules-vegetariennes\\\/#primaryimage\"},\"image\":{\"@id\":\"https:\\\/\\\/vitablanca.ma\\\/produit\\\/country-life-propolis-dabeille-500-mg-propolis-dabeille-issue100-capsules-vegetariennes\\\/#primaryimage\"},\"thumbnailUrl\":\"https:\\\/\\\/vitablanca.ma\\\/wp-content\\\/uploads\\\/2025\\\/04\\\/propolis-dabeille-500-mg-propolis-dabeille-issue100-capsules-.jpg\",\"datePublished\":\"2025-04-16T22:38:00+00:00\",\"dateModified\":\"2025-08-30T21:29:09+00:00\",\"description\":\"Achetez Country Life Propolis d'Abeille 500 mg au Maroc. 100 capsules v\u00e9g\u00e9tariennes pour un soutien immunitaire et antioxydant naturel.\",\"breadcrumb\":{\"@id\":\"https:\\\/\\\/vitablanca.ma\\\/produit\\\/country-life-propolis-dabeille-500-mg-propolis-dabeille-issue100-capsules-vegetariennes\\\/#breadcrumb\"},\"inLanguage\":\"ar\",\"potentialAction\":[{\"@type\":\"ReadAction\",\"target\":[\"https:\\\/\\\/vitablanca.ma\\\/produit\\\/country-life-propolis-dabeille-500-mg-propolis-dabeille-issue100-capsules-vegetariennes\\\/\"]}]},{\"@type\":\"ImageObject\",\"inLanguage\":\"ar\",\"@id\":\"https:\\\/\\\/vitablanca.ma\\\/produit\\\/country-life-propolis-dabeille-500-mg-propolis-dabeille-issue100-capsules-vegetariennes\\\/#primaryimage\",\"url\":\"https:\\\/\\\/vitablanca.ma\\\/wp-content\\\/uploads\\\/2025\\\/04\\\/propolis-dabeille-500-mg-propolis-dabeille-issue100-capsules-.jpg\",\"contentUrl\":\"https:\\\/\\\/vitablanca.ma\\\/wp-content\\\/uploads\\\/2025\\\/04\\\/propolis-dabeille-500-mg-propolis-dabeille-issue100-capsules-.jpg\",\"width\":680,\"height\":680},{\"@type\":\"BreadcrumbList\",\"@id\":\"https:\\\/\\\/vitablanca.ma\\\/produit\\\/country-life-propolis-dabeille-500-mg-propolis-dabeille-issue100-capsules-vegetariennes\\\/#breadcrumb\",\"itemListElement\":[{\"@type\":\"ListItem\",\"position\":1,\"name\":\"Home\",\"item\":\"https:\\\/\\\/vitablanca.ma\\\/\"},{\"@type\":\"ListItem\",\"position\":2,\"name\":\"Tous Les Produits\",\"item\":\"https:\\\/\\\/vitablanca.ma\\\/tous-les-produits\\\/\"},{\"@type\":\"ListItem\",\"position\":3,\"name\":\"Country Life propolis d&#8217;abeille, 500 mg, [propolis d&#8217;abeille issue]100 capsules v\u00e9g\u00e9tariennes\"}]},{\"@type\":\"WebSite\",\"@id\":\"https:\\\/\\\/vitablanca.ma\\\/#website\",\"url\":\"https:\\\/\\\/vitablanca.ma\\\/\",\"name\":\"VitaBlanca.ma | Compl\u00e9ments alimentaires, sant\u00e9 & beaut\u00e9 au Maroc\",\"description\":\"vendre vitamines et compl\u00e9ments premium des USA &amp; Canada, Nouvelle Z\u00e9lande,Maroc (NOW Foods, Solgar, Manuka). Livraison rapide partout au Maroc.\",\"publisher\":{\"@id\":\"https:\\\/\\\/vitablanca.ma\\\/#organization\"},\"alternateName\":\"VitaBlanca.ma\",\"potentialAction\":[{\"@type\":\"SearchAction\",\"target\":{\"@type\":\"EntryPoint\",\"urlTemplate\":\"https:\\\/\\\/vitablanca.ma\\\/?s={search_term_string}\"},\"query-input\":{\"@type\":\"PropertyValueSpecification\",\"valueRequired\":true,\"valueName\":\"search_term_string\"}}],\"inLanguage\":\"ar\"},{\"@type\":\"Organization\",\"@id\":\"https:\\\/\\\/vitablanca.ma\\\/#organization\",\"name\":\"VitaBlanca\",\"url\":\"https:\\\/\\\/vitablanca.ma\\\/\",\"logo\":{\"@type\":\"ImageObject\",\"inLanguage\":\"ar\",\"@id\":\"https:\\\/\\\/vitablanca.ma\\\/#\\\/schema\\\/logo\\\/image\\\/\",\"url\":\"https:\\\/\\\/vitablanca.ma\\\/wp-content\\\/uploads\\\/2025\\\/05\\\/cropped-vitablanca.png\",\"contentUrl\":\"https:\\\/\\\/vitablanca.ma\\\/wp-content\\\/uploads\\\/2025\\\/05\\\/cropped-vitablanca.png\",\"width\":360,\"height\":67,\"caption\":\"VitaBlanca\"},\"image\":{\"@id\":\"https:\\\/\\\/vitablanca.ma\\\/#\\\/schema\\\/logo\\\/image\\\/\"},\"sameAs\":[\"https:\\\/\\\/www.facebook.com\\\/profile.php?id=61576678196717\",\"https:\\\/\\\/www.tiktok.com\\\/@vitablanca.ma\",\"https:\\\/\\\/www.instagram.com\\\/vitablanca.ma\\\/\"]}]}<\/script>\n<!-- \/ Yoast SEO plugin. -->","yoast_head_json":{"title":"\u062f\u0646\u062c \u0627\u0644\u0646\u062d\u0644 \u0645\u0646 \u0643\u0627\u0646\u062a\u0631\u064a \u0644\u0627\u064a\u0641 \u0665\u0660\u0660 \u0645\u0644\u063a - \u0661\u0660\u0660 \u0643\u0628\u0633\u0648\u0644\u0629 \u0646\u0628\u0627\u062a\u064a\u0629 - \u0633\u0639\u0631 \u0627\u0644\u0645\u063a\u0631\u0628","description":"\u0627\u0634\u062a\u0631\u064a Country Life Bee Propolis 500 mg \u0641\u064a \u0627\u0644\u0645\u063a\u0631\u0628. 100 \u0643\u0628\u0633\u0648\u0644\u0629 \u0646\u0628\u0627\u062a\u064a\u0629 \u0644\u062f\u0639\u0645 \u0627\u0644\u0645\u0646\u0627\u0639\u0629 \u0627\u0644\u0637\u0628\u064a\u0639\u064a\u0629 \u0648\u0645\u0636\u0627\u062f\u0627\u062a \u0627\u0644\u0623\u0643\u0633\u062f\u0629.","robots":{"index":"index","follow":"follow","max-snippet":"max-snippet:-1","max-image-preview":"max-image-preview:large","max-video-preview":"max-video-preview:-1"},"canonical":"https:\/\/vitablanca.ma\/ar\/product-2\/country-life-propolis-dabeille-500-mg-propolis-dabeille-issue100-capsules-vegetariennes\/","og_locale":"ar_AR","og_type":"article","og_title":"Country Life Propolis d'Abeille 500 mg - 100 Veg Caps - Maroc Prix","og_description":"Achetez Country Life Propolis d'Abeille 500 mg au Maroc. 100 capsules v\u00e9g\u00e9tariennes pour un soutien immunitaire et antioxydant naturel.","og_url":"https:\/\/vitablanca.ma\/ar\/product-2\/country-life-propolis-dabeille-500-mg-propolis-dabeille-issue100-capsules-vegetariennes\/","og_site_name":"Vitablanca.ma &ndash; Sant&eacute;, vitalit&eacute; et bien-&ecirc;tre pour tous les Marocains","article_publisher":"https:\/\/www.facebook.com\/profile.php?id=61576678196717","article_modified_time":"2025-08-30T21:29:09+00:00","og_image":[{"width":680,"height":680,"url":"https:\/\/vitablanca.ma\/wp-content\/uploads\/2025\/04\/propolis-dabeille-500-mg-propolis-dabeille-issue100-capsules-.jpg","type":"image\/jpeg"}],"twitter_card":"summary_large_image","twitter_misc":{"\u0648\u0642\u062a \u0627\u0644\u0642\u0631\u0627\u0621\u0629 \u0627\u0644\u0645\u064f\u0642\u062f\u0651\u0631":"\u062f\u0642\u064a\u0642\u0629 \u0648\u0627\u062d\u062f\u0629"},"schema":{"@context":"https:\/\/schema.org","@graph":[{"@type":["WebPage","ItemPage"],"@id":"https:\/\/vitablanca.ma\/produit\/country-life-propolis-dabeille-500-mg-propolis-dabeille-issue100-capsules-vegetariennes\/","url":"https:\/\/vitablanca.ma\/produit\/country-life-propolis-dabeille-500-mg-propolis-dabeille-issue100-capsules-vegetariennes\/","name":"\u062f\u0646\u062c \u0627\u0644\u0646\u062d\u0644 \u0645\u0646 \u0643\u0627\u0646\u062a\u0631\u064a \u0644\u0627\u064a\u0641 \u0665\u0660\u0660 \u0645\u0644\u063a - \u0661\u0660\u0660 \u0643\u0628\u0633\u0648\u0644\u0629 \u0646\u0628\u0627\u062a\u064a\u0629 - \u0633\u0639\u0631 \u0627\u0644\u0645\u063a\u0631\u0628","isPartOf":{"@id":"https:\/\/vitablanca.ma\/#website"},"primaryImageOfPage":{"@id":"https:\/\/vitablanca.ma\/produit\/country-life-propolis-dabeille-500-mg-propolis-dabeille-issue100-capsules-vegetariennes\/#primaryimage"},"image":{"@id":"https:\/\/vitablanca.ma\/produit\/country-life-propolis-dabeille-500-mg-propolis-dabeille-issue100-capsules-vegetariennes\/#primaryimage"},"thumbnailUrl":"https:\/\/vitablanca.ma\/wp-content\/uploads\/2025\/04\/propolis-dabeille-500-mg-propolis-dabeille-issue100-capsules-.jpg","datePublished":"2025-04-16T22:38:00+00:00","dateModified":"2025-08-30T21:29:09+00:00","description":"\u0627\u0634\u062a\u0631\u064a Country Life Bee Propolis 500 mg \u0641\u064a \u0627\u0644\u0645\u063a\u0631\u0628. 100 \u0643\u0628\u0633\u0648\u0644\u0629 \u0646\u0628\u0627\u062a\u064a\u0629 \u0644\u062f\u0639\u0645 \u0627\u0644\u0645\u0646\u0627\u0639\u0629 \u0627\u0644\u0637\u0628\u064a\u0639\u064a\u0629 \u0648\u0645\u0636\u0627\u062f\u0627\u062a \u0627\u0644\u0623\u0643\u0633\u062f\u0629.","breadcrumb":{"@id":"https:\/\/vitablanca.ma\/produit\/country-life-propolis-dabeille-500-mg-propolis-dabeille-issue100-capsules-vegetariennes\/#breadcrumb"},"inLanguage":"ar","potentialAction":[{"@type":"ReadAction","target":["https:\/\/vitablanca.ma\/produit\/country-life-propolis-dabeille-500-mg-propolis-dabeille-issue100-capsules-vegetariennes\/"]}]},{"@type":"ImageObject","inLanguage":"ar","@id":"https:\/\/vitablanca.ma\/produit\/country-life-propolis-dabeille-500-mg-propolis-dabeille-issue100-capsules-vegetariennes\/#primaryimage","url":"https:\/\/vitablanca.ma\/wp-content\/uploads\/2025\/04\/propolis-dabeille-500-mg-propolis-dabeille-issue100-capsules-.jpg","contentUrl":"https:\/\/vitablanca.ma\/wp-content\/uploads\/2025\/04\/propolis-dabeille-500-mg-propolis-dabeille-issue100-capsules-.jpg","width":680,"height":680},{"@type":"BreadcrumbList","@id":"https:\/\/vitablanca.ma\/produit\/country-life-propolis-dabeille-500-mg-propolis-dabeille-issue100-capsules-vegetariennes\/#breadcrumb","itemListElement":[{"@type":"ListItem","position":1,"name":"Home","item":"https:\/\/vitablanca.ma\/"},{"@type":"ListItem","position":2,"name":"Tous Les Produits","item":"https:\/\/vitablanca.ma\/tous-les-produits\/"},{"@type":"ListItem","position":3,"name":"Country Life propolis d&#8217;abeille, 500 mg, [propolis d&#8217;abeille issue]100 capsules v\u00e9g\u00e9tariennes"}]},{"@type":"WebSite","@id":"https:\/\/vitablanca.ma\/#website","url":"https:\/\/vitablanca.ma\/","name":"VitaBlanca.ma | \u0627\u0644\u0645\u0643\u0645\u0644\u0627\u062a \u0627\u0644\u063a\u0630\u0627\u0626\u064a\u0629\u060c \u0627\u0644\u0635\u062d\u0629 \u0648\u0627\u0644\u062c\u0645\u0627\u0644 \u0641\u064a \u0627\u0644\u0645\u063a\u0631\u0628","description":"\u0646\u0628\u064a\u0639 \u0641\u064a\u062a\u0627\u0645\u064a\u0646\u0627\u062a \u0648\u0645\u0643\u0645\u0644\u0627\u062a \u063a\u0630\u0627\u0626\u064a\u0629 \u0641\u0627\u062e\u0631\u0629 \u0645\u0646 \u0627\u0644\u0648\u0644\u0627\u064a\u0627\u062a \u0627\u0644\u0645\u062a\u062d\u062f\u0629 \u0627\u0644\u0623\u0645\u0631\u064a\u0643\u064a\u0629 \u0648\u0643\u0646\u062f\u0627 \u0648\u0646\u064a\u0648\u0632\u064a\u0644\u0646\u062f\u0627 \u0648\u0627\u0644\u0645\u063a\u0631\u0628 (\u0646\u0627\u0648 \u0641\u0648\u062f\u0632\u060c \u0633\u0648\u0644\u062c\u0627\u0631\u060c \u0645\u0627\u0646\u0648\u0643\u0627). \u062a\u0648\u0635\u064a\u0644 \u0633\u0631\u064a\u0639 \u0625\u0644\u0649 \u062c\u0645\u064a\u0639 \u0623\u0646\u062d\u0627\u0621 \u0627\u0644\u0645\u063a\u0631\u0628.","publisher":{"@id":"https:\/\/vitablanca.ma\/#organization"},"alternateName":"VitaBlanca.ma","potentialAction":[{"@type":"SearchAction","target":{"@type":"EntryPoint","urlTemplate":"https:\/\/vitablanca.ma\/?s={search_term_string}"},"query-input":{"@type":"PropertyValueSpecification","valueRequired":true,"valueName":"search_term_string"}}],"inLanguage":"ar"},{"@type":"Organization","@id":"https:\/\/vitablanca.ma\/#organization","name":"\u0641\u064a\u062a\u0627\u0628\u0644\u0627\u0646\u0643\u0627","url":"https:\/\/vitablanca.ma\/","logo":{"@type":"ImageObject","inLanguage":"ar","@id":"https:\/\/vitablanca.ma\/#\/schema\/logo\/image\/","url":"https:\/\/vitablanca.ma\/wp-content\/uploads\/2025\/05\/cropped-vitablanca.png","contentUrl":"https:\/\/vitablanca.ma\/wp-content\/uploads\/2025\/05\/cropped-vitablanca.png","width":360,"height":67,"caption":"VitaBlanca"},"image":{"@id":"https:\/\/vitablanca.ma\/#\/schema\/logo\/image\/"},"sameAs":["https:\/\/www.facebook.com\/profile.php?id=61576678196717","https:\/\/www.tiktok.com\/@vitablanca.ma","https:\/\/www.instagram.com\/vitablanca.ma\/"]}]}},"jetpack_sharing_enabled":true,"_links":{"self":[{"href":"https:\/\/vitablanca.ma\/ar\/wp-json\/wp\/v2\/product\/183","targetHints":{"allow":["GET"]}}],"collection":[{"href":"https:\/\/vitablanca.ma\/ar\/wp-json\/wp\/v2\/product"}],"about":[{"href":"https:\/\/vitablanca.ma\/ar\/wp-json\/wp\/v2\/types\/product"}],"wp:featuredmedia":[{"embeddable":true,"href":"https:\/\/vitablanca.ma\/ar\/wp-json\/wp\/v2\/media\/184"}],"wp:attachment":[{"href":"https:\/\/vitablanca.ma\/ar\/wp-json\/wp\/v2\/media?parent=183"}],"wp:term":[{"taxonomy":"product_brand","embeddable":true,"href":"https:\/\/vitablanca.ma\/ar\/wp-json\/wp\/v2\/product_brand?post=183"},{"taxonomy":"product_cat","embeddable":true,"href":"https:\/\/vitablanca.ma\/ar\/wp-json\/wp\/v2\/product_cat?post=183"},{"taxonomy":"product_tag","embeddable":true,"href":"https:\/\/vitablanca.ma\/ar\/wp-json\/wp\/v2\/product_tag?post=183"}],"curies":[{"name":"wp","href":"https:\/\/api.w.org\/{rel}","templated":true}]}}