{"id":18276,"date":"2025-06-10T17:19:35","date_gmt":"2025-06-10T17:19:35","guid":{"rendered":"https:\/\/vitablanca.ma\/product\/forte-pharma-acerola-vitamine-c-12-comprimes\/"},"modified":"2025-06-10T17:19:35","modified_gmt":"2025-06-10T17:19:35","slug":"forte-pharma-acerola-vitamine-c-12-comprimes","status":"publish","type":"product","link":"https:\/\/vitablanca.ma\/ar\/product-2\/forte-pharma-acerola-vitamine-c-12-comprimes\/","title":{"rendered":"\u0641\u0648\u0631\u062a\u064a \u0641\u0627\u0631\u0645\u0627 \u0643\u0631\u0632 \u0647\u0646\u062f\u064a \u0641\u064a\u062a\u0627\u0645\u064a\u0646 C 12 \u0623\u0642\u0631\u0627\u0635"},"content":{"rendered":"<h2><span data-mce-fragment=\"1\">Fort\u00e9 Pharma Ac\u00e9rola Vitamine C\u00a0<\/span><\/h2>\n<div class=\"jb-product-collateral\">\n<div class=\"tab-content\">\n<div id=\"tab1\" class=\"tabs\">\n<div class=\"container\">\n<div class=\"tab-content-inner\">\n<p>\u0647\u0646\u0627\u0643<strong><span>\u00a0<\/span>\u0641\u064a\u062a\u0627\u0645\u064a\u0646 \u0633\u064a<\/strong><span>\u00a0<\/span>est naturellement pr\u00e9sente dans de nombreux fruits et l\u00e9gumes. Mais quel est le fruit le plus riche en<span>\u00a0<\/span><strong>\u0641\u064a\u062a\u0627\u0645\u064a\u0646 \u0633\u064a<\/strong><span>\u00a0<\/span>?<\/p>\n<p>Le fruit de l&rsquo;ac\u00e9rola est un des fruits les plus riches en<span>\u00a0<\/span><strong>\u0641\u064a\u062a\u0627\u0645\u064a\u0646 \u0633\u064a<\/strong><span>\u00a0<\/span>: il en contient<strong><span>\u00a0<\/span>20 \u00e0 30 fois plus que l&rsquo;orange !<\/strong><\/p>\n<h3 class=\"tab-sub-heading\"><strong>A quoi sert la vitamine C ?<\/strong><\/h3>\n<p>\u0647\u0646\u0627\u0643<span>\u00a0<\/span><strong>\u0641\u064a\u062a\u0627\u0645\u064a\u0646 \u0633\u064a<\/strong><span>\u00a0<\/span>est indispensable \u00e0 notre organisme. Elle permet avant tout de se maintenir en forme de par 2 actions :<br \/>&#8211; elle permet de faire le plein d&rsquo;\u00e9nergie en contribuant \u00e0 l&rsquo;absorption et au stockage du fer dans votre organisme. Adieu les petits coups de pompe !<br \/>&#8211; la<span>\u00a0<\/span><strong>\u0641\u064a\u062a\u0627\u0645\u064a\u0646 \u0633\u064a<span>\u00a0<\/span><\/strong>contribue au fonctionnement normal du syst\u00e8me immunitaire<\/p>\n<h3><strong>Une solution naturelle pour un coup de fouet<\/strong><\/h3>\n<p>\u0645\u0639<span>\u00a0<\/span><strong>\u0623\u0633\u064a\u0631\u0648\u0644\u0627<\/strong>, nous apportons une solution naturelle \u00e0 votre baisse de forme. Parce que cette cerise d&rsquo;Am\u00e9rique du sud est une source exceptionnelle et naturelle de<span>\u00a0<\/span><strong>Vitamine C,<\/strong><span>\u00a0<\/span>elle est qualifi\u00e9e de \u00ab\u00a0superfruit\u00a0\u00bb.<span>\u00a0<\/span><strong>\u0623\u0633\u064a\u0631\u0648\u0644\u0627<span>\u00a0<\/span><\/strong>c&rsquo;est aussi un plaisir \u00e0 croquer, avec son d\u00e9licieux go\u00fbt fruits rouges.<\/p>\n<p>En plus,<span>\u00a0<\/span><strong>\u0623\u0633\u064a\u0631\u0648\u0644\u0627<\/strong><span>\u00a0<\/span>s&#8217;emporte partout gr\u00e2ce \u00e0 ses formats nomades tubes ou blisters faciles \u00e0 glisser, et \u00e0 retrouver dans le sac !<\/p>\n<\/div>\n<div class=\"tab-content-inner-2\"><\/div>\n<\/div>\n<\/div>\n<\/div>\n<\/div>\n<div class=\"jb-product-collateral\">\n<div class=\"tab-content\">\n<div id=\"tab2\" class=\"tabs\">\n<div class=\"container\">\n<h3 class=\"tab-content-title\">\u0641\u0648\u0627\u0626\u062f:<\/h3>\n<div class=\"tab-content-inner\">\n<p><strong>De la vitamine C hautement dos\u00e9e<\/strong><\/p>\n<p>Afin de vous procurer forme et tonus pour le reste de la journ\u00e9e, notre Ac\u00e9rola a \u00e9t\u00e9 formul\u00e9 avec 120mg de<span>\u00a0<\/span><strong>\u0641\u064a\u062a\u0627\u0645\u064a\u0646 \u0633\u064a<\/strong><span>\u00a0<\/span>100% d&rsquo;origine naturelle pour chaque comprim\u00e9, soit 150% des VNR*.<\/p>\n<p>Croquez un comprim\u00e9 d&rsquo;<strong>\u0623\u0633\u064a\u0631\u0648\u0644\u0627<\/strong><span>\u00a0<\/span>tous les jours vous permet de couvrir ainsi vos besoins quotidiens et vous aide :<br \/>&#8211;\u00a0\u00e0 lutter contre la<strong><span>\u00a0<\/span>\u062a\u0639\u0628<\/strong><br \/>&#8211;\u00a0\u00e0 maintenir vos<span>\u00a0<\/span><strong>d\u00e9fenses naturelles<\/strong><span>\u00a0<\/span>gr\u00e2ce \u00e0 la<span>\u00a0<\/span><strong>\u0641\u064a\u062a\u0627\u0645\u064a\u0646 \u0633\u064a<\/strong><span>\u00a0<\/span>qui contribue \u00e0 r\u00e9duire la fatigue et au fonctionnement normal du syst\u00e8me immunitaire.<\/p>\n<h3><span>\u0643\u064a\u0641\u064a\u0629 \u0627\u0633\u062a\u062e\u062f\u0627\u0645\u0647\u061f<\/span><\/h3>\n<p><span>Un compl\u00e9ment alimentaire ne doit pas se substituer \u00e0 une alimentation vari\u00e9e et \u00e9quilibr\u00e9e et \u00e0 un mode de vie sain. Ne pas d\u00e9passer la dose journali\u00e8re conseill\u00e9e. Tenir hors de port\u00e9e des jeunes enfants. D\u00e9conseill\u00e9 aux femmes enceintes ou qui allaitent et aux enfants de moins de 12 ans sans avis m\u00e9dical. Sans g\u00e9latine. Sans gluten. Sans ingr\u00e9dient d\u2019origine animale. Une consommation excessive peut avoir des effets laxatifs. Ce compl\u00e9ment alimentaire n\u2019est pas un m\u00e9dicament.<\/span><\/p>\n<\/div>\n<\/div>\n<\/div>\n<\/div>\n<\/div>","protected":false},"excerpt":{"rendered":"<p>Fort\u00e9 Pharma Ac\u00e9rola Vitamine C\u00a0 La\u00a0Vitamine C\u00a0est naturellement pr\u00e9sente dans de nombreux fruits et l\u00e9gumes. Mais quel est le fruit le plus riche en\u00a0Vitamine C\u00a0? Le fruit de l&rsquo;ac\u00e9rola est un des fruits les plus riches en\u00a0Vitamine C\u00a0: il en contient\u00a020 \u00e0 30 fois plus que l&rsquo;orange ! A quoi sert la vitamine C ? [&hellip;]<\/p>\n","protected":false},"featured_media":18274,"template":"","meta":{"om_disable_all_campaigns":false},"product_brand":[],"product_cat":[15],"product_tag":[],"class_list":{"0":"post-18276","1":"product","2":"type-product","3":"status-publish","4":"has-post-thumbnail","6":"product_cat-beaute-sante-complements-alimentaires-soins-et-bien-etre-au-meilleur-prix","8":"first","9":"instock","10":"sale","11":"taxable","12":"shipping-taxable","13":"purchasable","14":"product-type-simple"},"yoast_head":"<!-- This site is optimized with the Yoast SEO plugin v27.3 - https:\/\/yoast.com\/product\/yoast-seo-wordpress\/ -->\n<title>Fort\u00e9 Pharma Ac\u00e9rola Vitamine C 12 Comprim\u00e9s - Maroc Prix<\/title>\n<meta name=\"description\" content=\"Fort\u00e9 Pharma Ac\u00e9rola Vitamine C 12 Comprim\u00e9s\" \/>\n<meta name=\"robots\" content=\"index, follow, max-snippet:-1, max-image-preview:large, max-video-preview:-1\" \/>\n<link rel=\"canonical\" href=\"https:\/\/vitablanca.ma\/ar\/product-2\/forte-pharma-acerola-vitamine-c-12-comprimes\/\" \/>\n<meta property=\"og:locale\" content=\"ar_AR\" \/>\n<meta property=\"og:type\" content=\"article\" \/>\n<meta property=\"og:title\" content=\"Fort\u00e9 Pharma Ac\u00e9rola Vitamine C 12 Comprim\u00e9s - Maroc Prix\" \/>\n<meta property=\"og:description\" content=\"Fort\u00e9 Pharma Ac\u00e9rola Vitamine C 12 Comprim\u00e9s\" \/>\n<meta property=\"og:url\" content=\"https:\/\/vitablanca.ma\/ar\/product-2\/forte-pharma-acerola-vitamine-c-12-comprimes\/\" \/>\n<meta property=\"og:site_name\" content=\"Vitablanca.ma &ndash; Sant&eacute;, vitalit&eacute; et bien-&ecirc;tre pour tous les Marocains\" \/>\n<meta property=\"article:publisher\" content=\"https:\/\/www.facebook.com\/profile.php?id=61576678196717\" \/>\n<meta property=\"og:image\" content=\"https:\/\/vitablanca.ma\/wp-content\/uploads\/2025\/06\/Forte-Pharma-Acerola-Vitamine-C-12-Comprimes-nova-parapharmacie-casablanca.jpg\" \/>\n\t<meta property=\"og:image:width\" content=\"1000\" \/>\n\t<meta property=\"og:image:height\" content=\"1000\" \/>\n\t<meta property=\"og:image:type\" content=\"image\/jpeg\" \/>\n<meta name=\"twitter:card\" content=\"summary_large_image\" \/>\n<meta name=\"twitter:label1\" content=\"\u0648\u0642\u062a \u0627\u0644\u0642\u0631\u0627\u0621\u0629 \u0627\u0644\u0645\u064f\u0642\u062f\u0651\u0631\" \/>\n\t<meta name=\"twitter:data1\" content=\"\u062f\u0642\u064a\u0642\u062a\u0627\u0646\" \/>\n<script type=\"application\/ld+json\" class=\"yoast-schema-graph\">{\"@context\":\"https:\\\/\\\/schema.org\",\"@graph\":[{\"@type\":[\"WebPage\",\"ItemPage\"],\"@id\":\"https:\\\/\\\/vitablanca.ma\\\/produit\\\/forte-pharma-acerola-vitamine-c-12-comprimes\\\/\",\"url\":\"https:\\\/\\\/vitablanca.ma\\\/produit\\\/forte-pharma-acerola-vitamine-c-12-comprimes\\\/\",\"name\":\"Fort\u00e9 Pharma Ac\u00e9rola Vitamine C 12 Comprim\u00e9s - Maroc Prix\",\"isPartOf\":{\"@id\":\"https:\\\/\\\/vitablanca.ma\\\/#website\"},\"primaryImageOfPage\":{\"@id\":\"https:\\\/\\\/vitablanca.ma\\\/produit\\\/forte-pharma-acerola-vitamine-c-12-comprimes\\\/#primaryimage\"},\"image\":{\"@id\":\"https:\\\/\\\/vitablanca.ma\\\/produit\\\/forte-pharma-acerola-vitamine-c-12-comprimes\\\/#primaryimage\"},\"thumbnailUrl\":\"https:\\\/\\\/vitablanca.ma\\\/wp-content\\\/uploads\\\/2025\\\/06\\\/Forte-Pharma-Acerola-Vitamine-C-12-Comprimes-nova-parapharmacie-casablanca.jpg\",\"datePublished\":\"2025-06-10T17:19:35+00:00\",\"description\":\"Fort\u00e9 Pharma Ac\u00e9rola Vitamine C 12 Comprim\u00e9s\",\"breadcrumb\":{\"@id\":\"https:\\\/\\\/vitablanca.ma\\\/produit\\\/forte-pharma-acerola-vitamine-c-12-comprimes\\\/#breadcrumb\"},\"inLanguage\":\"ar\",\"potentialAction\":[{\"@type\":\"ReadAction\",\"target\":[\"https:\\\/\\\/vitablanca.ma\\\/produit\\\/forte-pharma-acerola-vitamine-c-12-comprimes\\\/\"]}]},{\"@type\":\"ImageObject\",\"inLanguage\":\"ar\",\"@id\":\"https:\\\/\\\/vitablanca.ma\\\/produit\\\/forte-pharma-acerola-vitamine-c-12-comprimes\\\/#primaryimage\",\"url\":\"https:\\\/\\\/vitablanca.ma\\\/wp-content\\\/uploads\\\/2025\\\/06\\\/Forte-Pharma-Acerola-Vitamine-C-12-Comprimes-nova-parapharmacie-casablanca.jpg\",\"contentUrl\":\"https:\\\/\\\/vitablanca.ma\\\/wp-content\\\/uploads\\\/2025\\\/06\\\/Forte-Pharma-Acerola-Vitamine-C-12-Comprimes-nova-parapharmacie-casablanca.jpg\",\"width\":1000,\"height\":1000},{\"@type\":\"BreadcrumbList\",\"@id\":\"https:\\\/\\\/vitablanca.ma\\\/produit\\\/forte-pharma-acerola-vitamine-c-12-comprimes\\\/#breadcrumb\",\"itemListElement\":[{\"@type\":\"ListItem\",\"position\":1,\"name\":\"Home\",\"item\":\"https:\\\/\\\/vitablanca.ma\\\/\"},{\"@type\":\"ListItem\",\"position\":2,\"name\":\"Tous Les Produits\",\"item\":\"https:\\\/\\\/vitablanca.ma\\\/tous-les-produits\\\/\"},{\"@type\":\"ListItem\",\"position\":3,\"name\":\"Fort\u00e9 Pharma Ac\u00e9rola Vitamine C 12 Comprim\u00e9s\"}]},{\"@type\":\"WebSite\",\"@id\":\"https:\\\/\\\/vitablanca.ma\\\/#website\",\"url\":\"https:\\\/\\\/vitablanca.ma\\\/\",\"name\":\"VitaBlanca.ma | Compl\u00e9ments alimentaires, sant\u00e9 & beaut\u00e9 au Maroc\",\"description\":\"vendre vitamines et compl\u00e9ments premium des USA &amp; Canada, Nouvelle Z\u00e9lande,Maroc (NOW Foods, Solgar, Manuka). Livraison rapide partout au Maroc.\",\"publisher\":{\"@id\":\"https:\\\/\\\/vitablanca.ma\\\/#organization\"},\"alternateName\":\"VitaBlanca.ma\",\"potentialAction\":[{\"@type\":\"SearchAction\",\"target\":{\"@type\":\"EntryPoint\",\"urlTemplate\":\"https:\\\/\\\/vitablanca.ma\\\/?s={search_term_string}\"},\"query-input\":{\"@type\":\"PropertyValueSpecification\",\"valueRequired\":true,\"valueName\":\"search_term_string\"}}],\"inLanguage\":\"ar\"},{\"@type\":\"Organization\",\"@id\":\"https:\\\/\\\/vitablanca.ma\\\/#organization\",\"name\":\"VitaBlanca\",\"url\":\"https:\\\/\\\/vitablanca.ma\\\/\",\"logo\":{\"@type\":\"ImageObject\",\"inLanguage\":\"ar\",\"@id\":\"https:\\\/\\\/vitablanca.ma\\\/#\\\/schema\\\/logo\\\/image\\\/\",\"url\":\"https:\\\/\\\/vitablanca.ma\\\/wp-content\\\/uploads\\\/2025\\\/05\\\/cropped-vitablanca.png\",\"contentUrl\":\"https:\\\/\\\/vitablanca.ma\\\/wp-content\\\/uploads\\\/2025\\\/05\\\/cropped-vitablanca.png\",\"width\":360,\"height\":67,\"caption\":\"VitaBlanca\"},\"image\":{\"@id\":\"https:\\\/\\\/vitablanca.ma\\\/#\\\/schema\\\/logo\\\/image\\\/\"},\"sameAs\":[\"https:\\\/\\\/www.facebook.com\\\/profile.php?id=61576678196717\",\"https:\\\/\\\/www.tiktok.com\\\/@vitablanca.ma\",\"https:\\\/\\\/www.instagram.com\\\/vitablanca.ma\\\/\"]}]}<\/script>\n<!-- \/ Yoast SEO plugin. -->","yoast_head_json":{"title":"Fort\u00e9 Pharma Ac\u00e9rola Vitamine C 12 Comprim\u00e9s - Maroc Prix","description":"\u0641\u0648\u0631\u062a\u064a \u0641\u0627\u0631\u0645\u0627 \u0643\u0631\u0632 \u0647\u0646\u062f\u064a \u0641\u064a\u062a\u0627\u0645\u064a\u0646 C 12 \u0623\u0642\u0631\u0627\u0635","robots":{"index":"index","follow":"follow","max-snippet":"max-snippet:-1","max-image-preview":"max-image-preview:large","max-video-preview":"max-video-preview:-1"},"canonical":"https:\/\/vitablanca.ma\/ar\/product-2\/forte-pharma-acerola-vitamine-c-12-comprimes\/","og_locale":"ar_AR","og_type":"article","og_title":"Fort\u00e9 Pharma Ac\u00e9rola Vitamine C 12 Comprim\u00e9s - Maroc Prix","og_description":"Fort\u00e9 Pharma Ac\u00e9rola Vitamine C 12 Comprim\u00e9s","og_url":"https:\/\/vitablanca.ma\/ar\/product-2\/forte-pharma-acerola-vitamine-c-12-comprimes\/","og_site_name":"Vitablanca.ma &ndash; Sant&eacute;, vitalit&eacute; et bien-&ecirc;tre pour tous les Marocains","article_publisher":"https:\/\/www.facebook.com\/profile.php?id=61576678196717","og_image":[{"width":1000,"height":1000,"url":"https:\/\/vitablanca.ma\/wp-content\/uploads\/2025\/06\/Forte-Pharma-Acerola-Vitamine-C-12-Comprimes-nova-parapharmacie-casablanca.jpg","type":"image\/jpeg"}],"twitter_card":"summary_large_image","twitter_misc":{"\u0648\u0642\u062a \u0627\u0644\u0642\u0631\u0627\u0621\u0629 \u0627\u0644\u0645\u064f\u0642\u062f\u0651\u0631":"\u062f\u0642\u064a\u0642\u062a\u0627\u0646"},"schema":{"@context":"https:\/\/schema.org","@graph":[{"@type":["WebPage","ItemPage"],"@id":"https:\/\/vitablanca.ma\/produit\/forte-pharma-acerola-vitamine-c-12-comprimes\/","url":"https:\/\/vitablanca.ma\/produit\/forte-pharma-acerola-vitamine-c-12-comprimes\/","name":"Fort\u00e9 Pharma Ac\u00e9rola Vitamine C 12 Comprim\u00e9s - Maroc Prix","isPartOf":{"@id":"https:\/\/vitablanca.ma\/#website"},"primaryImageOfPage":{"@id":"https:\/\/vitablanca.ma\/produit\/forte-pharma-acerola-vitamine-c-12-comprimes\/#primaryimage"},"image":{"@id":"https:\/\/vitablanca.ma\/produit\/forte-pharma-acerola-vitamine-c-12-comprimes\/#primaryimage"},"thumbnailUrl":"https:\/\/vitablanca.ma\/wp-content\/uploads\/2025\/06\/Forte-Pharma-Acerola-Vitamine-C-12-Comprimes-nova-parapharmacie-casablanca.jpg","datePublished":"2025-06-10T17:19:35+00:00","description":"\u0641\u0648\u0631\u062a\u064a \u0641\u0627\u0631\u0645\u0627 \u0643\u0631\u0632 \u0647\u0646\u062f\u064a \u0641\u064a\u062a\u0627\u0645\u064a\u0646 C 12 \u0623\u0642\u0631\u0627\u0635","breadcrumb":{"@id":"https:\/\/vitablanca.ma\/produit\/forte-pharma-acerola-vitamine-c-12-comprimes\/#breadcrumb"},"inLanguage":"ar","potentialAction":[{"@type":"ReadAction","target":["https:\/\/vitablanca.ma\/produit\/forte-pharma-acerola-vitamine-c-12-comprimes\/"]}]},{"@type":"ImageObject","inLanguage":"ar","@id":"https:\/\/vitablanca.ma\/produit\/forte-pharma-acerola-vitamine-c-12-comprimes\/#primaryimage","url":"https:\/\/vitablanca.ma\/wp-content\/uploads\/2025\/06\/Forte-Pharma-Acerola-Vitamine-C-12-Comprimes-nova-parapharmacie-casablanca.jpg","contentUrl":"https:\/\/vitablanca.ma\/wp-content\/uploads\/2025\/06\/Forte-Pharma-Acerola-Vitamine-C-12-Comprimes-nova-parapharmacie-casablanca.jpg","width":1000,"height":1000},{"@type":"BreadcrumbList","@id":"https:\/\/vitablanca.ma\/produit\/forte-pharma-acerola-vitamine-c-12-comprimes\/#breadcrumb","itemListElement":[{"@type":"ListItem","position":1,"name":"Home","item":"https:\/\/vitablanca.ma\/"},{"@type":"ListItem","position":2,"name":"Tous Les Produits","item":"https:\/\/vitablanca.ma\/tous-les-produits\/"},{"@type":"ListItem","position":3,"name":"Fort\u00e9 Pharma Ac\u00e9rola Vitamine C 12 Comprim\u00e9s"}]},{"@type":"WebSite","@id":"https:\/\/vitablanca.ma\/#website","url":"https:\/\/vitablanca.ma\/","name":"VitaBlanca.ma | \u0627\u0644\u0645\u0643\u0645\u0644\u0627\u062a \u0627\u0644\u063a\u0630\u0627\u0626\u064a\u0629\u060c \u0627\u0644\u0635\u062d\u0629 \u0648\u0627\u0644\u062c\u0645\u0627\u0644 \u0641\u064a \u0627\u0644\u0645\u063a\u0631\u0628","description":"\u0646\u0628\u064a\u0639 \u0641\u064a\u062a\u0627\u0645\u064a\u0646\u0627\u062a \u0648\u0645\u0643\u0645\u0644\u0627\u062a \u063a\u0630\u0627\u0626\u064a\u0629 \u0641\u0627\u062e\u0631\u0629 \u0645\u0646 \u0627\u0644\u0648\u0644\u0627\u064a\u0627\u062a \u0627\u0644\u0645\u062a\u062d\u062f\u0629 \u0627\u0644\u0623\u0645\u0631\u064a\u0643\u064a\u0629 \u0648\u0643\u0646\u062f\u0627 \u0648\u0646\u064a\u0648\u0632\u064a\u0644\u0646\u062f\u0627 \u0648\u0627\u0644\u0645\u063a\u0631\u0628 (\u0646\u0627\u0648 \u0641\u0648\u062f\u0632\u060c \u0633\u0648\u0644\u062c\u0627\u0631\u060c \u0645\u0627\u0646\u0648\u0643\u0627). \u062a\u0648\u0635\u064a\u0644 \u0633\u0631\u064a\u0639 \u0625\u0644\u0649 \u062c\u0645\u064a\u0639 \u0623\u0646\u062d\u0627\u0621 \u0627\u0644\u0645\u063a\u0631\u0628.","publisher":{"@id":"https:\/\/vitablanca.ma\/#organization"},"alternateName":"VitaBlanca.ma","potentialAction":[{"@type":"SearchAction","target":{"@type":"EntryPoint","urlTemplate":"https:\/\/vitablanca.ma\/?s={search_term_string}"},"query-input":{"@type":"PropertyValueSpecification","valueRequired":true,"valueName":"search_term_string"}}],"inLanguage":"ar"},{"@type":"Organization","@id":"https:\/\/vitablanca.ma\/#organization","name":"\u0641\u064a\u062a\u0627\u0628\u0644\u0627\u0646\u0643\u0627","url":"https:\/\/vitablanca.ma\/","logo":{"@type":"ImageObject","inLanguage":"ar","@id":"https:\/\/vitablanca.ma\/#\/schema\/logo\/image\/","url":"https:\/\/vitablanca.ma\/wp-content\/uploads\/2025\/05\/cropped-vitablanca.png","contentUrl":"https:\/\/vitablanca.ma\/wp-content\/uploads\/2025\/05\/cropped-vitablanca.png","width":360,"height":67,"caption":"VitaBlanca"},"image":{"@id":"https:\/\/vitablanca.ma\/#\/schema\/logo\/image\/"},"sameAs":["https:\/\/www.facebook.com\/profile.php?id=61576678196717","https:\/\/www.tiktok.com\/@vitablanca.ma","https:\/\/www.instagram.com\/vitablanca.ma\/"]}]}},"jetpack_sharing_enabled":true,"_links":{"self":[{"href":"https:\/\/vitablanca.ma\/ar\/wp-json\/wp\/v2\/product\/18276","targetHints":{"allow":["GET"]}}],"collection":[{"href":"https:\/\/vitablanca.ma\/ar\/wp-json\/wp\/v2\/product"}],"about":[{"href":"https:\/\/vitablanca.ma\/ar\/wp-json\/wp\/v2\/types\/product"}],"wp:featuredmedia":[{"embeddable":true,"href":"https:\/\/vitablanca.ma\/ar\/wp-json\/wp\/v2\/media\/18274"}],"wp:attachment":[{"href":"https:\/\/vitablanca.ma\/ar\/wp-json\/wp\/v2\/media?parent=18276"}],"wp:term":[{"taxonomy":"product_brand","embeddable":true,"href":"https:\/\/vitablanca.ma\/ar\/wp-json\/wp\/v2\/product_brand?post=18276"},{"taxonomy":"product_cat","embeddable":true,"href":"https:\/\/vitablanca.ma\/ar\/wp-json\/wp\/v2\/product_cat?post=18276"},{"taxonomy":"product_tag","embeddable":true,"href":"https:\/\/vitablanca.ma\/ar\/wp-json\/wp\/v2\/product_tag?post=18276"}],"curies":[{"name":"wp","href":"https:\/\/api.w.org\/{rel}","templated":true}]}}