{"id":18275,"date":"2025-06-10T17:19:34","date_gmt":"2025-06-10T17:19:34","guid":{"rendered":"https:\/\/vitablanca.ma\/product\/fenioux-curcuma-proactif-foie-et-tube-digestif-230mg-90-gelules\/"},"modified":"2025-06-10T17:19:34","modified_gmt":"2025-06-10T17:19:34","slug":"fenioux-curcuma-proactif-foie-et-tube-digestif-230mg-90-gelules","status":"publish","type":"product","link":"https:\/\/vitablanca.ma\/ar\/product-2\/fenioux-curcuma-proactif-foie-et-tube-digestif-230mg-90-gelules\/","title":{"rendered":"\u0641\u064a\u0646\u064a\u0648\u0643\u0633 \u0643\u0631\u0643\u0645 \u0628\u0631\u0648\u0623\u0643\u062a\u064a\u0641 \u0644\u0644\u0643\u0628\u062f \u0648\u0627\u0644\u062c\u0647\u0627\u0632 \u0627\u0644\u0647\u0636\u0645\u064a 230 \u0645\u0644\u063a 90 \u0643\u0628\u0633\u0648\u0644\u0629"},"content":{"rendered":"<h2>Fenioux Curcuma Proactif Foie et Tube Digestif<\/h2>\n<div class=\"tabContener2 appOngletContainer\" id=\"block1\">\n<p><span><strong>Le curcuma<\/strong><\/span><span>\u00a0<\/span>\u0647\u0648<span><strong>\u00a0plante traditionnelle indienne majeure<\/strong><\/span>.<\/p>\n<p>Par exemple, il est utilis\u00e9 depuis tr\u00e8s longtemps dans la cuisine comme \u00e9pice (ingr\u00e9dient principal du curry).<\/p>\n<p>Ses propri\u00e9t\u00e9s sont universellement reconnues.<\/p>\n<p><strong><span>Curcuma Proactif\u00ae associe<\/span><\/strong><span>\u00a0<\/span>\u0627\u0644<span>\u00a0<\/span><span><strong>\u0643\u064f\u0631\u0643\u064f\u0645<\/strong><\/span><span>\u00a0<\/span>\u0648 \u0627\u0644<span>\u00a0<\/span><span><strong>poivre noir<\/strong><\/span>.<\/p>\n<p>Au sein de cette association, le<span>\u00a0<\/span><span><strong>curcuma aide<\/strong><\/span><span>\u00a0<\/span>\u0644\u062f\u064a\u0647<span>\u00a0<\/span><span><strong>maintenir<\/strong><\/span><span>\u00a0<\/span>\u0627\u0644<span>\u00a0<\/span><span><strong>bon fonctionnement<\/strong><\/span><span>\u00a0<\/span>\u0644<span><strong>\u00a0foie<\/strong><\/span><span>\u00a0<\/span>\u0648<span>\u00a0<\/span><span><strong>aide la digestion<\/strong><\/span>.<\/p>\n<p>En effet, le<span>\u00a0<\/span><span><strong>curcuma contribue<\/strong><\/span><span>\u00a0<\/span>\u0641\u064a<span>\u00a0<\/span><span><strong>\u0627\u0644\u062a\u0634\u063a\u064a\u0644 \u0627\u0644\u0639\u0627\u062f\u064a<\/strong><\/span><span>\u00a0<\/span>\u0644<span>\u00a0<\/span><span><strong>tractus intestinal<\/strong><\/span>.<\/p>\n<p>\u0647\u0648<span>\u00a0<\/span><span><strong>\u064a\u0633\u0627\u0639\u062f<\/strong><\/span><span>\u00a0<\/span>\u00e9galement \u00e0<span>\u00a0<\/span><strong><span>maintenir<\/span><\/strong><span>\u00a0<\/span>\u0647\u0646\u0627\u0643<span>\u00a0<\/span><span><strong>sant\u00e9<\/strong><\/span><span>\u00a0<\/span>\u0627\u0644\u062a\u0627\u0628\u0639<span>\u00a0<\/span><span><strong>articulations<\/strong><\/span><span>\u00a0<\/span>\u0648<span>\u00a0<\/span><span><strong>os<\/strong><\/span>.<\/p>\n<p><span><b>90 g\u00e9lules \u00a0&#8211;\u00a0230 mg<br \/>\u0635\u0646\u062f\u0648\u0642 \u0644\u0645\u062f\u0629 \u0634\u0647\u0631 \u0648\u0627\u062d\u062f<\/b><br \/>Poids net : 27.4 g<\/span><\/p>\n<h3><span>\u0637\u0631\u064a\u0642\u0629 \u0627\u0644\u0627\u0633\u062a\u062e\u062f\u0627\u0645:<\/span><\/h3>\n<p>1 g\u00e9lule matin, midi et soir avec un grand verre d&rsquo;eau, au cours des repas.<\/p>\n<p>\u0644\u0627 \u062a\u062a\u062c\u0627\u0648\u0632 \u0627\u0644\u062c\u0631\u0639\u0629 \u0627\u0644\u064a\u0648\u0645\u064a\u0629 \u0627\u0644\u0645\u0648\u0635\u0649 \u0628\u0647\u0627.<br \/>\u064a\u062d\u0641\u0638 \u0628\u0639\u064a\u062f\u0627 \u0639\u0646 \u0645\u062a\u0646\u0627\u0648\u0644 \u0627\u0644\u0623\u0637\u0641\u0627\u0644 \u0627\u0644\u0635\u063a\u0627\u0631.<br \/>\u0644\u0627 \u064a\u0646\u0628\u063a\u064a \u0644\u0644\u0645\u0643\u0645\u0644\u0627\u062a \u0627\u0644\u063a\u0630\u0627\u0626\u064a\u0629 \u0623\u0646 \u062a\u062d\u0644 \u0645\u062d\u0644 \u0646\u0638\u0627\u0645 \u063a\u0630\u0627\u0626\u064a \u0645\u062a\u0646\u0648\u0639 \u0648\u0645\u062a\u0648\u0627\u0632\u0646 \u0648\u0646\u0645\u0637 \u062d\u064a\u0627\u0629 \u0635\u062d\u064a.<br \/>\u0642\u0645 \u0628\u062a\u062e\u0632\u064a\u0646 \u0627\u0644\u0645\u0646\u062a\u062c \u0628\u0639\u064a\u062f\u064b\u0627 \u0639\u0646 \u0627\u0644\u0636\u0648\u0621 \u0648\u0627\u0644\u062d\u0631\u0627\u0631\u0629 \u0648\u0627\u0644\u0631\u0637\u0648\u0628\u0629.<br \/>D\u00e9conseill\u00e9 chez les enfants, les adolescents de moins de 18 ans, les femmes enceintes ou allaitantes.<br \/>D\u00e9conseill\u00e9 en cas d&rsquo;obstruction des voies biliaires, de cholangite, de maladie du foie, de calculs biliaires et toutes autres maladies biliaires.<br \/>En cas de prise simultan\u00e9e de m\u00e9dicaments (dont anticoagulants), demandez conseil \u00e0 votre m\u00e9decin.<\/p>\n<\/div>","protected":false},"excerpt":{"rendered":"<p>Fenioux Curcuma Proactif Foie et Tube Digestif Le curcuma\u00a0est une\u00a0plante traditionnelle indienne majeure. Par exemple, il est utilis\u00e9 depuis tr\u00e8s longtemps dans la cuisine comme \u00e9pice (ingr\u00e9dient principal du curry). Ses propri\u00e9t\u00e9s sont universellement reconnues. Curcuma Proactif\u00ae associe\u00a0le\u00a0curcuma\u00a0et le\u00a0poivre noir. Au sein de cette association, le\u00a0curcuma aide\u00a0\u00e0\u00a0maintenir\u00a0le\u00a0bon fonctionnement\u00a0du\u00a0foie\u00a0et\u00a0aide la digestion. En effet, le\u00a0curcuma contribue\u00a0au\u00a0fonctionnement normal\u00a0du\u00a0tractus [&hellip;]<\/p>\n","protected":false},"featured_media":18273,"template":"","meta":{"om_disable_all_campaigns":false},"product_brand":[],"product_cat":[15],"product_tag":[],"class_list":{"0":"post-18275","1":"product","2":"type-product","3":"status-publish","4":"has-post-thumbnail","6":"product_cat-beaute-sante-complements-alimentaires-soins-et-bien-etre-au-meilleur-prix","8":"first","9":"instock","10":"sale","11":"taxable","12":"shipping-taxable","13":"purchasable","14":"product-type-simple"},"yoast_head":"<!-- This site is optimized with the Yoast SEO plugin v27.3 - https:\/\/yoast.com\/product\/yoast-seo-wordpress\/ -->\n<title>Fenioux Curcuma Proactif Foie et Tube Digestif 230mg 90 G\u00e9lules - Maroc Prix<\/title>\n<meta name=\"description\" content=\"Fenioux Curcuma Proactif Foie et Tube Digestif 230mg 90 G\u00e9lules\" \/>\n<meta name=\"robots\" content=\"index, follow, max-snippet:-1, max-image-preview:large, max-video-preview:-1\" \/>\n<link rel=\"canonical\" href=\"https:\/\/vitablanca.ma\/ar\/product-2\/fenioux-curcuma-proactif-foie-et-tube-digestif-230mg-90-gelules\/\" \/>\n<meta property=\"og:locale\" content=\"ar_AR\" \/>\n<meta property=\"og:type\" content=\"article\" \/>\n<meta property=\"og:title\" content=\"Fenioux Curcuma Proactif Foie et Tube Digestif 230mg 90 G\u00e9lules - Maroc Prix\" \/>\n<meta property=\"og:description\" content=\"Fenioux Curcuma Proactif Foie et Tube Digestif 230mg 90 G\u00e9lules\" \/>\n<meta property=\"og:url\" content=\"https:\/\/vitablanca.ma\/ar\/product-2\/fenioux-curcuma-proactif-foie-et-tube-digestif-230mg-90-gelules\/\" \/>\n<meta property=\"og:site_name\" content=\"Vitablanca.ma &ndash; Sant&eacute;, vitalit&eacute; et bien-&ecirc;tre pour tous les Marocains\" \/>\n<meta property=\"article:publisher\" content=\"https:\/\/www.facebook.com\/profile.php?id=61576678196717\" \/>\n<meta property=\"og:image\" content=\"https:\/\/vitablanca.ma\/wp-content\/uploads\/2025\/06\/Fenioux-Curcuma-Proactif-Foie-et-Tube-Digestif-230mg-90-Gelules-nova-parapharmacie-casablanca.jpg\" \/>\n\t<meta property=\"og:image:width\" content=\"1000\" \/>\n\t<meta property=\"og:image:height\" content=\"1000\" \/>\n\t<meta property=\"og:image:type\" content=\"image\/jpeg\" \/>\n<meta name=\"twitter:card\" content=\"summary_large_image\" \/>\n<meta name=\"twitter:label1\" content=\"\u0648\u0642\u062a \u0627\u0644\u0642\u0631\u0627\u0621\u0629 \u0627\u0644\u0645\u064f\u0642\u062f\u0651\u0631\" \/>\n\t<meta name=\"twitter:data1\" content=\"\u062f\u0642\u064a\u0642\u0629 \u0648\u0627\u062d\u062f\u0629\" \/>\n<script type=\"application\/ld+json\" class=\"yoast-schema-graph\">{\"@context\":\"https:\\\/\\\/schema.org\",\"@graph\":[{\"@type\":[\"WebPage\",\"ItemPage\"],\"@id\":\"https:\\\/\\\/vitablanca.ma\\\/produit\\\/fenioux-curcuma-proactif-foie-et-tube-digestif-230mg-90-gelules\\\/\",\"url\":\"https:\\\/\\\/vitablanca.ma\\\/produit\\\/fenioux-curcuma-proactif-foie-et-tube-digestif-230mg-90-gelules\\\/\",\"name\":\"Fenioux Curcuma Proactif Foie et Tube Digestif 230mg 90 G\u00e9lules - Maroc Prix\",\"isPartOf\":{\"@id\":\"https:\\\/\\\/vitablanca.ma\\\/#website\"},\"primaryImageOfPage\":{\"@id\":\"https:\\\/\\\/vitablanca.ma\\\/produit\\\/fenioux-curcuma-proactif-foie-et-tube-digestif-230mg-90-gelules\\\/#primaryimage\"},\"image\":{\"@id\":\"https:\\\/\\\/vitablanca.ma\\\/produit\\\/fenioux-curcuma-proactif-foie-et-tube-digestif-230mg-90-gelules\\\/#primaryimage\"},\"thumbnailUrl\":\"https:\\\/\\\/vitablanca.ma\\\/wp-content\\\/uploads\\\/2025\\\/06\\\/Fenioux-Curcuma-Proactif-Foie-et-Tube-Digestif-230mg-90-Gelules-nova-parapharmacie-casablanca.jpg\",\"datePublished\":\"2025-06-10T17:19:34+00:00\",\"description\":\"Fenioux Curcuma Proactif Foie et Tube Digestif 230mg 90 G\u00e9lules\",\"breadcrumb\":{\"@id\":\"https:\\\/\\\/vitablanca.ma\\\/produit\\\/fenioux-curcuma-proactif-foie-et-tube-digestif-230mg-90-gelules\\\/#breadcrumb\"},\"inLanguage\":\"ar\",\"potentialAction\":[{\"@type\":\"ReadAction\",\"target\":[\"https:\\\/\\\/vitablanca.ma\\\/produit\\\/fenioux-curcuma-proactif-foie-et-tube-digestif-230mg-90-gelules\\\/\"]}]},{\"@type\":\"ImageObject\",\"inLanguage\":\"ar\",\"@id\":\"https:\\\/\\\/vitablanca.ma\\\/produit\\\/fenioux-curcuma-proactif-foie-et-tube-digestif-230mg-90-gelules\\\/#primaryimage\",\"url\":\"https:\\\/\\\/vitablanca.ma\\\/wp-content\\\/uploads\\\/2025\\\/06\\\/Fenioux-Curcuma-Proactif-Foie-et-Tube-Digestif-230mg-90-Gelules-nova-parapharmacie-casablanca.jpg\",\"contentUrl\":\"https:\\\/\\\/vitablanca.ma\\\/wp-content\\\/uploads\\\/2025\\\/06\\\/Fenioux-Curcuma-Proactif-Foie-et-Tube-Digestif-230mg-90-Gelules-nova-parapharmacie-casablanca.jpg\",\"width\":1000,\"height\":1000},{\"@type\":\"BreadcrumbList\",\"@id\":\"https:\\\/\\\/vitablanca.ma\\\/produit\\\/fenioux-curcuma-proactif-foie-et-tube-digestif-230mg-90-gelules\\\/#breadcrumb\",\"itemListElement\":[{\"@type\":\"ListItem\",\"position\":1,\"name\":\"Home\",\"item\":\"https:\\\/\\\/vitablanca.ma\\\/\"},{\"@type\":\"ListItem\",\"position\":2,\"name\":\"Tous Les Produits\",\"item\":\"https:\\\/\\\/vitablanca.ma\\\/tous-les-produits\\\/\"},{\"@type\":\"ListItem\",\"position\":3,\"name\":\"Fenioux Curcuma Proactif Foie et Tube Digestif 230mg 90 G\u00e9lules\"}]},{\"@type\":\"WebSite\",\"@id\":\"https:\\\/\\\/vitablanca.ma\\\/#website\",\"url\":\"https:\\\/\\\/vitablanca.ma\\\/\",\"name\":\"VitaBlanca.ma | Compl\u00e9ments alimentaires, sant\u00e9 & beaut\u00e9 au Maroc\",\"description\":\"vendre vitamines et compl\u00e9ments premium des USA &amp; Canada, Nouvelle Z\u00e9lande,Maroc (NOW Foods, Solgar, Manuka). Livraison rapide partout au Maroc.\",\"publisher\":{\"@id\":\"https:\\\/\\\/vitablanca.ma\\\/#organization\"},\"alternateName\":\"VitaBlanca.ma\",\"potentialAction\":[{\"@type\":\"SearchAction\",\"target\":{\"@type\":\"EntryPoint\",\"urlTemplate\":\"https:\\\/\\\/vitablanca.ma\\\/?s={search_term_string}\"},\"query-input\":{\"@type\":\"PropertyValueSpecification\",\"valueRequired\":true,\"valueName\":\"search_term_string\"}}],\"inLanguage\":\"ar\"},{\"@type\":\"Organization\",\"@id\":\"https:\\\/\\\/vitablanca.ma\\\/#organization\",\"name\":\"VitaBlanca\",\"url\":\"https:\\\/\\\/vitablanca.ma\\\/\",\"logo\":{\"@type\":\"ImageObject\",\"inLanguage\":\"ar\",\"@id\":\"https:\\\/\\\/vitablanca.ma\\\/#\\\/schema\\\/logo\\\/image\\\/\",\"url\":\"https:\\\/\\\/vitablanca.ma\\\/wp-content\\\/uploads\\\/2025\\\/05\\\/cropped-vitablanca.png\",\"contentUrl\":\"https:\\\/\\\/vitablanca.ma\\\/wp-content\\\/uploads\\\/2025\\\/05\\\/cropped-vitablanca.png\",\"width\":360,\"height\":67,\"caption\":\"VitaBlanca\"},\"image\":{\"@id\":\"https:\\\/\\\/vitablanca.ma\\\/#\\\/schema\\\/logo\\\/image\\\/\"},\"sameAs\":[\"https:\\\/\\\/www.facebook.com\\\/profile.php?id=61576678196717\",\"https:\\\/\\\/www.tiktok.com\\\/@vitablanca.ma\",\"https:\\\/\\\/www.instagram.com\\\/vitablanca.ma\\\/\"]}]}<\/script>\n<!-- \/ Yoast SEO plugin. -->","yoast_head_json":{"title":"Fenioux Curcuma Proactif Foie et Tube Digestif 230mg 90 G\u00e9lules - Maroc Prix","description":"\u0641\u064a\u0646\u064a\u0648\u0643\u0633 \u0643\u0631\u0643\u0645 \u0628\u0631\u0648\u0623\u0643\u062a\u064a\u0641 \u0644\u0644\u0643\u0628\u062f \u0648\u0627\u0644\u062c\u0647\u0627\u0632 \u0627\u0644\u0647\u0636\u0645\u064a 230 \u0645\u0644\u063a 90 \u0643\u0628\u0633\u0648\u0644\u0629","robots":{"index":"index","follow":"follow","max-snippet":"max-snippet:-1","max-image-preview":"max-image-preview:large","max-video-preview":"max-video-preview:-1"},"canonical":"https:\/\/vitablanca.ma\/ar\/product-2\/fenioux-curcuma-proactif-foie-et-tube-digestif-230mg-90-gelules\/","og_locale":"ar_AR","og_type":"article","og_title":"Fenioux Curcuma Proactif Foie et Tube Digestif 230mg 90 G\u00e9lules - Maroc Prix","og_description":"Fenioux Curcuma Proactif Foie et Tube Digestif 230mg 90 G\u00e9lules","og_url":"https:\/\/vitablanca.ma\/ar\/product-2\/fenioux-curcuma-proactif-foie-et-tube-digestif-230mg-90-gelules\/","og_site_name":"Vitablanca.ma &ndash; Sant&eacute;, vitalit&eacute; et bien-&ecirc;tre pour tous les Marocains","article_publisher":"https:\/\/www.facebook.com\/profile.php?id=61576678196717","og_image":[{"width":1000,"height":1000,"url":"https:\/\/vitablanca.ma\/wp-content\/uploads\/2025\/06\/Fenioux-Curcuma-Proactif-Foie-et-Tube-Digestif-230mg-90-Gelules-nova-parapharmacie-casablanca.jpg","type":"image\/jpeg"}],"twitter_card":"summary_large_image","twitter_misc":{"\u0648\u0642\u062a \u0627\u0644\u0642\u0631\u0627\u0621\u0629 \u0627\u0644\u0645\u064f\u0642\u062f\u0651\u0631":"\u062f\u0642\u064a\u0642\u0629 \u0648\u0627\u062d\u062f\u0629"},"schema":{"@context":"https:\/\/schema.org","@graph":[{"@type":["WebPage","ItemPage"],"@id":"https:\/\/vitablanca.ma\/produit\/fenioux-curcuma-proactif-foie-et-tube-digestif-230mg-90-gelules\/","url":"https:\/\/vitablanca.ma\/produit\/fenioux-curcuma-proactif-foie-et-tube-digestif-230mg-90-gelules\/","name":"Fenioux Curcuma Proactif Foie et Tube Digestif 230mg 90 G\u00e9lules - Maroc Prix","isPartOf":{"@id":"https:\/\/vitablanca.ma\/#website"},"primaryImageOfPage":{"@id":"https:\/\/vitablanca.ma\/produit\/fenioux-curcuma-proactif-foie-et-tube-digestif-230mg-90-gelules\/#primaryimage"},"image":{"@id":"https:\/\/vitablanca.ma\/produit\/fenioux-curcuma-proactif-foie-et-tube-digestif-230mg-90-gelules\/#primaryimage"},"thumbnailUrl":"https:\/\/vitablanca.ma\/wp-content\/uploads\/2025\/06\/Fenioux-Curcuma-Proactif-Foie-et-Tube-Digestif-230mg-90-Gelules-nova-parapharmacie-casablanca.jpg","datePublished":"2025-06-10T17:19:34+00:00","description":"\u0641\u064a\u0646\u064a\u0648\u0643\u0633 \u0643\u0631\u0643\u0645 \u0628\u0631\u0648\u0623\u0643\u062a\u064a\u0641 \u0644\u0644\u0643\u0628\u062f \u0648\u0627\u0644\u062c\u0647\u0627\u0632 \u0627\u0644\u0647\u0636\u0645\u064a 230 \u0645\u0644\u063a 90 \u0643\u0628\u0633\u0648\u0644\u0629","breadcrumb":{"@id":"https:\/\/vitablanca.ma\/produit\/fenioux-curcuma-proactif-foie-et-tube-digestif-230mg-90-gelules\/#breadcrumb"},"inLanguage":"ar","potentialAction":[{"@type":"ReadAction","target":["https:\/\/vitablanca.ma\/produit\/fenioux-curcuma-proactif-foie-et-tube-digestif-230mg-90-gelules\/"]}]},{"@type":"ImageObject","inLanguage":"ar","@id":"https:\/\/vitablanca.ma\/produit\/fenioux-curcuma-proactif-foie-et-tube-digestif-230mg-90-gelules\/#primaryimage","url":"https:\/\/vitablanca.ma\/wp-content\/uploads\/2025\/06\/Fenioux-Curcuma-Proactif-Foie-et-Tube-Digestif-230mg-90-Gelules-nova-parapharmacie-casablanca.jpg","contentUrl":"https:\/\/vitablanca.ma\/wp-content\/uploads\/2025\/06\/Fenioux-Curcuma-Proactif-Foie-et-Tube-Digestif-230mg-90-Gelules-nova-parapharmacie-casablanca.jpg","width":1000,"height":1000},{"@type":"BreadcrumbList","@id":"https:\/\/vitablanca.ma\/produit\/fenioux-curcuma-proactif-foie-et-tube-digestif-230mg-90-gelules\/#breadcrumb","itemListElement":[{"@type":"ListItem","position":1,"name":"Home","item":"https:\/\/vitablanca.ma\/"},{"@type":"ListItem","position":2,"name":"Tous Les Produits","item":"https:\/\/vitablanca.ma\/tous-les-produits\/"},{"@type":"ListItem","position":3,"name":"Fenioux Curcuma Proactif Foie et Tube Digestif 230mg 90 G\u00e9lules"}]},{"@type":"WebSite","@id":"https:\/\/vitablanca.ma\/#website","url":"https:\/\/vitablanca.ma\/","name":"VitaBlanca.ma | \u0627\u0644\u0645\u0643\u0645\u0644\u0627\u062a \u0627\u0644\u063a\u0630\u0627\u0626\u064a\u0629\u060c \u0627\u0644\u0635\u062d\u0629 \u0648\u0627\u0644\u062c\u0645\u0627\u0644 \u0641\u064a \u0627\u0644\u0645\u063a\u0631\u0628","description":"\u0646\u0628\u064a\u0639 \u0641\u064a\u062a\u0627\u0645\u064a\u0646\u0627\u062a \u0648\u0645\u0643\u0645\u0644\u0627\u062a \u063a\u0630\u0627\u0626\u064a\u0629 \u0641\u0627\u062e\u0631\u0629 \u0645\u0646 \u0627\u0644\u0648\u0644\u0627\u064a\u0627\u062a \u0627\u0644\u0645\u062a\u062d\u062f\u0629 \u0627\u0644\u0623\u0645\u0631\u064a\u0643\u064a\u0629 \u0648\u0643\u0646\u062f\u0627 \u0648\u0646\u064a\u0648\u0632\u064a\u0644\u0646\u062f\u0627 \u0648\u0627\u0644\u0645\u063a\u0631\u0628 (\u0646\u0627\u0648 \u0641\u0648\u062f\u0632\u060c \u0633\u0648\u0644\u062c\u0627\u0631\u060c \u0645\u0627\u0646\u0648\u0643\u0627). \u062a\u0648\u0635\u064a\u0644 \u0633\u0631\u064a\u0639 \u0625\u0644\u0649 \u062c\u0645\u064a\u0639 \u0623\u0646\u062d\u0627\u0621 \u0627\u0644\u0645\u063a\u0631\u0628.","publisher":{"@id":"https:\/\/vitablanca.ma\/#organization"},"alternateName":"VitaBlanca.ma","potentialAction":[{"@type":"SearchAction","target":{"@type":"EntryPoint","urlTemplate":"https:\/\/vitablanca.ma\/?s={search_term_string}"},"query-input":{"@type":"PropertyValueSpecification","valueRequired":true,"valueName":"search_term_string"}}],"inLanguage":"ar"},{"@type":"Organization","@id":"https:\/\/vitablanca.ma\/#organization","name":"\u0641\u064a\u062a\u0627\u0628\u0644\u0627\u0646\u0643\u0627","url":"https:\/\/vitablanca.ma\/","logo":{"@type":"ImageObject","inLanguage":"ar","@id":"https:\/\/vitablanca.ma\/#\/schema\/logo\/image\/","url":"https:\/\/vitablanca.ma\/wp-content\/uploads\/2025\/05\/cropped-vitablanca.png","contentUrl":"https:\/\/vitablanca.ma\/wp-content\/uploads\/2025\/05\/cropped-vitablanca.png","width":360,"height":67,"caption":"VitaBlanca"},"image":{"@id":"https:\/\/vitablanca.ma\/#\/schema\/logo\/image\/"},"sameAs":["https:\/\/www.facebook.com\/profile.php?id=61576678196717","https:\/\/www.tiktok.com\/@vitablanca.ma","https:\/\/www.instagram.com\/vitablanca.ma\/"]}]}},"jetpack_sharing_enabled":true,"_links":{"self":[{"href":"https:\/\/vitablanca.ma\/ar\/wp-json\/wp\/v2\/product\/18275","targetHints":{"allow":["GET"]}}],"collection":[{"href":"https:\/\/vitablanca.ma\/ar\/wp-json\/wp\/v2\/product"}],"about":[{"href":"https:\/\/vitablanca.ma\/ar\/wp-json\/wp\/v2\/types\/product"}],"wp:featuredmedia":[{"embeddable":true,"href":"https:\/\/vitablanca.ma\/ar\/wp-json\/wp\/v2\/media\/18273"}],"wp:attachment":[{"href":"https:\/\/vitablanca.ma\/ar\/wp-json\/wp\/v2\/media?parent=18275"}],"wp:term":[{"taxonomy":"product_brand","embeddable":true,"href":"https:\/\/vitablanca.ma\/ar\/wp-json\/wp\/v2\/product_brand?post=18275"},{"taxonomy":"product_cat","embeddable":true,"href":"https:\/\/vitablanca.ma\/ar\/wp-json\/wp\/v2\/product_cat?post=18275"},{"taxonomy":"product_tag","embeddable":true,"href":"https:\/\/vitablanca.ma\/ar\/wp-json\/wp\/v2\/product_tag?post=18275"}],"curies":[{"name":"wp","href":"https:\/\/api.w.org\/{rel}","templated":true}]}}