{"id":18146,"date":"2025-06-10T17:16:54","date_gmt":"2025-06-10T17:16:54","guid":{"rendered":"https:\/\/vitablanca.ma\/product\/esthederm-esthe-white-system-serum-anti-taches-eclaircissant-jeunesse-30ml\/"},"modified":"2025-06-10T17:16:54","modified_gmt":"2025-06-10T17:16:54","slug":"esthederm-esthe-white-system-serum-anti-taches-eclaircissant-jeunesse-30ml","status":"publish","type":"product","link":"https:\/\/vitablanca.ma\/ar\/product-2\/esthederm-esthe-white-system-serum-anti-taches-eclaircissant-jeunesse-30ml\/","title":{"rendered":"Esthederm Esthe-White System S\u00e9rum Anti-Taches \u00c9claircissant Jeunesse 30ml"},"content":{"rendered":"<h2>Esthederm Esthe-White System S\u00e9rum Anti-Taches \u00c9claircissant Jeunesse\u00a0<span data-mce-fragment=\"1\">clart\u00e9 et l\u2019\u00e9clat du teint.<\/span><br \/>\n<\/h2>\n<h3>\u0627\u0644\u0625\u062c\u0631\u0627\u0621\u0627\u062a<\/h3>\n<ul>\n<li>Aide \u00e0 corriger les taches brunes gr\u00e2ce \u00e0 la technologie HYPOPIGMENTALINE qui agit \u00e0 tous les niveaux du processus de pigmentation pour une r\u00e9ponse globale sur l\u2019uniformit\u00e9, la clart\u00e9 et l\u2019\u00e9clat du teint.<\/li>\n<li>Restaure la transparence par l\u2019action de l\u2019EPS marin, une mol\u00e9cule pure et naturelle, qui agit comme un flouteur biologique. Il estompe progressivement les irr\u00e9gularit\u00e9s qui alt\u00e8rent la luminosit\u00e9 du teint et lisse durablement le grain de peau.<\/li>\n<li>Unifie le teint gr\u00e2ce \u00e0 la carnosine, puissant actif antioxydant et anti-glycation*, qui pr\u00e9vient le jaunissement du teint qui appara\u00eet avec le temps et la surexposition au soleil. (*Glycation : processus d\u2019acc\u00e9l\u00e9ration du vieillissement qui favorise le jaunissement du teint et l\u2019apparition pr\u00e9coce des rides par rigidification des fibres de collag\u00e8ne et d\u2019\u00e9lastine).\u00a0<\/li>\n<li>BREVETS : TECHNOLOGIE HYPOPIGMENTALINE, TIME CONTROL SYSTEM, \u00a0EAU CELLULAIRE.<\/li>\n<\/ul>\n<h3>\u064a\u0633\u062a\u062e\u062f\u0645<\/h3>\n<div class=\"product-detail-container\">\n<div id=\"pills-tabContent\" class=\"tab-content border-0\">\n<div aria-labelledby=\"pills-advice-tab\" role=\"tabpanel\" id=\"pills-advice\" class=\"tab-pane fade active show\">\n<div class=\"container\">\n<p>Appliquez le S\u00e9rum anti-taches \u00c9claircissant Jeunesse ESTHE-WHITE matin et\/ou soir sur la peau propre et s\u00e8che du visage et du cou. Le S\u00e9rum s\u2019utilise seul ou associ\u00e9 aux autres soins ESTHE-WHITE pour une efficacit\u00e9 \u00e9claircissante optimale.<\/p>\n<\/div>\n<\/div>\n<\/div>\n<\/div>","protected":false},"excerpt":{"rendered":"<p>Esthederm Esthe-White System S\u00e9rum Anti-Taches \u00c9claircissant Jeunesse\u00a0clart\u00e9 et l\u2019\u00e9clat du teint. ACTIONS Aide \u00e0 corriger les taches brunes gr\u00e2ce \u00e0 la technologie HYPOPIGMENTALINE qui agit \u00e0 tous les niveaux du processus de pigmentation pour une r\u00e9ponse globale sur l\u2019uniformit\u00e9, la clart\u00e9 et l\u2019\u00e9clat du teint. Restaure la transparence par l\u2019action de l\u2019EPS marin, une mol\u00e9cule [&hellip;]<\/p>\n","protected":false},"featured_media":18145,"template":"","meta":{"om_disable_all_campaigns":false},"product_brand":[],"product_cat":[15],"product_tag":[],"class_list":{"0":"post-18146","1":"product","2":"type-product","3":"status-publish","4":"has-post-thumbnail","6":"product_cat-beaute-sante-complements-alimentaires-soins-et-bien-etre-au-meilleur-prix","8":"first","9":"instock","10":"sale","11":"taxable","12":"shipping-taxable","13":"purchasable","14":"product-type-simple"},"yoast_head":"<!-- This site is optimized with the Yoast SEO plugin v27.5 - https:\/\/yoast.com\/product\/yoast-seo-wordpress\/ -->\n<title>Esthederm Esthe-White System S\u00e9rum Anti-Taches \u00c9claircissant Jeunesse 30ml - Maroc Prix<\/title>\n<meta name=\"description\" content=\"Esthederm Esthe-White System S\u00e9rum Anti-Taches \u00c9claircissant Jeunesse 30ml\" \/>\n<meta name=\"robots\" content=\"index, follow, max-snippet:-1, max-image-preview:large, max-video-preview:-1\" \/>\n<link rel=\"canonical\" href=\"https:\/\/vitablanca.ma\/ar\/product-2\/esthederm-esthe-white-system-serum-anti-taches-eclaircissant-jeunesse-30ml\/\" \/>\n<meta property=\"og:locale\" content=\"ar_AR\" \/>\n<meta property=\"og:type\" content=\"article\" \/>\n<meta property=\"og:title\" content=\"Esthederm Esthe-White System S\u00e9rum Anti-Taches \u00c9claircissant Jeunesse 30ml - Maroc Prix\" \/>\n<meta property=\"og:description\" content=\"Esthederm Esthe-White System S\u00e9rum Anti-Taches \u00c9claircissant Jeunesse 30ml\" \/>\n<meta property=\"og:url\" content=\"https:\/\/vitablanca.ma\/ar\/product-2\/esthederm-esthe-white-system-serum-anti-taches-eclaircissant-jeunesse-30ml\/\" \/>\n<meta property=\"og:site_name\" content=\"Vitablanca.ma &ndash; Sant&eacute;, vitalit&eacute; et bien-&ecirc;tre pour tous les Marocains\" \/>\n<meta property=\"article:publisher\" content=\"https:\/\/www.facebook.com\/profile.php?id=61576678196717\" \/>\n<meta property=\"og:image\" content=\"https:\/\/vitablanca.ma\/wp-content\/uploads\/2025\/06\/Esthederm-Esthe-White-System-Serum-Anti-Taches-Eclaircissant-Jeunesse-30ml-nova-prapharmacie-maroc.jpg\" \/>\n\t<meta property=\"og:image:width\" content=\"1000\" \/>\n\t<meta property=\"og:image:height\" content=\"1000\" \/>\n\t<meta property=\"og:image:type\" content=\"image\/jpeg\" \/>\n<meta name=\"twitter:card\" content=\"summary_large_image\" \/>\n<meta name=\"twitter:label1\" content=\"\u0648\u0642\u062a \u0627\u0644\u0642\u0631\u0627\u0621\u0629 \u0627\u0644\u0645\u064f\u0642\u062f\u0651\u0631\" \/>\n\t<meta name=\"twitter:data1\" content=\"\u062f\u0642\u064a\u0642\u0629 \u0648\u0627\u062d\u062f\u0629\" \/>\n<script type=\"application\/ld+json\" class=\"yoast-schema-graph\">{\"@context\":\"https:\\\/\\\/schema.org\",\"@graph\":[{\"@type\":[\"WebPage\",\"ItemPage\"],\"@id\":\"https:\\\/\\\/vitablanca.ma\\\/produit\\\/esthederm-esthe-white-system-serum-anti-taches-eclaircissant-jeunesse-30ml\\\/\",\"url\":\"https:\\\/\\\/vitablanca.ma\\\/produit\\\/esthederm-esthe-white-system-serum-anti-taches-eclaircissant-jeunesse-30ml\\\/\",\"name\":\"Esthederm Esthe-White System S\u00e9rum Anti-Taches \u00c9claircissant Jeunesse 30ml - Maroc Prix\",\"isPartOf\":{\"@id\":\"https:\\\/\\\/vitablanca.ma\\\/#website\"},\"primaryImageOfPage\":{\"@id\":\"https:\\\/\\\/vitablanca.ma\\\/produit\\\/esthederm-esthe-white-system-serum-anti-taches-eclaircissant-jeunesse-30ml\\\/#primaryimage\"},\"image\":{\"@id\":\"https:\\\/\\\/vitablanca.ma\\\/produit\\\/esthederm-esthe-white-system-serum-anti-taches-eclaircissant-jeunesse-30ml\\\/#primaryimage\"},\"thumbnailUrl\":\"https:\\\/\\\/vitablanca.ma\\\/wp-content\\\/uploads\\\/2025\\\/06\\\/Esthederm-Esthe-White-System-Serum-Anti-Taches-Eclaircissant-Jeunesse-30ml-nova-prapharmacie-maroc.jpg\",\"datePublished\":\"2025-06-10T17:16:54+00:00\",\"description\":\"Esthederm Esthe-White System S\u00e9rum Anti-Taches \u00c9claircissant Jeunesse 30ml\",\"breadcrumb\":{\"@id\":\"https:\\\/\\\/vitablanca.ma\\\/produit\\\/esthederm-esthe-white-system-serum-anti-taches-eclaircissant-jeunesse-30ml\\\/#breadcrumb\"},\"inLanguage\":\"ar\",\"potentialAction\":[{\"@type\":\"ReadAction\",\"target\":[\"https:\\\/\\\/vitablanca.ma\\\/produit\\\/esthederm-esthe-white-system-serum-anti-taches-eclaircissant-jeunesse-30ml\\\/\"]}]},{\"@type\":\"ImageObject\",\"inLanguage\":\"ar\",\"@id\":\"https:\\\/\\\/vitablanca.ma\\\/produit\\\/esthederm-esthe-white-system-serum-anti-taches-eclaircissant-jeunesse-30ml\\\/#primaryimage\",\"url\":\"https:\\\/\\\/vitablanca.ma\\\/wp-content\\\/uploads\\\/2025\\\/06\\\/Esthederm-Esthe-White-System-Serum-Anti-Taches-Eclaircissant-Jeunesse-30ml-nova-prapharmacie-maroc.jpg\",\"contentUrl\":\"https:\\\/\\\/vitablanca.ma\\\/wp-content\\\/uploads\\\/2025\\\/06\\\/Esthederm-Esthe-White-System-Serum-Anti-Taches-Eclaircissant-Jeunesse-30ml-nova-prapharmacie-maroc.jpg\",\"width\":1000,\"height\":1000},{\"@type\":\"BreadcrumbList\",\"@id\":\"https:\\\/\\\/vitablanca.ma\\\/produit\\\/esthederm-esthe-white-system-serum-anti-taches-eclaircissant-jeunesse-30ml\\\/#breadcrumb\",\"itemListElement\":[{\"@type\":\"ListItem\",\"position\":1,\"name\":\"Home\",\"item\":\"https:\\\/\\\/vitablanca.ma\\\/\"},{\"@type\":\"ListItem\",\"position\":2,\"name\":\"Tous Les Produits\",\"item\":\"https:\\\/\\\/vitablanca.ma\\\/tous-les-produits\\\/\"},{\"@type\":\"ListItem\",\"position\":3,\"name\":\"Esthederm Esthe-White System S\u00e9rum Anti-Taches \u00c9claircissant Jeunesse 30ml\"}]},{\"@type\":\"WebSite\",\"@id\":\"https:\\\/\\\/vitablanca.ma\\\/#website\",\"url\":\"https:\\\/\\\/vitablanca.ma\\\/\",\"name\":\"VitaBlanca.ma | Compl\u00e9ments alimentaires, sant\u00e9 & beaut\u00e9 au Maroc\",\"description\":\"vendre vitamines et compl\u00e9ments premium des USA &amp; Canada, Nouvelle Z\u00e9lande,Maroc (NOW Foods, Solgar, Manuka). Livraison rapide partout au Maroc.\",\"publisher\":{\"@id\":\"https:\\\/\\\/vitablanca.ma\\\/#organization\"},\"alternateName\":\"VitaBlanca.ma\",\"potentialAction\":[{\"@type\":\"SearchAction\",\"target\":{\"@type\":\"EntryPoint\",\"urlTemplate\":\"https:\\\/\\\/vitablanca.ma\\\/?s={search_term_string}\"},\"query-input\":{\"@type\":\"PropertyValueSpecification\",\"valueRequired\":true,\"valueName\":\"search_term_string\"}}],\"inLanguage\":\"ar\"},{\"@type\":\"Organization\",\"@id\":\"https:\\\/\\\/vitablanca.ma\\\/#organization\",\"name\":\"VitaBlanca\",\"url\":\"https:\\\/\\\/vitablanca.ma\\\/\",\"logo\":{\"@type\":\"ImageObject\",\"inLanguage\":\"ar\",\"@id\":\"https:\\\/\\\/vitablanca.ma\\\/#\\\/schema\\\/logo\\\/image\\\/\",\"url\":\"https:\\\/\\\/vitablanca.ma\\\/wp-content\\\/uploads\\\/2025\\\/05\\\/cropped-vitablanca.png\",\"contentUrl\":\"https:\\\/\\\/vitablanca.ma\\\/wp-content\\\/uploads\\\/2025\\\/05\\\/cropped-vitablanca.png\",\"width\":360,\"height\":67,\"caption\":\"VitaBlanca\"},\"image\":{\"@id\":\"https:\\\/\\\/vitablanca.ma\\\/#\\\/schema\\\/logo\\\/image\\\/\"},\"sameAs\":[\"https:\\\/\\\/www.facebook.com\\\/profile.php?id=61576678196717\",\"https:\\\/\\\/www.tiktok.com\\\/@vitablanca.ma\",\"https:\\\/\\\/www.instagram.com\\\/vitablanca.ma\\\/\"]}]}<\/script>\n<!-- \/ Yoast SEO plugin. -->","yoast_head_json":{"title":"Esthederm Esthe-White System S\u00e9rum Anti-Taches \u00c9claircissant Jeunesse 30ml - Maroc Prix","description":"Esthederm Esthe-White System S\u00e9rum Anti-Taches \u00c9claircissant Jeunesse 30ml","robots":{"index":"index","follow":"follow","max-snippet":"max-snippet:-1","max-image-preview":"max-image-preview:large","max-video-preview":"max-video-preview:-1"},"canonical":"https:\/\/vitablanca.ma\/ar\/product-2\/esthederm-esthe-white-system-serum-anti-taches-eclaircissant-jeunesse-30ml\/","og_locale":"ar_AR","og_type":"article","og_title":"Esthederm Esthe-White System S\u00e9rum Anti-Taches \u00c9claircissant Jeunesse 30ml - Maroc Prix","og_description":"Esthederm Esthe-White System S\u00e9rum Anti-Taches \u00c9claircissant Jeunesse 30ml","og_url":"https:\/\/vitablanca.ma\/ar\/product-2\/esthederm-esthe-white-system-serum-anti-taches-eclaircissant-jeunesse-30ml\/","og_site_name":"Vitablanca.ma &ndash; Sant&eacute;, vitalit&eacute; et bien-&ecirc;tre pour tous les Marocains","article_publisher":"https:\/\/www.facebook.com\/profile.php?id=61576678196717","og_image":[{"width":1000,"height":1000,"url":"https:\/\/vitablanca.ma\/wp-content\/uploads\/2025\/06\/Esthederm-Esthe-White-System-Serum-Anti-Taches-Eclaircissant-Jeunesse-30ml-nova-prapharmacie-maroc.jpg","type":"image\/jpeg"}],"twitter_card":"summary_large_image","twitter_misc":{"\u0648\u0642\u062a \u0627\u0644\u0642\u0631\u0627\u0621\u0629 \u0627\u0644\u0645\u064f\u0642\u062f\u0651\u0631":"\u062f\u0642\u064a\u0642\u0629 \u0648\u0627\u062d\u062f\u0629"},"schema":{"@context":"https:\/\/schema.org","@graph":[{"@type":["WebPage","ItemPage"],"@id":"https:\/\/vitablanca.ma\/produit\/esthederm-esthe-white-system-serum-anti-taches-eclaircissant-jeunesse-30ml\/","url":"https:\/\/vitablanca.ma\/produit\/esthederm-esthe-white-system-serum-anti-taches-eclaircissant-jeunesse-30ml\/","name":"Esthederm Esthe-White System S\u00e9rum Anti-Taches \u00c9claircissant Jeunesse 30ml - Maroc Prix","isPartOf":{"@id":"https:\/\/vitablanca.ma\/#website"},"primaryImageOfPage":{"@id":"https:\/\/vitablanca.ma\/produit\/esthederm-esthe-white-system-serum-anti-taches-eclaircissant-jeunesse-30ml\/#primaryimage"},"image":{"@id":"https:\/\/vitablanca.ma\/produit\/esthederm-esthe-white-system-serum-anti-taches-eclaircissant-jeunesse-30ml\/#primaryimage"},"thumbnailUrl":"https:\/\/vitablanca.ma\/wp-content\/uploads\/2025\/06\/Esthederm-Esthe-White-System-Serum-Anti-Taches-Eclaircissant-Jeunesse-30ml-nova-prapharmacie-maroc.jpg","datePublished":"2025-06-10T17:16:54+00:00","description":"Esthederm Esthe-White System S\u00e9rum Anti-Taches \u00c9claircissant Jeunesse 30ml","breadcrumb":{"@id":"https:\/\/vitablanca.ma\/produit\/esthederm-esthe-white-system-serum-anti-taches-eclaircissant-jeunesse-30ml\/#breadcrumb"},"inLanguage":"ar","potentialAction":[{"@type":"ReadAction","target":["https:\/\/vitablanca.ma\/produit\/esthederm-esthe-white-system-serum-anti-taches-eclaircissant-jeunesse-30ml\/"]}]},{"@type":"ImageObject","inLanguage":"ar","@id":"https:\/\/vitablanca.ma\/produit\/esthederm-esthe-white-system-serum-anti-taches-eclaircissant-jeunesse-30ml\/#primaryimage","url":"https:\/\/vitablanca.ma\/wp-content\/uploads\/2025\/06\/Esthederm-Esthe-White-System-Serum-Anti-Taches-Eclaircissant-Jeunesse-30ml-nova-prapharmacie-maroc.jpg","contentUrl":"https:\/\/vitablanca.ma\/wp-content\/uploads\/2025\/06\/Esthederm-Esthe-White-System-Serum-Anti-Taches-Eclaircissant-Jeunesse-30ml-nova-prapharmacie-maroc.jpg","width":1000,"height":1000},{"@type":"BreadcrumbList","@id":"https:\/\/vitablanca.ma\/produit\/esthederm-esthe-white-system-serum-anti-taches-eclaircissant-jeunesse-30ml\/#breadcrumb","itemListElement":[{"@type":"ListItem","position":1,"name":"Home","item":"https:\/\/vitablanca.ma\/"},{"@type":"ListItem","position":2,"name":"Tous Les Produits","item":"https:\/\/vitablanca.ma\/tous-les-produits\/"},{"@type":"ListItem","position":3,"name":"Esthederm Esthe-White System S\u00e9rum Anti-Taches \u00c9claircissant Jeunesse 30ml"}]},{"@type":"WebSite","@id":"https:\/\/vitablanca.ma\/#website","url":"https:\/\/vitablanca.ma\/","name":"VitaBlanca.ma | \u0627\u0644\u0645\u0643\u0645\u0644\u0627\u062a \u0627\u0644\u063a\u0630\u0627\u0626\u064a\u0629\u060c \u0627\u0644\u0635\u062d\u0629 \u0648\u0627\u0644\u062c\u0645\u0627\u0644 \u0641\u064a \u0627\u0644\u0645\u063a\u0631\u0628","description":"\u0646\u0628\u064a\u0639 \u0641\u064a\u062a\u0627\u0645\u064a\u0646\u0627\u062a \u0648\u0645\u0643\u0645\u0644\u0627\u062a \u063a\u0630\u0627\u0626\u064a\u0629 \u0641\u0627\u062e\u0631\u0629 \u0645\u0646 \u0627\u0644\u0648\u0644\u0627\u064a\u0627\u062a \u0627\u0644\u0645\u062a\u062d\u062f\u0629 \u0627\u0644\u0623\u0645\u0631\u064a\u0643\u064a\u0629 \u0648\u0643\u0646\u062f\u0627 \u0648\u0646\u064a\u0648\u0632\u064a\u0644\u0646\u062f\u0627 \u0648\u0627\u0644\u0645\u063a\u0631\u0628 (\u0646\u0627\u0648 \u0641\u0648\u062f\u0632\u060c \u0633\u0648\u0644\u062c\u0627\u0631\u060c \u0645\u0627\u0646\u0648\u0643\u0627). \u062a\u0648\u0635\u064a\u0644 \u0633\u0631\u064a\u0639 \u0625\u0644\u0649 \u062c\u0645\u064a\u0639 \u0623\u0646\u062d\u0627\u0621 \u0627\u0644\u0645\u063a\u0631\u0628.","publisher":{"@id":"https:\/\/vitablanca.ma\/#organization"},"alternateName":"VitaBlanca.ma","potentialAction":[{"@type":"SearchAction","target":{"@type":"EntryPoint","urlTemplate":"https:\/\/vitablanca.ma\/?s={search_term_string}"},"query-input":{"@type":"PropertyValueSpecification","valueRequired":true,"valueName":"search_term_string"}}],"inLanguage":"ar"},{"@type":"Organization","@id":"https:\/\/vitablanca.ma\/#organization","name":"\u0641\u064a\u062a\u0627\u0628\u0644\u0627\u0646\u0643\u0627","url":"https:\/\/vitablanca.ma\/","logo":{"@type":"ImageObject","inLanguage":"ar","@id":"https:\/\/vitablanca.ma\/#\/schema\/logo\/image\/","url":"https:\/\/vitablanca.ma\/wp-content\/uploads\/2025\/05\/cropped-vitablanca.png","contentUrl":"https:\/\/vitablanca.ma\/wp-content\/uploads\/2025\/05\/cropped-vitablanca.png","width":360,"height":67,"caption":"VitaBlanca"},"image":{"@id":"https:\/\/vitablanca.ma\/#\/schema\/logo\/image\/"},"sameAs":["https:\/\/www.facebook.com\/profile.php?id=61576678196717","https:\/\/www.tiktok.com\/@vitablanca.ma","https:\/\/www.instagram.com\/vitablanca.ma\/"]}]}},"jetpack_sharing_enabled":true,"_links":{"self":[{"href":"https:\/\/vitablanca.ma\/ar\/wp-json\/wp\/v2\/product\/18146","targetHints":{"allow":["GET"]}}],"collection":[{"href":"https:\/\/vitablanca.ma\/ar\/wp-json\/wp\/v2\/product"}],"about":[{"href":"https:\/\/vitablanca.ma\/ar\/wp-json\/wp\/v2\/types\/product"}],"wp:featuredmedia":[{"embeddable":true,"href":"https:\/\/vitablanca.ma\/ar\/wp-json\/wp\/v2\/media\/18145"}],"wp:attachment":[{"href":"https:\/\/vitablanca.ma\/ar\/wp-json\/wp\/v2\/media?parent=18146"}],"wp:term":[{"taxonomy":"product_brand","embeddable":true,"href":"https:\/\/vitablanca.ma\/ar\/wp-json\/wp\/v2\/product_brand?post=18146"},{"taxonomy":"product_cat","embeddable":true,"href":"https:\/\/vitablanca.ma\/ar\/wp-json\/wp\/v2\/product_cat?post=18146"},{"taxonomy":"product_tag","embeddable":true,"href":"https:\/\/vitablanca.ma\/ar\/wp-json\/wp\/v2\/product_tag?post=18146"}],"curies":[{"name":"wp","href":"https:\/\/api.w.org\/{rel}","templated":true}]}}