{"id":18142,"date":"2025-06-10T17:16:50","date_gmt":"2025-06-10T17:16:50","guid":{"rendered":"https:\/\/vitablanca.ma\/product\/esthederm-intensive-aha-peel-serum-concentre-30ml\/"},"modified":"2025-06-10T17:16:50","modified_gmt":"2025-06-10T17:16:50","slug":"esthederm-intensive-aha-peel-serum-concentre-30ml","status":"publish","type":"product","link":"https:\/\/vitablanca.ma\/ar\/product-2\/esthederm-intensive-aha-peel-serum-concentre-30ml\/","title":{"rendered":"Esthederm Intensive AHA Peel S\u00e9rum Concentr\u00e9 30ml"},"content":{"rendered":"<h2>Esthederm Intensive AHA Peel S\u00e9rum Concentr\u00e9\u00a0<span data-mce-fragment=\"1\">r\u00e9duit l\u2019apparence des pores et uniformise le teint.<\/span><br \/>\n<\/h2>\n<div class=\"product__collapse\">\n<h3 class=\"h5\">\u0641\u0648\u0627\u0626\u062f<\/h3>\n<div class=\"product__collapse-panel\" id=\"benefits-bienfaits\">\n<p>Ce s\u00e9rum intensif affine le grain de peau, r\u00e9duit l\u2019apparence des pores et uniformise le teint.<\/p>\n<\/div>\n<\/div>\n<div class=\"product__collapse\">\n<h3 class=\"h5\">CONSEILS D\u2019APPLICATION<\/h3>\n<div class=\"product__collapse-panel\" id=\"benefits-conseils\">\n<p>Appliquer matin et\/ou soir sur le visage et le cou, en cure de deux mois. L\u2019utilisation du produit sur la peau doit \u00eatre de fr\u00e9quence ou de dur\u00e9e limit\u00e9es.<\/p>\n<p>Suivre le mode d\u2019emploi. \u00c9viter tout contact avec les yeux. Si l\u2019irritation persiste, cesser l\u2019utilisation et consulter un m\u00e9decin.<span>\u00a0<\/span><strong>Alerte coup de soleil :<\/strong><span>\u00a0<\/span>ce produit contient un acide alpha hydroxyl\u00e9 (AAH) qui peut augmenter la sensibilit\u00e9 de la peau au soleil et en particulier la possibilit\u00e9 de coups de soleil. Avant toute exposition au soleil, il est recommand\u00e9 d\u2019appliquer un \u00e9cran solaire sur les r\u00e9gions o\u00f9 le produit contenant des AAH a \u00e9t\u00e9 appliqu\u00e9. Portez des v\u00eatements qui prot\u00e8gent, et limiter l\u2019exposition au soleil lorsque vous utilisez le produit et dans les semaines \u00e0 venir.<\/p>\n<\/div>\n<\/div>","protected":false},"excerpt":{"rendered":"<p>Esthederm Intensive AHA Peel S\u00e9rum Concentr\u00e9\u00a0r\u00e9duit l\u2019apparence des pores et uniformise le teint. BIENFAITS Ce s\u00e9rum intensif affine le grain de peau, r\u00e9duit l\u2019apparence des pores et uniformise le teint. CONSEILS D\u2019APPLICATION Appliquer matin et\/ou soir sur le visage et le cou, en cure de deux mois. L\u2019utilisation du produit sur la peau doit \u00eatre [&hellip;]<\/p>\n","protected":false},"featured_media":18141,"template":"","meta":{"om_disable_all_campaigns":false},"product_brand":[],"product_cat":[15],"product_tag":[],"class_list":{"0":"post-18142","1":"product","2":"type-product","3":"status-publish","4":"has-post-thumbnail","6":"product_cat-beaute-sante-complements-alimentaires-soins-et-bien-etre-au-meilleur-prix","8":"first","9":"instock","10":"sale","11":"taxable","12":"shipping-taxable","13":"purchasable","14":"product-type-simple"},"yoast_head":"<!-- This site is optimized with the Yoast SEO plugin v27.5 - https:\/\/yoast.com\/product\/yoast-seo-wordpress\/ -->\n<title>Esthederm Intensive AHA Peel S\u00e9rum Concentr\u00e9 30ml - Maroc Prix<\/title>\n<meta name=\"description\" content=\"Esthederm Intensive AHA Peel S\u00e9rum Concentr\u00e9 30ml\" \/>\n<meta name=\"robots\" content=\"index, follow, max-snippet:-1, max-image-preview:large, max-video-preview:-1\" \/>\n<link rel=\"canonical\" href=\"https:\/\/vitablanca.ma\/ar\/product-2\/esthederm-intensive-aha-peel-serum-concentre-30ml\/\" \/>\n<meta property=\"og:locale\" content=\"ar_AR\" \/>\n<meta property=\"og:type\" content=\"article\" \/>\n<meta property=\"og:title\" content=\"Esthederm Intensive AHA Peel S\u00e9rum Concentr\u00e9 30ml - Maroc Prix\" \/>\n<meta property=\"og:description\" content=\"Esthederm Intensive AHA Peel S\u00e9rum Concentr\u00e9 30ml\" \/>\n<meta property=\"og:url\" content=\"https:\/\/vitablanca.ma\/ar\/product-2\/esthederm-intensive-aha-peel-serum-concentre-30ml\/\" \/>\n<meta property=\"og:site_name\" content=\"Vitablanca.ma &ndash; Sant&eacute;, vitalit&eacute; et bien-&ecirc;tre pour tous les Marocains\" \/>\n<meta property=\"article:publisher\" content=\"https:\/\/www.facebook.com\/profile.php?id=61576678196717\" \/>\n<meta property=\"og:image\" content=\"https:\/\/vitablanca.ma\/wp-content\/uploads\/2025\/06\/Esthederm-Intensive-AHA-Peel-Serum-Concentre-30ml-nova-prapharmacie-maroc.jpg\" \/>\n\t<meta property=\"og:image:width\" content=\"1000\" \/>\n\t<meta property=\"og:image:height\" content=\"1000\" \/>\n\t<meta property=\"og:image:type\" content=\"image\/jpeg\" \/>\n<meta name=\"twitter:card\" content=\"summary_large_image\" \/>\n<meta name=\"twitter:label1\" content=\"\u0648\u0642\u062a \u0627\u0644\u0642\u0631\u0627\u0621\u0629 \u0627\u0644\u0645\u064f\u0642\u062f\u0651\u0631\" \/>\n\t<meta name=\"twitter:data1\" content=\"\u062f\u0642\u064a\u0642\u0629 \u0648\u0627\u062d\u062f\u0629\" \/>\n<script type=\"application\/ld+json\" class=\"yoast-schema-graph\">{\"@context\":\"https:\\\/\\\/schema.org\",\"@graph\":[{\"@type\":[\"WebPage\",\"ItemPage\"],\"@id\":\"https:\\\/\\\/vitablanca.ma\\\/produit\\\/esthederm-intensive-aha-peel-serum-concentre-30ml\\\/\",\"url\":\"https:\\\/\\\/vitablanca.ma\\\/produit\\\/esthederm-intensive-aha-peel-serum-concentre-30ml\\\/\",\"name\":\"Esthederm Intensive AHA Peel S\u00e9rum Concentr\u00e9 30ml - Maroc Prix\",\"isPartOf\":{\"@id\":\"https:\\\/\\\/vitablanca.ma\\\/#website\"},\"primaryImageOfPage\":{\"@id\":\"https:\\\/\\\/vitablanca.ma\\\/produit\\\/esthederm-intensive-aha-peel-serum-concentre-30ml\\\/#primaryimage\"},\"image\":{\"@id\":\"https:\\\/\\\/vitablanca.ma\\\/produit\\\/esthederm-intensive-aha-peel-serum-concentre-30ml\\\/#primaryimage\"},\"thumbnailUrl\":\"https:\\\/\\\/vitablanca.ma\\\/wp-content\\\/uploads\\\/2025\\\/06\\\/Esthederm-Intensive-AHA-Peel-Serum-Concentre-30ml-nova-prapharmacie-maroc.jpg\",\"datePublished\":\"2025-06-10T17:16:50+00:00\",\"description\":\"Esthederm Intensive AHA Peel S\u00e9rum Concentr\u00e9 30ml\",\"breadcrumb\":{\"@id\":\"https:\\\/\\\/vitablanca.ma\\\/produit\\\/esthederm-intensive-aha-peel-serum-concentre-30ml\\\/#breadcrumb\"},\"inLanguage\":\"ar\",\"potentialAction\":[{\"@type\":\"ReadAction\",\"target\":[\"https:\\\/\\\/vitablanca.ma\\\/produit\\\/esthederm-intensive-aha-peel-serum-concentre-30ml\\\/\"]}]},{\"@type\":\"ImageObject\",\"inLanguage\":\"ar\",\"@id\":\"https:\\\/\\\/vitablanca.ma\\\/produit\\\/esthederm-intensive-aha-peel-serum-concentre-30ml\\\/#primaryimage\",\"url\":\"https:\\\/\\\/vitablanca.ma\\\/wp-content\\\/uploads\\\/2025\\\/06\\\/Esthederm-Intensive-AHA-Peel-Serum-Concentre-30ml-nova-prapharmacie-maroc.jpg\",\"contentUrl\":\"https:\\\/\\\/vitablanca.ma\\\/wp-content\\\/uploads\\\/2025\\\/06\\\/Esthederm-Intensive-AHA-Peel-Serum-Concentre-30ml-nova-prapharmacie-maroc.jpg\",\"width\":1000,\"height\":1000},{\"@type\":\"BreadcrumbList\",\"@id\":\"https:\\\/\\\/vitablanca.ma\\\/produit\\\/esthederm-intensive-aha-peel-serum-concentre-30ml\\\/#breadcrumb\",\"itemListElement\":[{\"@type\":\"ListItem\",\"position\":1,\"name\":\"Home\",\"item\":\"https:\\\/\\\/vitablanca.ma\\\/\"},{\"@type\":\"ListItem\",\"position\":2,\"name\":\"Tous Les Produits\",\"item\":\"https:\\\/\\\/vitablanca.ma\\\/tous-les-produits\\\/\"},{\"@type\":\"ListItem\",\"position\":3,\"name\":\"Esthederm Intensive AHA Peel S\u00e9rum Concentr\u00e9 30ml\"}]},{\"@type\":\"WebSite\",\"@id\":\"https:\\\/\\\/vitablanca.ma\\\/#website\",\"url\":\"https:\\\/\\\/vitablanca.ma\\\/\",\"name\":\"VitaBlanca.ma | Compl\u00e9ments alimentaires, sant\u00e9 & beaut\u00e9 au Maroc\",\"description\":\"vendre vitamines et compl\u00e9ments premium des USA &amp; Canada, Nouvelle Z\u00e9lande,Maroc (NOW Foods, Solgar, Manuka). Livraison rapide partout au Maroc.\",\"publisher\":{\"@id\":\"https:\\\/\\\/vitablanca.ma\\\/#organization\"},\"alternateName\":\"VitaBlanca.ma\",\"potentialAction\":[{\"@type\":\"SearchAction\",\"target\":{\"@type\":\"EntryPoint\",\"urlTemplate\":\"https:\\\/\\\/vitablanca.ma\\\/?s={search_term_string}\"},\"query-input\":{\"@type\":\"PropertyValueSpecification\",\"valueRequired\":true,\"valueName\":\"search_term_string\"}}],\"inLanguage\":\"ar\"},{\"@type\":\"Organization\",\"@id\":\"https:\\\/\\\/vitablanca.ma\\\/#organization\",\"name\":\"VitaBlanca\",\"url\":\"https:\\\/\\\/vitablanca.ma\\\/\",\"logo\":{\"@type\":\"ImageObject\",\"inLanguage\":\"ar\",\"@id\":\"https:\\\/\\\/vitablanca.ma\\\/#\\\/schema\\\/logo\\\/image\\\/\",\"url\":\"https:\\\/\\\/vitablanca.ma\\\/wp-content\\\/uploads\\\/2025\\\/05\\\/cropped-vitablanca.png\",\"contentUrl\":\"https:\\\/\\\/vitablanca.ma\\\/wp-content\\\/uploads\\\/2025\\\/05\\\/cropped-vitablanca.png\",\"width\":360,\"height\":67,\"caption\":\"VitaBlanca\"},\"image\":{\"@id\":\"https:\\\/\\\/vitablanca.ma\\\/#\\\/schema\\\/logo\\\/image\\\/\"},\"sameAs\":[\"https:\\\/\\\/www.facebook.com\\\/profile.php?id=61576678196717\",\"https:\\\/\\\/www.tiktok.com\\\/@vitablanca.ma\",\"https:\\\/\\\/www.instagram.com\\\/vitablanca.ma\\\/\"]}]}<\/script>\n<!-- \/ Yoast SEO plugin. -->","yoast_head_json":{"title":"Esthederm Intensive AHA Peel S\u00e9rum Concentr\u00e9 30ml - Maroc Prix","description":"Esthederm Intensive AHA Peel S\u00e9rum Concentr\u00e9 30ml","robots":{"index":"index","follow":"follow","max-snippet":"max-snippet:-1","max-image-preview":"max-image-preview:large","max-video-preview":"max-video-preview:-1"},"canonical":"https:\/\/vitablanca.ma\/ar\/product-2\/esthederm-intensive-aha-peel-serum-concentre-30ml\/","og_locale":"ar_AR","og_type":"article","og_title":"Esthederm Intensive AHA Peel S\u00e9rum Concentr\u00e9 30ml - Maroc Prix","og_description":"Esthederm Intensive AHA Peel S\u00e9rum Concentr\u00e9 30ml","og_url":"https:\/\/vitablanca.ma\/ar\/product-2\/esthederm-intensive-aha-peel-serum-concentre-30ml\/","og_site_name":"Vitablanca.ma &ndash; Sant&eacute;, vitalit&eacute; et bien-&ecirc;tre pour tous les Marocains","article_publisher":"https:\/\/www.facebook.com\/profile.php?id=61576678196717","og_image":[{"width":1000,"height":1000,"url":"https:\/\/vitablanca.ma\/wp-content\/uploads\/2025\/06\/Esthederm-Intensive-AHA-Peel-Serum-Concentre-30ml-nova-prapharmacie-maroc.jpg","type":"image\/jpeg"}],"twitter_card":"summary_large_image","twitter_misc":{"\u0648\u0642\u062a \u0627\u0644\u0642\u0631\u0627\u0621\u0629 \u0627\u0644\u0645\u064f\u0642\u062f\u0651\u0631":"\u062f\u0642\u064a\u0642\u0629 \u0648\u0627\u062d\u062f\u0629"},"schema":{"@context":"https:\/\/schema.org","@graph":[{"@type":["WebPage","ItemPage"],"@id":"https:\/\/vitablanca.ma\/produit\/esthederm-intensive-aha-peel-serum-concentre-30ml\/","url":"https:\/\/vitablanca.ma\/produit\/esthederm-intensive-aha-peel-serum-concentre-30ml\/","name":"Esthederm Intensive AHA Peel S\u00e9rum Concentr\u00e9 30ml - Maroc Prix","isPartOf":{"@id":"https:\/\/vitablanca.ma\/#website"},"primaryImageOfPage":{"@id":"https:\/\/vitablanca.ma\/produit\/esthederm-intensive-aha-peel-serum-concentre-30ml\/#primaryimage"},"image":{"@id":"https:\/\/vitablanca.ma\/produit\/esthederm-intensive-aha-peel-serum-concentre-30ml\/#primaryimage"},"thumbnailUrl":"https:\/\/vitablanca.ma\/wp-content\/uploads\/2025\/06\/Esthederm-Intensive-AHA-Peel-Serum-Concentre-30ml-nova-prapharmacie-maroc.jpg","datePublished":"2025-06-10T17:16:50+00:00","description":"Esthederm Intensive AHA Peel S\u00e9rum Concentr\u00e9 30ml","breadcrumb":{"@id":"https:\/\/vitablanca.ma\/produit\/esthederm-intensive-aha-peel-serum-concentre-30ml\/#breadcrumb"},"inLanguage":"ar","potentialAction":[{"@type":"ReadAction","target":["https:\/\/vitablanca.ma\/produit\/esthederm-intensive-aha-peel-serum-concentre-30ml\/"]}]},{"@type":"ImageObject","inLanguage":"ar","@id":"https:\/\/vitablanca.ma\/produit\/esthederm-intensive-aha-peel-serum-concentre-30ml\/#primaryimage","url":"https:\/\/vitablanca.ma\/wp-content\/uploads\/2025\/06\/Esthederm-Intensive-AHA-Peel-Serum-Concentre-30ml-nova-prapharmacie-maroc.jpg","contentUrl":"https:\/\/vitablanca.ma\/wp-content\/uploads\/2025\/06\/Esthederm-Intensive-AHA-Peel-Serum-Concentre-30ml-nova-prapharmacie-maroc.jpg","width":1000,"height":1000},{"@type":"BreadcrumbList","@id":"https:\/\/vitablanca.ma\/produit\/esthederm-intensive-aha-peel-serum-concentre-30ml\/#breadcrumb","itemListElement":[{"@type":"ListItem","position":1,"name":"Home","item":"https:\/\/vitablanca.ma\/"},{"@type":"ListItem","position":2,"name":"Tous Les Produits","item":"https:\/\/vitablanca.ma\/tous-les-produits\/"},{"@type":"ListItem","position":3,"name":"Esthederm Intensive AHA Peel S\u00e9rum Concentr\u00e9 30ml"}]},{"@type":"WebSite","@id":"https:\/\/vitablanca.ma\/#website","url":"https:\/\/vitablanca.ma\/","name":"VitaBlanca.ma | \u0627\u0644\u0645\u0643\u0645\u0644\u0627\u062a \u0627\u0644\u063a\u0630\u0627\u0626\u064a\u0629\u060c \u0627\u0644\u0635\u062d\u0629 \u0648\u0627\u0644\u062c\u0645\u0627\u0644 \u0641\u064a \u0627\u0644\u0645\u063a\u0631\u0628","description":"\u0646\u0628\u064a\u0639 \u0641\u064a\u062a\u0627\u0645\u064a\u0646\u0627\u062a \u0648\u0645\u0643\u0645\u0644\u0627\u062a \u063a\u0630\u0627\u0626\u064a\u0629 \u0641\u0627\u062e\u0631\u0629 \u0645\u0646 \u0627\u0644\u0648\u0644\u0627\u064a\u0627\u062a \u0627\u0644\u0645\u062a\u062d\u062f\u0629 \u0627\u0644\u0623\u0645\u0631\u064a\u0643\u064a\u0629 \u0648\u0643\u0646\u062f\u0627 \u0648\u0646\u064a\u0648\u0632\u064a\u0644\u0646\u062f\u0627 \u0648\u0627\u0644\u0645\u063a\u0631\u0628 (\u0646\u0627\u0648 \u0641\u0648\u062f\u0632\u060c \u0633\u0648\u0644\u062c\u0627\u0631\u060c \u0645\u0627\u0646\u0648\u0643\u0627). \u062a\u0648\u0635\u064a\u0644 \u0633\u0631\u064a\u0639 \u0625\u0644\u0649 \u062c\u0645\u064a\u0639 \u0623\u0646\u062d\u0627\u0621 \u0627\u0644\u0645\u063a\u0631\u0628.","publisher":{"@id":"https:\/\/vitablanca.ma\/#organization"},"alternateName":"VitaBlanca.ma","potentialAction":[{"@type":"SearchAction","target":{"@type":"EntryPoint","urlTemplate":"https:\/\/vitablanca.ma\/?s={search_term_string}"},"query-input":{"@type":"PropertyValueSpecification","valueRequired":true,"valueName":"search_term_string"}}],"inLanguage":"ar"},{"@type":"Organization","@id":"https:\/\/vitablanca.ma\/#organization","name":"\u0641\u064a\u062a\u0627\u0628\u0644\u0627\u0646\u0643\u0627","url":"https:\/\/vitablanca.ma\/","logo":{"@type":"ImageObject","inLanguage":"ar","@id":"https:\/\/vitablanca.ma\/#\/schema\/logo\/image\/","url":"https:\/\/vitablanca.ma\/wp-content\/uploads\/2025\/05\/cropped-vitablanca.png","contentUrl":"https:\/\/vitablanca.ma\/wp-content\/uploads\/2025\/05\/cropped-vitablanca.png","width":360,"height":67,"caption":"VitaBlanca"},"image":{"@id":"https:\/\/vitablanca.ma\/#\/schema\/logo\/image\/"},"sameAs":["https:\/\/www.facebook.com\/profile.php?id=61576678196717","https:\/\/www.tiktok.com\/@vitablanca.ma","https:\/\/www.instagram.com\/vitablanca.ma\/"]}]}},"jetpack_sharing_enabled":true,"_links":{"self":[{"href":"https:\/\/vitablanca.ma\/ar\/wp-json\/wp\/v2\/product\/18142","targetHints":{"allow":["GET"]}}],"collection":[{"href":"https:\/\/vitablanca.ma\/ar\/wp-json\/wp\/v2\/product"}],"about":[{"href":"https:\/\/vitablanca.ma\/ar\/wp-json\/wp\/v2\/types\/product"}],"wp:featuredmedia":[{"embeddable":true,"href":"https:\/\/vitablanca.ma\/ar\/wp-json\/wp\/v2\/media\/18141"}],"wp:attachment":[{"href":"https:\/\/vitablanca.ma\/ar\/wp-json\/wp\/v2\/media?parent=18142"}],"wp:term":[{"taxonomy":"product_brand","embeddable":true,"href":"https:\/\/vitablanca.ma\/ar\/wp-json\/wp\/v2\/product_brand?post=18142"},{"taxonomy":"product_cat","embeddable":true,"href":"https:\/\/vitablanca.ma\/ar\/wp-json\/wp\/v2\/product_cat?post=18142"},{"taxonomy":"product_tag","embeddable":true,"href":"https:\/\/vitablanca.ma\/ar\/wp-json\/wp\/v2\/product_tag?post=18142"}],"curies":[{"name":"wp","href":"https:\/\/api.w.org\/{rel}","templated":true}]}}