{"id":17891,"date":"2025-06-10T17:10:30","date_gmt":"2025-06-10T17:10:30","guid":{"rendered":"https:\/\/vitablanca.ma\/product\/elgydium-clinic-recharge-brossettes-interdentaires-3-4-mm\/"},"modified":"2026-01-21T18:04:55","modified_gmt":"2026-01-21T18:04:55","slug":"elgydium-clinic-recharge-brossettes-interdentaires-3-4-mm","status":"publish","type":"product","link":"https:\/\/vitablanca.ma\/ar\/product-2\/elgydium-clinic-recharge-brossettes-interdentaires-3-4-mm\/","title":{"rendered":"ELGYDIUM Clinic Recharge Brossettes Interdentaires 3.4 mm"},"content":{"rendered":"<div class=\"main-container\" data-mce-fragment=\"1\">\n<div class=\"desc\" data-mce-fragment=\"1\">\n<div class=\"field field-name-field-oralcare-prod-description field-type-text-with-summary field-label-hidden\" data-mce-fragment=\"1\">\n<div class=\"field-items\" data-mce-fragment=\"1\">\n<div class=\"field-item even\" data-mce-fragment=\"1\">\n<h2 data-mce-fragment=\"1\">ELGYDIUM Clinic Recharge Brossettes Interdentaires<span data-mce-fragment=\"1\">\u00a0<\/span><span data-mce-fragment=\"1\">Tige flexible et r\u00e9sistante<\/span><br \/>\n<\/h2>\n<p data-mce-fragment=\"1\">Les recharges ELGYDIUM CLINIC BROSSETTES INTERDENTAIRES s&rsquo;adaptent \u00e0 la fois sur les manches ELGYDIUM CLINIC TRIO COMPACT ou ELGYDIUM CLINIC FLEX. Elles existent en 6 tailles. \u00c0 chacune correspond une couleur, et une taille de toron (de 0,38 \u00e0 0,80 mm) et de brossette (de 1,9 \u00e0 8 mm) sp\u00e9cifique afin de s\u2019adapter \u00e0 la taille des espaces interdentaires de chacun.<\/p>\n<\/div>\n<\/div>\n<\/div>\n<\/div>\n<\/div>\n<h3 data-mce-fragment=\"1\">\u0643\u064a\u0641\u064a\u0629 \u0627\u0633\u062a\u062e\u062f\u0627\u0645\u0647<\/h3>\n<div class=\"collapsible\" data-mce-fragment=\"1\">\n<div class=\"field field-name-field-oralcare-prod-use field-type-text-with-summary field-label-hidden\" data-mce-fragment=\"1\">\n<div class=\"field-items\" data-mce-fragment=\"1\">\n<div class=\"field-item even\" data-mce-fragment=\"1\">\n<p data-mce-fragment=\"1\">Humidifier la brossette et l\u2019ins\u00e9rer d\u00e9licatement en la tenant l\u00e9g\u00e8rement inclin\u00e9e vers l\u2019avant.<\/p>\n<p data-mce-fragment=\"1\">Faire un petit mouvement circulaire pour faciliter l&rsquo;insertion.<\/p>\n<p data-mce-fragment=\"1\">Effectuer un mouvement de va-et-vient.<\/p>\n<p data-mce-fragment=\"1\">Bien rincer apr\u00e8s usage.<\/p>\n<\/div>\n<\/div>\n<\/div>\n<\/div>\n<h3 data-mce-fragment=\"1\">\u0631\u0623\u064a \u062c\u0631\u0627\u062d \u0627\u0644\u0623\u0633\u0646\u0627\u0646<\/h3>\n<div class=\"collapsible\" data-mce-fragment=\"1\">\n<div class=\"field field-name-field-oralcare-prod-pro field-type-text-with-summary field-label-hidden\" data-mce-fragment=\"1\">\n<div class=\"field-items\" data-mce-fragment=\"1\">\n<div class=\"field-item even\" data-mce-fragment=\"1\">\n<p data-mce-fragment=\"1\">Les brossettes interdentaires, ou le fil dentaire, sont indispensables au quotidien, pour \u00e9liminer les d\u00e9bris alimentaires coinc\u00e9s entre les dents et pr\u00e9venir la formation de plaque dans ces espaces.<\/p>\n<p data-mce-fragment=\"1\">Cette hygi\u00e8ne interdentaire est particuli\u00e8rement importante chez les personnes qui ont des collets dentaires d\u00e9nud\u00e9s, des implants, ou des appareils orthodontiques.<\/p>\n<\/div>\n<\/div>\n<\/div>\n<\/div>","protected":false},"excerpt":{"rendered":"<p>ELGYDIUM Clinic Recharge Brossettes Interdentaires\u00a0Tige flexible et r\u00e9sistante Les recharges ELGYDIUM CLINIC BROSSETTES INTERDENTAIRES s&rsquo;adaptent \u00e0 la fois sur les manches ELGYDIUM CLINIC TRIO COMPACT ou ELGYDIUM CLINIC FLEX. Elles existent en 6 tailles. \u00c0 chacune correspond une couleur, et une taille de toron (de 0,38 \u00e0 0,80 mm) et de brossette (de 1,9 \u00e0 [&hellip;]<\/p>\n","protected":false},"featured_media":17887,"template":"","meta":{"om_disable_all_campaigns":false},"product_brand":[5989],"product_cat":[18,15],"product_tag":[],"class_list":{"0":"post-17891","1":"product","2":"type-product","3":"status-publish","4":"has-post-thumbnail","6":"product_brand-elgydium-original-maroc-au-meilleur-prix","7":"product_cat-beaute-sante","8":"product_cat-beaute-sante-complements-alimentaires-soins-et-bien-etre-au-meilleur-prix","10":"first","11":"instock","12":"sale","13":"taxable","14":"shipping-taxable","15":"purchasable","16":"product-type-simple"},"yoast_head":"<!-- This site is optimized with the Yoast SEO plugin v27.3 - https:\/\/yoast.com\/product\/yoast-seo-wordpress\/ -->\n<title>ELGYDIUM Clinic Recharge Brossettes Interdentaires 3.4 mm - Maroc Prix<\/title>\n<meta name=\"description\" content=\"ELGYDIUM Clinic Recharge Brossettes Interdentaires 3.4 mm\" \/>\n<meta name=\"robots\" content=\"index, follow, max-snippet:-1, max-image-preview:large, max-video-preview:-1\" \/>\n<link rel=\"canonical\" href=\"https:\/\/vitablanca.ma\/ar\/product-2\/elgydium-clinic-recharge-brossettes-interdentaires-3-4-mm\/\" \/>\n<meta property=\"og:locale\" content=\"ar_AR\" \/>\n<meta property=\"og:type\" content=\"article\" \/>\n<meta property=\"og:title\" content=\"ELGYDIUM Clinic Recharge Brossettes Interdentaires 3.4 mm - Maroc Prix\" \/>\n<meta property=\"og:description\" content=\"ELGYDIUM Clinic Recharge Brossettes Interdentaires 3.4 mm\" \/>\n<meta property=\"og:url\" content=\"https:\/\/vitablanca.ma\/ar\/product-2\/elgydium-clinic-recharge-brossettes-interdentaires-3-4-mm\/\" \/>\n<meta property=\"og:site_name\" content=\"Vitablanca.ma &ndash; Sant&eacute;, vitalit&eacute; et bien-&ecirc;tre pour tous les Marocains\" \/>\n<meta property=\"article:publisher\" content=\"https:\/\/www.facebook.com\/profile.php?id=61576678196717\" \/>\n<meta property=\"article:modified_time\" content=\"2026-01-21T18:04:55+00:00\" \/>\n<meta property=\"og:image\" content=\"https:\/\/vitablanca.ma\/wp-content\/uploads\/2025\/06\/ELGYDIUM-Clinic-Recharge-Brossettes-Interdentaires-3.4-mm-nova-parapharmacie-maroc.png\" \/>\n\t<meta property=\"og:image:width\" content=\"1000\" \/>\n\t<meta property=\"og:image:height\" content=\"1000\" \/>\n\t<meta property=\"og:image:type\" content=\"image\/png\" \/>\n<meta name=\"twitter:card\" content=\"summary_large_image\" \/>\n<meta name=\"twitter:label1\" content=\"\u0648\u0642\u062a \u0627\u0644\u0642\u0631\u0627\u0621\u0629 \u0627\u0644\u0645\u064f\u0642\u062f\u0651\u0631\" \/>\n\t<meta name=\"twitter:data1\" content=\"\u062f\u0642\u064a\u0642\u0629 \u0648\u0627\u062d\u062f\u0629\" \/>\n<script type=\"application\/ld+json\" class=\"yoast-schema-graph\">{\"@context\":\"https:\\\/\\\/schema.org\",\"@graph\":[{\"@type\":[\"WebPage\",\"ItemPage\"],\"@id\":\"https:\\\/\\\/vitablanca.ma\\\/produit\\\/elgydium-clinic-recharge-brossettes-interdentaires-3-4-mm\\\/\",\"url\":\"https:\\\/\\\/vitablanca.ma\\\/produit\\\/elgydium-clinic-recharge-brossettes-interdentaires-3-4-mm\\\/\",\"name\":\"ELGYDIUM Clinic Recharge Brossettes Interdentaires 3.4 mm - Maroc Prix\",\"isPartOf\":{\"@id\":\"https:\\\/\\\/vitablanca.ma\\\/#website\"},\"primaryImageOfPage\":{\"@id\":\"https:\\\/\\\/vitablanca.ma\\\/produit\\\/elgydium-clinic-recharge-brossettes-interdentaires-3-4-mm\\\/#primaryimage\"},\"image\":{\"@id\":\"https:\\\/\\\/vitablanca.ma\\\/produit\\\/elgydium-clinic-recharge-brossettes-interdentaires-3-4-mm\\\/#primaryimage\"},\"thumbnailUrl\":\"https:\\\/\\\/vitablanca.ma\\\/wp-content\\\/uploads\\\/2025\\\/06\\\/ELGYDIUM-Clinic-Recharge-Brossettes-Interdentaires-3.4-mm-nova-parapharmacie-maroc.png\",\"datePublished\":\"2025-06-10T17:10:30+00:00\",\"dateModified\":\"2026-01-21T18:04:55+00:00\",\"description\":\"ELGYDIUM Clinic Recharge Brossettes Interdentaires 3.4 mm\",\"breadcrumb\":{\"@id\":\"https:\\\/\\\/vitablanca.ma\\\/produit\\\/elgydium-clinic-recharge-brossettes-interdentaires-3-4-mm\\\/#breadcrumb\"},\"inLanguage\":\"ar\",\"potentialAction\":[{\"@type\":\"ReadAction\",\"target\":[\"https:\\\/\\\/vitablanca.ma\\\/produit\\\/elgydium-clinic-recharge-brossettes-interdentaires-3-4-mm\\\/\"]}]},{\"@type\":\"ImageObject\",\"inLanguage\":\"ar\",\"@id\":\"https:\\\/\\\/vitablanca.ma\\\/produit\\\/elgydium-clinic-recharge-brossettes-interdentaires-3-4-mm\\\/#primaryimage\",\"url\":\"https:\\\/\\\/vitablanca.ma\\\/wp-content\\\/uploads\\\/2025\\\/06\\\/ELGYDIUM-Clinic-Recharge-Brossettes-Interdentaires-3.4-mm-nova-parapharmacie-maroc.png\",\"contentUrl\":\"https:\\\/\\\/vitablanca.ma\\\/wp-content\\\/uploads\\\/2025\\\/06\\\/ELGYDIUM-Clinic-Recharge-Brossettes-Interdentaires-3.4-mm-nova-parapharmacie-maroc.png\",\"width\":1000,\"height\":1000},{\"@type\":\"BreadcrumbList\",\"@id\":\"https:\\\/\\\/vitablanca.ma\\\/produit\\\/elgydium-clinic-recharge-brossettes-interdentaires-3-4-mm\\\/#breadcrumb\",\"itemListElement\":[{\"@type\":\"ListItem\",\"position\":1,\"name\":\"Home\",\"item\":\"https:\\\/\\\/vitablanca.ma\\\/\"},{\"@type\":\"ListItem\",\"position\":2,\"name\":\"Tous Les Produits\",\"item\":\"https:\\\/\\\/vitablanca.ma\\\/tous-les-produits\\\/\"},{\"@type\":\"ListItem\",\"position\":3,\"name\":\"ELGYDIUM Clinic Recharge Brossettes Interdentaires 3.4 mm\"}]},{\"@type\":\"WebSite\",\"@id\":\"https:\\\/\\\/vitablanca.ma\\\/#website\",\"url\":\"https:\\\/\\\/vitablanca.ma\\\/\",\"name\":\"VitaBlanca.ma | Compl\u00e9ments alimentaires, sant\u00e9 & beaut\u00e9 au Maroc\",\"description\":\"vendre vitamines et compl\u00e9ments premium des USA &amp; Canada, Nouvelle Z\u00e9lande,Maroc (NOW Foods, Solgar, Manuka). Livraison rapide partout au Maroc.\",\"publisher\":{\"@id\":\"https:\\\/\\\/vitablanca.ma\\\/#organization\"},\"alternateName\":\"VitaBlanca.ma\",\"potentialAction\":[{\"@type\":\"SearchAction\",\"target\":{\"@type\":\"EntryPoint\",\"urlTemplate\":\"https:\\\/\\\/vitablanca.ma\\\/?s={search_term_string}\"},\"query-input\":{\"@type\":\"PropertyValueSpecification\",\"valueRequired\":true,\"valueName\":\"search_term_string\"}}],\"inLanguage\":\"ar\"},{\"@type\":\"Organization\",\"@id\":\"https:\\\/\\\/vitablanca.ma\\\/#organization\",\"name\":\"VitaBlanca\",\"url\":\"https:\\\/\\\/vitablanca.ma\\\/\",\"logo\":{\"@type\":\"ImageObject\",\"inLanguage\":\"ar\",\"@id\":\"https:\\\/\\\/vitablanca.ma\\\/#\\\/schema\\\/logo\\\/image\\\/\",\"url\":\"https:\\\/\\\/vitablanca.ma\\\/wp-content\\\/uploads\\\/2025\\\/05\\\/cropped-vitablanca.png\",\"contentUrl\":\"https:\\\/\\\/vitablanca.ma\\\/wp-content\\\/uploads\\\/2025\\\/05\\\/cropped-vitablanca.png\",\"width\":360,\"height\":67,\"caption\":\"VitaBlanca\"},\"image\":{\"@id\":\"https:\\\/\\\/vitablanca.ma\\\/#\\\/schema\\\/logo\\\/image\\\/\"},\"sameAs\":[\"https:\\\/\\\/www.facebook.com\\\/profile.php?id=61576678196717\",\"https:\\\/\\\/www.tiktok.com\\\/@vitablanca.ma\",\"https:\\\/\\\/www.instagram.com\\\/vitablanca.ma\\\/\"]}]}<\/script>\n<!-- \/ Yoast SEO plugin. -->","yoast_head_json":{"title":"ELGYDIUM Clinic Recharge Brossettes Interdentaires 3.4 mm - Maroc Prix","description":"ELGYDIUM Clinic Recharge Brossettes Interdentaires 3.4 mm","robots":{"index":"index","follow":"follow","max-snippet":"max-snippet:-1","max-image-preview":"max-image-preview:large","max-video-preview":"max-video-preview:-1"},"canonical":"https:\/\/vitablanca.ma\/ar\/product-2\/elgydium-clinic-recharge-brossettes-interdentaires-3-4-mm\/","og_locale":"ar_AR","og_type":"article","og_title":"ELGYDIUM Clinic Recharge Brossettes Interdentaires 3.4 mm - Maroc Prix","og_description":"ELGYDIUM Clinic Recharge Brossettes Interdentaires 3.4 mm","og_url":"https:\/\/vitablanca.ma\/ar\/product-2\/elgydium-clinic-recharge-brossettes-interdentaires-3-4-mm\/","og_site_name":"Vitablanca.ma &ndash; Sant&eacute;, vitalit&eacute; et bien-&ecirc;tre pour tous les Marocains","article_publisher":"https:\/\/www.facebook.com\/profile.php?id=61576678196717","article_modified_time":"2026-01-21T18:04:55+00:00","og_image":[{"width":1000,"height":1000,"url":"https:\/\/vitablanca.ma\/wp-content\/uploads\/2025\/06\/ELGYDIUM-Clinic-Recharge-Brossettes-Interdentaires-3.4-mm-nova-parapharmacie-maroc.png","type":"image\/png"}],"twitter_card":"summary_large_image","twitter_misc":{"\u0648\u0642\u062a \u0627\u0644\u0642\u0631\u0627\u0621\u0629 \u0627\u0644\u0645\u064f\u0642\u062f\u0651\u0631":"\u062f\u0642\u064a\u0642\u0629 \u0648\u0627\u062d\u062f\u0629"},"schema":{"@context":"https:\/\/schema.org","@graph":[{"@type":["WebPage","ItemPage"],"@id":"https:\/\/vitablanca.ma\/produit\/elgydium-clinic-recharge-brossettes-interdentaires-3-4-mm\/","url":"https:\/\/vitablanca.ma\/produit\/elgydium-clinic-recharge-brossettes-interdentaires-3-4-mm\/","name":"ELGYDIUM Clinic Recharge Brossettes Interdentaires 3.4 mm - Maroc Prix","isPartOf":{"@id":"https:\/\/vitablanca.ma\/#website"},"primaryImageOfPage":{"@id":"https:\/\/vitablanca.ma\/produit\/elgydium-clinic-recharge-brossettes-interdentaires-3-4-mm\/#primaryimage"},"image":{"@id":"https:\/\/vitablanca.ma\/produit\/elgydium-clinic-recharge-brossettes-interdentaires-3-4-mm\/#primaryimage"},"thumbnailUrl":"https:\/\/vitablanca.ma\/wp-content\/uploads\/2025\/06\/ELGYDIUM-Clinic-Recharge-Brossettes-Interdentaires-3.4-mm-nova-parapharmacie-maroc.png","datePublished":"2025-06-10T17:10:30+00:00","dateModified":"2026-01-21T18:04:55+00:00","description":"ELGYDIUM Clinic Recharge Brossettes Interdentaires 3.4 mm","breadcrumb":{"@id":"https:\/\/vitablanca.ma\/produit\/elgydium-clinic-recharge-brossettes-interdentaires-3-4-mm\/#breadcrumb"},"inLanguage":"ar","potentialAction":[{"@type":"ReadAction","target":["https:\/\/vitablanca.ma\/produit\/elgydium-clinic-recharge-brossettes-interdentaires-3-4-mm\/"]}]},{"@type":"ImageObject","inLanguage":"ar","@id":"https:\/\/vitablanca.ma\/produit\/elgydium-clinic-recharge-brossettes-interdentaires-3-4-mm\/#primaryimage","url":"https:\/\/vitablanca.ma\/wp-content\/uploads\/2025\/06\/ELGYDIUM-Clinic-Recharge-Brossettes-Interdentaires-3.4-mm-nova-parapharmacie-maroc.png","contentUrl":"https:\/\/vitablanca.ma\/wp-content\/uploads\/2025\/06\/ELGYDIUM-Clinic-Recharge-Brossettes-Interdentaires-3.4-mm-nova-parapharmacie-maroc.png","width":1000,"height":1000},{"@type":"BreadcrumbList","@id":"https:\/\/vitablanca.ma\/produit\/elgydium-clinic-recharge-brossettes-interdentaires-3-4-mm\/#breadcrumb","itemListElement":[{"@type":"ListItem","position":1,"name":"Home","item":"https:\/\/vitablanca.ma\/"},{"@type":"ListItem","position":2,"name":"Tous Les Produits","item":"https:\/\/vitablanca.ma\/tous-les-produits\/"},{"@type":"ListItem","position":3,"name":"ELGYDIUM Clinic Recharge Brossettes Interdentaires 3.4 mm"}]},{"@type":"WebSite","@id":"https:\/\/vitablanca.ma\/#website","url":"https:\/\/vitablanca.ma\/","name":"VitaBlanca.ma | \u0627\u0644\u0645\u0643\u0645\u0644\u0627\u062a \u0627\u0644\u063a\u0630\u0627\u0626\u064a\u0629\u060c \u0627\u0644\u0635\u062d\u0629 \u0648\u0627\u0644\u062c\u0645\u0627\u0644 \u0641\u064a \u0627\u0644\u0645\u063a\u0631\u0628","description":"\u0646\u0628\u064a\u0639 \u0641\u064a\u062a\u0627\u0645\u064a\u0646\u0627\u062a \u0648\u0645\u0643\u0645\u0644\u0627\u062a \u063a\u0630\u0627\u0626\u064a\u0629 \u0641\u0627\u062e\u0631\u0629 \u0645\u0646 \u0627\u0644\u0648\u0644\u0627\u064a\u0627\u062a \u0627\u0644\u0645\u062a\u062d\u062f\u0629 \u0627\u0644\u0623\u0645\u0631\u064a\u0643\u064a\u0629 \u0648\u0643\u0646\u062f\u0627 \u0648\u0646\u064a\u0648\u0632\u064a\u0644\u0646\u062f\u0627 \u0648\u0627\u0644\u0645\u063a\u0631\u0628 (\u0646\u0627\u0648 \u0641\u0648\u062f\u0632\u060c \u0633\u0648\u0644\u062c\u0627\u0631\u060c \u0645\u0627\u0646\u0648\u0643\u0627). \u062a\u0648\u0635\u064a\u0644 \u0633\u0631\u064a\u0639 \u0625\u0644\u0649 \u062c\u0645\u064a\u0639 \u0623\u0646\u062d\u0627\u0621 \u0627\u0644\u0645\u063a\u0631\u0628.","publisher":{"@id":"https:\/\/vitablanca.ma\/#organization"},"alternateName":"VitaBlanca.ma","potentialAction":[{"@type":"SearchAction","target":{"@type":"EntryPoint","urlTemplate":"https:\/\/vitablanca.ma\/?s={search_term_string}"},"query-input":{"@type":"PropertyValueSpecification","valueRequired":true,"valueName":"search_term_string"}}],"inLanguage":"ar"},{"@type":"Organization","@id":"https:\/\/vitablanca.ma\/#organization","name":"\u0641\u064a\u062a\u0627\u0628\u0644\u0627\u0646\u0643\u0627","url":"https:\/\/vitablanca.ma\/","logo":{"@type":"ImageObject","inLanguage":"ar","@id":"https:\/\/vitablanca.ma\/#\/schema\/logo\/image\/","url":"https:\/\/vitablanca.ma\/wp-content\/uploads\/2025\/05\/cropped-vitablanca.png","contentUrl":"https:\/\/vitablanca.ma\/wp-content\/uploads\/2025\/05\/cropped-vitablanca.png","width":360,"height":67,"caption":"VitaBlanca"},"image":{"@id":"https:\/\/vitablanca.ma\/#\/schema\/logo\/image\/"},"sameAs":["https:\/\/www.facebook.com\/profile.php?id=61576678196717","https:\/\/www.tiktok.com\/@vitablanca.ma","https:\/\/www.instagram.com\/vitablanca.ma\/"]}]}},"jetpack_sharing_enabled":true,"_links":{"self":[{"href":"https:\/\/vitablanca.ma\/ar\/wp-json\/wp\/v2\/product\/17891","targetHints":{"allow":["GET"]}}],"collection":[{"href":"https:\/\/vitablanca.ma\/ar\/wp-json\/wp\/v2\/product"}],"about":[{"href":"https:\/\/vitablanca.ma\/ar\/wp-json\/wp\/v2\/types\/product"}],"wp:featuredmedia":[{"embeddable":true,"href":"https:\/\/vitablanca.ma\/ar\/wp-json\/wp\/v2\/media\/17887"}],"wp:attachment":[{"href":"https:\/\/vitablanca.ma\/ar\/wp-json\/wp\/v2\/media?parent=17891"}],"wp:term":[{"taxonomy":"product_brand","embeddable":true,"href":"https:\/\/vitablanca.ma\/ar\/wp-json\/wp\/v2\/product_brand?post=17891"},{"taxonomy":"product_cat","embeddable":true,"href":"https:\/\/vitablanca.ma\/ar\/wp-json\/wp\/v2\/product_cat?post=17891"},{"taxonomy":"product_tag","embeddable":true,"href":"https:\/\/vitablanca.ma\/ar\/wp-json\/wp\/v2\/product_tag?post=17891"}],"curies":[{"name":"wp","href":"https:\/\/api.w.org\/{rel}","templated":true}]}}