{"id":17776,"date":"2025-06-10T17:07:59","date_gmt":"2025-06-10T17:07:59","guid":{"rendered":"https:\/\/vitablanca.ma\/product\/ducray-dexyane-baume-emollient-anti-grattage-200ml\/"},"modified":"2025-06-10T17:07:59","modified_gmt":"2025-06-10T17:07:59","slug":"ducray-dexyane-baume-emollient-anti-grattage-200ml","status":"publish","type":"product","link":"https:\/\/vitablanca.ma\/ar\/product-2\/ducray-dexyane-baume-emollient-anti-grattage-200ml\/","title":{"rendered":"\u0628\u0644\u0633\u0645 \u062f\u0648\u0643\u0631\u0627\u064a \u062f\u064a\u0643\u0633\u064a\u0627\u0646 \u0627\u0644\u0645\u0631\u0637\u0628 \u0627\u0644\u0645\u0636\u0627\u062f \u0644\u0644\u062d\u0643\u0629 200 \u0645\u0644"},"content":{"rendered":"<h2>\u0628\u0644\u0633\u0645 \u062f\u0648\u0643\u0631\u0627\u064a \u062f\u064a\u0643\u0633\u064a\u0627\u0646 \u0627\u0644\u0645\u0636\u0627\u062f \u0644\u0644\u062d\u0643\u0629.<\/h2>\n<p><span>\u0628\u0644\u0633\u0645 \u0645\u0631\u0637\u0628 \u0645\u0636\u0627\u062f \u0644\u0644\u062d\u0643\u0629 \u064a\u0633\u0627\u0639\u062f \u0639\u0644\u0649 \u0625\u0635\u0644\u0627\u062d \u062d\u0627\u062c\u0632 \u0627\u0644\u062c\u0644\u062f \u0627\u0644\u062a\u0627\u0644\u0641 \u0628\u0634\u0643\u0644 \u0645\u0643\u062b\u0641\u060c \u0648\u064a\u0647\u062f\u0626 \u0627\u0644\u062a\u0647\u064a\u062c \u0648\u064a\u063a\u0630\u064a \u0627\u0644\u0628\u0634\u0631\u0629 \u0627\u0644\u062c\u0627\u0641\u0629 \u062c\u062f\u064b\u0627 \u0630\u0627\u062a \u0627\u0644\u0645\u064a\u0648\u0644 \u0627\u0644\u0623\u062a\u0648\u0628\u064a\u0629.<br \/>\u0627\u0644\u062c\u0644\u062f \u0630\u0648 \u0627\u0644\u0645\u064a\u0644 \u0625\u0644\u0649 \u0627\u0644\u062d\u0633\u0627\u0633\u064a\u0629.<br \/>\u0645\u0634\u0627\u0639\u0631 \u0627\u0644\u0627\u0646\u0632\u0639\u0627\u062c.<br \/>200 \u0645\u0644.<\/span><\/p>\n<div class=\"product-complete-desc contextual-bg-color\">\n<div class=\"product-complete-desc_content\">\n<div class=\"product-complete-desc_text\">\u0647\u0630\u0627 \u0627\u0644\u0628\u0644\u0633\u0645 \u0627\u0644\u0645\u064f\u0637\u0631\u0651\u064a \u0648\u0627\u0644\u0645\u0636\u0627\u062f \u0644\u0644\u062d\u0643\u0629 \u064a\u064f\u0647\u062f\u0626 \u062a\u0647\u064a\u062c \u0627\u0644\u0628\u0634\u0631\u0629 \u0627\u0644\u062c\u0627\u0641\u0629\u060c \u0648\u064a\u064f\u063a\u0630\u064a\u0647\u0627 \u0648\u064a\u064f\u0631\u0645\u0651\u0645\u0647\u0627 \u0648\u064a\u064f\u0647\u062f\u0626\u0647\u0627 \u0628\u0641\u0639\u0627\u0644\u064a\u0629. \u062a\u0631\u0643\u064a\u0628\u0629 \u0645\u0628\u062a\u0643\u0631\u0629 \u0648\u063a\u064a\u0631 \u0644\u0632\u062c\u0629: \u0628\u0644\u0633\u0645 \u0646\u0627\u0639\u0645 \u0630\u0648 \u0645\u0631\u0643\u0632 \u0632\u064a\u062a\u064a.<\/div>\n<div class=\"product-complete-desc_text\"><\/div>\n<\/div>\n<\/div>\n<div class=\"wrapper_product-collapsible-sections_item_title ellipse-down ellipse-base el-width-150 el-center\">\n<h3 data-dc-js-cs-role=\"label\" class=\"product-collapsible-sections_item_title\">\u0641\u0648\u0627\u0626\u062f<\/h3>\n<\/div>\n<div data-dc-js-cs-role=\"content\" class=\"product-collapsible-sections_item_content\">\n<div class=\"field-collection-container clearfix\">\n<div class=\"field-collection-view clearfix view-mode-full\">\n<div class=\"product-benefit_item\">\n<ul>\n<li>\u064a\u0647\u062f\u0626 \u0627\u0644\u062a\u0647\u064a\u062c \u0627\u0644\u0646\u0627\u062a\u062c \u0639\u0646 \u062c\u0641\u0627\u0641 \u0627\u0644\u062c\u0644\u062f<\/li>\n<li>\u0627\u0644\u0628\u0634\u0631\u0629 \u0627\u0644\u062c\u0627\u0641\u0629 \u062c\u062f\u064b\u0627 \u0627\u0644\u0645\u0639\u0631\u0636\u0629 \u0644\u0644\u0625\u0635\u0627\u0628\u0629 \u0628\u0627\u0644\u0625\u0643\u0632\u064a\u0645\u0627 \u0627\u0644\u0623\u062a\u0648\u0628\u064a\u0629<span>\u00a0<\/span><strong>\u0627\u0644\u0645\u0631\u0648\u0646\u0629 \u0648\u0627\u0644\u0631\u0627\u062d\u0629<\/strong>.<\/li>\n<li>\u064a\u062c\u0645\u0639 \u0642\u0648\u0627\u0645\u0647 \u0627\u0644\u0645\u0628\u062a\u0643\u0631 &quot;\u0628\u0644\u0633\u0645 \u0627\u0644\u0630\u0627\u0626\u0628 \u0630\u0648 \u0627\u0644\u0642\u0644\u0628 \u0627\u0644\u0632\u064a\u062a\u064a&quot; \u0623\u0643\u062b\u0631 \u0645\u0646 50 % \u0645\u0646 \u0627\u0644\u0645\u0631\u062d\u0644\u0629 \u0627\u0644\u0645\u063a\u0630\u064a\u0629 \u0648\u0627\u0644\u062a\u0631\u0637\u064a\u0628\u064a\u0629 \u0644\u0644\u062d\u0635\u0648\u0644 \u0639\u0644\u0649<span>\u00a0<\/span><strong>\u0627\u0646\u062a\u0634\u0627\u0631 \u0633\u0631\u064a\u0639<\/strong>.<\/li>\n<\/ul>\n<\/div>\n<\/div>\n<\/div>\n<\/div>\n<div class=\"categories-row\">\n<div class=\"category-content\">\n<h4 class=\"product-collapsible-sections_item_subtitle contextual-color\">\n<span>\u00a0<\/span>\u062d\u0648\u0644 \u0627\u0644\u0628\u0634\u0631\u0629 \u0627\u0644\u0645\u0639\u0631\u0636\u0629 \u0644\u0627\u0644\u062a\u0647\u0627\u0628 \u0627\u0644\u062c\u0644\u062f \u0627\u0644\u062a\u0623\u062a\u0628\u064a<\/h4>\n<div id=\"rmjs-1\" aria-expanded=\"true\" data-readmore=\"\" class=\"product-collapsible-sections_item_subcontent readmore-add-processed\">\u0627\u0644\u0628\u0634\u0631\u0629 \u0634\u062f\u064a\u062f\u0629 \u0627\u0644\u062c\u0641\u0627\u0641 \u0648\u0627\u0644\u0645\u0639\u0631\u0636\u0629 \u0644\u0644\u062d\u0633\u0627\u0633\u064a\u0629 \u0645\u0635\u062d\u0648\u0628\u0629 \u0628\u062d\u0643\u0629 \u0648\u0634\u062f\u060c \u0648\u0623\u062d\u064a\u0627\u0646\u064b\u0627 \u0634\u062f\u064a\u062f\u0629. \u0644\u0630\u0644\u0643\u060c \u064a\u064f\u0639\u062f \u062a\u0631\u0637\u064a\u0628 \u0627\u0644\u0628\u0634\u0631\u0629 \u064a\u0648\u0645\u064a\u064b\u0627 \u0628\u0645\u0631\u0637\u0628 \u0623\u0645\u0631\u064b\u0627 \u0636\u0631\u0648\u0631\u064a\u064b\u0627 \u0644\u062a\u063a\u0630\u064a\u062a\u0647\u0627 \u0648\u0625\u0635\u0644\u0627\u062d\u0647\u0627 \u0648\u062a\u062e\u0641\u064a\u0641 \u0627\u0644\u062d\u0643\u0629. \u064a\u064f\u0648\u0636\u0639 \u0627\u0644\u0645\u0631\u0637\u0628 \u0645\u0631\u0629 \u0623\u0648 \u0645\u0631\u062a\u064a\u0646 \u064a\u0648\u0645\u064a\u064b\u0627 \u0639\u0644\u0649 \u0628\u0634\u0631\u0629 \u0646\u0638\u064a\u0641\u0629\u060c \u0639\u0644\u0649 \u062c\u0645\u064a\u0639 \u0623\u0646\u062d\u0627\u0621 \u0627\u0644\u062c\u0633\u0645 \u0628\u0627\u0633\u062a\u062b\u0646\u0627\u0621 \u0627\u0644\u0645\u0646\u0627\u0637\u0642 \u0627\u0644\u0645\u0644\u062a\u0647\u0628\u0629 (\u0627\u0644\u062c\u0631\u0648\u062d \u0627\u0644\u062d\u0645\u0631\u0627\u0621). \u0645\u0646 \u0627\u0644\u0645\u0647\u0645 \u0627\u062e\u062a\u064a\u0627\u0631 \u0645\u0646\u062a\u062c\u0627\u062a \u0645\u0636\u0627\u062f\u0629 \u0644\u0644\u062d\u0633\u0627\u0633\u064a\u0629\u060c \u0648\u062e\u0627\u0644\u064a\u0629 \u0645\u0646 \u0627\u0644\u0639\u0637\u0648\u0631 \u0648\u0627\u0644\u0632\u064a\u0648\u062a \u0627\u0644\u0639\u0637\u0631\u064a\u0629.<\/div>\n<div aria-expanded=\"true\" data-readmore=\"\" class=\"product-collapsible-sections_item_subcontent readmore-add-processed\"><\/div>\n<h3 aria-expanded=\"true\" class=\"product-collapsible-sections_item_subcontent readmore-add-processed\"><span>\u0646\u0635\u0627\u0626\u062d \u0627\u0644\u062a\u0642\u062f\u064a\u0645<\/span><\/h3>\n<p><span>\u064a\u064f\u0648\u0636\u0639 \u0645\u0631\u0629 \u0623\u0648 \u0645\u0631\u062a\u064a\u0646 \u064a\u0648\u0645\u064a\u064b\u0627 \u0639\u0644\u0649 \u0627\u0644\u0645\u0646\u0627\u0637\u0642 \u0627\u0644\u062c\u0627\u0641\u0629 \u0648\u0627\u0644\u0633\u0644\u064a\u0645\u0629 \u0645\u0646 \u0627\u0644\u0648\u062c\u0647 \u0623\u0648 \u0627\u0644\u062c\u0633\u0645. \u064a\u064f\u0645\u0643\u0646 \u0627\u0633\u062a\u062e\u062f\u0627\u0645 \u0647\u0630\u0627 \u0627\u0644\u0628\u0644\u0633\u0645 \u0627\u0644\u0645\u064f\u0631\u0637\u0651\u0628 \u0648\u0627\u0644\u0645\u0636\u0627\u062f \u0644\u0644\u062d\u0643\u0629 \u0644\u0644\u0623\u0637\u0641\u0627\u0644 \u0645\u0646 \u0633\u0646 3 \u0633\u0646\u0648\u0627\u062a \u0641\u0645\u0627 \u0641\u0648\u0642.<\/span><\/p>\n<\/div>\n<\/div>","protected":false},"excerpt":{"rendered":"<p>Ducray Dexyane Baume \u00c9mollient Anti-Grattage. Baume \u00e9mollient anti-grattage qui aide \u00e0 r\u00e9parer intens\u00e9ment la barri\u00e8re cutan\u00e9e alt\u00e9r\u00e9e, apaise les irritations et nourrit les peaux tr\u00e8s s\u00e8ches \u00e0 tendance atopique.Peaux \u00e0 tendance atopique.Sensations d&rsquo;irritation.200ml. Ce baume \u00e9mollient anti-grattage apaise les irritations dues \u00e0 la s\u00e9cheresse cutan\u00e9e, il nourrit, r\u00e9pare et apaise efficacement votre peau. Une texture [&hellip;]<\/p>\n","protected":false},"featured_media":17771,"template":"","meta":{"om_disable_all_campaigns":false},"product_brand":[],"product_cat":[15],"product_tag":[],"class_list":{"0":"post-17776","1":"product","2":"type-product","3":"status-publish","4":"has-post-thumbnail","6":"product_cat-beaute-sante-complements-alimentaires-soins-et-bien-etre-au-meilleur-prix","8":"first","9":"instock","10":"sale","11":"taxable","12":"shipping-taxable","13":"purchasable","14":"product-type-simple"},"yoast_head":"<!-- This site is optimized with the Yoast SEO plugin v27.4 - https:\/\/yoast.com\/product\/yoast-seo-wordpress\/ -->\n<title>Ducray Dexyane Baume \u00c9mollient Anti-Grattage 200ml - Maroc Prix<\/title>\n<meta name=\"description\" content=\"Ducray Dexyane Baume \u00c9mollient Anti-Grattage 200ml\" \/>\n<meta name=\"robots\" content=\"index, follow, max-snippet:-1, max-image-preview:large, max-video-preview:-1\" \/>\n<link rel=\"canonical\" href=\"https:\/\/vitablanca.ma\/ar\/product-2\/ducray-dexyane-baume-emollient-anti-grattage-200ml\/\" \/>\n<meta property=\"og:locale\" content=\"ar_AR\" \/>\n<meta property=\"og:type\" content=\"article\" \/>\n<meta property=\"og:title\" content=\"Ducray Dexyane Baume \u00c9mollient Anti-Grattage 200ml - Maroc Prix\" \/>\n<meta property=\"og:description\" content=\"Ducray Dexyane Baume \u00c9mollient Anti-Grattage 200ml\" \/>\n<meta property=\"og:url\" content=\"https:\/\/vitablanca.ma\/ar\/product-2\/ducray-dexyane-baume-emollient-anti-grattage-200ml\/\" \/>\n<meta property=\"og:site_name\" content=\"Vitablanca.ma &ndash; Sant&eacute;, vitalit&eacute; et bien-&ecirc;tre pour tous les Marocains\" \/>\n<meta property=\"article:publisher\" content=\"https:\/\/www.facebook.com\/profile.php?id=61576678196717\" \/>\n<meta property=\"og:image\" content=\"https:\/\/vitablanca.ma\/wp-content\/uploads\/2025\/06\/Ducray-Dexyane-Baume-Emollient-Anti-Grattage-200ml-nova-parapharmacie-casablanca.jpg\" \/>\n\t<meta property=\"og:image:width\" content=\"1000\" \/>\n\t<meta property=\"og:image:height\" content=\"1000\" \/>\n\t<meta property=\"og:image:type\" content=\"image\/jpeg\" \/>\n<meta name=\"twitter:card\" content=\"summary_large_image\" \/>\n<meta name=\"twitter:label1\" content=\"\u0648\u0642\u062a \u0627\u0644\u0642\u0631\u0627\u0621\u0629 \u0627\u0644\u0645\u064f\u0642\u062f\u0651\u0631\" \/>\n\t<meta name=\"twitter:data1\" content=\"\u062f\u0642\u064a\u0642\u0629 \u0648\u0627\u062d\u062f\u0629\" \/>\n<script type=\"application\/ld+json\" class=\"yoast-schema-graph\">{\"@context\":\"https:\\\/\\\/schema.org\",\"@graph\":[{\"@type\":[\"WebPage\",\"ItemPage\"],\"@id\":\"https:\\\/\\\/vitablanca.ma\\\/produit\\\/ducray-dexyane-baume-emollient-anti-grattage-200ml\\\/\",\"url\":\"https:\\\/\\\/vitablanca.ma\\\/produit\\\/ducray-dexyane-baume-emollient-anti-grattage-200ml\\\/\",\"name\":\"Ducray Dexyane Baume \u00c9mollient Anti-Grattage 200ml - Maroc Prix\",\"isPartOf\":{\"@id\":\"https:\\\/\\\/vitablanca.ma\\\/#website\"},\"primaryImageOfPage\":{\"@id\":\"https:\\\/\\\/vitablanca.ma\\\/produit\\\/ducray-dexyane-baume-emollient-anti-grattage-200ml\\\/#primaryimage\"},\"image\":{\"@id\":\"https:\\\/\\\/vitablanca.ma\\\/produit\\\/ducray-dexyane-baume-emollient-anti-grattage-200ml\\\/#primaryimage\"},\"thumbnailUrl\":\"https:\\\/\\\/vitablanca.ma\\\/wp-content\\\/uploads\\\/2025\\\/06\\\/Ducray-Dexyane-Baume-Emollient-Anti-Grattage-200ml-nova-parapharmacie-casablanca.jpg\",\"datePublished\":\"2025-06-10T17:07:59+00:00\",\"description\":\"Ducray Dexyane Baume \u00c9mollient Anti-Grattage 200ml\",\"breadcrumb\":{\"@id\":\"https:\\\/\\\/vitablanca.ma\\\/produit\\\/ducray-dexyane-baume-emollient-anti-grattage-200ml\\\/#breadcrumb\"},\"inLanguage\":\"ar\",\"potentialAction\":[{\"@type\":\"ReadAction\",\"target\":[\"https:\\\/\\\/vitablanca.ma\\\/produit\\\/ducray-dexyane-baume-emollient-anti-grattage-200ml\\\/\"]}]},{\"@type\":\"ImageObject\",\"inLanguage\":\"ar\",\"@id\":\"https:\\\/\\\/vitablanca.ma\\\/produit\\\/ducray-dexyane-baume-emollient-anti-grattage-200ml\\\/#primaryimage\",\"url\":\"https:\\\/\\\/vitablanca.ma\\\/wp-content\\\/uploads\\\/2025\\\/06\\\/Ducray-Dexyane-Baume-Emollient-Anti-Grattage-200ml-nova-parapharmacie-casablanca.jpg\",\"contentUrl\":\"https:\\\/\\\/vitablanca.ma\\\/wp-content\\\/uploads\\\/2025\\\/06\\\/Ducray-Dexyane-Baume-Emollient-Anti-Grattage-200ml-nova-parapharmacie-casablanca.jpg\",\"width\":1000,\"height\":1000},{\"@type\":\"BreadcrumbList\",\"@id\":\"https:\\\/\\\/vitablanca.ma\\\/produit\\\/ducray-dexyane-baume-emollient-anti-grattage-200ml\\\/#breadcrumb\",\"itemListElement\":[{\"@type\":\"ListItem\",\"position\":1,\"name\":\"Home\",\"item\":\"https:\\\/\\\/vitablanca.ma\\\/\"},{\"@type\":\"ListItem\",\"position\":2,\"name\":\"Tous Les Produits\",\"item\":\"https:\\\/\\\/vitablanca.ma\\\/tous-les-produits\\\/\"},{\"@type\":\"ListItem\",\"position\":3,\"name\":\"Ducray Dexyane Baume \u00c9mollient Anti-Grattage 200ml\"}]},{\"@type\":\"WebSite\",\"@id\":\"https:\\\/\\\/vitablanca.ma\\\/#website\",\"url\":\"https:\\\/\\\/vitablanca.ma\\\/\",\"name\":\"VitaBlanca.ma | Compl\u00e9ments alimentaires, sant\u00e9 & beaut\u00e9 au Maroc\",\"description\":\"vendre vitamines et compl\u00e9ments premium des USA &amp; Canada, Nouvelle Z\u00e9lande,Maroc (NOW Foods, Solgar, Manuka). Livraison rapide partout au Maroc.\",\"publisher\":{\"@id\":\"https:\\\/\\\/vitablanca.ma\\\/#organization\"},\"alternateName\":\"VitaBlanca.ma\",\"potentialAction\":[{\"@type\":\"SearchAction\",\"target\":{\"@type\":\"EntryPoint\",\"urlTemplate\":\"https:\\\/\\\/vitablanca.ma\\\/?s={search_term_string}\"},\"query-input\":{\"@type\":\"PropertyValueSpecification\",\"valueRequired\":true,\"valueName\":\"search_term_string\"}}],\"inLanguage\":\"ar\"},{\"@type\":\"Organization\",\"@id\":\"https:\\\/\\\/vitablanca.ma\\\/#organization\",\"name\":\"VitaBlanca\",\"url\":\"https:\\\/\\\/vitablanca.ma\\\/\",\"logo\":{\"@type\":\"ImageObject\",\"inLanguage\":\"ar\",\"@id\":\"https:\\\/\\\/vitablanca.ma\\\/#\\\/schema\\\/logo\\\/image\\\/\",\"url\":\"https:\\\/\\\/vitablanca.ma\\\/wp-content\\\/uploads\\\/2025\\\/05\\\/cropped-vitablanca.png\",\"contentUrl\":\"https:\\\/\\\/vitablanca.ma\\\/wp-content\\\/uploads\\\/2025\\\/05\\\/cropped-vitablanca.png\",\"width\":360,\"height\":67,\"caption\":\"VitaBlanca\"},\"image\":{\"@id\":\"https:\\\/\\\/vitablanca.ma\\\/#\\\/schema\\\/logo\\\/image\\\/\"},\"sameAs\":[\"https:\\\/\\\/www.facebook.com\\\/profile.php?id=61576678196717\",\"https:\\\/\\\/www.tiktok.com\\\/@vitablanca.ma\",\"https:\\\/\\\/www.instagram.com\\\/vitablanca.ma\\\/\"]}]}<\/script>\n<!-- \/ Yoast SEO plugin. -->","yoast_head_json":{"title":"\u0628\u0644\u0633\u0645 \u062f\u0648\u0643\u0631\u0627\u064a \u062f\u064a\u0643\u0633\u064a\u0627\u0646 \u0627\u0644\u0645\u0631\u0637\u0628 \u0627\u0644\u0645\u0636\u0627\u062f \u0644\u0644\u062d\u0643\u0629 200 \u0645\u0644 - \u0633\u0639\u0631 \u0627\u0644\u0645\u063a\u0631\u0628","description":"\u0628\u0644\u0633\u0645 \u062f\u0648\u0643\u0631\u0627\u064a \u062f\u064a\u0643\u0633\u064a\u0627\u0646 \u0627\u0644\u0645\u0631\u0637\u0628 \u0627\u0644\u0645\u0636\u0627\u062f \u0644\u0644\u062d\u0643\u0629 200 \u0645\u0644","robots":{"index":"index","follow":"follow","max-snippet":"max-snippet:-1","max-image-preview":"max-image-preview:large","max-video-preview":"max-video-preview:-1"},"canonical":"https:\/\/vitablanca.ma\/ar\/product-2\/ducray-dexyane-baume-emollient-anti-grattage-200ml\/","og_locale":"ar_AR","og_type":"article","og_title":"Ducray Dexyane Baume \u00c9mollient Anti-Grattage 200ml - Maroc Prix","og_description":"Ducray Dexyane Baume \u00c9mollient Anti-Grattage 200ml","og_url":"https:\/\/vitablanca.ma\/ar\/product-2\/ducray-dexyane-baume-emollient-anti-grattage-200ml\/","og_site_name":"Vitablanca.ma &ndash; Sant&eacute;, vitalit&eacute; et bien-&ecirc;tre pour tous les Marocains","article_publisher":"https:\/\/www.facebook.com\/profile.php?id=61576678196717","og_image":[{"width":1000,"height":1000,"url":"https:\/\/vitablanca.ma\/wp-content\/uploads\/2025\/06\/Ducray-Dexyane-Baume-Emollient-Anti-Grattage-200ml-nova-parapharmacie-casablanca.jpg","type":"image\/jpeg"}],"twitter_card":"summary_large_image","twitter_misc":{"\u0648\u0642\u062a \u0627\u0644\u0642\u0631\u0627\u0621\u0629 \u0627\u0644\u0645\u064f\u0642\u062f\u0651\u0631":"\u062f\u0642\u064a\u0642\u0629 \u0648\u0627\u062d\u062f\u0629"},"schema":{"@context":"https:\/\/schema.org","@graph":[{"@type":["WebPage","ItemPage"],"@id":"https:\/\/vitablanca.ma\/produit\/ducray-dexyane-baume-emollient-anti-grattage-200ml\/","url":"https:\/\/vitablanca.ma\/produit\/ducray-dexyane-baume-emollient-anti-grattage-200ml\/","name":"\u0628\u0644\u0633\u0645 \u062f\u0648\u0643\u0631\u0627\u064a \u062f\u064a\u0643\u0633\u064a\u0627\u0646 \u0627\u0644\u0645\u0631\u0637\u0628 \u0627\u0644\u0645\u0636\u0627\u062f \u0644\u0644\u062d\u0643\u0629 200 \u0645\u0644 - \u0633\u0639\u0631 \u0627\u0644\u0645\u063a\u0631\u0628","isPartOf":{"@id":"https:\/\/vitablanca.ma\/#website"},"primaryImageOfPage":{"@id":"https:\/\/vitablanca.ma\/produit\/ducray-dexyane-baume-emollient-anti-grattage-200ml\/#primaryimage"},"image":{"@id":"https:\/\/vitablanca.ma\/produit\/ducray-dexyane-baume-emollient-anti-grattage-200ml\/#primaryimage"},"thumbnailUrl":"https:\/\/vitablanca.ma\/wp-content\/uploads\/2025\/06\/Ducray-Dexyane-Baume-Emollient-Anti-Grattage-200ml-nova-parapharmacie-casablanca.jpg","datePublished":"2025-06-10T17:07:59+00:00","description":"\u0628\u0644\u0633\u0645 \u062f\u0648\u0643\u0631\u0627\u064a \u062f\u064a\u0643\u0633\u064a\u0627\u0646 \u0627\u0644\u0645\u0631\u0637\u0628 \u0627\u0644\u0645\u0636\u0627\u062f \u0644\u0644\u062d\u0643\u0629 200 \u0645\u0644","breadcrumb":{"@id":"https:\/\/vitablanca.ma\/produit\/ducray-dexyane-baume-emollient-anti-grattage-200ml\/#breadcrumb"},"inLanguage":"ar","potentialAction":[{"@type":"ReadAction","target":["https:\/\/vitablanca.ma\/produit\/ducray-dexyane-baume-emollient-anti-grattage-200ml\/"]}]},{"@type":"ImageObject","inLanguage":"ar","@id":"https:\/\/vitablanca.ma\/produit\/ducray-dexyane-baume-emollient-anti-grattage-200ml\/#primaryimage","url":"https:\/\/vitablanca.ma\/wp-content\/uploads\/2025\/06\/Ducray-Dexyane-Baume-Emollient-Anti-Grattage-200ml-nova-parapharmacie-casablanca.jpg","contentUrl":"https:\/\/vitablanca.ma\/wp-content\/uploads\/2025\/06\/Ducray-Dexyane-Baume-Emollient-Anti-Grattage-200ml-nova-parapharmacie-casablanca.jpg","width":1000,"height":1000},{"@type":"BreadcrumbList","@id":"https:\/\/vitablanca.ma\/produit\/ducray-dexyane-baume-emollient-anti-grattage-200ml\/#breadcrumb","itemListElement":[{"@type":"ListItem","position":1,"name":"Home","item":"https:\/\/vitablanca.ma\/"},{"@type":"ListItem","position":2,"name":"Tous Les Produits","item":"https:\/\/vitablanca.ma\/tous-les-produits\/"},{"@type":"ListItem","position":3,"name":"Ducray Dexyane Baume \u00c9mollient Anti-Grattage 200ml"}]},{"@type":"WebSite","@id":"https:\/\/vitablanca.ma\/#website","url":"https:\/\/vitablanca.ma\/","name":"VitaBlanca.ma | \u0627\u0644\u0645\u0643\u0645\u0644\u0627\u062a \u0627\u0644\u063a\u0630\u0627\u0626\u064a\u0629\u060c \u0627\u0644\u0635\u062d\u0629 \u0648\u0627\u0644\u062c\u0645\u0627\u0644 \u0641\u064a \u0627\u0644\u0645\u063a\u0631\u0628","description":"\u0646\u0628\u064a\u0639 \u0641\u064a\u062a\u0627\u0645\u064a\u0646\u0627\u062a \u0648\u0645\u0643\u0645\u0644\u0627\u062a \u063a\u0630\u0627\u0626\u064a\u0629 \u0641\u0627\u062e\u0631\u0629 \u0645\u0646 \u0627\u0644\u0648\u0644\u0627\u064a\u0627\u062a \u0627\u0644\u0645\u062a\u062d\u062f\u0629 \u0627\u0644\u0623\u0645\u0631\u064a\u0643\u064a\u0629 \u0648\u0643\u0646\u062f\u0627 \u0648\u0646\u064a\u0648\u0632\u064a\u0644\u0646\u062f\u0627 \u0648\u0627\u0644\u0645\u063a\u0631\u0628 (\u0646\u0627\u0648 \u0641\u0648\u062f\u0632\u060c \u0633\u0648\u0644\u062c\u0627\u0631\u060c \u0645\u0627\u0646\u0648\u0643\u0627). \u062a\u0648\u0635\u064a\u0644 \u0633\u0631\u064a\u0639 \u0625\u0644\u0649 \u062c\u0645\u064a\u0639 \u0623\u0646\u062d\u0627\u0621 \u0627\u0644\u0645\u063a\u0631\u0628.","publisher":{"@id":"https:\/\/vitablanca.ma\/#organization"},"alternateName":"VitaBlanca.ma","potentialAction":[{"@type":"SearchAction","target":{"@type":"EntryPoint","urlTemplate":"https:\/\/vitablanca.ma\/?s={search_term_string}"},"query-input":{"@type":"PropertyValueSpecification","valueRequired":true,"valueName":"search_term_string"}}],"inLanguage":"ar"},{"@type":"Organization","@id":"https:\/\/vitablanca.ma\/#organization","name":"\u0641\u064a\u062a\u0627\u0628\u0644\u0627\u0646\u0643\u0627","url":"https:\/\/vitablanca.ma\/","logo":{"@type":"ImageObject","inLanguage":"ar","@id":"https:\/\/vitablanca.ma\/#\/schema\/logo\/image\/","url":"https:\/\/vitablanca.ma\/wp-content\/uploads\/2025\/05\/cropped-vitablanca.png","contentUrl":"https:\/\/vitablanca.ma\/wp-content\/uploads\/2025\/05\/cropped-vitablanca.png","width":360,"height":67,"caption":"VitaBlanca"},"image":{"@id":"https:\/\/vitablanca.ma\/#\/schema\/logo\/image\/"},"sameAs":["https:\/\/www.facebook.com\/profile.php?id=61576678196717","https:\/\/www.tiktok.com\/@vitablanca.ma","https:\/\/www.instagram.com\/vitablanca.ma\/"]}]}},"jetpack_sharing_enabled":true,"_links":{"self":[{"href":"https:\/\/vitablanca.ma\/ar\/wp-json\/wp\/v2\/product\/17776","targetHints":{"allow":["GET"]}}],"collection":[{"href":"https:\/\/vitablanca.ma\/ar\/wp-json\/wp\/v2\/product"}],"about":[{"href":"https:\/\/vitablanca.ma\/ar\/wp-json\/wp\/v2\/types\/product"}],"wp:featuredmedia":[{"embeddable":true,"href":"https:\/\/vitablanca.ma\/ar\/wp-json\/wp\/v2\/media\/17771"}],"wp:attachment":[{"href":"https:\/\/vitablanca.ma\/ar\/wp-json\/wp\/v2\/media?parent=17776"}],"wp:term":[{"taxonomy":"product_brand","embeddable":true,"href":"https:\/\/vitablanca.ma\/ar\/wp-json\/wp\/v2\/product_brand?post=17776"},{"taxonomy":"product_cat","embeddable":true,"href":"https:\/\/vitablanca.ma\/ar\/wp-json\/wp\/v2\/product_cat?post=17776"},{"taxonomy":"product_tag","embeddable":true,"href":"https:\/\/vitablanca.ma\/ar\/wp-json\/wp\/v2\/product_tag?post=17776"}],"curies":[{"name":"wp","href":"https:\/\/api.w.org\/{rel}","templated":true}]}}