{"id":17770,"date":"2025-06-10T17:07:51","date_gmt":"2025-06-10T17:07:51","guid":{"rendered":"https:\/\/vitablanca.ma\/product\/ducray-elution-shampooing-reequilibrant-200ml\/"},"modified":"2025-06-10T17:07:51","modified_gmt":"2025-06-10T17:07:51","slug":"ducray-elution-shampooing-reequilibrant-200ml","status":"publish","type":"product","link":"https:\/\/vitablanca.ma\/ar\/product-2\/ducray-elution-shampooing-reequilibrant-200ml\/","title":{"rendered":"\u0634\u0627\u0645\u0628\u0648 \u062f\u0648\u0643\u0631\u0627\u064a \u0625\u064a\u0644\u0648\u0634\u0646 \u0644\u0625\u0639\u0627\u062f\u0629 \u0627\u0644\u062a\u0648\u0627\u0632\u0646 200 \u0645\u0644"},"content":{"rendered":"<h2>\u0634\u0627\u0645\u0628\u0648 Ducray ELUTION \u0644\u0625\u0639\u0627\u062f\u0629 \u0627\u0644\u062a\u0648\u0627\u0632\u0646.<\/h2>\n<div class=\"field-title\"><span class=\"field-content\">\u0627\u0633\u062a\u062e\u062f\u0627\u0645 \u0627\u0644\u0634\u0627\u0645\u0628\u0648 \u0627\u0644\u0645\u0636\u0627\u062f \u0644\u0644\u0642\u0634\u0631\u0629 \u0628\u0627\u0644\u062a\u0646\u0627\u0648\u0628 \u0623\u0648 \u0628\u0639\u062f \u0627\u0644\u0639\u0644\u0627\u062c.<\/span><\/div>\n<div class=\"product-categories\">\n<div class=\"categories-table\">\n<div class=\"categories-row\">\n<div class=\"category-content\">\u062d\u0627\u0644\u0627\u062a \u0642\u0634\u0631\u0629 \u0627\u0644\u0631\u0623\u0633.<\/div>\n<\/div>\n<div class=\"categories-row\">\n<div class=\"category-content\">\u0636\u0639\u0641 \u0641\u0631\u0648\u0629 \u0627\u0644\u0631\u0623\u0633.<br \/>200 \u0645\u0644.<\/div>\n<div class=\"category-content\"><\/div>\n<div class=\"category-content\"><\/div>\n<div class=\"category-content\"><\/div>\n<div class=\"category-content\"><\/div>\n<div class=\"category-content\">\n<span>\u064a\u0645\u0643\u0646 \u0627\u0633\u062a\u062e\u062f\u0627\u0645 \u0634\u0627\u0645\u0628\u0648 Elution Rebalancing \u0628\u0645\u0641\u0631\u062f\u0647\u060c \u0623\u0648 \u0628\u0627\u0644\u062a\u0646\u0627\u0648\u0628 \u0645\u0639 \u0627\u0644\u0634\u0627\u0645\u0628\u0648\u0647\u0627\u062a \u0627\u0644\u0645\u0636\u0627\u062f\u0629 \u0644\u0644\u0642\u0634\u0631\u0629.<\/span><br \/><span>\u0628\u0641\u0636\u0644 \u0645\u0643\u0648\u0646\u0627\u062a\u0647 \u0627\u0644\u0641\u0639\u0627\u0644\u0629\u060c \u0645\u062b\u0644 \u0628\u064a\u0631\u0648\u0643\u062a\u0648\u0646 \u0623\u0648\u0644\u0627\u0645\u064a\u0646 \u0627\u0644\u0645\u0636\u0627\u062f \u0644\u0644\u0641\u0637\u0631\u064a\u0627\u062a\u060c \u0648\u0627\u0644\u062c\u0644\u064a\u0633\u064a\u0646 \u0627\u0644\u0645\u0647\u062f\u0626\u060c \u0648\u0641\u064a\u062a\u0627\u0645\u064a\u0646 \u06285 \u0627\u0644\u0645\u0631\u0637\u0628\u060c \u064a\u064f\u0637\u064a\u0644 \u0641\u0639\u0627\u0644\u064a\u0629 \u0639\u0644\u0627\u062c\u0627\u062a \u0627\u0644\u0642\u0634\u0631\u0629 \u0648\u064a\u062d\u062f \u0645\u0646 \u062a\u0643\u0631\u0627\u0631\u0647\u0627. \u0648\u0642\u062f \u0623\u062b\u0628\u062a\u062a \u0641\u0639\u0627\u0644\u064a\u062a\u0647 \u0633\u0631\u064a\u0631\u064a\u064b\u0627.<\/span>\n<\/div>\n<div class=\"category-content\"><\/div>\n<div class=\"category-content\">\n<div class=\"wrapper_product-collapsible-sections_item_title ellipse-down ellipse-base el-width-150 el-center\">\n<h3 data-dc-js-cs-role=\"label\" class=\"product-collapsible-sections_item_title\">\u0641\u0648\u0627\u0626\u062f<\/h3>\n<\/div>\n<div data-dc-js-cs-role=\"content\" class=\"product-collapsible-sections_item_content\">\n<div class=\"field-collection-container clearfix\">\n<div class=\"field-collection-view clearfix view-mode-full\">\n<div class=\"product-benefit_item\">\n<h4 class=\"product-benefit_item_title contextual-color\">\u064a\u0637\u064a\u0644 \u0641\u0639\u0627\u0644\u064a\u0629 \u0639\u0644\u0627\u062c\u0627\u062a \u0645\u0643\u0627\u0641\u062d\u0629 \u0627\u0644\u0642\u0634\u0631\u0629<\/h4>\n<p class=\"product-benefit_item_title contextual-color\">\u0634\u0627\u0645\u0628\u0648 \u0625\u0639\u0627\u062f\u0629 \u0627\u0644\u062a\u0648\u0627\u0632\u0646 \u064a\u062d\u062f \u0645\u0646 \u062a\u0643\u0631\u0627\u0631 \u0638\u0647\u0648\u0631 \u0627\u0644\u0642\u0634\u0631\u0629.<\/p>\n<h4 class=\"product-benefit_item_title contextual-color\">\u0625\u0645\u0643\u0627\u0646\u064a\u0627\u062a \u0645\u062a\u0639\u062f\u062f\u0629 \u0644\u0644\u0627\u0633\u062a\u062e\u062f\u0627\u0645<\/h4>\n<div class=\"product-benefit_item_description\">\u064a\u0645\u0643\u0646 \u0627\u0633\u062a\u062e\u062f\u0627\u0645 \u0627\u0644\u0634\u0627\u0645\u0628\u0648 \u0628\u0645\u0641\u0631\u062f\u0647 \u0644\u0623\u0646\u0647 \u0634\u0627\u0645\u0628\u0648 \u0644\u0637\u064a\u0641\u060c \u0648\u0644\u0643\u0646 \u0623\u064a\u0636\u064b\u0627 \u0628\u0627\u0644\u062a\u0646\u0627\u0648\u0628 \u0645\u0639 \u0627\u0644\u0634\u0627\u0645\u0628\u0648\u0647\u0627\u062a \u0627\u0644\u0645\u0636\u0627\u062f\u0629 \u0644\u0644\u0642\u0634\u0631\u0629.<\/div>\n<div class=\"product-benefit_item_description\"><\/div>\n<div class=\"product-benefit_item_description\">\n<h4 class=\"product-collapsible-sections_item_subtitle contextual-color\">\u062d\u0648\u0644 \u062d\u0627\u0644\u0627\u062a \u0642\u0634\u0631\u0629 \u0627\u0644\u0631\u0623\u0633<\/h4>\n<div class=\"product-collapsible-sections_item_subcontent readmore-add-processed\">\u0628\u0627\u0644\u062a\u0646\u0627\u0648\u0628 \u0645\u0639 \u0623\u0648 \u0628\u0639\u062f \u0627\u0644\u0639\u0644\u0627\u062c \u0627\u0644\u062f\u0648\u0627\u0626\u064a \u0623\u0648 \u0627\u0644\u062a\u062c\u0645\u064a\u0644\u064a \u0644\u0644\u0628\u0634\u0631\u0629 \u0636\u062f \u0627\u0644\u0642\u0634\u0631\u0629\u060c \u0645\u0646 \u0627\u0644\u0636\u0631\u0648\u0631\u064a \u0627\u0633\u062a\u062e\u062f\u0627\u0645 \u0634\u0627\u0645\u0628\u0648 \u0644\u0637\u064a\u0641 \u0648\u0645\u0647\u062f\u0626 \u0644\u062d\u0645\u0627\u064a\u0629 \u0641\u0631\u0648\u0629 \u0627\u0644\u0631\u0623\u0633 \u0648\u0627\u0644\u062d\u062f \u0645\u0646 \u062e\u0637\u0631 \u062a\u0643\u0631\u0627\u0631 \u0638\u0647\u0648\u0631\u0647\u0627.<\/div>\n<div class=\"product-collapsible-sections_item_subcontent readmore-add-processed\"><\/div>\n<h3 class=\"product-collapsible-sections_item_subcontent readmore-add-processed\"><span>\u0646\u0635\u0627\u0626\u062d \u0627\u0644\u062a\u0642\u062f\u064a\u0645<\/span><\/h3>\n<p><span>\u0636\u0639\u064a\u0647 \u0639\u0644\u0649 \u0641\u0631\u0648\u0629 \u0631\u0623\u0633\u0643 \u0627\u0644\u0645\u0628\u0644\u0644\u0629. \u062f\u0644\u0643\u064a\u0647 \u0628\u0644\u0637\u0641. \u0627\u0634\u0637\u0641\u064a\u0647. \u0623\u0639\u064a\u062f\u064a \u0648\u0636\u0639\u0647 \u0648\u0627\u062a\u0631\u0643\u064a\u0647 \u0644\u0628\u0636\u0639 \u0644\u062d\u0638\u0627\u062a. \u0627\u0633\u062a\u062e\u062f\u0645\u064a\u0647 \u0643\u0644\u0645\u0627 \u062f\u0639\u062a \u0627\u0644\u062d\u0627\u062c\u0629.<\/span><\/p>\n<div class=\"product-collapsible-sections_item_subcontent readmore-add-processed\"><\/div>\n<div class=\"product-collapsible-sections_item_subcontent readmore-add-processed\"><\/div>\n<\/div>\n<\/div>\n<\/div>\n<\/div>\n<\/div>\n<\/div>\n<\/div>\n<\/div>\n<\/div>","protected":false},"excerpt":{"rendered":"<p>Ducray ELUTION Shampooing R\u00e9\u00e9quilibrant. En alternance ou relais des shampooings traitants anti-pelliculaires. Etats pelliculaires. Cuir chevelu fragilis\u00e9.200ml. Le shampooing r\u00e9\u00e9quilibrant Elution peut \u00eatre utilis\u00e9 seul, en alternance et en relai des shampooings antipelliculaires.Gr\u00e2ce \u00e0 ses actifs, tels que la piroctone olamine antifongique, la glycine apaisante et la vitabime B5 hydratante,il prolonge l&rsquo;efficacit\u00e9 des soins antipelliculaires [&hellip;]<\/p>\n","protected":false},"featured_media":17766,"template":"","meta":{"om_disable_all_campaigns":false},"product_brand":[],"product_cat":[15],"product_tag":[],"class_list":{"0":"post-17770","1":"product","2":"type-product","3":"status-publish","4":"has-post-thumbnail","6":"product_cat-beaute-sante-complements-alimentaires-soins-et-bien-etre-au-meilleur-prix","8":"first","9":"instock","10":"sale","11":"taxable","12":"shipping-taxable","13":"purchasable","14":"product-type-simple"},"yoast_head":"<!-- This site is optimized with the Yoast SEO plugin v27.4 - https:\/\/yoast.com\/product\/yoast-seo-wordpress\/ -->\n<title>Ducray ELUTION Shampooing R\u00e9\u00e9quilibrant 200ml - Maroc Prix<\/title>\n<meta name=\"description\" content=\"Ducray ELUTION Shampooing R\u00e9\u00e9quilibrant 200ml\" \/>\n<meta name=\"robots\" content=\"index, follow, max-snippet:-1, max-image-preview:large, max-video-preview:-1\" \/>\n<link rel=\"canonical\" href=\"https:\/\/vitablanca.ma\/ar\/product-2\/ducray-elution-shampooing-reequilibrant-200ml\/\" \/>\n<meta property=\"og:locale\" content=\"ar_AR\" \/>\n<meta property=\"og:type\" content=\"article\" \/>\n<meta property=\"og:title\" content=\"Ducray ELUTION Shampooing R\u00e9\u00e9quilibrant 200ml - Maroc Prix\" \/>\n<meta property=\"og:description\" content=\"Ducray ELUTION Shampooing R\u00e9\u00e9quilibrant 200ml\" \/>\n<meta property=\"og:url\" content=\"https:\/\/vitablanca.ma\/ar\/product-2\/ducray-elution-shampooing-reequilibrant-200ml\/\" \/>\n<meta property=\"og:site_name\" content=\"Vitablanca.ma &ndash; Sant&eacute;, vitalit&eacute; et bien-&ecirc;tre pour tous les Marocains\" \/>\n<meta property=\"article:publisher\" content=\"https:\/\/www.facebook.com\/profile.php?id=61576678196717\" \/>\n<meta property=\"og:image\" content=\"https:\/\/vitablanca.ma\/wp-content\/uploads\/2025\/06\/Ducray-ELUTION-Shampooing-Reequilibrant-200ml-nova-parapharmacie-casablanca.jpg\" \/>\n\t<meta property=\"og:image:width\" content=\"1000\" \/>\n\t<meta property=\"og:image:height\" content=\"1000\" \/>\n\t<meta property=\"og:image:type\" content=\"image\/jpeg\" \/>\n<meta name=\"twitter:card\" content=\"summary_large_image\" \/>\n<meta name=\"twitter:label1\" content=\"\u0648\u0642\u062a \u0627\u0644\u0642\u0631\u0627\u0621\u0629 \u0627\u0644\u0645\u064f\u0642\u062f\u0651\u0631\" \/>\n\t<meta name=\"twitter:data1\" content=\"\u062f\u0642\u064a\u0642\u0629 \u0648\u0627\u062d\u062f\u0629\" \/>\n<script type=\"application\/ld+json\" class=\"yoast-schema-graph\">{\"@context\":\"https:\\\/\\\/schema.org\",\"@graph\":[{\"@type\":[\"WebPage\",\"ItemPage\"],\"@id\":\"https:\\\/\\\/vitablanca.ma\\\/produit\\\/ducray-elution-shampooing-reequilibrant-200ml\\\/\",\"url\":\"https:\\\/\\\/vitablanca.ma\\\/produit\\\/ducray-elution-shampooing-reequilibrant-200ml\\\/\",\"name\":\"Ducray ELUTION Shampooing R\u00e9\u00e9quilibrant 200ml - Maroc Prix\",\"isPartOf\":{\"@id\":\"https:\\\/\\\/vitablanca.ma\\\/#website\"},\"primaryImageOfPage\":{\"@id\":\"https:\\\/\\\/vitablanca.ma\\\/produit\\\/ducray-elution-shampooing-reequilibrant-200ml\\\/#primaryimage\"},\"image\":{\"@id\":\"https:\\\/\\\/vitablanca.ma\\\/produit\\\/ducray-elution-shampooing-reequilibrant-200ml\\\/#primaryimage\"},\"thumbnailUrl\":\"https:\\\/\\\/vitablanca.ma\\\/wp-content\\\/uploads\\\/2025\\\/06\\\/Ducray-ELUTION-Shampooing-Reequilibrant-200ml-nova-parapharmacie-casablanca.jpg\",\"datePublished\":\"2025-06-10T17:07:51+00:00\",\"description\":\"Ducray ELUTION Shampooing R\u00e9\u00e9quilibrant 200ml\",\"breadcrumb\":{\"@id\":\"https:\\\/\\\/vitablanca.ma\\\/produit\\\/ducray-elution-shampooing-reequilibrant-200ml\\\/#breadcrumb\"},\"inLanguage\":\"ar\",\"potentialAction\":[{\"@type\":\"ReadAction\",\"target\":[\"https:\\\/\\\/vitablanca.ma\\\/produit\\\/ducray-elution-shampooing-reequilibrant-200ml\\\/\"]}]},{\"@type\":\"ImageObject\",\"inLanguage\":\"ar\",\"@id\":\"https:\\\/\\\/vitablanca.ma\\\/produit\\\/ducray-elution-shampooing-reequilibrant-200ml\\\/#primaryimage\",\"url\":\"https:\\\/\\\/vitablanca.ma\\\/wp-content\\\/uploads\\\/2025\\\/06\\\/Ducray-ELUTION-Shampooing-Reequilibrant-200ml-nova-parapharmacie-casablanca.jpg\",\"contentUrl\":\"https:\\\/\\\/vitablanca.ma\\\/wp-content\\\/uploads\\\/2025\\\/06\\\/Ducray-ELUTION-Shampooing-Reequilibrant-200ml-nova-parapharmacie-casablanca.jpg\",\"width\":1000,\"height\":1000},{\"@type\":\"BreadcrumbList\",\"@id\":\"https:\\\/\\\/vitablanca.ma\\\/produit\\\/ducray-elution-shampooing-reequilibrant-200ml\\\/#breadcrumb\",\"itemListElement\":[{\"@type\":\"ListItem\",\"position\":1,\"name\":\"Home\",\"item\":\"https:\\\/\\\/vitablanca.ma\\\/\"},{\"@type\":\"ListItem\",\"position\":2,\"name\":\"Tous Les Produits\",\"item\":\"https:\\\/\\\/vitablanca.ma\\\/tous-les-produits\\\/\"},{\"@type\":\"ListItem\",\"position\":3,\"name\":\"Ducray ELUTION Shampooing R\u00e9\u00e9quilibrant 200ml\"}]},{\"@type\":\"WebSite\",\"@id\":\"https:\\\/\\\/vitablanca.ma\\\/#website\",\"url\":\"https:\\\/\\\/vitablanca.ma\\\/\",\"name\":\"VitaBlanca.ma | Compl\u00e9ments alimentaires, sant\u00e9 & beaut\u00e9 au Maroc\",\"description\":\"vendre vitamines et compl\u00e9ments premium des USA &amp; Canada, Nouvelle Z\u00e9lande,Maroc (NOW Foods, Solgar, Manuka). Livraison rapide partout au Maroc.\",\"publisher\":{\"@id\":\"https:\\\/\\\/vitablanca.ma\\\/#organization\"},\"alternateName\":\"VitaBlanca.ma\",\"potentialAction\":[{\"@type\":\"SearchAction\",\"target\":{\"@type\":\"EntryPoint\",\"urlTemplate\":\"https:\\\/\\\/vitablanca.ma\\\/?s={search_term_string}\"},\"query-input\":{\"@type\":\"PropertyValueSpecification\",\"valueRequired\":true,\"valueName\":\"search_term_string\"}}],\"inLanguage\":\"ar\"},{\"@type\":\"Organization\",\"@id\":\"https:\\\/\\\/vitablanca.ma\\\/#organization\",\"name\":\"VitaBlanca\",\"url\":\"https:\\\/\\\/vitablanca.ma\\\/\",\"logo\":{\"@type\":\"ImageObject\",\"inLanguage\":\"ar\",\"@id\":\"https:\\\/\\\/vitablanca.ma\\\/#\\\/schema\\\/logo\\\/image\\\/\",\"url\":\"https:\\\/\\\/vitablanca.ma\\\/wp-content\\\/uploads\\\/2025\\\/05\\\/cropped-vitablanca.png\",\"contentUrl\":\"https:\\\/\\\/vitablanca.ma\\\/wp-content\\\/uploads\\\/2025\\\/05\\\/cropped-vitablanca.png\",\"width\":360,\"height\":67,\"caption\":\"VitaBlanca\"},\"image\":{\"@id\":\"https:\\\/\\\/vitablanca.ma\\\/#\\\/schema\\\/logo\\\/image\\\/\"},\"sameAs\":[\"https:\\\/\\\/www.facebook.com\\\/profile.php?id=61576678196717\",\"https:\\\/\\\/www.tiktok.com\\\/@vitablanca.ma\",\"https:\\\/\\\/www.instagram.com\\\/vitablanca.ma\\\/\"]}]}<\/script>\n<!-- \/ Yoast SEO plugin. -->","yoast_head_json":{"title":"\u0634\u0627\u0645\u0628\u0648 \u062f\u0648\u0643\u0631\u0627\u064a \u0625\u064a\u0644\u0648\u0634\u0646 \u0644\u0625\u0639\u0627\u062f\u0629 \u0627\u0644\u062a\u0648\u0627\u0632\u0646 200 \u0645\u0644 - \u0633\u0639\u0631 \u0627\u0644\u0645\u063a\u0631\u0628","description":"\u0634\u0627\u0645\u0628\u0648 \u062f\u0648\u0643\u0631\u0627\u064a \u0625\u064a\u0644\u0648\u0634\u0646 \u0644\u0625\u0639\u0627\u062f\u0629 \u0627\u0644\u062a\u0648\u0627\u0632\u0646 200 \u0645\u0644","robots":{"index":"index","follow":"follow","max-snippet":"max-snippet:-1","max-image-preview":"max-image-preview:large","max-video-preview":"max-video-preview:-1"},"canonical":"https:\/\/vitablanca.ma\/ar\/product-2\/ducray-elution-shampooing-reequilibrant-200ml\/","og_locale":"ar_AR","og_type":"article","og_title":"Ducray ELUTION Shampooing R\u00e9\u00e9quilibrant 200ml - Maroc Prix","og_description":"Ducray ELUTION Shampooing R\u00e9\u00e9quilibrant 200ml","og_url":"https:\/\/vitablanca.ma\/ar\/product-2\/ducray-elution-shampooing-reequilibrant-200ml\/","og_site_name":"Vitablanca.ma &ndash; Sant&eacute;, vitalit&eacute; et bien-&ecirc;tre pour tous les Marocains","article_publisher":"https:\/\/www.facebook.com\/profile.php?id=61576678196717","og_image":[{"width":1000,"height":1000,"url":"https:\/\/vitablanca.ma\/wp-content\/uploads\/2025\/06\/Ducray-ELUTION-Shampooing-Reequilibrant-200ml-nova-parapharmacie-casablanca.jpg","type":"image\/jpeg"}],"twitter_card":"summary_large_image","twitter_misc":{"\u0648\u0642\u062a \u0627\u0644\u0642\u0631\u0627\u0621\u0629 \u0627\u0644\u0645\u064f\u0642\u062f\u0651\u0631":"\u062f\u0642\u064a\u0642\u0629 \u0648\u0627\u062d\u062f\u0629"},"schema":{"@context":"https:\/\/schema.org","@graph":[{"@type":["WebPage","ItemPage"],"@id":"https:\/\/vitablanca.ma\/produit\/ducray-elution-shampooing-reequilibrant-200ml\/","url":"https:\/\/vitablanca.ma\/produit\/ducray-elution-shampooing-reequilibrant-200ml\/","name":"\u0634\u0627\u0645\u0628\u0648 \u062f\u0648\u0643\u0631\u0627\u064a \u0625\u064a\u0644\u0648\u0634\u0646 \u0644\u0625\u0639\u0627\u062f\u0629 \u0627\u0644\u062a\u0648\u0627\u0632\u0646 200 \u0645\u0644 - \u0633\u0639\u0631 \u0627\u0644\u0645\u063a\u0631\u0628","isPartOf":{"@id":"https:\/\/vitablanca.ma\/#website"},"primaryImageOfPage":{"@id":"https:\/\/vitablanca.ma\/produit\/ducray-elution-shampooing-reequilibrant-200ml\/#primaryimage"},"image":{"@id":"https:\/\/vitablanca.ma\/produit\/ducray-elution-shampooing-reequilibrant-200ml\/#primaryimage"},"thumbnailUrl":"https:\/\/vitablanca.ma\/wp-content\/uploads\/2025\/06\/Ducray-ELUTION-Shampooing-Reequilibrant-200ml-nova-parapharmacie-casablanca.jpg","datePublished":"2025-06-10T17:07:51+00:00","description":"\u0634\u0627\u0645\u0628\u0648 \u062f\u0648\u0643\u0631\u0627\u064a \u0625\u064a\u0644\u0648\u0634\u0646 \u0644\u0625\u0639\u0627\u062f\u0629 \u0627\u0644\u062a\u0648\u0627\u0632\u0646 200 \u0645\u0644","breadcrumb":{"@id":"https:\/\/vitablanca.ma\/produit\/ducray-elution-shampooing-reequilibrant-200ml\/#breadcrumb"},"inLanguage":"ar","potentialAction":[{"@type":"ReadAction","target":["https:\/\/vitablanca.ma\/produit\/ducray-elution-shampooing-reequilibrant-200ml\/"]}]},{"@type":"ImageObject","inLanguage":"ar","@id":"https:\/\/vitablanca.ma\/produit\/ducray-elution-shampooing-reequilibrant-200ml\/#primaryimage","url":"https:\/\/vitablanca.ma\/wp-content\/uploads\/2025\/06\/Ducray-ELUTION-Shampooing-Reequilibrant-200ml-nova-parapharmacie-casablanca.jpg","contentUrl":"https:\/\/vitablanca.ma\/wp-content\/uploads\/2025\/06\/Ducray-ELUTION-Shampooing-Reequilibrant-200ml-nova-parapharmacie-casablanca.jpg","width":1000,"height":1000},{"@type":"BreadcrumbList","@id":"https:\/\/vitablanca.ma\/produit\/ducray-elution-shampooing-reequilibrant-200ml\/#breadcrumb","itemListElement":[{"@type":"ListItem","position":1,"name":"Home","item":"https:\/\/vitablanca.ma\/"},{"@type":"ListItem","position":2,"name":"Tous Les Produits","item":"https:\/\/vitablanca.ma\/tous-les-produits\/"},{"@type":"ListItem","position":3,"name":"Ducray ELUTION Shampooing R\u00e9\u00e9quilibrant 200ml"}]},{"@type":"WebSite","@id":"https:\/\/vitablanca.ma\/#website","url":"https:\/\/vitablanca.ma\/","name":"VitaBlanca.ma | \u0627\u0644\u0645\u0643\u0645\u0644\u0627\u062a \u0627\u0644\u063a\u0630\u0627\u0626\u064a\u0629\u060c \u0627\u0644\u0635\u062d\u0629 \u0648\u0627\u0644\u062c\u0645\u0627\u0644 \u0641\u064a \u0627\u0644\u0645\u063a\u0631\u0628","description":"\u0646\u0628\u064a\u0639 \u0641\u064a\u062a\u0627\u0645\u064a\u0646\u0627\u062a \u0648\u0645\u0643\u0645\u0644\u0627\u062a \u063a\u0630\u0627\u0626\u064a\u0629 \u0641\u0627\u062e\u0631\u0629 \u0645\u0646 \u0627\u0644\u0648\u0644\u0627\u064a\u0627\u062a \u0627\u0644\u0645\u062a\u062d\u062f\u0629 \u0627\u0644\u0623\u0645\u0631\u064a\u0643\u064a\u0629 \u0648\u0643\u0646\u062f\u0627 \u0648\u0646\u064a\u0648\u0632\u064a\u0644\u0646\u062f\u0627 \u0648\u0627\u0644\u0645\u063a\u0631\u0628 (\u0646\u0627\u0648 \u0641\u0648\u062f\u0632\u060c \u0633\u0648\u0644\u062c\u0627\u0631\u060c \u0645\u0627\u0646\u0648\u0643\u0627). \u062a\u0648\u0635\u064a\u0644 \u0633\u0631\u064a\u0639 \u0625\u0644\u0649 \u062c\u0645\u064a\u0639 \u0623\u0646\u062d\u0627\u0621 \u0627\u0644\u0645\u063a\u0631\u0628.","publisher":{"@id":"https:\/\/vitablanca.ma\/#organization"},"alternateName":"VitaBlanca.ma","potentialAction":[{"@type":"SearchAction","target":{"@type":"EntryPoint","urlTemplate":"https:\/\/vitablanca.ma\/?s={search_term_string}"},"query-input":{"@type":"PropertyValueSpecification","valueRequired":true,"valueName":"search_term_string"}}],"inLanguage":"ar"},{"@type":"Organization","@id":"https:\/\/vitablanca.ma\/#organization","name":"\u0641\u064a\u062a\u0627\u0628\u0644\u0627\u0646\u0643\u0627","url":"https:\/\/vitablanca.ma\/","logo":{"@type":"ImageObject","inLanguage":"ar","@id":"https:\/\/vitablanca.ma\/#\/schema\/logo\/image\/","url":"https:\/\/vitablanca.ma\/wp-content\/uploads\/2025\/05\/cropped-vitablanca.png","contentUrl":"https:\/\/vitablanca.ma\/wp-content\/uploads\/2025\/05\/cropped-vitablanca.png","width":360,"height":67,"caption":"VitaBlanca"},"image":{"@id":"https:\/\/vitablanca.ma\/#\/schema\/logo\/image\/"},"sameAs":["https:\/\/www.facebook.com\/profile.php?id=61576678196717","https:\/\/www.tiktok.com\/@vitablanca.ma","https:\/\/www.instagram.com\/vitablanca.ma\/"]}]}},"jetpack_sharing_enabled":true,"_links":{"self":[{"href":"https:\/\/vitablanca.ma\/ar\/wp-json\/wp\/v2\/product\/17770","targetHints":{"allow":["GET"]}}],"collection":[{"href":"https:\/\/vitablanca.ma\/ar\/wp-json\/wp\/v2\/product"}],"about":[{"href":"https:\/\/vitablanca.ma\/ar\/wp-json\/wp\/v2\/types\/product"}],"wp:featuredmedia":[{"embeddable":true,"href":"https:\/\/vitablanca.ma\/ar\/wp-json\/wp\/v2\/media\/17766"}],"wp:attachment":[{"href":"https:\/\/vitablanca.ma\/ar\/wp-json\/wp\/v2\/media?parent=17770"}],"wp:term":[{"taxonomy":"product_brand","embeddable":true,"href":"https:\/\/vitablanca.ma\/ar\/wp-json\/wp\/v2\/product_brand?post=17770"},{"taxonomy":"product_cat","embeddable":true,"href":"https:\/\/vitablanca.ma\/ar\/wp-json\/wp\/v2\/product_cat?post=17770"},{"taxonomy":"product_tag","embeddable":true,"href":"https:\/\/vitablanca.ma\/ar\/wp-json\/wp\/v2\/product_tag?post=17770"}],"curies":[{"name":"wp","href":"https:\/\/api.w.org\/{rel}","templated":true}]}}