{"id":17705,"date":"2025-06-10T17:05:53","date_gmt":"2025-06-10T17:05:53","guid":{"rendered":"https:\/\/vitablanca.ma\/product\/elgydium-dents-sensibles-dentifrice-75ml\/"},"modified":"2026-01-21T18:04:58","modified_gmt":"2026-01-21T18:04:58","slug":"elgydium-dents-sensibles-dentifrice-75ml","status":"publish","type":"product","link":"https:\/\/vitablanca.ma\/ar\/product-2\/elgydium-dents-sensibles-dentifrice-75ml\/","title":{"rendered":"ELGYDIUM Dents Sensibles dentifrice 75ml"},"content":{"rendered":"<div class=\"desc\" data-mce-fragment=\"1\">\n<div class=\"field field-name-field-oralcare-prod-description field-type-text-with-summary field-label-hidden\" data-mce-fragment=\"1\">\n<div class=\"field-items\" data-mce-fragment=\"1\">\n<div class=\"field-item even\" data-mce-fragment=\"1\">\n<h2 data-mce-fragment=\"1\">ELGYDIUM Dents Sensibles dentifrice\u00a0<span data-mce-fragment=\"1\">qui apporte une dose de fluor adapt\u00e9e \u00e0 une protection efficace des dents sensibles<\/span><br \/>\n<\/h2>\n<p data-mce-fragment=\"1\">ELGYDIUM DENTS SENSIBLES est un gel dentifrice peu abrasif qui apporte une dose de fluor adapt\u00e9e \u00e0 une protection efficace des dents sensibles (1250 ppm d\u2019ions fluor). Il contribue \u00e0 diminuer l\u2019hypersensibilit\u00e9 dentinaire lors de l&rsquo;ingestion d\u2019aliments chauds ou froids, acides ou sucr\u00e9s.<\/p>\n<\/div>\n<\/div>\n<\/div>\n<\/div>\n<div class=\"mentions\" data-mce-fragment=\"1\">\n<div class=\"field field-name-field-oralcare-prod-packaging field-type-text-with-summary field-label-hidden\" data-mce-fragment=\"1\">\n<div class=\"field-items\" data-mce-fragment=\"1\">\n<div class=\"field-item even\" data-mce-fragment=\"1\">\n<h3>\u0643\u064a\u0641\u064a\u0629 \u0627\u0633\u062a\u062e\u062f\u0627\u0645\u0647<\/h3>\n<div class=\"collapsible\">\n<div class=\"field field-name-field-oralcare-prod-use field-type-text-with-summary field-label-hidden\">\n<div class=\"field-items\">\n<div class=\"field-item even\">\n<p>En brossage apr\u00e8s chaque repas, avec une brosse souple. En cas d&rsquo;apport de fluorures provenant d&rsquo;autres sources, consulter un dentiste ou un m\u00e9decin.<\/p>\n<\/div>\n<\/div>\n<\/div>\n<\/div>\n<h3>\u0631\u0623\u064a \u062c\u0631\u0627\u062d \u0627\u0644\u0623\u0633\u0646\u0627\u0646<\/h3>\n<div class=\"collapsible\">\n<div class=\"field field-name-field-oralcare-prod-pro field-type-text-with-summary field-label-hidden\">\n<div class=\"field-items\">\n<div class=\"field-item even\">\n<p>Le gel dentifrice ELGYDIUM Dents sensibles est doux et peu abrasif et prot\u00e8ge la surface particuli\u00e8rement fragile des dents sensibles. Utilis\u00e9 en brossages r\u00e9guliers, ce gel dentifrice, constitu\u00e9 d&rsquo;une grande proportion de mati\u00e8res solubles, peut p\u00e9n\u00e8trer dans les espaces interdentaires, dans les sillons et \u00e0 la limite gencive-dent,\u00a0pour une meilleure protection.<\/p>\n<h3>\u062a\u0639\u0628\u064a\u0631<\/h3>\n<div class=\"collapsible\">\n<div class=\"field field-name-field-oralcare-prod-composition field-type-text-with-summary field-label-hidden\">\n<div class=\"field-items\">\n<div class=\"field-item even\">\n<p>Fluorinol (fluorhydrate de nicom\u00e9thanol 1250 ppm d&rsquo;ions fluor, brevet\u00e9 (Brevet France 75. 23715)),<\/p>\n<\/div>\n<\/div>\n<\/div>\n<\/div>\n<\/div>\n<\/div>\n<\/div>\n<\/div>\n<\/div>\n<\/div>\n<\/div>\n<\/div>","protected":false},"excerpt":{"rendered":"<p>ELGYDIUM Dents Sensibles dentifrice\u00a0qui apporte une dose de fluor adapt\u00e9e \u00e0 une protection efficace des dents sensibles ELGYDIUM DENTS SENSIBLES est un gel dentifrice peu abrasif qui apporte une dose de fluor adapt\u00e9e \u00e0 une protection efficace des dents sensibles (1250 ppm d\u2019ions fluor). Il contribue \u00e0 diminuer l\u2019hypersensibilit\u00e9 dentinaire lors de l&rsquo;ingestion d\u2019aliments chauds [&hellip;]<\/p>\n","protected":false},"featured_media":17700,"template":"","meta":{"om_disable_all_campaigns":false},"product_brand":[5989],"product_cat":[18,15],"product_tag":[],"class_list":{"0":"post-17705","1":"product","2":"type-product","3":"status-publish","4":"has-post-thumbnail","6":"product_brand-elgydium-original-maroc-au-meilleur-prix","7":"product_cat-beaute-sante","8":"product_cat-beaute-sante-complements-alimentaires-soins-et-bien-etre-au-meilleur-prix","10":"first","11":"instock","12":"sale","13":"taxable","14":"shipping-taxable","15":"purchasable","16":"product-type-simple"},"yoast_head":"<!-- This site is optimized with the Yoast SEO plugin v27.3 - https:\/\/yoast.com\/product\/yoast-seo-wordpress\/ -->\n<title>ELGYDIUM Dents Sensibles dentifrice 75ml - Maroc Prix<\/title>\n<meta name=\"description\" content=\"ELGYDIUM Dents Sensibles dentifrice 75ml\" \/>\n<meta name=\"robots\" content=\"index, follow, max-snippet:-1, max-image-preview:large, max-video-preview:-1\" \/>\n<link rel=\"canonical\" href=\"https:\/\/vitablanca.ma\/ar\/product-2\/elgydium-dents-sensibles-dentifrice-75ml\/\" \/>\n<meta property=\"og:locale\" content=\"ar_AR\" \/>\n<meta property=\"og:type\" content=\"article\" \/>\n<meta property=\"og:title\" content=\"ELGYDIUM Dents Sensibles dentifrice 75ml - Maroc Prix\" \/>\n<meta property=\"og:description\" content=\"ELGYDIUM Dents Sensibles dentifrice 75ml\" \/>\n<meta property=\"og:url\" content=\"https:\/\/vitablanca.ma\/ar\/product-2\/elgydium-dents-sensibles-dentifrice-75ml\/\" \/>\n<meta property=\"og:site_name\" content=\"Vitablanca.ma &ndash; Sant&eacute;, vitalit&eacute; et bien-&ecirc;tre pour tous les Marocains\" \/>\n<meta property=\"article:publisher\" content=\"https:\/\/www.facebook.com\/profile.php?id=61576678196717\" \/>\n<meta property=\"article:modified_time\" content=\"2026-01-21T18:04:58+00:00\" \/>\n<meta property=\"og:image\" content=\"https:\/\/vitablanca.ma\/wp-content\/uploads\/2025\/06\/ELGYDIUM-Dents-Sensibles-dentifrice-75ml-nova-parapharmacie-maroc.png\" \/>\n\t<meta property=\"og:image:width\" content=\"1000\" \/>\n\t<meta property=\"og:image:height\" content=\"1000\" \/>\n\t<meta property=\"og:image:type\" content=\"image\/png\" \/>\n<meta name=\"twitter:card\" content=\"summary_large_image\" \/>\n<meta name=\"twitter:label1\" content=\"\u0648\u0642\u062a \u0627\u0644\u0642\u0631\u0627\u0621\u0629 \u0627\u0644\u0645\u064f\u0642\u062f\u0651\u0631\" \/>\n\t<meta name=\"twitter:data1\" content=\"\u062f\u0642\u064a\u0642\u0629 \u0648\u0627\u062d\u062f\u0629\" \/>\n<script type=\"application\/ld+json\" class=\"yoast-schema-graph\">{\"@context\":\"https:\\\/\\\/schema.org\",\"@graph\":[{\"@type\":[\"WebPage\",\"ItemPage\"],\"@id\":\"https:\\\/\\\/vitablanca.ma\\\/produit\\\/elgydium-dents-sensibles-dentifrice-75ml\\\/\",\"url\":\"https:\\\/\\\/vitablanca.ma\\\/produit\\\/elgydium-dents-sensibles-dentifrice-75ml\\\/\",\"name\":\"ELGYDIUM Dents Sensibles dentifrice 75ml - Maroc Prix\",\"isPartOf\":{\"@id\":\"https:\\\/\\\/vitablanca.ma\\\/#website\"},\"primaryImageOfPage\":{\"@id\":\"https:\\\/\\\/vitablanca.ma\\\/produit\\\/elgydium-dents-sensibles-dentifrice-75ml\\\/#primaryimage\"},\"image\":{\"@id\":\"https:\\\/\\\/vitablanca.ma\\\/produit\\\/elgydium-dents-sensibles-dentifrice-75ml\\\/#primaryimage\"},\"thumbnailUrl\":\"https:\\\/\\\/vitablanca.ma\\\/wp-content\\\/uploads\\\/2025\\\/06\\\/ELGYDIUM-Dents-Sensibles-dentifrice-75ml-nova-parapharmacie-maroc.png\",\"datePublished\":\"2025-06-10T17:05:53+00:00\",\"dateModified\":\"2026-01-21T18:04:58+00:00\",\"description\":\"ELGYDIUM Dents Sensibles dentifrice 75ml\",\"breadcrumb\":{\"@id\":\"https:\\\/\\\/vitablanca.ma\\\/produit\\\/elgydium-dents-sensibles-dentifrice-75ml\\\/#breadcrumb\"},\"inLanguage\":\"ar\",\"potentialAction\":[{\"@type\":\"ReadAction\",\"target\":[\"https:\\\/\\\/vitablanca.ma\\\/produit\\\/elgydium-dents-sensibles-dentifrice-75ml\\\/\"]}]},{\"@type\":\"ImageObject\",\"inLanguage\":\"ar\",\"@id\":\"https:\\\/\\\/vitablanca.ma\\\/produit\\\/elgydium-dents-sensibles-dentifrice-75ml\\\/#primaryimage\",\"url\":\"https:\\\/\\\/vitablanca.ma\\\/wp-content\\\/uploads\\\/2025\\\/06\\\/ELGYDIUM-Dents-Sensibles-dentifrice-75ml-nova-parapharmacie-maroc.png\",\"contentUrl\":\"https:\\\/\\\/vitablanca.ma\\\/wp-content\\\/uploads\\\/2025\\\/06\\\/ELGYDIUM-Dents-Sensibles-dentifrice-75ml-nova-parapharmacie-maroc.png\",\"width\":1000,\"height\":1000},{\"@type\":\"BreadcrumbList\",\"@id\":\"https:\\\/\\\/vitablanca.ma\\\/produit\\\/elgydium-dents-sensibles-dentifrice-75ml\\\/#breadcrumb\",\"itemListElement\":[{\"@type\":\"ListItem\",\"position\":1,\"name\":\"Home\",\"item\":\"https:\\\/\\\/vitablanca.ma\\\/\"},{\"@type\":\"ListItem\",\"position\":2,\"name\":\"Tous Les Produits\",\"item\":\"https:\\\/\\\/vitablanca.ma\\\/tous-les-produits\\\/\"},{\"@type\":\"ListItem\",\"position\":3,\"name\":\"ELGYDIUM Dents Sensibles dentifrice 75ml\"}]},{\"@type\":\"WebSite\",\"@id\":\"https:\\\/\\\/vitablanca.ma\\\/#website\",\"url\":\"https:\\\/\\\/vitablanca.ma\\\/\",\"name\":\"VitaBlanca.ma | Compl\u00e9ments alimentaires, sant\u00e9 & beaut\u00e9 au Maroc\",\"description\":\"vendre vitamines et compl\u00e9ments premium des USA &amp; Canada, Nouvelle Z\u00e9lande,Maroc (NOW Foods, Solgar, Manuka). Livraison rapide partout au Maroc.\",\"publisher\":{\"@id\":\"https:\\\/\\\/vitablanca.ma\\\/#organization\"},\"alternateName\":\"VitaBlanca.ma\",\"potentialAction\":[{\"@type\":\"SearchAction\",\"target\":{\"@type\":\"EntryPoint\",\"urlTemplate\":\"https:\\\/\\\/vitablanca.ma\\\/?s={search_term_string}\"},\"query-input\":{\"@type\":\"PropertyValueSpecification\",\"valueRequired\":true,\"valueName\":\"search_term_string\"}}],\"inLanguage\":\"ar\"},{\"@type\":\"Organization\",\"@id\":\"https:\\\/\\\/vitablanca.ma\\\/#organization\",\"name\":\"VitaBlanca\",\"url\":\"https:\\\/\\\/vitablanca.ma\\\/\",\"logo\":{\"@type\":\"ImageObject\",\"inLanguage\":\"ar\",\"@id\":\"https:\\\/\\\/vitablanca.ma\\\/#\\\/schema\\\/logo\\\/image\\\/\",\"url\":\"https:\\\/\\\/vitablanca.ma\\\/wp-content\\\/uploads\\\/2025\\\/05\\\/cropped-vitablanca.png\",\"contentUrl\":\"https:\\\/\\\/vitablanca.ma\\\/wp-content\\\/uploads\\\/2025\\\/05\\\/cropped-vitablanca.png\",\"width\":360,\"height\":67,\"caption\":\"VitaBlanca\"},\"image\":{\"@id\":\"https:\\\/\\\/vitablanca.ma\\\/#\\\/schema\\\/logo\\\/image\\\/\"},\"sameAs\":[\"https:\\\/\\\/www.facebook.com\\\/profile.php?id=61576678196717\",\"https:\\\/\\\/www.tiktok.com\\\/@vitablanca.ma\",\"https:\\\/\\\/www.instagram.com\\\/vitablanca.ma\\\/\"]}]}<\/script>\n<!-- \/ Yoast SEO plugin. -->","yoast_head_json":{"title":"ELGYDIUM Dents Sensibles dentifrice 75ml - Maroc Prix","description":"ELGYDIUM Dents Sensibles dentifrice 75ml","robots":{"index":"index","follow":"follow","max-snippet":"max-snippet:-1","max-image-preview":"max-image-preview:large","max-video-preview":"max-video-preview:-1"},"canonical":"https:\/\/vitablanca.ma\/ar\/product-2\/elgydium-dents-sensibles-dentifrice-75ml\/","og_locale":"ar_AR","og_type":"article","og_title":"ELGYDIUM Dents Sensibles dentifrice 75ml - Maroc Prix","og_description":"ELGYDIUM Dents Sensibles dentifrice 75ml","og_url":"https:\/\/vitablanca.ma\/ar\/product-2\/elgydium-dents-sensibles-dentifrice-75ml\/","og_site_name":"Vitablanca.ma &ndash; Sant&eacute;, vitalit&eacute; et bien-&ecirc;tre pour tous les Marocains","article_publisher":"https:\/\/www.facebook.com\/profile.php?id=61576678196717","article_modified_time":"2026-01-21T18:04:58+00:00","og_image":[{"width":1000,"height":1000,"url":"https:\/\/vitablanca.ma\/wp-content\/uploads\/2025\/06\/ELGYDIUM-Dents-Sensibles-dentifrice-75ml-nova-parapharmacie-maroc.png","type":"image\/png"}],"twitter_card":"summary_large_image","twitter_misc":{"\u0648\u0642\u062a \u0627\u0644\u0642\u0631\u0627\u0621\u0629 \u0627\u0644\u0645\u064f\u0642\u062f\u0651\u0631":"\u062f\u0642\u064a\u0642\u0629 \u0648\u0627\u062d\u062f\u0629"},"schema":{"@context":"https:\/\/schema.org","@graph":[{"@type":["WebPage","ItemPage"],"@id":"https:\/\/vitablanca.ma\/produit\/elgydium-dents-sensibles-dentifrice-75ml\/","url":"https:\/\/vitablanca.ma\/produit\/elgydium-dents-sensibles-dentifrice-75ml\/","name":"ELGYDIUM Dents Sensibles dentifrice 75ml - Maroc Prix","isPartOf":{"@id":"https:\/\/vitablanca.ma\/#website"},"primaryImageOfPage":{"@id":"https:\/\/vitablanca.ma\/produit\/elgydium-dents-sensibles-dentifrice-75ml\/#primaryimage"},"image":{"@id":"https:\/\/vitablanca.ma\/produit\/elgydium-dents-sensibles-dentifrice-75ml\/#primaryimage"},"thumbnailUrl":"https:\/\/vitablanca.ma\/wp-content\/uploads\/2025\/06\/ELGYDIUM-Dents-Sensibles-dentifrice-75ml-nova-parapharmacie-maroc.png","datePublished":"2025-06-10T17:05:53+00:00","dateModified":"2026-01-21T18:04:58+00:00","description":"ELGYDIUM Dents Sensibles dentifrice 75ml","breadcrumb":{"@id":"https:\/\/vitablanca.ma\/produit\/elgydium-dents-sensibles-dentifrice-75ml\/#breadcrumb"},"inLanguage":"ar","potentialAction":[{"@type":"ReadAction","target":["https:\/\/vitablanca.ma\/produit\/elgydium-dents-sensibles-dentifrice-75ml\/"]}]},{"@type":"ImageObject","inLanguage":"ar","@id":"https:\/\/vitablanca.ma\/produit\/elgydium-dents-sensibles-dentifrice-75ml\/#primaryimage","url":"https:\/\/vitablanca.ma\/wp-content\/uploads\/2025\/06\/ELGYDIUM-Dents-Sensibles-dentifrice-75ml-nova-parapharmacie-maroc.png","contentUrl":"https:\/\/vitablanca.ma\/wp-content\/uploads\/2025\/06\/ELGYDIUM-Dents-Sensibles-dentifrice-75ml-nova-parapharmacie-maroc.png","width":1000,"height":1000},{"@type":"BreadcrumbList","@id":"https:\/\/vitablanca.ma\/produit\/elgydium-dents-sensibles-dentifrice-75ml\/#breadcrumb","itemListElement":[{"@type":"ListItem","position":1,"name":"Home","item":"https:\/\/vitablanca.ma\/"},{"@type":"ListItem","position":2,"name":"Tous Les Produits","item":"https:\/\/vitablanca.ma\/tous-les-produits\/"},{"@type":"ListItem","position":3,"name":"ELGYDIUM Dents Sensibles dentifrice 75ml"}]},{"@type":"WebSite","@id":"https:\/\/vitablanca.ma\/#website","url":"https:\/\/vitablanca.ma\/","name":"VitaBlanca.ma | \u0627\u0644\u0645\u0643\u0645\u0644\u0627\u062a \u0627\u0644\u063a\u0630\u0627\u0626\u064a\u0629\u060c \u0627\u0644\u0635\u062d\u0629 \u0648\u0627\u0644\u062c\u0645\u0627\u0644 \u0641\u064a \u0627\u0644\u0645\u063a\u0631\u0628","description":"\u0646\u0628\u064a\u0639 \u0641\u064a\u062a\u0627\u0645\u064a\u0646\u0627\u062a \u0648\u0645\u0643\u0645\u0644\u0627\u062a \u063a\u0630\u0627\u0626\u064a\u0629 \u0641\u0627\u062e\u0631\u0629 \u0645\u0646 \u0627\u0644\u0648\u0644\u0627\u064a\u0627\u062a \u0627\u0644\u0645\u062a\u062d\u062f\u0629 \u0627\u0644\u0623\u0645\u0631\u064a\u0643\u064a\u0629 \u0648\u0643\u0646\u062f\u0627 \u0648\u0646\u064a\u0648\u0632\u064a\u0644\u0646\u062f\u0627 \u0648\u0627\u0644\u0645\u063a\u0631\u0628 (\u0646\u0627\u0648 \u0641\u0648\u062f\u0632\u060c \u0633\u0648\u0644\u062c\u0627\u0631\u060c \u0645\u0627\u0646\u0648\u0643\u0627). \u062a\u0648\u0635\u064a\u0644 \u0633\u0631\u064a\u0639 \u0625\u0644\u0649 \u062c\u0645\u064a\u0639 \u0623\u0646\u062d\u0627\u0621 \u0627\u0644\u0645\u063a\u0631\u0628.","publisher":{"@id":"https:\/\/vitablanca.ma\/#organization"},"alternateName":"VitaBlanca.ma","potentialAction":[{"@type":"SearchAction","target":{"@type":"EntryPoint","urlTemplate":"https:\/\/vitablanca.ma\/?s={search_term_string}"},"query-input":{"@type":"PropertyValueSpecification","valueRequired":true,"valueName":"search_term_string"}}],"inLanguage":"ar"},{"@type":"Organization","@id":"https:\/\/vitablanca.ma\/#organization","name":"\u0641\u064a\u062a\u0627\u0628\u0644\u0627\u0646\u0643\u0627","url":"https:\/\/vitablanca.ma\/","logo":{"@type":"ImageObject","inLanguage":"ar","@id":"https:\/\/vitablanca.ma\/#\/schema\/logo\/image\/","url":"https:\/\/vitablanca.ma\/wp-content\/uploads\/2025\/05\/cropped-vitablanca.png","contentUrl":"https:\/\/vitablanca.ma\/wp-content\/uploads\/2025\/05\/cropped-vitablanca.png","width":360,"height":67,"caption":"VitaBlanca"},"image":{"@id":"https:\/\/vitablanca.ma\/#\/schema\/logo\/image\/"},"sameAs":["https:\/\/www.facebook.com\/profile.php?id=61576678196717","https:\/\/www.tiktok.com\/@vitablanca.ma","https:\/\/www.instagram.com\/vitablanca.ma\/"]}]}},"jetpack_sharing_enabled":true,"_links":{"self":[{"href":"https:\/\/vitablanca.ma\/ar\/wp-json\/wp\/v2\/product\/17705","targetHints":{"allow":["GET"]}}],"collection":[{"href":"https:\/\/vitablanca.ma\/ar\/wp-json\/wp\/v2\/product"}],"about":[{"href":"https:\/\/vitablanca.ma\/ar\/wp-json\/wp\/v2\/types\/product"}],"wp:featuredmedia":[{"embeddable":true,"href":"https:\/\/vitablanca.ma\/ar\/wp-json\/wp\/v2\/media\/17700"}],"wp:attachment":[{"href":"https:\/\/vitablanca.ma\/ar\/wp-json\/wp\/v2\/media?parent=17705"}],"wp:term":[{"taxonomy":"product_brand","embeddable":true,"href":"https:\/\/vitablanca.ma\/ar\/wp-json\/wp\/v2\/product_brand?post=17705"},{"taxonomy":"product_cat","embeddable":true,"href":"https:\/\/vitablanca.ma\/ar\/wp-json\/wp\/v2\/product_cat?post=17705"},{"taxonomy":"product_tag","embeddable":true,"href":"https:\/\/vitablanca.ma\/ar\/wp-json\/wp\/v2\/product_tag?post=17705"}],"curies":[{"name":"wp","href":"https:\/\/api.w.org\/{rel}","templated":true}]}}