{"id":17697,"date":"2025-06-10T17:05:44","date_gmt":"2025-06-10T17:05:44","guid":{"rendered":"https:\/\/vitablanca.ma\/product\/elgydium-diffusion-brosse-a-dents-medium\/"},"modified":"2026-01-21T18:04:58","modified_gmt":"2026-01-21T18:04:58","slug":"elgydium-diffusion-brosse-a-dents-medium","status":"publish","type":"product","link":"https:\/\/vitablanca.ma\/ar\/product-2\/elgydium-diffusion-brosse-a-dents-medium\/","title":{"rendered":"\u0641\u0631\u0634\u0627\u0629 \u0623\u0633\u0646\u0627\u0646 \u0625\u0644\u062c\u064a\u062f\u064a\u0648\u0645 \u0645\u062a\u0648\u0633\u0637\u0629 \u0627\u0644\u0627\u0646\u062a\u0634\u0627\u0631"},"content":{"rendered":"<h2><span data-mce-fragment=\"1\">ELGYDIUM Diffusion brosse \u00e0 dents medium\u00a0Nettoyage complet et en profondeur<\/span><\/h2>\n<p><span data-mce-fragment=\"1\">\u0647\u0646\u0627\u0643\u00a0<\/span><strong data-mce-fragment=\"1\">brosse \u00e0 dents medium Diffusion d\u2019Elgydium<\/strong><span data-mce-fragment=\"1\">\u00a0est recommand\u00e9e pour les adolescents et les adultes, et b\u00e9n\u00e9ficie de nombreux atouts pour garantir une\u00a0<\/span><strong data-mce-fragment=\"1\">hygi\u00e8ne bucco-dentaire optimale<\/strong><span data-mce-fragment=\"1\">\u00a0tout en\u00a0<\/span><strong data-mce-fragment=\"1\">prot\u00e9geant efficacement contre les caries<\/strong><span data-mce-fragment=\"1\">, mais aussi en prenant\u00a0<\/span><strong data-mce-fragment=\"1\">soin de l\u2019\u00e9mail et des gencives<\/strong><span data-mce-fragment=\"1\">.\u00a0<\/span><\/p>\n<p><span data-mce-fragment=\"1\">Elle\u00a0b\u00e9n\u00e9ficie d\u2019une technologie innovante baptis\u00e9e \u00ab\u00a0Anchor Free Tufting\u00a0\u00bb, ce qui signifie\u00a0<\/span><strong data-mce-fragment=\"1\">implantation sans agrafe<\/strong><span data-mce-fragment=\"1\">, ayant pour effet d\u2019offrir une totale libert\u00e9 de mouvements aux brins afin que ceux-ci puissent acc\u00e9der \u00e0 un maximum de parties de la dentition. Les brins sont tout de m\u00eame arrondis en leur bout dans le but de garantir le plus grand respect de l\u2019\u00e9mail et des gencives.<\/span><\/p>\n<p><span data-mce-fragment=\"1\">L&rsquo;usage d&rsquo;une brosse \u00e0 dents est imp\u00e9ratif pour un bonne hygi\u00e8ne bucco-dentaire. Elle permet l&rsquo;\u00e9limination par action m\u00e9canique de la plaque dentaire, ce r\u00e9sidus qui se d\u00e9pose sur les dents et qui est responsable des caries et du tartre. \u00c9quip\u00e9e d\u2019une appui-pouce, la\u00a0<\/span><strong data-mce-fragment=\"1\">brosse \u00e0 dents Elgydium Diffusion<\/strong><span data-mce-fragment=\"1\">\u00a0jouit d\u2019une tr\u00e8s bonne ergonomie, qui facilite son positionnement pour atteindre les parties les plus difficiles d\u2019acc\u00e8s de la bouche.<\/span><br data-mce-fragment=\"1\"><span data-mce-fragment=\"1\">Un prot\u00e8ge-t\u00eate est \u00e9galement fourni, permettant une am\u00e9lioration de l&rsquo;hygi\u00e8ne en emp\u00eachant le d\u00e9p\u00f4t de bact\u00e9ries sur les brins en-dehors du brossage.<\/span><\/p>\n<h3><span data-mce-fragment=\"1\">\u0637\u0631\u064a\u0642\u0629 \u0627\u0644\u0627\u0633\u062a\u062e\u062f\u0627\u0645 <\/span><\/h3>\n<p><span data-mce-fragment=\"1\">Pour une hygi\u00e8ne bucco-dentaire optimale, il est conseill\u00e9 de se brosser les dents apr\u00e8s chaque repas, ou au minimum 2 fois par jour, le mieux \u00e9tant de le faire 3 fois si possible. Pour une efficacit\u00e9 renforc\u00e9e, il est recommand\u00e9 d\u2019utiliser un dentifrice avec une protection anti-caries ou destin\u00e9 \u00e0 prot\u00e9ger et renforcer l\u2019\u00e9mail.<\/span><\/p>","protected":false},"excerpt":{"rendered":"<p>ELGYDIUM Diffusion brosse \u00e0 dents medium\u00a0Nettoyage complet et en profondeur La\u00a0brosse \u00e0 dents medium Diffusion d\u2019Elgydium\u00a0est recommand\u00e9e pour les adolescents et les adultes, et b\u00e9n\u00e9ficie de nombreux atouts pour garantir une\u00a0hygi\u00e8ne bucco-dentaire optimale\u00a0tout en\u00a0prot\u00e9geant efficacement contre les caries, mais aussi en prenant\u00a0soin de l\u2019\u00e9mail et des gencives.\u00a0 Elle\u00a0b\u00e9n\u00e9ficie d\u2019une technologie innovante baptis\u00e9e \u00ab\u00a0Anchor Free Tufting\u00a0\u00bb, [&hellip;]<\/p>\n","protected":false},"featured_media":17686,"template":"","meta":{"om_disable_all_campaigns":false},"product_brand":[5989],"product_cat":[18,15],"product_tag":[],"class_list":{"0":"post-17697","1":"product","2":"type-product","3":"status-publish","4":"has-post-thumbnail","6":"product_brand-elgydium-original-maroc-au-meilleur-prix","7":"product_cat-beaute-sante","8":"product_cat-beaute-sante-complements-alimentaires-soins-et-bien-etre-au-meilleur-prix","10":"first","11":"instock","12":"sale","13":"taxable","14":"shipping-taxable","15":"purchasable","16":"product-type-simple"},"yoast_head":"<!-- This site is optimized with the Yoast SEO plugin v27.3 - https:\/\/yoast.com\/product\/yoast-seo-wordpress\/ -->\n<title>ELGYDIUM Diffusion brosse \u00e0 dents medium - Maroc Prix<\/title>\n<meta name=\"description\" content=\"ELGYDIUM Diffusion brosse \u00e0 dents medium\" \/>\n<meta name=\"robots\" content=\"index, follow, max-snippet:-1, max-image-preview:large, max-video-preview:-1\" \/>\n<link rel=\"canonical\" href=\"https:\/\/vitablanca.ma\/ar\/product-2\/elgydium-diffusion-brosse-a-dents-medium\/\" \/>\n<meta property=\"og:locale\" content=\"ar_AR\" \/>\n<meta property=\"og:type\" content=\"article\" \/>\n<meta property=\"og:title\" content=\"ELGYDIUM Diffusion brosse \u00e0 dents medium - Maroc Prix\" \/>\n<meta property=\"og:description\" content=\"ELGYDIUM Diffusion brosse \u00e0 dents medium\" \/>\n<meta property=\"og:url\" content=\"https:\/\/vitablanca.ma\/ar\/product-2\/elgydium-diffusion-brosse-a-dents-medium\/\" \/>\n<meta property=\"og:site_name\" content=\"Vitablanca.ma &ndash; Sant&eacute;, vitalit&eacute; et bien-&ecirc;tre pour tous les Marocains\" \/>\n<meta property=\"article:publisher\" content=\"https:\/\/www.facebook.com\/profile.php?id=61576678196717\" \/>\n<meta property=\"article:modified_time\" content=\"2026-01-21T18:04:58+00:00\" \/>\n<meta property=\"og:image\" content=\"https:\/\/vitablanca.ma\/wp-content\/uploads\/2025\/06\/ELGYDIUM-Diffusion-brosse-a-dents-medium-nova-parapharmacie-maroc.png\" \/>\n\t<meta property=\"og:image:width\" content=\"1000\" \/>\n\t<meta property=\"og:image:height\" content=\"1000\" \/>\n\t<meta property=\"og:image:type\" content=\"image\/png\" \/>\n<meta name=\"twitter:card\" content=\"summary_large_image\" \/>\n<meta name=\"twitter:label1\" content=\"\u0648\u0642\u062a \u0627\u0644\u0642\u0631\u0627\u0621\u0629 \u0627\u0644\u0645\u064f\u0642\u062f\u0651\u0631\" \/>\n\t<meta name=\"twitter:data1\" content=\"\u062f\u0642\u064a\u0642\u0629 \u0648\u0627\u062d\u062f\u0629\" \/>\n<script type=\"application\/ld+json\" class=\"yoast-schema-graph\">{\"@context\":\"https:\\\/\\\/schema.org\",\"@graph\":[{\"@type\":[\"WebPage\",\"ItemPage\"],\"@id\":\"https:\\\/\\\/vitablanca.ma\\\/produit\\\/elgydium-diffusion-brosse-a-dents-medium\\\/\",\"url\":\"https:\\\/\\\/vitablanca.ma\\\/produit\\\/elgydium-diffusion-brosse-a-dents-medium\\\/\",\"name\":\"ELGYDIUM Diffusion brosse \u00e0 dents medium - Maroc Prix\",\"isPartOf\":{\"@id\":\"https:\\\/\\\/vitablanca.ma\\\/#website\"},\"primaryImageOfPage\":{\"@id\":\"https:\\\/\\\/vitablanca.ma\\\/produit\\\/elgydium-diffusion-brosse-a-dents-medium\\\/#primaryimage\"},\"image\":{\"@id\":\"https:\\\/\\\/vitablanca.ma\\\/produit\\\/elgydium-diffusion-brosse-a-dents-medium\\\/#primaryimage\"},\"thumbnailUrl\":\"https:\\\/\\\/vitablanca.ma\\\/wp-content\\\/uploads\\\/2025\\\/06\\\/ELGYDIUM-Diffusion-brosse-a-dents-medium-nova-parapharmacie-maroc.png\",\"datePublished\":\"2025-06-10T17:05:44+00:00\",\"dateModified\":\"2026-01-21T18:04:58+00:00\",\"description\":\"ELGYDIUM Diffusion brosse \u00e0 dents medium\",\"breadcrumb\":{\"@id\":\"https:\\\/\\\/vitablanca.ma\\\/produit\\\/elgydium-diffusion-brosse-a-dents-medium\\\/#breadcrumb\"},\"inLanguage\":\"ar\",\"potentialAction\":[{\"@type\":\"ReadAction\",\"target\":[\"https:\\\/\\\/vitablanca.ma\\\/produit\\\/elgydium-diffusion-brosse-a-dents-medium\\\/\"]}]},{\"@type\":\"ImageObject\",\"inLanguage\":\"ar\",\"@id\":\"https:\\\/\\\/vitablanca.ma\\\/produit\\\/elgydium-diffusion-brosse-a-dents-medium\\\/#primaryimage\",\"url\":\"https:\\\/\\\/vitablanca.ma\\\/wp-content\\\/uploads\\\/2025\\\/06\\\/ELGYDIUM-Diffusion-brosse-a-dents-medium-nova-parapharmacie-maroc.png\",\"contentUrl\":\"https:\\\/\\\/vitablanca.ma\\\/wp-content\\\/uploads\\\/2025\\\/06\\\/ELGYDIUM-Diffusion-brosse-a-dents-medium-nova-parapharmacie-maroc.png\",\"width\":1000,\"height\":1000},{\"@type\":\"BreadcrumbList\",\"@id\":\"https:\\\/\\\/vitablanca.ma\\\/produit\\\/elgydium-diffusion-brosse-a-dents-medium\\\/#breadcrumb\",\"itemListElement\":[{\"@type\":\"ListItem\",\"position\":1,\"name\":\"Home\",\"item\":\"https:\\\/\\\/vitablanca.ma\\\/\"},{\"@type\":\"ListItem\",\"position\":2,\"name\":\"Tous Les Produits\",\"item\":\"https:\\\/\\\/vitablanca.ma\\\/tous-les-produits\\\/\"},{\"@type\":\"ListItem\",\"position\":3,\"name\":\"ELGYDIUM Diffusion brosse \u00e0 dents medium\"}]},{\"@type\":\"WebSite\",\"@id\":\"https:\\\/\\\/vitablanca.ma\\\/#website\",\"url\":\"https:\\\/\\\/vitablanca.ma\\\/\",\"name\":\"VitaBlanca.ma | Compl\u00e9ments alimentaires, sant\u00e9 & beaut\u00e9 au Maroc\",\"description\":\"vendre vitamines et compl\u00e9ments premium des USA &amp; Canada, Nouvelle Z\u00e9lande,Maroc (NOW Foods, Solgar, Manuka). Livraison rapide partout au Maroc.\",\"publisher\":{\"@id\":\"https:\\\/\\\/vitablanca.ma\\\/#organization\"},\"alternateName\":\"VitaBlanca.ma\",\"potentialAction\":[{\"@type\":\"SearchAction\",\"target\":{\"@type\":\"EntryPoint\",\"urlTemplate\":\"https:\\\/\\\/vitablanca.ma\\\/?s={search_term_string}\"},\"query-input\":{\"@type\":\"PropertyValueSpecification\",\"valueRequired\":true,\"valueName\":\"search_term_string\"}}],\"inLanguage\":\"ar\"},{\"@type\":\"Organization\",\"@id\":\"https:\\\/\\\/vitablanca.ma\\\/#organization\",\"name\":\"VitaBlanca\",\"url\":\"https:\\\/\\\/vitablanca.ma\\\/\",\"logo\":{\"@type\":\"ImageObject\",\"inLanguage\":\"ar\",\"@id\":\"https:\\\/\\\/vitablanca.ma\\\/#\\\/schema\\\/logo\\\/image\\\/\",\"url\":\"https:\\\/\\\/vitablanca.ma\\\/wp-content\\\/uploads\\\/2025\\\/05\\\/cropped-vitablanca.png\",\"contentUrl\":\"https:\\\/\\\/vitablanca.ma\\\/wp-content\\\/uploads\\\/2025\\\/05\\\/cropped-vitablanca.png\",\"width\":360,\"height\":67,\"caption\":\"VitaBlanca\"},\"image\":{\"@id\":\"https:\\\/\\\/vitablanca.ma\\\/#\\\/schema\\\/logo\\\/image\\\/\"},\"sameAs\":[\"https:\\\/\\\/www.facebook.com\\\/profile.php?id=61576678196717\",\"https:\\\/\\\/www.tiktok.com\\\/@vitablanca.ma\",\"https:\\\/\\\/www.instagram.com\\\/vitablanca.ma\\\/\"]}]}<\/script>\n<!-- \/ Yoast SEO plugin. -->","yoast_head_json":{"title":"ELGYDIUM Diffusion brosse \u00e0 dents medium - Maroc Prix","description":"\u0641\u0631\u0634\u0627\u0629 \u0623\u0633\u0646\u0627\u0646 \u0625\u0644\u062c\u064a\u062f\u064a\u0648\u0645 \u0645\u062a\u0648\u0633\u0637\u0629 \u0627\u0644\u0627\u0646\u062a\u0634\u0627\u0631","robots":{"index":"index","follow":"follow","max-snippet":"max-snippet:-1","max-image-preview":"max-image-preview:large","max-video-preview":"max-video-preview:-1"},"canonical":"https:\/\/vitablanca.ma\/ar\/product-2\/elgydium-diffusion-brosse-a-dents-medium\/","og_locale":"ar_AR","og_type":"article","og_title":"ELGYDIUM Diffusion brosse \u00e0 dents medium - Maroc Prix","og_description":"ELGYDIUM Diffusion brosse \u00e0 dents medium","og_url":"https:\/\/vitablanca.ma\/ar\/product-2\/elgydium-diffusion-brosse-a-dents-medium\/","og_site_name":"Vitablanca.ma &ndash; Sant&eacute;, vitalit&eacute; et bien-&ecirc;tre pour tous les Marocains","article_publisher":"https:\/\/www.facebook.com\/profile.php?id=61576678196717","article_modified_time":"2026-01-21T18:04:58+00:00","og_image":[{"width":1000,"height":1000,"url":"https:\/\/vitablanca.ma\/wp-content\/uploads\/2025\/06\/ELGYDIUM-Diffusion-brosse-a-dents-medium-nova-parapharmacie-maroc.png","type":"image\/png"}],"twitter_card":"summary_large_image","twitter_misc":{"\u0648\u0642\u062a \u0627\u0644\u0642\u0631\u0627\u0621\u0629 \u0627\u0644\u0645\u064f\u0642\u062f\u0651\u0631":"\u062f\u0642\u064a\u0642\u0629 \u0648\u0627\u062d\u062f\u0629"},"schema":{"@context":"https:\/\/schema.org","@graph":[{"@type":["WebPage","ItemPage"],"@id":"https:\/\/vitablanca.ma\/produit\/elgydium-diffusion-brosse-a-dents-medium\/","url":"https:\/\/vitablanca.ma\/produit\/elgydium-diffusion-brosse-a-dents-medium\/","name":"ELGYDIUM Diffusion brosse \u00e0 dents medium - Maroc Prix","isPartOf":{"@id":"https:\/\/vitablanca.ma\/#website"},"primaryImageOfPage":{"@id":"https:\/\/vitablanca.ma\/produit\/elgydium-diffusion-brosse-a-dents-medium\/#primaryimage"},"image":{"@id":"https:\/\/vitablanca.ma\/produit\/elgydium-diffusion-brosse-a-dents-medium\/#primaryimage"},"thumbnailUrl":"https:\/\/vitablanca.ma\/wp-content\/uploads\/2025\/06\/ELGYDIUM-Diffusion-brosse-a-dents-medium-nova-parapharmacie-maroc.png","datePublished":"2025-06-10T17:05:44+00:00","dateModified":"2026-01-21T18:04:58+00:00","description":"\u0641\u0631\u0634\u0627\u0629 \u0623\u0633\u0646\u0627\u0646 \u0625\u0644\u062c\u064a\u062f\u064a\u0648\u0645 \u0645\u062a\u0648\u0633\u0637\u0629 \u0627\u0644\u0627\u0646\u062a\u0634\u0627\u0631","breadcrumb":{"@id":"https:\/\/vitablanca.ma\/produit\/elgydium-diffusion-brosse-a-dents-medium\/#breadcrumb"},"inLanguage":"ar","potentialAction":[{"@type":"ReadAction","target":["https:\/\/vitablanca.ma\/produit\/elgydium-diffusion-brosse-a-dents-medium\/"]}]},{"@type":"ImageObject","inLanguage":"ar","@id":"https:\/\/vitablanca.ma\/produit\/elgydium-diffusion-brosse-a-dents-medium\/#primaryimage","url":"https:\/\/vitablanca.ma\/wp-content\/uploads\/2025\/06\/ELGYDIUM-Diffusion-brosse-a-dents-medium-nova-parapharmacie-maroc.png","contentUrl":"https:\/\/vitablanca.ma\/wp-content\/uploads\/2025\/06\/ELGYDIUM-Diffusion-brosse-a-dents-medium-nova-parapharmacie-maroc.png","width":1000,"height":1000},{"@type":"BreadcrumbList","@id":"https:\/\/vitablanca.ma\/produit\/elgydium-diffusion-brosse-a-dents-medium\/#breadcrumb","itemListElement":[{"@type":"ListItem","position":1,"name":"Home","item":"https:\/\/vitablanca.ma\/"},{"@type":"ListItem","position":2,"name":"Tous Les Produits","item":"https:\/\/vitablanca.ma\/tous-les-produits\/"},{"@type":"ListItem","position":3,"name":"ELGYDIUM Diffusion brosse \u00e0 dents medium"}]},{"@type":"WebSite","@id":"https:\/\/vitablanca.ma\/#website","url":"https:\/\/vitablanca.ma\/","name":"VitaBlanca.ma | \u0627\u0644\u0645\u0643\u0645\u0644\u0627\u062a \u0627\u0644\u063a\u0630\u0627\u0626\u064a\u0629\u060c \u0627\u0644\u0635\u062d\u0629 \u0648\u0627\u0644\u062c\u0645\u0627\u0644 \u0641\u064a \u0627\u0644\u0645\u063a\u0631\u0628","description":"\u0646\u0628\u064a\u0639 \u0641\u064a\u062a\u0627\u0645\u064a\u0646\u0627\u062a \u0648\u0645\u0643\u0645\u0644\u0627\u062a \u063a\u0630\u0627\u0626\u064a\u0629 \u0641\u0627\u062e\u0631\u0629 \u0645\u0646 \u0627\u0644\u0648\u0644\u0627\u064a\u0627\u062a \u0627\u0644\u0645\u062a\u062d\u062f\u0629 \u0627\u0644\u0623\u0645\u0631\u064a\u0643\u064a\u0629 \u0648\u0643\u0646\u062f\u0627 \u0648\u0646\u064a\u0648\u0632\u064a\u0644\u0646\u062f\u0627 \u0648\u0627\u0644\u0645\u063a\u0631\u0628 (\u0646\u0627\u0648 \u0641\u0648\u062f\u0632\u060c \u0633\u0648\u0644\u062c\u0627\u0631\u060c \u0645\u0627\u0646\u0648\u0643\u0627). \u062a\u0648\u0635\u064a\u0644 \u0633\u0631\u064a\u0639 \u0625\u0644\u0649 \u062c\u0645\u064a\u0639 \u0623\u0646\u062d\u0627\u0621 \u0627\u0644\u0645\u063a\u0631\u0628.","publisher":{"@id":"https:\/\/vitablanca.ma\/#organization"},"alternateName":"VitaBlanca.ma","potentialAction":[{"@type":"SearchAction","target":{"@type":"EntryPoint","urlTemplate":"https:\/\/vitablanca.ma\/?s={search_term_string}"},"query-input":{"@type":"PropertyValueSpecification","valueRequired":true,"valueName":"search_term_string"}}],"inLanguage":"ar"},{"@type":"Organization","@id":"https:\/\/vitablanca.ma\/#organization","name":"\u0641\u064a\u062a\u0627\u0628\u0644\u0627\u0646\u0643\u0627","url":"https:\/\/vitablanca.ma\/","logo":{"@type":"ImageObject","inLanguage":"ar","@id":"https:\/\/vitablanca.ma\/#\/schema\/logo\/image\/","url":"https:\/\/vitablanca.ma\/wp-content\/uploads\/2025\/05\/cropped-vitablanca.png","contentUrl":"https:\/\/vitablanca.ma\/wp-content\/uploads\/2025\/05\/cropped-vitablanca.png","width":360,"height":67,"caption":"VitaBlanca"},"image":{"@id":"https:\/\/vitablanca.ma\/#\/schema\/logo\/image\/"},"sameAs":["https:\/\/www.facebook.com\/profile.php?id=61576678196717","https:\/\/www.tiktok.com\/@vitablanca.ma","https:\/\/www.instagram.com\/vitablanca.ma\/"]}]}},"jetpack_sharing_enabled":true,"_links":{"self":[{"href":"https:\/\/vitablanca.ma\/ar\/wp-json\/wp\/v2\/product\/17697","targetHints":{"allow":["GET"]}}],"collection":[{"href":"https:\/\/vitablanca.ma\/ar\/wp-json\/wp\/v2\/product"}],"about":[{"href":"https:\/\/vitablanca.ma\/ar\/wp-json\/wp\/v2\/types\/product"}],"wp:featuredmedia":[{"embeddable":true,"href":"https:\/\/vitablanca.ma\/ar\/wp-json\/wp\/v2\/media\/17686"}],"wp:attachment":[{"href":"https:\/\/vitablanca.ma\/ar\/wp-json\/wp\/v2\/media?parent=17697"}],"wp:term":[{"taxonomy":"product_brand","embeddable":true,"href":"https:\/\/vitablanca.ma\/ar\/wp-json\/wp\/v2\/product_brand?post=17697"},{"taxonomy":"product_cat","embeddable":true,"href":"https:\/\/vitablanca.ma\/ar\/wp-json\/wp\/v2\/product_cat?post=17697"},{"taxonomy":"product_tag","embeddable":true,"href":"https:\/\/vitablanca.ma\/ar\/wp-json\/wp\/v2\/product_tag?post=17697"}],"curies":[{"name":"wp","href":"https:\/\/api.w.org\/{rel}","templated":true}]}}