{"id":17649,"date":"2025-06-10T17:05:01","date_gmt":"2025-06-10T17:05:01","guid":{"rendered":"https:\/\/vitablanca.ma\/product\/ducray-keracnyl-serum-30ml\/"},"modified":"2025-06-10T17:05:01","modified_gmt":"2025-06-10T17:05:01","slug":"ducray-keracnyl-serum-30ml","status":"publish","type":"product","link":"https:\/\/vitablanca.ma\/ar\/product-2\/ducray-keracnyl-serum-30ml\/","title":{"rendered":"\u0633\u064a\u0631\u0648\u0645 \u062f\u0648\u0643\u0631\u0627\u064a \u0643\u064a\u0631\u0627\u0643\u0646\u064a\u0644 30 \u0645\u0644"},"content":{"rendered":"<h2>Ducray KERACNYL S\u00e9rum\u00a0Soin triple action pour la peau \u00e0 tendance acn\u00e9ique de la femme adulte.<\/h2>\n<p>\u0628\u0634\u0631\u0629 \u062f\u0647\u0646\u064a\u0629 \u0645\u0639 \u0639\u064a\u0648\u0628.<br \/>\u0627\u0644\u0628\u0634\u0631\u0629 \u0627\u0644\u0645\u0639\u0631\u0636\u0629 \u0644\u062d\u0628 \u0627\u0644\u0634\u0628\u0627\u0628.<br \/>30\u0645\u0644.<\/p>\n<h3>\u0641\u0648\u0627\u0626\u062f<\/h3>\n<p>SOIN QUOTIDIEN POUR PEAUX ADULTES \u00c0 IMPERFECTIONS<\/p>\n<p><strong>SOIN TRIPLE ACTION<\/strong><br \/>Keracnyl S\u00e9rum permet une triple action : anti-imperfections, anti-marques, anti-\u00e2ge.<\/p>\n<p><strong>UTILISATION EFFICACE ET PLAISANTE<\/strong><\/p>\n<p>Gr\u00e2ce \u00e0 sa gal\u00e9nique \u00ab\u00a0s\u00e9rum lact\u00e9\u00a0\u00bb Keracnyl s\u00e9rum rel\u00e8ve le d\u00e9fi d&rsquo;allier efficacit\u00e9 et plaisir d&rsquo;utilisation.<\/p>\n<h3>\u0646\u0635\u0627\u0626\u062d \u0627\u0644\u062a\u0642\u062f\u064a\u0645<br \/>\n<\/h3>\n<ul>\n<li>1 \u00e0 2 applications par jour, matin et soir pendant 6 semaines minimum. Seul ou en association des traitements topiques anti-acn\u00e9iques.<\/li>\n<li>Pour une prise en charge compl\u00e8te et optimale, il est conseill\u00e9 d\u2019utiliser KERACNYL GEL MOUSSANT VISAGE ET CORPS pour nettoyer son visage avant d\u2019appliquer KERACNYL S\u00c9RUM<\/li>\n<\/ul>\n<p><span>Keracnyl S\u00e9rum est un v\u00e9ritable soin quotidien qui combine des\u00a0<\/span><strong>actifs innovants<span>\u00a0<\/span><\/strong><span>et dermatologiques de r\u00e9f\u00e9rence, pour offrir des performances in\u00e9dites aux<\/span><strong><span>\u00a0<\/span>femmes adultes<\/strong><span>\u00a0dont la peau pr\u00e9sente\u00a0<\/span><strong>des imperfections.<\/strong><\/p>\n<p><span>Un soin bien-\u00eatre :\u00a0<\/span><\/p>\n<ul>\n<li>Une peau plus<span>\u00a0<\/span><strong>hydrat\u00e9e<\/strong>, plus<span>\u00a0<\/span><strong>nette<\/strong>,<span>\u00a0<\/span><strong>matifi\u00e9e<\/strong>\u00a0<\/li>\n<li>Bonne<span>\u00a0<\/span><strong>base de maquillage<\/strong><span>\u00a0<\/span>: 100% de satisfaction<span>\u00a0<\/span><sup>(2)<\/sup>\n<\/li>\n<li>\n<strong>P\u00e9n\u00e9tration rapide<\/strong><span>\u00a0<\/span>: 100% de satisfaction<span>\u00a0<\/span><sup>(2)<\/sup>\n<\/li>\n<li>\n<strong>Parfum plaisant<\/strong><span>\u00a0<\/span>: 93% de satisfaction<span>\u00a0<\/span><sup>(3)<\/sup>\n<\/li>\n<\/ul>\n<p><strong>CONTENANCE<\/strong> : 30 ml (flacon doseur)<br \/><strong>\u0646\u064e\u0633\u0650\u064a\u062c<\/strong> : S\u00e9rum<\/p>","protected":false},"excerpt":{"rendered":"<p>Ducray KERACNYL S\u00e9rum\u00a0Soin triple action pour la peau \u00e0 tendance acn\u00e9ique de la femme adulte. Peaux grasses \u00e0 imperfections.Peaux \u00e0 tendance acn\u00e9ique.30ml. B\u00c9N\u00c9FICES SOIN QUOTIDIEN POUR PEAUX ADULTES \u00c0 IMPERFECTIONS SOIN TRIPLE ACTIONKeracnyl S\u00e9rum permet une triple action : anti-imperfections, anti-marques, anti-\u00e2ge. UTILISATION EFFICACE ET PLAISANTE Gr\u00e2ce \u00e0 sa gal\u00e9nique \u00ab\u00a0s\u00e9rum lact\u00e9\u00a0\u00bb Keracnyl s\u00e9rum rel\u00e8ve [&hellip;]<\/p>\n","protected":false},"featured_media":17636,"template":"","meta":{"om_disable_all_campaigns":false},"product_brand":[],"product_cat":[15],"product_tag":[],"class_list":{"0":"post-17649","1":"product","2":"type-product","3":"status-publish","4":"has-post-thumbnail","6":"product_cat-beaute-sante-complements-alimentaires-soins-et-bien-etre-au-meilleur-prix","8":"first","9":"instock","10":"sale","11":"taxable","12":"shipping-taxable","13":"purchasable","14":"product-type-simple"},"yoast_head":"<!-- This site is optimized with the Yoast SEO plugin v27.3 - https:\/\/yoast.com\/product\/yoast-seo-wordpress\/ -->\n<title>Ducray KERACNYL S\u00e9rum 30ml - Maroc Prix<\/title>\n<meta name=\"description\" content=\"Ducray KERACNYL S\u00e9rum 30ml\" \/>\n<meta name=\"robots\" content=\"index, follow, max-snippet:-1, max-image-preview:large, max-video-preview:-1\" \/>\n<link rel=\"canonical\" href=\"https:\/\/vitablanca.ma\/ar\/product-2\/ducray-keracnyl-serum-30ml\/\" \/>\n<meta property=\"og:locale\" content=\"ar_AR\" \/>\n<meta property=\"og:type\" content=\"article\" \/>\n<meta property=\"og:title\" content=\"Ducray KERACNYL S\u00e9rum 30ml - Maroc Prix\" \/>\n<meta property=\"og:description\" content=\"Ducray KERACNYL S\u00e9rum 30ml\" \/>\n<meta property=\"og:url\" content=\"https:\/\/vitablanca.ma\/ar\/product-2\/ducray-keracnyl-serum-30ml\/\" \/>\n<meta property=\"og:site_name\" content=\"Vitablanca.ma &ndash; Sant&eacute;, vitalit&eacute; et bien-&ecirc;tre pour tous les Marocains\" \/>\n<meta property=\"article:publisher\" content=\"https:\/\/www.facebook.com\/profile.php?id=61576678196717\" \/>\n<meta property=\"og:image\" content=\"https:\/\/vitablanca.ma\/wp-content\/uploads\/2025\/06\/ducray-keracnyl-serum-recto-30ml-global-parapharmacie-maroc.jpg\" \/>\n\t<meta property=\"og:image:width\" content=\"1000\" \/>\n\t<meta property=\"og:image:height\" content=\"1000\" \/>\n\t<meta property=\"og:image:type\" content=\"image\/jpeg\" \/>\n<meta name=\"twitter:card\" content=\"summary_large_image\" \/>\n<meta name=\"twitter:label1\" content=\"\u0648\u0642\u062a \u0627\u0644\u0642\u0631\u0627\u0621\u0629 \u0627\u0644\u0645\u064f\u0642\u062f\u0651\u0631\" \/>\n\t<meta name=\"twitter:data1\" content=\"\u062f\u0642\u064a\u0642\u0629 \u0648\u0627\u062d\u062f\u0629\" \/>\n<script type=\"application\/ld+json\" class=\"yoast-schema-graph\">{\"@context\":\"https:\\\/\\\/schema.org\",\"@graph\":[{\"@type\":[\"WebPage\",\"ItemPage\"],\"@id\":\"https:\\\/\\\/vitablanca.ma\\\/produit\\\/ducray-keracnyl-serum-30ml\\\/\",\"url\":\"https:\\\/\\\/vitablanca.ma\\\/produit\\\/ducray-keracnyl-serum-30ml\\\/\",\"name\":\"Ducray KERACNYL S\u00e9rum 30ml - Maroc Prix\",\"isPartOf\":{\"@id\":\"https:\\\/\\\/vitablanca.ma\\\/#website\"},\"primaryImageOfPage\":{\"@id\":\"https:\\\/\\\/vitablanca.ma\\\/produit\\\/ducray-keracnyl-serum-30ml\\\/#primaryimage\"},\"image\":{\"@id\":\"https:\\\/\\\/vitablanca.ma\\\/produit\\\/ducray-keracnyl-serum-30ml\\\/#primaryimage\"},\"thumbnailUrl\":\"https:\\\/\\\/vitablanca.ma\\\/wp-content\\\/uploads\\\/2025\\\/06\\\/ducray-keracnyl-serum-recto-30ml-global-parapharmacie-maroc.jpg\",\"datePublished\":\"2025-06-10T17:05:01+00:00\",\"description\":\"Ducray KERACNYL S\u00e9rum 30ml\",\"breadcrumb\":{\"@id\":\"https:\\\/\\\/vitablanca.ma\\\/produit\\\/ducray-keracnyl-serum-30ml\\\/#breadcrumb\"},\"inLanguage\":\"ar\",\"potentialAction\":[{\"@type\":\"ReadAction\",\"target\":[\"https:\\\/\\\/vitablanca.ma\\\/produit\\\/ducray-keracnyl-serum-30ml\\\/\"]}]},{\"@type\":\"ImageObject\",\"inLanguage\":\"ar\",\"@id\":\"https:\\\/\\\/vitablanca.ma\\\/produit\\\/ducray-keracnyl-serum-30ml\\\/#primaryimage\",\"url\":\"https:\\\/\\\/vitablanca.ma\\\/wp-content\\\/uploads\\\/2025\\\/06\\\/ducray-keracnyl-serum-recto-30ml-global-parapharmacie-maroc.jpg\",\"contentUrl\":\"https:\\\/\\\/vitablanca.ma\\\/wp-content\\\/uploads\\\/2025\\\/06\\\/ducray-keracnyl-serum-recto-30ml-global-parapharmacie-maroc.jpg\",\"width\":1000,\"height\":1000},{\"@type\":\"BreadcrumbList\",\"@id\":\"https:\\\/\\\/vitablanca.ma\\\/produit\\\/ducray-keracnyl-serum-30ml\\\/#breadcrumb\",\"itemListElement\":[{\"@type\":\"ListItem\",\"position\":1,\"name\":\"Home\",\"item\":\"https:\\\/\\\/vitablanca.ma\\\/\"},{\"@type\":\"ListItem\",\"position\":2,\"name\":\"Tous Les Produits\",\"item\":\"https:\\\/\\\/vitablanca.ma\\\/tous-les-produits\\\/\"},{\"@type\":\"ListItem\",\"position\":3,\"name\":\"Ducray KERACNYL S\u00e9rum 30ml\"}]},{\"@type\":\"WebSite\",\"@id\":\"https:\\\/\\\/vitablanca.ma\\\/#website\",\"url\":\"https:\\\/\\\/vitablanca.ma\\\/\",\"name\":\"VitaBlanca.ma | Compl\u00e9ments alimentaires, sant\u00e9 & beaut\u00e9 au Maroc\",\"description\":\"vendre vitamines et compl\u00e9ments premium des USA &amp; Canada, Nouvelle Z\u00e9lande,Maroc (NOW Foods, Solgar, Manuka). Livraison rapide partout au Maroc.\",\"publisher\":{\"@id\":\"https:\\\/\\\/vitablanca.ma\\\/#organization\"},\"alternateName\":\"VitaBlanca.ma\",\"potentialAction\":[{\"@type\":\"SearchAction\",\"target\":{\"@type\":\"EntryPoint\",\"urlTemplate\":\"https:\\\/\\\/vitablanca.ma\\\/?s={search_term_string}\"},\"query-input\":{\"@type\":\"PropertyValueSpecification\",\"valueRequired\":true,\"valueName\":\"search_term_string\"}}],\"inLanguage\":\"ar\"},{\"@type\":\"Organization\",\"@id\":\"https:\\\/\\\/vitablanca.ma\\\/#organization\",\"name\":\"VitaBlanca\",\"url\":\"https:\\\/\\\/vitablanca.ma\\\/\",\"logo\":{\"@type\":\"ImageObject\",\"inLanguage\":\"ar\",\"@id\":\"https:\\\/\\\/vitablanca.ma\\\/#\\\/schema\\\/logo\\\/image\\\/\",\"url\":\"https:\\\/\\\/vitablanca.ma\\\/wp-content\\\/uploads\\\/2025\\\/05\\\/cropped-vitablanca.png\",\"contentUrl\":\"https:\\\/\\\/vitablanca.ma\\\/wp-content\\\/uploads\\\/2025\\\/05\\\/cropped-vitablanca.png\",\"width\":360,\"height\":67,\"caption\":\"VitaBlanca\"},\"image\":{\"@id\":\"https:\\\/\\\/vitablanca.ma\\\/#\\\/schema\\\/logo\\\/image\\\/\"},\"sameAs\":[\"https:\\\/\\\/www.facebook.com\\\/profile.php?id=61576678196717\",\"https:\\\/\\\/www.tiktok.com\\\/@vitablanca.ma\",\"https:\\\/\\\/www.instagram.com\\\/vitablanca.ma\\\/\"]}]}<\/script>\n<!-- \/ Yoast SEO plugin. -->","yoast_head_json":{"title":"Ducray KERACNYL S\u00e9rum 30ml - Maroc Prix","description":"\u0633\u064a\u0631\u0648\u0645 \u062f\u0648\u0643\u0631\u0627\u064a \u0643\u064a\u0631\u0627\u0643\u0646\u064a\u0644 30 \u0645\u0644","robots":{"index":"index","follow":"follow","max-snippet":"max-snippet:-1","max-image-preview":"max-image-preview:large","max-video-preview":"max-video-preview:-1"},"canonical":"https:\/\/vitablanca.ma\/ar\/product-2\/ducray-keracnyl-serum-30ml\/","og_locale":"ar_AR","og_type":"article","og_title":"Ducray KERACNYL S\u00e9rum 30ml - Maroc Prix","og_description":"Ducray KERACNYL S\u00e9rum 30ml","og_url":"https:\/\/vitablanca.ma\/ar\/product-2\/ducray-keracnyl-serum-30ml\/","og_site_name":"Vitablanca.ma &ndash; Sant&eacute;, vitalit&eacute; et bien-&ecirc;tre pour tous les Marocains","article_publisher":"https:\/\/www.facebook.com\/profile.php?id=61576678196717","og_image":[{"width":1000,"height":1000,"url":"https:\/\/vitablanca.ma\/wp-content\/uploads\/2025\/06\/ducray-keracnyl-serum-recto-30ml-global-parapharmacie-maroc.jpg","type":"image\/jpeg"}],"twitter_card":"summary_large_image","twitter_misc":{"\u0648\u0642\u062a \u0627\u0644\u0642\u0631\u0627\u0621\u0629 \u0627\u0644\u0645\u064f\u0642\u062f\u0651\u0631":"\u062f\u0642\u064a\u0642\u0629 \u0648\u0627\u062d\u062f\u0629"},"schema":{"@context":"https:\/\/schema.org","@graph":[{"@type":["WebPage","ItemPage"],"@id":"https:\/\/vitablanca.ma\/produit\/ducray-keracnyl-serum-30ml\/","url":"https:\/\/vitablanca.ma\/produit\/ducray-keracnyl-serum-30ml\/","name":"Ducray KERACNYL S\u00e9rum 30ml - Maroc Prix","isPartOf":{"@id":"https:\/\/vitablanca.ma\/#website"},"primaryImageOfPage":{"@id":"https:\/\/vitablanca.ma\/produit\/ducray-keracnyl-serum-30ml\/#primaryimage"},"image":{"@id":"https:\/\/vitablanca.ma\/produit\/ducray-keracnyl-serum-30ml\/#primaryimage"},"thumbnailUrl":"https:\/\/vitablanca.ma\/wp-content\/uploads\/2025\/06\/ducray-keracnyl-serum-recto-30ml-global-parapharmacie-maroc.jpg","datePublished":"2025-06-10T17:05:01+00:00","description":"\u0633\u064a\u0631\u0648\u0645 \u062f\u0648\u0643\u0631\u0627\u064a \u0643\u064a\u0631\u0627\u0643\u0646\u064a\u0644 30 \u0645\u0644","breadcrumb":{"@id":"https:\/\/vitablanca.ma\/produit\/ducray-keracnyl-serum-30ml\/#breadcrumb"},"inLanguage":"ar","potentialAction":[{"@type":"ReadAction","target":["https:\/\/vitablanca.ma\/produit\/ducray-keracnyl-serum-30ml\/"]}]},{"@type":"ImageObject","inLanguage":"ar","@id":"https:\/\/vitablanca.ma\/produit\/ducray-keracnyl-serum-30ml\/#primaryimage","url":"https:\/\/vitablanca.ma\/wp-content\/uploads\/2025\/06\/ducray-keracnyl-serum-recto-30ml-global-parapharmacie-maroc.jpg","contentUrl":"https:\/\/vitablanca.ma\/wp-content\/uploads\/2025\/06\/ducray-keracnyl-serum-recto-30ml-global-parapharmacie-maroc.jpg","width":1000,"height":1000},{"@type":"BreadcrumbList","@id":"https:\/\/vitablanca.ma\/produit\/ducray-keracnyl-serum-30ml\/#breadcrumb","itemListElement":[{"@type":"ListItem","position":1,"name":"Home","item":"https:\/\/vitablanca.ma\/"},{"@type":"ListItem","position":2,"name":"Tous Les Produits","item":"https:\/\/vitablanca.ma\/tous-les-produits\/"},{"@type":"ListItem","position":3,"name":"Ducray KERACNYL S\u00e9rum 30ml"}]},{"@type":"WebSite","@id":"https:\/\/vitablanca.ma\/#website","url":"https:\/\/vitablanca.ma\/","name":"VitaBlanca.ma | \u0627\u0644\u0645\u0643\u0645\u0644\u0627\u062a \u0627\u0644\u063a\u0630\u0627\u0626\u064a\u0629\u060c \u0627\u0644\u0635\u062d\u0629 \u0648\u0627\u0644\u062c\u0645\u0627\u0644 \u0641\u064a \u0627\u0644\u0645\u063a\u0631\u0628","description":"\u0646\u0628\u064a\u0639 \u0641\u064a\u062a\u0627\u0645\u064a\u0646\u0627\u062a \u0648\u0645\u0643\u0645\u0644\u0627\u062a \u063a\u0630\u0627\u0626\u064a\u0629 \u0641\u0627\u062e\u0631\u0629 \u0645\u0646 \u0627\u0644\u0648\u0644\u0627\u064a\u0627\u062a \u0627\u0644\u0645\u062a\u062d\u062f\u0629 \u0627\u0644\u0623\u0645\u0631\u064a\u0643\u064a\u0629 \u0648\u0643\u0646\u062f\u0627 \u0648\u0646\u064a\u0648\u0632\u064a\u0644\u0646\u062f\u0627 \u0648\u0627\u0644\u0645\u063a\u0631\u0628 (\u0646\u0627\u0648 \u0641\u0648\u062f\u0632\u060c \u0633\u0648\u0644\u062c\u0627\u0631\u060c \u0645\u0627\u0646\u0648\u0643\u0627). \u062a\u0648\u0635\u064a\u0644 \u0633\u0631\u064a\u0639 \u0625\u0644\u0649 \u062c\u0645\u064a\u0639 \u0623\u0646\u062d\u0627\u0621 \u0627\u0644\u0645\u063a\u0631\u0628.","publisher":{"@id":"https:\/\/vitablanca.ma\/#organization"},"alternateName":"VitaBlanca.ma","potentialAction":[{"@type":"SearchAction","target":{"@type":"EntryPoint","urlTemplate":"https:\/\/vitablanca.ma\/?s={search_term_string}"},"query-input":{"@type":"PropertyValueSpecification","valueRequired":true,"valueName":"search_term_string"}}],"inLanguage":"ar"},{"@type":"Organization","@id":"https:\/\/vitablanca.ma\/#organization","name":"\u0641\u064a\u062a\u0627\u0628\u0644\u0627\u0646\u0643\u0627","url":"https:\/\/vitablanca.ma\/","logo":{"@type":"ImageObject","inLanguage":"ar","@id":"https:\/\/vitablanca.ma\/#\/schema\/logo\/image\/","url":"https:\/\/vitablanca.ma\/wp-content\/uploads\/2025\/05\/cropped-vitablanca.png","contentUrl":"https:\/\/vitablanca.ma\/wp-content\/uploads\/2025\/05\/cropped-vitablanca.png","width":360,"height":67,"caption":"VitaBlanca"},"image":{"@id":"https:\/\/vitablanca.ma\/#\/schema\/logo\/image\/"},"sameAs":["https:\/\/www.facebook.com\/profile.php?id=61576678196717","https:\/\/www.tiktok.com\/@vitablanca.ma","https:\/\/www.instagram.com\/vitablanca.ma\/"]}]}},"jetpack_sharing_enabled":true,"_links":{"self":[{"href":"https:\/\/vitablanca.ma\/ar\/wp-json\/wp\/v2\/product\/17649","targetHints":{"allow":["GET"]}}],"collection":[{"href":"https:\/\/vitablanca.ma\/ar\/wp-json\/wp\/v2\/product"}],"about":[{"href":"https:\/\/vitablanca.ma\/ar\/wp-json\/wp\/v2\/types\/product"}],"wp:featuredmedia":[{"embeddable":true,"href":"https:\/\/vitablanca.ma\/ar\/wp-json\/wp\/v2\/media\/17636"}],"wp:attachment":[{"href":"https:\/\/vitablanca.ma\/ar\/wp-json\/wp\/v2\/media?parent=17649"}],"wp:term":[{"taxonomy":"product_brand","embeddable":true,"href":"https:\/\/vitablanca.ma\/ar\/wp-json\/wp\/v2\/product_brand?post=17649"},{"taxonomy":"product_cat","embeddable":true,"href":"https:\/\/vitablanca.ma\/ar\/wp-json\/wp\/v2\/product_cat?post=17649"},{"taxonomy":"product_tag","embeddable":true,"href":"https:\/\/vitablanca.ma\/ar\/wp-json\/wp\/v2\/product_tag?post=17649"}],"curies":[{"name":"wp","href":"https:\/\/api.w.org\/{rel}","templated":true}]}}