{"id":17615,"date":"2025-06-10T17:04:27","date_gmt":"2025-06-10T17:04:27","guid":{"rendered":"https:\/\/vitablanca.ma\/product\/ducray-melascreen-photo-vieillissement-creme-nuit-50ml\/"},"modified":"2025-06-10T17:04:27","modified_gmt":"2025-06-10T17:04:27","slug":"ducray-melascreen-photo-vieillissement-creme-nuit-50ml","status":"publish","type":"product","link":"https:\/\/vitablanca.ma\/ar\/product-2\/ducray-melascreen-photo-vieillissement-creme-nuit-50ml\/","title":{"rendered":"\u0643\u0631\u064a\u0645 \u062f\u0648\u0643\u0631\u0627\u064a \u0645\u064a\u0644\u0627\u0633\u0643\u0631\u064a\u0646 \u0627\u0644\u0644\u064a\u0644\u064a \u0644\u0645\u0643\u0627\u0641\u062d\u0629 \u0639\u0644\u0627\u0645\u0627\u062a \u0627\u0644\u062a\u0642\u062f\u0645 \u0641\u064a \u0627\u0644\u0633\u0646 \u0665\u0660 \u0645\u0644"},"content":{"rendered":"<h2>Ducray MELASCREEN Photo-Vieillissement Cr\u00e8me Nuit.<\/h2>\n<div class=\"field-title\"><span class=\"field-content\">Vieillissement cutan\u00e9 li\u00e9 au soleil : association de taches brunes, rides et perte de fermet\u00e9 de la peau.<br \/><\/span><\/div>\n<div class=\"product-categories\">\n<div class=\"categories-table\">\n<div class=\"categories-row\">\n<div class=\"category-content\">Photovieillissement.<\/div>\n<\/div>\n<div class=\"categories-row\">\n<div class=\"category-content\">Taches brunes.<br \/>50\u0645\u0644.<\/div>\n<div class=\"category-content\"><\/div>\n<div class=\"category-content\">\n<div class=\"product-complete-desc contextual-bg-color\">\n<div class=\"product-complete-desc_content\">\n<div class=\"product-complete-desc_text\">La peau repulp\u00e9e retrouve tout son \u00e9clat, les signes du photo-vieillissement sont att\u00e9nu\u00e9s.<\/div>\n<\/div>\n<\/div>\n<div class=\"block-slider block-two-products two-products-heart not-logged slider simple-pager\">\n<div class=\"wrap1200\">\n<div class=\"ico\"><\/div>\n<div class=\"ico\">\n<div class=\"wrapper_product-collapsible-sections_item_title ellipse-down ellipse-base el-width-150 el-center\">\n<h3 data-dc-js-cs-role=\"label\" class=\"product-collapsible-sections_item_title\">\u0641\u0648\u0627\u0626\u062f<\/h3>\n<\/div>\n<div data-dc-js-cs-role=\"content\" class=\"product-collapsible-sections_item_content\">\n<div class=\"field-collection-container clearfix\">\n<div class=\"field-collection-view clearfix view-mode-full\">\n<div class=\"product-benefit_item\">\n<p class=\"product-benefit_item_title contextual-color\"><strong>LA PEAU REPULP\u00c9E RETROUVE TOUT SON \u00c9CLAT.<\/strong><\/p>\n<\/div>\n<\/div>\n<div class=\"field-collection-view clearfix view-mode-full field-collection-view-final\">\n<div class=\"product-benefit_item\">\n<p class=\"product-benefit_item_title contextual-color\"><strong>LES SIGNES DU PHOTO-VIEILLISSEMENT SONT ATT\u00c9NU\u00c9S.<\/strong><\/p>\n<h4 class=\"product-collapsible-sections_item_subtitle contextual-color\">\u00c0 PROPOS DU PHOTOVIEILLISSEMENT<\/h4>\n<div id=\"rmjs-1\" aria-expanded=\"true\" data-readmore=\"\" class=\"product-collapsible-sections_item_subcontent readmore-add-processed\">\u200bNaturellement la peau vieillit, mais c&rsquo;est l&rsquo;exposition au soleil qui pr\u00e9cipite et aggrave son vieillissement. On parle alors de photo-vieillissement de la peau: Association de taches brunes, rides, perte de fermet\u00e9. Les signes du photo-vieillissement sont localis\u00e9s sur les zones expos\u00e9es au soleil : le visage, le dos des mains et le d\u00e9collet\u00e9.<\/div>\n<div aria-expanded=\"true\" data-readmore=\"\" class=\"product-collapsible-sections_item_subcontent readmore-add-processed\"><\/div>\n<h3 aria-expanded=\"true\" class=\"product-collapsible-sections_item_subcontent readmore-add-processed\">\n<span class=\"title-tips\">\u0646\u0635\u0627\u0626\u062d \u0627\u0644\u062a\u0642\u062f\u064a\u0645<\/span><span><\/span><br \/>\n<\/h3>\n<p><span class=\"title-tips\"><span>\u00a0\u00c0\u00a0appliquer le soir sur le visage et le d\u00e9collet\u00e9. Eviter le contact avec les yeux.<\/span><\/span><\/p>\n<\/div>\n<\/div>\n<\/div>\n<\/div>\n<\/div>\n<\/div>\n<\/div>\n<\/div>\n<\/div>\n<\/div>\n<\/div>","protected":false},"excerpt":{"rendered":"<p>Ducray MELASCREEN Photo-Vieillissement Cr\u00e8me Nuit. Vieillissement cutan\u00e9 li\u00e9 au soleil : association de taches brunes, rides et perte de fermet\u00e9 de la peau. Photovieillissement. Taches brunes.50ml. La peau repulp\u00e9e retrouve tout son \u00e9clat, les signes du photo-vieillissement sont att\u00e9nu\u00e9s. B\u00c9N\u00c9FICES LA PEAU REPULP\u00c9E RETROUVE TOUT SON \u00c9CLAT. LES SIGNES DU PHOTO-VIEILLISSEMENT SONT ATT\u00c9NU\u00c9S. \u00c0 PROPOS [&hellip;]<\/p>\n","protected":false},"featured_media":17614,"template":"","meta":{"om_disable_all_campaigns":false},"product_brand":[],"product_cat":[15],"product_tag":[],"class_list":{"0":"post-17615","1":"product","2":"type-product","3":"status-publish","4":"has-post-thumbnail","6":"product_cat-beaute-sante-complements-alimentaires-soins-et-bien-etre-au-meilleur-prix","8":"first","9":"instock","10":"sale","11":"taxable","12":"shipping-taxable","13":"purchasable","14":"product-type-simple"},"yoast_head":"<!-- This site is optimized with the Yoast SEO plugin v27.3 - https:\/\/yoast.com\/product\/yoast-seo-wordpress\/ -->\n<title>Ducray MELASCREEN Photo-Vieillissement Cr\u00e8me Nuit 50ml - Maroc Prix<\/title>\n<meta name=\"description\" content=\"Ducray MELASCREEN Photo-Vieillissement Cr\u00e8me Nuit 50ml\" \/>\n<meta name=\"robots\" content=\"index, follow, max-snippet:-1, max-image-preview:large, max-video-preview:-1\" \/>\n<link rel=\"canonical\" href=\"https:\/\/vitablanca.ma\/ar\/product-2\/ducray-melascreen-photo-vieillissement-creme-nuit-50ml\/\" \/>\n<meta property=\"og:locale\" content=\"ar_AR\" \/>\n<meta property=\"og:type\" content=\"article\" \/>\n<meta property=\"og:title\" content=\"Ducray MELASCREEN Photo-Vieillissement Cr\u00e8me Nuit 50ml - Maroc Prix\" \/>\n<meta property=\"og:description\" content=\"Ducray MELASCREEN Photo-Vieillissement Cr\u00e8me Nuit 50ml\" \/>\n<meta property=\"og:url\" content=\"https:\/\/vitablanca.ma\/ar\/product-2\/ducray-melascreen-photo-vieillissement-creme-nuit-50ml\/\" \/>\n<meta property=\"og:site_name\" content=\"Vitablanca.ma &ndash; Sant&eacute;, vitalit&eacute; et bien-&ecirc;tre pour tous les Marocains\" \/>\n<meta property=\"article:publisher\" content=\"https:\/\/www.facebook.com\/profile.php?id=61576678196717\" \/>\n<meta property=\"og:image\" content=\"https:\/\/vitablanca.ma\/wp-content\/uploads\/2025\/06\/Ducray-MELASCREEN-Photo-Vieillissement-Creme-Nuit-50ml-nova-parapharmacie-casablanca.jpg\" \/>\n\t<meta property=\"og:image:width\" content=\"1000\" \/>\n\t<meta property=\"og:image:height\" content=\"1000\" \/>\n\t<meta property=\"og:image:type\" content=\"image\/jpeg\" \/>\n<meta name=\"twitter:card\" content=\"summary_large_image\" \/>\n<meta name=\"twitter:label1\" content=\"\u0648\u0642\u062a \u0627\u0644\u0642\u0631\u0627\u0621\u0629 \u0627\u0644\u0645\u064f\u0642\u062f\u0651\u0631\" \/>\n\t<meta name=\"twitter:data1\" content=\"\u062f\u0642\u064a\u0642\u0629 \u0648\u0627\u062d\u062f\u0629\" \/>\n<script type=\"application\/ld+json\" class=\"yoast-schema-graph\">{\"@context\":\"https:\\\/\\\/schema.org\",\"@graph\":[{\"@type\":[\"WebPage\",\"ItemPage\"],\"@id\":\"https:\\\/\\\/vitablanca.ma\\\/produit\\\/ducray-melascreen-photo-vieillissement-creme-nuit-50ml\\\/\",\"url\":\"https:\\\/\\\/vitablanca.ma\\\/produit\\\/ducray-melascreen-photo-vieillissement-creme-nuit-50ml\\\/\",\"name\":\"Ducray MELASCREEN Photo-Vieillissement Cr\u00e8me Nuit 50ml - Maroc Prix\",\"isPartOf\":{\"@id\":\"https:\\\/\\\/vitablanca.ma\\\/#website\"},\"primaryImageOfPage\":{\"@id\":\"https:\\\/\\\/vitablanca.ma\\\/produit\\\/ducray-melascreen-photo-vieillissement-creme-nuit-50ml\\\/#primaryimage\"},\"image\":{\"@id\":\"https:\\\/\\\/vitablanca.ma\\\/produit\\\/ducray-melascreen-photo-vieillissement-creme-nuit-50ml\\\/#primaryimage\"},\"thumbnailUrl\":\"https:\\\/\\\/vitablanca.ma\\\/wp-content\\\/uploads\\\/2025\\\/06\\\/Ducray-MELASCREEN-Photo-Vieillissement-Creme-Nuit-50ml-nova-parapharmacie-casablanca.jpg\",\"datePublished\":\"2025-06-10T17:04:27+00:00\",\"description\":\"Ducray MELASCREEN Photo-Vieillissement Cr\u00e8me Nuit 50ml\",\"breadcrumb\":{\"@id\":\"https:\\\/\\\/vitablanca.ma\\\/produit\\\/ducray-melascreen-photo-vieillissement-creme-nuit-50ml\\\/#breadcrumb\"},\"inLanguage\":\"ar\",\"potentialAction\":[{\"@type\":\"ReadAction\",\"target\":[\"https:\\\/\\\/vitablanca.ma\\\/produit\\\/ducray-melascreen-photo-vieillissement-creme-nuit-50ml\\\/\"]}]},{\"@type\":\"ImageObject\",\"inLanguage\":\"ar\",\"@id\":\"https:\\\/\\\/vitablanca.ma\\\/produit\\\/ducray-melascreen-photo-vieillissement-creme-nuit-50ml\\\/#primaryimage\",\"url\":\"https:\\\/\\\/vitablanca.ma\\\/wp-content\\\/uploads\\\/2025\\\/06\\\/Ducray-MELASCREEN-Photo-Vieillissement-Creme-Nuit-50ml-nova-parapharmacie-casablanca.jpg\",\"contentUrl\":\"https:\\\/\\\/vitablanca.ma\\\/wp-content\\\/uploads\\\/2025\\\/06\\\/Ducray-MELASCREEN-Photo-Vieillissement-Creme-Nuit-50ml-nova-parapharmacie-casablanca.jpg\",\"width\":1000,\"height\":1000},{\"@type\":\"BreadcrumbList\",\"@id\":\"https:\\\/\\\/vitablanca.ma\\\/produit\\\/ducray-melascreen-photo-vieillissement-creme-nuit-50ml\\\/#breadcrumb\",\"itemListElement\":[{\"@type\":\"ListItem\",\"position\":1,\"name\":\"Home\",\"item\":\"https:\\\/\\\/vitablanca.ma\\\/\"},{\"@type\":\"ListItem\",\"position\":2,\"name\":\"Tous Les Produits\",\"item\":\"https:\\\/\\\/vitablanca.ma\\\/tous-les-produits\\\/\"},{\"@type\":\"ListItem\",\"position\":3,\"name\":\"Ducray MELASCREEN Photo-Vieillissement Cr\u00e8me Nuit 50ml\"}]},{\"@type\":\"WebSite\",\"@id\":\"https:\\\/\\\/vitablanca.ma\\\/#website\",\"url\":\"https:\\\/\\\/vitablanca.ma\\\/\",\"name\":\"VitaBlanca.ma | Compl\u00e9ments alimentaires, sant\u00e9 & beaut\u00e9 au Maroc\",\"description\":\"vendre vitamines et compl\u00e9ments premium des USA &amp; Canada, Nouvelle Z\u00e9lande,Maroc (NOW Foods, Solgar, Manuka). Livraison rapide partout au Maroc.\",\"publisher\":{\"@id\":\"https:\\\/\\\/vitablanca.ma\\\/#organization\"},\"alternateName\":\"VitaBlanca.ma\",\"potentialAction\":[{\"@type\":\"SearchAction\",\"target\":{\"@type\":\"EntryPoint\",\"urlTemplate\":\"https:\\\/\\\/vitablanca.ma\\\/?s={search_term_string}\"},\"query-input\":{\"@type\":\"PropertyValueSpecification\",\"valueRequired\":true,\"valueName\":\"search_term_string\"}}],\"inLanguage\":\"ar\"},{\"@type\":\"Organization\",\"@id\":\"https:\\\/\\\/vitablanca.ma\\\/#organization\",\"name\":\"VitaBlanca\",\"url\":\"https:\\\/\\\/vitablanca.ma\\\/\",\"logo\":{\"@type\":\"ImageObject\",\"inLanguage\":\"ar\",\"@id\":\"https:\\\/\\\/vitablanca.ma\\\/#\\\/schema\\\/logo\\\/image\\\/\",\"url\":\"https:\\\/\\\/vitablanca.ma\\\/wp-content\\\/uploads\\\/2025\\\/05\\\/cropped-vitablanca.png\",\"contentUrl\":\"https:\\\/\\\/vitablanca.ma\\\/wp-content\\\/uploads\\\/2025\\\/05\\\/cropped-vitablanca.png\",\"width\":360,\"height\":67,\"caption\":\"VitaBlanca\"},\"image\":{\"@id\":\"https:\\\/\\\/vitablanca.ma\\\/#\\\/schema\\\/logo\\\/image\\\/\"},\"sameAs\":[\"https:\\\/\\\/www.facebook.com\\\/profile.php?id=61576678196717\",\"https:\\\/\\\/www.tiktok.com\\\/@vitablanca.ma\",\"https:\\\/\\\/www.instagram.com\\\/vitablanca.ma\\\/\"]}]}<\/script>\n<!-- \/ Yoast SEO plugin. -->","yoast_head_json":{"title":"Ducray MELASCREEN Photo-Vieillissement Cr\u00e8me Nuit 50ml - Maroc Prix","description":"\u0643\u0631\u064a\u0645 \u062f\u0648\u0643\u0631\u0627\u064a \u0645\u064a\u0644\u0627\u0633\u0643\u0631\u064a\u0646 \u0627\u0644\u0644\u064a\u0644\u064a \u0644\u0645\u0643\u0627\u0641\u062d\u0629 \u0639\u0644\u0627\u0645\u0627\u062a \u0627\u0644\u062a\u0642\u062f\u0645 \u0641\u064a \u0627\u0644\u0633\u0646 \u0665\u0660 \u0645\u0644","robots":{"index":"index","follow":"follow","max-snippet":"max-snippet:-1","max-image-preview":"max-image-preview:large","max-video-preview":"max-video-preview:-1"},"canonical":"https:\/\/vitablanca.ma\/ar\/product-2\/ducray-melascreen-photo-vieillissement-creme-nuit-50ml\/","og_locale":"ar_AR","og_type":"article","og_title":"Ducray MELASCREEN Photo-Vieillissement Cr\u00e8me Nuit 50ml - Maroc Prix","og_description":"Ducray MELASCREEN Photo-Vieillissement Cr\u00e8me Nuit 50ml","og_url":"https:\/\/vitablanca.ma\/ar\/product-2\/ducray-melascreen-photo-vieillissement-creme-nuit-50ml\/","og_site_name":"Vitablanca.ma &ndash; Sant&eacute;, vitalit&eacute; et bien-&ecirc;tre pour tous les Marocains","article_publisher":"https:\/\/www.facebook.com\/profile.php?id=61576678196717","og_image":[{"width":1000,"height":1000,"url":"https:\/\/vitablanca.ma\/wp-content\/uploads\/2025\/06\/Ducray-MELASCREEN-Photo-Vieillissement-Creme-Nuit-50ml-nova-parapharmacie-casablanca.jpg","type":"image\/jpeg"}],"twitter_card":"summary_large_image","twitter_misc":{"\u0648\u0642\u062a \u0627\u0644\u0642\u0631\u0627\u0621\u0629 \u0627\u0644\u0645\u064f\u0642\u062f\u0651\u0631":"\u062f\u0642\u064a\u0642\u0629 \u0648\u0627\u062d\u062f\u0629"},"schema":{"@context":"https:\/\/schema.org","@graph":[{"@type":["WebPage","ItemPage"],"@id":"https:\/\/vitablanca.ma\/produit\/ducray-melascreen-photo-vieillissement-creme-nuit-50ml\/","url":"https:\/\/vitablanca.ma\/produit\/ducray-melascreen-photo-vieillissement-creme-nuit-50ml\/","name":"Ducray MELASCREEN Photo-Vieillissement Cr\u00e8me Nuit 50ml - Maroc Prix","isPartOf":{"@id":"https:\/\/vitablanca.ma\/#website"},"primaryImageOfPage":{"@id":"https:\/\/vitablanca.ma\/produit\/ducray-melascreen-photo-vieillissement-creme-nuit-50ml\/#primaryimage"},"image":{"@id":"https:\/\/vitablanca.ma\/produit\/ducray-melascreen-photo-vieillissement-creme-nuit-50ml\/#primaryimage"},"thumbnailUrl":"https:\/\/vitablanca.ma\/wp-content\/uploads\/2025\/06\/Ducray-MELASCREEN-Photo-Vieillissement-Creme-Nuit-50ml-nova-parapharmacie-casablanca.jpg","datePublished":"2025-06-10T17:04:27+00:00","description":"\u0643\u0631\u064a\u0645 \u062f\u0648\u0643\u0631\u0627\u064a \u0645\u064a\u0644\u0627\u0633\u0643\u0631\u064a\u0646 \u0627\u0644\u0644\u064a\u0644\u064a \u0644\u0645\u0643\u0627\u0641\u062d\u0629 \u0639\u0644\u0627\u0645\u0627\u062a \u0627\u0644\u062a\u0642\u062f\u0645 \u0641\u064a \u0627\u0644\u0633\u0646 \u0665\u0660 \u0645\u0644","breadcrumb":{"@id":"https:\/\/vitablanca.ma\/produit\/ducray-melascreen-photo-vieillissement-creme-nuit-50ml\/#breadcrumb"},"inLanguage":"ar","potentialAction":[{"@type":"ReadAction","target":["https:\/\/vitablanca.ma\/produit\/ducray-melascreen-photo-vieillissement-creme-nuit-50ml\/"]}]},{"@type":"ImageObject","inLanguage":"ar","@id":"https:\/\/vitablanca.ma\/produit\/ducray-melascreen-photo-vieillissement-creme-nuit-50ml\/#primaryimage","url":"https:\/\/vitablanca.ma\/wp-content\/uploads\/2025\/06\/Ducray-MELASCREEN-Photo-Vieillissement-Creme-Nuit-50ml-nova-parapharmacie-casablanca.jpg","contentUrl":"https:\/\/vitablanca.ma\/wp-content\/uploads\/2025\/06\/Ducray-MELASCREEN-Photo-Vieillissement-Creme-Nuit-50ml-nova-parapharmacie-casablanca.jpg","width":1000,"height":1000},{"@type":"BreadcrumbList","@id":"https:\/\/vitablanca.ma\/produit\/ducray-melascreen-photo-vieillissement-creme-nuit-50ml\/#breadcrumb","itemListElement":[{"@type":"ListItem","position":1,"name":"Home","item":"https:\/\/vitablanca.ma\/"},{"@type":"ListItem","position":2,"name":"Tous Les Produits","item":"https:\/\/vitablanca.ma\/tous-les-produits\/"},{"@type":"ListItem","position":3,"name":"Ducray MELASCREEN Photo-Vieillissement Cr\u00e8me Nuit 50ml"}]},{"@type":"WebSite","@id":"https:\/\/vitablanca.ma\/#website","url":"https:\/\/vitablanca.ma\/","name":"VitaBlanca.ma | \u0627\u0644\u0645\u0643\u0645\u0644\u0627\u062a \u0627\u0644\u063a\u0630\u0627\u0626\u064a\u0629\u060c \u0627\u0644\u0635\u062d\u0629 \u0648\u0627\u0644\u062c\u0645\u0627\u0644 \u0641\u064a \u0627\u0644\u0645\u063a\u0631\u0628","description":"\u0646\u0628\u064a\u0639 \u0641\u064a\u062a\u0627\u0645\u064a\u0646\u0627\u062a \u0648\u0645\u0643\u0645\u0644\u0627\u062a \u063a\u0630\u0627\u0626\u064a\u0629 \u0641\u0627\u062e\u0631\u0629 \u0645\u0646 \u0627\u0644\u0648\u0644\u0627\u064a\u0627\u062a \u0627\u0644\u0645\u062a\u062d\u062f\u0629 \u0627\u0644\u0623\u0645\u0631\u064a\u0643\u064a\u0629 \u0648\u0643\u0646\u062f\u0627 \u0648\u0646\u064a\u0648\u0632\u064a\u0644\u0646\u062f\u0627 \u0648\u0627\u0644\u0645\u063a\u0631\u0628 (\u0646\u0627\u0648 \u0641\u0648\u062f\u0632\u060c \u0633\u0648\u0644\u062c\u0627\u0631\u060c \u0645\u0627\u0646\u0648\u0643\u0627). \u062a\u0648\u0635\u064a\u0644 \u0633\u0631\u064a\u0639 \u0625\u0644\u0649 \u062c\u0645\u064a\u0639 \u0623\u0646\u062d\u0627\u0621 \u0627\u0644\u0645\u063a\u0631\u0628.","publisher":{"@id":"https:\/\/vitablanca.ma\/#organization"},"alternateName":"VitaBlanca.ma","potentialAction":[{"@type":"SearchAction","target":{"@type":"EntryPoint","urlTemplate":"https:\/\/vitablanca.ma\/?s={search_term_string}"},"query-input":{"@type":"PropertyValueSpecification","valueRequired":true,"valueName":"search_term_string"}}],"inLanguage":"ar"},{"@type":"Organization","@id":"https:\/\/vitablanca.ma\/#organization","name":"\u0641\u064a\u062a\u0627\u0628\u0644\u0627\u0646\u0643\u0627","url":"https:\/\/vitablanca.ma\/","logo":{"@type":"ImageObject","inLanguage":"ar","@id":"https:\/\/vitablanca.ma\/#\/schema\/logo\/image\/","url":"https:\/\/vitablanca.ma\/wp-content\/uploads\/2025\/05\/cropped-vitablanca.png","contentUrl":"https:\/\/vitablanca.ma\/wp-content\/uploads\/2025\/05\/cropped-vitablanca.png","width":360,"height":67,"caption":"VitaBlanca"},"image":{"@id":"https:\/\/vitablanca.ma\/#\/schema\/logo\/image\/"},"sameAs":["https:\/\/www.facebook.com\/profile.php?id=61576678196717","https:\/\/www.tiktok.com\/@vitablanca.ma","https:\/\/www.instagram.com\/vitablanca.ma\/"]}]}},"jetpack_sharing_enabled":true,"_links":{"self":[{"href":"https:\/\/vitablanca.ma\/ar\/wp-json\/wp\/v2\/product\/17615","targetHints":{"allow":["GET"]}}],"collection":[{"href":"https:\/\/vitablanca.ma\/ar\/wp-json\/wp\/v2\/product"}],"about":[{"href":"https:\/\/vitablanca.ma\/ar\/wp-json\/wp\/v2\/types\/product"}],"wp:featuredmedia":[{"embeddable":true,"href":"https:\/\/vitablanca.ma\/ar\/wp-json\/wp\/v2\/media\/17614"}],"wp:attachment":[{"href":"https:\/\/vitablanca.ma\/ar\/wp-json\/wp\/v2\/media?parent=17615"}],"wp:term":[{"taxonomy":"product_brand","embeddable":true,"href":"https:\/\/vitablanca.ma\/ar\/wp-json\/wp\/v2\/product_brand?post=17615"},{"taxonomy":"product_cat","embeddable":true,"href":"https:\/\/vitablanca.ma\/ar\/wp-json\/wp\/v2\/product_cat?post=17615"},{"taxonomy":"product_tag","embeddable":true,"href":"https:\/\/vitablanca.ma\/ar\/wp-json\/wp\/v2\/product_tag?post=17615"}],"curies":[{"name":"wp","href":"https:\/\/api.w.org\/{rel}","templated":true}]}}