{"id":17611,"date":"2025-06-10T17:04:20","date_gmt":"2025-06-10T17:04:20","guid":{"rendered":"https:\/\/vitablanca.ma\/product\/ducray-sensinol-shampooing-physioprotecteur\/"},"modified":"2025-06-10T17:04:20","modified_gmt":"2025-06-10T17:04:20","slug":"ducray-sensinol-shampooing-physioprotecteur","status":"publish","type":"product","link":"https:\/\/vitablanca.ma\/ar\/product-2\/ducray-sensinol-shampooing-physioprotecteur\/","title":{"rendered":"\u0634\u0627\u0645\u0628\u0648 \u062f\u0648\u0643\u0631\u0627\u064a \u0633\u064a\u0646\u0633\u064a\u0646\u0648\u0644 \u0627\u0644\u0641\u064a\u0632\u064a\u0627\u0626\u064a \u0627\u0644\u0648\u0627\u0642\u064a"},"content":{"rendered":"<h2>\u0634\u0627\u0645\u0628\u0648 \u062f\u0648\u0643\u0631\u0627\u064a SENSINOL \u0627\u0644\u0641\u064a\u0632\u064a\u0627\u0626\u064a.<\/h2>\n<div class=\"field-title\"><span class=\"field-content\">\u064a\u0647\u062f\u0626 \u0627\u0644\u062d\u0643\u0629 \u0648\u0641\u0631\u0648\u0629 \u0627\u0644\u0631\u0623\u0633 \u0645\u0646 \u0627\u0644\u0627\u0633\u062a\u062e\u062f\u0627\u0645 \u0627\u0644\u0623\u0648\u0644.<\/span><\/div>\n<div class=\"product-categories\">\n<div class=\"categories-table\">\n<div class=\"categories-row\">\n<div class=\"category-content\">\u0641\u0631\u0648\u0629 \u0627\u0644\u0631\u0623\u0633 \u0627\u0644\u062d\u0633\u0627\u0633\u0629.<\/div>\n<\/div>\n<div class=\"categories-row\">\n<div class=\"category-content\">\u0627\u0644\u0627\u0633\u062a\u062e\u062f\u0627\u0645 \u0627\u0644\u0645\u062a\u0643\u0631\u0631.<br \/>30\u0645\u0644.<\/div>\n<div class=\"category-content\"><\/div>\n<div class=\"category-content\">\n<span>\u0634\u0627\u0645\u0628\u0648 SENSINOL \u0627\u0644\u0641\u064a\u0632\u064a\u0627\u0626\u064a \u0647\u0648 \u0634\u0627\u0645\u0628\u0648 \u0644\u0637\u064a\u0641 \u0648\u0645\u0647\u062f\u0626\u060c \u064a\u0647\u062f\u0626 \u062d\u062a\u0649 \u0641\u0631\u0648\u0629 \u0627\u0644\u0631\u0623\u0633 \u0627\u0644\u0623\u0643\u062b\u0631 \u062d\u0633\u0627\u0633\u064a\u0629.<\/span>\n<\/div>\n<div class=\"category-content\">\n<div data-dc-js-cs-role=\"item\" class=\"product-collapsible-sections_item benefits collapsible-section-processed-processed\" id=\"benefits\">\n<div class=\"wrapper_product-collapsible-sections_item_title ellipse-down ellipse-base el-width-150 el-center\">\n<h3 data-dc-js-cs-role=\"label\" class=\"product-collapsible-sections_item_title\">\u0641\u0648\u0627\u0626\u062f<\/h3>\n<\/div>\n<\/div>\n<\/div>\n<div class=\"category-content\">\n<ul>\n<li><strong>\u0627\u0644\u0639\u0646\u0627\u064a\u0629 \u0628\u0641\u0631\u0648\u0629 \u0627\u0644\u0631\u0623\u0633 \u0627\u0644\u062d\u0633\u0627\u0633\u0629<\/strong><\/li>\n<li><strong>\u062a\u0631\u0643\u064a\u0628\u0629 \u0639\u0627\u0644\u064a\u0629 \u0627\u0644\u0623\u0645\u0627\u0646 \u0648\u0645\u0636\u0627\u062f\u0629 \u0644\u0644\u062d\u0633\u0627\u0633\u064a\u0629<\/strong><\/li>\n<li><strong>\u0627\u0644\u0631\u0627\u062d\u0629 \u0627\u0644\u0641\u0648\u0631\u064a\u0629<\/strong><\/li>\n<\/ul>\n<h4 class=\"product-collapsible-sections_item_subtitle contextual-color\">\n<span>\u00a0<\/span>\u062d\u0648\u0644 \u0641\u0631\u0648\u0629 \u0627\u0644\u0631\u0623\u0633 \u0627\u0644\u062d\u0633\u0627\u0633\u0629<\/h4>\n<div id=\"rmjs-1\" aria-expanded=\"true\" data-readmore=\"\" class=\"product-collapsible-sections_item_subcontent readmore-add-processed\">\u0648\u0641\u0642\u064b\u0627 \u0644\u062f\u0631\u0627\u0633\u0629 \u0648\u0628\u0627\u0626\u064a\u0629 \u0623\u062c\u0631\u064a\u062a \u0639\u0627\u0645 2008*\u060c<strong><span>\u00a0<\/span>\u062a\u0624\u062b\u0631 \u0641\u0631\u0648\u0629 \u0627\u0644\u0631\u0623\u0633 \u0627\u0644\u062d\u0633\u0627\u0633\u0629 \u0639\u0644\u0649 \u0645\u0627 \u064a\u0642\u0631\u0628 \u0645\u0646 \u0648\u0627\u062d\u062f \u0645\u0646 \u0643\u0644 \u0634\u062e\u0635\u064a\u0646<\/strong>\u060c \u0648\u064a\u062a\u0645 \u062a\u0639\u0631\u064a\u0641\u0647 \u0628\u0648\u0627\u0633\u0637\u0629<span>\u00a0<\/span><strong>5 \u0639\u0644\u0627\u0645\u0627\u062a: \u0627\u0644\u062d\u0643\u0629 (\u0631\u0642\u0645 1)\u060c \u0627\u0644\u0648\u062e\u0632\u060c \u0627\u0644\u0634\u062f\u060c \u0627\u0644\u0634\u0639\u0648\u0631 \u0628\u0627\u0644\u062d\u0631\u0642\u0627\u0646\u060c \u0648\u0627\u0644\u0623\u0644\u0645.<\/strong><span>\u00a0<\/span>\u0648\u0644\u0643\u0646 \u0639\u0646\u062f\u0645\u0627<span>\u00a0<\/span><strong>\u062a\u062d\u062f\u062b \u0641\u064a \u0639\u0632\u0644\u0629<\/strong>\u062a\u064f\u0639\u0631\u0651\u0641 \u0641\u0631\u0648\u0629 \u0627\u0644\u0631\u0623\u0633 \u0627\u0644\u062d\u0633\u0627\u0633\u0629 \u0628\u0623\u0646\u0647\u0627 \u062d\u0627\u0644\u0629 \u0634\u0627\u0626\u0639\u0629. \u0647\u0646\u0627\u0643 \u0639\u0648\u0627\u0645\u0644 \u0639\u062f\u064a\u062f\u0629 \u0642\u062f \u062a\u064f\u0633\u0628\u0628 \u0647\u0630\u0647 \u0627\u0644\u0623\u0639\u0631\u0627\u0636\u060c \u0645\u0646\u0647\u0627 \u062c\u0641\u0627\u0641 \u0627\u0644\u0647\u0648\u0627\u0621\u060c \u0648\u0627\u0644\u062d\u0631\u0627\u0631\u0629 \u0623\u0648 \u0627\u0644\u0628\u0631\u0648\u062f\u0629\u060c \u0648\u0627\u0644\u062a\u0644\u0648\u062b\u060c \u0648\u0627\u0644\u062a\u0648\u062a\u0631\u060c \u0628\u0627\u0644\u0625\u0636\u0627\u0641\u0629 \u0625\u0644\u0649 \u0627\u0633\u062a\u062e\u062f\u0627\u0645 \u0627\u0644\u0634\u0627\u0645\u0628\u0648 \u063a\u064a\u0631 \u0627\u0644\u0645\u0646\u0627\u0633\u0628.<\/div>\n<div aria-expanded=\"true\" data-readmore=\"\" class=\"product-collapsible-sections_item_subcontent readmore-add-processed\"><\/div>\n<h3 aria-expanded=\"true\" class=\"product-collapsible-sections_item_subcontent readmore-add-processed\"><span>\u0646\u0635\u0627\u0626\u062d \u0627\u0644\u062a\u0642\u062f\u064a\u0645<\/span><\/h3>\n<p><span>\u0636\u0639\u064a\u0647 \u0639\u0644\u0649 \u0634\u0639\u0631 \u0631\u0637\u0628\u060c \u062f\u0644\u0643\u064a \u0628\u0644\u0637\u0641\u060c \u062b\u0645 \u0627\u0634\u0637\u0641\u064a\u0647. \u0623\u0639\u064a\u062f\u064a \u0648\u0636\u0639\u0647 \u0648\u0627\u062a\u0631\u0643\u064a\u0647 \u0644\u0645\u062f\u0629 \u062f\u0642\u064a\u0642\u062a\u064a\u0646 \u0625\u0644\u0649 \u062b\u0644\u0627\u062b \u062f\u0642\u0627\u0626\u0642. \u0627\u0634\u0637\u0641\u064a\u0647. \u0627\u0633\u062a\u062e\u062f\u0645\u064a\u0647 \u0643\u0644\u0645\u0627 \u062f\u0639\u062a \u0627\u0644\u062d\u0627\u062c\u0629 (\u062b\u0644\u0627\u062b \u0645\u0631\u0627\u062a \u0623\u0633\u0628\u0648\u0639\u064a\u064b\u0627 \u0639\u0644\u0649 \u0627\u0644\u0623\u0642\u0644).<\/span><\/p>\n<h3><span><span class=\"title-tips\">\u0627\u062d\u062a\u064a\u0627\u0637\u0627\u062a \u0627\u0644\u0627\u0633\u062a\u062e\u062f\u0627\u0645<\/span><\/span><\/h3>\n<p>\u0627\u0634\u0637\u0641\u0647 \u0641\u064a \u062d\u0627\u0644\u0629 \u0645\u0644\u0627\u0645\u0633\u0629 \u0627\u0644\u0639\u064a\u0646\u064a\u0646.<\/p>\n<\/div>\n<\/div>\n<\/div>\n<\/div>","protected":false},"excerpt":{"rendered":"<p>Ducray SENSINOL Shampooing Physioprotecteur. Calme les d\u00e9mangeaisons et apaise le cuir chevelu d\u00e8s la premi\u00e8re utilisation. Cuirs chevelus sensibles. Usage fr\u00e9quent.30ml. Le shampooing physioprotecteur SENSINOL doux et apaisant, calme les cuirs chevelus les plus sensibles. B\u00c9N\u00c9FICES SOIN POUR LES CUIRS CHEVELUS SENSIBLES FORMULE HAUTE S\u00c9CURIT\u00c9 ET HYPOALLERG\u00c9NIQUE CONFORT IMM\u00c9DIAT \u00a0\u00c0 PROPOS DU CUIR CHEVELU SENSIBLE [&hellip;]<\/p>\n","protected":false},"featured_media":17600,"template":"","meta":{"om_disable_all_campaigns":false},"product_brand":[],"product_cat":[15],"product_tag":[],"class_list":{"0":"post-17611","1":"product","2":"type-product","3":"status-publish","4":"has-post-thumbnail","6":"product_cat-beaute-sante-complements-alimentaires-soins-et-bien-etre-au-meilleur-prix","8":"first","9":"instock","10":"sale","11":"taxable","12":"shipping-taxable","13":"purchasable","14":"product-type-simple"},"yoast_head":"<!-- This site is optimized with the Yoast SEO plugin v27.3 - https:\/\/yoast.com\/product\/yoast-seo-wordpress\/ -->\n<title>Ducray SENSINOL Shampooing Physioprotecteur - Maroc Prix<\/title>\n<meta name=\"description\" content=\"Ducray SENSINOL Shampooing Physioprotecteur\" \/>\n<meta name=\"robots\" content=\"index, follow, max-snippet:-1, max-image-preview:large, max-video-preview:-1\" \/>\n<link rel=\"canonical\" href=\"https:\/\/vitablanca.ma\/ar\/product-2\/ducray-sensinol-shampooing-physioprotecteur\/\" \/>\n<meta property=\"og:locale\" content=\"ar_AR\" \/>\n<meta property=\"og:type\" content=\"article\" \/>\n<meta property=\"og:title\" content=\"Ducray SENSINOL Shampooing Physioprotecteur - Maroc Prix\" \/>\n<meta property=\"og:description\" content=\"Ducray SENSINOL Shampooing Physioprotecteur\" \/>\n<meta property=\"og:url\" content=\"https:\/\/vitablanca.ma\/ar\/product-2\/ducray-sensinol-shampooing-physioprotecteur\/\" \/>\n<meta property=\"og:site_name\" content=\"Vitablanca.ma &ndash; Sant&eacute;, vitalit&eacute; et bien-&ecirc;tre pour tous les Marocains\" \/>\n<meta property=\"article:publisher\" content=\"https:\/\/www.facebook.com\/profile.php?id=61576678196717\" \/>\n<meta property=\"og:image\" content=\"https:\/\/vitablanca.ma\/wp-content\/uploads\/2025\/06\/Ducray-SENSINOL-Shampooing-Physioprotecteur-30ml-nova-parapharmacie-casablanca.jpg\" \/>\n\t<meta property=\"og:image:width\" content=\"1000\" \/>\n\t<meta property=\"og:image:height\" content=\"1000\" \/>\n\t<meta property=\"og:image:type\" content=\"image\/jpeg\" \/>\n<meta name=\"twitter:card\" content=\"summary_large_image\" \/>\n<meta name=\"twitter:label1\" content=\"\u0648\u0642\u062a \u0627\u0644\u0642\u0631\u0627\u0621\u0629 \u0627\u0644\u0645\u064f\u0642\u062f\u0651\u0631\" \/>\n\t<meta name=\"twitter:data1\" content=\"\u062f\u0642\u064a\u0642\u0629 \u0648\u0627\u062d\u062f\u0629\" \/>\n<script type=\"application\/ld+json\" class=\"yoast-schema-graph\">{\"@context\":\"https:\\\/\\\/schema.org\",\"@graph\":[{\"@type\":[\"WebPage\",\"ItemPage\"],\"@id\":\"https:\\\/\\\/vitablanca.ma\\\/produit\\\/ducray-sensinol-shampooing-physioprotecteur\\\/\",\"url\":\"https:\\\/\\\/vitablanca.ma\\\/produit\\\/ducray-sensinol-shampooing-physioprotecteur\\\/\",\"name\":\"Ducray SENSINOL Shampooing Physioprotecteur - Maroc Prix\",\"isPartOf\":{\"@id\":\"https:\\\/\\\/vitablanca.ma\\\/#website\"},\"primaryImageOfPage\":{\"@id\":\"https:\\\/\\\/vitablanca.ma\\\/produit\\\/ducray-sensinol-shampooing-physioprotecteur\\\/#primaryimage\"},\"image\":{\"@id\":\"https:\\\/\\\/vitablanca.ma\\\/produit\\\/ducray-sensinol-shampooing-physioprotecteur\\\/#primaryimage\"},\"thumbnailUrl\":\"https:\\\/\\\/vitablanca.ma\\\/wp-content\\\/uploads\\\/2025\\\/06\\\/Ducray-SENSINOL-Shampooing-Physioprotecteur-30ml-nova-parapharmacie-casablanca.jpg\",\"datePublished\":\"2025-06-10T17:04:20+00:00\",\"description\":\"Ducray SENSINOL Shampooing Physioprotecteur\",\"breadcrumb\":{\"@id\":\"https:\\\/\\\/vitablanca.ma\\\/produit\\\/ducray-sensinol-shampooing-physioprotecteur\\\/#breadcrumb\"},\"inLanguage\":\"ar\",\"potentialAction\":[{\"@type\":\"ReadAction\",\"target\":[\"https:\\\/\\\/vitablanca.ma\\\/produit\\\/ducray-sensinol-shampooing-physioprotecteur\\\/\"]}]},{\"@type\":\"ImageObject\",\"inLanguage\":\"ar\",\"@id\":\"https:\\\/\\\/vitablanca.ma\\\/produit\\\/ducray-sensinol-shampooing-physioprotecteur\\\/#primaryimage\",\"url\":\"https:\\\/\\\/vitablanca.ma\\\/wp-content\\\/uploads\\\/2025\\\/06\\\/Ducray-SENSINOL-Shampooing-Physioprotecteur-30ml-nova-parapharmacie-casablanca.jpg\",\"contentUrl\":\"https:\\\/\\\/vitablanca.ma\\\/wp-content\\\/uploads\\\/2025\\\/06\\\/Ducray-SENSINOL-Shampooing-Physioprotecteur-30ml-nova-parapharmacie-casablanca.jpg\",\"width\":1000,\"height\":1000},{\"@type\":\"BreadcrumbList\",\"@id\":\"https:\\\/\\\/vitablanca.ma\\\/produit\\\/ducray-sensinol-shampooing-physioprotecteur\\\/#breadcrumb\",\"itemListElement\":[{\"@type\":\"ListItem\",\"position\":1,\"name\":\"Home\",\"item\":\"https:\\\/\\\/vitablanca.ma\\\/\"},{\"@type\":\"ListItem\",\"position\":2,\"name\":\"Tous Les Produits\",\"item\":\"https:\\\/\\\/vitablanca.ma\\\/tous-les-produits\\\/\"},{\"@type\":\"ListItem\",\"position\":3,\"name\":\"Ducray SENSINOL Shampooing Physioprotecteur\"}]},{\"@type\":\"WebSite\",\"@id\":\"https:\\\/\\\/vitablanca.ma\\\/#website\",\"url\":\"https:\\\/\\\/vitablanca.ma\\\/\",\"name\":\"VitaBlanca.ma | Compl\u00e9ments alimentaires, sant\u00e9 & beaut\u00e9 au Maroc\",\"description\":\"vendre vitamines et compl\u00e9ments premium des USA &amp; Canada, Nouvelle Z\u00e9lande,Maroc (NOW Foods, Solgar, Manuka). Livraison rapide partout au Maroc.\",\"publisher\":{\"@id\":\"https:\\\/\\\/vitablanca.ma\\\/#organization\"},\"alternateName\":\"VitaBlanca.ma\",\"potentialAction\":[{\"@type\":\"SearchAction\",\"target\":{\"@type\":\"EntryPoint\",\"urlTemplate\":\"https:\\\/\\\/vitablanca.ma\\\/?s={search_term_string}\"},\"query-input\":{\"@type\":\"PropertyValueSpecification\",\"valueRequired\":true,\"valueName\":\"search_term_string\"}}],\"inLanguage\":\"ar\"},{\"@type\":\"Organization\",\"@id\":\"https:\\\/\\\/vitablanca.ma\\\/#organization\",\"name\":\"VitaBlanca\",\"url\":\"https:\\\/\\\/vitablanca.ma\\\/\",\"logo\":{\"@type\":\"ImageObject\",\"inLanguage\":\"ar\",\"@id\":\"https:\\\/\\\/vitablanca.ma\\\/#\\\/schema\\\/logo\\\/image\\\/\",\"url\":\"https:\\\/\\\/vitablanca.ma\\\/wp-content\\\/uploads\\\/2025\\\/05\\\/cropped-vitablanca.png\",\"contentUrl\":\"https:\\\/\\\/vitablanca.ma\\\/wp-content\\\/uploads\\\/2025\\\/05\\\/cropped-vitablanca.png\",\"width\":360,\"height\":67,\"caption\":\"VitaBlanca\"},\"image\":{\"@id\":\"https:\\\/\\\/vitablanca.ma\\\/#\\\/schema\\\/logo\\\/image\\\/\"},\"sameAs\":[\"https:\\\/\\\/www.facebook.com\\\/profile.php?id=61576678196717\",\"https:\\\/\\\/www.tiktok.com\\\/@vitablanca.ma\",\"https:\\\/\\\/www.instagram.com\\\/vitablanca.ma\\\/\"]}]}<\/script>\n<!-- \/ Yoast SEO plugin. -->","yoast_head_json":{"title":"\u0634\u0627\u0645\u0628\u0648 \u062f\u0648\u0643\u0631\u0627\u064a \u0633\u064a\u0646\u0633\u064a\u0646\u0648\u0644 \u0641\u064a\u0632\u064a\u0648\u0628\u0631\u062a\u064a\u0643\u062a\u064a\u0641 - \u0633\u0639\u0631 \u0627\u0644\u0645\u063a\u0631\u0628","description":"\u0634\u0627\u0645\u0628\u0648 \u062f\u0648\u0643\u0631\u0627\u064a \u0633\u064a\u0646\u0633\u064a\u0646\u0648\u0644 \u0627\u0644\u0641\u064a\u0632\u064a\u0627\u0626\u064a \u0627\u0644\u0648\u0627\u0642\u064a","robots":{"index":"index","follow":"follow","max-snippet":"max-snippet:-1","max-image-preview":"max-image-preview:large","max-video-preview":"max-video-preview:-1"},"canonical":"https:\/\/vitablanca.ma\/ar\/product-2\/ducray-sensinol-shampooing-physioprotecteur\/","og_locale":"ar_AR","og_type":"article","og_title":"Ducray SENSINOL Shampooing Physioprotecteur - Maroc Prix","og_description":"Ducray SENSINOL Shampooing Physioprotecteur","og_url":"https:\/\/vitablanca.ma\/ar\/product-2\/ducray-sensinol-shampooing-physioprotecteur\/","og_site_name":"Vitablanca.ma &ndash; Sant&eacute;, vitalit&eacute; et bien-&ecirc;tre pour tous les Marocains","article_publisher":"https:\/\/www.facebook.com\/profile.php?id=61576678196717","og_image":[{"width":1000,"height":1000,"url":"https:\/\/vitablanca.ma\/wp-content\/uploads\/2025\/06\/Ducray-SENSINOL-Shampooing-Physioprotecteur-30ml-nova-parapharmacie-casablanca.jpg","type":"image\/jpeg"}],"twitter_card":"summary_large_image","twitter_misc":{"\u0648\u0642\u062a \u0627\u0644\u0642\u0631\u0627\u0621\u0629 \u0627\u0644\u0645\u064f\u0642\u062f\u0651\u0631":"\u062f\u0642\u064a\u0642\u0629 \u0648\u0627\u062d\u062f\u0629"},"schema":{"@context":"https:\/\/schema.org","@graph":[{"@type":["WebPage","ItemPage"],"@id":"https:\/\/vitablanca.ma\/produit\/ducray-sensinol-shampooing-physioprotecteur\/","url":"https:\/\/vitablanca.ma\/produit\/ducray-sensinol-shampooing-physioprotecteur\/","name":"\u0634\u0627\u0645\u0628\u0648 \u062f\u0648\u0643\u0631\u0627\u064a \u0633\u064a\u0646\u0633\u064a\u0646\u0648\u0644 \u0641\u064a\u0632\u064a\u0648\u0628\u0631\u062a\u064a\u0643\u062a\u064a\u0641 - \u0633\u0639\u0631 \u0627\u0644\u0645\u063a\u0631\u0628","isPartOf":{"@id":"https:\/\/vitablanca.ma\/#website"},"primaryImageOfPage":{"@id":"https:\/\/vitablanca.ma\/produit\/ducray-sensinol-shampooing-physioprotecteur\/#primaryimage"},"image":{"@id":"https:\/\/vitablanca.ma\/produit\/ducray-sensinol-shampooing-physioprotecteur\/#primaryimage"},"thumbnailUrl":"https:\/\/vitablanca.ma\/wp-content\/uploads\/2025\/06\/Ducray-SENSINOL-Shampooing-Physioprotecteur-30ml-nova-parapharmacie-casablanca.jpg","datePublished":"2025-06-10T17:04:20+00:00","description":"\u0634\u0627\u0645\u0628\u0648 \u062f\u0648\u0643\u0631\u0627\u064a \u0633\u064a\u0646\u0633\u064a\u0646\u0648\u0644 \u0627\u0644\u0641\u064a\u0632\u064a\u0627\u0626\u064a \u0627\u0644\u0648\u0627\u0642\u064a","breadcrumb":{"@id":"https:\/\/vitablanca.ma\/produit\/ducray-sensinol-shampooing-physioprotecteur\/#breadcrumb"},"inLanguage":"ar","potentialAction":[{"@type":"ReadAction","target":["https:\/\/vitablanca.ma\/produit\/ducray-sensinol-shampooing-physioprotecteur\/"]}]},{"@type":"ImageObject","inLanguage":"ar","@id":"https:\/\/vitablanca.ma\/produit\/ducray-sensinol-shampooing-physioprotecteur\/#primaryimage","url":"https:\/\/vitablanca.ma\/wp-content\/uploads\/2025\/06\/Ducray-SENSINOL-Shampooing-Physioprotecteur-30ml-nova-parapharmacie-casablanca.jpg","contentUrl":"https:\/\/vitablanca.ma\/wp-content\/uploads\/2025\/06\/Ducray-SENSINOL-Shampooing-Physioprotecteur-30ml-nova-parapharmacie-casablanca.jpg","width":1000,"height":1000},{"@type":"BreadcrumbList","@id":"https:\/\/vitablanca.ma\/produit\/ducray-sensinol-shampooing-physioprotecteur\/#breadcrumb","itemListElement":[{"@type":"ListItem","position":1,"name":"Home","item":"https:\/\/vitablanca.ma\/"},{"@type":"ListItem","position":2,"name":"Tous Les Produits","item":"https:\/\/vitablanca.ma\/tous-les-produits\/"},{"@type":"ListItem","position":3,"name":"Ducray SENSINOL Shampooing Physioprotecteur"}]},{"@type":"WebSite","@id":"https:\/\/vitablanca.ma\/#website","url":"https:\/\/vitablanca.ma\/","name":"VitaBlanca.ma | \u0627\u0644\u0645\u0643\u0645\u0644\u0627\u062a \u0627\u0644\u063a\u0630\u0627\u0626\u064a\u0629\u060c \u0627\u0644\u0635\u062d\u0629 \u0648\u0627\u0644\u062c\u0645\u0627\u0644 \u0641\u064a \u0627\u0644\u0645\u063a\u0631\u0628","description":"\u0646\u0628\u064a\u0639 \u0641\u064a\u062a\u0627\u0645\u064a\u0646\u0627\u062a \u0648\u0645\u0643\u0645\u0644\u0627\u062a \u063a\u0630\u0627\u0626\u064a\u0629 \u0641\u0627\u062e\u0631\u0629 \u0645\u0646 \u0627\u0644\u0648\u0644\u0627\u064a\u0627\u062a \u0627\u0644\u0645\u062a\u062d\u062f\u0629 \u0627\u0644\u0623\u0645\u0631\u064a\u0643\u064a\u0629 \u0648\u0643\u0646\u062f\u0627 \u0648\u0646\u064a\u0648\u0632\u064a\u0644\u0646\u062f\u0627 \u0648\u0627\u0644\u0645\u063a\u0631\u0628 (\u0646\u0627\u0648 \u0641\u0648\u062f\u0632\u060c \u0633\u0648\u0644\u062c\u0627\u0631\u060c \u0645\u0627\u0646\u0648\u0643\u0627). \u062a\u0648\u0635\u064a\u0644 \u0633\u0631\u064a\u0639 \u0625\u0644\u0649 \u062c\u0645\u064a\u0639 \u0623\u0646\u062d\u0627\u0621 \u0627\u0644\u0645\u063a\u0631\u0628.","publisher":{"@id":"https:\/\/vitablanca.ma\/#organization"},"alternateName":"VitaBlanca.ma","potentialAction":[{"@type":"SearchAction","target":{"@type":"EntryPoint","urlTemplate":"https:\/\/vitablanca.ma\/?s={search_term_string}"},"query-input":{"@type":"PropertyValueSpecification","valueRequired":true,"valueName":"search_term_string"}}],"inLanguage":"ar"},{"@type":"Organization","@id":"https:\/\/vitablanca.ma\/#organization","name":"\u0641\u064a\u062a\u0627\u0628\u0644\u0627\u0646\u0643\u0627","url":"https:\/\/vitablanca.ma\/","logo":{"@type":"ImageObject","inLanguage":"ar","@id":"https:\/\/vitablanca.ma\/#\/schema\/logo\/image\/","url":"https:\/\/vitablanca.ma\/wp-content\/uploads\/2025\/05\/cropped-vitablanca.png","contentUrl":"https:\/\/vitablanca.ma\/wp-content\/uploads\/2025\/05\/cropped-vitablanca.png","width":360,"height":67,"caption":"VitaBlanca"},"image":{"@id":"https:\/\/vitablanca.ma\/#\/schema\/logo\/image\/"},"sameAs":["https:\/\/www.facebook.com\/profile.php?id=61576678196717","https:\/\/www.tiktok.com\/@vitablanca.ma","https:\/\/www.instagram.com\/vitablanca.ma\/"]}]}},"jetpack_sharing_enabled":true,"_links":{"self":[{"href":"https:\/\/vitablanca.ma\/ar\/wp-json\/wp\/v2\/product\/17611","targetHints":{"allow":["GET"]}}],"collection":[{"href":"https:\/\/vitablanca.ma\/ar\/wp-json\/wp\/v2\/product"}],"about":[{"href":"https:\/\/vitablanca.ma\/ar\/wp-json\/wp\/v2\/types\/product"}],"wp:featuredmedia":[{"embeddable":true,"href":"https:\/\/vitablanca.ma\/ar\/wp-json\/wp\/v2\/media\/17600"}],"wp:attachment":[{"href":"https:\/\/vitablanca.ma\/ar\/wp-json\/wp\/v2\/media?parent=17611"}],"wp:term":[{"taxonomy":"product_brand","embeddable":true,"href":"https:\/\/vitablanca.ma\/ar\/wp-json\/wp\/v2\/product_brand?post=17611"},{"taxonomy":"product_cat","embeddable":true,"href":"https:\/\/vitablanca.ma\/ar\/wp-json\/wp\/v2\/product_cat?post=17611"},{"taxonomy":"product_tag","embeddable":true,"href":"https:\/\/vitablanca.ma\/ar\/wp-json\/wp\/v2\/product_tag?post=17611"}],"curies":[{"name":"wp","href":"https:\/\/api.w.org\/{rel}","templated":true}]}}