{"id":17558,"date":"2025-06-10T17:03:26","date_gmt":"2025-06-10T17:03:26","guid":{"rendered":"https:\/\/vitablanca.ma\/product\/ducray-extra-doux-shampooing-dermo-protecteur-400ml\/"},"modified":"2025-06-10T17:03:26","modified_gmt":"2025-06-10T17:03:26","slug":"ducray-extra-doux-shampooing-dermo-protecteur-400ml","status":"publish","type":"product","link":"https:\/\/vitablanca.ma\/ar\/product-2\/ducray-extra-doux-shampooing-dermo-protecteur-400ml\/","title":{"rendered":"\u0634\u0627\u0645\u0628\u0648 \u062f\u0648\u0643\u0631\u0627\u064a \u0625\u0643\u0633\u062a\u0631\u0627-\u062c\u064a\u0646\u062a\u0644 \u0644\u062d\u0645\u0627\u064a\u0629 \u0627\u0644\u0628\u0634\u0631\u0629 400 \u0645\u0644"},"content":{"rendered":"<h2>Ducray EXTRA-DOUX Shampooing Dermo Protecteur.<\/h2>\n<div class=\"field-title\">\n<p>Hygi\u00e8ne quotidienne des\u00a0cheveux normaux et d\u00e9licats de toute la famille.<br \/>Cheveux normaux et d\u00e9licats.<br \/>\u0627\u0644\u0627\u0633\u062a\u062e\u062f\u0627\u0645 \u0627\u0644\u0645\u062a\u0643\u0631\u0631.<br \/>400\u0645\u0644.<\/p>\n<p><span>Gr\u00e2ce \u00e0 la douceur de sa formule, le shampooing EXTRA-DOUX respecte le cuir chevelu, discipline vos cheveux et leur redonne vigueur, beaut\u00e9 et brillance. Sa\u00a0<\/span><strong>formule biod\u00e9gradable**<\/strong><span>\u00a0a \u00e9t\u00e9 \u00e9labor\u00e9e afin de minimiser son impact sur l\u2019environnement.\u00a0<\/span><span>\u0647\u0630\u0627<\/span><span>\u00a0shampooing convient aux cheveux de toute la famille.\u00a0Ne pique pas les yeux.\u00a0<\/span><\/p>\n<div class=\"wrapper_product-collapsible-sections_item_title ellipse-down ellipse-base el-width-150 el-center\">\n<h3 data-dc-js-cs-role=\"label\" class=\"product-collapsible-sections_item_title\">\u0641\u0648\u0627\u0626\u062f<\/h3>\n<\/div>\n<div data-dc-js-cs-role=\"content\" class=\"product-collapsible-sections_item_content\">\n<div class=\"field-collection-container clearfix\">\n<div class=\"field-collection-view clearfix view-mode-full\">\n<div class=\"product-benefit_item\">\n<p class=\"product-benefit_item_title contextual-color\"><strong>CONVIENT AUX CHEVEUX DE TOUTE LA FAMILLE<\/strong><br \/>Ne pique pas les yeux.<\/p>\n<p><strong>FORMULE DOUCE<\/strong><br \/>Le shampooing EXTRA-DOUX respecte le cuir chevelu, discipline les cheveux et leur redonne vigueur, beaut\u00e9 et brilliance<\/p>\n<p><strong>FORMULE BIOD\u00c9GRADABLE<\/strong><br \/>Elabor\u00e9e pour minimiser son impact sur l\u2019environnement<\/p>\n<h4 class=\"product-collapsible-sections_item_subtitle contextual-color\">A PROPOS DES CHEVEUX NORMAUX ET D\u00c9LICATS<\/h4>\n<div id=\"rmjs-1\" aria-expanded=\"true\" data-readmore=\"\" class=\"product-collapsible-sections_item_subcontent readmore-add-processed\">\n<p>Le cheveu d\u00e9licat est un cheveu sain sollicit\u00e9 par diverses agressions. Le maintien de son \u00e9quilibre passe par :<\/p>\n<ul>\n<li>\n<strong>Un apport en \u00e9l\u00e9ments nutritifs<\/strong><span>\u00a0<\/span>adapt\u00e9 pour lui conf\u00e9rer r\u00e9sistance, brillance et souplesse.<\/li>\n<li><strong>La minimisation des agressions li\u00e9es \u00e0 des nettoyages r\u00e9p\u00e9t\u00e9s.<\/strong><\/li>\n<\/ul>\n<p>En lavant le cheveu, on enl\u00e8ve les salissures ainsi qu\u2019une grande partie du s\u00e9bum. Il s\u2019agit du processus de d\u00e9tergence. L\u2019usage r\u00e9it\u00e9r\u00e9 d\u2019une formule trop agressive est pr\u00e9judiciable au cheveu et augmente ainsi sa fragilit\u00e9 et sa capacit\u00e9 \u00e0 recapter les salissures. Il est donc<span>\u00a0<\/span><strong>recommand\u00e9 d\u2019utiliser un shampooing le plus doux possible lors d\u2019un usage fr\u00e9quent<\/strong><span>\u00a0<\/span>ou quotidien.<\/p>\n<div class=\"rtejustify\">\u0648\u0631\u0627\u0621 \u062a\u0633\u0627\u0642\u0637 \u0627\u0644\u0634\u0639\u0631\u060c \u0627\u0644\u0630\u064a \u0642\u062f \u064a\u0628\u062f\u0648 \u062a\u0627\u0641\u0647\u064b\u0627\u060c \u064a\u0643\u0645\u0646 \u0633\u0628\u0628 \u062d\u0642\u064a\u0642\u064a \u0644\u0644\u0627\u0633\u062a\u0634\u0627\u0631\u0629\u060c \u0625\u0630 \u064a\u0639\u0627\u0646\u064a \u0645\u0646\u0647 10 \u0645\u0644\u0627\u064a\u064a\u0646 \u0641\u0631\u0646\u0633\u064a. \u0644\u0643\u0646 \u0641\u064a \u0627\u0644\u0648\u0627\u0642\u0639\u060c \u0644\u0627 \u064a\u0642\u062a\u0635\u0631 \u0627\u0644\u0623\u0645\u0631 \u0639\u0644\u0649 \u062a\u0633\u0627\u0642\u0637 \u0627\u0644\u0634\u0639\u0631 \u0641\u062d\u0633\u0628\u060c \u0628\u0644<span>\u00a0<\/span><strong>\u0639\u062f\u0629 \u0623\u0646\u0648\u0627\u0639 \u0645\u0646 \u062a\u0633\u0627\u0642\u0637 \u0627\u0644\u0634\u0639\u0631<\/strong>\u060c \u0644\u0623\u0633\u0628\u0627\u0628 \u0645\u062e\u062a\u0644\u0641\u0629. \u064a\u064f\u0635\u0646\u0651\u0641 \u0623\u062e\u0635\u0627\u0626\u064a\u0648 \u0627\u0644\u0631\u0639\u0627\u064a\u0629 \u0627\u0644\u0635\u062d\u064a\u0629 \u0627\u0644\u0623\u0633\u0628\u0627\u0628 \u0627\u0644\u0631\u0626\u064a\u0633\u064a\u0629 \u0639\u0644\u0649 \u0627\u0644\u0646\u062d\u0648 \u0627\u0644\u062a\u0627\u0644\u064a:<\/div>\n<ul>\n<li class=\"rtejustify\">\u0638\u0647\u0648\u0631 \u062a\u0633\u0627\u0642\u0637 \u0627\u0644\u0634\u0639\u0631 \u0627\u0644\u0645\u0641\u0627\u062c\u0626 \u0627\u0644\u0639\u0631\u0636\u064a \u0648\u0627\u0644\u0630\u064a \u064a\u0633\u0645\u0649 \u062a\u0633\u0627\u0642\u0637 \u0627\u0644\u0634\u0639\u0631 \u0627\u0644\u0643\u0631\u0628\u064a \u0627\u0644\u062d\u0627\u062f<\/li>\n<li class=\"rtejustify\">\u062a\u0633\u0627\u0642\u0637 \u0627\u0644\u0634\u0639\u0631 \u0627\u0644\u062a\u062f\u0631\u064a\u062c\u064a \u0648\u0627\u0644\u0645\u0633\u062a\u0645\u0631 \u0648\u0627\u0644\u0630\u064a \u064a\u0633\u0645\u0649 \u062a\u0633\u0627\u0642\u0637 \u0627\u0644\u0634\u0639\u0631 \u0627\u0644\u0643\u0631\u0628\u064a \u0627\u0644\u0645\u0632\u0645\u0646<\/li>\n<li class=\"rtejustify\">\u062a\u0633\u0627\u0642\u0637 \u0627\u0644\u0634\u0639\u0631 \u0627\u0644\u0645\u0631\u062a\u0628\u0637 \u0628\u0627\u0644\u0627\u0636\u0637\u0631\u0627\u0628\u0627\u062a \u0627\u0644\u0647\u0631\u0645\u0648\u0646\u064a\u0629 \u0641\u064a \u0633\u064a\u0627\u0642 \u0648\u0631\u0627\u062b\u064a\u060c \u0623\u0648 \u0627\u0644\u062b\u0639\u0644\u0628\u0629 \u0627\u0644\u0623\u0646\u062f\u0631\u0648\u062c\u064a\u0646\u064a\u0629\u00a0<\/li>\n<li class=\"rtejustify\">\u0648\u0623\u062e\u064a\u0631\u064b\u0627\u060c \u0645\u0639 \u0627\u0644\u062a\u0642\u062f\u0645 \u0641\u064a \u0627\u0644\u0633\u0646\u060c \u064a\u062d\u062f\u062b \u0641\u0642\u062f\u0627\u0646 \u0644\u0643\u062b\u0627\u0641\u0629 \u0627\u0644\u0634\u0639\u0631 \u0648\u0643\u062a\u0644\u062a\u0647\u060c \u0648\u0647\u0648 \u0645\u0627 \u064a\u0633\u0645\u0649 \u0628\u0627\u0644\u062b\u0639\u0644\u0628\u0629 \u0627\u0644\u0634\u064a\u062e\u0648\u062e\u064a\u0629.<\/li>\n<\/ul>\n<div class=\"rtejustify\">\u062a\u062e\u062a\u0644\u0641 \u0643\u0644 \u0647\u0630\u0647 \u062d\u0627\u0644\u0627\u062a \u062a\u0633\u0627\u0642\u0637 \u0627\u0644\u0634\u0639\u0631 \u0644\u0623\u0646\u0647\u0627 \u062a\u062d\u062f\u062b \u0628\u0633\u0628\u0628 \u062a\u0639\u062f\u064a\u0644\u0627\u062a \u0645\u062e\u062a\u0644\u0641\u0629 \u0641\u064a \u062f\u0648\u0631\u0629 \u0627\u0644\u0634\u0639\u0631 (\u062f\u0648\u0631\u0629 \u0627\u0644\u0634\u0639\u0631) \u0648\u0628\u0627\u0644\u062a\u0627\u0644\u064a \u064a\u062c\u0628 \u0645\u0639\u0627\u0644\u062c\u062a\u0647\u0627 \u0628\u0637\u0631\u0642 \u0645\u062e\u062a\u0644\u0641\u0629.<\/div>\n<div class=\"rtejustify\">\n<br \/><strong>\u062a\u0633\u0627\u0642\u0637 \u0627\u0644\u0634\u0639\u0631 \u0641\u064a \u0627\u0644\u062d\u064a\u0627\u0629 \u0627\u0644\u064a\u0648\u0645\u064a\u0629<\/strong><span>\u00a0<\/span>\u0642\u062f \u064a\u064f\u0639\u062a\u0628\u0631 \u062a\u0633\u0627\u0642\u0637 \u0627\u0644\u0634\u0639\u0631 \u062d\u0627\u0644\u0629\u064b \u062d\u0645\u064a\u062f\u0629\u064b\u060c \u0625\u0644\u0627 \u0623\u0646\u0647 \u0642\u062f \u064a\u064f\u0633\u0628\u0628 \u0636\u0627\u0626\u0642\u0629\u064b \u0646\u0641\u0633\u064a\u0629\u064b \u0634\u062f\u064a\u062f\u0629\u064b \u0644\u062f\u0649 \u0627\u0644\u0645\u0631\u0636\u0649 \u0627\u0644\u0645\u0635\u0627\u0628\u064a\u0646 \u0628\u0647. \u0648\u0647\u0648 \u0623\u064a\u0636\u064b\u0627 \u0633\u0628\u0628\u064c \u0634\u0627\u0626\u0639\u064c \u0644\u0627\u0633\u062a\u0634\u0627\u0631\u0629 \u0637\u0628\u064a\u0628 \u0627\u0644\u0623\u0645\u0631\u0627\u0636 \u0627\u0644\u062c\u0644\u062f\u064a\u0629. \u0627\u0644\u0647\u062f\u0641: \u062a\u062d\u062f\u064a\u062f \u0633\u0628\u0628 (\u0623\u0633\u0628\u0627\u0628) \u062a\u0633\u0627\u0642\u0637 \u0627\u0644\u0634\u0639\u0631. \u0645\u0639 \u0630\u0644\u0643\u060c \u0644\u064a\u0633 \u0645\u0646 \u0627\u0644\u0633\u0647\u0644 \u062f\u0627\u0626\u0645\u064b\u0627 \u062a\u062d\u062f\u064a\u062f \u0623\u0635\u0644 \u0627\u0644\u0645\u0634\u0643\u0644\u0629\u060c \u0639\u0644\u0649 \u0627\u0644\u0631\u063a\u0645 \u0645\u0646 \u0648\u062c\u0648\u062f \u0639\u0648\u0627\u0645\u0644 \u0634\u0627\u0626\u0639\u0629...<\/div>\n<div class=\"rtejustify\"><\/div>\n<h3 class=\"rtejustify\"><span>\u0646\u0635\u0627\u0626\u062d \u0627\u0644\u062a\u0642\u062f\u064a\u0645<\/span><\/h3>\n<ul class=\"content-tips\">\n<li class=\"first leaf\"><span class=\"desc\">Appliquer Extra-doux sur cheveux mouill\u00e9s. Faire Mousser. Rincer. Renouveler l\u2019application en laissant agir quelques minutes. Rincer abondamment. Utiliser aussi souvent que n\u00e9cessaire<\/span><\/li>\n<li class=\"first leaf\"><span class=\"desc\">Peut \u00eatre utilis\u00e9 sur les cuirs chevelus fragilis\u00e9s par les traitements anticanc\u00e9reux.<\/span><\/li>\n<\/ul>\n<\/div>\n<\/div>\n<\/div>\n<\/div>\n<\/div>\n<\/div>","protected":false},"excerpt":{"rendered":"<p>Ducray EXTRA-DOUX Shampooing Dermo Protecteur. Hygi\u00e8ne quotidienne des\u00a0cheveux normaux et d\u00e9licats de toute la famille.Cheveux normaux et d\u00e9licats.Usage fr\u00e9quent.400ml. Gr\u00e2ce \u00e0 la douceur de sa formule, le shampooing EXTRA-DOUX respecte le cuir chevelu, discipline vos cheveux et leur redonne vigueur, beaut\u00e9 et brillance. Sa\u00a0formule biod\u00e9gradable**\u00a0a \u00e9t\u00e9 \u00e9labor\u00e9e afin de minimiser son impact sur l\u2019environnement.\u00a0Ce\u00a0shampooing convient [&hellip;]<\/p>\n","protected":false},"featured_media":17548,"template":"","meta":{"om_disable_all_campaigns":false},"product_brand":[],"product_cat":[15],"product_tag":[],"class_list":{"0":"post-17558","1":"product","2":"type-product","3":"status-publish","4":"has-post-thumbnail","6":"product_cat-beaute-sante-complements-alimentaires-soins-et-bien-etre-au-meilleur-prix","8":"first","9":"instock","10":"sale","11":"taxable","12":"shipping-taxable","13":"purchasable","14":"product-type-simple"},"yoast_head":"<!-- This site is optimized with the Yoast SEO plugin v27.3 - https:\/\/yoast.com\/product\/yoast-seo-wordpress\/ -->\n<title>Ducray EXTRA-DOUX Shampooing Dermo Protecteur 400ml - Maroc Prix<\/title>\n<meta name=\"description\" content=\"Ducray EXTRA-DOUX Shampooing Dermo Protecteur 400ml\" \/>\n<meta name=\"robots\" content=\"index, follow, max-snippet:-1, max-image-preview:large, max-video-preview:-1\" \/>\n<link rel=\"canonical\" href=\"https:\/\/vitablanca.ma\/ar\/product-2\/ducray-extra-doux-shampooing-dermo-protecteur-400ml\/\" \/>\n<meta property=\"og:locale\" content=\"ar_AR\" \/>\n<meta property=\"og:type\" content=\"article\" \/>\n<meta property=\"og:title\" content=\"Ducray EXTRA-DOUX Shampooing Dermo Protecteur 400ml - Maroc Prix\" \/>\n<meta property=\"og:description\" content=\"Ducray EXTRA-DOUX Shampooing Dermo Protecteur 400ml\" \/>\n<meta property=\"og:url\" content=\"https:\/\/vitablanca.ma\/ar\/product-2\/ducray-extra-doux-shampooing-dermo-protecteur-400ml\/\" \/>\n<meta property=\"og:site_name\" content=\"Vitablanca.ma &ndash; Sant&eacute;, vitalit&eacute; et bien-&ecirc;tre pour tous les Marocains\" \/>\n<meta property=\"article:publisher\" content=\"https:\/\/www.facebook.com\/profile.php?id=61576678196717\" \/>\n<meta property=\"og:image\" content=\"https:\/\/vitablanca.ma\/wp-content\/uploads\/2025\/06\/Ducray-EXTRA-DOUX-Shampooing-Dermo-Protecteur-400ml-nova-parapharmacie-casablanca.jpg\" \/>\n\t<meta property=\"og:image:width\" content=\"1000\" \/>\n\t<meta property=\"og:image:height\" content=\"1000\" \/>\n\t<meta property=\"og:image:type\" content=\"image\/jpeg\" \/>\n<meta name=\"twitter:card\" content=\"summary_large_image\" \/>\n<meta name=\"twitter:label1\" content=\"\u0648\u0642\u062a \u0627\u0644\u0642\u0631\u0627\u0621\u0629 \u0627\u0644\u0645\u064f\u0642\u062f\u0651\u0631\" \/>\n\t<meta name=\"twitter:data1\" content=\"3 \u062f\u0642\u0627\u0626\u0642\" \/>\n<script type=\"application\/ld+json\" class=\"yoast-schema-graph\">{\"@context\":\"https:\\\/\\\/schema.org\",\"@graph\":[{\"@type\":[\"WebPage\",\"ItemPage\"],\"@id\":\"https:\\\/\\\/vitablanca.ma\\\/produit\\\/ducray-extra-doux-shampooing-dermo-protecteur-400ml\\\/\",\"url\":\"https:\\\/\\\/vitablanca.ma\\\/produit\\\/ducray-extra-doux-shampooing-dermo-protecteur-400ml\\\/\",\"name\":\"Ducray EXTRA-DOUX Shampooing Dermo Protecteur 400ml - Maroc Prix\",\"isPartOf\":{\"@id\":\"https:\\\/\\\/vitablanca.ma\\\/#website\"},\"primaryImageOfPage\":{\"@id\":\"https:\\\/\\\/vitablanca.ma\\\/produit\\\/ducray-extra-doux-shampooing-dermo-protecteur-400ml\\\/#primaryimage\"},\"image\":{\"@id\":\"https:\\\/\\\/vitablanca.ma\\\/produit\\\/ducray-extra-doux-shampooing-dermo-protecteur-400ml\\\/#primaryimage\"},\"thumbnailUrl\":\"https:\\\/\\\/vitablanca.ma\\\/wp-content\\\/uploads\\\/2025\\\/06\\\/Ducray-EXTRA-DOUX-Shampooing-Dermo-Protecteur-400ml-nova-parapharmacie-casablanca.jpg\",\"datePublished\":\"2025-06-10T17:03:26+00:00\",\"description\":\"Ducray EXTRA-DOUX Shampooing Dermo Protecteur 400ml\",\"breadcrumb\":{\"@id\":\"https:\\\/\\\/vitablanca.ma\\\/produit\\\/ducray-extra-doux-shampooing-dermo-protecteur-400ml\\\/#breadcrumb\"},\"inLanguage\":\"ar\",\"potentialAction\":[{\"@type\":\"ReadAction\",\"target\":[\"https:\\\/\\\/vitablanca.ma\\\/produit\\\/ducray-extra-doux-shampooing-dermo-protecteur-400ml\\\/\"]}]},{\"@type\":\"ImageObject\",\"inLanguage\":\"ar\",\"@id\":\"https:\\\/\\\/vitablanca.ma\\\/produit\\\/ducray-extra-doux-shampooing-dermo-protecteur-400ml\\\/#primaryimage\",\"url\":\"https:\\\/\\\/vitablanca.ma\\\/wp-content\\\/uploads\\\/2025\\\/06\\\/Ducray-EXTRA-DOUX-Shampooing-Dermo-Protecteur-400ml-nova-parapharmacie-casablanca.jpg\",\"contentUrl\":\"https:\\\/\\\/vitablanca.ma\\\/wp-content\\\/uploads\\\/2025\\\/06\\\/Ducray-EXTRA-DOUX-Shampooing-Dermo-Protecteur-400ml-nova-parapharmacie-casablanca.jpg\",\"width\":1000,\"height\":1000},{\"@type\":\"BreadcrumbList\",\"@id\":\"https:\\\/\\\/vitablanca.ma\\\/produit\\\/ducray-extra-doux-shampooing-dermo-protecteur-400ml\\\/#breadcrumb\",\"itemListElement\":[{\"@type\":\"ListItem\",\"position\":1,\"name\":\"Home\",\"item\":\"https:\\\/\\\/vitablanca.ma\\\/\"},{\"@type\":\"ListItem\",\"position\":2,\"name\":\"Tous Les Produits\",\"item\":\"https:\\\/\\\/vitablanca.ma\\\/tous-les-produits\\\/\"},{\"@type\":\"ListItem\",\"position\":3,\"name\":\"Ducray EXTRA-DOUX Shampooing Dermo Protecteur 400ml\"}]},{\"@type\":\"WebSite\",\"@id\":\"https:\\\/\\\/vitablanca.ma\\\/#website\",\"url\":\"https:\\\/\\\/vitablanca.ma\\\/\",\"name\":\"VitaBlanca.ma | Compl\u00e9ments alimentaires, sant\u00e9 & beaut\u00e9 au Maroc\",\"description\":\"vendre vitamines et compl\u00e9ments premium des USA &amp; Canada, Nouvelle Z\u00e9lande,Maroc (NOW Foods, Solgar, Manuka). Livraison rapide partout au Maroc.\",\"publisher\":{\"@id\":\"https:\\\/\\\/vitablanca.ma\\\/#organization\"},\"alternateName\":\"VitaBlanca.ma\",\"potentialAction\":[{\"@type\":\"SearchAction\",\"target\":{\"@type\":\"EntryPoint\",\"urlTemplate\":\"https:\\\/\\\/vitablanca.ma\\\/?s={search_term_string}\"},\"query-input\":{\"@type\":\"PropertyValueSpecification\",\"valueRequired\":true,\"valueName\":\"search_term_string\"}}],\"inLanguage\":\"ar\"},{\"@type\":\"Organization\",\"@id\":\"https:\\\/\\\/vitablanca.ma\\\/#organization\",\"name\":\"VitaBlanca\",\"url\":\"https:\\\/\\\/vitablanca.ma\\\/\",\"logo\":{\"@type\":\"ImageObject\",\"inLanguage\":\"ar\",\"@id\":\"https:\\\/\\\/vitablanca.ma\\\/#\\\/schema\\\/logo\\\/image\\\/\",\"url\":\"https:\\\/\\\/vitablanca.ma\\\/wp-content\\\/uploads\\\/2025\\\/05\\\/cropped-vitablanca.png\",\"contentUrl\":\"https:\\\/\\\/vitablanca.ma\\\/wp-content\\\/uploads\\\/2025\\\/05\\\/cropped-vitablanca.png\",\"width\":360,\"height\":67,\"caption\":\"VitaBlanca\"},\"image\":{\"@id\":\"https:\\\/\\\/vitablanca.ma\\\/#\\\/schema\\\/logo\\\/image\\\/\"},\"sameAs\":[\"https:\\\/\\\/www.facebook.com\\\/profile.php?id=61576678196717\",\"https:\\\/\\\/www.tiktok.com\\\/@vitablanca.ma\",\"https:\\\/\\\/www.instagram.com\\\/vitablanca.ma\\\/\"]}]}<\/script>\n<!-- \/ Yoast SEO plugin. -->","yoast_head_json":{"title":"Ducray EXTRA-DOUX Shampooing Dermo Protecteur 400ml - Maroc Prix","description":"\u0634\u0627\u0645\u0628\u0648 \u062f\u0648\u0643\u0631\u0627\u064a \u0625\u0643\u0633\u062a\u0631\u0627-\u062c\u064a\u0646\u062a\u0644 \u0644\u062d\u0645\u0627\u064a\u0629 \u0627\u0644\u0628\u0634\u0631\u0629 400 \u0645\u0644","robots":{"index":"index","follow":"follow","max-snippet":"max-snippet:-1","max-image-preview":"max-image-preview:large","max-video-preview":"max-video-preview:-1"},"canonical":"https:\/\/vitablanca.ma\/ar\/product-2\/ducray-extra-doux-shampooing-dermo-protecteur-400ml\/","og_locale":"ar_AR","og_type":"article","og_title":"Ducray EXTRA-DOUX Shampooing Dermo Protecteur 400ml - Maroc Prix","og_description":"Ducray EXTRA-DOUX Shampooing Dermo Protecteur 400ml","og_url":"https:\/\/vitablanca.ma\/ar\/product-2\/ducray-extra-doux-shampooing-dermo-protecteur-400ml\/","og_site_name":"Vitablanca.ma &ndash; Sant&eacute;, vitalit&eacute; et bien-&ecirc;tre pour tous les Marocains","article_publisher":"https:\/\/www.facebook.com\/profile.php?id=61576678196717","og_image":[{"width":1000,"height":1000,"url":"https:\/\/vitablanca.ma\/wp-content\/uploads\/2025\/06\/Ducray-EXTRA-DOUX-Shampooing-Dermo-Protecteur-400ml-nova-parapharmacie-casablanca.jpg","type":"image\/jpeg"}],"twitter_card":"summary_large_image","twitter_misc":{"\u0648\u0642\u062a \u0627\u0644\u0642\u0631\u0627\u0621\u0629 \u0627\u0644\u0645\u064f\u0642\u062f\u0651\u0631":"3 \u062f\u0642\u0627\u0626\u0642"},"schema":{"@context":"https:\/\/schema.org","@graph":[{"@type":["WebPage","ItemPage"],"@id":"https:\/\/vitablanca.ma\/produit\/ducray-extra-doux-shampooing-dermo-protecteur-400ml\/","url":"https:\/\/vitablanca.ma\/produit\/ducray-extra-doux-shampooing-dermo-protecteur-400ml\/","name":"Ducray EXTRA-DOUX Shampooing Dermo Protecteur 400ml - Maroc Prix","isPartOf":{"@id":"https:\/\/vitablanca.ma\/#website"},"primaryImageOfPage":{"@id":"https:\/\/vitablanca.ma\/produit\/ducray-extra-doux-shampooing-dermo-protecteur-400ml\/#primaryimage"},"image":{"@id":"https:\/\/vitablanca.ma\/produit\/ducray-extra-doux-shampooing-dermo-protecteur-400ml\/#primaryimage"},"thumbnailUrl":"https:\/\/vitablanca.ma\/wp-content\/uploads\/2025\/06\/Ducray-EXTRA-DOUX-Shampooing-Dermo-Protecteur-400ml-nova-parapharmacie-casablanca.jpg","datePublished":"2025-06-10T17:03:26+00:00","description":"\u0634\u0627\u0645\u0628\u0648 \u062f\u0648\u0643\u0631\u0627\u064a \u0625\u0643\u0633\u062a\u0631\u0627-\u062c\u064a\u0646\u062a\u0644 \u0644\u062d\u0645\u0627\u064a\u0629 \u0627\u0644\u0628\u0634\u0631\u0629 400 \u0645\u0644","breadcrumb":{"@id":"https:\/\/vitablanca.ma\/produit\/ducray-extra-doux-shampooing-dermo-protecteur-400ml\/#breadcrumb"},"inLanguage":"ar","potentialAction":[{"@type":"ReadAction","target":["https:\/\/vitablanca.ma\/produit\/ducray-extra-doux-shampooing-dermo-protecteur-400ml\/"]}]},{"@type":"ImageObject","inLanguage":"ar","@id":"https:\/\/vitablanca.ma\/produit\/ducray-extra-doux-shampooing-dermo-protecteur-400ml\/#primaryimage","url":"https:\/\/vitablanca.ma\/wp-content\/uploads\/2025\/06\/Ducray-EXTRA-DOUX-Shampooing-Dermo-Protecteur-400ml-nova-parapharmacie-casablanca.jpg","contentUrl":"https:\/\/vitablanca.ma\/wp-content\/uploads\/2025\/06\/Ducray-EXTRA-DOUX-Shampooing-Dermo-Protecteur-400ml-nova-parapharmacie-casablanca.jpg","width":1000,"height":1000},{"@type":"BreadcrumbList","@id":"https:\/\/vitablanca.ma\/produit\/ducray-extra-doux-shampooing-dermo-protecteur-400ml\/#breadcrumb","itemListElement":[{"@type":"ListItem","position":1,"name":"Home","item":"https:\/\/vitablanca.ma\/"},{"@type":"ListItem","position":2,"name":"Tous Les Produits","item":"https:\/\/vitablanca.ma\/tous-les-produits\/"},{"@type":"ListItem","position":3,"name":"Ducray EXTRA-DOUX Shampooing Dermo Protecteur 400ml"}]},{"@type":"WebSite","@id":"https:\/\/vitablanca.ma\/#website","url":"https:\/\/vitablanca.ma\/","name":"VitaBlanca.ma | \u0627\u0644\u0645\u0643\u0645\u0644\u0627\u062a \u0627\u0644\u063a\u0630\u0627\u0626\u064a\u0629\u060c \u0627\u0644\u0635\u062d\u0629 \u0648\u0627\u0644\u062c\u0645\u0627\u0644 \u0641\u064a \u0627\u0644\u0645\u063a\u0631\u0628","description":"\u0646\u0628\u064a\u0639 \u0641\u064a\u062a\u0627\u0645\u064a\u0646\u0627\u062a \u0648\u0645\u0643\u0645\u0644\u0627\u062a \u063a\u0630\u0627\u0626\u064a\u0629 \u0641\u0627\u062e\u0631\u0629 \u0645\u0646 \u0627\u0644\u0648\u0644\u0627\u064a\u0627\u062a \u0627\u0644\u0645\u062a\u062d\u062f\u0629 \u0627\u0644\u0623\u0645\u0631\u064a\u0643\u064a\u0629 \u0648\u0643\u0646\u062f\u0627 \u0648\u0646\u064a\u0648\u0632\u064a\u0644\u0646\u062f\u0627 \u0648\u0627\u0644\u0645\u063a\u0631\u0628 (\u0646\u0627\u0648 \u0641\u0648\u062f\u0632\u060c \u0633\u0648\u0644\u062c\u0627\u0631\u060c \u0645\u0627\u0646\u0648\u0643\u0627). \u062a\u0648\u0635\u064a\u0644 \u0633\u0631\u064a\u0639 \u0625\u0644\u0649 \u062c\u0645\u064a\u0639 \u0623\u0646\u062d\u0627\u0621 \u0627\u0644\u0645\u063a\u0631\u0628.","publisher":{"@id":"https:\/\/vitablanca.ma\/#organization"},"alternateName":"VitaBlanca.ma","potentialAction":[{"@type":"SearchAction","target":{"@type":"EntryPoint","urlTemplate":"https:\/\/vitablanca.ma\/?s={search_term_string}"},"query-input":{"@type":"PropertyValueSpecification","valueRequired":true,"valueName":"search_term_string"}}],"inLanguage":"ar"},{"@type":"Organization","@id":"https:\/\/vitablanca.ma\/#organization","name":"\u0641\u064a\u062a\u0627\u0628\u0644\u0627\u0646\u0643\u0627","url":"https:\/\/vitablanca.ma\/","logo":{"@type":"ImageObject","inLanguage":"ar","@id":"https:\/\/vitablanca.ma\/#\/schema\/logo\/image\/","url":"https:\/\/vitablanca.ma\/wp-content\/uploads\/2025\/05\/cropped-vitablanca.png","contentUrl":"https:\/\/vitablanca.ma\/wp-content\/uploads\/2025\/05\/cropped-vitablanca.png","width":360,"height":67,"caption":"VitaBlanca"},"image":{"@id":"https:\/\/vitablanca.ma\/#\/schema\/logo\/image\/"},"sameAs":["https:\/\/www.facebook.com\/profile.php?id=61576678196717","https:\/\/www.tiktok.com\/@vitablanca.ma","https:\/\/www.instagram.com\/vitablanca.ma\/"]}]}},"jetpack_sharing_enabled":true,"_links":{"self":[{"href":"https:\/\/vitablanca.ma\/ar\/wp-json\/wp\/v2\/product\/17558","targetHints":{"allow":["GET"]}}],"collection":[{"href":"https:\/\/vitablanca.ma\/ar\/wp-json\/wp\/v2\/product"}],"about":[{"href":"https:\/\/vitablanca.ma\/ar\/wp-json\/wp\/v2\/types\/product"}],"wp:featuredmedia":[{"embeddable":true,"href":"https:\/\/vitablanca.ma\/ar\/wp-json\/wp\/v2\/media\/17548"}],"wp:attachment":[{"href":"https:\/\/vitablanca.ma\/ar\/wp-json\/wp\/v2\/media?parent=17558"}],"wp:term":[{"taxonomy":"product_brand","embeddable":true,"href":"https:\/\/vitablanca.ma\/ar\/wp-json\/wp\/v2\/product_brand?post=17558"},{"taxonomy":"product_cat","embeddable":true,"href":"https:\/\/vitablanca.ma\/ar\/wp-json\/wp\/v2\/product_cat?post=17558"},{"taxonomy":"product_tag","embeddable":true,"href":"https:\/\/vitablanca.ma\/ar\/wp-json\/wp\/v2\/product_tag?post=17558"}],"curies":[{"name":"wp","href":"https:\/\/api.w.org\/{rel}","templated":true}]}}