{"id":17546,"date":"2025-06-10T17:03:15","date_gmt":"2025-06-10T17:03:15","guid":{"rendered":"https:\/\/vitablanca.ma\/product\/ducray-ictyane-creme-mains-50ml\/"},"modified":"2025-06-10T17:03:15","modified_gmt":"2025-06-10T17:03:15","slug":"ducray-ictyane-creme-mains-50ml","status":"publish","type":"product","link":"https:\/\/vitablanca.ma\/ar\/product-2\/ducray-ictyane-creme-mains-50ml\/","title":{"rendered":"\u0643\u0631\u064a\u0645 \u0627\u0644\u064a\u062f\u064a\u0646 \u0625\u0643\u062a\u064a\u0627\u0646 \u0645\u0646 \u062f\u0648\u0643\u0631\u0627\u064a \u0665\u0660 \u0645\u0644"},"content":{"rendered":"<h2>\u0643\u0631\u064a\u0645 \u0627\u0644\u064a\u062f\u064a\u0646 \u0627\u0643\u062a\u064a\u0627\u0646 \u0645\u0646 \u062f\u0648\u0643\u0631\u0627\u064a.<\/h2>\n<div class=\"field-title\">\n<p>\u0639\u0644\u0627\u062c \u0645\u0631\u0637\u0628 \u0648\u0648\u0642\u0627\u0626\u064a \u0644\u0644\u0623\u064a\u062f\u064a \u0627\u0644\u062c\u0627\u0641\u0629 \u0627\u0644\u0645\u062a\u0636\u0631\u0631\u0629 \u0628\u0633\u0628\u0628 \u0627\u0644\u0636\u063a\u0648\u0637 \u0627\u0644\u0645\u0646\u0627\u062e\u064a\u0629.<br \/>\u062c\u0641\u0627\u0641 \u0627\u0644\u062c\u0644\u062f.<br \/>\u0627\u0644\u0623\u064a\u062f\u064a \u0627\u0644\u062c\u0627\u0641\u0629 \u0648\u0627\u0644\u062a\u0627\u0644\u0641\u0629.<br \/>50\u0645\u0644.<\/p>\n<p><span>\u064a\u0633\u0627\u0639\u062f \u0645\u0631\u0643\u0628 \u0627\u0644\u062d\u0645\u0627\u064a\u0629 \u0627\u0644\u062d\u0631\u0627\u0631\u064a\u0629 \u0627\u0644\u0641\u0631\u064a\u062f TGS*\u060c \u0627\u0644\u0645\u0645\u0632\u0648\u062c \u0628\u0632\u0628\u062f\u0629 \u0627\u0644\u0634\u064a\u0627\u060c \u0639\u0644\u0649\u00a0<\/span><strong>\u0627\u0633\u062a\u0639\u0627\u062f\u0629 \u0627\u0644\u0628\u0634\u0631\u0629 \u0627\u0644\u062a\u0627\u0644\u0641\u0629.<\/strong><\/p>\n<div class=\"wrapper_product-collapsible-sections_item_title ellipse-down ellipse-base el-width-150 el-center\">\n<h3 data-dc-js-cs-role=\"label\" class=\"product-collapsible-sections_item_title\">\u0641\u0648\u0627\u0626\u062f<\/h3>\n<\/div>\n<div data-dc-js-cs-role=\"content\" class=\"product-collapsible-sections_item_content\">\n<div class=\"field-collection-container clearfix\">\n<div class=\"field-collection-view clearfix view-mode-full\">\n<div class=\"product-benefit_item\">\n<p class=\"product-benefit_item_title contextual-color\"><strong>\u064a\u0633\u0627\u0639\u062f \u0639\u0644\u0649 \u0627\u0633\u062a\u0639\u0627\u062f\u0629 \u0628\u0634\u0631\u0629 \u0627\u0644\u064a\u062f\u064a\u0646 \u0627\u0644\u062a\u0627\u0644\u0641\u0629<\/strong><br \/>\u0628\u0641\u0636\u0644 \u0645\u0631\u0643\u0628 \u0627\u0644\u0641\u064a\u062a\u0627\u0645\u064a\u0646\u0627\u062a \u0627\u0644\u0645\u064f\u0631\u0645\u0645 (A\u060c B5 \u0648 E) \u0627\u0644\u0645\u0645\u0632\u0648\u062c \u0628\u0632\u0628\u062f\u0629 \u0627\u0644\u0634\u064a\u0627<\/p>\n<p><strong>\u064a\u062d\u0645\u064a \u0645\u0646 \u0627\u0644\u0636\u063a\u0648\u0637 \u0627\u0644\u0645\u0646\u0627\u062e\u064a\u0629<\/strong><br \/>\u0628\u0641\u0636\u0644 \u0645\u0631\u0643\u0628 TGS (\u062a\u0631\u064a\u0647\u0627\u0644\u0648\u0632-\u062c\u0644\u0633\u0631\u064a\u0646-\u0633\u0648\u0631\u0628\u064a\u062a\u0648\u0644) \u0627\u0644\u0641\u0631\u064a\u062f \u0645\u0646 \u0646\u0648\u0639\u0647 \u0627\u0644\u0630\u064a \u064a\u062d\u0645\u064a \u0645\u0646 \u0627\u0644\u062d\u0631\u0627\u0631\u0629<\/p>\n<p><strong>\u0645\u0644\u0645\u0633 \u0645\u0628\u062a\u0643\u0631 \u0648\u0633\u0647\u0648\u0644\u0629 \u0641\u064a \u0627\u0644\u0627\u0633\u062a\u062e\u062f\u0627\u0645<\/strong><br \/>\u0642\u0648\u0627\u0645\u0647 \u0627\u0644\u0645\u0628\u062a\u0643\u0631 \u064a\u0633\u0645\u062d \u0628\u0633\u0647\u0648\u0644\u0629 \u0627\u0644\u062a\u0637\u0628\u064a\u0642\u060c \u0648\u0627\u062e\u062a\u0631\u0627\u0642 \u0633\u0631\u064a\u0639 \u0645\u0639 \u0644\u0645\u0633\u0629 \u0646\u0647\u0627\u0626\u064a\u0629 \u063a\u064a\u0631 \u0645\u0631\u0626\u064a\u0629 \u0648\u063a\u064a\u0631 \u062f\u0647\u0646\u064a\u0629.<\/p>\n<h4 class=\"product-collapsible-sections_item_subtitle contextual-color\">\u062d\u0648\u0644 \u0627\u0644\u0628\u0634\u0631\u0629 \u0627\u0644\u062c\u0627\u0641\u0629<\/h4>\n<div id=\"rmjs-1\" aria-expanded=\"true\" data-readmore=\"\" class=\"product-collapsible-sections_item_subcontent readmore-add-processed\">\u0641\u0642\u062f\u062a \u0627\u0644\u0628\u0634\u0631\u0629 \u0627\u0644\u062c\u0627\u0641\u0629 \u0645\u0631\u0648\u0646\u062a\u0647\u0627 \u0648\u0646\u0639\u0648\u0645\u062a\u0647\u0627 \u0648\u0644\u0645 \u062a\u0639\u062f \u062a\u0644\u0639\u0628 \u062f\u0648\u0631\u0647\u0627 \u0643\u062d\u0627\u062c\u0632 \u0648\u0642\u0627\u0626\u064a. \u0623\u0635\u0628\u062d\u062a<span>\u00a0<\/span><strong>\u063a\u064a\u0631 \u0645\u0631\u064a\u062d\u0629 \u0648\u062d\u0633\u0627\u0633\u0629.<\/strong><\/p>\n<p>\u064a\u062d\u062f\u062b \u062c\u0641\u0627\u0641 \u0627\u0644\u062c\u0644\u062f \u0628\u0634\u0643\u0644 \u0631\u0626\u064a\u0633\u064a \u0628\u0633\u0628\u0628:<br \/><strong>\u0644\u0644\u0627\u0639\u062a\u062f\u0627\u0621\u0627\u062a \u0627\u0644\u062e\u0627\u0631\u062c\u064a\u0629<\/strong><span>\u00a0<\/span>:\u0627\u0644\u0636\u063a\u0648\u0637 \u0627\u0644\u0645\u0646\u0627\u062e\u064a\u0629 \u0648\u0627\u0644\u063a\u0633\u064a\u0644 \u0627\u0644\u0645\u062a\u0643\u0631\u0631 \u0644\u0647\u0645\u0627 \u062a\u0623\u062b\u064a\u0631 \u0645\u0632\u064a\u0644 \u0644\u0644\u062f\u0647\u0648\u0646 \u0648\u064a\u0633\u0627\u0647\u0645\u0627\u0646 \u0641\u064a \u062c\u0641\u0627\u0641 \u0627\u0644\u062c\u0644\u062f.<br \/><strong>\u0641\u064a \u0633\u0646<\/strong><span>\u00a0<\/span>: \u0632\u064a\u0627\u062f\u0629 \u0641\u0642\u062f\u0627\u0646 \u0627\u0644\u0645\u064a\u0627\u0647<\/p>\n<p>\u0627\u0644\u062a\u0631\u0637\u064a\u0628 \u0627\u0644\u064a\u0648\u0645\u064a<span>\u00a0<\/span><strong>\u064a\u0635\u062d\u062d \u0648\u064a\u0645\u0646\u0639 \u062c\u0641\u0627\u0641 \u0627\u0644\u062c\u0644\u062f<\/strong>\u064a\u062a\u0645 \u062a\u0647\u062f\u0626\u0629 \u0645\u0634\u0627\u0639\u0631 \u0627\u0644\u0627\u0646\u0632\u0639\u0627\u062c (\u0627\u0644\u062a\u0647\u064a\u062c\u060c \u0627\u0644\u0636\u064a\u0642\u060c \u0648\u0645\u0627 \u0625\u0644\u0649 \u0630\u0644\u0643).<\/div>\n<div aria-expanded=\"true\" data-readmore=\"\" class=\"product-collapsible-sections_item_subcontent readmore-add-processed\"><\/div>\n<h3 aria-expanded=\"true\" class=\"product-collapsible-sections_item_subcontent readmore-add-processed\"><span>\u0646\u0635\u0627\u0626\u062d \u0627\u0644\u062a\u0642\u062f\u064a\u0645<\/span><\/h3>\n<p><span>\u0636\u0639\u064a \u0643\u0645\u064a\u0629 \u0635\u063a\u064a\u0631\u0629 \u0645\u0646 \u0627\u0644\u0643\u0631\u064a\u0645 \u062d\u0633\u0628 \u0627\u0644\u062d\u0627\u062c\u0629\u060c \u0645\u0639 \u0627\u0644\u062a\u062f\u0644\u064a\u0643 \u0628\u0631\u0641\u0642.<\/span><\/p>\n<div aria-expanded=\"true\" data-readmore=\"\" class=\"product-collapsible-sections_item_subcontent readmore-add-processed\"><\/div>\n<div aria-expanded=\"true\" data-readmore=\"\" class=\"product-collapsible-sections_item_subcontent readmore-add-processed\"><\/div>\n<\/div>\n<\/div>\n<\/div>\n<\/div>\n<\/div>","protected":false},"excerpt":{"rendered":"<p>Ducray ICTYANE Cr\u00e8me Mains. Soin hydratant et protecteur des mains s\u00e8ches et ab\u00eem\u00e9es \u00a0par les stress climatiques.S\u00e9cheresse cutan\u00e9e.Mains s\u00e8ches et ab\u00eem\u00e9es.50ml. Son complexe unique thermo-protecteur TGS*, associ\u00e9 au beurre de karit\u00e9 contribue \u00e0\u00a0restaurer l\u2019\u00e9piderme ab\u00eem\u00e9. B\u00c9N\u00c9FICES CONTRIBUE \u00c0 RESTAURER L\u2019\u00c9PIDERME AB\u00ceM\u00c9 DES MAINSGr\u00e2ce au complexe vitaminique r\u00e9parateur (A, B5 et E) associ\u00e9 au beurre de [&hellip;]<\/p>\n","protected":false},"featured_media":17539,"template":"","meta":{"om_disable_all_campaigns":false},"product_brand":[],"product_cat":[15],"product_tag":[],"class_list":{"0":"post-17546","1":"product","2":"type-product","3":"status-publish","4":"has-post-thumbnail","6":"product_cat-beaute-sante-complements-alimentaires-soins-et-bien-etre-au-meilleur-prix","8":"first","9":"instock","10":"sale","11":"taxable","12":"shipping-taxable","13":"purchasable","14":"product-type-simple"},"yoast_head":"<!-- This site is optimized with the Yoast SEO plugin v27.3 - https:\/\/yoast.com\/product\/yoast-seo-wordpress\/ -->\n<title>Ducray ICTYANE Cr\u00e8me Mains 50ml - Maroc Prix<\/title>\n<meta name=\"description\" content=\"Ducray ICTYANE Cr\u00e8me Mains 50ml\" \/>\n<meta name=\"robots\" content=\"index, follow, max-snippet:-1, max-image-preview:large, max-video-preview:-1\" \/>\n<link rel=\"canonical\" href=\"https:\/\/vitablanca.ma\/ar\/product-2\/ducray-ictyane-creme-mains-50ml\/\" \/>\n<meta property=\"og:locale\" content=\"ar_AR\" \/>\n<meta property=\"og:type\" content=\"article\" \/>\n<meta property=\"og:title\" content=\"Ducray ICTYANE Cr\u00e8me Mains 50ml - Maroc Prix\" \/>\n<meta property=\"og:description\" content=\"Ducray ICTYANE Cr\u00e8me Mains 50ml\" \/>\n<meta property=\"og:url\" content=\"https:\/\/vitablanca.ma\/ar\/product-2\/ducray-ictyane-creme-mains-50ml\/\" \/>\n<meta property=\"og:site_name\" content=\"Vitablanca.ma &ndash; Sant&eacute;, vitalit&eacute; et bien-&ecirc;tre pour tous les Marocains\" \/>\n<meta property=\"article:publisher\" content=\"https:\/\/www.facebook.com\/profile.php?id=61576678196717\" \/>\n<meta property=\"og:image\" content=\"https:\/\/vitablanca.ma\/wp-content\/uploads\/2025\/06\/Ducray-ICTYANE-Creme-Mains-50ml-nova-parapharmacie-casablanca.jpg\" \/>\n\t<meta property=\"og:image:width\" content=\"1000\" \/>\n\t<meta property=\"og:image:height\" content=\"1000\" \/>\n\t<meta property=\"og:image:type\" content=\"image\/jpeg\" \/>\n<meta name=\"twitter:card\" content=\"summary_large_image\" \/>\n<meta name=\"twitter:label1\" content=\"\u0648\u0642\u062a \u0627\u0644\u0642\u0631\u0627\u0621\u0629 \u0627\u0644\u0645\u064f\u0642\u062f\u0651\u0631\" \/>\n\t<meta name=\"twitter:data1\" content=\"\u062f\u0642\u064a\u0642\u0629 \u0648\u0627\u062d\u062f\u0629\" \/>\n<script type=\"application\/ld+json\" class=\"yoast-schema-graph\">{\"@context\":\"https:\\\/\\\/schema.org\",\"@graph\":[{\"@type\":[\"WebPage\",\"ItemPage\"],\"@id\":\"https:\\\/\\\/vitablanca.ma\\\/produit\\\/ducray-ictyane-creme-mains-50ml\\\/\",\"url\":\"https:\\\/\\\/vitablanca.ma\\\/produit\\\/ducray-ictyane-creme-mains-50ml\\\/\",\"name\":\"Ducray ICTYANE Cr\u00e8me Mains 50ml - Maroc Prix\",\"isPartOf\":{\"@id\":\"https:\\\/\\\/vitablanca.ma\\\/#website\"},\"primaryImageOfPage\":{\"@id\":\"https:\\\/\\\/vitablanca.ma\\\/produit\\\/ducray-ictyane-creme-mains-50ml\\\/#primaryimage\"},\"image\":{\"@id\":\"https:\\\/\\\/vitablanca.ma\\\/produit\\\/ducray-ictyane-creme-mains-50ml\\\/#primaryimage\"},\"thumbnailUrl\":\"https:\\\/\\\/vitablanca.ma\\\/wp-content\\\/uploads\\\/2025\\\/06\\\/Ducray-ICTYANE-Creme-Mains-50ml-nova-parapharmacie-casablanca.jpg\",\"datePublished\":\"2025-06-10T17:03:15+00:00\",\"description\":\"Ducray ICTYANE Cr\u00e8me Mains 50ml\",\"breadcrumb\":{\"@id\":\"https:\\\/\\\/vitablanca.ma\\\/produit\\\/ducray-ictyane-creme-mains-50ml\\\/#breadcrumb\"},\"inLanguage\":\"ar\",\"potentialAction\":[{\"@type\":\"ReadAction\",\"target\":[\"https:\\\/\\\/vitablanca.ma\\\/produit\\\/ducray-ictyane-creme-mains-50ml\\\/\"]}]},{\"@type\":\"ImageObject\",\"inLanguage\":\"ar\",\"@id\":\"https:\\\/\\\/vitablanca.ma\\\/produit\\\/ducray-ictyane-creme-mains-50ml\\\/#primaryimage\",\"url\":\"https:\\\/\\\/vitablanca.ma\\\/wp-content\\\/uploads\\\/2025\\\/06\\\/Ducray-ICTYANE-Creme-Mains-50ml-nova-parapharmacie-casablanca.jpg\",\"contentUrl\":\"https:\\\/\\\/vitablanca.ma\\\/wp-content\\\/uploads\\\/2025\\\/06\\\/Ducray-ICTYANE-Creme-Mains-50ml-nova-parapharmacie-casablanca.jpg\",\"width\":1000,\"height\":1000},{\"@type\":\"BreadcrumbList\",\"@id\":\"https:\\\/\\\/vitablanca.ma\\\/produit\\\/ducray-ictyane-creme-mains-50ml\\\/#breadcrumb\",\"itemListElement\":[{\"@type\":\"ListItem\",\"position\":1,\"name\":\"Home\",\"item\":\"https:\\\/\\\/vitablanca.ma\\\/\"},{\"@type\":\"ListItem\",\"position\":2,\"name\":\"Tous Les Produits\",\"item\":\"https:\\\/\\\/vitablanca.ma\\\/tous-les-produits\\\/\"},{\"@type\":\"ListItem\",\"position\":3,\"name\":\"Ducray ICTYANE Cr\u00e8me Mains 50ml\"}]},{\"@type\":\"WebSite\",\"@id\":\"https:\\\/\\\/vitablanca.ma\\\/#website\",\"url\":\"https:\\\/\\\/vitablanca.ma\\\/\",\"name\":\"VitaBlanca.ma | Compl\u00e9ments alimentaires, sant\u00e9 & beaut\u00e9 au Maroc\",\"description\":\"vendre vitamines et compl\u00e9ments premium des USA &amp; Canada, Nouvelle Z\u00e9lande,Maroc (NOW Foods, Solgar, Manuka). Livraison rapide partout au Maroc.\",\"publisher\":{\"@id\":\"https:\\\/\\\/vitablanca.ma\\\/#organization\"},\"alternateName\":\"VitaBlanca.ma\",\"potentialAction\":[{\"@type\":\"SearchAction\",\"target\":{\"@type\":\"EntryPoint\",\"urlTemplate\":\"https:\\\/\\\/vitablanca.ma\\\/?s={search_term_string}\"},\"query-input\":{\"@type\":\"PropertyValueSpecification\",\"valueRequired\":true,\"valueName\":\"search_term_string\"}}],\"inLanguage\":\"ar\"},{\"@type\":\"Organization\",\"@id\":\"https:\\\/\\\/vitablanca.ma\\\/#organization\",\"name\":\"VitaBlanca\",\"url\":\"https:\\\/\\\/vitablanca.ma\\\/\",\"logo\":{\"@type\":\"ImageObject\",\"inLanguage\":\"ar\",\"@id\":\"https:\\\/\\\/vitablanca.ma\\\/#\\\/schema\\\/logo\\\/image\\\/\",\"url\":\"https:\\\/\\\/vitablanca.ma\\\/wp-content\\\/uploads\\\/2025\\\/05\\\/cropped-vitablanca.png\",\"contentUrl\":\"https:\\\/\\\/vitablanca.ma\\\/wp-content\\\/uploads\\\/2025\\\/05\\\/cropped-vitablanca.png\",\"width\":360,\"height\":67,\"caption\":\"VitaBlanca\"},\"image\":{\"@id\":\"https:\\\/\\\/vitablanca.ma\\\/#\\\/schema\\\/logo\\\/image\\\/\"},\"sameAs\":[\"https:\\\/\\\/www.facebook.com\\\/profile.php?id=61576678196717\",\"https:\\\/\\\/www.tiktok.com\\\/@vitablanca.ma\",\"https:\\\/\\\/www.instagram.com\\\/vitablanca.ma\\\/\"]}]}<\/script>\n<!-- \/ Yoast SEO plugin. -->","yoast_head_json":{"title":"\u0643\u0631\u064a\u0645 \u0627\u0644\u064a\u062f\u064a\u0646 Ducray ICTYANE 50 \u0645\u0644 - \u0633\u0639\u0631 \u0627\u0644\u0645\u063a\u0631\u0628","description":"\u0643\u0631\u064a\u0645 \u0627\u0644\u064a\u062f\u064a\u0646 \u0625\u0643\u062a\u064a\u0627\u0646 \u0645\u0646 \u062f\u0648\u0643\u0631\u0627\u064a \u0665\u0660 \u0645\u0644","robots":{"index":"index","follow":"follow","max-snippet":"max-snippet:-1","max-image-preview":"max-image-preview:large","max-video-preview":"max-video-preview:-1"},"canonical":"https:\/\/vitablanca.ma\/ar\/product-2\/ducray-ictyane-creme-mains-50ml\/","og_locale":"ar_AR","og_type":"article","og_title":"Ducray ICTYANE Cr\u00e8me Mains 50ml - Maroc Prix","og_description":"Ducray ICTYANE Cr\u00e8me Mains 50ml","og_url":"https:\/\/vitablanca.ma\/ar\/product-2\/ducray-ictyane-creme-mains-50ml\/","og_site_name":"Vitablanca.ma &ndash; Sant&eacute;, vitalit&eacute; et bien-&ecirc;tre pour tous les Marocains","article_publisher":"https:\/\/www.facebook.com\/profile.php?id=61576678196717","og_image":[{"width":1000,"height":1000,"url":"https:\/\/vitablanca.ma\/wp-content\/uploads\/2025\/06\/Ducray-ICTYANE-Creme-Mains-50ml-nova-parapharmacie-casablanca.jpg","type":"image\/jpeg"}],"twitter_card":"summary_large_image","twitter_misc":{"\u0648\u0642\u062a \u0627\u0644\u0642\u0631\u0627\u0621\u0629 \u0627\u0644\u0645\u064f\u0642\u062f\u0651\u0631":"\u062f\u0642\u064a\u0642\u0629 \u0648\u0627\u062d\u062f\u0629"},"schema":{"@context":"https:\/\/schema.org","@graph":[{"@type":["WebPage","ItemPage"],"@id":"https:\/\/vitablanca.ma\/produit\/ducray-ictyane-creme-mains-50ml\/","url":"https:\/\/vitablanca.ma\/produit\/ducray-ictyane-creme-mains-50ml\/","name":"\u0643\u0631\u064a\u0645 \u0627\u0644\u064a\u062f\u064a\u0646 Ducray ICTYANE 50 \u0645\u0644 - \u0633\u0639\u0631 \u0627\u0644\u0645\u063a\u0631\u0628","isPartOf":{"@id":"https:\/\/vitablanca.ma\/#website"},"primaryImageOfPage":{"@id":"https:\/\/vitablanca.ma\/produit\/ducray-ictyane-creme-mains-50ml\/#primaryimage"},"image":{"@id":"https:\/\/vitablanca.ma\/produit\/ducray-ictyane-creme-mains-50ml\/#primaryimage"},"thumbnailUrl":"https:\/\/vitablanca.ma\/wp-content\/uploads\/2025\/06\/Ducray-ICTYANE-Creme-Mains-50ml-nova-parapharmacie-casablanca.jpg","datePublished":"2025-06-10T17:03:15+00:00","description":"\u0643\u0631\u064a\u0645 \u0627\u0644\u064a\u062f\u064a\u0646 \u0625\u0643\u062a\u064a\u0627\u0646 \u0645\u0646 \u062f\u0648\u0643\u0631\u0627\u064a \u0665\u0660 \u0645\u0644","breadcrumb":{"@id":"https:\/\/vitablanca.ma\/produit\/ducray-ictyane-creme-mains-50ml\/#breadcrumb"},"inLanguage":"ar","potentialAction":[{"@type":"ReadAction","target":["https:\/\/vitablanca.ma\/produit\/ducray-ictyane-creme-mains-50ml\/"]}]},{"@type":"ImageObject","inLanguage":"ar","@id":"https:\/\/vitablanca.ma\/produit\/ducray-ictyane-creme-mains-50ml\/#primaryimage","url":"https:\/\/vitablanca.ma\/wp-content\/uploads\/2025\/06\/Ducray-ICTYANE-Creme-Mains-50ml-nova-parapharmacie-casablanca.jpg","contentUrl":"https:\/\/vitablanca.ma\/wp-content\/uploads\/2025\/06\/Ducray-ICTYANE-Creme-Mains-50ml-nova-parapharmacie-casablanca.jpg","width":1000,"height":1000},{"@type":"BreadcrumbList","@id":"https:\/\/vitablanca.ma\/produit\/ducray-ictyane-creme-mains-50ml\/#breadcrumb","itemListElement":[{"@type":"ListItem","position":1,"name":"Home","item":"https:\/\/vitablanca.ma\/"},{"@type":"ListItem","position":2,"name":"Tous Les Produits","item":"https:\/\/vitablanca.ma\/tous-les-produits\/"},{"@type":"ListItem","position":3,"name":"Ducray ICTYANE Cr\u00e8me Mains 50ml"}]},{"@type":"WebSite","@id":"https:\/\/vitablanca.ma\/#website","url":"https:\/\/vitablanca.ma\/","name":"VitaBlanca.ma | \u0627\u0644\u0645\u0643\u0645\u0644\u0627\u062a \u0627\u0644\u063a\u0630\u0627\u0626\u064a\u0629\u060c \u0627\u0644\u0635\u062d\u0629 \u0648\u0627\u0644\u062c\u0645\u0627\u0644 \u0641\u064a \u0627\u0644\u0645\u063a\u0631\u0628","description":"\u0646\u0628\u064a\u0639 \u0641\u064a\u062a\u0627\u0645\u064a\u0646\u0627\u062a \u0648\u0645\u0643\u0645\u0644\u0627\u062a \u063a\u0630\u0627\u0626\u064a\u0629 \u0641\u0627\u062e\u0631\u0629 \u0645\u0646 \u0627\u0644\u0648\u0644\u0627\u064a\u0627\u062a \u0627\u0644\u0645\u062a\u062d\u062f\u0629 \u0627\u0644\u0623\u0645\u0631\u064a\u0643\u064a\u0629 \u0648\u0643\u0646\u062f\u0627 \u0648\u0646\u064a\u0648\u0632\u064a\u0644\u0646\u062f\u0627 \u0648\u0627\u0644\u0645\u063a\u0631\u0628 (\u0646\u0627\u0648 \u0641\u0648\u062f\u0632\u060c \u0633\u0648\u0644\u062c\u0627\u0631\u060c \u0645\u0627\u0646\u0648\u0643\u0627). \u062a\u0648\u0635\u064a\u0644 \u0633\u0631\u064a\u0639 \u0625\u0644\u0649 \u062c\u0645\u064a\u0639 \u0623\u0646\u062d\u0627\u0621 \u0627\u0644\u0645\u063a\u0631\u0628.","publisher":{"@id":"https:\/\/vitablanca.ma\/#organization"},"alternateName":"VitaBlanca.ma","potentialAction":[{"@type":"SearchAction","target":{"@type":"EntryPoint","urlTemplate":"https:\/\/vitablanca.ma\/?s={search_term_string}"},"query-input":{"@type":"PropertyValueSpecification","valueRequired":true,"valueName":"search_term_string"}}],"inLanguage":"ar"},{"@type":"Organization","@id":"https:\/\/vitablanca.ma\/#organization","name":"\u0641\u064a\u062a\u0627\u0628\u0644\u0627\u0646\u0643\u0627","url":"https:\/\/vitablanca.ma\/","logo":{"@type":"ImageObject","inLanguage":"ar","@id":"https:\/\/vitablanca.ma\/#\/schema\/logo\/image\/","url":"https:\/\/vitablanca.ma\/wp-content\/uploads\/2025\/05\/cropped-vitablanca.png","contentUrl":"https:\/\/vitablanca.ma\/wp-content\/uploads\/2025\/05\/cropped-vitablanca.png","width":360,"height":67,"caption":"VitaBlanca"},"image":{"@id":"https:\/\/vitablanca.ma\/#\/schema\/logo\/image\/"},"sameAs":["https:\/\/www.facebook.com\/profile.php?id=61576678196717","https:\/\/www.tiktok.com\/@vitablanca.ma","https:\/\/www.instagram.com\/vitablanca.ma\/"]}]}},"jetpack_sharing_enabled":true,"_links":{"self":[{"href":"https:\/\/vitablanca.ma\/ar\/wp-json\/wp\/v2\/product\/17546","targetHints":{"allow":["GET"]}}],"collection":[{"href":"https:\/\/vitablanca.ma\/ar\/wp-json\/wp\/v2\/product"}],"about":[{"href":"https:\/\/vitablanca.ma\/ar\/wp-json\/wp\/v2\/types\/product"}],"wp:featuredmedia":[{"embeddable":true,"href":"https:\/\/vitablanca.ma\/ar\/wp-json\/wp\/v2\/media\/17539"}],"wp:attachment":[{"href":"https:\/\/vitablanca.ma\/ar\/wp-json\/wp\/v2\/media?parent=17546"}],"wp:term":[{"taxonomy":"product_brand","embeddable":true,"href":"https:\/\/vitablanca.ma\/ar\/wp-json\/wp\/v2\/product_brand?post=17546"},{"taxonomy":"product_cat","embeddable":true,"href":"https:\/\/vitablanca.ma\/ar\/wp-json\/wp\/v2\/product_cat?post=17546"},{"taxonomy":"product_tag","embeddable":true,"href":"https:\/\/vitablanca.ma\/ar\/wp-json\/wp\/v2\/product_tag?post=17546"}],"curies":[{"name":"wp","href":"https:\/\/api.w.org\/{rel}","templated":true}]}}