{"id":17524,"date":"2025-06-10T17:02:48","date_gmt":"2025-06-10T17:02:48","guid":{"rendered":"https:\/\/vitablanca.ma\/product\/elgydium-blancheur-fraicheur-citron-dentifrice-75ml\/"},"modified":"2026-01-21T18:05:00","modified_gmt":"2026-01-21T18:05:00","slug":"elgydium-blancheur-fraicheur-citron-dentifrice-75ml","status":"publish","type":"product","link":"https:\/\/vitablanca.ma\/ar\/product-2\/elgydium-blancheur-fraicheur-citron-dentifrice-75ml\/","title":{"rendered":"\u0645\u0639\u062c\u0648\u0646 \u0623\u0633\u0646\u0627\u0646 \u0625\u0644\u062c\u064a\u062f\u064a\u0648\u0645 \u0648\u0627\u064a\u062a\u0646\u0633 \u0641\u0631\u064a\u0634 \u0628\u0627\u0644\u0644\u064a\u0645\u0648\u0646 75 \u0645\u0644"},"content":{"rendered":"<div data-mce-fragment=\"1\" class=\"block-content\">\n<h2 data-mce-fragment=\"1\">ELGYDIUM Blancheur fra\u00eecheur citron dentifrice\u00a0<span data-mce-fragment=\"1\">pour un polissage extra-doux et un nettoyage en profondeur.<\/span><br \/>\n<\/h2>\n<p data-mce-fragment=\"1\">Souriez et brillez !<br data-mce-fragment=\"1\">ELGYDIUM Blancheur fra\u00eecheur citron contribue \u00e0 \u00e9liminer les taches superficielles (alimentation, tabac\u2026) et maintient la blancheur naturelle des dents tout en les respectant. Il prolonge la blancheur des dents apr\u00e8s un d\u00e9tartrage ou un \u00e9claircissement professionnel, pour encore plus de brillance. Il offre \u00e9galement une protection efficace contre les caries.<br data-mce-fragment=\"1\">Son effet, visible d\u00e8s deux semaines sur les taches superficielles des dents, se renforce au fil du temps et des utilisations. Une efficacit\u00e9 rapide et durable a \u00e9t\u00e9 per\u00e7ue par 90% des sujets\u00b9.<\/p>\n<p data-mce-fragment=\"1\">Sa formule contient du bicarbonate de sodium micropulv\u00e9ris\u00e9, d\u2019une taille en moyenne cinq fois plus petite que les cristaux classiques de bicarbonate de sodium, pour p\u00e9n\u00e9trer plus finement dans les sillons de l\u2019\u00e9mail.<br data-mce-fragment=\"1\">Aromatis\u00e9 au citron, il rend le brossage de deux \u00e0 trois minutes, deux \u00e0 trois fois par jour encore plus agr\u00e9able.<\/p>\n<\/div>\n<div data-mce-fragment=\"1\" class=\"block-content has-heading\">\n<div data-mce-fragment=\"1\" class=\"block-content-heading\">\n<h3 data-mce-fragment=\"1\" class=\"\" id=\"\">\u0645\u064a\u0632\u0629<\/h3>\n<\/div>\n<p data-mce-fragment=\"1\">Une formule active, efficace et respectueuse de l\u2019\u00e9mail.<\/p>\n<div data-mce-fragment=\"1\" class=\"block-content-heading\">\n<h3 data-mce-fragment=\"1\" class=\"\" id=\"\">\u0641\u0648\u0627\u0626\u062f<\/h3>\n<\/div>\n<p data-mce-fragment=\"1\">\u2022 PROLONGE et MAINTIENT la blancheur naturelle des dents apr\u00e8s deux semaines d\u2019utilisation.<br data-mce-fragment=\"1\">\u2022 RESPECTE l\u2019\u00e9mail des dents.<br data-mce-fragment=\"1\">\u2022 AROMATIS\u00c9 au citron pour encore plus de fra\u00eecheur.<\/p>\n<\/div>","protected":false},"excerpt":{"rendered":"<p>ELGYDIUM Blancheur fra\u00eecheur citron dentifrice\u00a0pour un polissage extra-doux et un nettoyage en profondeur. Souriez et brillez !ELGYDIUM Blancheur fra\u00eecheur citron contribue \u00e0 \u00e9liminer les taches superficielles (alimentation, tabac\u2026) et maintient la blancheur naturelle des dents tout en les respectant. Il prolonge la blancheur des dents apr\u00e8s un d\u00e9tartrage ou un \u00e9claircissement professionnel, pour encore plus [&hellip;]<\/p>\n","protected":false},"featured_media":17514,"template":"","meta":{"om_disable_all_campaigns":false},"product_brand":[5989],"product_cat":[18,15],"product_tag":[],"class_list":{"0":"post-17524","1":"product","2":"type-product","3":"status-publish","4":"has-post-thumbnail","6":"product_brand-elgydium-original-maroc-au-meilleur-prix","7":"product_cat-beaute-sante","8":"product_cat-beaute-sante-complements-alimentaires-soins-et-bien-etre-au-meilleur-prix","10":"first","11":"instock","12":"sale","13":"taxable","14":"shipping-taxable","15":"purchasable","16":"product-type-simple"},"yoast_head":"<!-- This site is optimized with the Yoast SEO plugin v27.3 - https:\/\/yoast.com\/product\/yoast-seo-wordpress\/ -->\n<title>ELGYDIUM Blancheur fra\u00eecheur citron dentifrice 75ml - Maroc Prix<\/title>\n<meta name=\"description\" content=\"ELGYDIUM Blancheur fra\u00eecheur citron dentifrice 75ml\" \/>\n<meta name=\"robots\" content=\"index, follow, max-snippet:-1, max-image-preview:large, max-video-preview:-1\" \/>\n<link rel=\"canonical\" href=\"https:\/\/vitablanca.ma\/ar\/product-2\/elgydium-blancheur-fraicheur-citron-dentifrice-75ml\/\" \/>\n<meta property=\"og:locale\" content=\"ar_AR\" \/>\n<meta property=\"og:type\" content=\"article\" \/>\n<meta property=\"og:title\" content=\"ELGYDIUM Blancheur fra\u00eecheur citron dentifrice 75ml - Maroc Prix\" \/>\n<meta property=\"og:description\" content=\"ELGYDIUM Blancheur fra\u00eecheur citron dentifrice 75ml\" \/>\n<meta property=\"og:url\" content=\"https:\/\/vitablanca.ma\/ar\/product-2\/elgydium-blancheur-fraicheur-citron-dentifrice-75ml\/\" \/>\n<meta property=\"og:site_name\" content=\"Vitablanca.ma &ndash; Sant&eacute;, vitalit&eacute; et bien-&ecirc;tre pour tous les Marocains\" \/>\n<meta property=\"article:publisher\" content=\"https:\/\/www.facebook.com\/profile.php?id=61576678196717\" \/>\n<meta property=\"article:modified_time\" content=\"2026-01-21T18:05:00+00:00\" \/>\n<meta property=\"og:image\" content=\"https:\/\/vitablanca.ma\/wp-content\/uploads\/2025\/06\/ELGYDIUM-Blancheur-fraicheur-citron-dentifrice-75ml-nova-parapharmacie-maroc.png\" \/>\n\t<meta property=\"og:image:width\" content=\"1000\" \/>\n\t<meta property=\"og:image:height\" content=\"1000\" \/>\n\t<meta property=\"og:image:type\" content=\"image\/png\" \/>\n<meta name=\"twitter:card\" content=\"summary_large_image\" \/>\n<meta name=\"twitter:label1\" content=\"\u0648\u0642\u062a \u0627\u0644\u0642\u0631\u0627\u0621\u0629 \u0627\u0644\u0645\u064f\u0642\u062f\u0651\u0631\" \/>\n\t<meta name=\"twitter:data1\" content=\"\u062f\u0642\u064a\u0642\u0629 \u0648\u0627\u062d\u062f\u0629\" \/>\n<script type=\"application\/ld+json\" class=\"yoast-schema-graph\">{\"@context\":\"https:\\\/\\\/schema.org\",\"@graph\":[{\"@type\":[\"WebPage\",\"ItemPage\"],\"@id\":\"https:\\\/\\\/vitablanca.ma\\\/produit\\\/elgydium-blancheur-fraicheur-citron-dentifrice-75ml\\\/\",\"url\":\"https:\\\/\\\/vitablanca.ma\\\/produit\\\/elgydium-blancheur-fraicheur-citron-dentifrice-75ml\\\/\",\"name\":\"ELGYDIUM Blancheur fra\u00eecheur citron dentifrice 75ml - Maroc Prix\",\"isPartOf\":{\"@id\":\"https:\\\/\\\/vitablanca.ma\\\/#website\"},\"primaryImageOfPage\":{\"@id\":\"https:\\\/\\\/vitablanca.ma\\\/produit\\\/elgydium-blancheur-fraicheur-citron-dentifrice-75ml\\\/#primaryimage\"},\"image\":{\"@id\":\"https:\\\/\\\/vitablanca.ma\\\/produit\\\/elgydium-blancheur-fraicheur-citron-dentifrice-75ml\\\/#primaryimage\"},\"thumbnailUrl\":\"https:\\\/\\\/vitablanca.ma\\\/wp-content\\\/uploads\\\/2025\\\/06\\\/ELGYDIUM-Blancheur-fraicheur-citron-dentifrice-75ml-nova-parapharmacie-maroc.png\",\"datePublished\":\"2025-06-10T17:02:48+00:00\",\"dateModified\":\"2026-01-21T18:05:00+00:00\",\"description\":\"ELGYDIUM Blancheur fra\u00eecheur citron dentifrice 75ml\",\"breadcrumb\":{\"@id\":\"https:\\\/\\\/vitablanca.ma\\\/produit\\\/elgydium-blancheur-fraicheur-citron-dentifrice-75ml\\\/#breadcrumb\"},\"inLanguage\":\"ar\",\"potentialAction\":[{\"@type\":\"ReadAction\",\"target\":[\"https:\\\/\\\/vitablanca.ma\\\/produit\\\/elgydium-blancheur-fraicheur-citron-dentifrice-75ml\\\/\"]}]},{\"@type\":\"ImageObject\",\"inLanguage\":\"ar\",\"@id\":\"https:\\\/\\\/vitablanca.ma\\\/produit\\\/elgydium-blancheur-fraicheur-citron-dentifrice-75ml\\\/#primaryimage\",\"url\":\"https:\\\/\\\/vitablanca.ma\\\/wp-content\\\/uploads\\\/2025\\\/06\\\/ELGYDIUM-Blancheur-fraicheur-citron-dentifrice-75ml-nova-parapharmacie-maroc.png\",\"contentUrl\":\"https:\\\/\\\/vitablanca.ma\\\/wp-content\\\/uploads\\\/2025\\\/06\\\/ELGYDIUM-Blancheur-fraicheur-citron-dentifrice-75ml-nova-parapharmacie-maroc.png\",\"width\":1000,\"height\":1000},{\"@type\":\"BreadcrumbList\",\"@id\":\"https:\\\/\\\/vitablanca.ma\\\/produit\\\/elgydium-blancheur-fraicheur-citron-dentifrice-75ml\\\/#breadcrumb\",\"itemListElement\":[{\"@type\":\"ListItem\",\"position\":1,\"name\":\"Home\",\"item\":\"https:\\\/\\\/vitablanca.ma\\\/\"},{\"@type\":\"ListItem\",\"position\":2,\"name\":\"Tous Les Produits\",\"item\":\"https:\\\/\\\/vitablanca.ma\\\/tous-les-produits\\\/\"},{\"@type\":\"ListItem\",\"position\":3,\"name\":\"ELGYDIUM Blancheur fra\u00eecheur citron dentifrice 75ml\"}]},{\"@type\":\"WebSite\",\"@id\":\"https:\\\/\\\/vitablanca.ma\\\/#website\",\"url\":\"https:\\\/\\\/vitablanca.ma\\\/\",\"name\":\"VitaBlanca.ma | Compl\u00e9ments alimentaires, sant\u00e9 & beaut\u00e9 au Maroc\",\"description\":\"vendre vitamines et compl\u00e9ments premium des USA &amp; Canada, Nouvelle Z\u00e9lande,Maroc (NOW Foods, Solgar, Manuka). Livraison rapide partout au Maroc.\",\"publisher\":{\"@id\":\"https:\\\/\\\/vitablanca.ma\\\/#organization\"},\"alternateName\":\"VitaBlanca.ma\",\"potentialAction\":[{\"@type\":\"SearchAction\",\"target\":{\"@type\":\"EntryPoint\",\"urlTemplate\":\"https:\\\/\\\/vitablanca.ma\\\/?s={search_term_string}\"},\"query-input\":{\"@type\":\"PropertyValueSpecification\",\"valueRequired\":true,\"valueName\":\"search_term_string\"}}],\"inLanguage\":\"ar\"},{\"@type\":\"Organization\",\"@id\":\"https:\\\/\\\/vitablanca.ma\\\/#organization\",\"name\":\"VitaBlanca\",\"url\":\"https:\\\/\\\/vitablanca.ma\\\/\",\"logo\":{\"@type\":\"ImageObject\",\"inLanguage\":\"ar\",\"@id\":\"https:\\\/\\\/vitablanca.ma\\\/#\\\/schema\\\/logo\\\/image\\\/\",\"url\":\"https:\\\/\\\/vitablanca.ma\\\/wp-content\\\/uploads\\\/2025\\\/05\\\/cropped-vitablanca.png\",\"contentUrl\":\"https:\\\/\\\/vitablanca.ma\\\/wp-content\\\/uploads\\\/2025\\\/05\\\/cropped-vitablanca.png\",\"width\":360,\"height\":67,\"caption\":\"VitaBlanca\"},\"image\":{\"@id\":\"https:\\\/\\\/vitablanca.ma\\\/#\\\/schema\\\/logo\\\/image\\\/\"},\"sameAs\":[\"https:\\\/\\\/www.facebook.com\\\/profile.php?id=61576678196717\",\"https:\\\/\\\/www.tiktok.com\\\/@vitablanca.ma\",\"https:\\\/\\\/www.instagram.com\\\/vitablanca.ma\\\/\"]}]}<\/script>\n<!-- \/ Yoast SEO plugin. -->","yoast_head_json":{"title":"ELGYDIUM Blancheur fra\u00eecheur citron dentifrice 75ml - Maroc Prix","description":"\u0645\u0639\u062c\u0648\u0646 \u0623\u0633\u0646\u0627\u0646 \u0625\u0644\u062c\u064a\u062f\u064a\u0648\u0645 \u0648\u0627\u064a\u062a\u0646\u0633 \u0641\u0631\u064a\u0634 \u0628\u0627\u0644\u0644\u064a\u0645\u0648\u0646 75 \u0645\u0644","robots":{"index":"index","follow":"follow","max-snippet":"max-snippet:-1","max-image-preview":"max-image-preview:large","max-video-preview":"max-video-preview:-1"},"canonical":"https:\/\/vitablanca.ma\/ar\/product-2\/elgydium-blancheur-fraicheur-citron-dentifrice-75ml\/","og_locale":"ar_AR","og_type":"article","og_title":"ELGYDIUM Blancheur fra\u00eecheur citron dentifrice 75ml - Maroc Prix","og_description":"ELGYDIUM Blancheur fra\u00eecheur citron dentifrice 75ml","og_url":"https:\/\/vitablanca.ma\/ar\/product-2\/elgydium-blancheur-fraicheur-citron-dentifrice-75ml\/","og_site_name":"Vitablanca.ma &ndash; Sant&eacute;, vitalit&eacute; et bien-&ecirc;tre pour tous les Marocains","article_publisher":"https:\/\/www.facebook.com\/profile.php?id=61576678196717","article_modified_time":"2026-01-21T18:05:00+00:00","og_image":[{"width":1000,"height":1000,"url":"https:\/\/vitablanca.ma\/wp-content\/uploads\/2025\/06\/ELGYDIUM-Blancheur-fraicheur-citron-dentifrice-75ml-nova-parapharmacie-maroc.png","type":"image\/png"}],"twitter_card":"summary_large_image","twitter_misc":{"\u0648\u0642\u062a \u0627\u0644\u0642\u0631\u0627\u0621\u0629 \u0627\u0644\u0645\u064f\u0642\u062f\u0651\u0631":"\u062f\u0642\u064a\u0642\u0629 \u0648\u0627\u062d\u062f\u0629"},"schema":{"@context":"https:\/\/schema.org","@graph":[{"@type":["WebPage","ItemPage"],"@id":"https:\/\/vitablanca.ma\/produit\/elgydium-blancheur-fraicheur-citron-dentifrice-75ml\/","url":"https:\/\/vitablanca.ma\/produit\/elgydium-blancheur-fraicheur-citron-dentifrice-75ml\/","name":"ELGYDIUM Blancheur fra\u00eecheur citron dentifrice 75ml - Maroc Prix","isPartOf":{"@id":"https:\/\/vitablanca.ma\/#website"},"primaryImageOfPage":{"@id":"https:\/\/vitablanca.ma\/produit\/elgydium-blancheur-fraicheur-citron-dentifrice-75ml\/#primaryimage"},"image":{"@id":"https:\/\/vitablanca.ma\/produit\/elgydium-blancheur-fraicheur-citron-dentifrice-75ml\/#primaryimage"},"thumbnailUrl":"https:\/\/vitablanca.ma\/wp-content\/uploads\/2025\/06\/ELGYDIUM-Blancheur-fraicheur-citron-dentifrice-75ml-nova-parapharmacie-maroc.png","datePublished":"2025-06-10T17:02:48+00:00","dateModified":"2026-01-21T18:05:00+00:00","description":"\u0645\u0639\u062c\u0648\u0646 \u0623\u0633\u0646\u0627\u0646 \u0625\u0644\u062c\u064a\u062f\u064a\u0648\u0645 \u0648\u0627\u064a\u062a\u0646\u0633 \u0641\u0631\u064a\u0634 \u0628\u0627\u0644\u0644\u064a\u0645\u0648\u0646 75 \u0645\u0644","breadcrumb":{"@id":"https:\/\/vitablanca.ma\/produit\/elgydium-blancheur-fraicheur-citron-dentifrice-75ml\/#breadcrumb"},"inLanguage":"ar","potentialAction":[{"@type":"ReadAction","target":["https:\/\/vitablanca.ma\/produit\/elgydium-blancheur-fraicheur-citron-dentifrice-75ml\/"]}]},{"@type":"ImageObject","inLanguage":"ar","@id":"https:\/\/vitablanca.ma\/produit\/elgydium-blancheur-fraicheur-citron-dentifrice-75ml\/#primaryimage","url":"https:\/\/vitablanca.ma\/wp-content\/uploads\/2025\/06\/ELGYDIUM-Blancheur-fraicheur-citron-dentifrice-75ml-nova-parapharmacie-maroc.png","contentUrl":"https:\/\/vitablanca.ma\/wp-content\/uploads\/2025\/06\/ELGYDIUM-Blancheur-fraicheur-citron-dentifrice-75ml-nova-parapharmacie-maroc.png","width":1000,"height":1000},{"@type":"BreadcrumbList","@id":"https:\/\/vitablanca.ma\/produit\/elgydium-blancheur-fraicheur-citron-dentifrice-75ml\/#breadcrumb","itemListElement":[{"@type":"ListItem","position":1,"name":"Home","item":"https:\/\/vitablanca.ma\/"},{"@type":"ListItem","position":2,"name":"Tous Les Produits","item":"https:\/\/vitablanca.ma\/tous-les-produits\/"},{"@type":"ListItem","position":3,"name":"ELGYDIUM Blancheur fra\u00eecheur citron dentifrice 75ml"}]},{"@type":"WebSite","@id":"https:\/\/vitablanca.ma\/#website","url":"https:\/\/vitablanca.ma\/","name":"VitaBlanca.ma | \u0627\u0644\u0645\u0643\u0645\u0644\u0627\u062a \u0627\u0644\u063a\u0630\u0627\u0626\u064a\u0629\u060c \u0627\u0644\u0635\u062d\u0629 \u0648\u0627\u0644\u062c\u0645\u0627\u0644 \u0641\u064a \u0627\u0644\u0645\u063a\u0631\u0628","description":"\u0646\u0628\u064a\u0639 \u0641\u064a\u062a\u0627\u0645\u064a\u0646\u0627\u062a \u0648\u0645\u0643\u0645\u0644\u0627\u062a \u063a\u0630\u0627\u0626\u064a\u0629 \u0641\u0627\u062e\u0631\u0629 \u0645\u0646 \u0627\u0644\u0648\u0644\u0627\u064a\u0627\u062a \u0627\u0644\u0645\u062a\u062d\u062f\u0629 \u0627\u0644\u0623\u0645\u0631\u064a\u0643\u064a\u0629 \u0648\u0643\u0646\u062f\u0627 \u0648\u0646\u064a\u0648\u0632\u064a\u0644\u0646\u062f\u0627 \u0648\u0627\u0644\u0645\u063a\u0631\u0628 (\u0646\u0627\u0648 \u0641\u0648\u062f\u0632\u060c \u0633\u0648\u0644\u062c\u0627\u0631\u060c \u0645\u0627\u0646\u0648\u0643\u0627). \u062a\u0648\u0635\u064a\u0644 \u0633\u0631\u064a\u0639 \u0625\u0644\u0649 \u062c\u0645\u064a\u0639 \u0623\u0646\u062d\u0627\u0621 \u0627\u0644\u0645\u063a\u0631\u0628.","publisher":{"@id":"https:\/\/vitablanca.ma\/#organization"},"alternateName":"VitaBlanca.ma","potentialAction":[{"@type":"SearchAction","target":{"@type":"EntryPoint","urlTemplate":"https:\/\/vitablanca.ma\/?s={search_term_string}"},"query-input":{"@type":"PropertyValueSpecification","valueRequired":true,"valueName":"search_term_string"}}],"inLanguage":"ar"},{"@type":"Organization","@id":"https:\/\/vitablanca.ma\/#organization","name":"\u0641\u064a\u062a\u0627\u0628\u0644\u0627\u0646\u0643\u0627","url":"https:\/\/vitablanca.ma\/","logo":{"@type":"ImageObject","inLanguage":"ar","@id":"https:\/\/vitablanca.ma\/#\/schema\/logo\/image\/","url":"https:\/\/vitablanca.ma\/wp-content\/uploads\/2025\/05\/cropped-vitablanca.png","contentUrl":"https:\/\/vitablanca.ma\/wp-content\/uploads\/2025\/05\/cropped-vitablanca.png","width":360,"height":67,"caption":"VitaBlanca"},"image":{"@id":"https:\/\/vitablanca.ma\/#\/schema\/logo\/image\/"},"sameAs":["https:\/\/www.facebook.com\/profile.php?id=61576678196717","https:\/\/www.tiktok.com\/@vitablanca.ma","https:\/\/www.instagram.com\/vitablanca.ma\/"]}]}},"jetpack_sharing_enabled":true,"_links":{"self":[{"href":"https:\/\/vitablanca.ma\/ar\/wp-json\/wp\/v2\/product\/17524","targetHints":{"allow":["GET"]}}],"collection":[{"href":"https:\/\/vitablanca.ma\/ar\/wp-json\/wp\/v2\/product"}],"about":[{"href":"https:\/\/vitablanca.ma\/ar\/wp-json\/wp\/v2\/types\/product"}],"wp:featuredmedia":[{"embeddable":true,"href":"https:\/\/vitablanca.ma\/ar\/wp-json\/wp\/v2\/media\/17514"}],"wp:attachment":[{"href":"https:\/\/vitablanca.ma\/ar\/wp-json\/wp\/v2\/media?parent=17524"}],"wp:term":[{"taxonomy":"product_brand","embeddable":true,"href":"https:\/\/vitablanca.ma\/ar\/wp-json\/wp\/v2\/product_brand?post=17524"},{"taxonomy":"product_cat","embeddable":true,"href":"https:\/\/vitablanca.ma\/ar\/wp-json\/wp\/v2\/product_cat?post=17524"},{"taxonomy":"product_tag","embeddable":true,"href":"https:\/\/vitablanca.ma\/ar\/wp-json\/wp\/v2\/product_tag?post=17524"}],"curies":[{"name":"wp","href":"https:\/\/api.w.org\/{rel}","templated":true}]}}