{"id":17504,"date":"2025-06-10T17:02:20","date_gmt":"2025-06-10T17:02:20","guid":{"rendered":"https:\/\/vitablanca.ma\/product\/endocare-renewal-retinol-intensive-serum-30ml\/"},"modified":"2025-06-10T17:02:20","modified_gmt":"2025-06-10T17:02:20","slug":"endocare-renewal-retinol-intensive-serum-30ml","status":"publish","type":"product","link":"https:\/\/vitablanca.ma\/ar\/product-2\/endocare-renewal-retinol-intensive-serum-30ml\/","title":{"rendered":"\u0633\u064a\u0631\u0648\u0645 \u0625\u0646\u062f\u0648\u0643\u064a\u0631 \u0631\u064a\u0646\u064a\u0648\u0627\u0644 \u0631\u064a\u062a\u064a\u0646\u0648\u0644 \u0627\u0644\u0645\u0643\u062b\u0641 30 \u0645\u0644"},"content":{"rendered":"<h2 data-mce-fragment=\"1\">Endocare Renewal Retinol Intensive Serum<\/h2>\n<p><span>S\u00e9rum de texture anhydre formul\u00e9 avec\u00a0<\/span><span>la technologie RetinSphere\u00ae<\/span><span>\u00a0, contient une concentration \u00e9lev\u00e9e de r\u00e9tino\u00efdes dans des micro\u00e9ponges qui assurent une retexturisation intensive et un renouvellement \u00e9pidermique. R\u00e9duit visiblement les ridules et les rides et unifie la texture, am\u00e9liorant ainsi l&rsquo;apparence et la luminosit\u00e9 de la peau.<\/span><\/p>\n<h3><strong>\u0627\u0644\u0627\u0633\u062a\u062e\u062f\u0627\u0645\u0627\u062a<\/strong><\/h3>\n<div class=\"container\">\n<div class=\"row py-6\">\n<div class=\"col-sm-7\">\n<div class=\"accordion\" id=\"my_accrd\">\n<div class=\"card w-100\">\n<div id=\"my_accrd-c4\" class=\"collapse show\" aria-labelledby=\"my_accrd-h4\" data-parent=\"#my_accrd\">\n<div class=\"card-body py-4\">\n<p><span>Appliquer le soir sur la peau nettoy\u00e9e du visage, en augmentant la fr\u00e9quence selon la tol\u00e9rance, comme indiqu\u00e9 dans le programme Renewal ou par votre professionnel de la peau. \u00c9viter l&rsquo;exposition au soleil ou utiliser une photoprotection.<\/span><\/p>\n<\/div>\n<\/div>\n<\/div>\n<\/div>\n<\/div>\n<\/div>\n<\/div>\n<p><strong>\u0627\u062d\u062a\u064a\u0627\u0637\u0627\u062a \u062e\u0627\u0635\u0629 \u0644\u0644\u0627\u0633\u062a\u062e\u062f\u0627\u0645:<\/strong><span>\u00a0<\/span>\u0644\u0644\u0627\u0633\u062a\u062e\u062f\u0627\u0645 \u0627\u0644\u062e\u0627\u0631\u062c\u064a. \u062a\u062c\u0646\u0628 \u0645\u0644\u0627\u0645\u0633\u0629 \u0627\u0644\u0639\u064a\u0646\u064a\u0646.<\/p>\n<p><strong>\u0645\u062f\u0629 \u0627\u0644\u0635\u0644\u0627\u062d\u064a\u0629:<\/strong><span>\u00a0<\/span>48 \u0634\u0647\u0631\u064b\u0627\u060c \u062a\u062e\u0632\u064a\u0646 \u0623\u0642\u0644 \u0645\u0646 30 \u062f\u0631\u062c\u0629 \u0645\u0626\u0648\u064a\u0629.<\/p>\n<p><strong>\u0645\u062f\u0629 \u0627\u0644\u0635\u0644\u0627\u062d\u064a\u0629 \u0628\u0639\u062f \u0641\u062a\u062d \u0627\u0644\u0623\u0645\u0628\u0648\u0644\u0629:<\/strong><span>\u00a0<\/span>\u0634\u0647\u0631 \u0648\u0627\u062d\u062f.<\/p>\n<p><strong>\u0627\u0644\u062a\u0643\u0646\u0648\u0644\u0648\u062c\u064a\u0627 \u0627\u0644\u062d\u0627\u0635\u0644\u0629 \u0639\u0644\u0649 \u0628\u0631\u0627\u0621\u0629 \u0627\u062e\u062a\u0631\u0627\u0639:<span>\u00a0<\/span><\/strong>\u062a\u0642\u0646\u064a\u0629 \u0639\u0627\u0645\u0644 \u0627\u0644\u0646\u0645\u0648 SCA\u00ae.<\/p>\n<p>\u063a\u064a\u0631 \u0643\u0648\u0645\u064a\u062f\u0648\u063a\u064a\u0646\u064a\u0643.<\/p>\n<h3>\u0645\u0644\u0643\u064a\u0627\u062a<\/h3>\n<p><span>\u062d\u0645\u0636 \u0627\u0644\u0647\u064a\u0627\u0644\u0648\u0631\u0648\u0646\u064a\u0643<\/span><br \/><span>\u0627\u0644\u0646\u064a\u0627\u0633\u064a\u0646\u0627\u0645\u064a\u062f<\/span><br \/><span>Ingr\u00e9dients hydratants et r\u00e9parateurs<\/span><\/p>\n<h3>\u062a\u0639\u0628\u064a\u0631<\/h3>\n<ul>\n<li>\u062a\u0642\u0646\u064a\u0629 \u0639\u0627\u0645\u0644 \u0627\u0644\u0646\u0645\u0648 SCA\u00ae<\/li>\n<li>\u0641\u064a\u062a\u0627\u0645\u064a\u0646 \u0633\u064a<\/li>\n<li>\u0627\u0644\u0628\u0631\u0648\u062a\u064a\u0648\u063a\u0644\u064a\u0643\u0627\u0646<\/li>\n<\/ul>","protected":false},"excerpt":{"rendered":"<p>Endocare Renewal Retinol Intensive Serum S\u00e9rum de texture anhydre formul\u00e9 avec\u00a0la technologie RetinSphere\u00ae\u00a0, contient une concentration \u00e9lev\u00e9e de r\u00e9tino\u00efdes dans des micro\u00e9ponges qui assurent une retexturisation intensive et un renouvellement \u00e9pidermique. R\u00e9duit visiblement les ridules et les rides et unifie la texture, am\u00e9liorant ainsi l&rsquo;apparence et la luminosit\u00e9 de la peau. Utilisations Appliquer le soir [&hellip;]<\/p>\n","protected":false},"featured_media":17503,"template":"","meta":{"om_disable_all_campaigns":false},"product_brand":[],"product_cat":[15],"product_tag":[],"class_list":{"0":"post-17504","1":"product","2":"type-product","3":"status-publish","4":"has-post-thumbnail","6":"product_cat-beaute-sante-complements-alimentaires-soins-et-bien-etre-au-meilleur-prix","8":"first","9":"instock","10":"sale","11":"taxable","12":"shipping-taxable","13":"purchasable","14":"product-type-simple"},"yoast_head":"<!-- This site is optimized with the Yoast SEO plugin v27.3 - https:\/\/yoast.com\/product\/yoast-seo-wordpress\/ -->\n<title>Endocare Renewal Retinol Intensive Serum 30ml - Maroc Prix<\/title>\n<meta name=\"description\" content=\"Endocare Renewal Retinol Intensive Serum 30ml\" \/>\n<meta name=\"robots\" content=\"index, follow, max-snippet:-1, max-image-preview:large, max-video-preview:-1\" \/>\n<link rel=\"canonical\" href=\"https:\/\/vitablanca.ma\/ar\/product-2\/endocare-renewal-retinol-intensive-serum-30ml\/\" \/>\n<meta property=\"og:locale\" content=\"ar_AR\" \/>\n<meta property=\"og:type\" content=\"article\" \/>\n<meta property=\"og:title\" content=\"Endocare Renewal Retinol Intensive Serum 30ml - Maroc Prix\" \/>\n<meta property=\"og:description\" content=\"Endocare Renewal Retinol Intensive Serum 30ml\" \/>\n<meta property=\"og:url\" content=\"https:\/\/vitablanca.ma\/ar\/product-2\/endocare-renewal-retinol-intensive-serum-30ml\/\" \/>\n<meta property=\"og:site_name\" content=\"Vitablanca.ma &ndash; Sant&eacute;, vitalit&eacute; et bien-&ecirc;tre pour tous les Marocains\" \/>\n<meta property=\"article:publisher\" content=\"https:\/\/www.facebook.com\/profile.php?id=61576678196717\" \/>\n<meta property=\"og:image\" content=\"https:\/\/vitablanca.ma\/wp-content\/uploads\/2025\/06\/Endocare-Renewal-Retinol-Intensive-Serum-30ml-nova-para-Maroc.jpg\" \/>\n\t<meta property=\"og:image:width\" content=\"1000\" \/>\n\t<meta property=\"og:image:height\" content=\"1000\" \/>\n\t<meta property=\"og:image:type\" content=\"image\/jpeg\" \/>\n<meta name=\"twitter:card\" content=\"summary_large_image\" \/>\n<meta name=\"twitter:label1\" content=\"\u0648\u0642\u062a \u0627\u0644\u0642\u0631\u0627\u0621\u0629 \u0627\u0644\u0645\u064f\u0642\u062f\u0651\u0631\" \/>\n\t<meta name=\"twitter:data1\" content=\"\u062f\u0642\u064a\u0642\u0629 \u0648\u0627\u062d\u062f\u0629\" \/>\n<script type=\"application\/ld+json\" class=\"yoast-schema-graph\">{\"@context\":\"https:\\\/\\\/schema.org\",\"@graph\":[{\"@type\":[\"WebPage\",\"ItemPage\"],\"@id\":\"https:\\\/\\\/vitablanca.ma\\\/produit\\\/endocare-renewal-retinol-intensive-serum-30ml\\\/\",\"url\":\"https:\\\/\\\/vitablanca.ma\\\/produit\\\/endocare-renewal-retinol-intensive-serum-30ml\\\/\",\"name\":\"Endocare Renewal Retinol Intensive Serum 30ml - Maroc Prix\",\"isPartOf\":{\"@id\":\"https:\\\/\\\/vitablanca.ma\\\/#website\"},\"primaryImageOfPage\":{\"@id\":\"https:\\\/\\\/vitablanca.ma\\\/produit\\\/endocare-renewal-retinol-intensive-serum-30ml\\\/#primaryimage\"},\"image\":{\"@id\":\"https:\\\/\\\/vitablanca.ma\\\/produit\\\/endocare-renewal-retinol-intensive-serum-30ml\\\/#primaryimage\"},\"thumbnailUrl\":\"https:\\\/\\\/vitablanca.ma\\\/wp-content\\\/uploads\\\/2025\\\/06\\\/Endocare-Renewal-Retinol-Intensive-Serum-30ml-nova-para-Maroc.jpg\",\"datePublished\":\"2025-06-10T17:02:20+00:00\",\"description\":\"Endocare Renewal Retinol Intensive Serum 30ml\",\"breadcrumb\":{\"@id\":\"https:\\\/\\\/vitablanca.ma\\\/produit\\\/endocare-renewal-retinol-intensive-serum-30ml\\\/#breadcrumb\"},\"inLanguage\":\"ar\",\"potentialAction\":[{\"@type\":\"ReadAction\",\"target\":[\"https:\\\/\\\/vitablanca.ma\\\/produit\\\/endocare-renewal-retinol-intensive-serum-30ml\\\/\"]}]},{\"@type\":\"ImageObject\",\"inLanguage\":\"ar\",\"@id\":\"https:\\\/\\\/vitablanca.ma\\\/produit\\\/endocare-renewal-retinol-intensive-serum-30ml\\\/#primaryimage\",\"url\":\"https:\\\/\\\/vitablanca.ma\\\/wp-content\\\/uploads\\\/2025\\\/06\\\/Endocare-Renewal-Retinol-Intensive-Serum-30ml-nova-para-Maroc.jpg\",\"contentUrl\":\"https:\\\/\\\/vitablanca.ma\\\/wp-content\\\/uploads\\\/2025\\\/06\\\/Endocare-Renewal-Retinol-Intensive-Serum-30ml-nova-para-Maroc.jpg\",\"width\":1000,\"height\":1000},{\"@type\":\"BreadcrumbList\",\"@id\":\"https:\\\/\\\/vitablanca.ma\\\/produit\\\/endocare-renewal-retinol-intensive-serum-30ml\\\/#breadcrumb\",\"itemListElement\":[{\"@type\":\"ListItem\",\"position\":1,\"name\":\"Home\",\"item\":\"https:\\\/\\\/vitablanca.ma\\\/\"},{\"@type\":\"ListItem\",\"position\":2,\"name\":\"Tous Les Produits\",\"item\":\"https:\\\/\\\/vitablanca.ma\\\/tous-les-produits\\\/\"},{\"@type\":\"ListItem\",\"position\":3,\"name\":\"Endocare Renewal Retinol Intensive Serum 30ml\"}]},{\"@type\":\"WebSite\",\"@id\":\"https:\\\/\\\/vitablanca.ma\\\/#website\",\"url\":\"https:\\\/\\\/vitablanca.ma\\\/\",\"name\":\"VitaBlanca.ma | Compl\u00e9ments alimentaires, sant\u00e9 & beaut\u00e9 au Maroc\",\"description\":\"vendre vitamines et compl\u00e9ments premium des USA &amp; Canada, Nouvelle Z\u00e9lande,Maroc (NOW Foods, Solgar, Manuka). Livraison rapide partout au Maroc.\",\"publisher\":{\"@id\":\"https:\\\/\\\/vitablanca.ma\\\/#organization\"},\"alternateName\":\"VitaBlanca.ma\",\"potentialAction\":[{\"@type\":\"SearchAction\",\"target\":{\"@type\":\"EntryPoint\",\"urlTemplate\":\"https:\\\/\\\/vitablanca.ma\\\/?s={search_term_string}\"},\"query-input\":{\"@type\":\"PropertyValueSpecification\",\"valueRequired\":true,\"valueName\":\"search_term_string\"}}],\"inLanguage\":\"ar\"},{\"@type\":\"Organization\",\"@id\":\"https:\\\/\\\/vitablanca.ma\\\/#organization\",\"name\":\"VitaBlanca\",\"url\":\"https:\\\/\\\/vitablanca.ma\\\/\",\"logo\":{\"@type\":\"ImageObject\",\"inLanguage\":\"ar\",\"@id\":\"https:\\\/\\\/vitablanca.ma\\\/#\\\/schema\\\/logo\\\/image\\\/\",\"url\":\"https:\\\/\\\/vitablanca.ma\\\/wp-content\\\/uploads\\\/2025\\\/05\\\/cropped-vitablanca.png\",\"contentUrl\":\"https:\\\/\\\/vitablanca.ma\\\/wp-content\\\/uploads\\\/2025\\\/05\\\/cropped-vitablanca.png\",\"width\":360,\"height\":67,\"caption\":\"VitaBlanca\"},\"image\":{\"@id\":\"https:\\\/\\\/vitablanca.ma\\\/#\\\/schema\\\/logo\\\/image\\\/\"},\"sameAs\":[\"https:\\\/\\\/www.facebook.com\\\/profile.php?id=61576678196717\",\"https:\\\/\\\/www.tiktok.com\\\/@vitablanca.ma\",\"https:\\\/\\\/www.instagram.com\\\/vitablanca.ma\\\/\"]}]}<\/script>\n<!-- \/ Yoast SEO plugin. -->","yoast_head_json":{"title":"Endocare Renewal Retinol Intensive Serum 30ml - Maroc Prix","description":"\u0633\u064a\u0631\u0648\u0645 \u0625\u0646\u062f\u0648\u0643\u064a\u0631 \u0631\u064a\u0646\u064a\u0648\u0627\u0644 \u0631\u064a\u062a\u064a\u0646\u0648\u0644 \u0627\u0644\u0645\u0643\u062b\u0641 30 \u0645\u0644","robots":{"index":"index","follow":"follow","max-snippet":"max-snippet:-1","max-image-preview":"max-image-preview:large","max-video-preview":"max-video-preview:-1"},"canonical":"https:\/\/vitablanca.ma\/ar\/product-2\/endocare-renewal-retinol-intensive-serum-30ml\/","og_locale":"ar_AR","og_type":"article","og_title":"Endocare Renewal Retinol Intensive Serum 30ml - Maroc Prix","og_description":"Endocare Renewal Retinol Intensive Serum 30ml","og_url":"https:\/\/vitablanca.ma\/ar\/product-2\/endocare-renewal-retinol-intensive-serum-30ml\/","og_site_name":"Vitablanca.ma &ndash; Sant&eacute;, vitalit&eacute; et bien-&ecirc;tre pour tous les Marocains","article_publisher":"https:\/\/www.facebook.com\/profile.php?id=61576678196717","og_image":[{"width":1000,"height":1000,"url":"https:\/\/vitablanca.ma\/wp-content\/uploads\/2025\/06\/Endocare-Renewal-Retinol-Intensive-Serum-30ml-nova-para-Maroc.jpg","type":"image\/jpeg"}],"twitter_card":"summary_large_image","twitter_misc":{"\u0648\u0642\u062a \u0627\u0644\u0642\u0631\u0627\u0621\u0629 \u0627\u0644\u0645\u064f\u0642\u062f\u0651\u0631":"\u062f\u0642\u064a\u0642\u0629 \u0648\u0627\u062d\u062f\u0629"},"schema":{"@context":"https:\/\/schema.org","@graph":[{"@type":["WebPage","ItemPage"],"@id":"https:\/\/vitablanca.ma\/produit\/endocare-renewal-retinol-intensive-serum-30ml\/","url":"https:\/\/vitablanca.ma\/produit\/endocare-renewal-retinol-intensive-serum-30ml\/","name":"Endocare Renewal Retinol Intensive Serum 30ml - Maroc Prix","isPartOf":{"@id":"https:\/\/vitablanca.ma\/#website"},"primaryImageOfPage":{"@id":"https:\/\/vitablanca.ma\/produit\/endocare-renewal-retinol-intensive-serum-30ml\/#primaryimage"},"image":{"@id":"https:\/\/vitablanca.ma\/produit\/endocare-renewal-retinol-intensive-serum-30ml\/#primaryimage"},"thumbnailUrl":"https:\/\/vitablanca.ma\/wp-content\/uploads\/2025\/06\/Endocare-Renewal-Retinol-Intensive-Serum-30ml-nova-para-Maroc.jpg","datePublished":"2025-06-10T17:02:20+00:00","description":"\u0633\u064a\u0631\u0648\u0645 \u0625\u0646\u062f\u0648\u0643\u064a\u0631 \u0631\u064a\u0646\u064a\u0648\u0627\u0644 \u0631\u064a\u062a\u064a\u0646\u0648\u0644 \u0627\u0644\u0645\u0643\u062b\u0641 30 \u0645\u0644","breadcrumb":{"@id":"https:\/\/vitablanca.ma\/produit\/endocare-renewal-retinol-intensive-serum-30ml\/#breadcrumb"},"inLanguage":"ar","potentialAction":[{"@type":"ReadAction","target":["https:\/\/vitablanca.ma\/produit\/endocare-renewal-retinol-intensive-serum-30ml\/"]}]},{"@type":"ImageObject","inLanguage":"ar","@id":"https:\/\/vitablanca.ma\/produit\/endocare-renewal-retinol-intensive-serum-30ml\/#primaryimage","url":"https:\/\/vitablanca.ma\/wp-content\/uploads\/2025\/06\/Endocare-Renewal-Retinol-Intensive-Serum-30ml-nova-para-Maroc.jpg","contentUrl":"https:\/\/vitablanca.ma\/wp-content\/uploads\/2025\/06\/Endocare-Renewal-Retinol-Intensive-Serum-30ml-nova-para-Maroc.jpg","width":1000,"height":1000},{"@type":"BreadcrumbList","@id":"https:\/\/vitablanca.ma\/produit\/endocare-renewal-retinol-intensive-serum-30ml\/#breadcrumb","itemListElement":[{"@type":"ListItem","position":1,"name":"Home","item":"https:\/\/vitablanca.ma\/"},{"@type":"ListItem","position":2,"name":"Tous Les Produits","item":"https:\/\/vitablanca.ma\/tous-les-produits\/"},{"@type":"ListItem","position":3,"name":"Endocare Renewal Retinol Intensive Serum 30ml"}]},{"@type":"WebSite","@id":"https:\/\/vitablanca.ma\/#website","url":"https:\/\/vitablanca.ma\/","name":"VitaBlanca.ma | \u0627\u0644\u0645\u0643\u0645\u0644\u0627\u062a \u0627\u0644\u063a\u0630\u0627\u0626\u064a\u0629\u060c \u0627\u0644\u0635\u062d\u0629 \u0648\u0627\u0644\u062c\u0645\u0627\u0644 \u0641\u064a \u0627\u0644\u0645\u063a\u0631\u0628","description":"\u0646\u0628\u064a\u0639 \u0641\u064a\u062a\u0627\u0645\u064a\u0646\u0627\u062a \u0648\u0645\u0643\u0645\u0644\u0627\u062a \u063a\u0630\u0627\u0626\u064a\u0629 \u0641\u0627\u062e\u0631\u0629 \u0645\u0646 \u0627\u0644\u0648\u0644\u0627\u064a\u0627\u062a \u0627\u0644\u0645\u062a\u062d\u062f\u0629 \u0627\u0644\u0623\u0645\u0631\u064a\u0643\u064a\u0629 \u0648\u0643\u0646\u062f\u0627 \u0648\u0646\u064a\u0648\u0632\u064a\u0644\u0646\u062f\u0627 \u0648\u0627\u0644\u0645\u063a\u0631\u0628 (\u0646\u0627\u0648 \u0641\u0648\u062f\u0632\u060c \u0633\u0648\u0644\u062c\u0627\u0631\u060c \u0645\u0627\u0646\u0648\u0643\u0627). \u062a\u0648\u0635\u064a\u0644 \u0633\u0631\u064a\u0639 \u0625\u0644\u0649 \u062c\u0645\u064a\u0639 \u0623\u0646\u062d\u0627\u0621 \u0627\u0644\u0645\u063a\u0631\u0628.","publisher":{"@id":"https:\/\/vitablanca.ma\/#organization"},"alternateName":"VitaBlanca.ma","potentialAction":[{"@type":"SearchAction","target":{"@type":"EntryPoint","urlTemplate":"https:\/\/vitablanca.ma\/?s={search_term_string}"},"query-input":{"@type":"PropertyValueSpecification","valueRequired":true,"valueName":"search_term_string"}}],"inLanguage":"ar"},{"@type":"Organization","@id":"https:\/\/vitablanca.ma\/#organization","name":"\u0641\u064a\u062a\u0627\u0628\u0644\u0627\u0646\u0643\u0627","url":"https:\/\/vitablanca.ma\/","logo":{"@type":"ImageObject","inLanguage":"ar","@id":"https:\/\/vitablanca.ma\/#\/schema\/logo\/image\/","url":"https:\/\/vitablanca.ma\/wp-content\/uploads\/2025\/05\/cropped-vitablanca.png","contentUrl":"https:\/\/vitablanca.ma\/wp-content\/uploads\/2025\/05\/cropped-vitablanca.png","width":360,"height":67,"caption":"VitaBlanca"},"image":{"@id":"https:\/\/vitablanca.ma\/#\/schema\/logo\/image\/"},"sameAs":["https:\/\/www.facebook.com\/profile.php?id=61576678196717","https:\/\/www.tiktok.com\/@vitablanca.ma","https:\/\/www.instagram.com\/vitablanca.ma\/"]}]}},"jetpack_sharing_enabled":true,"_links":{"self":[{"href":"https:\/\/vitablanca.ma\/ar\/wp-json\/wp\/v2\/product\/17504","targetHints":{"allow":["GET"]}}],"collection":[{"href":"https:\/\/vitablanca.ma\/ar\/wp-json\/wp\/v2\/product"}],"about":[{"href":"https:\/\/vitablanca.ma\/ar\/wp-json\/wp\/v2\/types\/product"}],"wp:featuredmedia":[{"embeddable":true,"href":"https:\/\/vitablanca.ma\/ar\/wp-json\/wp\/v2\/media\/17503"}],"wp:attachment":[{"href":"https:\/\/vitablanca.ma\/ar\/wp-json\/wp\/v2\/media?parent=17504"}],"wp:term":[{"taxonomy":"product_brand","embeddable":true,"href":"https:\/\/vitablanca.ma\/ar\/wp-json\/wp\/v2\/product_brand?post=17504"},{"taxonomy":"product_cat","embeddable":true,"href":"https:\/\/vitablanca.ma\/ar\/wp-json\/wp\/v2\/product_cat?post=17504"},{"taxonomy":"product_tag","embeddable":true,"href":"https:\/\/vitablanca.ma\/ar\/wp-json\/wp\/v2\/product_tag?post=17504"}],"curies":[{"name":"wp","href":"https:\/\/api.w.org\/{rel}","templated":true}]}}