{"id":17501,"date":"2025-06-10T17:02:16","date_gmt":"2025-06-10T17:02:16","guid":{"rendered":"https:\/\/vitablanca.ma\/product\/ducray-ictyane-hydra-creme-legere-visage-40ml\/"},"modified":"2025-06-10T17:02:16","modified_gmt":"2025-06-10T17:02:16","slug":"ducray-ictyane-hydra-creme-legere-visage-40ml","status":"publish","type":"product","link":"https:\/\/vitablanca.ma\/ar\/product-2\/ducray-ictyane-hydra-creme-legere-visage-40ml\/","title":{"rendered":"Ducray ICTYANE HYDRA Cr\u00e8me L\u00e9g\u00e8re Visage 40ml"},"content":{"rendered":"<h2>Ducray ICTYANE HYDRA Cr\u00e8me L\u00e9g\u00e8re Visage.<\/h2>\n<div class=\"field-title\"><span class=\"field-content\">Soin visage hydratant quotidien des peaux normales \u00e0 s\u00e8ches.<\/span><\/div>\n<div class=\"product-categories\">\n<div class=\"categories-table\">\n<div class=\"categories-row\">\n<div class=\"category-content\">\u062c\u0641\u0627\u0641 \u0627\u0644\u062c\u0644\u062f.<\/div>\n<\/div>\n<div class=\"categories-row\">\n<div class=\"category-content\">\u0627\u0644\u0628\u0634\u0631\u0629 \u0627\u0644\u0639\u0627\u062f\u064a\u0629 \u0625\u0644\u0649 \u0627\u0644\u062c\u0627\u0641\u0629.<br \/>40\u0645\u0644.<\/div>\n<div class=\"category-content\"><\/div>\n<div class=\"category-content\">\n<span>La cr\u00e8me l\u00e9g\u00e8re ICTYANE HYDRA\u00a0<\/span><strong>r\u00e9invente<\/strong><span>\u00a0<\/span><strong>l&rsquo;hydratation<\/strong><span>\u00a0des peaux normales \u00e0 s\u00e8ches au quotidien.<\/span>\n<\/div>\n<div class=\"category-content\"><\/div>\n<div class=\"category-content\">\n<div class=\"wrapper_product-collapsible-sections_item_title ellipse-down ellipse-base el-width-150 el-center\">\n<h3 data-dc-js-cs-role=\"label\" class=\"product-collapsible-sections_item_title\">\u0641\u0648\u0627\u0626\u062f<\/h3>\n<\/div>\n<div data-dc-js-cs-role=\"content\" class=\"product-collapsible-sections_item_content\">\n<div class=\"field-collection-container clearfix\">\n<div class=\"field-collection-view clearfix view-mode-full\">\n<div class=\"product-benefit_item\">\n<p class=\"product-benefit_item_title contextual-color\"><strong>HYDRATATION QUOTIDIENNE POUR LES PEAUX NORMALES \u00c0 S\u00c8CHES<\/strong><br \/>Contient un complexe Ac\u00e9fylline + Huile d&rsquo;Abyssinie qui r\u00e9apprend \u00e0 la peau \u00e0 se nourrir et s&rsquo;hydrater par elle-m\u00eame<\/p>\n<p><strong>HYDRATATION DURABLE<\/strong><br \/>La peau est significativement hydrat\u00e9e toute la journ\u00e9e<\/p>\n<p><strong>TEXTURE \u00c9MULSION L\u00c9G\u00c8RE, FRA\u00ceCHE ET FONDANTE<\/strong><br \/>Sa texture \u00e9mulsion l\u00e9g\u00e8re, fra\u00eeche et fondante p\u00e9n\u00e8tre rapidement pour laisser la peau douce et souple.<\/p>\n<h4 class=\"product-collapsible-sections_item_subtitle contextual-color\">\u062d\u0648\u0644 \u0627\u0644\u0628\u0634\u0631\u0629 \u0627\u0644\u062c\u0627\u0641\u0629<\/h4>\n<div id=\"rmjs-1\" aria-expanded=\"true\" data-readmore=\"\" class=\"product-collapsible-sections_item_subcontent readmore-add-processed\">Toutes les peaux, qu\u2019elles soient s\u00e8ches ou grasses, ont besoin d\u2019hydratation. Elles se d\u00e9shydratent au quotidien, notamment sous l\u2019influence de diff\u00e9rents facteurs environnementaux (chaleur, vent, froid, utilisation de cosm\u00e9tiques agressifs\u2026). L\u2019eau est\u00a0 en effet un \u00e9l\u00e9ment essentiel \u00e0 la peau. Elle participe \u00e0 son \u00e9lasticit\u00e9, ralentit le vieillissement cutan\u00e9 et am\u00e9liore sa luminosit\u00e9. Une peau hydrat\u00e9e est plus r\u00e9sistante face aux agressions de l\u2019environnement ext\u00e9rieur. Une hydratation quotidienne de la peau du visage est donc indispensable.<\/div>\n<div aria-expanded=\"true\" data-readmore=\"\" class=\"product-collapsible-sections_item_subcontent readmore-add-processed\"><\/div>\n<h3 aria-expanded=\"true\" class=\"product-collapsible-sections_item_subcontent readmore-add-processed\"><span>\u0646\u0635\u0627\u0626\u062d \u0627\u0644\u062a\u0642\u062f\u064a\u0645<\/span><\/h3>\n<p><span>Appliquer matin et\/ou soir sur le visage et le cou.<\/span><\/p>\n<h3><span>\u0627\u062d\u062a\u064a\u0627\u0637\u0627\u062a \u0627\u0644\u0627\u0633\u062a\u062e\u062f\u0627\u0645<\/span><\/h3>\n<p><span>\u062a\u062c\u0646\u0628 \u0645\u0644\u0627\u0645\u0633\u0629 \u0627\u0644\u0639\u064a\u0646\u064a\u0646.<\/span><\/p>\n<\/div>\n<\/div>\n<\/div>\n<\/div>\n<\/div>\n<\/div>\n<\/div>\n<\/div>","protected":false},"excerpt":{"rendered":"<p>Ducray ICTYANE HYDRA Cr\u00e8me L\u00e9g\u00e8re Visage. Soin visage hydratant quotidien des peaux normales \u00e0 s\u00e8ches. S\u00e9cheresse cutan\u00e9e. Peaux normales \u00e0 s\u00e8ches.40ml. La cr\u00e8me l\u00e9g\u00e8re ICTYANE HYDRA\u00a0r\u00e9invente\u00a0l&rsquo;hydratation\u00a0des peaux normales \u00e0 s\u00e8ches au quotidien. B\u00c9N\u00c9FICES HYDRATATION QUOTIDIENNE POUR LES PEAUX NORMALES \u00c0 S\u00c8CHESContient un complexe Ac\u00e9fylline + Huile d&rsquo;Abyssinie qui r\u00e9apprend \u00e0 la peau \u00e0 se nourrir [&hellip;]<\/p>\n","protected":false},"featured_media":17492,"template":"","meta":{"om_disable_all_campaigns":false},"product_brand":[],"product_cat":[15],"product_tag":[],"class_list":{"0":"post-17501","1":"product","2":"type-product","3":"status-publish","4":"has-post-thumbnail","6":"product_cat-beaute-sante-complements-alimentaires-soins-et-bien-etre-au-meilleur-prix","8":"first","9":"instock","10":"sale","11":"taxable","12":"shipping-taxable","13":"purchasable","14":"product-type-simple"},"yoast_head":"<!-- This site is optimized with the Yoast SEO plugin v27.3 - https:\/\/yoast.com\/product\/yoast-seo-wordpress\/ -->\n<title>Ducray ICTYANE HYDRA Cr\u00e8me L\u00e9g\u00e8re Visage 40ml - Maroc Prix<\/title>\n<meta name=\"description\" content=\"Ducray ICTYANE HYDRA Cr\u00e8me L\u00e9g\u00e8re Visage 40ml\" \/>\n<meta name=\"robots\" content=\"index, follow, max-snippet:-1, max-image-preview:large, max-video-preview:-1\" \/>\n<link rel=\"canonical\" href=\"https:\/\/vitablanca.ma\/ar\/product-2\/ducray-ictyane-hydra-creme-legere-visage-40ml\/\" \/>\n<meta property=\"og:locale\" content=\"ar_AR\" \/>\n<meta property=\"og:type\" content=\"article\" \/>\n<meta property=\"og:title\" content=\"Ducray ICTYANE HYDRA Cr\u00e8me L\u00e9g\u00e8re Visage 40ml - Maroc Prix\" \/>\n<meta property=\"og:description\" content=\"Ducray ICTYANE HYDRA Cr\u00e8me L\u00e9g\u00e8re Visage 40ml\" \/>\n<meta property=\"og:url\" content=\"https:\/\/vitablanca.ma\/ar\/product-2\/ducray-ictyane-hydra-creme-legere-visage-40ml\/\" \/>\n<meta property=\"og:site_name\" content=\"Vitablanca.ma &ndash; Sant&eacute;, vitalit&eacute; et bien-&ecirc;tre pour tous les Marocains\" \/>\n<meta property=\"article:publisher\" content=\"https:\/\/www.facebook.com\/profile.php?id=61576678196717\" \/>\n<meta property=\"og:image\" content=\"https:\/\/vitablanca.ma\/wp-content\/uploads\/2025\/06\/Ducray-ICTYANE-HYDRA-Creme-Legere-Visage-40ml-nova-parapharmacie-casablanca.jpg\" \/>\n\t<meta property=\"og:image:width\" content=\"1000\" \/>\n\t<meta property=\"og:image:height\" content=\"1000\" \/>\n\t<meta property=\"og:image:type\" content=\"image\/jpeg\" \/>\n<meta name=\"twitter:card\" content=\"summary_large_image\" \/>\n<meta name=\"twitter:label1\" content=\"\u0648\u0642\u062a \u0627\u0644\u0642\u0631\u0627\u0621\u0629 \u0627\u0644\u0645\u064f\u0642\u062f\u0651\u0631\" \/>\n\t<meta name=\"twitter:data1\" content=\"\u062f\u0642\u064a\u0642\u0629 \u0648\u0627\u062d\u062f\u0629\" \/>\n<script type=\"application\/ld+json\" class=\"yoast-schema-graph\">{\"@context\":\"https:\\\/\\\/schema.org\",\"@graph\":[{\"@type\":[\"WebPage\",\"ItemPage\"],\"@id\":\"https:\\\/\\\/vitablanca.ma\\\/produit\\\/ducray-ictyane-hydra-creme-legere-visage-40ml\\\/\",\"url\":\"https:\\\/\\\/vitablanca.ma\\\/produit\\\/ducray-ictyane-hydra-creme-legere-visage-40ml\\\/\",\"name\":\"Ducray ICTYANE HYDRA Cr\u00e8me L\u00e9g\u00e8re Visage 40ml - Maroc Prix\",\"isPartOf\":{\"@id\":\"https:\\\/\\\/vitablanca.ma\\\/#website\"},\"primaryImageOfPage\":{\"@id\":\"https:\\\/\\\/vitablanca.ma\\\/produit\\\/ducray-ictyane-hydra-creme-legere-visage-40ml\\\/#primaryimage\"},\"image\":{\"@id\":\"https:\\\/\\\/vitablanca.ma\\\/produit\\\/ducray-ictyane-hydra-creme-legere-visage-40ml\\\/#primaryimage\"},\"thumbnailUrl\":\"https:\\\/\\\/vitablanca.ma\\\/wp-content\\\/uploads\\\/2025\\\/06\\\/Ducray-ICTYANE-HYDRA-Creme-Legere-Visage-40ml-nova-parapharmacie-casablanca.jpg\",\"datePublished\":\"2025-06-10T17:02:16+00:00\",\"description\":\"Ducray ICTYANE HYDRA Cr\u00e8me L\u00e9g\u00e8re Visage 40ml\",\"breadcrumb\":{\"@id\":\"https:\\\/\\\/vitablanca.ma\\\/produit\\\/ducray-ictyane-hydra-creme-legere-visage-40ml\\\/#breadcrumb\"},\"inLanguage\":\"ar\",\"potentialAction\":[{\"@type\":\"ReadAction\",\"target\":[\"https:\\\/\\\/vitablanca.ma\\\/produit\\\/ducray-ictyane-hydra-creme-legere-visage-40ml\\\/\"]}]},{\"@type\":\"ImageObject\",\"inLanguage\":\"ar\",\"@id\":\"https:\\\/\\\/vitablanca.ma\\\/produit\\\/ducray-ictyane-hydra-creme-legere-visage-40ml\\\/#primaryimage\",\"url\":\"https:\\\/\\\/vitablanca.ma\\\/wp-content\\\/uploads\\\/2025\\\/06\\\/Ducray-ICTYANE-HYDRA-Creme-Legere-Visage-40ml-nova-parapharmacie-casablanca.jpg\",\"contentUrl\":\"https:\\\/\\\/vitablanca.ma\\\/wp-content\\\/uploads\\\/2025\\\/06\\\/Ducray-ICTYANE-HYDRA-Creme-Legere-Visage-40ml-nova-parapharmacie-casablanca.jpg\",\"width\":1000,\"height\":1000},{\"@type\":\"BreadcrumbList\",\"@id\":\"https:\\\/\\\/vitablanca.ma\\\/produit\\\/ducray-ictyane-hydra-creme-legere-visage-40ml\\\/#breadcrumb\",\"itemListElement\":[{\"@type\":\"ListItem\",\"position\":1,\"name\":\"Home\",\"item\":\"https:\\\/\\\/vitablanca.ma\\\/\"},{\"@type\":\"ListItem\",\"position\":2,\"name\":\"Tous Les Produits\",\"item\":\"https:\\\/\\\/vitablanca.ma\\\/tous-les-produits\\\/\"},{\"@type\":\"ListItem\",\"position\":3,\"name\":\"Ducray ICTYANE HYDRA Cr\u00e8me L\u00e9g\u00e8re Visage 40ml\"}]},{\"@type\":\"WebSite\",\"@id\":\"https:\\\/\\\/vitablanca.ma\\\/#website\",\"url\":\"https:\\\/\\\/vitablanca.ma\\\/\",\"name\":\"VitaBlanca.ma | Compl\u00e9ments alimentaires, sant\u00e9 & beaut\u00e9 au Maroc\",\"description\":\"vendre vitamines et compl\u00e9ments premium des USA &amp; Canada, Nouvelle Z\u00e9lande,Maroc (NOW Foods, Solgar, Manuka). Livraison rapide partout au Maroc.\",\"publisher\":{\"@id\":\"https:\\\/\\\/vitablanca.ma\\\/#organization\"},\"alternateName\":\"VitaBlanca.ma\",\"potentialAction\":[{\"@type\":\"SearchAction\",\"target\":{\"@type\":\"EntryPoint\",\"urlTemplate\":\"https:\\\/\\\/vitablanca.ma\\\/?s={search_term_string}\"},\"query-input\":{\"@type\":\"PropertyValueSpecification\",\"valueRequired\":true,\"valueName\":\"search_term_string\"}}],\"inLanguage\":\"ar\"},{\"@type\":\"Organization\",\"@id\":\"https:\\\/\\\/vitablanca.ma\\\/#organization\",\"name\":\"VitaBlanca\",\"url\":\"https:\\\/\\\/vitablanca.ma\\\/\",\"logo\":{\"@type\":\"ImageObject\",\"inLanguage\":\"ar\",\"@id\":\"https:\\\/\\\/vitablanca.ma\\\/#\\\/schema\\\/logo\\\/image\\\/\",\"url\":\"https:\\\/\\\/vitablanca.ma\\\/wp-content\\\/uploads\\\/2025\\\/05\\\/cropped-vitablanca.png\",\"contentUrl\":\"https:\\\/\\\/vitablanca.ma\\\/wp-content\\\/uploads\\\/2025\\\/05\\\/cropped-vitablanca.png\",\"width\":360,\"height\":67,\"caption\":\"VitaBlanca\"},\"image\":{\"@id\":\"https:\\\/\\\/vitablanca.ma\\\/#\\\/schema\\\/logo\\\/image\\\/\"},\"sameAs\":[\"https:\\\/\\\/www.facebook.com\\\/profile.php?id=61576678196717\",\"https:\\\/\\\/www.tiktok.com\\\/@vitablanca.ma\",\"https:\\\/\\\/www.instagram.com\\\/vitablanca.ma\\\/\"]}]}<\/script>\n<!-- \/ Yoast SEO plugin. -->","yoast_head_json":{"title":"Ducray ICTYANE HYDRA Cr\u00e8me L\u00e9g\u00e8re Visage 40ml - Maroc Prix","description":"Ducray ICTYANE HYDRA Cr\u00e8me L\u00e9g\u00e8re Visage 40ml","robots":{"index":"index","follow":"follow","max-snippet":"max-snippet:-1","max-image-preview":"max-image-preview:large","max-video-preview":"max-video-preview:-1"},"canonical":"https:\/\/vitablanca.ma\/ar\/product-2\/ducray-ictyane-hydra-creme-legere-visage-40ml\/","og_locale":"ar_AR","og_type":"article","og_title":"Ducray ICTYANE HYDRA Cr\u00e8me L\u00e9g\u00e8re Visage 40ml - Maroc Prix","og_description":"Ducray ICTYANE HYDRA Cr\u00e8me L\u00e9g\u00e8re Visage 40ml","og_url":"https:\/\/vitablanca.ma\/ar\/product-2\/ducray-ictyane-hydra-creme-legere-visage-40ml\/","og_site_name":"Vitablanca.ma &ndash; Sant&eacute;, vitalit&eacute; et bien-&ecirc;tre pour tous les Marocains","article_publisher":"https:\/\/www.facebook.com\/profile.php?id=61576678196717","og_image":[{"width":1000,"height":1000,"url":"https:\/\/vitablanca.ma\/wp-content\/uploads\/2025\/06\/Ducray-ICTYANE-HYDRA-Creme-Legere-Visage-40ml-nova-parapharmacie-casablanca.jpg","type":"image\/jpeg"}],"twitter_card":"summary_large_image","twitter_misc":{"\u0648\u0642\u062a \u0627\u0644\u0642\u0631\u0627\u0621\u0629 \u0627\u0644\u0645\u064f\u0642\u062f\u0651\u0631":"\u062f\u0642\u064a\u0642\u0629 \u0648\u0627\u062d\u062f\u0629"},"schema":{"@context":"https:\/\/schema.org","@graph":[{"@type":["WebPage","ItemPage"],"@id":"https:\/\/vitablanca.ma\/produit\/ducray-ictyane-hydra-creme-legere-visage-40ml\/","url":"https:\/\/vitablanca.ma\/produit\/ducray-ictyane-hydra-creme-legere-visage-40ml\/","name":"Ducray ICTYANE HYDRA Cr\u00e8me L\u00e9g\u00e8re Visage 40ml - Maroc Prix","isPartOf":{"@id":"https:\/\/vitablanca.ma\/#website"},"primaryImageOfPage":{"@id":"https:\/\/vitablanca.ma\/produit\/ducray-ictyane-hydra-creme-legere-visage-40ml\/#primaryimage"},"image":{"@id":"https:\/\/vitablanca.ma\/produit\/ducray-ictyane-hydra-creme-legere-visage-40ml\/#primaryimage"},"thumbnailUrl":"https:\/\/vitablanca.ma\/wp-content\/uploads\/2025\/06\/Ducray-ICTYANE-HYDRA-Creme-Legere-Visage-40ml-nova-parapharmacie-casablanca.jpg","datePublished":"2025-06-10T17:02:16+00:00","description":"Ducray ICTYANE HYDRA Cr\u00e8me L\u00e9g\u00e8re Visage 40ml","breadcrumb":{"@id":"https:\/\/vitablanca.ma\/produit\/ducray-ictyane-hydra-creme-legere-visage-40ml\/#breadcrumb"},"inLanguage":"ar","potentialAction":[{"@type":"ReadAction","target":["https:\/\/vitablanca.ma\/produit\/ducray-ictyane-hydra-creme-legere-visage-40ml\/"]}]},{"@type":"ImageObject","inLanguage":"ar","@id":"https:\/\/vitablanca.ma\/produit\/ducray-ictyane-hydra-creme-legere-visage-40ml\/#primaryimage","url":"https:\/\/vitablanca.ma\/wp-content\/uploads\/2025\/06\/Ducray-ICTYANE-HYDRA-Creme-Legere-Visage-40ml-nova-parapharmacie-casablanca.jpg","contentUrl":"https:\/\/vitablanca.ma\/wp-content\/uploads\/2025\/06\/Ducray-ICTYANE-HYDRA-Creme-Legere-Visage-40ml-nova-parapharmacie-casablanca.jpg","width":1000,"height":1000},{"@type":"BreadcrumbList","@id":"https:\/\/vitablanca.ma\/produit\/ducray-ictyane-hydra-creme-legere-visage-40ml\/#breadcrumb","itemListElement":[{"@type":"ListItem","position":1,"name":"Home","item":"https:\/\/vitablanca.ma\/"},{"@type":"ListItem","position":2,"name":"Tous Les Produits","item":"https:\/\/vitablanca.ma\/tous-les-produits\/"},{"@type":"ListItem","position":3,"name":"Ducray ICTYANE HYDRA Cr\u00e8me L\u00e9g\u00e8re Visage 40ml"}]},{"@type":"WebSite","@id":"https:\/\/vitablanca.ma\/#website","url":"https:\/\/vitablanca.ma\/","name":"VitaBlanca.ma | \u0627\u0644\u0645\u0643\u0645\u0644\u0627\u062a \u0627\u0644\u063a\u0630\u0627\u0626\u064a\u0629\u060c \u0627\u0644\u0635\u062d\u0629 \u0648\u0627\u0644\u062c\u0645\u0627\u0644 \u0641\u064a \u0627\u0644\u0645\u063a\u0631\u0628","description":"\u0646\u0628\u064a\u0639 \u0641\u064a\u062a\u0627\u0645\u064a\u0646\u0627\u062a \u0648\u0645\u0643\u0645\u0644\u0627\u062a \u063a\u0630\u0627\u0626\u064a\u0629 \u0641\u0627\u062e\u0631\u0629 \u0645\u0646 \u0627\u0644\u0648\u0644\u0627\u064a\u0627\u062a \u0627\u0644\u0645\u062a\u062d\u062f\u0629 \u0627\u0644\u0623\u0645\u0631\u064a\u0643\u064a\u0629 \u0648\u0643\u0646\u062f\u0627 \u0648\u0646\u064a\u0648\u0632\u064a\u0644\u0646\u062f\u0627 \u0648\u0627\u0644\u0645\u063a\u0631\u0628 (\u0646\u0627\u0648 \u0641\u0648\u062f\u0632\u060c \u0633\u0648\u0644\u062c\u0627\u0631\u060c \u0645\u0627\u0646\u0648\u0643\u0627). \u062a\u0648\u0635\u064a\u0644 \u0633\u0631\u064a\u0639 \u0625\u0644\u0649 \u062c\u0645\u064a\u0639 \u0623\u0646\u062d\u0627\u0621 \u0627\u0644\u0645\u063a\u0631\u0628.","publisher":{"@id":"https:\/\/vitablanca.ma\/#organization"},"alternateName":"VitaBlanca.ma","potentialAction":[{"@type":"SearchAction","target":{"@type":"EntryPoint","urlTemplate":"https:\/\/vitablanca.ma\/?s={search_term_string}"},"query-input":{"@type":"PropertyValueSpecification","valueRequired":true,"valueName":"search_term_string"}}],"inLanguage":"ar"},{"@type":"Organization","@id":"https:\/\/vitablanca.ma\/#organization","name":"\u0641\u064a\u062a\u0627\u0628\u0644\u0627\u0646\u0643\u0627","url":"https:\/\/vitablanca.ma\/","logo":{"@type":"ImageObject","inLanguage":"ar","@id":"https:\/\/vitablanca.ma\/#\/schema\/logo\/image\/","url":"https:\/\/vitablanca.ma\/wp-content\/uploads\/2025\/05\/cropped-vitablanca.png","contentUrl":"https:\/\/vitablanca.ma\/wp-content\/uploads\/2025\/05\/cropped-vitablanca.png","width":360,"height":67,"caption":"VitaBlanca"},"image":{"@id":"https:\/\/vitablanca.ma\/#\/schema\/logo\/image\/"},"sameAs":["https:\/\/www.facebook.com\/profile.php?id=61576678196717","https:\/\/www.tiktok.com\/@vitablanca.ma","https:\/\/www.instagram.com\/vitablanca.ma\/"]}]}},"jetpack_sharing_enabled":true,"_links":{"self":[{"href":"https:\/\/vitablanca.ma\/ar\/wp-json\/wp\/v2\/product\/17501","targetHints":{"allow":["GET"]}}],"collection":[{"href":"https:\/\/vitablanca.ma\/ar\/wp-json\/wp\/v2\/product"}],"about":[{"href":"https:\/\/vitablanca.ma\/ar\/wp-json\/wp\/v2\/types\/product"}],"wp:featuredmedia":[{"embeddable":true,"href":"https:\/\/vitablanca.ma\/ar\/wp-json\/wp\/v2\/media\/17492"}],"wp:attachment":[{"href":"https:\/\/vitablanca.ma\/ar\/wp-json\/wp\/v2\/media?parent=17501"}],"wp:term":[{"taxonomy":"product_brand","embeddable":true,"href":"https:\/\/vitablanca.ma\/ar\/wp-json\/wp\/v2\/product_brand?post=17501"},{"taxonomy":"product_cat","embeddable":true,"href":"https:\/\/vitablanca.ma\/ar\/wp-json\/wp\/v2\/product_cat?post=17501"},{"taxonomy":"product_tag","embeddable":true,"href":"https:\/\/vitablanca.ma\/ar\/wp-json\/wp\/v2\/product_tag?post=17501"}],"curies":[{"name":"wp","href":"https:\/\/api.w.org\/{rel}","templated":true}]}}