{"id":17430,"date":"2025-06-10T17:01:01","date_gmt":"2025-06-10T17:01:01","guid":{"rendered":"https:\/\/vitablanca.ma\/product\/ecrinal-shampooing-ultra-doux-400ml\/"},"modified":"2025-06-10T17:01:01","modified_gmt":"2025-06-10T17:01:01","slug":"ecrinal-shampooing-ultra-doux-400ml","status":"publish","type":"product","link":"https:\/\/vitablanca.ma\/ar\/product-2\/ecrinal-shampooing-ultra-doux-400ml\/","title":{"rendered":"\u0634\u0627\u0645\u0628\u0648 \u0625\u0643\u0631\u064a\u0646\u0627\u0644 \u0623\u0644\u062a\u0631\u0627 \u062c\u0646\u062a\u0644 400 \u0645\u0644"},"content":{"rendered":"<h2>Ecrinal Shampooing Ultra Doux\u00a0<span data-mce-fragment=\"1\">apporte fra\u00eecheur, l\u00e9g\u00e8ret\u00e9 et brillance \u00e0 vos cheveux.<\/span><br \/>\n<\/h2>\n<p>Formule con\u00e7ue pour usage fr\u00e9quent, le shampooing ultra doux au lipesters de soie Ecrinal apaise le cuir chevelu et maintient son \u00e9quilibre. Il apporte fra\u00eecheur, l\u00e9g\u00e8ret\u00e9 et brillance \u00e0 vos cheveux. R\u00e9parateur, protecteur avec activateur de brillance. Maintien et restaure l&rsquo;\u00e9quilibre physiologique capillaire. Conditionnement : flacon plastique.<\/p>\n<h3>\u0637\u0631\u064a\u0642\u0629 \u0627\u0644\u0627\u0633\u062a\u062e\u062f\u0627\u0645<\/h3>\n<p><span>Un seul shampooing suffit. Rincer abondamment.<\/span><\/p>\n<h3>\u062a\u0639\u0628\u064a\u0631<\/h3>\n<div class=\"tabs_area\">\n<div class=\"tab_content\">\n<div class=\"tab tab-content-1 tab_content_conseil-utilisation\">\n<div class=\"tabs_area\">\n<div class=\"tab_content\">\n<div class=\"tab tab-content-2 tab_content_composition\">\n<div>\u0635\u064a\u063a\u0629 INCI: \u0645\u0627\u0621\u060c \u0643\u0628\u0631\u064a\u062a\u0627\u062a \u0644\u0648\u0631\u064a\u062b \u0627\u0644\u0635\u0648\u062f\u064a\u0648\u0645\u060c \u0643\u0648\u0643\u0627\u0645\u0641\u0648 \u0623\u0633\u064a\u062a\u0627\u062a \u0627\u0644\u0635\u0648\u062f\u064a\u0648\u0645\u060c \u0623\u062d\u0645\u0627\u0636 \u0623\u0645\u064a\u0646\u064a\u0629 \u0644\u0648\u0631\u0648\u064a\u0644 \u0627\u0644\u0634\u0648\u0641\u0627\u0646 \u0627\u0644\u0635\u0648\u062f\u064a\u0648\u0645\u060c \u0628\u0631\u0648\u0628\u064a\u0644\u064a\u0646 \u062c\u0644\u064a\u0643\u0648\u0644\u060c \u0643\u0648\u0643\u0627\u0645\u064a\u062f MIPA\u060c PEG-12 \u062f\u0627\u064a\u0645\u064a\u062b\u064a\u0643\u0648\u0646\u060c \u0639\u0637\u0631\u060c PEG-120 \u0645\u064a\u062b\u064a\u0644 \u062c\u0644\u0648\u0643\u0648\u0632 \u062f\u064a\u0648\u0644\u064a\u0627\u062a\u060c \u0625\u064a\u062b\u064a\u0644\u064a\u0646 \u062c\u0644\u064a\u0643\u0648\u0644 \u062f\u064a\u0633\u062a\u064a\u0631\u0627\u062a\u060c \u0643\u0627\u0628\u0631\u064a\u0644\u0648\u064a\u0644 \u0633\u064a\u0631\u064a\u0646\/\u0623\u062d\u0645\u0627\u0636 \u0623\u0645\u064a\u0646\u064a\u0629 \u062d\u0631\u064a\u0631\u064a\u0629 \u0625\u0633\u062a\u0631\u0627\u062a \u0645\u064a\u062b\u064a\u0644\u060c \u0641\u064a\u062a\u064a\u0633 \u0641\u064a\u0646\u064a\u0641\u064a\u0631\u0627\u060c \u0643\u0644\u0648\u0631\u064a\u062f \u0623\u0643\u0631\u064a\u0644\u0627\u0645\u064a\u062f\u0648\u0628\u0631\u0648\u0628\u064a\u0644 \u062a\u0631\u064a\u0645\u0648\u0646\u064a\u0648\u0645\/\u0643\u0648\u0628\u0648\u0644\u064a\u0645\u0631 \u0623\u0643\u0631\u064a\u0644\u0627\u0645\u064a\u062f\u0648\u0628\u0631\u0648\u0628\u064a\u0644 \u062a\u0631\u064a\u0645\u0648\u0646\u064a\u0648\u0645\u060c \u062d\u0645\u0636 \u0627\u0644\u0644\u0627\u0643\u062a\u064a\u0643\u060c EDTA \u0631\u0628\u0627\u0639\u064a \u0627\u0644\u0635\u0648\u062f\u064a\u0648\u0645\u060c \u0625\u064a\u0645\u064a\u062f\u0627\u0632\u0648\u0644\u064a\u062f\u064a\u0646\u064a\u0644 \u064a\u0648\u0631\u064a\u0627\u060c \u0641\u064a\u0646\u0648\u0643\u0633\u064a \u0625\u064a\u062b\u0627\u0646\u0648\u0644\u060c \u0645\u064a\u062b\u064a\u0644 \u0628\u0627\u0631\u0627\u0628\u064a\u0646\u060c \u0625\u064a\u062b\u064a\u0644 \u0628\u0627\u0631\u0627\u0628\u064a\u0646\u060c \u0628\u0631\u0648\u0628\u064a\u0644 \u0628\u0627\u0631\u0627\u0628\u064a\u0646\u060c \u0628\u0648\u062a\u064a\u0644 \u0628\u0627\u0631\u0627\u0628\u064a\u0646.<\/p>\n<p>Les listes d&rsquo;ingr\u00e9dients entrant dans la composition des produits figurants sur notre site sont r\u00e9guli\u00e8rement mises \u00e0 jour. Avant d&rsquo;utiliser un produit, vous \u00eates invit\u00e9s \u00e0 lire la liste d&rsquo;ingr\u00e9dients figurant sur son emballage afin de vous assurer que les ingr\u00e9dients sont adapt\u00e9s \u00e0 votre utilisation personnelle.<\/p>\n<\/div>\n<\/div>\n<\/div>\n<\/div>\n<\/div>\n<\/div>\n<\/div>","protected":false},"excerpt":{"rendered":"<p>Ecrinal Shampooing Ultra Doux\u00a0apporte fra\u00eecheur, l\u00e9g\u00e8ret\u00e9 et brillance \u00e0 vos cheveux. Formule con\u00e7ue pour usage fr\u00e9quent, le shampooing ultra doux au lipesters de soie Ecrinal apaise le cuir chevelu et maintient son \u00e9quilibre. Il apporte fra\u00eecheur, l\u00e9g\u00e8ret\u00e9 et brillance \u00e0 vos cheveux. R\u00e9parateur, protecteur avec activateur de brillance. Maintien et restaure l&rsquo;\u00e9quilibre physiologique capillaire. Conditionnement [&hellip;]<\/p>\n","protected":false},"featured_media":17429,"template":"","meta":{"om_disable_all_campaigns":false},"product_brand":[],"product_cat":[15],"product_tag":[],"class_list":{"0":"post-17430","1":"product","2":"type-product","3":"status-publish","4":"has-post-thumbnail","6":"product_cat-beaute-sante-complements-alimentaires-soins-et-bien-etre-au-meilleur-prix","8":"first","9":"instock","10":"sale","11":"taxable","12":"shipping-taxable","13":"purchasable","14":"product-type-simple"},"yoast_head":"<!-- This site is optimized with the Yoast SEO plugin v27.3 - https:\/\/yoast.com\/product\/yoast-seo-wordpress\/ -->\n<title>Ecrinal Shampooing Ultra Doux 400ml - Maroc Prix<\/title>\n<meta name=\"description\" content=\"Ecrinal Shampooing Ultra Doux 400ml\" \/>\n<meta name=\"robots\" content=\"index, follow, max-snippet:-1, max-image-preview:large, max-video-preview:-1\" \/>\n<link rel=\"canonical\" href=\"https:\/\/vitablanca.ma\/ar\/product-2\/ecrinal-shampooing-ultra-doux-400ml\/\" \/>\n<meta property=\"og:locale\" content=\"ar_AR\" \/>\n<meta property=\"og:type\" content=\"article\" \/>\n<meta property=\"og:title\" content=\"Ecrinal Shampooing Ultra Doux 400ml - Maroc Prix\" \/>\n<meta property=\"og:description\" content=\"Ecrinal Shampooing Ultra Doux 400ml\" \/>\n<meta property=\"og:url\" content=\"https:\/\/vitablanca.ma\/ar\/product-2\/ecrinal-shampooing-ultra-doux-400ml\/\" \/>\n<meta property=\"og:site_name\" content=\"Vitablanca.ma &ndash; Sant&eacute;, vitalit&eacute; et bien-&ecirc;tre pour tous les Marocains\" \/>\n<meta property=\"article:publisher\" content=\"https:\/\/www.facebook.com\/profile.php?id=61576678196717\" \/>\n<meta property=\"og:image\" content=\"https:\/\/vitablanca.ma\/wp-content\/uploads\/2025\/06\/Ecrinal-Shampooing-Ultra-Doux-400ml-nova-parapharmacie-maroc.jpg\" \/>\n\t<meta property=\"og:image:width\" content=\"1000\" \/>\n\t<meta property=\"og:image:height\" content=\"1000\" \/>\n\t<meta property=\"og:image:type\" content=\"image\/jpeg\" \/>\n<meta name=\"twitter:card\" content=\"summary_large_image\" \/>\n<meta name=\"twitter:label1\" content=\"\u0648\u0642\u062a \u0627\u0644\u0642\u0631\u0627\u0621\u0629 \u0627\u0644\u0645\u064f\u0642\u062f\u0651\u0631\" \/>\n\t<meta name=\"twitter:data1\" content=\"\u062f\u0642\u064a\u0642\u0629 \u0648\u0627\u062d\u062f\u0629\" \/>\n<script type=\"application\/ld+json\" class=\"yoast-schema-graph\">{\"@context\":\"https:\\\/\\\/schema.org\",\"@graph\":[{\"@type\":[\"WebPage\",\"ItemPage\"],\"@id\":\"https:\\\/\\\/vitablanca.ma\\\/produit\\\/ecrinal-shampooing-ultra-doux-400ml\\\/\",\"url\":\"https:\\\/\\\/vitablanca.ma\\\/produit\\\/ecrinal-shampooing-ultra-doux-400ml\\\/\",\"name\":\"Ecrinal Shampooing Ultra Doux 400ml - Maroc Prix\",\"isPartOf\":{\"@id\":\"https:\\\/\\\/vitablanca.ma\\\/#website\"},\"primaryImageOfPage\":{\"@id\":\"https:\\\/\\\/vitablanca.ma\\\/produit\\\/ecrinal-shampooing-ultra-doux-400ml\\\/#primaryimage\"},\"image\":{\"@id\":\"https:\\\/\\\/vitablanca.ma\\\/produit\\\/ecrinal-shampooing-ultra-doux-400ml\\\/#primaryimage\"},\"thumbnailUrl\":\"https:\\\/\\\/vitablanca.ma\\\/wp-content\\\/uploads\\\/2025\\\/06\\\/Ecrinal-Shampooing-Ultra-Doux-400ml-nova-parapharmacie-maroc.jpg\",\"datePublished\":\"2025-06-10T17:01:01+00:00\",\"description\":\"Ecrinal Shampooing Ultra Doux 400ml\",\"breadcrumb\":{\"@id\":\"https:\\\/\\\/vitablanca.ma\\\/produit\\\/ecrinal-shampooing-ultra-doux-400ml\\\/#breadcrumb\"},\"inLanguage\":\"ar\",\"potentialAction\":[{\"@type\":\"ReadAction\",\"target\":[\"https:\\\/\\\/vitablanca.ma\\\/produit\\\/ecrinal-shampooing-ultra-doux-400ml\\\/\"]}]},{\"@type\":\"ImageObject\",\"inLanguage\":\"ar\",\"@id\":\"https:\\\/\\\/vitablanca.ma\\\/produit\\\/ecrinal-shampooing-ultra-doux-400ml\\\/#primaryimage\",\"url\":\"https:\\\/\\\/vitablanca.ma\\\/wp-content\\\/uploads\\\/2025\\\/06\\\/Ecrinal-Shampooing-Ultra-Doux-400ml-nova-parapharmacie-maroc.jpg\",\"contentUrl\":\"https:\\\/\\\/vitablanca.ma\\\/wp-content\\\/uploads\\\/2025\\\/06\\\/Ecrinal-Shampooing-Ultra-Doux-400ml-nova-parapharmacie-maroc.jpg\",\"width\":1000,\"height\":1000},{\"@type\":\"BreadcrumbList\",\"@id\":\"https:\\\/\\\/vitablanca.ma\\\/produit\\\/ecrinal-shampooing-ultra-doux-400ml\\\/#breadcrumb\",\"itemListElement\":[{\"@type\":\"ListItem\",\"position\":1,\"name\":\"Home\",\"item\":\"https:\\\/\\\/vitablanca.ma\\\/\"},{\"@type\":\"ListItem\",\"position\":2,\"name\":\"Tous Les Produits\",\"item\":\"https:\\\/\\\/vitablanca.ma\\\/tous-les-produits\\\/\"},{\"@type\":\"ListItem\",\"position\":3,\"name\":\"Ecrinal Shampooing Ultra Doux 400ml\"}]},{\"@type\":\"WebSite\",\"@id\":\"https:\\\/\\\/vitablanca.ma\\\/#website\",\"url\":\"https:\\\/\\\/vitablanca.ma\\\/\",\"name\":\"VitaBlanca.ma | Compl\u00e9ments alimentaires, sant\u00e9 & beaut\u00e9 au Maroc\",\"description\":\"vendre vitamines et compl\u00e9ments premium des USA &amp; Canada, Nouvelle Z\u00e9lande,Maroc (NOW Foods, Solgar, Manuka). Livraison rapide partout au Maroc.\",\"publisher\":{\"@id\":\"https:\\\/\\\/vitablanca.ma\\\/#organization\"},\"alternateName\":\"VitaBlanca.ma\",\"potentialAction\":[{\"@type\":\"SearchAction\",\"target\":{\"@type\":\"EntryPoint\",\"urlTemplate\":\"https:\\\/\\\/vitablanca.ma\\\/?s={search_term_string}\"},\"query-input\":{\"@type\":\"PropertyValueSpecification\",\"valueRequired\":true,\"valueName\":\"search_term_string\"}}],\"inLanguage\":\"ar\"},{\"@type\":\"Organization\",\"@id\":\"https:\\\/\\\/vitablanca.ma\\\/#organization\",\"name\":\"VitaBlanca\",\"url\":\"https:\\\/\\\/vitablanca.ma\\\/\",\"logo\":{\"@type\":\"ImageObject\",\"inLanguage\":\"ar\",\"@id\":\"https:\\\/\\\/vitablanca.ma\\\/#\\\/schema\\\/logo\\\/image\\\/\",\"url\":\"https:\\\/\\\/vitablanca.ma\\\/wp-content\\\/uploads\\\/2025\\\/05\\\/cropped-vitablanca.png\",\"contentUrl\":\"https:\\\/\\\/vitablanca.ma\\\/wp-content\\\/uploads\\\/2025\\\/05\\\/cropped-vitablanca.png\",\"width\":360,\"height\":67,\"caption\":\"VitaBlanca\"},\"image\":{\"@id\":\"https:\\\/\\\/vitablanca.ma\\\/#\\\/schema\\\/logo\\\/image\\\/\"},\"sameAs\":[\"https:\\\/\\\/www.facebook.com\\\/profile.php?id=61576678196717\",\"https:\\\/\\\/www.tiktok.com\\\/@vitablanca.ma\",\"https:\\\/\\\/www.instagram.com\\\/vitablanca.ma\\\/\"]}]}<\/script>\n<!-- \/ Yoast SEO plugin. -->","yoast_head_json":{"title":"Ecrinal Shampooing Ultra Doux 400ml - Maroc Prix","description":"\u0634\u0627\u0645\u0628\u0648 \u0625\u0643\u0631\u064a\u0646\u0627\u0644 \u0623\u0644\u062a\u0631\u0627 \u062c\u0646\u062a\u0644 400 \u0645\u0644","robots":{"index":"index","follow":"follow","max-snippet":"max-snippet:-1","max-image-preview":"max-image-preview:large","max-video-preview":"max-video-preview:-1"},"canonical":"https:\/\/vitablanca.ma\/ar\/product-2\/ecrinal-shampooing-ultra-doux-400ml\/","og_locale":"ar_AR","og_type":"article","og_title":"Ecrinal Shampooing Ultra Doux 400ml - Maroc Prix","og_description":"Ecrinal Shampooing Ultra Doux 400ml","og_url":"https:\/\/vitablanca.ma\/ar\/product-2\/ecrinal-shampooing-ultra-doux-400ml\/","og_site_name":"Vitablanca.ma &ndash; Sant&eacute;, vitalit&eacute; et bien-&ecirc;tre pour tous les Marocains","article_publisher":"https:\/\/www.facebook.com\/profile.php?id=61576678196717","og_image":[{"width":1000,"height":1000,"url":"https:\/\/vitablanca.ma\/wp-content\/uploads\/2025\/06\/Ecrinal-Shampooing-Ultra-Doux-400ml-nova-parapharmacie-maroc.jpg","type":"image\/jpeg"}],"twitter_card":"summary_large_image","twitter_misc":{"\u0648\u0642\u062a \u0627\u0644\u0642\u0631\u0627\u0621\u0629 \u0627\u0644\u0645\u064f\u0642\u062f\u0651\u0631":"\u062f\u0642\u064a\u0642\u0629 \u0648\u0627\u062d\u062f\u0629"},"schema":{"@context":"https:\/\/schema.org","@graph":[{"@type":["WebPage","ItemPage"],"@id":"https:\/\/vitablanca.ma\/produit\/ecrinal-shampooing-ultra-doux-400ml\/","url":"https:\/\/vitablanca.ma\/produit\/ecrinal-shampooing-ultra-doux-400ml\/","name":"Ecrinal Shampooing Ultra Doux 400ml - Maroc Prix","isPartOf":{"@id":"https:\/\/vitablanca.ma\/#website"},"primaryImageOfPage":{"@id":"https:\/\/vitablanca.ma\/produit\/ecrinal-shampooing-ultra-doux-400ml\/#primaryimage"},"image":{"@id":"https:\/\/vitablanca.ma\/produit\/ecrinal-shampooing-ultra-doux-400ml\/#primaryimage"},"thumbnailUrl":"https:\/\/vitablanca.ma\/wp-content\/uploads\/2025\/06\/Ecrinal-Shampooing-Ultra-Doux-400ml-nova-parapharmacie-maroc.jpg","datePublished":"2025-06-10T17:01:01+00:00","description":"\u0634\u0627\u0645\u0628\u0648 \u0625\u0643\u0631\u064a\u0646\u0627\u0644 \u0623\u0644\u062a\u0631\u0627 \u062c\u0646\u062a\u0644 400 \u0645\u0644","breadcrumb":{"@id":"https:\/\/vitablanca.ma\/produit\/ecrinal-shampooing-ultra-doux-400ml\/#breadcrumb"},"inLanguage":"ar","potentialAction":[{"@type":"ReadAction","target":["https:\/\/vitablanca.ma\/produit\/ecrinal-shampooing-ultra-doux-400ml\/"]}]},{"@type":"ImageObject","inLanguage":"ar","@id":"https:\/\/vitablanca.ma\/produit\/ecrinal-shampooing-ultra-doux-400ml\/#primaryimage","url":"https:\/\/vitablanca.ma\/wp-content\/uploads\/2025\/06\/Ecrinal-Shampooing-Ultra-Doux-400ml-nova-parapharmacie-maroc.jpg","contentUrl":"https:\/\/vitablanca.ma\/wp-content\/uploads\/2025\/06\/Ecrinal-Shampooing-Ultra-Doux-400ml-nova-parapharmacie-maroc.jpg","width":1000,"height":1000},{"@type":"BreadcrumbList","@id":"https:\/\/vitablanca.ma\/produit\/ecrinal-shampooing-ultra-doux-400ml\/#breadcrumb","itemListElement":[{"@type":"ListItem","position":1,"name":"Home","item":"https:\/\/vitablanca.ma\/"},{"@type":"ListItem","position":2,"name":"Tous Les Produits","item":"https:\/\/vitablanca.ma\/tous-les-produits\/"},{"@type":"ListItem","position":3,"name":"Ecrinal Shampooing Ultra Doux 400ml"}]},{"@type":"WebSite","@id":"https:\/\/vitablanca.ma\/#website","url":"https:\/\/vitablanca.ma\/","name":"VitaBlanca.ma | \u0627\u0644\u0645\u0643\u0645\u0644\u0627\u062a \u0627\u0644\u063a\u0630\u0627\u0626\u064a\u0629\u060c \u0627\u0644\u0635\u062d\u0629 \u0648\u0627\u0644\u062c\u0645\u0627\u0644 \u0641\u064a \u0627\u0644\u0645\u063a\u0631\u0628","description":"\u0646\u0628\u064a\u0639 \u0641\u064a\u062a\u0627\u0645\u064a\u0646\u0627\u062a \u0648\u0645\u0643\u0645\u0644\u0627\u062a \u063a\u0630\u0627\u0626\u064a\u0629 \u0641\u0627\u062e\u0631\u0629 \u0645\u0646 \u0627\u0644\u0648\u0644\u0627\u064a\u0627\u062a \u0627\u0644\u0645\u062a\u062d\u062f\u0629 \u0627\u0644\u0623\u0645\u0631\u064a\u0643\u064a\u0629 \u0648\u0643\u0646\u062f\u0627 \u0648\u0646\u064a\u0648\u0632\u064a\u0644\u0646\u062f\u0627 \u0648\u0627\u0644\u0645\u063a\u0631\u0628 (\u0646\u0627\u0648 \u0641\u0648\u062f\u0632\u060c \u0633\u0648\u0644\u062c\u0627\u0631\u060c \u0645\u0627\u0646\u0648\u0643\u0627). \u062a\u0648\u0635\u064a\u0644 \u0633\u0631\u064a\u0639 \u0625\u0644\u0649 \u062c\u0645\u064a\u0639 \u0623\u0646\u062d\u0627\u0621 \u0627\u0644\u0645\u063a\u0631\u0628.","publisher":{"@id":"https:\/\/vitablanca.ma\/#organization"},"alternateName":"VitaBlanca.ma","potentialAction":[{"@type":"SearchAction","target":{"@type":"EntryPoint","urlTemplate":"https:\/\/vitablanca.ma\/?s={search_term_string}"},"query-input":{"@type":"PropertyValueSpecification","valueRequired":true,"valueName":"search_term_string"}}],"inLanguage":"ar"},{"@type":"Organization","@id":"https:\/\/vitablanca.ma\/#organization","name":"\u0641\u064a\u062a\u0627\u0628\u0644\u0627\u0646\u0643\u0627","url":"https:\/\/vitablanca.ma\/","logo":{"@type":"ImageObject","inLanguage":"ar","@id":"https:\/\/vitablanca.ma\/#\/schema\/logo\/image\/","url":"https:\/\/vitablanca.ma\/wp-content\/uploads\/2025\/05\/cropped-vitablanca.png","contentUrl":"https:\/\/vitablanca.ma\/wp-content\/uploads\/2025\/05\/cropped-vitablanca.png","width":360,"height":67,"caption":"VitaBlanca"},"image":{"@id":"https:\/\/vitablanca.ma\/#\/schema\/logo\/image\/"},"sameAs":["https:\/\/www.facebook.com\/profile.php?id=61576678196717","https:\/\/www.tiktok.com\/@vitablanca.ma","https:\/\/www.instagram.com\/vitablanca.ma\/"]}]}},"jetpack_sharing_enabled":true,"_links":{"self":[{"href":"https:\/\/vitablanca.ma\/ar\/wp-json\/wp\/v2\/product\/17430","targetHints":{"allow":["GET"]}}],"collection":[{"href":"https:\/\/vitablanca.ma\/ar\/wp-json\/wp\/v2\/product"}],"about":[{"href":"https:\/\/vitablanca.ma\/ar\/wp-json\/wp\/v2\/types\/product"}],"wp:featuredmedia":[{"embeddable":true,"href":"https:\/\/vitablanca.ma\/ar\/wp-json\/wp\/v2\/media\/17429"}],"wp:attachment":[{"href":"https:\/\/vitablanca.ma\/ar\/wp-json\/wp\/v2\/media?parent=17430"}],"wp:term":[{"taxonomy":"product_brand","embeddable":true,"href":"https:\/\/vitablanca.ma\/ar\/wp-json\/wp\/v2\/product_brand?post=17430"},{"taxonomy":"product_cat","embeddable":true,"href":"https:\/\/vitablanca.ma\/ar\/wp-json\/wp\/v2\/product_cat?post=17430"},{"taxonomy":"product_tag","embeddable":true,"href":"https:\/\/vitablanca.ma\/ar\/wp-json\/wp\/v2\/product_tag?post=17430"}],"curies":[{"name":"wp","href":"https:\/\/api.w.org\/{rel}","templated":true}]}}