{"id":17425,"date":"2025-06-10T17:00:54","date_gmt":"2025-06-10T17:00:54","guid":{"rendered":"https:\/\/vitablanca.ma\/product\/elgydium-clinic-xeroleave-spray\/"},"modified":"2026-01-21T18:05:01","modified_gmt":"2026-01-21T18:05:01","slug":"elgydium-clinic-xeroleave-spray","status":"publish","type":"product","link":"https:\/\/vitablanca.ma\/ar\/product-2\/elgydium-clinic-xeroleave-spray\/","title":{"rendered":"ELGYDIUM Clinic Xeroleave Spray"},"content":{"rendered":"<div class=\"block-content\" data-mce-fragment=\"1\">\n<h2 data-mce-fragment=\"1\">ELGYDIUM Clinic Xeroleave Spray d<span data-mce-fragment=\"1\">iminue la s\u00e9cheresse Haute tol\u00e9rance Protecteur Sans alcool.<\/span><br \/>\n<\/h2>\n<p data-mce-fragment=\"1\">Le manque ou l\u2019absence de salive \u2014 appel\u00e9s hyposialie ou x\u00e9rostomie \u2014 la sensation de soif permanente, les difficult\u00e9s de mastication et de d\u00e9glutition sont autant de cons\u00e9quences inconfortables de la s\u00e9cheresse buccale. ELGYDIUM Clinic Xeroleave Spray, solution bouche s\u00e8che et son complexe d&rsquo;actifs brevet\u00e9 (le Mouth Lubrificating complex) offrent une lubrification imm\u00e9diate de la muqueuse et un soulagement de longue dur\u00e9e d&rsquo;environ 1h30 apr\u00e8s chaque utilisation. Neutre et sans alcool, il s\u2019emploie jusqu\u2019\u00e0 8 fois par jour, selon les besoins, et s\u2019applique en 3 simples pulv\u00e9risations \u00e0 l\u2019int\u00e9rieur des joues et sur la langue.<\/p>\n<\/div>\n<div class=\"block-content has-heading\" data-mce-fragment=\"1\">\n<div class=\"block-content-heading\" data-mce-fragment=\"1\">\n<h3 class=\"\" id=\"\" data-mce-fragment=\"1\">\u0645\u064a\u0632\u0629<\/h3>\n<\/div>\n<p data-mce-fragment=\"1\">ELGYDIUM Clinic Xeroleave Spray procure une lubrification de longue dur\u00e9e de la bouche.<\/p>\n<div class=\"block-content-heading\" data-mce-fragment=\"1\">\n<h3 class=\"\" id=\"\" data-mce-fragment=\"1\">\u0641\u0648\u0627\u0626\u062f<\/h3>\n<\/div>\n<p data-mce-fragment=\"1\">\u2022 LUBRIFICATION : imm\u00e9diate, pour un soulagement de la s\u00e9cheresse buccale qui dure jusqu&rsquo;\u00e0 1h30 apr\u00e8s chaque pulv\u00e9risation. La solution contre la bouche s\u00e8che.<br data-mce-fragment=\"1\">\u2022 NEUTRALIT\u00c9 : ELGYDIUM Clinic Xeroleave Spray ne contient ni saveur sp\u00e9cifique, ni alcool.<br data-mce-fragment=\"1\">\u2022 PROTECTION : des muqueuses buccales.<\/p>\n<h3 data-mce-fragment=\"1\">\u064a\u0633\u062a\u062e\u062f\u0645<\/h3>\n<p>Les substituts salivaires sont des produits destin\u00e9s \u00e0 lubrifier la bouche de mani\u00e8re relativement durable. Ils doivent respecter les conditions naturelles de la bouche (pH, flore bact\u00e9rienne protectrice, etc.).<\/p>\n<p>Leur action repose sur des substances adoucissantes et lubrifiantes, des substances qui vont prot\u00e9ger les muqueuses en formant une pellicule, des substances g\u00e9lifiantes destin\u00e9es \u00e0 prolonger leur effet lubrifiant et, parfois, des substances qui prot\u00e8gent contre la d\u00e9min\u00e9ralisation des dents.<\/p>\n<p>Ils sont le plus souvent disponibles sous forme de vaporisateur pour une r\u00e9partition homog\u00e8ne sur les gencives et \u00e0 l\u2019int\u00e9rieur des joues comme le spray traitement bouche seche Xeroleave.<br \/>Demandez conseil \u00e0 votre chirurgien-dentiste ou \u00e0 votre pharmacien.<\/p>\n<\/div>","protected":false},"excerpt":{"rendered":"<p>ELGYDIUM Clinic Xeroleave Spray diminue la s\u00e9cheresse Haute tol\u00e9rance Protecteur Sans alcool. Le manque ou l\u2019absence de salive \u2014 appel\u00e9s hyposialie ou x\u00e9rostomie \u2014 la sensation de soif permanente, les difficult\u00e9s de mastication et de d\u00e9glutition sont autant de cons\u00e9quences inconfortables de la s\u00e9cheresse buccale. ELGYDIUM Clinic Xeroleave Spray, solution bouche s\u00e8che et son complexe [&hellip;]<\/p>\n","protected":false},"featured_media":17417,"template":"","meta":{"om_disable_all_campaigns":false},"product_brand":[5989],"product_cat":[18,15],"product_tag":[],"class_list":{"0":"post-17425","1":"product","2":"type-product","3":"status-publish","4":"has-post-thumbnail","6":"product_brand-elgydium-original-maroc-au-meilleur-prix","7":"product_cat-beaute-sante","8":"product_cat-beaute-sante-complements-alimentaires-soins-et-bien-etre-au-meilleur-prix","10":"first","11":"instock","12":"sale","13":"taxable","14":"shipping-taxable","15":"purchasable","16":"product-type-simple"},"yoast_head":"<!-- This site is optimized with the Yoast SEO plugin v27.3 - https:\/\/yoast.com\/product\/yoast-seo-wordpress\/ -->\n<title>ELGYDIUM Clinic Xeroleave Spray - Maroc Prix<\/title>\n<meta name=\"description\" content=\"ELGYDIUM Clinic Xeroleave Spray\" \/>\n<meta name=\"robots\" content=\"index, follow, max-snippet:-1, max-image-preview:large, max-video-preview:-1\" \/>\n<link rel=\"canonical\" href=\"https:\/\/vitablanca.ma\/ar\/product-2\/elgydium-clinic-xeroleave-spray\/\" \/>\n<meta property=\"og:locale\" content=\"ar_AR\" \/>\n<meta property=\"og:type\" content=\"article\" \/>\n<meta property=\"og:title\" content=\"ELGYDIUM Clinic Xeroleave Spray - Maroc Prix\" \/>\n<meta property=\"og:description\" content=\"ELGYDIUM Clinic Xeroleave Spray\" \/>\n<meta property=\"og:url\" content=\"https:\/\/vitablanca.ma\/ar\/product-2\/elgydium-clinic-xeroleave-spray\/\" \/>\n<meta property=\"og:site_name\" content=\"Vitablanca.ma &ndash; Sant&eacute;, vitalit&eacute; et bien-&ecirc;tre pour tous les Marocains\" \/>\n<meta property=\"article:publisher\" content=\"https:\/\/www.facebook.com\/profile.php?id=61576678196717\" \/>\n<meta property=\"article:modified_time\" content=\"2026-01-21T18:05:01+00:00\" \/>\n<meta property=\"og:image\" content=\"https:\/\/vitablanca.ma\/wp-content\/uploads\/2025\/06\/ELGYDIUM-Clinic-Xeroleave-Spray-nova-parapharmacie-maroc.png\" \/>\n\t<meta property=\"og:image:width\" content=\"1000\" \/>\n\t<meta property=\"og:image:height\" content=\"1000\" \/>\n\t<meta property=\"og:image:type\" content=\"image\/png\" \/>\n<meta name=\"twitter:card\" content=\"summary_large_image\" \/>\n<meta name=\"twitter:label1\" content=\"\u0648\u0642\u062a \u0627\u0644\u0642\u0631\u0627\u0621\u0629 \u0627\u0644\u0645\u064f\u0642\u062f\u0651\u0631\" \/>\n\t<meta name=\"twitter:data1\" content=\"\u062f\u0642\u064a\u0642\u0629 \u0648\u0627\u062d\u062f\u0629\" \/>\n<script type=\"application\/ld+json\" class=\"yoast-schema-graph\">{\"@context\":\"https:\\\/\\\/schema.org\",\"@graph\":[{\"@type\":[\"WebPage\",\"ItemPage\"],\"@id\":\"https:\\\/\\\/vitablanca.ma\\\/produit\\\/elgydium-clinic-xeroleave-spray\\\/\",\"url\":\"https:\\\/\\\/vitablanca.ma\\\/produit\\\/elgydium-clinic-xeroleave-spray\\\/\",\"name\":\"ELGYDIUM Clinic Xeroleave Spray - Maroc Prix\",\"isPartOf\":{\"@id\":\"https:\\\/\\\/vitablanca.ma\\\/#website\"},\"primaryImageOfPage\":{\"@id\":\"https:\\\/\\\/vitablanca.ma\\\/produit\\\/elgydium-clinic-xeroleave-spray\\\/#primaryimage\"},\"image\":{\"@id\":\"https:\\\/\\\/vitablanca.ma\\\/produit\\\/elgydium-clinic-xeroleave-spray\\\/#primaryimage\"},\"thumbnailUrl\":\"https:\\\/\\\/vitablanca.ma\\\/wp-content\\\/uploads\\\/2025\\\/06\\\/ELGYDIUM-Clinic-Xeroleave-Spray-nova-parapharmacie-maroc.png\",\"datePublished\":\"2025-06-10T17:00:54+00:00\",\"dateModified\":\"2026-01-21T18:05:01+00:00\",\"description\":\"ELGYDIUM Clinic Xeroleave Spray\",\"breadcrumb\":{\"@id\":\"https:\\\/\\\/vitablanca.ma\\\/produit\\\/elgydium-clinic-xeroleave-spray\\\/#breadcrumb\"},\"inLanguage\":\"ar\",\"potentialAction\":[{\"@type\":\"ReadAction\",\"target\":[\"https:\\\/\\\/vitablanca.ma\\\/produit\\\/elgydium-clinic-xeroleave-spray\\\/\"]}]},{\"@type\":\"ImageObject\",\"inLanguage\":\"ar\",\"@id\":\"https:\\\/\\\/vitablanca.ma\\\/produit\\\/elgydium-clinic-xeroleave-spray\\\/#primaryimage\",\"url\":\"https:\\\/\\\/vitablanca.ma\\\/wp-content\\\/uploads\\\/2025\\\/06\\\/ELGYDIUM-Clinic-Xeroleave-Spray-nova-parapharmacie-maroc.png\",\"contentUrl\":\"https:\\\/\\\/vitablanca.ma\\\/wp-content\\\/uploads\\\/2025\\\/06\\\/ELGYDIUM-Clinic-Xeroleave-Spray-nova-parapharmacie-maroc.png\",\"width\":1000,\"height\":1000},{\"@type\":\"BreadcrumbList\",\"@id\":\"https:\\\/\\\/vitablanca.ma\\\/produit\\\/elgydium-clinic-xeroleave-spray\\\/#breadcrumb\",\"itemListElement\":[{\"@type\":\"ListItem\",\"position\":1,\"name\":\"Home\",\"item\":\"https:\\\/\\\/vitablanca.ma\\\/\"},{\"@type\":\"ListItem\",\"position\":2,\"name\":\"Tous Les Produits\",\"item\":\"https:\\\/\\\/vitablanca.ma\\\/tous-les-produits\\\/\"},{\"@type\":\"ListItem\",\"position\":3,\"name\":\"ELGYDIUM Clinic Xeroleave Spray\"}]},{\"@type\":\"WebSite\",\"@id\":\"https:\\\/\\\/vitablanca.ma\\\/#website\",\"url\":\"https:\\\/\\\/vitablanca.ma\\\/\",\"name\":\"VitaBlanca.ma | Compl\u00e9ments alimentaires, sant\u00e9 & beaut\u00e9 au Maroc\",\"description\":\"vendre vitamines et compl\u00e9ments premium des USA &amp; Canada, Nouvelle Z\u00e9lande,Maroc (NOW Foods, Solgar, Manuka). Livraison rapide partout au Maroc.\",\"publisher\":{\"@id\":\"https:\\\/\\\/vitablanca.ma\\\/#organization\"},\"alternateName\":\"VitaBlanca.ma\",\"potentialAction\":[{\"@type\":\"SearchAction\",\"target\":{\"@type\":\"EntryPoint\",\"urlTemplate\":\"https:\\\/\\\/vitablanca.ma\\\/?s={search_term_string}\"},\"query-input\":{\"@type\":\"PropertyValueSpecification\",\"valueRequired\":true,\"valueName\":\"search_term_string\"}}],\"inLanguage\":\"ar\"},{\"@type\":\"Organization\",\"@id\":\"https:\\\/\\\/vitablanca.ma\\\/#organization\",\"name\":\"VitaBlanca\",\"url\":\"https:\\\/\\\/vitablanca.ma\\\/\",\"logo\":{\"@type\":\"ImageObject\",\"inLanguage\":\"ar\",\"@id\":\"https:\\\/\\\/vitablanca.ma\\\/#\\\/schema\\\/logo\\\/image\\\/\",\"url\":\"https:\\\/\\\/vitablanca.ma\\\/wp-content\\\/uploads\\\/2025\\\/05\\\/cropped-vitablanca.png\",\"contentUrl\":\"https:\\\/\\\/vitablanca.ma\\\/wp-content\\\/uploads\\\/2025\\\/05\\\/cropped-vitablanca.png\",\"width\":360,\"height\":67,\"caption\":\"VitaBlanca\"},\"image\":{\"@id\":\"https:\\\/\\\/vitablanca.ma\\\/#\\\/schema\\\/logo\\\/image\\\/\"},\"sameAs\":[\"https:\\\/\\\/www.facebook.com\\\/profile.php?id=61576678196717\",\"https:\\\/\\\/www.tiktok.com\\\/@vitablanca.ma\",\"https:\\\/\\\/www.instagram.com\\\/vitablanca.ma\\\/\"]}]}<\/script>\n<!-- \/ Yoast SEO plugin. -->","yoast_head_json":{"title":"ELGYDIUM Clinic Xeroleave Spray - Maroc Prix","description":"ELGYDIUM Clinic Xeroleave Spray","robots":{"index":"index","follow":"follow","max-snippet":"max-snippet:-1","max-image-preview":"max-image-preview:large","max-video-preview":"max-video-preview:-1"},"canonical":"https:\/\/vitablanca.ma\/ar\/product-2\/elgydium-clinic-xeroleave-spray\/","og_locale":"ar_AR","og_type":"article","og_title":"ELGYDIUM Clinic Xeroleave Spray - Maroc Prix","og_description":"ELGYDIUM Clinic Xeroleave Spray","og_url":"https:\/\/vitablanca.ma\/ar\/product-2\/elgydium-clinic-xeroleave-spray\/","og_site_name":"Vitablanca.ma &ndash; Sant&eacute;, vitalit&eacute; et bien-&ecirc;tre pour tous les Marocains","article_publisher":"https:\/\/www.facebook.com\/profile.php?id=61576678196717","article_modified_time":"2026-01-21T18:05:01+00:00","og_image":[{"width":1000,"height":1000,"url":"https:\/\/vitablanca.ma\/wp-content\/uploads\/2025\/06\/ELGYDIUM-Clinic-Xeroleave-Spray-nova-parapharmacie-maroc.png","type":"image\/png"}],"twitter_card":"summary_large_image","twitter_misc":{"\u0648\u0642\u062a \u0627\u0644\u0642\u0631\u0627\u0621\u0629 \u0627\u0644\u0645\u064f\u0642\u062f\u0651\u0631":"\u062f\u0642\u064a\u0642\u0629 \u0648\u0627\u062d\u062f\u0629"},"schema":{"@context":"https:\/\/schema.org","@graph":[{"@type":["WebPage","ItemPage"],"@id":"https:\/\/vitablanca.ma\/produit\/elgydium-clinic-xeroleave-spray\/","url":"https:\/\/vitablanca.ma\/produit\/elgydium-clinic-xeroleave-spray\/","name":"ELGYDIUM Clinic Xeroleave Spray - Maroc Prix","isPartOf":{"@id":"https:\/\/vitablanca.ma\/#website"},"primaryImageOfPage":{"@id":"https:\/\/vitablanca.ma\/produit\/elgydium-clinic-xeroleave-spray\/#primaryimage"},"image":{"@id":"https:\/\/vitablanca.ma\/produit\/elgydium-clinic-xeroleave-spray\/#primaryimage"},"thumbnailUrl":"https:\/\/vitablanca.ma\/wp-content\/uploads\/2025\/06\/ELGYDIUM-Clinic-Xeroleave-Spray-nova-parapharmacie-maroc.png","datePublished":"2025-06-10T17:00:54+00:00","dateModified":"2026-01-21T18:05:01+00:00","description":"ELGYDIUM Clinic Xeroleave Spray","breadcrumb":{"@id":"https:\/\/vitablanca.ma\/produit\/elgydium-clinic-xeroleave-spray\/#breadcrumb"},"inLanguage":"ar","potentialAction":[{"@type":"ReadAction","target":["https:\/\/vitablanca.ma\/produit\/elgydium-clinic-xeroleave-spray\/"]}]},{"@type":"ImageObject","inLanguage":"ar","@id":"https:\/\/vitablanca.ma\/produit\/elgydium-clinic-xeroleave-spray\/#primaryimage","url":"https:\/\/vitablanca.ma\/wp-content\/uploads\/2025\/06\/ELGYDIUM-Clinic-Xeroleave-Spray-nova-parapharmacie-maroc.png","contentUrl":"https:\/\/vitablanca.ma\/wp-content\/uploads\/2025\/06\/ELGYDIUM-Clinic-Xeroleave-Spray-nova-parapharmacie-maroc.png","width":1000,"height":1000},{"@type":"BreadcrumbList","@id":"https:\/\/vitablanca.ma\/produit\/elgydium-clinic-xeroleave-spray\/#breadcrumb","itemListElement":[{"@type":"ListItem","position":1,"name":"Home","item":"https:\/\/vitablanca.ma\/"},{"@type":"ListItem","position":2,"name":"Tous Les Produits","item":"https:\/\/vitablanca.ma\/tous-les-produits\/"},{"@type":"ListItem","position":3,"name":"ELGYDIUM Clinic Xeroleave Spray"}]},{"@type":"WebSite","@id":"https:\/\/vitablanca.ma\/#website","url":"https:\/\/vitablanca.ma\/","name":"VitaBlanca.ma | \u0627\u0644\u0645\u0643\u0645\u0644\u0627\u062a \u0627\u0644\u063a\u0630\u0627\u0626\u064a\u0629\u060c \u0627\u0644\u0635\u062d\u0629 \u0648\u0627\u0644\u062c\u0645\u0627\u0644 \u0641\u064a \u0627\u0644\u0645\u063a\u0631\u0628","description":"\u0646\u0628\u064a\u0639 \u0641\u064a\u062a\u0627\u0645\u064a\u0646\u0627\u062a \u0648\u0645\u0643\u0645\u0644\u0627\u062a \u063a\u0630\u0627\u0626\u064a\u0629 \u0641\u0627\u062e\u0631\u0629 \u0645\u0646 \u0627\u0644\u0648\u0644\u0627\u064a\u0627\u062a \u0627\u0644\u0645\u062a\u062d\u062f\u0629 \u0627\u0644\u0623\u0645\u0631\u064a\u0643\u064a\u0629 \u0648\u0643\u0646\u062f\u0627 \u0648\u0646\u064a\u0648\u0632\u064a\u0644\u0646\u062f\u0627 \u0648\u0627\u0644\u0645\u063a\u0631\u0628 (\u0646\u0627\u0648 \u0641\u0648\u062f\u0632\u060c \u0633\u0648\u0644\u062c\u0627\u0631\u060c \u0645\u0627\u0646\u0648\u0643\u0627). \u062a\u0648\u0635\u064a\u0644 \u0633\u0631\u064a\u0639 \u0625\u0644\u0649 \u062c\u0645\u064a\u0639 \u0623\u0646\u062d\u0627\u0621 \u0627\u0644\u0645\u063a\u0631\u0628.","publisher":{"@id":"https:\/\/vitablanca.ma\/#organization"},"alternateName":"VitaBlanca.ma","potentialAction":[{"@type":"SearchAction","target":{"@type":"EntryPoint","urlTemplate":"https:\/\/vitablanca.ma\/?s={search_term_string}"},"query-input":{"@type":"PropertyValueSpecification","valueRequired":true,"valueName":"search_term_string"}}],"inLanguage":"ar"},{"@type":"Organization","@id":"https:\/\/vitablanca.ma\/#organization","name":"\u0641\u064a\u062a\u0627\u0628\u0644\u0627\u0646\u0643\u0627","url":"https:\/\/vitablanca.ma\/","logo":{"@type":"ImageObject","inLanguage":"ar","@id":"https:\/\/vitablanca.ma\/#\/schema\/logo\/image\/","url":"https:\/\/vitablanca.ma\/wp-content\/uploads\/2025\/05\/cropped-vitablanca.png","contentUrl":"https:\/\/vitablanca.ma\/wp-content\/uploads\/2025\/05\/cropped-vitablanca.png","width":360,"height":67,"caption":"VitaBlanca"},"image":{"@id":"https:\/\/vitablanca.ma\/#\/schema\/logo\/image\/"},"sameAs":["https:\/\/www.facebook.com\/profile.php?id=61576678196717","https:\/\/www.tiktok.com\/@vitablanca.ma","https:\/\/www.instagram.com\/vitablanca.ma\/"]}]}},"jetpack_sharing_enabled":true,"_links":{"self":[{"href":"https:\/\/vitablanca.ma\/ar\/wp-json\/wp\/v2\/product\/17425","targetHints":{"allow":["GET"]}}],"collection":[{"href":"https:\/\/vitablanca.ma\/ar\/wp-json\/wp\/v2\/product"}],"about":[{"href":"https:\/\/vitablanca.ma\/ar\/wp-json\/wp\/v2\/types\/product"}],"wp:featuredmedia":[{"embeddable":true,"href":"https:\/\/vitablanca.ma\/ar\/wp-json\/wp\/v2\/media\/17417"}],"wp:attachment":[{"href":"https:\/\/vitablanca.ma\/ar\/wp-json\/wp\/v2\/media?parent=17425"}],"wp:term":[{"taxonomy":"product_brand","embeddable":true,"href":"https:\/\/vitablanca.ma\/ar\/wp-json\/wp\/v2\/product_brand?post=17425"},{"taxonomy":"product_cat","embeddable":true,"href":"https:\/\/vitablanca.ma\/ar\/wp-json\/wp\/v2\/product_cat?post=17425"},{"taxonomy":"product_tag","embeddable":true,"href":"https:\/\/vitablanca.ma\/ar\/wp-json\/wp\/v2\/product_tag?post=17425"}],"curies":[{"name":"wp","href":"https:\/\/api.w.org\/{rel}","templated":true}]}}