{"id":17424,"date":"2025-06-10T17:00:53","date_gmt":"2025-06-10T17:00:53","guid":{"rendered":"https:\/\/vitablanca.ma\/product\/ecrinal-shampoing-anti-pelliculaire-200ml\/"},"modified":"2025-06-10T17:00:53","modified_gmt":"2025-06-10T17:00:53","slug":"ecrinal-shampoing-anti-pelliculaire-200ml","status":"publish","type":"product","link":"https:\/\/vitablanca.ma\/ar\/product-2\/ecrinal-shampoing-anti-pelliculaire-200ml\/","title":{"rendered":"Ecrinal Shampoing Anti-Pelliculaire 200ml"},"content":{"rendered":"<h2>Ecrinal Shampoing Anti-Pelliculaire <span>formul\u00e9 pour r\u00e9pondre \u00e0 ces probl\u00e8mes, en offrant une action purifiante et apaisante.<\/span><br \/>\n<\/h2>\n<p><span>\u0627\u0644\u00a0<strong>pellicules sont souvent le r\u00e9sultat d&rsquo;un renouvellement cellulaire acc\u00e9l\u00e9r\u00e9 du cuir chevelu<\/strong>, caus\u00e9 par divers facteurs comme l&rsquo;utilisation de produits agressifs, le stress, un d\u00e9r\u00e8glement hormonal ou m\u00eame une r\u00e9action allergique. Elles se manifestent par des squames visibles, de couleur gris\u00e2tre ou jaun\u00e2tre, pouvant \u00eatre pr\u00e9sentes sur des\u00a0<strong>cuirs chevelus secs ou gras<\/strong>. ECRINAL\u00a0<strong>Anti pelliculaire<\/strong>\u00a0est sp\u00e9cialement formul\u00e9 pour r\u00e9pondre \u00e0 ces probl\u00e8mes, en offrant une action purifiante et apaisante.<\/span><\/p>\n<p><span>L\u2019efficacit\u00e9 de ce\u00a0<strong>\u0634\u0627\u0645\u0628\u0648<\/strong>\u00a0repose sur la Piroctone Olamine, reconnue pour son action antifongique et antibact\u00e9rienne, qui aide \u00e0 \u00e9liminer les pellicules et \u00e0 apaiser les d\u00e9mangeaisons. Le D-Panth\u00e9nol, \u00e9galement connu sous le nom de pro-vitamine B5, hydrate et renforce les cheveux, tandis que l\u2019Undecylamidopropyl Beta\u00efne, un tensioactif doux, nettoie d\u00e9licatement sans agresser le cuir chevelu.<\/span><\/p>\n<p><span>\u0647\u0630\u0627\u00a0<strong>\u0634\u0627\u0645\u0628\u0648<\/strong>\u00a0est non seulement efficace mais aussi agr\u00e9able \u00e0 utiliser. Sa texture douce facilite l&rsquo;application et offre une exp\u00e9rience sensorielle agr\u00e9able. Formul\u00e9 sous contr\u00f4le dermatologique, il est adapt\u00e9 aux cuirs chevelus sensibles, garantissant un nettoyage en profondeur sans irriter la peau.<\/span><\/p>\n<h3>\u0637\u0631\u064a\u0642\u0629 \u0627\u0644\u0627\u0633\u062a\u062e\u062f\u0627\u0645<\/h3>\n<div id=\"content-wrapper\" class=\"left-column col-xs-12 col-lg-9\">\n<div id=\"main-content\" class=\"product-container js-product-container\">\n<div id=\"wrapper-tab-product\" class=\"wc-tabs-wrapper tab-type-default tabs clearfix\">\n<div class=\"tab-content\">\n<div id=\"description\" class=\"wc-tab tab-pane active js-product-tab-active\">\n<div class=\"product-description\">\n<p><span>\u0644<strong>\u00a0obtenir les meilleurs r\u00e9sultats, il est recommand\u00e9 d&rsquo;utiliser ce shampooing trois fois par semaine<\/strong>. Appliquez une petite quantit\u00e9 sur les cheveux mouill\u00e9s, massez l\u00e9g\u00e8rement le cuir chevelu pour bien r\u00e9partir le produit, puis rincez abondamment. Ce rituel r\u00e9gulier aidera \u00e0 maintenir votre cuir chevelu purifi\u00e9 et vos cheveux sains, tout en limitant la<strong>\u00a0r\u00e9apparition des pellicules<\/strong>.<\/span><\/p>\n<\/div>\n<\/div>\n<\/div>\n<\/div>\n<\/div>\n<\/div>\n<h3>\u062a\u0639\u0628\u064a\u0631<\/h3>\n<div class=\"tabs_area\">\n<div class=\"tab_content\">\n<div class=\"tab tab-content-1 tab_content_conseil-utilisation\">\n<div class=\"tabs_area\">\n<div class=\"tab_content\">\n<div class=\"tab tab-content-2 tab_content_composition\">\n<div>\u0635\u064a\u063a\u0629 INCI: \u0645\u0627\u0621\u060c \u0643\u0628\u0631\u064a\u062a\u0627\u062a \u0644\u0648\u0631\u064a\u062b \u0627\u0644\u0635\u0648\u062f\u064a\u0648\u0645\u060c \u0643\u0648\u0643\u0627\u0645\u0641\u0648 \u0623\u0633\u064a\u062a\u0627\u062a \u0627\u0644\u0635\u0648\u062f\u064a\u0648\u0645\u060c \u0623\u062d\u0645\u0627\u0636 \u0623\u0645\u064a\u0646\u064a\u0629 \u0644\u0648\u0631\u0648\u064a\u0644 \u0627\u0644\u0634\u0648\u0641\u0627\u0646 \u0627\u0644\u0635\u0648\u062f\u064a\u0648\u0645\u060c \u0628\u0631\u0648\u0628\u064a\u0644\u064a\u0646 \u062c\u0644\u064a\u0643\u0648\u0644\u060c \u0643\u0648\u0643\u0627\u0645\u064a\u062f MIPA\u060c PEG-12 \u062f\u0627\u064a\u0645\u064a\u062b\u064a\u0643\u0648\u0646\u060c \u0639\u0637\u0631\u060c PEG-120 \u0645\u064a\u062b\u064a\u0644 \u062c\u0644\u0648\u0643\u0648\u0632 \u062f\u064a\u0648\u0644\u064a\u0627\u062a\u060c \u0625\u064a\u062b\u064a\u0644\u064a\u0646 \u062c\u0644\u064a\u0643\u0648\u0644 \u062f\u064a\u0633\u062a\u064a\u0631\u0627\u062a\u060c \u0643\u0627\u0628\u0631\u064a\u0644\u0648\u064a\u0644 \u0633\u064a\u0631\u064a\u0646\/\u0623\u062d\u0645\u0627\u0636 \u0623\u0645\u064a\u0646\u064a\u0629 \u062d\u0631\u064a\u0631\u064a\u0629 \u0625\u0633\u062a\u0631\u0627\u062a \u0645\u064a\u062b\u064a\u0644\u060c \u0641\u064a\u062a\u064a\u0633 \u0641\u064a\u0646\u064a\u0641\u064a\u0631\u0627\u060c \u0643\u0644\u0648\u0631\u064a\u062f \u0623\u0643\u0631\u064a\u0644\u0627\u0645\u064a\u062f\u0648\u0628\u0631\u0648\u0628\u064a\u0644 \u062a\u0631\u064a\u0645\u0648\u0646\u064a\u0648\u0645\/\u0643\u0648\u0628\u0648\u0644\u064a\u0645\u0631 \u0623\u0643\u0631\u064a\u0644\u0627\u0645\u064a\u062f\u0648\u0628\u0631\u0648\u0628\u064a\u0644 \u062a\u0631\u064a\u0645\u0648\u0646\u064a\u0648\u0645\u060c \u062d\u0645\u0636 \u0627\u0644\u0644\u0627\u0643\u062a\u064a\u0643\u060c EDTA \u0631\u0628\u0627\u0639\u064a \u0627\u0644\u0635\u0648\u062f\u064a\u0648\u0645\u060c \u0625\u064a\u0645\u064a\u062f\u0627\u0632\u0648\u0644\u064a\u062f\u064a\u0646\u064a\u0644 \u064a\u0648\u0631\u064a\u0627\u060c \u0641\u064a\u0646\u0648\u0643\u0633\u064a \u0625\u064a\u062b\u0627\u0646\u0648\u0644\u060c \u0645\u064a\u062b\u064a\u0644 \u0628\u0627\u0631\u0627\u0628\u064a\u0646\u060c \u0625\u064a\u062b\u064a\u0644 \u0628\u0627\u0631\u0627\u0628\u064a\u0646\u060c \u0628\u0631\u0648\u0628\u064a\u0644 \u0628\u0627\u0631\u0627\u0628\u064a\u0646\u060c \u0628\u0648\u062a\u064a\u0644 \u0628\u0627\u0631\u0627\u0628\u064a\u0646.<\/p>\n<p>Les listes d&rsquo;ingr\u00e9dients entrant dans la composition des produits figurants sur notre site sont r\u00e9guli\u00e8rement mises \u00e0 jour. Avant d&rsquo;utiliser un produit, vous \u00eates invit\u00e9s \u00e0 lire la liste d&rsquo;ingr\u00e9dients figurant sur son emballage afin de vous assurer que les ingr\u00e9dients sont adapt\u00e9s \u00e0 votre utilisation personnelle.<\/p>\n<\/div>\n<\/div>\n<\/div>\n<\/div>\n<\/div>\n<\/div>\n<\/div>","protected":false},"excerpt":{"rendered":"<p>Ecrinal Shampoing Anti-Pelliculaire formul\u00e9 pour r\u00e9pondre \u00e0 ces probl\u00e8mes, en offrant une action purifiante et apaisante. Les\u00a0pellicules sont souvent le r\u00e9sultat d&rsquo;un renouvellement cellulaire acc\u00e9l\u00e9r\u00e9 du cuir chevelu, caus\u00e9 par divers facteurs comme l&rsquo;utilisation de produits agressifs, le stress, un d\u00e9r\u00e8glement hormonal ou m\u00eame une r\u00e9action allergique. Elles se manifestent par des squames visibles, de [&hellip;]<\/p>\n","protected":false},"featured_media":17421,"template":"","meta":{"om_disable_all_campaigns":false},"product_brand":[],"product_cat":[15],"product_tag":[],"class_list":{"0":"post-17424","1":"product","2":"type-product","3":"status-publish","4":"has-post-thumbnail","6":"product_cat-beaute-sante-complements-alimentaires-soins-et-bien-etre-au-meilleur-prix","8":"first","9":"instock","10":"sale","11":"taxable","12":"shipping-taxable","13":"purchasable","14":"product-type-simple"},"yoast_head":"<!-- This site is optimized with the Yoast SEO plugin v27.3 - https:\/\/yoast.com\/product\/yoast-seo-wordpress\/ -->\n<title>Ecrinal Shampoing Anti-Pelliculaire 200ml - Maroc Prix<\/title>\n<meta name=\"description\" content=\"Ecrinal Shampoing Anti-Pelliculaire 200ml\" \/>\n<meta name=\"robots\" content=\"index, follow, max-snippet:-1, max-image-preview:large, max-video-preview:-1\" \/>\n<link rel=\"canonical\" href=\"https:\/\/vitablanca.ma\/ar\/product-2\/ecrinal-shampoing-anti-pelliculaire-200ml\/\" \/>\n<meta property=\"og:locale\" content=\"ar_AR\" \/>\n<meta property=\"og:type\" content=\"article\" \/>\n<meta property=\"og:title\" content=\"Ecrinal Shampoing Anti-Pelliculaire 200ml - Maroc Prix\" \/>\n<meta property=\"og:description\" content=\"Ecrinal Shampoing Anti-Pelliculaire 200ml\" \/>\n<meta property=\"og:url\" content=\"https:\/\/vitablanca.ma\/ar\/product-2\/ecrinal-shampoing-anti-pelliculaire-200ml\/\" \/>\n<meta property=\"og:site_name\" content=\"Vitablanca.ma &ndash; Sant&eacute;, vitalit&eacute; et bien-&ecirc;tre pour tous les Marocains\" \/>\n<meta property=\"article:publisher\" content=\"https:\/\/www.facebook.com\/profile.php?id=61576678196717\" \/>\n<meta property=\"og:image\" content=\"https:\/\/vitablanca.ma\/wp-content\/uploads\/2025\/06\/ECRINAL-SOINS-CAPPILAIRES-SHAMPOOING-ANTI-PELLICULAIRE-200-ML-Nova-para-Maroc.jpg\" \/>\n\t<meta property=\"og:image:width\" content=\"1000\" \/>\n\t<meta property=\"og:image:height\" content=\"1000\" \/>\n\t<meta property=\"og:image:type\" content=\"image\/jpeg\" \/>\n<meta name=\"twitter:card\" content=\"summary_large_image\" \/>\n<meta name=\"twitter:label1\" content=\"\u0648\u0642\u062a \u0627\u0644\u0642\u0631\u0627\u0621\u0629 \u0627\u0644\u0645\u064f\u0642\u062f\u0651\u0631\" \/>\n\t<meta name=\"twitter:data1\" content=\"\u062f\u0642\u064a\u0642\u062a\u0627\u0646\" \/>\n<script type=\"application\/ld+json\" class=\"yoast-schema-graph\">{\"@context\":\"https:\\\/\\\/schema.org\",\"@graph\":[{\"@type\":[\"WebPage\",\"ItemPage\"],\"@id\":\"https:\\\/\\\/vitablanca.ma\\\/produit\\\/ecrinal-shampoing-anti-pelliculaire-200ml\\\/\",\"url\":\"https:\\\/\\\/vitablanca.ma\\\/produit\\\/ecrinal-shampoing-anti-pelliculaire-200ml\\\/\",\"name\":\"Ecrinal Shampoing Anti-Pelliculaire 200ml - Maroc Prix\",\"isPartOf\":{\"@id\":\"https:\\\/\\\/vitablanca.ma\\\/#website\"},\"primaryImageOfPage\":{\"@id\":\"https:\\\/\\\/vitablanca.ma\\\/produit\\\/ecrinal-shampoing-anti-pelliculaire-200ml\\\/#primaryimage\"},\"image\":{\"@id\":\"https:\\\/\\\/vitablanca.ma\\\/produit\\\/ecrinal-shampoing-anti-pelliculaire-200ml\\\/#primaryimage\"},\"thumbnailUrl\":\"https:\\\/\\\/vitablanca.ma\\\/wp-content\\\/uploads\\\/2025\\\/06\\\/ECRINAL-SOINS-CAPPILAIRES-SHAMPOOING-ANTI-PELLICULAIRE-200-ML-Nova-para-Maroc.jpg\",\"datePublished\":\"2025-06-10T17:00:53+00:00\",\"description\":\"Ecrinal Shampoing Anti-Pelliculaire 200ml\",\"breadcrumb\":{\"@id\":\"https:\\\/\\\/vitablanca.ma\\\/produit\\\/ecrinal-shampoing-anti-pelliculaire-200ml\\\/#breadcrumb\"},\"inLanguage\":\"ar\",\"potentialAction\":[{\"@type\":\"ReadAction\",\"target\":[\"https:\\\/\\\/vitablanca.ma\\\/produit\\\/ecrinal-shampoing-anti-pelliculaire-200ml\\\/\"]}]},{\"@type\":\"ImageObject\",\"inLanguage\":\"ar\",\"@id\":\"https:\\\/\\\/vitablanca.ma\\\/produit\\\/ecrinal-shampoing-anti-pelliculaire-200ml\\\/#primaryimage\",\"url\":\"https:\\\/\\\/vitablanca.ma\\\/wp-content\\\/uploads\\\/2025\\\/06\\\/ECRINAL-SOINS-CAPPILAIRES-SHAMPOOING-ANTI-PELLICULAIRE-200-ML-Nova-para-Maroc.jpg\",\"contentUrl\":\"https:\\\/\\\/vitablanca.ma\\\/wp-content\\\/uploads\\\/2025\\\/06\\\/ECRINAL-SOINS-CAPPILAIRES-SHAMPOOING-ANTI-PELLICULAIRE-200-ML-Nova-para-Maroc.jpg\",\"width\":1000,\"height\":1000},{\"@type\":\"BreadcrumbList\",\"@id\":\"https:\\\/\\\/vitablanca.ma\\\/produit\\\/ecrinal-shampoing-anti-pelliculaire-200ml\\\/#breadcrumb\",\"itemListElement\":[{\"@type\":\"ListItem\",\"position\":1,\"name\":\"Home\",\"item\":\"https:\\\/\\\/vitablanca.ma\\\/\"},{\"@type\":\"ListItem\",\"position\":2,\"name\":\"Tous Les Produits\",\"item\":\"https:\\\/\\\/vitablanca.ma\\\/tous-les-produits\\\/\"},{\"@type\":\"ListItem\",\"position\":3,\"name\":\"Ecrinal Shampoing Anti-Pelliculaire 200ml\"}]},{\"@type\":\"WebSite\",\"@id\":\"https:\\\/\\\/vitablanca.ma\\\/#website\",\"url\":\"https:\\\/\\\/vitablanca.ma\\\/\",\"name\":\"VitaBlanca.ma | Compl\u00e9ments alimentaires, sant\u00e9 & beaut\u00e9 au Maroc\",\"description\":\"vendre vitamines et compl\u00e9ments premium des USA &amp; Canada, Nouvelle Z\u00e9lande,Maroc (NOW Foods, Solgar, Manuka). Livraison rapide partout au Maroc.\",\"publisher\":{\"@id\":\"https:\\\/\\\/vitablanca.ma\\\/#organization\"},\"alternateName\":\"VitaBlanca.ma\",\"potentialAction\":[{\"@type\":\"SearchAction\",\"target\":{\"@type\":\"EntryPoint\",\"urlTemplate\":\"https:\\\/\\\/vitablanca.ma\\\/?s={search_term_string}\"},\"query-input\":{\"@type\":\"PropertyValueSpecification\",\"valueRequired\":true,\"valueName\":\"search_term_string\"}}],\"inLanguage\":\"ar\"},{\"@type\":\"Organization\",\"@id\":\"https:\\\/\\\/vitablanca.ma\\\/#organization\",\"name\":\"VitaBlanca\",\"url\":\"https:\\\/\\\/vitablanca.ma\\\/\",\"logo\":{\"@type\":\"ImageObject\",\"inLanguage\":\"ar\",\"@id\":\"https:\\\/\\\/vitablanca.ma\\\/#\\\/schema\\\/logo\\\/image\\\/\",\"url\":\"https:\\\/\\\/vitablanca.ma\\\/wp-content\\\/uploads\\\/2025\\\/05\\\/cropped-vitablanca.png\",\"contentUrl\":\"https:\\\/\\\/vitablanca.ma\\\/wp-content\\\/uploads\\\/2025\\\/05\\\/cropped-vitablanca.png\",\"width\":360,\"height\":67,\"caption\":\"VitaBlanca\"},\"image\":{\"@id\":\"https:\\\/\\\/vitablanca.ma\\\/#\\\/schema\\\/logo\\\/image\\\/\"},\"sameAs\":[\"https:\\\/\\\/www.facebook.com\\\/profile.php?id=61576678196717\",\"https:\\\/\\\/www.tiktok.com\\\/@vitablanca.ma\",\"https:\\\/\\\/www.instagram.com\\\/vitablanca.ma\\\/\"]}]}<\/script>\n<!-- \/ Yoast SEO plugin. -->","yoast_head_json":{"title":"Ecrinal Shampoing Anti-Pelliculaire 200ml - Maroc Prix","description":"Ecrinal Shampoing Anti-Pelliculaire 200ml","robots":{"index":"index","follow":"follow","max-snippet":"max-snippet:-1","max-image-preview":"max-image-preview:large","max-video-preview":"max-video-preview:-1"},"canonical":"https:\/\/vitablanca.ma\/ar\/product-2\/ecrinal-shampoing-anti-pelliculaire-200ml\/","og_locale":"ar_AR","og_type":"article","og_title":"Ecrinal Shampoing Anti-Pelliculaire 200ml - Maroc Prix","og_description":"Ecrinal Shampoing Anti-Pelliculaire 200ml","og_url":"https:\/\/vitablanca.ma\/ar\/product-2\/ecrinal-shampoing-anti-pelliculaire-200ml\/","og_site_name":"Vitablanca.ma &ndash; Sant&eacute;, vitalit&eacute; et bien-&ecirc;tre pour tous les Marocains","article_publisher":"https:\/\/www.facebook.com\/profile.php?id=61576678196717","og_image":[{"width":1000,"height":1000,"url":"https:\/\/vitablanca.ma\/wp-content\/uploads\/2025\/06\/ECRINAL-SOINS-CAPPILAIRES-SHAMPOOING-ANTI-PELLICULAIRE-200-ML-Nova-para-Maroc.jpg","type":"image\/jpeg"}],"twitter_card":"summary_large_image","twitter_misc":{"\u0648\u0642\u062a \u0627\u0644\u0642\u0631\u0627\u0621\u0629 \u0627\u0644\u0645\u064f\u0642\u062f\u0651\u0631":"\u062f\u0642\u064a\u0642\u062a\u0627\u0646"},"schema":{"@context":"https:\/\/schema.org","@graph":[{"@type":["WebPage","ItemPage"],"@id":"https:\/\/vitablanca.ma\/produit\/ecrinal-shampoing-anti-pelliculaire-200ml\/","url":"https:\/\/vitablanca.ma\/produit\/ecrinal-shampoing-anti-pelliculaire-200ml\/","name":"Ecrinal Shampoing Anti-Pelliculaire 200ml - Maroc Prix","isPartOf":{"@id":"https:\/\/vitablanca.ma\/#website"},"primaryImageOfPage":{"@id":"https:\/\/vitablanca.ma\/produit\/ecrinal-shampoing-anti-pelliculaire-200ml\/#primaryimage"},"image":{"@id":"https:\/\/vitablanca.ma\/produit\/ecrinal-shampoing-anti-pelliculaire-200ml\/#primaryimage"},"thumbnailUrl":"https:\/\/vitablanca.ma\/wp-content\/uploads\/2025\/06\/ECRINAL-SOINS-CAPPILAIRES-SHAMPOOING-ANTI-PELLICULAIRE-200-ML-Nova-para-Maroc.jpg","datePublished":"2025-06-10T17:00:53+00:00","description":"Ecrinal Shampoing Anti-Pelliculaire 200ml","breadcrumb":{"@id":"https:\/\/vitablanca.ma\/produit\/ecrinal-shampoing-anti-pelliculaire-200ml\/#breadcrumb"},"inLanguage":"ar","potentialAction":[{"@type":"ReadAction","target":["https:\/\/vitablanca.ma\/produit\/ecrinal-shampoing-anti-pelliculaire-200ml\/"]}]},{"@type":"ImageObject","inLanguage":"ar","@id":"https:\/\/vitablanca.ma\/produit\/ecrinal-shampoing-anti-pelliculaire-200ml\/#primaryimage","url":"https:\/\/vitablanca.ma\/wp-content\/uploads\/2025\/06\/ECRINAL-SOINS-CAPPILAIRES-SHAMPOOING-ANTI-PELLICULAIRE-200-ML-Nova-para-Maroc.jpg","contentUrl":"https:\/\/vitablanca.ma\/wp-content\/uploads\/2025\/06\/ECRINAL-SOINS-CAPPILAIRES-SHAMPOOING-ANTI-PELLICULAIRE-200-ML-Nova-para-Maroc.jpg","width":1000,"height":1000},{"@type":"BreadcrumbList","@id":"https:\/\/vitablanca.ma\/produit\/ecrinal-shampoing-anti-pelliculaire-200ml\/#breadcrumb","itemListElement":[{"@type":"ListItem","position":1,"name":"Home","item":"https:\/\/vitablanca.ma\/"},{"@type":"ListItem","position":2,"name":"Tous Les Produits","item":"https:\/\/vitablanca.ma\/tous-les-produits\/"},{"@type":"ListItem","position":3,"name":"Ecrinal Shampoing Anti-Pelliculaire 200ml"}]},{"@type":"WebSite","@id":"https:\/\/vitablanca.ma\/#website","url":"https:\/\/vitablanca.ma\/","name":"VitaBlanca.ma | \u0627\u0644\u0645\u0643\u0645\u0644\u0627\u062a \u0627\u0644\u063a\u0630\u0627\u0626\u064a\u0629\u060c \u0627\u0644\u0635\u062d\u0629 \u0648\u0627\u0644\u062c\u0645\u0627\u0644 \u0641\u064a \u0627\u0644\u0645\u063a\u0631\u0628","description":"\u0646\u0628\u064a\u0639 \u0641\u064a\u062a\u0627\u0645\u064a\u0646\u0627\u062a \u0648\u0645\u0643\u0645\u0644\u0627\u062a \u063a\u0630\u0627\u0626\u064a\u0629 \u0641\u0627\u062e\u0631\u0629 \u0645\u0646 \u0627\u0644\u0648\u0644\u0627\u064a\u0627\u062a \u0627\u0644\u0645\u062a\u062d\u062f\u0629 \u0627\u0644\u0623\u0645\u0631\u064a\u0643\u064a\u0629 \u0648\u0643\u0646\u062f\u0627 \u0648\u0646\u064a\u0648\u0632\u064a\u0644\u0646\u062f\u0627 \u0648\u0627\u0644\u0645\u063a\u0631\u0628 (\u0646\u0627\u0648 \u0641\u0648\u062f\u0632\u060c \u0633\u0648\u0644\u062c\u0627\u0631\u060c \u0645\u0627\u0646\u0648\u0643\u0627). \u062a\u0648\u0635\u064a\u0644 \u0633\u0631\u064a\u0639 \u0625\u0644\u0649 \u062c\u0645\u064a\u0639 \u0623\u0646\u062d\u0627\u0621 \u0627\u0644\u0645\u063a\u0631\u0628.","publisher":{"@id":"https:\/\/vitablanca.ma\/#organization"},"alternateName":"VitaBlanca.ma","potentialAction":[{"@type":"SearchAction","target":{"@type":"EntryPoint","urlTemplate":"https:\/\/vitablanca.ma\/?s={search_term_string}"},"query-input":{"@type":"PropertyValueSpecification","valueRequired":true,"valueName":"search_term_string"}}],"inLanguage":"ar"},{"@type":"Organization","@id":"https:\/\/vitablanca.ma\/#organization","name":"\u0641\u064a\u062a\u0627\u0628\u0644\u0627\u0646\u0643\u0627","url":"https:\/\/vitablanca.ma\/","logo":{"@type":"ImageObject","inLanguage":"ar","@id":"https:\/\/vitablanca.ma\/#\/schema\/logo\/image\/","url":"https:\/\/vitablanca.ma\/wp-content\/uploads\/2025\/05\/cropped-vitablanca.png","contentUrl":"https:\/\/vitablanca.ma\/wp-content\/uploads\/2025\/05\/cropped-vitablanca.png","width":360,"height":67,"caption":"VitaBlanca"},"image":{"@id":"https:\/\/vitablanca.ma\/#\/schema\/logo\/image\/"},"sameAs":["https:\/\/www.facebook.com\/profile.php?id=61576678196717","https:\/\/www.tiktok.com\/@vitablanca.ma","https:\/\/www.instagram.com\/vitablanca.ma\/"]}]}},"jetpack_sharing_enabled":true,"_links":{"self":[{"href":"https:\/\/vitablanca.ma\/ar\/wp-json\/wp\/v2\/product\/17424","targetHints":{"allow":["GET"]}}],"collection":[{"href":"https:\/\/vitablanca.ma\/ar\/wp-json\/wp\/v2\/product"}],"about":[{"href":"https:\/\/vitablanca.ma\/ar\/wp-json\/wp\/v2\/types\/product"}],"wp:featuredmedia":[{"embeddable":true,"href":"https:\/\/vitablanca.ma\/ar\/wp-json\/wp\/v2\/media\/17421"}],"wp:attachment":[{"href":"https:\/\/vitablanca.ma\/ar\/wp-json\/wp\/v2\/media?parent=17424"}],"wp:term":[{"taxonomy":"product_brand","embeddable":true,"href":"https:\/\/vitablanca.ma\/ar\/wp-json\/wp\/v2\/product_brand?post=17424"},{"taxonomy":"product_cat","embeddable":true,"href":"https:\/\/vitablanca.ma\/ar\/wp-json\/wp\/v2\/product_cat?post=17424"},{"taxonomy":"product_tag","embeddable":true,"href":"https:\/\/vitablanca.ma\/ar\/wp-json\/wp\/v2\/product_tag?post=17424"}],"curies":[{"name":"wp","href":"https:\/\/api.w.org\/{rel}","templated":true}]}}