{"id":17419,"date":"2025-06-10T17:00:46","date_gmt":"2025-06-10T17:00:46","guid":{"rendered":"https:\/\/vitablanca.ma\/product\/ecrinal-soins-cappilaires-shampooing-cheveux-secs-200ml\/"},"modified":"2025-06-10T17:00:46","modified_gmt":"2025-06-10T17:00:46","slug":"ecrinal-soins-cappilaires-shampooing-cheveux-secs-200ml","status":"publish","type":"product","link":"https:\/\/vitablanca.ma\/ar\/product-2\/ecrinal-soins-cappilaires-shampooing-cheveux-secs-200ml\/","title":{"rendered":"Ecrinal Soins Cappilaires Shampooing Cheveux Secs 200ml"},"content":{"rendered":"<h2>Ecrinal Soins Cappilaires Shampooing Cheveux Secs permet de nettoyer en douceur le cuir chevelu sans perturber l&rsquo;\u00e9quilibre naturel des glandes s\u00e9bac\u00e9es<\/h2>\n<p>Ce produit est id\u00e9al pour les<span>\u00a0<\/span><strong>\u0634\u0639\u0631<\/strong><span>\u00a0<\/span>qui ont subi des agressions dues \u00e0 des facteurs externes tels que des d\u00e9colorations fr\u00e9quentes, l&rsquo;utilisation excessive de fers \u00e0 lisser, ou une exposition prolong\u00e9e au soleil. Il permet de nettoyer en douceur le cuir chevelu sans perturber l&rsquo;\u00e9quilibre naturel des glandes s\u00e9bac\u00e9es, tout en redonnant aux<span>\u00a0<\/span><strong>\u0634\u0639\u0631<\/strong><span>\u00a0<\/span>leur \u00e9clat d&rsquo;origine.<\/p>\n<p>Apr\u00e8s un mois d&rsquo;utilisation r\u00e9guli\u00e8re, les<span>\u00a0<\/span><strong>\u0634\u0639\u0631<\/strong><span>\u00a0<\/span>apparaissent visiblement plus doux, hydrat\u00e9s et faciles \u00e0 coiffer. La texture agr\u00e9able du<span>\u00a0<\/span><strong>\u0634\u0627\u0645\u0628\u0648<\/strong><span>\u00a0<\/span>rend son application simple et agr\u00e9able, transformant chaque lavage en un v\u00e9ritable moment de soin.<\/p>\n<h3>\u0637\u0631\u064a\u0642\u0629 \u0627\u0644\u0627\u0633\u062a\u062e\u062f\u0627\u0645<\/h3>\n<div id=\"content-wrapper\" class=\"left-column col-xs-12 col-lg-9\">\n<div id=\"main-content\" class=\"product-container js-product-container\">\n<div id=\"wrapper-tab-product\" class=\"wc-tabs-wrapper tab-type-default tabs clearfix\">\n<div class=\"tab-content\">\n<div id=\"description\" class=\"wc-tab tab-pane active js-product-tab-active\">\n<div class=\"product-description\">\n<div id=\"content-wrapper\" class=\"left-column col-xs-12 col-lg-9\">\n<div id=\"main-content\" class=\"product-container js-product-container\">\n<div id=\"wrapper-tab-product\" class=\"wc-tabs-wrapper tab-type-default tabs clearfix\">\n<div class=\"tab-content\">\n<div id=\"description\" class=\"wc-tab tab-pane active js-product-tab-active\">\n<div class=\"product-description\">\n<p>Pour des r\u00e9sultats optimaux, il est recommand\u00e9 d&rsquo;utiliser le<span>\u00a0<\/span><strong>\u0634\u0627\u0645\u0628\u0648<\/strong><span>\u00a0<\/span>Ecrinal pour cheveux secs trois fois par semaine. Appliquez une petite quantit\u00e9 de produit sur cheveux mouill\u00e9s. Massez d\u00e9licatement le<strong><span>\u00a0<\/span>\u0641\u0631\u0648\u0629 \u0627\u0644\u0631\u0623\u0633<\/strong><span>\u00a0<\/span>et les longueurs avec les doigts pour stimuler la microcirculation et permettre aux actifs de bien p\u00e9n\u00e9trer la fibre<span>\u00a0<\/span><strong>\u0634\u0639\u0631\u064a<\/strong>. Rincez abondamment \u00e0 l&rsquo;eau ti\u00e8de pour \u00e9liminer toutes les traces de produit, puis s\u00e9chez vos cheveux \u00e0 l&rsquo;air libre ou \u00e0 l&rsquo;aide d&rsquo;une serviette douce.<\/p>\n<\/div>\n<\/div>\n<\/div>\n<\/div>\n<\/div>\n<\/div>\n<\/div>\n<\/div>\n<\/div>\n<\/div>\n<\/div>\n<\/div>\n<h3>\u062a\u0639\u0628\u064a\u0631<\/h3>\n<div class=\"tabs_area\">\n<div class=\"tab_content\">\n<div class=\"tab tab-content-1 tab_content_conseil-utilisation\">\n<div class=\"tabs_area\">\n<div class=\"tab_content\">\n<div class=\"tab tab-content-2 tab_content_composition\">\u0635\u064a\u063a\u0629 INCI: \u0645\u0627\u0621\u060c \u0643\u0628\u0631\u064a\u062a\u0627\u062a \u0644\u0648\u0631\u064a\u062b \u0627\u0644\u0635\u0648\u062f\u064a\u0648\u0645\u060c \u0643\u0648\u0643\u0627\u0645\u0641\u0648 \u0623\u0633\u064a\u062a\u0627\u062a \u0627\u0644\u0635\u0648\u062f\u064a\u0648\u0645\u060c \u0623\u062d\u0645\u0627\u0636 \u0623\u0645\u064a\u0646\u064a\u0629 \u0644\u0648\u0631\u0648\u064a\u0644 \u0627\u0644\u0634\u0648\u0641\u0627\u0646 \u0627\u0644\u0635\u0648\u062f\u064a\u0648\u0645\u060c \u0628\u0631\u0648\u0628\u064a\u0644\u064a\u0646 \u062c\u0644\u064a\u0643\u0648\u0644\u060c \u0643\u0648\u0643\u0627\u0645\u064a\u062f MIPA\u060c PEG-12 \u062f\u0627\u064a\u0645\u064a\u062b\u064a\u0643\u0648\u0646\u060c \u0639\u0637\u0631\u060c PEG-120 \u0645\u064a\u062b\u064a\u0644 \u062c\u0644\u0648\u0643\u0648\u0632 \u062f\u064a\u0648\u0644\u064a\u0627\u062a\u060c \u0625\u064a\u062b\u064a\u0644\u064a\u0646 \u062c\u0644\u064a\u0643\u0648\u0644 \u062f\u064a\u0633\u062a\u064a\u0631\u0627\u062a\u060c \u0643\u0627\u0628\u0631\u064a\u0644\u0648\u064a\u0644 \u0633\u064a\u0631\u064a\u0646\/\u0623\u062d\u0645\u0627\u0636 \u0623\u0645\u064a\u0646\u064a\u0629 \u062d\u0631\u064a\u0631\u064a\u0629 \u0625\u0633\u062a\u0631\u0627\u062a \u0645\u064a\u062b\u064a\u0644\u060c \u0641\u064a\u062a\u064a\u0633 \u0641\u064a\u0646\u064a\u0641\u064a\u0631\u0627\u060c \u0643\u0644\u0648\u0631\u064a\u062f \u0623\u0643\u0631\u064a\u0644\u0627\u0645\u064a\u062f\u0648\u0628\u0631\u0648\u0628\u064a\u0644 \u062a\u0631\u064a\u0645\u0648\u0646\u064a\u0648\u0645\/\u0643\u0648\u0628\u0648\u0644\u064a\u0645\u0631 \u0623\u0643\u0631\u064a\u0644\u0627\u0645\u064a\u062f\u0648\u0628\u0631\u0648\u0628\u064a\u0644 \u062a\u0631\u064a\u0645\u0648\u0646\u064a\u0648\u0645\u060c \u062d\u0645\u0636 \u0627\u0644\u0644\u0627\u0643\u062a\u064a\u0643\u060c EDTA \u0631\u0628\u0627\u0639\u064a \u0627\u0644\u0635\u0648\u062f\u064a\u0648\u0645\u060c \u0625\u064a\u0645\u064a\u062f\u0627\u0632\u0648\u0644\u064a\u062f\u064a\u0646\u064a\u0644 \u064a\u0648\u0631\u064a\u0627\u060c \u0641\u064a\u0646\u0648\u0643\u0633\u064a \u0625\u064a\u062b\u0627\u0646\u0648\u0644\u060c \u0645\u064a\u062b\u064a\u0644 \u0628\u0627\u0631\u0627\u0628\u064a\u0646\u060c \u0625\u064a\u062b\u064a\u0644 \u0628\u0627\u0631\u0627\u0628\u064a\u0646\u060c \u0628\u0631\u0648\u0628\u064a\u0644 \u0628\u0627\u0631\u0627\u0628\u064a\u0646\u060c \u0628\u0648\u062a\u064a\u0644 \u0628\u0627\u0631\u0627\u0628\u064a\u0646.<\/div>\n<\/div>\n<\/div>\n<\/div>\n<\/div>\n<\/div>","protected":false},"excerpt":{"rendered":"<p>Ecrinal Soins Cappilaires Shampooing Cheveux Secs permet de nettoyer en douceur le cuir chevelu sans perturber l&rsquo;\u00e9quilibre naturel des glandes s\u00e9bac\u00e9es Ce produit est id\u00e9al pour les\u00a0cheveux\u00a0qui ont subi des agressions dues \u00e0 des facteurs externes tels que des d\u00e9colorations fr\u00e9quentes, l&rsquo;utilisation excessive de fers \u00e0 lisser, ou une exposition prolong\u00e9e au soleil. Il permet [&hellip;]<\/p>\n","protected":false},"featured_media":17416,"template":"","meta":{"om_disable_all_campaigns":false},"product_brand":[],"product_cat":[15],"product_tag":[],"class_list":{"0":"post-17419","1":"product","2":"type-product","3":"status-publish","4":"has-post-thumbnail","6":"product_cat-beaute-sante-complements-alimentaires-soins-et-bien-etre-au-meilleur-prix","8":"first","9":"instock","10":"sale","11":"taxable","12":"shipping-taxable","13":"purchasable","14":"product-type-simple"},"yoast_head":"<!-- This site is optimized with the Yoast SEO plugin v27.3 - https:\/\/yoast.com\/product\/yoast-seo-wordpress\/ -->\n<title>Ecrinal Soins Cappilaires Shampooing Cheveux Secs 200ml - Maroc Prix<\/title>\n<meta name=\"description\" content=\"Ecrinal Soins Cappilaires Shampooing Cheveux Secs 200ml\" \/>\n<meta name=\"robots\" content=\"index, follow, max-snippet:-1, max-image-preview:large, max-video-preview:-1\" \/>\n<link rel=\"canonical\" href=\"https:\/\/vitablanca.ma\/ar\/product-2\/ecrinal-soins-cappilaires-shampooing-cheveux-secs-200ml\/\" \/>\n<meta property=\"og:locale\" content=\"ar_AR\" \/>\n<meta property=\"og:type\" content=\"article\" \/>\n<meta property=\"og:title\" content=\"Ecrinal Soins Cappilaires Shampooing Cheveux Secs 200ml - Maroc Prix\" \/>\n<meta property=\"og:description\" content=\"Ecrinal Soins Cappilaires Shampooing Cheveux Secs 200ml\" \/>\n<meta property=\"og:url\" content=\"https:\/\/vitablanca.ma\/ar\/product-2\/ecrinal-soins-cappilaires-shampooing-cheveux-secs-200ml\/\" \/>\n<meta property=\"og:site_name\" content=\"Vitablanca.ma &ndash; Sant&eacute;, vitalit&eacute; et bien-&ecirc;tre pour tous les Marocains\" \/>\n<meta property=\"article:publisher\" content=\"https:\/\/www.facebook.com\/profile.php?id=61576678196717\" \/>\n<meta property=\"og:image\" content=\"https:\/\/vitablanca.ma\/wp-content\/uploads\/2025\/06\/ECRINAL-SOINS-CAPPILAIRES-SHAMPOOING-CHEVEUX-SECS-200-ML-Nova-para-Maroc.jpg\" \/>\n\t<meta property=\"og:image:width\" content=\"1000\" \/>\n\t<meta property=\"og:image:height\" content=\"1000\" \/>\n\t<meta property=\"og:image:type\" content=\"image\/jpeg\" \/>\n<meta name=\"twitter:card\" content=\"summary_large_image\" \/>\n<meta name=\"twitter:label1\" content=\"\u0648\u0642\u062a \u0627\u0644\u0642\u0631\u0627\u0621\u0629 \u0627\u0644\u0645\u064f\u0642\u062f\u0651\u0631\" \/>\n\t<meta name=\"twitter:data1\" content=\"\u062f\u0642\u064a\u0642\u0629 \u0648\u0627\u062d\u062f\u0629\" \/>\n<script type=\"application\/ld+json\" class=\"yoast-schema-graph\">{\"@context\":\"https:\\\/\\\/schema.org\",\"@graph\":[{\"@type\":[\"WebPage\",\"ItemPage\"],\"@id\":\"https:\\\/\\\/vitablanca.ma\\\/produit\\\/ecrinal-soins-cappilaires-shampooing-cheveux-secs-200ml\\\/\",\"url\":\"https:\\\/\\\/vitablanca.ma\\\/produit\\\/ecrinal-soins-cappilaires-shampooing-cheveux-secs-200ml\\\/\",\"name\":\"Ecrinal Soins Cappilaires Shampooing Cheveux Secs 200ml - Maroc Prix\",\"isPartOf\":{\"@id\":\"https:\\\/\\\/vitablanca.ma\\\/#website\"},\"primaryImageOfPage\":{\"@id\":\"https:\\\/\\\/vitablanca.ma\\\/produit\\\/ecrinal-soins-cappilaires-shampooing-cheveux-secs-200ml\\\/#primaryimage\"},\"image\":{\"@id\":\"https:\\\/\\\/vitablanca.ma\\\/produit\\\/ecrinal-soins-cappilaires-shampooing-cheveux-secs-200ml\\\/#primaryimage\"},\"thumbnailUrl\":\"https:\\\/\\\/vitablanca.ma\\\/wp-content\\\/uploads\\\/2025\\\/06\\\/ECRINAL-SOINS-CAPPILAIRES-SHAMPOOING-CHEVEUX-SECS-200-ML-Nova-para-Maroc.jpg\",\"datePublished\":\"2025-06-10T17:00:46+00:00\",\"description\":\"Ecrinal Soins Cappilaires Shampooing Cheveux Secs 200ml\",\"breadcrumb\":{\"@id\":\"https:\\\/\\\/vitablanca.ma\\\/produit\\\/ecrinal-soins-cappilaires-shampooing-cheveux-secs-200ml\\\/#breadcrumb\"},\"inLanguage\":\"ar\",\"potentialAction\":[{\"@type\":\"ReadAction\",\"target\":[\"https:\\\/\\\/vitablanca.ma\\\/produit\\\/ecrinal-soins-cappilaires-shampooing-cheveux-secs-200ml\\\/\"]}]},{\"@type\":\"ImageObject\",\"inLanguage\":\"ar\",\"@id\":\"https:\\\/\\\/vitablanca.ma\\\/produit\\\/ecrinal-soins-cappilaires-shampooing-cheveux-secs-200ml\\\/#primaryimage\",\"url\":\"https:\\\/\\\/vitablanca.ma\\\/wp-content\\\/uploads\\\/2025\\\/06\\\/ECRINAL-SOINS-CAPPILAIRES-SHAMPOOING-CHEVEUX-SECS-200-ML-Nova-para-Maroc.jpg\",\"contentUrl\":\"https:\\\/\\\/vitablanca.ma\\\/wp-content\\\/uploads\\\/2025\\\/06\\\/ECRINAL-SOINS-CAPPILAIRES-SHAMPOOING-CHEVEUX-SECS-200-ML-Nova-para-Maroc.jpg\",\"width\":1000,\"height\":1000},{\"@type\":\"BreadcrumbList\",\"@id\":\"https:\\\/\\\/vitablanca.ma\\\/produit\\\/ecrinal-soins-cappilaires-shampooing-cheveux-secs-200ml\\\/#breadcrumb\",\"itemListElement\":[{\"@type\":\"ListItem\",\"position\":1,\"name\":\"Home\",\"item\":\"https:\\\/\\\/vitablanca.ma\\\/\"},{\"@type\":\"ListItem\",\"position\":2,\"name\":\"Tous Les Produits\",\"item\":\"https:\\\/\\\/vitablanca.ma\\\/tous-les-produits\\\/\"},{\"@type\":\"ListItem\",\"position\":3,\"name\":\"Ecrinal Soins Cappilaires Shampooing Cheveux Secs 200ml\"}]},{\"@type\":\"WebSite\",\"@id\":\"https:\\\/\\\/vitablanca.ma\\\/#website\",\"url\":\"https:\\\/\\\/vitablanca.ma\\\/\",\"name\":\"VitaBlanca.ma | Compl\u00e9ments alimentaires, sant\u00e9 & beaut\u00e9 au Maroc\",\"description\":\"vendre vitamines et compl\u00e9ments premium des USA &amp; Canada, Nouvelle Z\u00e9lande,Maroc (NOW Foods, Solgar, Manuka). Livraison rapide partout au Maroc.\",\"publisher\":{\"@id\":\"https:\\\/\\\/vitablanca.ma\\\/#organization\"},\"alternateName\":\"VitaBlanca.ma\",\"potentialAction\":[{\"@type\":\"SearchAction\",\"target\":{\"@type\":\"EntryPoint\",\"urlTemplate\":\"https:\\\/\\\/vitablanca.ma\\\/?s={search_term_string}\"},\"query-input\":{\"@type\":\"PropertyValueSpecification\",\"valueRequired\":true,\"valueName\":\"search_term_string\"}}],\"inLanguage\":\"ar\"},{\"@type\":\"Organization\",\"@id\":\"https:\\\/\\\/vitablanca.ma\\\/#organization\",\"name\":\"VitaBlanca\",\"url\":\"https:\\\/\\\/vitablanca.ma\\\/\",\"logo\":{\"@type\":\"ImageObject\",\"inLanguage\":\"ar\",\"@id\":\"https:\\\/\\\/vitablanca.ma\\\/#\\\/schema\\\/logo\\\/image\\\/\",\"url\":\"https:\\\/\\\/vitablanca.ma\\\/wp-content\\\/uploads\\\/2025\\\/05\\\/cropped-vitablanca.png\",\"contentUrl\":\"https:\\\/\\\/vitablanca.ma\\\/wp-content\\\/uploads\\\/2025\\\/05\\\/cropped-vitablanca.png\",\"width\":360,\"height\":67,\"caption\":\"VitaBlanca\"},\"image\":{\"@id\":\"https:\\\/\\\/vitablanca.ma\\\/#\\\/schema\\\/logo\\\/image\\\/\"},\"sameAs\":[\"https:\\\/\\\/www.facebook.com\\\/profile.php?id=61576678196717\",\"https:\\\/\\\/www.tiktok.com\\\/@vitablanca.ma\",\"https:\\\/\\\/www.instagram.com\\\/vitablanca.ma\\\/\"]}]}<\/script>\n<!-- \/ Yoast SEO plugin. -->","yoast_head_json":{"title":"Ecrinal Soins Cappilaires Shampooing Cheveux Secs 200ml - Maroc Prix","description":"Ecrinal Soins Cappilaires Shampooing Cheveux Secs 200ml","robots":{"index":"index","follow":"follow","max-snippet":"max-snippet:-1","max-image-preview":"max-image-preview:large","max-video-preview":"max-video-preview:-1"},"canonical":"https:\/\/vitablanca.ma\/ar\/product-2\/ecrinal-soins-cappilaires-shampooing-cheveux-secs-200ml\/","og_locale":"ar_AR","og_type":"article","og_title":"Ecrinal Soins Cappilaires Shampooing Cheveux Secs 200ml - Maroc Prix","og_description":"Ecrinal Soins Cappilaires Shampooing Cheveux Secs 200ml","og_url":"https:\/\/vitablanca.ma\/ar\/product-2\/ecrinal-soins-cappilaires-shampooing-cheveux-secs-200ml\/","og_site_name":"Vitablanca.ma &ndash; Sant&eacute;, vitalit&eacute; et bien-&ecirc;tre pour tous les Marocains","article_publisher":"https:\/\/www.facebook.com\/profile.php?id=61576678196717","og_image":[{"width":1000,"height":1000,"url":"https:\/\/vitablanca.ma\/wp-content\/uploads\/2025\/06\/ECRINAL-SOINS-CAPPILAIRES-SHAMPOOING-CHEVEUX-SECS-200-ML-Nova-para-Maroc.jpg","type":"image\/jpeg"}],"twitter_card":"summary_large_image","twitter_misc":{"\u0648\u0642\u062a \u0627\u0644\u0642\u0631\u0627\u0621\u0629 \u0627\u0644\u0645\u064f\u0642\u062f\u0651\u0631":"\u062f\u0642\u064a\u0642\u0629 \u0648\u0627\u062d\u062f\u0629"},"schema":{"@context":"https:\/\/schema.org","@graph":[{"@type":["WebPage","ItemPage"],"@id":"https:\/\/vitablanca.ma\/produit\/ecrinal-soins-cappilaires-shampooing-cheveux-secs-200ml\/","url":"https:\/\/vitablanca.ma\/produit\/ecrinal-soins-cappilaires-shampooing-cheveux-secs-200ml\/","name":"Ecrinal Soins Cappilaires Shampooing Cheveux Secs 200ml - Maroc Prix","isPartOf":{"@id":"https:\/\/vitablanca.ma\/#website"},"primaryImageOfPage":{"@id":"https:\/\/vitablanca.ma\/produit\/ecrinal-soins-cappilaires-shampooing-cheveux-secs-200ml\/#primaryimage"},"image":{"@id":"https:\/\/vitablanca.ma\/produit\/ecrinal-soins-cappilaires-shampooing-cheveux-secs-200ml\/#primaryimage"},"thumbnailUrl":"https:\/\/vitablanca.ma\/wp-content\/uploads\/2025\/06\/ECRINAL-SOINS-CAPPILAIRES-SHAMPOOING-CHEVEUX-SECS-200-ML-Nova-para-Maroc.jpg","datePublished":"2025-06-10T17:00:46+00:00","description":"Ecrinal Soins Cappilaires Shampooing Cheveux Secs 200ml","breadcrumb":{"@id":"https:\/\/vitablanca.ma\/produit\/ecrinal-soins-cappilaires-shampooing-cheveux-secs-200ml\/#breadcrumb"},"inLanguage":"ar","potentialAction":[{"@type":"ReadAction","target":["https:\/\/vitablanca.ma\/produit\/ecrinal-soins-cappilaires-shampooing-cheveux-secs-200ml\/"]}]},{"@type":"ImageObject","inLanguage":"ar","@id":"https:\/\/vitablanca.ma\/produit\/ecrinal-soins-cappilaires-shampooing-cheveux-secs-200ml\/#primaryimage","url":"https:\/\/vitablanca.ma\/wp-content\/uploads\/2025\/06\/ECRINAL-SOINS-CAPPILAIRES-SHAMPOOING-CHEVEUX-SECS-200-ML-Nova-para-Maroc.jpg","contentUrl":"https:\/\/vitablanca.ma\/wp-content\/uploads\/2025\/06\/ECRINAL-SOINS-CAPPILAIRES-SHAMPOOING-CHEVEUX-SECS-200-ML-Nova-para-Maroc.jpg","width":1000,"height":1000},{"@type":"BreadcrumbList","@id":"https:\/\/vitablanca.ma\/produit\/ecrinal-soins-cappilaires-shampooing-cheveux-secs-200ml\/#breadcrumb","itemListElement":[{"@type":"ListItem","position":1,"name":"Home","item":"https:\/\/vitablanca.ma\/"},{"@type":"ListItem","position":2,"name":"Tous Les Produits","item":"https:\/\/vitablanca.ma\/tous-les-produits\/"},{"@type":"ListItem","position":3,"name":"Ecrinal Soins Cappilaires Shampooing Cheveux Secs 200ml"}]},{"@type":"WebSite","@id":"https:\/\/vitablanca.ma\/#website","url":"https:\/\/vitablanca.ma\/","name":"VitaBlanca.ma | \u0627\u0644\u0645\u0643\u0645\u0644\u0627\u062a \u0627\u0644\u063a\u0630\u0627\u0626\u064a\u0629\u060c \u0627\u0644\u0635\u062d\u0629 \u0648\u0627\u0644\u062c\u0645\u0627\u0644 \u0641\u064a \u0627\u0644\u0645\u063a\u0631\u0628","description":"\u0646\u0628\u064a\u0639 \u0641\u064a\u062a\u0627\u0645\u064a\u0646\u0627\u062a \u0648\u0645\u0643\u0645\u0644\u0627\u062a \u063a\u0630\u0627\u0626\u064a\u0629 \u0641\u0627\u062e\u0631\u0629 \u0645\u0646 \u0627\u0644\u0648\u0644\u0627\u064a\u0627\u062a \u0627\u0644\u0645\u062a\u062d\u062f\u0629 \u0627\u0644\u0623\u0645\u0631\u064a\u0643\u064a\u0629 \u0648\u0643\u0646\u062f\u0627 \u0648\u0646\u064a\u0648\u0632\u064a\u0644\u0646\u062f\u0627 \u0648\u0627\u0644\u0645\u063a\u0631\u0628 (\u0646\u0627\u0648 \u0641\u0648\u062f\u0632\u060c \u0633\u0648\u0644\u062c\u0627\u0631\u060c \u0645\u0627\u0646\u0648\u0643\u0627). \u062a\u0648\u0635\u064a\u0644 \u0633\u0631\u064a\u0639 \u0625\u0644\u0649 \u062c\u0645\u064a\u0639 \u0623\u0646\u062d\u0627\u0621 \u0627\u0644\u0645\u063a\u0631\u0628.","publisher":{"@id":"https:\/\/vitablanca.ma\/#organization"},"alternateName":"VitaBlanca.ma","potentialAction":[{"@type":"SearchAction","target":{"@type":"EntryPoint","urlTemplate":"https:\/\/vitablanca.ma\/?s={search_term_string}"},"query-input":{"@type":"PropertyValueSpecification","valueRequired":true,"valueName":"search_term_string"}}],"inLanguage":"ar"},{"@type":"Organization","@id":"https:\/\/vitablanca.ma\/#organization","name":"\u0641\u064a\u062a\u0627\u0628\u0644\u0627\u0646\u0643\u0627","url":"https:\/\/vitablanca.ma\/","logo":{"@type":"ImageObject","inLanguage":"ar","@id":"https:\/\/vitablanca.ma\/#\/schema\/logo\/image\/","url":"https:\/\/vitablanca.ma\/wp-content\/uploads\/2025\/05\/cropped-vitablanca.png","contentUrl":"https:\/\/vitablanca.ma\/wp-content\/uploads\/2025\/05\/cropped-vitablanca.png","width":360,"height":67,"caption":"VitaBlanca"},"image":{"@id":"https:\/\/vitablanca.ma\/#\/schema\/logo\/image\/"},"sameAs":["https:\/\/www.facebook.com\/profile.php?id=61576678196717","https:\/\/www.tiktok.com\/@vitablanca.ma","https:\/\/www.instagram.com\/vitablanca.ma\/"]}]}},"jetpack_sharing_enabled":true,"_links":{"self":[{"href":"https:\/\/vitablanca.ma\/ar\/wp-json\/wp\/v2\/product\/17419","targetHints":{"allow":["GET"]}}],"collection":[{"href":"https:\/\/vitablanca.ma\/ar\/wp-json\/wp\/v2\/product"}],"about":[{"href":"https:\/\/vitablanca.ma\/ar\/wp-json\/wp\/v2\/types\/product"}],"wp:featuredmedia":[{"embeddable":true,"href":"https:\/\/vitablanca.ma\/ar\/wp-json\/wp\/v2\/media\/17416"}],"wp:attachment":[{"href":"https:\/\/vitablanca.ma\/ar\/wp-json\/wp\/v2\/media?parent=17419"}],"wp:term":[{"taxonomy":"product_brand","embeddable":true,"href":"https:\/\/vitablanca.ma\/ar\/wp-json\/wp\/v2\/product_brand?post=17419"},{"taxonomy":"product_cat","embeddable":true,"href":"https:\/\/vitablanca.ma\/ar\/wp-json\/wp\/v2\/product_cat?post=17419"},{"taxonomy":"product_tag","embeddable":true,"href":"https:\/\/vitablanca.ma\/ar\/wp-json\/wp\/v2\/product_tag?post=17419"}],"curies":[{"name":"wp","href":"https:\/\/api.w.org\/{rel}","templated":true}]}}