{"id":17418,"date":"2025-06-10T17:00:43","date_gmt":"2025-06-10T17:00:43","guid":{"rendered":"https:\/\/vitablanca.ma\/product\/ducray-keracnyl-glycolic-creme-desincrustante-30ml\/"},"modified":"2025-06-10T17:00:43","modified_gmt":"2025-06-10T17:00:43","slug":"ducray-keracnyl-glycolic-creme-desincrustante-30ml","status":"publish","type":"product","link":"https:\/\/vitablanca.ma\/ar\/product-2\/ducray-keracnyl-glycolic-creme-desincrustante-30ml\/","title":{"rendered":"\u0643\u0631\u064a\u0645 \u0627\u0644\u062a\u0646\u0638\u064a\u0641 \u0627\u0644\u0639\u0645\u064a\u0642 \u0643\u064a\u0631\u0627\u0643\u0646\u064a\u0644 \u062c\u0644\u064a\u0643\u0648\u0644\u064a\u0643+ \u0645\u0646 \u062f\u0648\u0643\u0631\u0627\u064a 30 \u0645\u0644"},"content":{"rendered":"<h2>Ducray KERACNYL GLYCOLIC+ Cr\u00e8me d\u00e9sincrustante\u00a0<span data-mce-fragment=\"1\">Appliqu\u00e9e quotidiennement apr\u00e8s le nettoyage de la peau<\/span><br \/>\n<\/h2>\n<div class=\"block-content\">\n<p>La\u00a0cr\u00e8me\u00a0KERACNYL GLYCOLIC+\u00a0cible les points noirs et les imperfections des peaux jeunes ou adultes \u00e0 tendance acn\u00e9ique et favorise leur disparition.<br \/>Elle lutte \u00e9galement contre la brillance en r\u00e9gulant la production excessive de s\u00e9bum et lisse le grain de peau.<br \/>Appliqu\u00e9e quotidiennement apr\u00e8s le nettoyage de la peau, elle constitue une tr\u00e8s bonne base de maquillage.<\/p>\n<\/div>\n<div class=\"block-content has-heading\">\n<div class=\"block-content-heading\">\n<h3 id=\"\" class=\"\">\u0645\u064a\u0632\u0629<\/h3>\n<\/div>\n<p>Gr\u00e2ce \u00e0 l&rsquo;action de l&rsquo;acide glycolique, la cr\u00e8me KERACNYL GLYCOLIC+ cible les points noirs des peaux jeunes ou adultes \u00e0 tendance acn\u00e9ique et favorise leur disparition d\u00e8s 2 jours*.<\/p>\n<div class=\"block-content-heading\">\n<h3 id=\"\" class=\"\">\u0641\u0648\u0627\u0626\u062f<\/h3>\n<\/div>\n<p>\u2022 FAVORISE la disparition des points noirs avec l&rsquo;ACIDE GLYCOLIQUE, actif k\u00e9ratolytique, qui d\u00e9sincruste les pores et permet une exfoliation douce de la peau<br \/>\u2022 FAVORISE le r\u00e9\u00e9quilibre de la flore bact\u00e9rienne et contribue \u00e0 \u00e9liminer les boutons avec l&rsquo;extrait naturel de MYRTACINE\u00ae<br \/>\u2022 PEUT ETRE UTILISE comme base de maquillage<\/p>\n<div class=\"block-heading\">\n<div class=\"block-heading-title\">\n<h2 class=\"block-name\">\u0646\u0635\u0627\u0626\u062d \u0627\u0644\u062a\u0642\u062f\u064a\u0645<\/h2>\n<\/div>\n<\/div>\n<div class=\"bloc-pictos__wrap bloc-pictos__items\">\n<div class=\"bloc-pictos__item bloc-pictos__item-0\">\n<img decoding=\"async\" alt=\"\u0627\u0644\u062e\u0637\u0648\u0629 1\" src=\"https:\/\/www.ducray.com\/var\/dfp\/storage\/original\/image\/600b499816fbc394cd47c0ca8cf254b7.svg\" class=\"bloc-pictos__img\" loading=\"lazy\"><\/p>\n<h3 id=\"\" class=\"bloc-pictos__title\">\u0627\u0644\u062e\u0637\u0648\u0629 1<\/h3>\n<p class=\"bloc-pictos__desc\">Avant utilisation de la cr\u00e8me, nettoyer pr\u00e9alablement le visage avec KERACNYL Gel Moussant<\/p>\n<\/div>\n<div class=\"bloc-pictos__item bloc-pictos__item-1\">\n<img decoding=\"async\" alt=\"\u0627\u0644\u062e\u0637\u0648\u0629 2\" src=\"https:\/\/www.ducray.com\/var\/dfp\/storage\/original\/image\/9ef7a508bafbeed2a074536f16273af4.svg\" class=\"bloc-pictos__img\" loading=\"lazy\"><\/p>\n<h3 id=\"\" class=\"bloc-pictos__title\">\u0627\u0644\u062e\u0637\u0648\u0629 2<\/h3>\n<p class=\"bloc-pictos__desc\">Appliquer la cr\u00e8me 1 \u00e0 2 fois par jour sur une peau s\u00e8che<\/p>\n<\/div>\n<div class=\"bloc-pictos__item bloc-pictos__item-2\">\n<img decoding=\"async\" alt=\"Pr\u00e9caution d'emploi\" src=\"https:\/\/www.ducray.com\/var\/dfp\/storage\/images\/_aliases\/icon_image_64x64\/9\/0\/9\/6\/11286909-2-fre-FR\/e11825dd203b-logo-oeil-barre-png\" class=\"bloc-pictos__img\" loading=\"lazy\"><\/p>\n<h3 id=\"\" class=\"bloc-pictos__title\">Pr\u00e9caution d&#8217;emploi<\/h3>\n<p class=\"bloc-pictos__desc\">Eviter le contact avec les yeux<\/p>\n<\/div>\n<div class=\"bloc-pictos__item bloc-pictos__item-3\">\n<img decoding=\"async\" alt=\"Pr\u00e9caution d'emploi\" src=\"https:\/\/www.ducray.com\/var\/dfp\/storage\/original\/image\/90df60affbebdf19958fff33e8b47f98.png\" class=\"bloc-pictos__img\" loading=\"lazy\"><\/p>\n<h3 id=\"\" class=\"bloc-pictos__title\">Pr\u00e9caution d&#8217;emploi<\/h3>\n<p class=\"bloc-pictos__desc\">Limiter l&rsquo;exposition solaire durant l&rsquo;utilisation du produit ou utiliser une protection solaire<\/p>\n<\/div>\n<\/div>\n<\/div>\n<div class=\"product-categories\">\n<div class=\"categories-table\">\n<div class=\"categories-row\">\n<div class=\"category-content\">\n<div data-dc-js-cs-role=\"content\" class=\"product-collapsible-sections_item_content\">\n<div class=\"field-collection-container clearfix\">\n<div aria-expanded=\"true\" data-readmore=\"\" class=\"product-collapsible-sections_item_subcontent readmore-add-processed\"><\/div>\n<\/div>\n<\/div>\n<\/div>\n<\/div>\n<\/div>\n<\/div>","protected":false},"excerpt":{"rendered":"<p>Ducray KERACNYL GLYCOLIC+ Cr\u00e8me d\u00e9sincrustante\u00a0Appliqu\u00e9e quotidiennement apr\u00e8s le nettoyage de la peau La\u00a0cr\u00e8me\u00a0KERACNYL GLYCOLIC+\u00a0cible les points noirs et les imperfections des peaux jeunes ou adultes \u00e0 tendance acn\u00e9ique et favorise leur disparition.Elle lutte \u00e9galement contre la brillance en r\u00e9gulant la production excessive de s\u00e9bum et lisse le grain de peau.Appliqu\u00e9e quotidiennement apr\u00e8s le nettoyage de [&hellip;]<\/p>\n","protected":false},"featured_media":17405,"template":"","meta":{"om_disable_all_campaigns":false},"product_brand":[],"product_cat":[15],"product_tag":[],"class_list":{"0":"post-17418","1":"product","2":"type-product","3":"status-publish","4":"has-post-thumbnail","6":"product_cat-beaute-sante-complements-alimentaires-soins-et-bien-etre-au-meilleur-prix","8":"first","9":"instock","10":"sale","11":"taxable","12":"shipping-taxable","13":"purchasable","14":"product-type-simple"},"yoast_head":"<!-- This site is optimized with the Yoast SEO plugin v27.3 - https:\/\/yoast.com\/product\/yoast-seo-wordpress\/ -->\n<title>Ducray KERACNYL GLYCOLIC+ Cr\u00e8me d\u00e9sincrustante 30ml - Maroc Prix<\/title>\n<meta name=\"description\" content=\"Ducray KERACNYL GLYCOLIC+ Cr\u00e8me d\u00e9sincrustante 30ml\" \/>\n<meta name=\"robots\" content=\"index, follow, max-snippet:-1, max-image-preview:large, max-video-preview:-1\" \/>\n<link rel=\"canonical\" href=\"https:\/\/vitablanca.ma\/ar\/product-2\/ducray-keracnyl-glycolic-creme-desincrustante-30ml\/\" \/>\n<meta property=\"og:locale\" content=\"ar_AR\" \/>\n<meta property=\"og:type\" content=\"article\" \/>\n<meta property=\"og:title\" content=\"Ducray KERACNYL GLYCOLIC+ Cr\u00e8me d\u00e9sincrustante 30ml - Maroc Prix\" \/>\n<meta property=\"og:description\" content=\"Ducray KERACNYL GLYCOLIC+ Cr\u00e8me d\u00e9sincrustante 30ml\" \/>\n<meta property=\"og:url\" content=\"https:\/\/vitablanca.ma\/ar\/product-2\/ducray-keracnyl-glycolic-creme-desincrustante-30ml\/\" \/>\n<meta property=\"og:site_name\" content=\"Vitablanca.ma &ndash; Sant&eacute;, vitalit&eacute; et bien-&ecirc;tre pour tous les Marocains\" \/>\n<meta property=\"article:publisher\" content=\"https:\/\/www.facebook.com\/profile.php?id=61576678196717\" \/>\n<meta property=\"og:image\" content=\"https:\/\/vitablanca.ma\/wp-content\/uploads\/2025\/06\/Ducray-KERACNYL-GLYCOLIC_-Creme-desincrustante-30ml-novaparapharmacie-maroc.jpg\" \/>\n\t<meta property=\"og:image:width\" content=\"1000\" \/>\n\t<meta property=\"og:image:height\" content=\"1000\" \/>\n\t<meta property=\"og:image:type\" content=\"image\/jpeg\" \/>\n<meta name=\"twitter:card\" content=\"summary_large_image\" \/>\n<meta name=\"twitter:label1\" content=\"\u0648\u0642\u062a \u0627\u0644\u0642\u0631\u0627\u0621\u0629 \u0627\u0644\u0645\u064f\u0642\u062f\u0651\u0631\" \/>\n\t<meta name=\"twitter:data1\" content=\"\u062f\u0642\u064a\u0642\u0629 \u0648\u0627\u062d\u062f\u0629\" \/>\n<script type=\"application\/ld+json\" class=\"yoast-schema-graph\">{\"@context\":\"https:\\\/\\\/schema.org\",\"@graph\":[{\"@type\":[\"WebPage\",\"ItemPage\"],\"@id\":\"https:\\\/\\\/vitablanca.ma\\\/produit\\\/ducray-keracnyl-glycolic-creme-desincrustante-30ml\\\/\",\"url\":\"https:\\\/\\\/vitablanca.ma\\\/produit\\\/ducray-keracnyl-glycolic-creme-desincrustante-30ml\\\/\",\"name\":\"Ducray KERACNYL GLYCOLIC+ Cr\u00e8me d\u00e9sincrustante 30ml - Maroc Prix\",\"isPartOf\":{\"@id\":\"https:\\\/\\\/vitablanca.ma\\\/#website\"},\"primaryImageOfPage\":{\"@id\":\"https:\\\/\\\/vitablanca.ma\\\/produit\\\/ducray-keracnyl-glycolic-creme-desincrustante-30ml\\\/#primaryimage\"},\"image\":{\"@id\":\"https:\\\/\\\/vitablanca.ma\\\/produit\\\/ducray-keracnyl-glycolic-creme-desincrustante-30ml\\\/#primaryimage\"},\"thumbnailUrl\":\"https:\\\/\\\/vitablanca.ma\\\/wp-content\\\/uploads\\\/2025\\\/06\\\/Ducray-KERACNYL-GLYCOLIC_-Creme-desincrustante-30ml-novaparapharmacie-maroc.jpg\",\"datePublished\":\"2025-06-10T17:00:43+00:00\",\"description\":\"Ducray KERACNYL GLYCOLIC+ Cr\u00e8me d\u00e9sincrustante 30ml\",\"breadcrumb\":{\"@id\":\"https:\\\/\\\/vitablanca.ma\\\/produit\\\/ducray-keracnyl-glycolic-creme-desincrustante-30ml\\\/#breadcrumb\"},\"inLanguage\":\"ar\",\"potentialAction\":[{\"@type\":\"ReadAction\",\"target\":[\"https:\\\/\\\/vitablanca.ma\\\/produit\\\/ducray-keracnyl-glycolic-creme-desincrustante-30ml\\\/\"]}]},{\"@type\":\"ImageObject\",\"inLanguage\":\"ar\",\"@id\":\"https:\\\/\\\/vitablanca.ma\\\/produit\\\/ducray-keracnyl-glycolic-creme-desincrustante-30ml\\\/#primaryimage\",\"url\":\"https:\\\/\\\/vitablanca.ma\\\/wp-content\\\/uploads\\\/2025\\\/06\\\/Ducray-KERACNYL-GLYCOLIC_-Creme-desincrustante-30ml-novaparapharmacie-maroc.jpg\",\"contentUrl\":\"https:\\\/\\\/vitablanca.ma\\\/wp-content\\\/uploads\\\/2025\\\/06\\\/Ducray-KERACNYL-GLYCOLIC_-Creme-desincrustante-30ml-novaparapharmacie-maroc.jpg\",\"width\":1000,\"height\":1000},{\"@type\":\"BreadcrumbList\",\"@id\":\"https:\\\/\\\/vitablanca.ma\\\/produit\\\/ducray-keracnyl-glycolic-creme-desincrustante-30ml\\\/#breadcrumb\",\"itemListElement\":[{\"@type\":\"ListItem\",\"position\":1,\"name\":\"Home\",\"item\":\"https:\\\/\\\/vitablanca.ma\\\/\"},{\"@type\":\"ListItem\",\"position\":2,\"name\":\"Tous Les Produits\",\"item\":\"https:\\\/\\\/vitablanca.ma\\\/tous-les-produits\\\/\"},{\"@type\":\"ListItem\",\"position\":3,\"name\":\"Ducray KERACNYL GLYCOLIC+ Cr\u00e8me d\u00e9sincrustante 30ml\"}]},{\"@type\":\"WebSite\",\"@id\":\"https:\\\/\\\/vitablanca.ma\\\/#website\",\"url\":\"https:\\\/\\\/vitablanca.ma\\\/\",\"name\":\"VitaBlanca.ma | Compl\u00e9ments alimentaires, sant\u00e9 & beaut\u00e9 au Maroc\",\"description\":\"vendre vitamines et compl\u00e9ments premium des USA &amp; Canada, Nouvelle Z\u00e9lande,Maroc (NOW Foods, Solgar, Manuka). Livraison rapide partout au Maroc.\",\"publisher\":{\"@id\":\"https:\\\/\\\/vitablanca.ma\\\/#organization\"},\"alternateName\":\"VitaBlanca.ma\",\"potentialAction\":[{\"@type\":\"SearchAction\",\"target\":{\"@type\":\"EntryPoint\",\"urlTemplate\":\"https:\\\/\\\/vitablanca.ma\\\/?s={search_term_string}\"},\"query-input\":{\"@type\":\"PropertyValueSpecification\",\"valueRequired\":true,\"valueName\":\"search_term_string\"}}],\"inLanguage\":\"ar\"},{\"@type\":\"Organization\",\"@id\":\"https:\\\/\\\/vitablanca.ma\\\/#organization\",\"name\":\"VitaBlanca\",\"url\":\"https:\\\/\\\/vitablanca.ma\\\/\",\"logo\":{\"@type\":\"ImageObject\",\"inLanguage\":\"ar\",\"@id\":\"https:\\\/\\\/vitablanca.ma\\\/#\\\/schema\\\/logo\\\/image\\\/\",\"url\":\"https:\\\/\\\/vitablanca.ma\\\/wp-content\\\/uploads\\\/2025\\\/05\\\/cropped-vitablanca.png\",\"contentUrl\":\"https:\\\/\\\/vitablanca.ma\\\/wp-content\\\/uploads\\\/2025\\\/05\\\/cropped-vitablanca.png\",\"width\":360,\"height\":67,\"caption\":\"VitaBlanca\"},\"image\":{\"@id\":\"https:\\\/\\\/vitablanca.ma\\\/#\\\/schema\\\/logo\\\/image\\\/\"},\"sameAs\":[\"https:\\\/\\\/www.facebook.com\\\/profile.php?id=61576678196717\",\"https:\\\/\\\/www.tiktok.com\\\/@vitablanca.ma\",\"https:\\\/\\\/www.instagram.com\\\/vitablanca.ma\\\/\"]}]}<\/script>\n<!-- \/ Yoast SEO plugin. -->","yoast_head_json":{"title":"Ducray KERACNYL GLYCOLIC+ Cr\u00e8me d\u00e9sincrustante 30ml - Maroc Prix","description":"\u0643\u0631\u064a\u0645 \u0627\u0644\u062a\u0646\u0638\u064a\u0641 \u0627\u0644\u0639\u0645\u064a\u0642 \u0643\u064a\u0631\u0627\u0643\u0646\u064a\u0644 \u062c\u0644\u064a\u0643\u0648\u0644\u064a\u0643+ \u0645\u0646 \u062f\u0648\u0643\u0631\u0627\u064a 30 \u0645\u0644","robots":{"index":"index","follow":"follow","max-snippet":"max-snippet:-1","max-image-preview":"max-image-preview:large","max-video-preview":"max-video-preview:-1"},"canonical":"https:\/\/vitablanca.ma\/ar\/product-2\/ducray-keracnyl-glycolic-creme-desincrustante-30ml\/","og_locale":"ar_AR","og_type":"article","og_title":"Ducray KERACNYL GLYCOLIC+ Cr\u00e8me d\u00e9sincrustante 30ml - Maroc Prix","og_description":"Ducray KERACNYL GLYCOLIC+ Cr\u00e8me d\u00e9sincrustante 30ml","og_url":"https:\/\/vitablanca.ma\/ar\/product-2\/ducray-keracnyl-glycolic-creme-desincrustante-30ml\/","og_site_name":"Vitablanca.ma &ndash; Sant&eacute;, vitalit&eacute; et bien-&ecirc;tre pour tous les Marocains","article_publisher":"https:\/\/www.facebook.com\/profile.php?id=61576678196717","og_image":[{"width":1000,"height":1000,"url":"https:\/\/vitablanca.ma\/wp-content\/uploads\/2025\/06\/Ducray-KERACNYL-GLYCOLIC_-Creme-desincrustante-30ml-novaparapharmacie-maroc.jpg","type":"image\/jpeg"}],"twitter_card":"summary_large_image","twitter_misc":{"\u0648\u0642\u062a \u0627\u0644\u0642\u0631\u0627\u0621\u0629 \u0627\u0644\u0645\u064f\u0642\u062f\u0651\u0631":"\u062f\u0642\u064a\u0642\u0629 \u0648\u0627\u062d\u062f\u0629"},"schema":{"@context":"https:\/\/schema.org","@graph":[{"@type":["WebPage","ItemPage"],"@id":"https:\/\/vitablanca.ma\/produit\/ducray-keracnyl-glycolic-creme-desincrustante-30ml\/","url":"https:\/\/vitablanca.ma\/produit\/ducray-keracnyl-glycolic-creme-desincrustante-30ml\/","name":"Ducray KERACNYL GLYCOLIC+ Cr\u00e8me d\u00e9sincrustante 30ml - Maroc Prix","isPartOf":{"@id":"https:\/\/vitablanca.ma\/#website"},"primaryImageOfPage":{"@id":"https:\/\/vitablanca.ma\/produit\/ducray-keracnyl-glycolic-creme-desincrustante-30ml\/#primaryimage"},"image":{"@id":"https:\/\/vitablanca.ma\/produit\/ducray-keracnyl-glycolic-creme-desincrustante-30ml\/#primaryimage"},"thumbnailUrl":"https:\/\/vitablanca.ma\/wp-content\/uploads\/2025\/06\/Ducray-KERACNYL-GLYCOLIC_-Creme-desincrustante-30ml-novaparapharmacie-maroc.jpg","datePublished":"2025-06-10T17:00:43+00:00","description":"\u0643\u0631\u064a\u0645 \u0627\u0644\u062a\u0646\u0638\u064a\u0641 \u0627\u0644\u0639\u0645\u064a\u0642 \u0643\u064a\u0631\u0627\u0643\u0646\u064a\u0644 \u062c\u0644\u064a\u0643\u0648\u0644\u064a\u0643+ \u0645\u0646 \u062f\u0648\u0643\u0631\u0627\u064a 30 \u0645\u0644","breadcrumb":{"@id":"https:\/\/vitablanca.ma\/produit\/ducray-keracnyl-glycolic-creme-desincrustante-30ml\/#breadcrumb"},"inLanguage":"ar","potentialAction":[{"@type":"ReadAction","target":["https:\/\/vitablanca.ma\/produit\/ducray-keracnyl-glycolic-creme-desincrustante-30ml\/"]}]},{"@type":"ImageObject","inLanguage":"ar","@id":"https:\/\/vitablanca.ma\/produit\/ducray-keracnyl-glycolic-creme-desincrustante-30ml\/#primaryimage","url":"https:\/\/vitablanca.ma\/wp-content\/uploads\/2025\/06\/Ducray-KERACNYL-GLYCOLIC_-Creme-desincrustante-30ml-novaparapharmacie-maroc.jpg","contentUrl":"https:\/\/vitablanca.ma\/wp-content\/uploads\/2025\/06\/Ducray-KERACNYL-GLYCOLIC_-Creme-desincrustante-30ml-novaparapharmacie-maroc.jpg","width":1000,"height":1000},{"@type":"BreadcrumbList","@id":"https:\/\/vitablanca.ma\/produit\/ducray-keracnyl-glycolic-creme-desincrustante-30ml\/#breadcrumb","itemListElement":[{"@type":"ListItem","position":1,"name":"Home","item":"https:\/\/vitablanca.ma\/"},{"@type":"ListItem","position":2,"name":"Tous Les Produits","item":"https:\/\/vitablanca.ma\/tous-les-produits\/"},{"@type":"ListItem","position":3,"name":"Ducray KERACNYL GLYCOLIC+ Cr\u00e8me d\u00e9sincrustante 30ml"}]},{"@type":"WebSite","@id":"https:\/\/vitablanca.ma\/#website","url":"https:\/\/vitablanca.ma\/","name":"VitaBlanca.ma | \u0627\u0644\u0645\u0643\u0645\u0644\u0627\u062a \u0627\u0644\u063a\u0630\u0627\u0626\u064a\u0629\u060c \u0627\u0644\u0635\u062d\u0629 \u0648\u0627\u0644\u062c\u0645\u0627\u0644 \u0641\u064a \u0627\u0644\u0645\u063a\u0631\u0628","description":"\u0646\u0628\u064a\u0639 \u0641\u064a\u062a\u0627\u0645\u064a\u0646\u0627\u062a \u0648\u0645\u0643\u0645\u0644\u0627\u062a \u063a\u0630\u0627\u0626\u064a\u0629 \u0641\u0627\u062e\u0631\u0629 \u0645\u0646 \u0627\u0644\u0648\u0644\u0627\u064a\u0627\u062a \u0627\u0644\u0645\u062a\u062d\u062f\u0629 \u0627\u0644\u0623\u0645\u0631\u064a\u0643\u064a\u0629 \u0648\u0643\u0646\u062f\u0627 \u0648\u0646\u064a\u0648\u0632\u064a\u0644\u0646\u062f\u0627 \u0648\u0627\u0644\u0645\u063a\u0631\u0628 (\u0646\u0627\u0648 \u0641\u0648\u062f\u0632\u060c \u0633\u0648\u0644\u062c\u0627\u0631\u060c \u0645\u0627\u0646\u0648\u0643\u0627). \u062a\u0648\u0635\u064a\u0644 \u0633\u0631\u064a\u0639 \u0625\u0644\u0649 \u062c\u0645\u064a\u0639 \u0623\u0646\u062d\u0627\u0621 \u0627\u0644\u0645\u063a\u0631\u0628.","publisher":{"@id":"https:\/\/vitablanca.ma\/#organization"},"alternateName":"VitaBlanca.ma","potentialAction":[{"@type":"SearchAction","target":{"@type":"EntryPoint","urlTemplate":"https:\/\/vitablanca.ma\/?s={search_term_string}"},"query-input":{"@type":"PropertyValueSpecification","valueRequired":true,"valueName":"search_term_string"}}],"inLanguage":"ar"},{"@type":"Organization","@id":"https:\/\/vitablanca.ma\/#organization","name":"\u0641\u064a\u062a\u0627\u0628\u0644\u0627\u0646\u0643\u0627","url":"https:\/\/vitablanca.ma\/","logo":{"@type":"ImageObject","inLanguage":"ar","@id":"https:\/\/vitablanca.ma\/#\/schema\/logo\/image\/","url":"https:\/\/vitablanca.ma\/wp-content\/uploads\/2025\/05\/cropped-vitablanca.png","contentUrl":"https:\/\/vitablanca.ma\/wp-content\/uploads\/2025\/05\/cropped-vitablanca.png","width":360,"height":67,"caption":"VitaBlanca"},"image":{"@id":"https:\/\/vitablanca.ma\/#\/schema\/logo\/image\/"},"sameAs":["https:\/\/www.facebook.com\/profile.php?id=61576678196717","https:\/\/www.tiktok.com\/@vitablanca.ma","https:\/\/www.instagram.com\/vitablanca.ma\/"]}]}},"jetpack_sharing_enabled":true,"_links":{"self":[{"href":"https:\/\/vitablanca.ma\/ar\/wp-json\/wp\/v2\/product\/17418","targetHints":{"allow":["GET"]}}],"collection":[{"href":"https:\/\/vitablanca.ma\/ar\/wp-json\/wp\/v2\/product"}],"about":[{"href":"https:\/\/vitablanca.ma\/ar\/wp-json\/wp\/v2\/types\/product"}],"wp:featuredmedia":[{"embeddable":true,"href":"https:\/\/vitablanca.ma\/ar\/wp-json\/wp\/v2\/media\/17405"}],"wp:attachment":[{"href":"https:\/\/vitablanca.ma\/ar\/wp-json\/wp\/v2\/media?parent=17418"}],"wp:term":[{"taxonomy":"product_brand","embeddable":true,"href":"https:\/\/vitablanca.ma\/ar\/wp-json\/wp\/v2\/product_brand?post=17418"},{"taxonomy":"product_cat","embeddable":true,"href":"https:\/\/vitablanca.ma\/ar\/wp-json\/wp\/v2\/product_cat?post=17418"},{"taxonomy":"product_tag","embeddable":true,"href":"https:\/\/vitablanca.ma\/ar\/wp-json\/wp\/v2\/product_tag?post=17418"}],"curies":[{"name":"wp","href":"https:\/\/api.w.org\/{rel}","templated":true}]}}