{"id":17388,"date":"2025-06-10T17:00:14","date_gmt":"2025-06-10T17:00:14","guid":{"rendered":"https:\/\/vitablanca.ma\/product\/ducray-dexyane-med-palpebral-15ml\/"},"modified":"2025-06-10T17:00:14","modified_gmt":"2025-06-10T17:00:14","slug":"ducray-dexyane-med-palpebral-15ml","status":"publish","type":"product","link":"https:\/\/vitablanca.ma\/ar\/product-2\/ducray-dexyane-med-palpebral-15ml\/","title":{"rendered":"Ducray Dexyane MeD Palp\u00e9bral 15ml"},"content":{"rendered":"<h2>Ducray Dexyane MeD Palp\u00e9bral.<\/h2>\n<p><span>Ecz\u00e9ma des paupi\u00e8res atopiques ou de contact.<br \/>Peau.<br \/>15\u0645\u0644.<\/span><\/p>\n<p><span>L\u2019ecz\u00e9ma est une maladie de peau fr\u00e9quente qui peut toucher aussi bien les b\u00e9b\u00e9s, les enfants et les adultes. Elle se caract\u00e9rise par l\u2019apparition\u00a0<strong>de l\u00e9sions cutan\u00e9es\u00a0<\/strong>(rougeurs, v\u00e9sicules et cro\u00fbtes) \u00e9voluant par pouss\u00e9e et d\u2019une<strong>\u00a0grande s\u00e9cheresse de la peau<\/strong>. Une douleur et des d\u00e9mangeaisons, parfois intenses, peuvent perturber le quotidien des personnes qui souffrent d\u2019ecz\u00e9ma.<\/span><\/p>\n<h3><span>\u0641\u0648\u0627\u0626\u062f<\/span><\/h3>\n<p><span>Dexyane MeD palp\u00e9bral traite et limite la r\u00e9apparition des l\u00e9sions d\u2019ecz\u00e9mas des paupi\u00e8res.<br \/>Sa texture \u00e0 effet pansement ultra-hydratant :\u00a0<\/span><\/p>\n<ul>\n<li>soulage imm\u00e9diatement et d\u00e9congestionne<\/li>\n<li>apaise les d\u00e9mangeaisons\u00a0et\u00a0la douleur,\u00a0diminue les rougeurs et les irritations<\/li>\n<li>restaure la barri\u00e8re cutan\u00e9e<\/li>\n<li>limite l\u2019adh\u00e9sion bacterienne<\/li>\n<\/ul>\n<p><span>Dexyane MeD Palp\u00e9bral peut \u00eatre utilis\u00e9 seul, en association et\/ou en relais des dermo-cortico\u00efdes. Son efficacit\u00e9 a \u00e9t\u00e9 cliniquement d\u00e9montr\u00e9e.<\/span><\/p>\n<h3><span>\u0646\u062a\u0627\u0626\u062c :<\/span><\/h3>\n<ul>\n<li>\n<strong>\u0641\u064a \u0627\u0644\u062d\u0627\u0644<span>\u00a0<\/span><\/strong>: diminue les d\u00e9mangeaisons<sup><span>(1)<\/span><\/sup>\n<\/li>\n<li>\n<strong>D\u00e8s 3 jours<\/strong><span>\u00a0<\/span>:\u00a0 am\u00e9lioration significative voire disparition compl\u00e8te des signes cliniques, notamment des sensations de br\u00fblures.<sup><span>(1)<\/span><\/sup>\n<\/li>\n<\/ul>\n<h3><sup><span>\u062a\u0639\u0628\u064a\u0631:<\/span><\/sup><\/h3>\n<ul>\n<li>Phase hydra-nutritive 51% (glyc\u00e9rine, beurre de karit\u00e9 et triglyc\u00e9rides)<\/li>\n<li>Maillage polysaccharidique naturel<\/li>\n<li>Hydroxyd\u00e9cine<\/li>\n<li>Enoxolone<\/li>\n<\/ul>\n<h3>\u00a0<span data-mce-fragment=\"1\">CONSEILS D\u2019APPLICATION<\/span><br \/>\n<\/h3>\n<ul class=\"content-tips\">\n<li class=\"first leaf\"><span class=\"desc\">Appliquer en fine couche directement sur les l\u00e9sions inflammatoires d\u2019ecz\u00e9ma des paupi\u00e8res avec un doigt propre, en \u00e9vitant tout contact avec l\u2019oeil. Usage externe. A utiliser seul, en association et\/ou en relais des dermo-cortico\u00efdes. 1 \u00e0 2 fois par jour. B\u00e9b\u00e9s \u2265 3 mois, enfants, adultes<\/span><\/li>\n<li class=\"first leaf\">\n<img decoding=\"async\" alt=\"\" height=\"107\" width=\"107\" src=\"https:\/\/static.ducray.com\/sites\/ducray_fr\/files\/styles\/product_tip_107x107\/public\/tip_icons\/dexyane-med-eczema-paupieres_0.jpg?itok=hjz13VHK\"><span class=\"desc\">Ne pas utiliser si vous \u00eates allergique \u00e0 l\u2019un des composants. En cas de r\u00e9action allergique, consulter un m\u00e9decin. En l\u2019absence de donn\u00e9es, ne pas utiliser chez la femme enceinte ou allaitante. Tenir \u00e9loign\u00e9 de la port\u00e9e des enfants. Eviter tout contact direct avec les yeux. Bien refermer le tube apr\u00e8s utilisation. Ne pas utiliser le produit si le tube est endommag\u00e9. En cas d\u2019effets ind\u00e9sirables li\u00e9s \u00e0 l\u2019utilisation du produit, consulter un m\u00e9decin.<\/span>\n<\/li>\n<li class=\"first leaf\"><span class=\"desc\">Peut \u00eatre utilis\u00e9 sur les peaux fragilis\u00e9es par les traitements anticanc\u00e9reux.<\/span><\/li>\n<\/ul>","protected":false},"excerpt":{"rendered":"<p>Ducray Dexyane MeD Palp\u00e9bral. Ecz\u00e9ma des paupi\u00e8res atopiques ou de contact.Peau.15ml. L\u2019ecz\u00e9ma est une maladie de peau fr\u00e9quente qui peut toucher aussi bien les b\u00e9b\u00e9s, les enfants et les adultes. Elle se caract\u00e9rise par l\u2019apparition\u00a0de l\u00e9sions cutan\u00e9es\u00a0(rougeurs, v\u00e9sicules et cro\u00fbtes) \u00e9voluant par pouss\u00e9e et d\u2019une\u00a0grande s\u00e9cheresse de la peau. Une douleur et des d\u00e9mangeaisons, parfois [&hellip;]<\/p>\n","protected":false},"featured_media":17372,"template":"","meta":{"om_disable_all_campaigns":false},"product_brand":[],"product_cat":[15],"product_tag":[],"class_list":{"0":"post-17388","1":"product","2":"type-product","3":"status-publish","4":"has-post-thumbnail","6":"product_cat-beaute-sante-complements-alimentaires-soins-et-bien-etre-au-meilleur-prix","8":"first","9":"instock","10":"sale","11":"taxable","12":"shipping-taxable","13":"purchasable","14":"product-type-simple"},"yoast_head":"<!-- This site is optimized with the Yoast SEO plugin v27.5 - https:\/\/yoast.com\/product\/yoast-seo-wordpress\/ -->\n<title>Ducray Dexyane MeD Palp\u00e9bral 15ml - Maroc Prix<\/title>\n<meta name=\"description\" content=\"Ducray Dexyane MeD Palp\u00e9bral 15ml\" \/>\n<meta name=\"robots\" content=\"index, follow, max-snippet:-1, max-image-preview:large, max-video-preview:-1\" \/>\n<link rel=\"canonical\" href=\"https:\/\/vitablanca.ma\/ar\/product-2\/ducray-dexyane-med-palpebral-15ml\/\" \/>\n<meta property=\"og:locale\" content=\"ar_AR\" \/>\n<meta property=\"og:type\" content=\"article\" \/>\n<meta property=\"og:title\" content=\"Ducray Dexyane MeD Palp\u00e9bral 15ml - Maroc Prix\" \/>\n<meta property=\"og:description\" content=\"Ducray Dexyane MeD Palp\u00e9bral 15ml\" \/>\n<meta property=\"og:url\" content=\"https:\/\/vitablanca.ma\/ar\/product-2\/ducray-dexyane-med-palpebral-15ml\/\" \/>\n<meta property=\"og:site_name\" content=\"Vitablanca.ma &ndash; Sant&eacute;, vitalit&eacute; et bien-&ecirc;tre pour tous les Marocains\" \/>\n<meta property=\"article:publisher\" content=\"https:\/\/www.facebook.com\/profile.php?id=61576678196717\" \/>\n<meta property=\"og:image\" content=\"https:\/\/vitablanca.ma\/wp-content\/uploads\/2025\/06\/Ducray-Dexyane-MeD-Palpebral-15ml-nova-parapharmacie-casablanca.jpg\" \/>\n\t<meta property=\"og:image:width\" content=\"1000\" \/>\n\t<meta property=\"og:image:height\" content=\"1000\" \/>\n\t<meta property=\"og:image:type\" content=\"image\/jpeg\" \/>\n<meta name=\"twitter:card\" content=\"summary_large_image\" \/>\n<meta name=\"twitter:label1\" content=\"\u0648\u0642\u062a \u0627\u0644\u0642\u0631\u0627\u0621\u0629 \u0627\u0644\u0645\u064f\u0642\u062f\u0651\u0631\" \/>\n\t<meta name=\"twitter:data1\" content=\"\u062f\u0642\u064a\u0642\u062a\u0627\u0646\" \/>\n<script type=\"application\/ld+json\" class=\"yoast-schema-graph\">{\"@context\":\"https:\\\/\\\/schema.org\",\"@graph\":[{\"@type\":[\"WebPage\",\"ItemPage\"],\"@id\":\"https:\\\/\\\/vitablanca.ma\\\/produit\\\/ducray-dexyane-med-palpebral-15ml\\\/\",\"url\":\"https:\\\/\\\/vitablanca.ma\\\/produit\\\/ducray-dexyane-med-palpebral-15ml\\\/\",\"name\":\"Ducray Dexyane MeD Palp\u00e9bral 15ml - Maroc Prix\",\"isPartOf\":{\"@id\":\"https:\\\/\\\/vitablanca.ma\\\/#website\"},\"primaryImageOfPage\":{\"@id\":\"https:\\\/\\\/vitablanca.ma\\\/produit\\\/ducray-dexyane-med-palpebral-15ml\\\/#primaryimage\"},\"image\":{\"@id\":\"https:\\\/\\\/vitablanca.ma\\\/produit\\\/ducray-dexyane-med-palpebral-15ml\\\/#primaryimage\"},\"thumbnailUrl\":\"https:\\\/\\\/vitablanca.ma\\\/wp-content\\\/uploads\\\/2025\\\/06\\\/Ducray-Dexyane-MeD-Palpebral-15ml-nova-parapharmacie-casablanca.jpg\",\"datePublished\":\"2025-06-10T17:00:14+00:00\",\"description\":\"Ducray Dexyane MeD Palp\u00e9bral 15ml\",\"breadcrumb\":{\"@id\":\"https:\\\/\\\/vitablanca.ma\\\/produit\\\/ducray-dexyane-med-palpebral-15ml\\\/#breadcrumb\"},\"inLanguage\":\"ar\",\"potentialAction\":[{\"@type\":\"ReadAction\",\"target\":[\"https:\\\/\\\/vitablanca.ma\\\/produit\\\/ducray-dexyane-med-palpebral-15ml\\\/\"]}]},{\"@type\":\"ImageObject\",\"inLanguage\":\"ar\",\"@id\":\"https:\\\/\\\/vitablanca.ma\\\/produit\\\/ducray-dexyane-med-palpebral-15ml\\\/#primaryimage\",\"url\":\"https:\\\/\\\/vitablanca.ma\\\/wp-content\\\/uploads\\\/2025\\\/06\\\/Ducray-Dexyane-MeD-Palpebral-15ml-nova-parapharmacie-casablanca.jpg\",\"contentUrl\":\"https:\\\/\\\/vitablanca.ma\\\/wp-content\\\/uploads\\\/2025\\\/06\\\/Ducray-Dexyane-MeD-Palpebral-15ml-nova-parapharmacie-casablanca.jpg\",\"width\":1000,\"height\":1000},{\"@type\":\"BreadcrumbList\",\"@id\":\"https:\\\/\\\/vitablanca.ma\\\/produit\\\/ducray-dexyane-med-palpebral-15ml\\\/#breadcrumb\",\"itemListElement\":[{\"@type\":\"ListItem\",\"position\":1,\"name\":\"Home\",\"item\":\"https:\\\/\\\/vitablanca.ma\\\/\"},{\"@type\":\"ListItem\",\"position\":2,\"name\":\"Tous Les Produits\",\"item\":\"https:\\\/\\\/vitablanca.ma\\\/tous-les-produits\\\/\"},{\"@type\":\"ListItem\",\"position\":3,\"name\":\"Ducray Dexyane MeD Palp\u00e9bral 15ml\"}]},{\"@type\":\"WebSite\",\"@id\":\"https:\\\/\\\/vitablanca.ma\\\/#website\",\"url\":\"https:\\\/\\\/vitablanca.ma\\\/\",\"name\":\"VitaBlanca.ma | Compl\u00e9ments alimentaires, sant\u00e9 & beaut\u00e9 au Maroc\",\"description\":\"vendre vitamines et compl\u00e9ments premium des USA &amp; Canada, Nouvelle Z\u00e9lande,Maroc (NOW Foods, Solgar, Manuka). Livraison rapide partout au Maroc.\",\"publisher\":{\"@id\":\"https:\\\/\\\/vitablanca.ma\\\/#organization\"},\"alternateName\":\"VitaBlanca.ma\",\"potentialAction\":[{\"@type\":\"SearchAction\",\"target\":{\"@type\":\"EntryPoint\",\"urlTemplate\":\"https:\\\/\\\/vitablanca.ma\\\/?s={search_term_string}\"},\"query-input\":{\"@type\":\"PropertyValueSpecification\",\"valueRequired\":true,\"valueName\":\"search_term_string\"}}],\"inLanguage\":\"ar\"},{\"@type\":\"Organization\",\"@id\":\"https:\\\/\\\/vitablanca.ma\\\/#organization\",\"name\":\"VitaBlanca\",\"url\":\"https:\\\/\\\/vitablanca.ma\\\/\",\"logo\":{\"@type\":\"ImageObject\",\"inLanguage\":\"ar\",\"@id\":\"https:\\\/\\\/vitablanca.ma\\\/#\\\/schema\\\/logo\\\/image\\\/\",\"url\":\"https:\\\/\\\/vitablanca.ma\\\/wp-content\\\/uploads\\\/2025\\\/05\\\/cropped-vitablanca.png\",\"contentUrl\":\"https:\\\/\\\/vitablanca.ma\\\/wp-content\\\/uploads\\\/2025\\\/05\\\/cropped-vitablanca.png\",\"width\":360,\"height\":67,\"caption\":\"VitaBlanca\"},\"image\":{\"@id\":\"https:\\\/\\\/vitablanca.ma\\\/#\\\/schema\\\/logo\\\/image\\\/\"},\"sameAs\":[\"https:\\\/\\\/www.facebook.com\\\/profile.php?id=61576678196717\",\"https:\\\/\\\/www.tiktok.com\\\/@vitablanca.ma\",\"https:\\\/\\\/www.instagram.com\\\/vitablanca.ma\\\/\"]}]}<\/script>\n<!-- \/ Yoast SEO plugin. -->","yoast_head_json":{"title":"Ducray Dexyane MeD Palp\u00e9bral 15ml - Maroc Prix","description":"Ducray Dexyane MeD Palp\u00e9bral 15ml","robots":{"index":"index","follow":"follow","max-snippet":"max-snippet:-1","max-image-preview":"max-image-preview:large","max-video-preview":"max-video-preview:-1"},"canonical":"https:\/\/vitablanca.ma\/ar\/product-2\/ducray-dexyane-med-palpebral-15ml\/","og_locale":"ar_AR","og_type":"article","og_title":"Ducray Dexyane MeD Palp\u00e9bral 15ml - Maroc Prix","og_description":"Ducray Dexyane MeD Palp\u00e9bral 15ml","og_url":"https:\/\/vitablanca.ma\/ar\/product-2\/ducray-dexyane-med-palpebral-15ml\/","og_site_name":"Vitablanca.ma &ndash; Sant&eacute;, vitalit&eacute; et bien-&ecirc;tre pour tous les Marocains","article_publisher":"https:\/\/www.facebook.com\/profile.php?id=61576678196717","og_image":[{"width":1000,"height":1000,"url":"https:\/\/vitablanca.ma\/wp-content\/uploads\/2025\/06\/Ducray-Dexyane-MeD-Palpebral-15ml-nova-parapharmacie-casablanca.jpg","type":"image\/jpeg"}],"twitter_card":"summary_large_image","twitter_misc":{"\u0648\u0642\u062a \u0627\u0644\u0642\u0631\u0627\u0621\u0629 \u0627\u0644\u0645\u064f\u0642\u062f\u0651\u0631":"\u062f\u0642\u064a\u0642\u062a\u0627\u0646"},"schema":{"@context":"https:\/\/schema.org","@graph":[{"@type":["WebPage","ItemPage"],"@id":"https:\/\/vitablanca.ma\/produit\/ducray-dexyane-med-palpebral-15ml\/","url":"https:\/\/vitablanca.ma\/produit\/ducray-dexyane-med-palpebral-15ml\/","name":"Ducray Dexyane MeD Palp\u00e9bral 15ml - Maroc Prix","isPartOf":{"@id":"https:\/\/vitablanca.ma\/#website"},"primaryImageOfPage":{"@id":"https:\/\/vitablanca.ma\/produit\/ducray-dexyane-med-palpebral-15ml\/#primaryimage"},"image":{"@id":"https:\/\/vitablanca.ma\/produit\/ducray-dexyane-med-palpebral-15ml\/#primaryimage"},"thumbnailUrl":"https:\/\/vitablanca.ma\/wp-content\/uploads\/2025\/06\/Ducray-Dexyane-MeD-Palpebral-15ml-nova-parapharmacie-casablanca.jpg","datePublished":"2025-06-10T17:00:14+00:00","description":"Ducray Dexyane MeD Palp\u00e9bral 15ml","breadcrumb":{"@id":"https:\/\/vitablanca.ma\/produit\/ducray-dexyane-med-palpebral-15ml\/#breadcrumb"},"inLanguage":"ar","potentialAction":[{"@type":"ReadAction","target":["https:\/\/vitablanca.ma\/produit\/ducray-dexyane-med-palpebral-15ml\/"]}]},{"@type":"ImageObject","inLanguage":"ar","@id":"https:\/\/vitablanca.ma\/produit\/ducray-dexyane-med-palpebral-15ml\/#primaryimage","url":"https:\/\/vitablanca.ma\/wp-content\/uploads\/2025\/06\/Ducray-Dexyane-MeD-Palpebral-15ml-nova-parapharmacie-casablanca.jpg","contentUrl":"https:\/\/vitablanca.ma\/wp-content\/uploads\/2025\/06\/Ducray-Dexyane-MeD-Palpebral-15ml-nova-parapharmacie-casablanca.jpg","width":1000,"height":1000},{"@type":"BreadcrumbList","@id":"https:\/\/vitablanca.ma\/produit\/ducray-dexyane-med-palpebral-15ml\/#breadcrumb","itemListElement":[{"@type":"ListItem","position":1,"name":"Home","item":"https:\/\/vitablanca.ma\/"},{"@type":"ListItem","position":2,"name":"Tous Les Produits","item":"https:\/\/vitablanca.ma\/tous-les-produits\/"},{"@type":"ListItem","position":3,"name":"Ducray Dexyane MeD Palp\u00e9bral 15ml"}]},{"@type":"WebSite","@id":"https:\/\/vitablanca.ma\/#website","url":"https:\/\/vitablanca.ma\/","name":"VitaBlanca.ma | \u0627\u0644\u0645\u0643\u0645\u0644\u0627\u062a \u0627\u0644\u063a\u0630\u0627\u0626\u064a\u0629\u060c \u0627\u0644\u0635\u062d\u0629 \u0648\u0627\u0644\u062c\u0645\u0627\u0644 \u0641\u064a \u0627\u0644\u0645\u063a\u0631\u0628","description":"\u0646\u0628\u064a\u0639 \u0641\u064a\u062a\u0627\u0645\u064a\u0646\u0627\u062a \u0648\u0645\u0643\u0645\u0644\u0627\u062a \u063a\u0630\u0627\u0626\u064a\u0629 \u0641\u0627\u062e\u0631\u0629 \u0645\u0646 \u0627\u0644\u0648\u0644\u0627\u064a\u0627\u062a \u0627\u0644\u0645\u062a\u062d\u062f\u0629 \u0627\u0644\u0623\u0645\u0631\u064a\u0643\u064a\u0629 \u0648\u0643\u0646\u062f\u0627 \u0648\u0646\u064a\u0648\u0632\u064a\u0644\u0646\u062f\u0627 \u0648\u0627\u0644\u0645\u063a\u0631\u0628 (\u0646\u0627\u0648 \u0641\u0648\u062f\u0632\u060c \u0633\u0648\u0644\u062c\u0627\u0631\u060c \u0645\u0627\u0646\u0648\u0643\u0627). \u062a\u0648\u0635\u064a\u0644 \u0633\u0631\u064a\u0639 \u0625\u0644\u0649 \u062c\u0645\u064a\u0639 \u0623\u0646\u062d\u0627\u0621 \u0627\u0644\u0645\u063a\u0631\u0628.","publisher":{"@id":"https:\/\/vitablanca.ma\/#organization"},"alternateName":"VitaBlanca.ma","potentialAction":[{"@type":"SearchAction","target":{"@type":"EntryPoint","urlTemplate":"https:\/\/vitablanca.ma\/?s={search_term_string}"},"query-input":{"@type":"PropertyValueSpecification","valueRequired":true,"valueName":"search_term_string"}}],"inLanguage":"ar"},{"@type":"Organization","@id":"https:\/\/vitablanca.ma\/#organization","name":"\u0641\u064a\u062a\u0627\u0628\u0644\u0627\u0646\u0643\u0627","url":"https:\/\/vitablanca.ma\/","logo":{"@type":"ImageObject","inLanguage":"ar","@id":"https:\/\/vitablanca.ma\/#\/schema\/logo\/image\/","url":"https:\/\/vitablanca.ma\/wp-content\/uploads\/2025\/05\/cropped-vitablanca.png","contentUrl":"https:\/\/vitablanca.ma\/wp-content\/uploads\/2025\/05\/cropped-vitablanca.png","width":360,"height":67,"caption":"VitaBlanca"},"image":{"@id":"https:\/\/vitablanca.ma\/#\/schema\/logo\/image\/"},"sameAs":["https:\/\/www.facebook.com\/profile.php?id=61576678196717","https:\/\/www.tiktok.com\/@vitablanca.ma","https:\/\/www.instagram.com\/vitablanca.ma\/"]}]}},"jetpack_sharing_enabled":true,"_links":{"self":[{"href":"https:\/\/vitablanca.ma\/ar\/wp-json\/wp\/v2\/product\/17388","targetHints":{"allow":["GET"]}}],"collection":[{"href":"https:\/\/vitablanca.ma\/ar\/wp-json\/wp\/v2\/product"}],"about":[{"href":"https:\/\/vitablanca.ma\/ar\/wp-json\/wp\/v2\/types\/product"}],"wp:featuredmedia":[{"embeddable":true,"href":"https:\/\/vitablanca.ma\/ar\/wp-json\/wp\/v2\/media\/17372"}],"wp:attachment":[{"href":"https:\/\/vitablanca.ma\/ar\/wp-json\/wp\/v2\/media?parent=17388"}],"wp:term":[{"taxonomy":"product_brand","embeddable":true,"href":"https:\/\/vitablanca.ma\/ar\/wp-json\/wp\/v2\/product_brand?post=17388"},{"taxonomy":"product_cat","embeddable":true,"href":"https:\/\/vitablanca.ma\/ar\/wp-json\/wp\/v2\/product_cat?post=17388"},{"taxonomy":"product_tag","embeddable":true,"href":"https:\/\/vitablanca.ma\/ar\/wp-json\/wp\/v2\/product_tag?post=17388"}],"curies":[{"name":"wp","href":"https:\/\/api.w.org\/{rel}","templated":true}]}}