{"id":17385,"date":"2025-06-10T17:00:13","date_gmt":"2025-06-10T17:00:13","guid":{"rendered":"https:\/\/vitablanca.ma\/product\/eluday-bain-de-bouche-blancheur-500ml-cadeau\/"},"modified":"2025-06-10T17:00:13","modified_gmt":"2025-06-10T17:00:13","slug":"eluday-bain-de-bouche-blancheur-500ml-cadeau","status":"publish","type":"product","link":"https:\/\/vitablanca.ma\/ar\/product-2\/eluday-bain-de-bouche-blancheur-500ml-cadeau\/","title":{"rendered":"Eluday Bain De Bouche Blancheur 500ML + Cadeau"},"content":{"rendered":"<h2>Eluday Bain De Bouche Blancheur 500ML<\/h2>\n<p><span>Un bain de bouche quotidien anti-taches qui r\u00e9v\u00e8le la blancheur naturelle des dents.<\/span><\/p>\n<div class=\"myaccordion__item\">\n<div class=\"myaccordion__header\" id=\"headingOne\">\n<div class=\"myaccordion__btn d-flex align-items-center justify-content-between\">Go\u00fbt menthol\u00e9 frais pour des dents fortes et \u00e9clatantes\n<\/div>\n<\/div>\n<\/div>\n<div class=\"myaccordion__item\">\n<div class=\"myaccordion__header\" id=\"headingTwo\">\n<div class=\"myaccordion__btn d-flex align-items-center justify-content-between\">Sans alcool. Made in France.\u00a0<\/div>\n<div class=\"myaccordion__btn d-flex align-items-center justify-content-between\"><\/div>\n<div class=\"myaccordion__btn d-flex align-items-center justify-content-between\">\n<div class=\"block-content-heading\">\n<h3 class=\"\" id=\"\">\u0645\u064a\u0632\u0629<\/h3>\n<\/div>\n<p>Un film protecteur qui limite la fixation des agents colorants sur les dents, pour une blancheur naturelle pr\u00e9serv\u00e9e\u00b9.<\/p>\n<div class=\"block-content-heading\">\n<h3 class=\"\" id=\"\">\u0641\u0648\u0627\u0626\u062f<\/h3>\n<\/div>\n<p>\u2022 \u00c9CLATANT : limite la fixation des agents colorants sur l\u2019\u00e9mail et maintient la blancheur naturelle des dents.<br \/>\u2022 PR\u00caT \u00c0 L\u2019EMPLOI : 15ml de solution du bain de bouche blancheur suffit pour rincer la bouche enti\u00e8re.<br \/>\u2022 FRAIS : offre une sensation de bouche saine et de dents propres.<\/p>\n<div class=\"app-step__title\">\n<h3 class=\"style-1\" id=\"\">Fr\u00e9quence d\u2019usage<\/h3>\n<\/div>\n<div class=\"application__cons\"><span>Quotidien<\/span><\/div>\n<p>Rincez-vous la bouche pendant 30 secondes avec 15 ml de solution Eluday Blancheur bain de bouche non dilu\u00e9, matin et soir apr\u00e8s le brossage.<br \/>Recracher.<br \/>Ne pas rincer \u00e0 l\u2019eau.<br \/>\u0644\u0627 \u062a\u0628\u062a\u0644\u0639.<br \/>Ne pas utiliser chez l\u2019enfant de moins de 12 ans.<\/p>\n<div class=\"ingredient-small-header\"><span style=\"font-size: 16.38px\"><b>\u062a\u0639\u0628\u064a\u0631<\/b><\/span><\/div>\n<div class=\"ingredient-small-header\"><span style=\"font-size: 16.38px\"><b><\/b><\/span><\/div>\n<div id=\"ingredient-collapse\" class=\"collapse show\">\n<div class=\"composition-content\">\n<p>WATER (AQUA). PROPYLENE GLYCOL. GLYCERIN. PEG-40 HYDROGENATED CASTOR OIL. XYLITOL. TETRASODIUM PYROPHOSPHATE. FLAVOR (AROMA). LACTIC ACID. LIMONENE. NICOTINYL ALCOHOL HF. O-CYMEN-5-OL. PVP. SODIUM BENZOATE. SODIUM SACCHARIN<\/p>\n<\/div>\n<\/div>\n<\/div>\n<\/div>\n<\/div>","protected":false},"excerpt":{"rendered":"<p>Eluday Bain De Bouche Blancheur 500ML Un bain de bouche quotidien anti-taches qui r\u00e9v\u00e8le la blancheur naturelle des dents. Go\u00fbt menthol\u00e9 frais pour des dents fortes et \u00e9clatantes Sans alcool. Made in France.\u00a0 Avantage Un film protecteur qui limite la fixation des agents colorants sur les dents, pour une blancheur naturelle pr\u00e9serv\u00e9e\u00b9. B\u00e9n\u00e9fices \u2022 \u00c9CLATANT [&hellip;]<\/p>\n","protected":false},"featured_media":17384,"template":"","meta":{"om_disable_all_campaigns":false},"product_brand":[],"product_cat":[15],"product_tag":[],"class_list":{"0":"post-17385","1":"product","2":"type-product","3":"status-publish","4":"has-post-thumbnail","6":"product_cat-beaute-sante-complements-alimentaires-soins-et-bien-etre-au-meilleur-prix","8":"first","9":"instock","10":"sale","11":"taxable","12":"shipping-taxable","13":"purchasable","14":"product-type-simple"},"yoast_head":"<!-- This site is optimized with the Yoast SEO plugin v27.5 - https:\/\/yoast.com\/product\/yoast-seo-wordpress\/ -->\n<title>Eluday Bain De Bouche Blancheur 500ML + Cadeau - Maroc Prix<\/title>\n<meta name=\"description\" content=\"Eluday Bain De Bouche Blancheur 500ML + Cadeau\" \/>\n<meta name=\"robots\" content=\"index, follow, max-snippet:-1, max-image-preview:large, max-video-preview:-1\" \/>\n<link rel=\"canonical\" href=\"https:\/\/vitablanca.ma\/ar\/product-2\/eluday-bain-de-bouche-blancheur-500ml-cadeau\/\" \/>\n<meta property=\"og:locale\" content=\"ar_AR\" \/>\n<meta property=\"og:type\" content=\"article\" \/>\n<meta property=\"og:title\" content=\"Eluday Bain De Bouche Blancheur 500ML + Cadeau - Maroc Prix\" \/>\n<meta property=\"og:description\" content=\"Eluday Bain De Bouche Blancheur 500ML + Cadeau\" \/>\n<meta property=\"og:url\" content=\"https:\/\/vitablanca.ma\/ar\/product-2\/eluday-bain-de-bouche-blancheur-500ml-cadeau\/\" \/>\n<meta property=\"og:site_name\" content=\"Vitablanca.ma &ndash; Sant&eacute;, vitalit&eacute; et bien-&ecirc;tre pour tous les Marocains\" \/>\n<meta property=\"article:publisher\" content=\"https:\/\/www.facebook.com\/profile.php?id=61576678196717\" \/>\n<meta property=\"og:image\" content=\"https:\/\/vitablanca.ma\/wp-content\/uploads\/2025\/06\/eluday-bain-de-bouche-blancheur-500ml-parapharmacie-enligne-prix-maroc-nova.jpg\" \/>\n\t<meta property=\"og:image:width\" content=\"452\" \/>\n\t<meta property=\"og:image:height\" content=\"452\" \/>\n\t<meta property=\"og:image:type\" content=\"image\/jpeg\" \/>\n<meta name=\"twitter:card\" content=\"summary_large_image\" \/>\n<meta name=\"twitter:label1\" content=\"\u0648\u0642\u062a \u0627\u0644\u0642\u0631\u0627\u0621\u0629 \u0627\u0644\u0645\u064f\u0642\u062f\u0651\u0631\" \/>\n\t<meta name=\"twitter:data1\" content=\"\u062f\u0642\u064a\u0642\u0629 \u0648\u0627\u062d\u062f\u0629\" \/>\n<script type=\"application\/ld+json\" class=\"yoast-schema-graph\">{\"@context\":\"https:\\\/\\\/schema.org\",\"@graph\":[{\"@type\":[\"WebPage\",\"ItemPage\"],\"@id\":\"https:\\\/\\\/vitablanca.ma\\\/produit\\\/eluday-bain-de-bouche-blancheur-500ml-cadeau\\\/\",\"url\":\"https:\\\/\\\/vitablanca.ma\\\/produit\\\/eluday-bain-de-bouche-blancheur-500ml-cadeau\\\/\",\"name\":\"Eluday Bain De Bouche Blancheur 500ML + Cadeau - Maroc Prix\",\"isPartOf\":{\"@id\":\"https:\\\/\\\/vitablanca.ma\\\/#website\"},\"primaryImageOfPage\":{\"@id\":\"https:\\\/\\\/vitablanca.ma\\\/produit\\\/eluday-bain-de-bouche-blancheur-500ml-cadeau\\\/#primaryimage\"},\"image\":{\"@id\":\"https:\\\/\\\/vitablanca.ma\\\/produit\\\/eluday-bain-de-bouche-blancheur-500ml-cadeau\\\/#primaryimage\"},\"thumbnailUrl\":\"https:\\\/\\\/vitablanca.ma\\\/wp-content\\\/uploads\\\/2025\\\/06\\\/eluday-bain-de-bouche-blancheur-500ml-parapharmacie-enligne-prix-maroc-nova.jpg\",\"datePublished\":\"2025-06-10T17:00:13+00:00\",\"description\":\"Eluday Bain De Bouche Blancheur 500ML + Cadeau\",\"breadcrumb\":{\"@id\":\"https:\\\/\\\/vitablanca.ma\\\/produit\\\/eluday-bain-de-bouche-blancheur-500ml-cadeau\\\/#breadcrumb\"},\"inLanguage\":\"ar\",\"potentialAction\":[{\"@type\":\"ReadAction\",\"target\":[\"https:\\\/\\\/vitablanca.ma\\\/produit\\\/eluday-bain-de-bouche-blancheur-500ml-cadeau\\\/\"]}]},{\"@type\":\"ImageObject\",\"inLanguage\":\"ar\",\"@id\":\"https:\\\/\\\/vitablanca.ma\\\/produit\\\/eluday-bain-de-bouche-blancheur-500ml-cadeau\\\/#primaryimage\",\"url\":\"https:\\\/\\\/vitablanca.ma\\\/wp-content\\\/uploads\\\/2025\\\/06\\\/eluday-bain-de-bouche-blancheur-500ml-parapharmacie-enligne-prix-maroc-nova.jpg\",\"contentUrl\":\"https:\\\/\\\/vitablanca.ma\\\/wp-content\\\/uploads\\\/2025\\\/06\\\/eluday-bain-de-bouche-blancheur-500ml-parapharmacie-enligne-prix-maroc-nova.jpg\",\"width\":452,\"height\":452},{\"@type\":\"BreadcrumbList\",\"@id\":\"https:\\\/\\\/vitablanca.ma\\\/produit\\\/eluday-bain-de-bouche-blancheur-500ml-cadeau\\\/#breadcrumb\",\"itemListElement\":[{\"@type\":\"ListItem\",\"position\":1,\"name\":\"Home\",\"item\":\"https:\\\/\\\/vitablanca.ma\\\/\"},{\"@type\":\"ListItem\",\"position\":2,\"name\":\"Tous Les Produits\",\"item\":\"https:\\\/\\\/vitablanca.ma\\\/tous-les-produits\\\/\"},{\"@type\":\"ListItem\",\"position\":3,\"name\":\"Eluday Bain De Bouche Blancheur 500ML + Cadeau\"}]},{\"@type\":\"WebSite\",\"@id\":\"https:\\\/\\\/vitablanca.ma\\\/#website\",\"url\":\"https:\\\/\\\/vitablanca.ma\\\/\",\"name\":\"VitaBlanca.ma | Compl\u00e9ments alimentaires, sant\u00e9 & beaut\u00e9 au Maroc\",\"description\":\"vendre vitamines et compl\u00e9ments premium des USA &amp; Canada, Nouvelle Z\u00e9lande,Maroc (NOW Foods, Solgar, Manuka). Livraison rapide partout au Maroc.\",\"publisher\":{\"@id\":\"https:\\\/\\\/vitablanca.ma\\\/#organization\"},\"alternateName\":\"VitaBlanca.ma\",\"potentialAction\":[{\"@type\":\"SearchAction\",\"target\":{\"@type\":\"EntryPoint\",\"urlTemplate\":\"https:\\\/\\\/vitablanca.ma\\\/?s={search_term_string}\"},\"query-input\":{\"@type\":\"PropertyValueSpecification\",\"valueRequired\":true,\"valueName\":\"search_term_string\"}}],\"inLanguage\":\"ar\"},{\"@type\":\"Organization\",\"@id\":\"https:\\\/\\\/vitablanca.ma\\\/#organization\",\"name\":\"VitaBlanca\",\"url\":\"https:\\\/\\\/vitablanca.ma\\\/\",\"logo\":{\"@type\":\"ImageObject\",\"inLanguage\":\"ar\",\"@id\":\"https:\\\/\\\/vitablanca.ma\\\/#\\\/schema\\\/logo\\\/image\\\/\",\"url\":\"https:\\\/\\\/vitablanca.ma\\\/wp-content\\\/uploads\\\/2025\\\/05\\\/cropped-vitablanca.png\",\"contentUrl\":\"https:\\\/\\\/vitablanca.ma\\\/wp-content\\\/uploads\\\/2025\\\/05\\\/cropped-vitablanca.png\",\"width\":360,\"height\":67,\"caption\":\"VitaBlanca\"},\"image\":{\"@id\":\"https:\\\/\\\/vitablanca.ma\\\/#\\\/schema\\\/logo\\\/image\\\/\"},\"sameAs\":[\"https:\\\/\\\/www.facebook.com\\\/profile.php?id=61576678196717\",\"https:\\\/\\\/www.tiktok.com\\\/@vitablanca.ma\",\"https:\\\/\\\/www.instagram.com\\\/vitablanca.ma\\\/\"]}]}<\/script>\n<!-- \/ Yoast SEO plugin. -->","yoast_head_json":{"title":"Eluday Bain De Bouche Blancheur 500ML + Cadeau - Maroc Prix","description":"Eluday Bain De Bouche Blancheur 500ML + Cadeau","robots":{"index":"index","follow":"follow","max-snippet":"max-snippet:-1","max-image-preview":"max-image-preview:large","max-video-preview":"max-video-preview:-1"},"canonical":"https:\/\/vitablanca.ma\/ar\/product-2\/eluday-bain-de-bouche-blancheur-500ml-cadeau\/","og_locale":"ar_AR","og_type":"article","og_title":"Eluday Bain De Bouche Blancheur 500ML + Cadeau - Maroc Prix","og_description":"Eluday Bain De Bouche Blancheur 500ML + Cadeau","og_url":"https:\/\/vitablanca.ma\/ar\/product-2\/eluday-bain-de-bouche-blancheur-500ml-cadeau\/","og_site_name":"Vitablanca.ma &ndash; Sant&eacute;, vitalit&eacute; et bien-&ecirc;tre pour tous les Marocains","article_publisher":"https:\/\/www.facebook.com\/profile.php?id=61576678196717","og_image":[{"width":452,"height":452,"url":"https:\/\/vitablanca.ma\/wp-content\/uploads\/2025\/06\/eluday-bain-de-bouche-blancheur-500ml-parapharmacie-enligne-prix-maroc-nova.jpg","type":"image\/jpeg"}],"twitter_card":"summary_large_image","twitter_misc":{"\u0648\u0642\u062a \u0627\u0644\u0642\u0631\u0627\u0621\u0629 \u0627\u0644\u0645\u064f\u0642\u062f\u0651\u0631":"\u062f\u0642\u064a\u0642\u0629 \u0648\u0627\u062d\u062f\u0629"},"schema":{"@context":"https:\/\/schema.org","@graph":[{"@type":["WebPage","ItemPage"],"@id":"https:\/\/vitablanca.ma\/produit\/eluday-bain-de-bouche-blancheur-500ml-cadeau\/","url":"https:\/\/vitablanca.ma\/produit\/eluday-bain-de-bouche-blancheur-500ml-cadeau\/","name":"Eluday Bain De Bouche Blancheur 500ML + Cadeau - Maroc Prix","isPartOf":{"@id":"https:\/\/vitablanca.ma\/#website"},"primaryImageOfPage":{"@id":"https:\/\/vitablanca.ma\/produit\/eluday-bain-de-bouche-blancheur-500ml-cadeau\/#primaryimage"},"image":{"@id":"https:\/\/vitablanca.ma\/produit\/eluday-bain-de-bouche-blancheur-500ml-cadeau\/#primaryimage"},"thumbnailUrl":"https:\/\/vitablanca.ma\/wp-content\/uploads\/2025\/06\/eluday-bain-de-bouche-blancheur-500ml-parapharmacie-enligne-prix-maroc-nova.jpg","datePublished":"2025-06-10T17:00:13+00:00","description":"Eluday Bain De Bouche Blancheur 500ML + Cadeau","breadcrumb":{"@id":"https:\/\/vitablanca.ma\/produit\/eluday-bain-de-bouche-blancheur-500ml-cadeau\/#breadcrumb"},"inLanguage":"ar","potentialAction":[{"@type":"ReadAction","target":["https:\/\/vitablanca.ma\/produit\/eluday-bain-de-bouche-blancheur-500ml-cadeau\/"]}]},{"@type":"ImageObject","inLanguage":"ar","@id":"https:\/\/vitablanca.ma\/produit\/eluday-bain-de-bouche-blancheur-500ml-cadeau\/#primaryimage","url":"https:\/\/vitablanca.ma\/wp-content\/uploads\/2025\/06\/eluday-bain-de-bouche-blancheur-500ml-parapharmacie-enligne-prix-maroc-nova.jpg","contentUrl":"https:\/\/vitablanca.ma\/wp-content\/uploads\/2025\/06\/eluday-bain-de-bouche-blancheur-500ml-parapharmacie-enligne-prix-maroc-nova.jpg","width":452,"height":452},{"@type":"BreadcrumbList","@id":"https:\/\/vitablanca.ma\/produit\/eluday-bain-de-bouche-blancheur-500ml-cadeau\/#breadcrumb","itemListElement":[{"@type":"ListItem","position":1,"name":"Home","item":"https:\/\/vitablanca.ma\/"},{"@type":"ListItem","position":2,"name":"Tous Les Produits","item":"https:\/\/vitablanca.ma\/tous-les-produits\/"},{"@type":"ListItem","position":3,"name":"Eluday Bain De Bouche Blancheur 500ML + Cadeau"}]},{"@type":"WebSite","@id":"https:\/\/vitablanca.ma\/#website","url":"https:\/\/vitablanca.ma\/","name":"VitaBlanca.ma | \u0627\u0644\u0645\u0643\u0645\u0644\u0627\u062a \u0627\u0644\u063a\u0630\u0627\u0626\u064a\u0629\u060c \u0627\u0644\u0635\u062d\u0629 \u0648\u0627\u0644\u062c\u0645\u0627\u0644 \u0641\u064a \u0627\u0644\u0645\u063a\u0631\u0628","description":"\u0646\u0628\u064a\u0639 \u0641\u064a\u062a\u0627\u0645\u064a\u0646\u0627\u062a \u0648\u0645\u0643\u0645\u0644\u0627\u062a \u063a\u0630\u0627\u0626\u064a\u0629 \u0641\u0627\u062e\u0631\u0629 \u0645\u0646 \u0627\u0644\u0648\u0644\u0627\u064a\u0627\u062a \u0627\u0644\u0645\u062a\u062d\u062f\u0629 \u0627\u0644\u0623\u0645\u0631\u064a\u0643\u064a\u0629 \u0648\u0643\u0646\u062f\u0627 \u0648\u0646\u064a\u0648\u0632\u064a\u0644\u0646\u062f\u0627 \u0648\u0627\u0644\u0645\u063a\u0631\u0628 (\u0646\u0627\u0648 \u0641\u0648\u062f\u0632\u060c \u0633\u0648\u0644\u062c\u0627\u0631\u060c \u0645\u0627\u0646\u0648\u0643\u0627). \u062a\u0648\u0635\u064a\u0644 \u0633\u0631\u064a\u0639 \u0625\u0644\u0649 \u062c\u0645\u064a\u0639 \u0623\u0646\u062d\u0627\u0621 \u0627\u0644\u0645\u063a\u0631\u0628.","publisher":{"@id":"https:\/\/vitablanca.ma\/#organization"},"alternateName":"VitaBlanca.ma","potentialAction":[{"@type":"SearchAction","target":{"@type":"EntryPoint","urlTemplate":"https:\/\/vitablanca.ma\/?s={search_term_string}"},"query-input":{"@type":"PropertyValueSpecification","valueRequired":true,"valueName":"search_term_string"}}],"inLanguage":"ar"},{"@type":"Organization","@id":"https:\/\/vitablanca.ma\/#organization","name":"\u0641\u064a\u062a\u0627\u0628\u0644\u0627\u0646\u0643\u0627","url":"https:\/\/vitablanca.ma\/","logo":{"@type":"ImageObject","inLanguage":"ar","@id":"https:\/\/vitablanca.ma\/#\/schema\/logo\/image\/","url":"https:\/\/vitablanca.ma\/wp-content\/uploads\/2025\/05\/cropped-vitablanca.png","contentUrl":"https:\/\/vitablanca.ma\/wp-content\/uploads\/2025\/05\/cropped-vitablanca.png","width":360,"height":67,"caption":"VitaBlanca"},"image":{"@id":"https:\/\/vitablanca.ma\/#\/schema\/logo\/image\/"},"sameAs":["https:\/\/www.facebook.com\/profile.php?id=61576678196717","https:\/\/www.tiktok.com\/@vitablanca.ma","https:\/\/www.instagram.com\/vitablanca.ma\/"]}]}},"jetpack_sharing_enabled":true,"_links":{"self":[{"href":"https:\/\/vitablanca.ma\/ar\/wp-json\/wp\/v2\/product\/17385","targetHints":{"allow":["GET"]}}],"collection":[{"href":"https:\/\/vitablanca.ma\/ar\/wp-json\/wp\/v2\/product"}],"about":[{"href":"https:\/\/vitablanca.ma\/ar\/wp-json\/wp\/v2\/types\/product"}],"wp:featuredmedia":[{"embeddable":true,"href":"https:\/\/vitablanca.ma\/ar\/wp-json\/wp\/v2\/media\/17384"}],"wp:attachment":[{"href":"https:\/\/vitablanca.ma\/ar\/wp-json\/wp\/v2\/media?parent=17385"}],"wp:term":[{"taxonomy":"product_brand","embeddable":true,"href":"https:\/\/vitablanca.ma\/ar\/wp-json\/wp\/v2\/product_brand?post=17385"},{"taxonomy":"product_cat","embeddable":true,"href":"https:\/\/vitablanca.ma\/ar\/wp-json\/wp\/v2\/product_cat?post=17385"},{"taxonomy":"product_tag","embeddable":true,"href":"https:\/\/vitablanca.ma\/ar\/wp-json\/wp\/v2\/product_tag?post=17385"}],"curies":[{"name":"wp","href":"https:\/\/api.w.org\/{rel}","templated":true}]}}