{"id":17327,"date":"2025-06-10T16:59:01","date_gmt":"2025-06-10T16:59:01","guid":{"rendered":"https:\/\/vitablanca.ma\/product\/ecrinal-anp-2-masque-capillaire-nutritif-125ml\/"},"modified":"2025-06-10T16:59:01","modified_gmt":"2025-06-10T16:59:01","slug":"ecrinal-anp-2-masque-capillaire-nutritif-125ml","status":"publish","type":"product","link":"https:\/\/vitablanca.ma\/ar\/product-2\/ecrinal-anp-2-masque-capillaire-nutritif-125ml\/","title":{"rendered":"\u0642\u0646\u0627\u0639 \u0627\u0644\u0634\u0639\u0631 \u0627\u0644\u0645\u063a\u0630\u064a \u0625\u0643\u0631\u064a\u0646\u0627\u0644 ANP 2+ 125 \u0645\u0644"},"content":{"rendered":"<div data-mce-fragment=\"1\" class=\"et_pb_module et_pb_blurb et_pb_blurb_0  et_pb_text_align_left  et_pb_blurb_position_left et_pb_bg_layout_light\">\n<div data-mce-fragment=\"1\" class=\"et_pb_blurb_content\">\n<div data-mce-fragment=\"1\" class=\"et_pb_blurb_container\">\n<div data-mce-fragment=\"1\" class=\"et_pb_blurb_description\">\n<h2 data-mce-fragment=\"1\">Ecrinal ANP 2+ Masque Capillaire Nutritif\u00a0<span data-mce-fragment=\"1\">Fortifie, revitalise et aide \u00e0 r\u00e9parer les pointes fourchues.\u00a0<\/span><br \/>\n<\/h2>\n<p data-mce-fragment=\"1\">ECRINAL Masque Capillaire Nutritif ANP<span data-mce-fragment=\"1\">\u00ae<\/span><span data-mce-fragment=\"1\">\u00a0<\/span>2+ : Soin intensif profond et ultra-r\u00e9parateur. Fortifie, revitalise et aide \u00e0 r\u00e9parer les pointes fourchues. \u00a0Hydrate en profondeur les cheveux secs et cassants. Facilite le d\u00e9m\u00ealage et le coiffage.\u00a0Rend les cheveux doux, souples et brillants et sublime la\u00a0couleur. Ne laisse pas de film gras.\u00a0 \u00c0 utiliser en remplacement ou en alternance avec le Revitalisant apr\u00e8s Shampooing. Peut aussi s\u2019utiliser la nuit comme traitement r\u00e9parateur profond.<\/p>\n<\/div>\n<\/div>\n<\/div>\n<\/div>\n<div data-mce-fragment=\"1\" class=\"et_pb_module et_pb_blurb et_pb_blurb_1  et_pb_text_align_left  et_pb_blurb_position_left et_pb_bg_layout_light\">\n<div data-mce-fragment=\"1\" class=\"et_pb_blurb_content\">\n<div data-mce-fragment=\"1\" class=\"et_pb_blurb_container\">\n<h3 data-mce-fragment=\"1\" class=\"et_pb_module_header\"><span data-mce-fragment=\"1\">\u062f\u0648\u0627\u0639\u064a \u0627\u0644\u0627\u0633\u062a\u0639\u0645\u0627\u0644<\/span><\/h3>\n<div data-mce-fragment=\"1\" class=\"et_pb_blurb_description\">\n<p data-mce-fragment=\"1\">Cheveux ab\u00eem\u00e9s, secs, cassants ou clairsem\u00e9s. Pointes fourchues.<\/p>\n<\/div>\n<\/div>\n<\/div>\n<\/div>\n<div data-mce-fragment=\"1\" class=\"et_pb_module et_pb_blurb et_pb_blurb_2  et_pb_text_align_left  et_pb_blurb_position_left et_pb_bg_layout_light\">\n<div data-mce-fragment=\"1\" class=\"et_pb_blurb_content\">\n<div data-mce-fragment=\"1\" class=\"et_pb_blurb_container\">\n<h3 data-mce-fragment=\"1\" class=\"et_pb_module_header\"><span data-mce-fragment=\"1\">\u0637\u0631\u064a\u0642\u0629 \u0627\u0644\u0627\u0633\u062a\u062e\u062f\u0627\u0645<\/span><\/h3>\n<div data-mce-fragment=\"1\" class=\"et_pb_blurb_description\">\n<p data-mce-fragment=\"1\">Apr\u00e8s le shampooing, appliquer une petite quantit\u00e9 de masque sur les cheveux mouill\u00e9s. R\u00e9partir sur toute la chevelure et laisser agir 3 \u00e0 5 minutes. Rincer abondamment et proc\u00e9der au coiffage habituel. Pour un soin r\u00e9parateur profond de la chevelure, appliquer une bonne quantit\u00e9 de masque sur les cheveux en insistant sur les pointes. Entourer la t\u00eate d\u2019une serviette et garder toute la nuit. Au r\u00e9veil, laver le cheveux avec l\u2019un des shampooings Ecrinal et coiffer comme d\u2019habitude.<\/p>\n<\/div>\n<\/div>\n<\/div>\n<\/div>\n<div data-mce-fragment=\"1\" class=\"et_pb_module et_pb_blurb et_pb_blurb_3  et_pb_text_align_left  et_pb_blurb_position_left et_pb_bg_layout_light\">\n<div data-mce-fragment=\"1\" class=\"et_pb_blurb_content\">\n<div data-mce-fragment=\"1\" class=\"et_pb_blurb_container\">\n<h3 data-mce-fragment=\"1\" class=\"et_pb_module_header\"><span data-mce-fragment=\"1\">\u0627\u0644\u0645\u0643\u0648\u0646\u0627\u062a \u0627\u0644\u0631\u0626\u064a\u0633\u064a\u0629<\/span><\/h3>\n<div data-mce-fragment=\"1\" class=\"et_pb_blurb_description\">\n<p data-mce-fragment=\"1\">\u0632\u0628\u062f\u0629 \u0627\u0644\u0634\u064a\u0627<br data-mce-fragment=\"1\">Extraits de Soie<br data-mce-fragment=\"1\">\u0628\u0631\u0648\u0641\u064a\u062a\u0627\u0645\u064a\u0646 \u06285<br data-mce-fragment=\"1\"><span data-mce-fragment=\"1\">ANP<\/span><span data-mce-fragment=\"1\">\u00ae<\/span><span data-mce-fragment=\"1\">\u00a02+ :\u00a0<\/span><span data-mce-fragment=\"1\">complexe lipidique v\u00e9g\u00e9tal brevet\u00e9\u00a0<\/span><span data-mce-fragment=\"1\">(Brevet Asepta)<\/span><\/p>\n<\/div>\n<\/div>\n<\/div>\n<\/div>","protected":false},"excerpt":{"rendered":"<p>Ecrinal ANP 2+ Masque Capillaire Nutritif\u00a0Fortifie, revitalise et aide \u00e0 r\u00e9parer les pointes fourchues.\u00a0 ECRINAL Masque Capillaire Nutritif ANP\u00ae\u00a02+ : Soin intensif profond et ultra-r\u00e9parateur. Fortifie, revitalise et aide \u00e0 r\u00e9parer les pointes fourchues. \u00a0Hydrate en profondeur les cheveux secs et cassants. Facilite le d\u00e9m\u00ealage et le coiffage.\u00a0Rend les cheveux doux, souples et brillants et [&hellip;]<\/p>\n","protected":false},"featured_media":17325,"template":"","meta":{"om_disable_all_campaigns":false},"product_brand":[],"product_cat":[15],"product_tag":[],"class_list":{"0":"post-17327","1":"product","2":"type-product","3":"status-publish","4":"has-post-thumbnail","6":"product_cat-beaute-sante-complements-alimentaires-soins-et-bien-etre-au-meilleur-prix","8":"first","9":"instock","10":"sale","11":"taxable","12":"shipping-taxable","13":"purchasable","14":"product-type-simple"},"yoast_head":"<!-- This site is optimized with the Yoast SEO plugin v27.4 - https:\/\/yoast.com\/product\/yoast-seo-wordpress\/ -->\n<title>Ecrinal ANP 2+ Masque Capillaire Nutritif 125ml - Maroc Prix<\/title>\n<meta name=\"description\" content=\"Ecrinal ANP 2+ Masque Capillaire Nutritif 125ml\" \/>\n<meta name=\"robots\" content=\"index, follow, max-snippet:-1, max-image-preview:large, max-video-preview:-1\" \/>\n<link rel=\"canonical\" href=\"https:\/\/vitablanca.ma\/ar\/product-2\/ecrinal-anp-2-masque-capillaire-nutritif-125ml\/\" \/>\n<meta property=\"og:locale\" content=\"ar_AR\" \/>\n<meta property=\"og:type\" content=\"article\" \/>\n<meta property=\"og:title\" content=\"Ecrinal ANP 2+ Masque Capillaire Nutritif 125ml - Maroc Prix\" \/>\n<meta property=\"og:description\" content=\"Ecrinal ANP 2+ Masque Capillaire Nutritif 125ml\" \/>\n<meta property=\"og:url\" content=\"https:\/\/vitablanca.ma\/ar\/product-2\/ecrinal-anp-2-masque-capillaire-nutritif-125ml\/\" \/>\n<meta property=\"og:site_name\" content=\"Vitablanca.ma &ndash; Sant&eacute;, vitalit&eacute; et bien-&ecirc;tre pour tous les Marocains\" \/>\n<meta property=\"article:publisher\" content=\"https:\/\/www.facebook.com\/profile.php?id=61576678196717\" \/>\n<meta property=\"og:image\" content=\"https:\/\/vitablanca.ma\/wp-content\/uploads\/2025\/06\/Ecrinal-ANP-2_-Masque-Capillaire-Nutritif-nova-parapharmacie-maroc.jpg\" \/>\n\t<meta property=\"og:image:width\" content=\"1000\" \/>\n\t<meta property=\"og:image:height\" content=\"1000\" \/>\n\t<meta property=\"og:image:type\" content=\"image\/jpeg\" \/>\n<meta name=\"twitter:card\" content=\"summary_large_image\" \/>\n<meta name=\"twitter:label1\" content=\"\u0648\u0642\u062a \u0627\u0644\u0642\u0631\u0627\u0621\u0629 \u0627\u0644\u0645\u064f\u0642\u062f\u0651\u0631\" \/>\n\t<meta name=\"twitter:data1\" content=\"\u062f\u0642\u064a\u0642\u0629 \u0648\u0627\u062d\u062f\u0629\" \/>\n<script type=\"application\/ld+json\" class=\"yoast-schema-graph\">{\"@context\":\"https:\\\/\\\/schema.org\",\"@graph\":[{\"@type\":[\"WebPage\",\"ItemPage\"],\"@id\":\"https:\\\/\\\/vitablanca.ma\\\/produit\\\/ecrinal-anp-2-masque-capillaire-nutritif-125ml\\\/\",\"url\":\"https:\\\/\\\/vitablanca.ma\\\/produit\\\/ecrinal-anp-2-masque-capillaire-nutritif-125ml\\\/\",\"name\":\"Ecrinal ANP 2+ Masque Capillaire Nutritif 125ml - Maroc Prix\",\"isPartOf\":{\"@id\":\"https:\\\/\\\/vitablanca.ma\\\/#website\"},\"primaryImageOfPage\":{\"@id\":\"https:\\\/\\\/vitablanca.ma\\\/produit\\\/ecrinal-anp-2-masque-capillaire-nutritif-125ml\\\/#primaryimage\"},\"image\":{\"@id\":\"https:\\\/\\\/vitablanca.ma\\\/produit\\\/ecrinal-anp-2-masque-capillaire-nutritif-125ml\\\/#primaryimage\"},\"thumbnailUrl\":\"https:\\\/\\\/vitablanca.ma\\\/wp-content\\\/uploads\\\/2025\\\/06\\\/Ecrinal-ANP-2_-Masque-Capillaire-Nutritif-nova-parapharmacie-maroc.jpg\",\"datePublished\":\"2025-06-10T16:59:01+00:00\",\"description\":\"Ecrinal ANP 2+ Masque Capillaire Nutritif 125ml\",\"breadcrumb\":{\"@id\":\"https:\\\/\\\/vitablanca.ma\\\/produit\\\/ecrinal-anp-2-masque-capillaire-nutritif-125ml\\\/#breadcrumb\"},\"inLanguage\":\"ar\",\"potentialAction\":[{\"@type\":\"ReadAction\",\"target\":[\"https:\\\/\\\/vitablanca.ma\\\/produit\\\/ecrinal-anp-2-masque-capillaire-nutritif-125ml\\\/\"]}]},{\"@type\":\"ImageObject\",\"inLanguage\":\"ar\",\"@id\":\"https:\\\/\\\/vitablanca.ma\\\/produit\\\/ecrinal-anp-2-masque-capillaire-nutritif-125ml\\\/#primaryimage\",\"url\":\"https:\\\/\\\/vitablanca.ma\\\/wp-content\\\/uploads\\\/2025\\\/06\\\/Ecrinal-ANP-2_-Masque-Capillaire-Nutritif-nova-parapharmacie-maroc.jpg\",\"contentUrl\":\"https:\\\/\\\/vitablanca.ma\\\/wp-content\\\/uploads\\\/2025\\\/06\\\/Ecrinal-ANP-2_-Masque-Capillaire-Nutritif-nova-parapharmacie-maroc.jpg\",\"width\":1000,\"height\":1000},{\"@type\":\"BreadcrumbList\",\"@id\":\"https:\\\/\\\/vitablanca.ma\\\/produit\\\/ecrinal-anp-2-masque-capillaire-nutritif-125ml\\\/#breadcrumb\",\"itemListElement\":[{\"@type\":\"ListItem\",\"position\":1,\"name\":\"Home\",\"item\":\"https:\\\/\\\/vitablanca.ma\\\/\"},{\"@type\":\"ListItem\",\"position\":2,\"name\":\"Tous Les Produits\",\"item\":\"https:\\\/\\\/vitablanca.ma\\\/tous-les-produits\\\/\"},{\"@type\":\"ListItem\",\"position\":3,\"name\":\"Ecrinal ANP 2+ Masque Capillaire Nutritif 125ml\"}]},{\"@type\":\"WebSite\",\"@id\":\"https:\\\/\\\/vitablanca.ma\\\/#website\",\"url\":\"https:\\\/\\\/vitablanca.ma\\\/\",\"name\":\"VitaBlanca.ma | Compl\u00e9ments alimentaires, sant\u00e9 & beaut\u00e9 au Maroc\",\"description\":\"vendre vitamines et compl\u00e9ments premium des USA &amp; Canada, Nouvelle Z\u00e9lande,Maroc (NOW Foods, Solgar, Manuka). Livraison rapide partout au Maroc.\",\"publisher\":{\"@id\":\"https:\\\/\\\/vitablanca.ma\\\/#organization\"},\"alternateName\":\"VitaBlanca.ma\",\"potentialAction\":[{\"@type\":\"SearchAction\",\"target\":{\"@type\":\"EntryPoint\",\"urlTemplate\":\"https:\\\/\\\/vitablanca.ma\\\/?s={search_term_string}\"},\"query-input\":{\"@type\":\"PropertyValueSpecification\",\"valueRequired\":true,\"valueName\":\"search_term_string\"}}],\"inLanguage\":\"ar\"},{\"@type\":\"Organization\",\"@id\":\"https:\\\/\\\/vitablanca.ma\\\/#organization\",\"name\":\"VitaBlanca\",\"url\":\"https:\\\/\\\/vitablanca.ma\\\/\",\"logo\":{\"@type\":\"ImageObject\",\"inLanguage\":\"ar\",\"@id\":\"https:\\\/\\\/vitablanca.ma\\\/#\\\/schema\\\/logo\\\/image\\\/\",\"url\":\"https:\\\/\\\/vitablanca.ma\\\/wp-content\\\/uploads\\\/2025\\\/05\\\/cropped-vitablanca.png\",\"contentUrl\":\"https:\\\/\\\/vitablanca.ma\\\/wp-content\\\/uploads\\\/2025\\\/05\\\/cropped-vitablanca.png\",\"width\":360,\"height\":67,\"caption\":\"VitaBlanca\"},\"image\":{\"@id\":\"https:\\\/\\\/vitablanca.ma\\\/#\\\/schema\\\/logo\\\/image\\\/\"},\"sameAs\":[\"https:\\\/\\\/www.facebook.com\\\/profile.php?id=61576678196717\",\"https:\\\/\\\/www.tiktok.com\\\/@vitablanca.ma\",\"https:\\\/\\\/www.instagram.com\\\/vitablanca.ma\\\/\"]}]}<\/script>\n<!-- \/ Yoast SEO plugin. -->","yoast_head_json":{"title":"Ecrinal ANP 2+ Masque Capillaire Nutritif 125ml - Maroc Prix","description":"\u0642\u0646\u0627\u0639 \u0627\u0644\u0634\u0639\u0631 \u0627\u0644\u0645\u063a\u0630\u064a \u0625\u0643\u0631\u064a\u0646\u0627\u0644 ANP 2+ 125 \u0645\u0644","robots":{"index":"index","follow":"follow","max-snippet":"max-snippet:-1","max-image-preview":"max-image-preview:large","max-video-preview":"max-video-preview:-1"},"canonical":"https:\/\/vitablanca.ma\/ar\/product-2\/ecrinal-anp-2-masque-capillaire-nutritif-125ml\/","og_locale":"ar_AR","og_type":"article","og_title":"Ecrinal ANP 2+ Masque Capillaire Nutritif 125ml - Maroc Prix","og_description":"Ecrinal ANP 2+ Masque Capillaire Nutritif 125ml","og_url":"https:\/\/vitablanca.ma\/ar\/product-2\/ecrinal-anp-2-masque-capillaire-nutritif-125ml\/","og_site_name":"Vitablanca.ma &ndash; Sant&eacute;, vitalit&eacute; et bien-&ecirc;tre pour tous les Marocains","article_publisher":"https:\/\/www.facebook.com\/profile.php?id=61576678196717","og_image":[{"width":1000,"height":1000,"url":"https:\/\/vitablanca.ma\/wp-content\/uploads\/2025\/06\/Ecrinal-ANP-2_-Masque-Capillaire-Nutritif-nova-parapharmacie-maroc.jpg","type":"image\/jpeg"}],"twitter_card":"summary_large_image","twitter_misc":{"\u0648\u0642\u062a \u0627\u0644\u0642\u0631\u0627\u0621\u0629 \u0627\u0644\u0645\u064f\u0642\u062f\u0651\u0631":"\u062f\u0642\u064a\u0642\u0629 \u0648\u0627\u062d\u062f\u0629"},"schema":{"@context":"https:\/\/schema.org","@graph":[{"@type":["WebPage","ItemPage"],"@id":"https:\/\/vitablanca.ma\/produit\/ecrinal-anp-2-masque-capillaire-nutritif-125ml\/","url":"https:\/\/vitablanca.ma\/produit\/ecrinal-anp-2-masque-capillaire-nutritif-125ml\/","name":"Ecrinal ANP 2+ Masque Capillaire Nutritif 125ml - Maroc Prix","isPartOf":{"@id":"https:\/\/vitablanca.ma\/#website"},"primaryImageOfPage":{"@id":"https:\/\/vitablanca.ma\/produit\/ecrinal-anp-2-masque-capillaire-nutritif-125ml\/#primaryimage"},"image":{"@id":"https:\/\/vitablanca.ma\/produit\/ecrinal-anp-2-masque-capillaire-nutritif-125ml\/#primaryimage"},"thumbnailUrl":"https:\/\/vitablanca.ma\/wp-content\/uploads\/2025\/06\/Ecrinal-ANP-2_-Masque-Capillaire-Nutritif-nova-parapharmacie-maroc.jpg","datePublished":"2025-06-10T16:59:01+00:00","description":"\u0642\u0646\u0627\u0639 \u0627\u0644\u0634\u0639\u0631 \u0627\u0644\u0645\u063a\u0630\u064a \u0625\u0643\u0631\u064a\u0646\u0627\u0644 ANP 2+ 125 \u0645\u0644","breadcrumb":{"@id":"https:\/\/vitablanca.ma\/produit\/ecrinal-anp-2-masque-capillaire-nutritif-125ml\/#breadcrumb"},"inLanguage":"ar","potentialAction":[{"@type":"ReadAction","target":["https:\/\/vitablanca.ma\/produit\/ecrinal-anp-2-masque-capillaire-nutritif-125ml\/"]}]},{"@type":"ImageObject","inLanguage":"ar","@id":"https:\/\/vitablanca.ma\/produit\/ecrinal-anp-2-masque-capillaire-nutritif-125ml\/#primaryimage","url":"https:\/\/vitablanca.ma\/wp-content\/uploads\/2025\/06\/Ecrinal-ANP-2_-Masque-Capillaire-Nutritif-nova-parapharmacie-maroc.jpg","contentUrl":"https:\/\/vitablanca.ma\/wp-content\/uploads\/2025\/06\/Ecrinal-ANP-2_-Masque-Capillaire-Nutritif-nova-parapharmacie-maroc.jpg","width":1000,"height":1000},{"@type":"BreadcrumbList","@id":"https:\/\/vitablanca.ma\/produit\/ecrinal-anp-2-masque-capillaire-nutritif-125ml\/#breadcrumb","itemListElement":[{"@type":"ListItem","position":1,"name":"Home","item":"https:\/\/vitablanca.ma\/"},{"@type":"ListItem","position":2,"name":"Tous Les Produits","item":"https:\/\/vitablanca.ma\/tous-les-produits\/"},{"@type":"ListItem","position":3,"name":"Ecrinal ANP 2+ Masque Capillaire Nutritif 125ml"}]},{"@type":"WebSite","@id":"https:\/\/vitablanca.ma\/#website","url":"https:\/\/vitablanca.ma\/","name":"VitaBlanca.ma | \u0627\u0644\u0645\u0643\u0645\u0644\u0627\u062a \u0627\u0644\u063a\u0630\u0627\u0626\u064a\u0629\u060c \u0627\u0644\u0635\u062d\u0629 \u0648\u0627\u0644\u062c\u0645\u0627\u0644 \u0641\u064a \u0627\u0644\u0645\u063a\u0631\u0628","description":"\u0646\u0628\u064a\u0639 \u0641\u064a\u062a\u0627\u0645\u064a\u0646\u0627\u062a \u0648\u0645\u0643\u0645\u0644\u0627\u062a \u063a\u0630\u0627\u0626\u064a\u0629 \u0641\u0627\u062e\u0631\u0629 \u0645\u0646 \u0627\u0644\u0648\u0644\u0627\u064a\u0627\u062a \u0627\u0644\u0645\u062a\u062d\u062f\u0629 \u0627\u0644\u0623\u0645\u0631\u064a\u0643\u064a\u0629 \u0648\u0643\u0646\u062f\u0627 \u0648\u0646\u064a\u0648\u0632\u064a\u0644\u0646\u062f\u0627 \u0648\u0627\u0644\u0645\u063a\u0631\u0628 (\u0646\u0627\u0648 \u0641\u0648\u062f\u0632\u060c \u0633\u0648\u0644\u062c\u0627\u0631\u060c \u0645\u0627\u0646\u0648\u0643\u0627). \u062a\u0648\u0635\u064a\u0644 \u0633\u0631\u064a\u0639 \u0625\u0644\u0649 \u062c\u0645\u064a\u0639 \u0623\u0646\u062d\u0627\u0621 \u0627\u0644\u0645\u063a\u0631\u0628.","publisher":{"@id":"https:\/\/vitablanca.ma\/#organization"},"alternateName":"VitaBlanca.ma","potentialAction":[{"@type":"SearchAction","target":{"@type":"EntryPoint","urlTemplate":"https:\/\/vitablanca.ma\/?s={search_term_string}"},"query-input":{"@type":"PropertyValueSpecification","valueRequired":true,"valueName":"search_term_string"}}],"inLanguage":"ar"},{"@type":"Organization","@id":"https:\/\/vitablanca.ma\/#organization","name":"\u0641\u064a\u062a\u0627\u0628\u0644\u0627\u0646\u0643\u0627","url":"https:\/\/vitablanca.ma\/","logo":{"@type":"ImageObject","inLanguage":"ar","@id":"https:\/\/vitablanca.ma\/#\/schema\/logo\/image\/","url":"https:\/\/vitablanca.ma\/wp-content\/uploads\/2025\/05\/cropped-vitablanca.png","contentUrl":"https:\/\/vitablanca.ma\/wp-content\/uploads\/2025\/05\/cropped-vitablanca.png","width":360,"height":67,"caption":"VitaBlanca"},"image":{"@id":"https:\/\/vitablanca.ma\/#\/schema\/logo\/image\/"},"sameAs":["https:\/\/www.facebook.com\/profile.php?id=61576678196717","https:\/\/www.tiktok.com\/@vitablanca.ma","https:\/\/www.instagram.com\/vitablanca.ma\/"]}]}},"jetpack_sharing_enabled":true,"_links":{"self":[{"href":"https:\/\/vitablanca.ma\/ar\/wp-json\/wp\/v2\/product\/17327","targetHints":{"allow":["GET"]}}],"collection":[{"href":"https:\/\/vitablanca.ma\/ar\/wp-json\/wp\/v2\/product"}],"about":[{"href":"https:\/\/vitablanca.ma\/ar\/wp-json\/wp\/v2\/types\/product"}],"wp:featuredmedia":[{"embeddable":true,"href":"https:\/\/vitablanca.ma\/ar\/wp-json\/wp\/v2\/media\/17325"}],"wp:attachment":[{"href":"https:\/\/vitablanca.ma\/ar\/wp-json\/wp\/v2\/media?parent=17327"}],"wp:term":[{"taxonomy":"product_brand","embeddable":true,"href":"https:\/\/vitablanca.ma\/ar\/wp-json\/wp\/v2\/product_brand?post=17327"},{"taxonomy":"product_cat","embeddable":true,"href":"https:\/\/vitablanca.ma\/ar\/wp-json\/wp\/v2\/product_cat?post=17327"},{"taxonomy":"product_tag","embeddable":true,"href":"https:\/\/vitablanca.ma\/ar\/wp-json\/wp\/v2\/product_tag?post=17327"}],"curies":[{"name":"wp","href":"https:\/\/api.w.org\/{rel}","templated":true}]}}