{"id":17320,"date":"2025-06-10T16:58:42","date_gmt":"2025-06-10T16:58:42","guid":{"rendered":"https:\/\/vitablanca.ma\/product\/ecrinal-vernis-durcisseur-brillant-ongles-10ml\/"},"modified":"2025-06-10T16:58:42","modified_gmt":"2025-06-10T16:58:42","slug":"ecrinal-vernis-durcisseur-brillant-ongles-10ml","status":"publish","type":"product","link":"https:\/\/vitablanca.ma\/ar\/product-2\/ecrinal-vernis-durcisseur-brillant-ongles-10ml\/","title":{"rendered":"Ecrinal Vernis Durcisseur Brillant Ongles 10ml"},"content":{"rendered":"<h2>Ecrinal Vernis Durcisseur Brillant Ongles\u00a0<span data-mce-fragment=\"1\">Apporte des \u00e9l\u00e9ments fortifiants.<\/span><br \/>\n<\/h2>\n<p>ECRINAL Durcisseur Vernis Brillant: Protection instantan\u00e9e. Renforce et am\u00e9liore la r\u00e9sistance naturelle de l\u2019ongle contre les chocs et les cassures.\u00a0 Apporte des \u00e9l\u00e9ments fortifiants. Prolonge la dur\u00e9e des vernis color\u00e9s. Incolore, effet brillant cristal. Peut servir de \u201cBase Coat\u201d ou de \u201cTop Coat\u201d.<\/p>\n<p>100% \u0646\u0628\u0627\u062a\u064a - \u062e\u0627\u0644\u064d \u0645\u0646 \u0627\u0644\u0642\u0633\u0648\u0629 - &quot;\u062e\u0627\u0644\u064d \u0645\u0646 12 \u0645\u0627\u062f\u0629&quot; \u062e\u0627\u0644\u064d \u0645\u0646 \u0627\u0644\u0641\u0648\u0631\u0645\u0627\u0644\u062f\u064a\u0647\u0627\u064a\u062f \u0648\u0627\u0644\u062a\u0648\u0644\u0648\u064a\u0646 \u0648DBP (\u0641\u062b\u0627\u0644\u0627\u062a \u0627\u0644\u062f\u064a\u0628\u0648\u062a\u064a\u0644) \u0648\u0631\u0627\u062a\u064a\u0646\u062c \u0627\u0644\u0641\u0648\u0631\u0645\u0627\u0644\u062f\u064a\u0647\u0627\u064a\u062f \u0648\u0627\u0644\u0643\u0627\u0641\u0648\u0631 \u0648\u0627\u0644\u0632\u064a\u0644\u064a\u0646 \u0648\u0625\u064a\u062b\u064a\u0644 \u062a\u0648\u0633\u064a\u0644\u0627\u0645\u064a\u062f \u0648\u0627\u0644\u0628\u0627\u0631\u0627\u0628\u064a\u0646 \u0648\u0627\u0644\u0631\u0627\u062a\u0646\u062c \u0648\u0627\u0644\u063a\u0644\u0648\u062a\u064a\u0646 \u0648\u0645\u064a\u062b\u064a\u0644 \u0625\u064a\u0632\u0648\u062b\u064a\u0627\u0632\u0648\u0644\u064a\u0646\u0648\u0646 (MIT) \u0648\u0627\u0644\u0623\u0633\u064a\u062a\u0648\u0646.<\/p>\n<h3>\u062f\u0648\u0627\u0639\u064a \u0627\u0644\u0627\u0633\u062a\u0639\u0645\u0627\u0644<\/h3>\n<p>Ongles fragiles, mous et d\u00e9doubl\u00e9s.<\/p>\n<h3>\u0637\u0631\u064a\u0642\u0629 \u0627\u0644\u0627\u0633\u062a\u062e\u062f\u0627\u0645<\/h3>\n<p>Appliquez le Durcisseur Vernis Brillant soit sur l\u2019ongle parfaitement d\u00e9maquill\u00e9 (une ou deux couches selon l\u2019effet d\u00e9sir\u00e9), soit sur votre vernis color\u00e9 afin de le prot\u00e9ger et de prolonger sa tenue.<\/p>\n<h3>\u0627\u0644\u0645\u0643\u0648\u0646\u0627\u062a \u0627\u0644\u0631\u0626\u064a\u0633\u064a\u0629<\/h3>\n<p>Nonichosyne\u00ae R\u00e9sine flexible<\/p>","protected":false},"excerpt":{"rendered":"<p>Ecrinal Vernis Durcisseur Brillant Ongles\u00a0Apporte des \u00e9l\u00e9ments fortifiants. ECRINAL Durcisseur Vernis Brillant: Protection instantan\u00e9e. Renforce et am\u00e9liore la r\u00e9sistance naturelle de l\u2019ongle contre les chocs et les cassures.\u00a0 Apporte des \u00e9l\u00e9ments fortifiants. Prolonge la dur\u00e9e des vernis color\u00e9s. Incolore, effet brillant cristal. Peut servir de \u201cBase Coat\u201d ou de \u201cTop Coat\u201d. 100% v\u00e9g\u00e9talien \u2013 sans [&hellip;]<\/p>\n","protected":false},"featured_media":17319,"template":"","meta":{"om_disable_all_campaigns":false},"product_brand":[],"product_cat":[15],"product_tag":[],"class_list":{"0":"post-17320","1":"product","2":"type-product","3":"status-publish","4":"has-post-thumbnail","6":"product_cat-beaute-sante-complements-alimentaires-soins-et-bien-etre-au-meilleur-prix","8":"first","9":"instock","10":"sale","11":"taxable","12":"shipping-taxable","13":"purchasable","14":"product-type-simple"},"yoast_head":"<!-- This site is optimized with the Yoast SEO plugin v27.4 - https:\/\/yoast.com\/product\/yoast-seo-wordpress\/ -->\n<title>Ecrinal Vernis Durcisseur Brillant Ongles 10ml - Maroc Prix<\/title>\n<meta name=\"description\" content=\"Ecrinal Vernis Durcisseur Brillant Ongles 10ml\" \/>\n<meta name=\"robots\" content=\"index, follow, max-snippet:-1, max-image-preview:large, max-video-preview:-1\" \/>\n<link rel=\"canonical\" href=\"https:\/\/vitablanca.ma\/ar\/product-2\/ecrinal-vernis-durcisseur-brillant-ongles-10ml\/\" \/>\n<meta property=\"og:locale\" content=\"ar_AR\" \/>\n<meta property=\"og:type\" content=\"article\" \/>\n<meta property=\"og:title\" content=\"Ecrinal Vernis Durcisseur Brillant Ongles 10ml - Maroc Prix\" \/>\n<meta property=\"og:description\" content=\"Ecrinal Vernis Durcisseur Brillant Ongles 10ml\" \/>\n<meta property=\"og:url\" content=\"https:\/\/vitablanca.ma\/ar\/product-2\/ecrinal-vernis-durcisseur-brillant-ongles-10ml\/\" \/>\n<meta property=\"og:site_name\" content=\"Vitablanca.ma &ndash; Sant&eacute;, vitalit&eacute; et bien-&ecirc;tre pour tous les Marocains\" \/>\n<meta property=\"article:publisher\" content=\"https:\/\/www.facebook.com\/profile.php?id=61576678196717\" \/>\n<meta property=\"og:image\" content=\"https:\/\/vitablanca.ma\/wp-content\/uploads\/2025\/06\/Ecrinal-Vernis-Durcisseur-Brillant-Ongles-10ml-nova-parapharmacie-maroc.jpg\" \/>\n\t<meta property=\"og:image:width\" content=\"1000\" \/>\n\t<meta property=\"og:image:height\" content=\"1000\" \/>\n\t<meta property=\"og:image:type\" content=\"image\/jpeg\" \/>\n<meta name=\"twitter:card\" content=\"summary_large_image\" \/>\n<meta name=\"twitter:label1\" content=\"\u0648\u0642\u062a \u0627\u0644\u0642\u0631\u0627\u0621\u0629 \u0627\u0644\u0645\u064f\u0642\u062f\u0651\u0631\" \/>\n\t<meta name=\"twitter:data1\" content=\"\u062f\u0642\u064a\u0642\u0629 \u0648\u0627\u062d\u062f\u0629\" \/>\n<script type=\"application\/ld+json\" class=\"yoast-schema-graph\">{\"@context\":\"https:\\\/\\\/schema.org\",\"@graph\":[{\"@type\":[\"WebPage\",\"ItemPage\"],\"@id\":\"https:\\\/\\\/vitablanca.ma\\\/produit\\\/ecrinal-vernis-durcisseur-brillant-ongles-10ml\\\/\",\"url\":\"https:\\\/\\\/vitablanca.ma\\\/produit\\\/ecrinal-vernis-durcisseur-brillant-ongles-10ml\\\/\",\"name\":\"Ecrinal Vernis Durcisseur Brillant Ongles 10ml - Maroc Prix\",\"isPartOf\":{\"@id\":\"https:\\\/\\\/vitablanca.ma\\\/#website\"},\"primaryImageOfPage\":{\"@id\":\"https:\\\/\\\/vitablanca.ma\\\/produit\\\/ecrinal-vernis-durcisseur-brillant-ongles-10ml\\\/#primaryimage\"},\"image\":{\"@id\":\"https:\\\/\\\/vitablanca.ma\\\/produit\\\/ecrinal-vernis-durcisseur-brillant-ongles-10ml\\\/#primaryimage\"},\"thumbnailUrl\":\"https:\\\/\\\/vitablanca.ma\\\/wp-content\\\/uploads\\\/2025\\\/06\\\/Ecrinal-Vernis-Durcisseur-Brillant-Ongles-10ml-nova-parapharmacie-maroc.jpg\",\"datePublished\":\"2025-06-10T16:58:42+00:00\",\"description\":\"Ecrinal Vernis Durcisseur Brillant Ongles 10ml\",\"breadcrumb\":{\"@id\":\"https:\\\/\\\/vitablanca.ma\\\/produit\\\/ecrinal-vernis-durcisseur-brillant-ongles-10ml\\\/#breadcrumb\"},\"inLanguage\":\"ar\",\"potentialAction\":[{\"@type\":\"ReadAction\",\"target\":[\"https:\\\/\\\/vitablanca.ma\\\/produit\\\/ecrinal-vernis-durcisseur-brillant-ongles-10ml\\\/\"]}]},{\"@type\":\"ImageObject\",\"inLanguage\":\"ar\",\"@id\":\"https:\\\/\\\/vitablanca.ma\\\/produit\\\/ecrinal-vernis-durcisseur-brillant-ongles-10ml\\\/#primaryimage\",\"url\":\"https:\\\/\\\/vitablanca.ma\\\/wp-content\\\/uploads\\\/2025\\\/06\\\/Ecrinal-Vernis-Durcisseur-Brillant-Ongles-10ml-nova-parapharmacie-maroc.jpg\",\"contentUrl\":\"https:\\\/\\\/vitablanca.ma\\\/wp-content\\\/uploads\\\/2025\\\/06\\\/Ecrinal-Vernis-Durcisseur-Brillant-Ongles-10ml-nova-parapharmacie-maroc.jpg\",\"width\":1000,\"height\":1000},{\"@type\":\"BreadcrumbList\",\"@id\":\"https:\\\/\\\/vitablanca.ma\\\/produit\\\/ecrinal-vernis-durcisseur-brillant-ongles-10ml\\\/#breadcrumb\",\"itemListElement\":[{\"@type\":\"ListItem\",\"position\":1,\"name\":\"Home\",\"item\":\"https:\\\/\\\/vitablanca.ma\\\/\"},{\"@type\":\"ListItem\",\"position\":2,\"name\":\"Tous Les Produits\",\"item\":\"https:\\\/\\\/vitablanca.ma\\\/tous-les-produits\\\/\"},{\"@type\":\"ListItem\",\"position\":3,\"name\":\"Ecrinal Vernis Durcisseur Brillant Ongles 10ml\"}]},{\"@type\":\"WebSite\",\"@id\":\"https:\\\/\\\/vitablanca.ma\\\/#website\",\"url\":\"https:\\\/\\\/vitablanca.ma\\\/\",\"name\":\"VitaBlanca.ma | Compl\u00e9ments alimentaires, sant\u00e9 & beaut\u00e9 au Maroc\",\"description\":\"vendre vitamines et compl\u00e9ments premium des USA &amp; Canada, Nouvelle Z\u00e9lande,Maroc (NOW Foods, Solgar, Manuka). Livraison rapide partout au Maroc.\",\"publisher\":{\"@id\":\"https:\\\/\\\/vitablanca.ma\\\/#organization\"},\"alternateName\":\"VitaBlanca.ma\",\"potentialAction\":[{\"@type\":\"SearchAction\",\"target\":{\"@type\":\"EntryPoint\",\"urlTemplate\":\"https:\\\/\\\/vitablanca.ma\\\/?s={search_term_string}\"},\"query-input\":{\"@type\":\"PropertyValueSpecification\",\"valueRequired\":true,\"valueName\":\"search_term_string\"}}],\"inLanguage\":\"ar\"},{\"@type\":\"Organization\",\"@id\":\"https:\\\/\\\/vitablanca.ma\\\/#organization\",\"name\":\"VitaBlanca\",\"url\":\"https:\\\/\\\/vitablanca.ma\\\/\",\"logo\":{\"@type\":\"ImageObject\",\"inLanguage\":\"ar\",\"@id\":\"https:\\\/\\\/vitablanca.ma\\\/#\\\/schema\\\/logo\\\/image\\\/\",\"url\":\"https:\\\/\\\/vitablanca.ma\\\/wp-content\\\/uploads\\\/2025\\\/05\\\/cropped-vitablanca.png\",\"contentUrl\":\"https:\\\/\\\/vitablanca.ma\\\/wp-content\\\/uploads\\\/2025\\\/05\\\/cropped-vitablanca.png\",\"width\":360,\"height\":67,\"caption\":\"VitaBlanca\"},\"image\":{\"@id\":\"https:\\\/\\\/vitablanca.ma\\\/#\\\/schema\\\/logo\\\/image\\\/\"},\"sameAs\":[\"https:\\\/\\\/www.facebook.com\\\/profile.php?id=61576678196717\",\"https:\\\/\\\/www.tiktok.com\\\/@vitablanca.ma\",\"https:\\\/\\\/www.instagram.com\\\/vitablanca.ma\\\/\"]}]}<\/script>\n<!-- \/ Yoast SEO plugin. -->","yoast_head_json":{"title":"Ecrinal Vernis Durcisseur Brillant Ongles 10ml - Maroc Prix","description":"Ecrinal Vernis Durcisseur Brillant Ongles 10ml","robots":{"index":"index","follow":"follow","max-snippet":"max-snippet:-1","max-image-preview":"max-image-preview:large","max-video-preview":"max-video-preview:-1"},"canonical":"https:\/\/vitablanca.ma\/ar\/product-2\/ecrinal-vernis-durcisseur-brillant-ongles-10ml\/","og_locale":"ar_AR","og_type":"article","og_title":"Ecrinal Vernis Durcisseur Brillant Ongles 10ml - Maroc Prix","og_description":"Ecrinal Vernis Durcisseur Brillant Ongles 10ml","og_url":"https:\/\/vitablanca.ma\/ar\/product-2\/ecrinal-vernis-durcisseur-brillant-ongles-10ml\/","og_site_name":"Vitablanca.ma &ndash; Sant&eacute;, vitalit&eacute; et bien-&ecirc;tre pour tous les Marocains","article_publisher":"https:\/\/www.facebook.com\/profile.php?id=61576678196717","og_image":[{"width":1000,"height":1000,"url":"https:\/\/vitablanca.ma\/wp-content\/uploads\/2025\/06\/Ecrinal-Vernis-Durcisseur-Brillant-Ongles-10ml-nova-parapharmacie-maroc.jpg","type":"image\/jpeg"}],"twitter_card":"summary_large_image","twitter_misc":{"\u0648\u0642\u062a \u0627\u0644\u0642\u0631\u0627\u0621\u0629 \u0627\u0644\u0645\u064f\u0642\u062f\u0651\u0631":"\u062f\u0642\u064a\u0642\u0629 \u0648\u0627\u062d\u062f\u0629"},"schema":{"@context":"https:\/\/schema.org","@graph":[{"@type":["WebPage","ItemPage"],"@id":"https:\/\/vitablanca.ma\/produit\/ecrinal-vernis-durcisseur-brillant-ongles-10ml\/","url":"https:\/\/vitablanca.ma\/produit\/ecrinal-vernis-durcisseur-brillant-ongles-10ml\/","name":"Ecrinal Vernis Durcisseur Brillant Ongles 10ml - Maroc Prix","isPartOf":{"@id":"https:\/\/vitablanca.ma\/#website"},"primaryImageOfPage":{"@id":"https:\/\/vitablanca.ma\/produit\/ecrinal-vernis-durcisseur-brillant-ongles-10ml\/#primaryimage"},"image":{"@id":"https:\/\/vitablanca.ma\/produit\/ecrinal-vernis-durcisseur-brillant-ongles-10ml\/#primaryimage"},"thumbnailUrl":"https:\/\/vitablanca.ma\/wp-content\/uploads\/2025\/06\/Ecrinal-Vernis-Durcisseur-Brillant-Ongles-10ml-nova-parapharmacie-maroc.jpg","datePublished":"2025-06-10T16:58:42+00:00","description":"Ecrinal Vernis Durcisseur Brillant Ongles 10ml","breadcrumb":{"@id":"https:\/\/vitablanca.ma\/produit\/ecrinal-vernis-durcisseur-brillant-ongles-10ml\/#breadcrumb"},"inLanguage":"ar","potentialAction":[{"@type":"ReadAction","target":["https:\/\/vitablanca.ma\/produit\/ecrinal-vernis-durcisseur-brillant-ongles-10ml\/"]}]},{"@type":"ImageObject","inLanguage":"ar","@id":"https:\/\/vitablanca.ma\/produit\/ecrinal-vernis-durcisseur-brillant-ongles-10ml\/#primaryimage","url":"https:\/\/vitablanca.ma\/wp-content\/uploads\/2025\/06\/Ecrinal-Vernis-Durcisseur-Brillant-Ongles-10ml-nova-parapharmacie-maroc.jpg","contentUrl":"https:\/\/vitablanca.ma\/wp-content\/uploads\/2025\/06\/Ecrinal-Vernis-Durcisseur-Brillant-Ongles-10ml-nova-parapharmacie-maroc.jpg","width":1000,"height":1000},{"@type":"BreadcrumbList","@id":"https:\/\/vitablanca.ma\/produit\/ecrinal-vernis-durcisseur-brillant-ongles-10ml\/#breadcrumb","itemListElement":[{"@type":"ListItem","position":1,"name":"Home","item":"https:\/\/vitablanca.ma\/"},{"@type":"ListItem","position":2,"name":"Tous Les Produits","item":"https:\/\/vitablanca.ma\/tous-les-produits\/"},{"@type":"ListItem","position":3,"name":"Ecrinal Vernis Durcisseur Brillant Ongles 10ml"}]},{"@type":"WebSite","@id":"https:\/\/vitablanca.ma\/#website","url":"https:\/\/vitablanca.ma\/","name":"VitaBlanca.ma | \u0627\u0644\u0645\u0643\u0645\u0644\u0627\u062a \u0627\u0644\u063a\u0630\u0627\u0626\u064a\u0629\u060c \u0627\u0644\u0635\u062d\u0629 \u0648\u0627\u0644\u062c\u0645\u0627\u0644 \u0641\u064a \u0627\u0644\u0645\u063a\u0631\u0628","description":"\u0646\u0628\u064a\u0639 \u0641\u064a\u062a\u0627\u0645\u064a\u0646\u0627\u062a \u0648\u0645\u0643\u0645\u0644\u0627\u062a \u063a\u0630\u0627\u0626\u064a\u0629 \u0641\u0627\u062e\u0631\u0629 \u0645\u0646 \u0627\u0644\u0648\u0644\u0627\u064a\u0627\u062a \u0627\u0644\u0645\u062a\u062d\u062f\u0629 \u0627\u0644\u0623\u0645\u0631\u064a\u0643\u064a\u0629 \u0648\u0643\u0646\u062f\u0627 \u0648\u0646\u064a\u0648\u0632\u064a\u0644\u0646\u062f\u0627 \u0648\u0627\u0644\u0645\u063a\u0631\u0628 (\u0646\u0627\u0648 \u0641\u0648\u062f\u0632\u060c \u0633\u0648\u0644\u062c\u0627\u0631\u060c \u0645\u0627\u0646\u0648\u0643\u0627). \u062a\u0648\u0635\u064a\u0644 \u0633\u0631\u064a\u0639 \u0625\u0644\u0649 \u062c\u0645\u064a\u0639 \u0623\u0646\u062d\u0627\u0621 \u0627\u0644\u0645\u063a\u0631\u0628.","publisher":{"@id":"https:\/\/vitablanca.ma\/#organization"},"alternateName":"VitaBlanca.ma","potentialAction":[{"@type":"SearchAction","target":{"@type":"EntryPoint","urlTemplate":"https:\/\/vitablanca.ma\/?s={search_term_string}"},"query-input":{"@type":"PropertyValueSpecification","valueRequired":true,"valueName":"search_term_string"}}],"inLanguage":"ar"},{"@type":"Organization","@id":"https:\/\/vitablanca.ma\/#organization","name":"\u0641\u064a\u062a\u0627\u0628\u0644\u0627\u0646\u0643\u0627","url":"https:\/\/vitablanca.ma\/","logo":{"@type":"ImageObject","inLanguage":"ar","@id":"https:\/\/vitablanca.ma\/#\/schema\/logo\/image\/","url":"https:\/\/vitablanca.ma\/wp-content\/uploads\/2025\/05\/cropped-vitablanca.png","contentUrl":"https:\/\/vitablanca.ma\/wp-content\/uploads\/2025\/05\/cropped-vitablanca.png","width":360,"height":67,"caption":"VitaBlanca"},"image":{"@id":"https:\/\/vitablanca.ma\/#\/schema\/logo\/image\/"},"sameAs":["https:\/\/www.facebook.com\/profile.php?id=61576678196717","https:\/\/www.tiktok.com\/@vitablanca.ma","https:\/\/www.instagram.com\/vitablanca.ma\/"]}]}},"jetpack_sharing_enabled":true,"_links":{"self":[{"href":"https:\/\/vitablanca.ma\/ar\/wp-json\/wp\/v2\/product\/17320","targetHints":{"allow":["GET"]}}],"collection":[{"href":"https:\/\/vitablanca.ma\/ar\/wp-json\/wp\/v2\/product"}],"about":[{"href":"https:\/\/vitablanca.ma\/ar\/wp-json\/wp\/v2\/types\/product"}],"wp:featuredmedia":[{"embeddable":true,"href":"https:\/\/vitablanca.ma\/ar\/wp-json\/wp\/v2\/media\/17319"}],"wp:attachment":[{"href":"https:\/\/vitablanca.ma\/ar\/wp-json\/wp\/v2\/media?parent=17320"}],"wp:term":[{"taxonomy":"product_brand","embeddable":true,"href":"https:\/\/vitablanca.ma\/ar\/wp-json\/wp\/v2\/product_brand?post=17320"},{"taxonomy":"product_cat","embeddable":true,"href":"https:\/\/vitablanca.ma\/ar\/wp-json\/wp\/v2\/product_cat?post=17320"},{"taxonomy":"product_tag","embeddable":true,"href":"https:\/\/vitablanca.ma\/ar\/wp-json\/wp\/v2\/product_tag?post=17320"}],"curies":[{"name":"wp","href":"https:\/\/api.w.org\/{rel}","templated":true}]}}