{"id":17317,"date":"2025-06-10T16:58:36","date_gmt":"2025-06-10T16:58:36","guid":{"rendered":"https:\/\/vitablanca.ma\/product\/ecrinal-anp-2-ampoules-anti-perte-cheveux-8x5ml\/"},"modified":"2025-06-10T16:58:36","modified_gmt":"2025-06-10T16:58:36","slug":"ecrinal-anp-2-ampoules-anti-perte-cheveux-8x5ml","status":"publish","type":"product","link":"https:\/\/vitablanca.ma\/ar\/product-2\/ecrinal-anp-2-ampoules-anti-perte-cheveux-8x5ml\/","title":{"rendered":"\u0623\u0645\u0628\u0648\u0644\u0627\u062a \u0625\u0643\u0631\u064a\u0646\u0627\u0644 ANP 2+ \u0627\u0644\u0645\u0636\u0627\u062f\u0629 \u0644\u062a\u0633\u0627\u0642\u0637 \u0627\u0644\u0634\u0639\u0631 8x5 \u0645\u0644"},"content":{"rendered":"<div data-mce-fragment=\"1\" class=\"et_pb_module et_pb_blurb et_pb_blurb_0  et_pb_text_align_left  et_pb_blurb_position_left et_pb_bg_layout_light\">\n<div data-mce-fragment=\"1\" class=\"et_pb_blurb_content\">\n<div data-mce-fragment=\"1\" class=\"et_pb_blurb_container\">\n<div data-mce-fragment=\"1\" class=\"et_pb_blurb_description\">\n<h2 data-mce-fragment=\"1\">Ecrinal ANP 2+ Ampoules Anti-Perte Cheveux\u00a0<span data-mce-fragment=\"1\">dynamise et revitalise rapidement les cheveux fins<\/span><br \/>\n<\/h2>\n<p data-mce-fragment=\"1\">ECRINAL Ampoules Cheveux ANP<span data-mce-fragment=\"1\">\u00ae\u00a0<\/span>2+ : Hautement concentr\u00e9 en ANP<span data-mce-fragment=\"1\">\u00ae\u00a0<\/span>2+ 40% (complexe lipidique v\u00e9g\u00e9tal brevet\u00e9), ce produit est le v\u00e9ritable fortifiant du cheveu.\u00a0 Ce soin capillaire tr\u00e8s r\u00e9parateur, dynamise et revitalise rapidement les cheveux fins, secs et ternes, clairsem\u00e9s, cassants et d\u00e9vitalis\u00e9s.\u00a0Il exerce aussi une action tr\u00e8s b\u00e9n\u00e9fique sur les cheveux gras ou les cheveux avec pellicules. Selon les tests, apr\u00e8s 3 mois d\u2019utilisation,<span data-mce-fragment=\"1\">\u00a0<\/span><strong data-mce-fragment=\"1\">96%<span data-mce-fragment=\"1\">\u00a0<\/span><\/strong>des sujets* ont constat\u00e9 une am\u00e9lioration significative de l\u2019apparence et de l\u2019\u00e9tat g\u00e9n\u00e9ral de leur chevelure. Celle-ci para\u00eet plus \u00e9paisse et plus fournie. Elle retrouve son rebond, est plus souple et plus brillante. Une ampoule peut \u00eatre utilis\u00e9e sporadiquement pour hydrater les cheveux secs et raviver la couleur des cheveux teints. Convient au cuir chevelu sensible.<\/p>\n<p data-mce-fragment=\"1\">* % d\u2019auto\u00e9valuation r\u00e9alis\u00e9 sur 25 volontaires pendant 3 mois<\/p>\n<\/div>\n<\/div>\n<\/div>\n<\/div>\n<div data-mce-fragment=\"1\" class=\"et_pb_module et_pb_blurb et_pb_blurb_1  et_pb_text_align_left  et_pb_blurb_position_left et_pb_bg_layout_light\">\n<div data-mce-fragment=\"1\" class=\"et_pb_blurb_content\">\n<div data-mce-fragment=\"1\" class=\"et_pb_blurb_container\">\n<h3 data-mce-fragment=\"1\" class=\"et_pb_module_header\"><span data-mce-fragment=\"1\">\u062f\u0648\u0627\u0639\u064a \u0627\u0644\u0627\u0633\u062a\u0639\u0645\u0627\u0644<\/span><\/h3>\n<div data-mce-fragment=\"1\" class=\"et_pb_blurb_description\">Cheveux ternes, ab\u00eem\u00e9s et clairsem\u00e9s, cheveux teints et secs.<br data-mce-fragment=\"1\">Pellicules grasses et pellicules s\u00e8ches.<br data-mce-fragment=\"1\"><strong data-mce-fragment=\"1\">Fortement recommand\u00e9 d\u00e8s les premiers signes de chute de cheveux.<\/strong>\n<\/div>\n<\/div>\n<\/div>\n<\/div>\n<div data-mce-fragment=\"1\" class=\"et_pb_module et_pb_blurb et_pb_blurb_2  et_pb_text_align_left  et_pb_blurb_position_left et_pb_bg_layout_light\">\n<div data-mce-fragment=\"1\" class=\"et_pb_blurb_content\">\n<div data-mce-fragment=\"1\" class=\"et_pb_main_blurb_image\"><span data-mce-fragment=\"1\" class=\"et_pb_image_wrap\"><span data-mce-fragment=\"1\" class=\"et-waypoint et_pb_animation_top et_pb_animation_top_tablet et_pb_animation_top_phone et-pb-icon et-animated\"><br \/><\/span><\/span><\/div>\n<div data-mce-fragment=\"1\" class=\"et_pb_blurb_container\">\n<h3 data-mce-fragment=\"1\" class=\"et_pb_module_header\"><span data-mce-fragment=\"1\">\u0637\u0631\u064a\u0642\u0629 \u0627\u0644\u0627\u0633\u062a\u062e\u062f\u0627\u0645<\/span><\/h3>\n<div data-mce-fragment=\"1\" class=\"et_pb_blurb_description\">\n<p data-mce-fragment=\"1\">R\u00e9partir le contenu de l\u2019ampoule directement sur le cuir chevelu en proc\u00e9dant raie par raie<span data-mce-fragment=\"1\">\u00a0<\/span><strong data-mce-fragment=\"1\">en insistant sur les zones d\u00e9garnies<\/strong>.\u00a0 Masser du bout des doigts quelques minutes.\u00a0 Attendre un minimum de 30 minutes avant de faire un shampooing ou laisser agir toute la nuit. Pour de meilleurs r\u00e9sultats utiliser le shampooing Ecrinal appropri\u00e9 \u00e0 votre type de cheveux.<\/p>\n<p data-mce-fragment=\"1\">Fr\u00e9quence recommand\u00e9e : 1 ampoule tous les 2 jours pendant 2 mois, 1 ampoule tous les 3 jours le troisi\u00e8me mois.<\/p>\n<\/div>\n<\/div>\n<\/div>\n<\/div>\n<div data-mce-fragment=\"1\" class=\"et_pb_module et_pb_blurb et_pb_blurb_3  et_pb_text_align_left  et_pb_blurb_position_left et_pb_bg_layout_light\">\n<div data-mce-fragment=\"1\" class=\"et_pb_blurb_content\">\n<div data-mce-fragment=\"1\" class=\"et_pb_blurb_container\">\n<h3 data-mce-fragment=\"1\" class=\"et_pb_module_header\"><span data-mce-fragment=\"1\">\u0627\u0644\u0645\u0643\u0648\u0646\u0627\u062a \u0627\u0644\u0631\u0626\u064a\u0633\u064a\u0629<\/span><\/h3>\n<div data-mce-fragment=\"1\" class=\"et_pb_blurb_description\">\n<p data-mce-fragment=\"1\">ANP<span data-mce-fragment=\"1\">\u00ae<\/span><span data-mce-fragment=\"1\">\u00a0<\/span>2+ 40% :<span data-mce-fragment=\"1\">\u00a0<\/span><span data-mce-fragment=\"1\">complexe lipidique v\u00e9g\u00e9tal brevet\u00e9\u00a0<\/span>(Brevet Asepta)<\/p>\n<\/div>\n<\/div>\n<\/div>\n<\/div>\n<div data-mce-fragment=\"1\" class=\"et_pb_module et_pb_blurb et_pb_blurb_4  et_pb_text_align_left  et_pb_blurb_position_left et_pb_bg_layout_light\">\n<div data-mce-fragment=\"1\" class=\"et_pb_blurb_content\">\n<div data-mce-fragment=\"1\" class=\"et_pb_blurb_container\">\n<h3 data-mce-fragment=\"1\" class=\"et_pb_module_header\"><span data-mce-fragment=\"1\">Formats<\/span><\/h3>\n<div data-mce-fragment=\"1\" class=\"et_pb_blurb_description\">Bo\u00eete de 2 ampoules de 5 ml<br data-mce-fragment=\"1\">Bo\u00eete de 8 ampoules de 5 ml<\/div>\n<\/div>\n<\/div>\n<\/div>","protected":false},"excerpt":{"rendered":"<p>Ecrinal ANP 2+ Ampoules Anti-Perte Cheveux\u00a0dynamise et revitalise rapidement les cheveux fins ECRINAL Ampoules Cheveux ANP\u00ae\u00a02+ : Hautement concentr\u00e9 en ANP\u00ae\u00a02+ 40% (complexe lipidique v\u00e9g\u00e9tal brevet\u00e9), ce produit est le v\u00e9ritable fortifiant du cheveu.\u00a0 Ce soin capillaire tr\u00e8s r\u00e9parateur, dynamise et revitalise rapidement les cheveux fins, secs et ternes, clairsem\u00e9s, cassants et d\u00e9vitalis\u00e9s.\u00a0Il exerce aussi [&hellip;]<\/p>\n","protected":false},"featured_media":17316,"template":"","meta":{"om_disable_all_campaigns":false},"product_brand":[],"product_cat":[15],"product_tag":[],"class_list":{"0":"post-17317","1":"product","2":"type-product","3":"status-publish","4":"has-post-thumbnail","6":"product_cat-beaute-sante-complements-alimentaires-soins-et-bien-etre-au-meilleur-prix","8":"first","9":"instock","10":"sale","11":"taxable","12":"shipping-taxable","13":"purchasable","14":"product-type-simple"},"yoast_head":"<!-- This site is optimized with the Yoast SEO plugin v27.4 - https:\/\/yoast.com\/product\/yoast-seo-wordpress\/ -->\n<title>Ecrinal ANP 2+ Ampoules Anti-Perte Cheveux 8x5ml - Maroc Prix<\/title>\n<meta name=\"description\" content=\"Ecrinal ANP 2+ Ampoules Anti-Perte Cheveux 8x5ml\" \/>\n<meta name=\"robots\" content=\"index, follow, max-snippet:-1, max-image-preview:large, max-video-preview:-1\" \/>\n<link rel=\"canonical\" href=\"https:\/\/vitablanca.ma\/ar\/product-2\/ecrinal-anp-2-ampoules-anti-perte-cheveux-8x5ml\/\" \/>\n<meta property=\"og:locale\" content=\"ar_AR\" \/>\n<meta property=\"og:type\" content=\"article\" \/>\n<meta property=\"og:title\" content=\"Ecrinal ANP 2+ Ampoules Anti-Perte Cheveux 8x5ml - Maroc Prix\" \/>\n<meta property=\"og:description\" content=\"Ecrinal ANP 2+ Ampoules Anti-Perte Cheveux 8x5ml\" \/>\n<meta property=\"og:url\" content=\"https:\/\/vitablanca.ma\/ar\/product-2\/ecrinal-anp-2-ampoules-anti-perte-cheveux-8x5ml\/\" \/>\n<meta property=\"og:site_name\" content=\"Vitablanca.ma &ndash; Sant&eacute;, vitalit&eacute; et bien-&ecirc;tre pour tous les Marocains\" \/>\n<meta property=\"article:publisher\" content=\"https:\/\/www.facebook.com\/profile.php?id=61576678196717\" \/>\n<meta property=\"og:image\" content=\"https:\/\/vitablanca.ma\/wp-content\/uploads\/2025\/06\/Ecrinal-ANP-2_-Ampoules-Anti-Perte-Cheveux-8x5ml-novaparapharmacie-maroc.jpg\" \/>\n\t<meta property=\"og:image:width\" content=\"1000\" \/>\n\t<meta property=\"og:image:height\" content=\"1000\" \/>\n\t<meta property=\"og:image:type\" content=\"image\/jpeg\" \/>\n<meta name=\"twitter:card\" content=\"summary_large_image\" \/>\n<meta name=\"twitter:label1\" content=\"\u0648\u0642\u062a \u0627\u0644\u0642\u0631\u0627\u0621\u0629 \u0627\u0644\u0645\u064f\u0642\u062f\u0651\u0631\" \/>\n\t<meta name=\"twitter:data1\" content=\"\u062f\u0642\u064a\u0642\u0629 \u0648\u0627\u062d\u062f\u0629\" \/>\n<script type=\"application\/ld+json\" class=\"yoast-schema-graph\">{\"@context\":\"https:\\\/\\\/schema.org\",\"@graph\":[{\"@type\":[\"WebPage\",\"ItemPage\"],\"@id\":\"https:\\\/\\\/vitablanca.ma\\\/produit\\\/ecrinal-anp-2-ampoules-anti-perte-cheveux-8x5ml\\\/\",\"url\":\"https:\\\/\\\/vitablanca.ma\\\/produit\\\/ecrinal-anp-2-ampoules-anti-perte-cheveux-8x5ml\\\/\",\"name\":\"Ecrinal ANP 2+ Ampoules Anti-Perte Cheveux 8x5ml - Maroc Prix\",\"isPartOf\":{\"@id\":\"https:\\\/\\\/vitablanca.ma\\\/#website\"},\"primaryImageOfPage\":{\"@id\":\"https:\\\/\\\/vitablanca.ma\\\/produit\\\/ecrinal-anp-2-ampoules-anti-perte-cheveux-8x5ml\\\/#primaryimage\"},\"image\":{\"@id\":\"https:\\\/\\\/vitablanca.ma\\\/produit\\\/ecrinal-anp-2-ampoules-anti-perte-cheveux-8x5ml\\\/#primaryimage\"},\"thumbnailUrl\":\"https:\\\/\\\/vitablanca.ma\\\/wp-content\\\/uploads\\\/2025\\\/06\\\/Ecrinal-ANP-2_-Ampoules-Anti-Perte-Cheveux-8x5ml-novaparapharmacie-maroc.jpg\",\"datePublished\":\"2025-06-10T16:58:36+00:00\",\"description\":\"Ecrinal ANP 2+ Ampoules Anti-Perte Cheveux 8x5ml\",\"breadcrumb\":{\"@id\":\"https:\\\/\\\/vitablanca.ma\\\/produit\\\/ecrinal-anp-2-ampoules-anti-perte-cheveux-8x5ml\\\/#breadcrumb\"},\"inLanguage\":\"ar\",\"potentialAction\":[{\"@type\":\"ReadAction\",\"target\":[\"https:\\\/\\\/vitablanca.ma\\\/produit\\\/ecrinal-anp-2-ampoules-anti-perte-cheveux-8x5ml\\\/\"]}]},{\"@type\":\"ImageObject\",\"inLanguage\":\"ar\",\"@id\":\"https:\\\/\\\/vitablanca.ma\\\/produit\\\/ecrinal-anp-2-ampoules-anti-perte-cheveux-8x5ml\\\/#primaryimage\",\"url\":\"https:\\\/\\\/vitablanca.ma\\\/wp-content\\\/uploads\\\/2025\\\/06\\\/Ecrinal-ANP-2_-Ampoules-Anti-Perte-Cheveux-8x5ml-novaparapharmacie-maroc.jpg\",\"contentUrl\":\"https:\\\/\\\/vitablanca.ma\\\/wp-content\\\/uploads\\\/2025\\\/06\\\/Ecrinal-ANP-2_-Ampoules-Anti-Perte-Cheveux-8x5ml-novaparapharmacie-maroc.jpg\",\"width\":1000,\"height\":1000},{\"@type\":\"BreadcrumbList\",\"@id\":\"https:\\\/\\\/vitablanca.ma\\\/produit\\\/ecrinal-anp-2-ampoules-anti-perte-cheveux-8x5ml\\\/#breadcrumb\",\"itemListElement\":[{\"@type\":\"ListItem\",\"position\":1,\"name\":\"Home\",\"item\":\"https:\\\/\\\/vitablanca.ma\\\/\"},{\"@type\":\"ListItem\",\"position\":2,\"name\":\"Tous Les Produits\",\"item\":\"https:\\\/\\\/vitablanca.ma\\\/tous-les-produits\\\/\"},{\"@type\":\"ListItem\",\"position\":3,\"name\":\"Ecrinal ANP 2+ Ampoules Anti-Perte Cheveux 8x5ml\"}]},{\"@type\":\"WebSite\",\"@id\":\"https:\\\/\\\/vitablanca.ma\\\/#website\",\"url\":\"https:\\\/\\\/vitablanca.ma\\\/\",\"name\":\"VitaBlanca.ma | Compl\u00e9ments alimentaires, sant\u00e9 & beaut\u00e9 au Maroc\",\"description\":\"vendre vitamines et compl\u00e9ments premium des USA &amp; Canada, Nouvelle Z\u00e9lande,Maroc (NOW Foods, Solgar, Manuka). Livraison rapide partout au Maroc.\",\"publisher\":{\"@id\":\"https:\\\/\\\/vitablanca.ma\\\/#organization\"},\"alternateName\":\"VitaBlanca.ma\",\"potentialAction\":[{\"@type\":\"SearchAction\",\"target\":{\"@type\":\"EntryPoint\",\"urlTemplate\":\"https:\\\/\\\/vitablanca.ma\\\/?s={search_term_string}\"},\"query-input\":{\"@type\":\"PropertyValueSpecification\",\"valueRequired\":true,\"valueName\":\"search_term_string\"}}],\"inLanguage\":\"ar\"},{\"@type\":\"Organization\",\"@id\":\"https:\\\/\\\/vitablanca.ma\\\/#organization\",\"name\":\"VitaBlanca\",\"url\":\"https:\\\/\\\/vitablanca.ma\\\/\",\"logo\":{\"@type\":\"ImageObject\",\"inLanguage\":\"ar\",\"@id\":\"https:\\\/\\\/vitablanca.ma\\\/#\\\/schema\\\/logo\\\/image\\\/\",\"url\":\"https:\\\/\\\/vitablanca.ma\\\/wp-content\\\/uploads\\\/2025\\\/05\\\/cropped-vitablanca.png\",\"contentUrl\":\"https:\\\/\\\/vitablanca.ma\\\/wp-content\\\/uploads\\\/2025\\\/05\\\/cropped-vitablanca.png\",\"width\":360,\"height\":67,\"caption\":\"VitaBlanca\"},\"image\":{\"@id\":\"https:\\\/\\\/vitablanca.ma\\\/#\\\/schema\\\/logo\\\/image\\\/\"},\"sameAs\":[\"https:\\\/\\\/www.facebook.com\\\/profile.php?id=61576678196717\",\"https:\\\/\\\/www.tiktok.com\\\/@vitablanca.ma\",\"https:\\\/\\\/www.instagram.com\\\/vitablanca.ma\\\/\"]}]}<\/script>\n<!-- \/ Yoast SEO plugin. -->","yoast_head_json":{"title":"Ecrinal ANP 2+ Ampoules Anti-Perte Cheveux 8x5ml - Maroc Prix","description":"\u0623\u0645\u0628\u0648\u0644\u0627\u062a \u0625\u0643\u0631\u064a\u0646\u0627\u0644 ANP 2+ \u0627\u0644\u0645\u0636\u0627\u062f\u0629 \u0644\u062a\u0633\u0627\u0642\u0637 \u0627\u0644\u0634\u0639\u0631 8x5 \u0645\u0644","robots":{"index":"index","follow":"follow","max-snippet":"max-snippet:-1","max-image-preview":"max-image-preview:large","max-video-preview":"max-video-preview:-1"},"canonical":"https:\/\/vitablanca.ma\/ar\/product-2\/ecrinal-anp-2-ampoules-anti-perte-cheveux-8x5ml\/","og_locale":"ar_AR","og_type":"article","og_title":"Ecrinal ANP 2+ Ampoules Anti-Perte Cheveux 8x5ml - Maroc Prix","og_description":"Ecrinal ANP 2+ Ampoules Anti-Perte Cheveux 8x5ml","og_url":"https:\/\/vitablanca.ma\/ar\/product-2\/ecrinal-anp-2-ampoules-anti-perte-cheveux-8x5ml\/","og_site_name":"Vitablanca.ma &ndash; Sant&eacute;, vitalit&eacute; et bien-&ecirc;tre pour tous les Marocains","article_publisher":"https:\/\/www.facebook.com\/profile.php?id=61576678196717","og_image":[{"width":1000,"height":1000,"url":"https:\/\/vitablanca.ma\/wp-content\/uploads\/2025\/06\/Ecrinal-ANP-2_-Ampoules-Anti-Perte-Cheveux-8x5ml-novaparapharmacie-maroc.jpg","type":"image\/jpeg"}],"twitter_card":"summary_large_image","twitter_misc":{"\u0648\u0642\u062a \u0627\u0644\u0642\u0631\u0627\u0621\u0629 \u0627\u0644\u0645\u064f\u0642\u062f\u0651\u0631":"\u062f\u0642\u064a\u0642\u0629 \u0648\u0627\u062d\u062f\u0629"},"schema":{"@context":"https:\/\/schema.org","@graph":[{"@type":["WebPage","ItemPage"],"@id":"https:\/\/vitablanca.ma\/produit\/ecrinal-anp-2-ampoules-anti-perte-cheveux-8x5ml\/","url":"https:\/\/vitablanca.ma\/produit\/ecrinal-anp-2-ampoules-anti-perte-cheveux-8x5ml\/","name":"Ecrinal ANP 2+ Ampoules Anti-Perte Cheveux 8x5ml - Maroc Prix","isPartOf":{"@id":"https:\/\/vitablanca.ma\/#website"},"primaryImageOfPage":{"@id":"https:\/\/vitablanca.ma\/produit\/ecrinal-anp-2-ampoules-anti-perte-cheveux-8x5ml\/#primaryimage"},"image":{"@id":"https:\/\/vitablanca.ma\/produit\/ecrinal-anp-2-ampoules-anti-perte-cheveux-8x5ml\/#primaryimage"},"thumbnailUrl":"https:\/\/vitablanca.ma\/wp-content\/uploads\/2025\/06\/Ecrinal-ANP-2_-Ampoules-Anti-Perte-Cheveux-8x5ml-novaparapharmacie-maroc.jpg","datePublished":"2025-06-10T16:58:36+00:00","description":"\u0623\u0645\u0628\u0648\u0644\u0627\u062a \u0625\u0643\u0631\u064a\u0646\u0627\u0644 ANP 2+ \u0627\u0644\u0645\u0636\u0627\u062f\u0629 \u0644\u062a\u0633\u0627\u0642\u0637 \u0627\u0644\u0634\u0639\u0631 8x5 \u0645\u0644","breadcrumb":{"@id":"https:\/\/vitablanca.ma\/produit\/ecrinal-anp-2-ampoules-anti-perte-cheveux-8x5ml\/#breadcrumb"},"inLanguage":"ar","potentialAction":[{"@type":"ReadAction","target":["https:\/\/vitablanca.ma\/produit\/ecrinal-anp-2-ampoules-anti-perte-cheveux-8x5ml\/"]}]},{"@type":"ImageObject","inLanguage":"ar","@id":"https:\/\/vitablanca.ma\/produit\/ecrinal-anp-2-ampoules-anti-perte-cheveux-8x5ml\/#primaryimage","url":"https:\/\/vitablanca.ma\/wp-content\/uploads\/2025\/06\/Ecrinal-ANP-2_-Ampoules-Anti-Perte-Cheveux-8x5ml-novaparapharmacie-maroc.jpg","contentUrl":"https:\/\/vitablanca.ma\/wp-content\/uploads\/2025\/06\/Ecrinal-ANP-2_-Ampoules-Anti-Perte-Cheveux-8x5ml-novaparapharmacie-maroc.jpg","width":1000,"height":1000},{"@type":"BreadcrumbList","@id":"https:\/\/vitablanca.ma\/produit\/ecrinal-anp-2-ampoules-anti-perte-cheveux-8x5ml\/#breadcrumb","itemListElement":[{"@type":"ListItem","position":1,"name":"Home","item":"https:\/\/vitablanca.ma\/"},{"@type":"ListItem","position":2,"name":"Tous Les Produits","item":"https:\/\/vitablanca.ma\/tous-les-produits\/"},{"@type":"ListItem","position":3,"name":"Ecrinal ANP 2+ Ampoules Anti-Perte Cheveux 8x5ml"}]},{"@type":"WebSite","@id":"https:\/\/vitablanca.ma\/#website","url":"https:\/\/vitablanca.ma\/","name":"VitaBlanca.ma | \u0627\u0644\u0645\u0643\u0645\u0644\u0627\u062a \u0627\u0644\u063a\u0630\u0627\u0626\u064a\u0629\u060c \u0627\u0644\u0635\u062d\u0629 \u0648\u0627\u0644\u062c\u0645\u0627\u0644 \u0641\u064a \u0627\u0644\u0645\u063a\u0631\u0628","description":"\u0646\u0628\u064a\u0639 \u0641\u064a\u062a\u0627\u0645\u064a\u0646\u0627\u062a \u0648\u0645\u0643\u0645\u0644\u0627\u062a \u063a\u0630\u0627\u0626\u064a\u0629 \u0641\u0627\u062e\u0631\u0629 \u0645\u0646 \u0627\u0644\u0648\u0644\u0627\u064a\u0627\u062a \u0627\u0644\u0645\u062a\u062d\u062f\u0629 \u0627\u0644\u0623\u0645\u0631\u064a\u0643\u064a\u0629 \u0648\u0643\u0646\u062f\u0627 \u0648\u0646\u064a\u0648\u0632\u064a\u0644\u0646\u062f\u0627 \u0648\u0627\u0644\u0645\u063a\u0631\u0628 (\u0646\u0627\u0648 \u0641\u0648\u062f\u0632\u060c \u0633\u0648\u0644\u062c\u0627\u0631\u060c \u0645\u0627\u0646\u0648\u0643\u0627). \u062a\u0648\u0635\u064a\u0644 \u0633\u0631\u064a\u0639 \u0625\u0644\u0649 \u062c\u0645\u064a\u0639 \u0623\u0646\u062d\u0627\u0621 \u0627\u0644\u0645\u063a\u0631\u0628.","publisher":{"@id":"https:\/\/vitablanca.ma\/#organization"},"alternateName":"VitaBlanca.ma","potentialAction":[{"@type":"SearchAction","target":{"@type":"EntryPoint","urlTemplate":"https:\/\/vitablanca.ma\/?s={search_term_string}"},"query-input":{"@type":"PropertyValueSpecification","valueRequired":true,"valueName":"search_term_string"}}],"inLanguage":"ar"},{"@type":"Organization","@id":"https:\/\/vitablanca.ma\/#organization","name":"\u0641\u064a\u062a\u0627\u0628\u0644\u0627\u0646\u0643\u0627","url":"https:\/\/vitablanca.ma\/","logo":{"@type":"ImageObject","inLanguage":"ar","@id":"https:\/\/vitablanca.ma\/#\/schema\/logo\/image\/","url":"https:\/\/vitablanca.ma\/wp-content\/uploads\/2025\/05\/cropped-vitablanca.png","contentUrl":"https:\/\/vitablanca.ma\/wp-content\/uploads\/2025\/05\/cropped-vitablanca.png","width":360,"height":67,"caption":"VitaBlanca"},"image":{"@id":"https:\/\/vitablanca.ma\/#\/schema\/logo\/image\/"},"sameAs":["https:\/\/www.facebook.com\/profile.php?id=61576678196717","https:\/\/www.tiktok.com\/@vitablanca.ma","https:\/\/www.instagram.com\/vitablanca.ma\/"]}]}},"jetpack_sharing_enabled":true,"_links":{"self":[{"href":"https:\/\/vitablanca.ma\/ar\/wp-json\/wp\/v2\/product\/17317","targetHints":{"allow":["GET"]}}],"collection":[{"href":"https:\/\/vitablanca.ma\/ar\/wp-json\/wp\/v2\/product"}],"about":[{"href":"https:\/\/vitablanca.ma\/ar\/wp-json\/wp\/v2\/types\/product"}],"wp:featuredmedia":[{"embeddable":true,"href":"https:\/\/vitablanca.ma\/ar\/wp-json\/wp\/v2\/media\/17316"}],"wp:attachment":[{"href":"https:\/\/vitablanca.ma\/ar\/wp-json\/wp\/v2\/media?parent=17317"}],"wp:term":[{"taxonomy":"product_brand","embeddable":true,"href":"https:\/\/vitablanca.ma\/ar\/wp-json\/wp\/v2\/product_brand?post=17317"},{"taxonomy":"product_cat","embeddable":true,"href":"https:\/\/vitablanca.ma\/ar\/wp-json\/wp\/v2\/product_cat?post=17317"},{"taxonomy":"product_tag","embeddable":true,"href":"https:\/\/vitablanca.ma\/ar\/wp-json\/wp\/v2\/product_tag?post=17317"}],"curies":[{"name":"wp","href":"https:\/\/api.w.org\/{rel}","templated":true}]}}