{"id":17307,"date":"2025-06-10T16:58:10","date_gmt":"2025-06-10T16:58:10","guid":{"rendered":"https:\/\/vitablanca.ma\/product\/ecrinal-anp-2-fortifiant-cils-et-sourcils-gel-incolore-8ml\/"},"modified":"2025-06-10T16:58:10","modified_gmt":"2025-06-10T16:58:10","slug":"ecrinal-anp-2-fortifiant-cils-et-sourcils-gel-incolore-8ml","status":"publish","type":"product","link":"https:\/\/vitablanca.ma\/ar\/product-2\/ecrinal-anp-2-fortifiant-cils-et-sourcils-gel-incolore-8ml\/","title":{"rendered":"\u062c\u0644 \u0625\u0643\u0631\u064a\u0646\u0627\u0644 ANP 2+ \u0644\u062a\u0642\u0648\u064a\u0629 \u0627\u0644\u0631\u0645\u0648\u0634 \u0648\u0627\u0644\u062d\u0648\u0627\u062c\u0628 \u0639\u062f\u064a\u0645 \u0627\u0644\u0644\u0648\u0646 8 \u0645\u0644"},"content":{"rendered":"<h2>Ecrinal ANP 2+ Fortifiant Cils Et Sourcils Gel Incolore\u00a0<span data-mce-fragment=\"1\">revitalise et rehausse rapidement l\u2019apparence des cils et des sourcils\u00a0<\/span><br \/>\n<\/h2>\n<p>ECRINAL Gel Fortifiant Cils et Sourcils ANP2+: 3 en 1 CILS \u2013 SOURCILS ET BASE DE MASCARA. Renforce, revitalise et rehausse rapidement l\u2019apparence des cils et des sourcils et cr\u00e9e une impression de cils plus forts, plus volumineux, plus fournis et plus soyeux. Produit incolore et non gras pouvant s\u2019appliquer sous le mascara dont il am\u00e9liore la tenue. Application facile gr\u00e2ce \u00e0 la brosse ergonomique. Peut s\u2019utiliser le jour et\/ou la nuit. Ne contient pas de propyl\u00e8ne glycol, ingr\u00e9dient potentiellement irritant pour les yeux. Convient aux yeux sensibles et aux porteurs de lentilles. Test\u00e9 sous contr\u00f4le ophtalmologique.\u00a0 Meilleur rapport qualit\u00e9\/prix du march\u00e9!<\/p>\n<p>* % d\u2019auto\u00e9valuation r\u00e9alis\u00e9 sur 22 femmes pendant 21 jours.\u00a0<\/p>\n<h3>\u062f\u0648\u0627\u0639\u064a \u0627\u0644\u0627\u0633\u062a\u0639\u0645\u0627\u0644<\/h3>\n<p>Cils et sourcils fragilis\u00e9s, trop courts, trop fins et\/ou clairsem\u00e9s. Maximiser les r\u00e9sultats en utilisant le Mascara Noir Fortifiant Ecrinal.\u00a0<\/p>\n<h3>\u0637\u0631\u064a\u0642\u0629 \u0627\u0644\u0627\u0633\u062a\u062e\u062f\u0627\u0645<\/h3>\n<p>Utilisez matin et\/ou soir sur des cils et des sourcils bien nettoy\u00e9s. Appliquez une couche sous le mascara pour en am\u00e9liorer sa tenue.\u00a0<\/p>\n<h3>\u0627\u0644\u0645\u0643\u0648\u0646\u0627\u062a \u0627\u0644\u0631\u0626\u064a\u0633\u064a\u0629<\/h3>\n<p>ANP2+ \u00ae (brevet Asepta); Riche en Om\u00e9ga 3 Tripeptide Provitamine B5 Sans paraben<\/p>","protected":false},"excerpt":{"rendered":"<p>Ecrinal ANP 2+ Fortifiant Cils Et Sourcils Gel Incolore\u00a0revitalise et rehausse rapidement l\u2019apparence des cils et des sourcils\u00a0 ECRINAL Gel Fortifiant Cils et Sourcils ANP2+: 3 en 1 CILS \u2013 SOURCILS ET BASE DE MASCARA. Renforce, revitalise et rehausse rapidement l\u2019apparence des cils et des sourcils et cr\u00e9e une impression de cils plus forts, plus [&hellip;]<\/p>\n","protected":false},"featured_media":17304,"template":"","meta":{"om_disable_all_campaigns":false},"product_brand":[],"product_cat":[15],"product_tag":[],"class_list":{"0":"post-17307","1":"product","2":"type-product","3":"status-publish","4":"has-post-thumbnail","6":"product_cat-beaute-sante-complements-alimentaires-soins-et-bien-etre-au-meilleur-prix","8":"first","9":"instock","10":"sale","11":"taxable","12":"shipping-taxable","13":"purchasable","14":"product-type-simple"},"yoast_head":"<!-- This site is optimized with the Yoast SEO plugin v27.4 - https:\/\/yoast.com\/product\/yoast-seo-wordpress\/ -->\n<title>Ecrinal ANP 2+ Fortifiant Cils Et Sourcils Gel Incolore 8ml - Maroc Prix<\/title>\n<meta name=\"description\" content=\"Ecrinal ANP 2+ Fortifiant Cils Et Sourcils Gel Incolore 8ml\" \/>\n<meta name=\"robots\" content=\"index, follow, max-snippet:-1, max-image-preview:large, max-video-preview:-1\" \/>\n<link rel=\"canonical\" href=\"https:\/\/vitablanca.ma\/ar\/product-2\/ecrinal-anp-2-fortifiant-cils-et-sourcils-gel-incolore-8ml\/\" \/>\n<meta property=\"og:locale\" content=\"ar_AR\" \/>\n<meta property=\"og:type\" content=\"article\" \/>\n<meta property=\"og:title\" content=\"Ecrinal ANP 2+ Fortifiant Cils Et Sourcils Gel Incolore 8ml - Maroc Prix\" \/>\n<meta property=\"og:description\" content=\"Ecrinal ANP 2+ Fortifiant Cils Et Sourcils Gel Incolore 8ml\" \/>\n<meta property=\"og:url\" content=\"https:\/\/vitablanca.ma\/ar\/product-2\/ecrinal-anp-2-fortifiant-cils-et-sourcils-gel-incolore-8ml\/\" \/>\n<meta property=\"og:site_name\" content=\"Vitablanca.ma &ndash; Sant&eacute;, vitalit&eacute; et bien-&ecirc;tre pour tous les Marocains\" \/>\n<meta property=\"article:publisher\" content=\"https:\/\/www.facebook.com\/profile.php?id=61576678196717\" \/>\n<meta property=\"og:image\" content=\"https:\/\/vitablanca.ma\/wp-content\/uploads\/2025\/06\/Ecrinal-ANP-2_-Fortifiant-Cils-Et-Sourcils-Gel-Incolore-8ml-nova-parapharmacie-maroc.jpg\" \/>\n\t<meta property=\"og:image:width\" content=\"1000\" \/>\n\t<meta property=\"og:image:height\" content=\"1000\" \/>\n\t<meta property=\"og:image:type\" content=\"image\/jpeg\" \/>\n<meta name=\"twitter:card\" content=\"summary_large_image\" \/>\n<meta name=\"twitter:label1\" content=\"\u0648\u0642\u062a \u0627\u0644\u0642\u0631\u0627\u0621\u0629 \u0627\u0644\u0645\u064f\u0642\u062f\u0651\u0631\" \/>\n\t<meta name=\"twitter:data1\" content=\"\u062f\u0642\u064a\u0642\u0629 \u0648\u0627\u062d\u062f\u0629\" \/>\n<script type=\"application\/ld+json\" class=\"yoast-schema-graph\">{\"@context\":\"https:\\\/\\\/schema.org\",\"@graph\":[{\"@type\":[\"WebPage\",\"ItemPage\"],\"@id\":\"https:\\\/\\\/vitablanca.ma\\\/produit\\\/ecrinal-anp-2-fortifiant-cils-et-sourcils-gel-incolore-8ml\\\/\",\"url\":\"https:\\\/\\\/vitablanca.ma\\\/produit\\\/ecrinal-anp-2-fortifiant-cils-et-sourcils-gel-incolore-8ml\\\/\",\"name\":\"Ecrinal ANP 2+ Fortifiant Cils Et Sourcils Gel Incolore 8ml - Maroc Prix\",\"isPartOf\":{\"@id\":\"https:\\\/\\\/vitablanca.ma\\\/#website\"},\"primaryImageOfPage\":{\"@id\":\"https:\\\/\\\/vitablanca.ma\\\/produit\\\/ecrinal-anp-2-fortifiant-cils-et-sourcils-gel-incolore-8ml\\\/#primaryimage\"},\"image\":{\"@id\":\"https:\\\/\\\/vitablanca.ma\\\/produit\\\/ecrinal-anp-2-fortifiant-cils-et-sourcils-gel-incolore-8ml\\\/#primaryimage\"},\"thumbnailUrl\":\"https:\\\/\\\/vitablanca.ma\\\/wp-content\\\/uploads\\\/2025\\\/06\\\/Ecrinal-ANP-2_-Fortifiant-Cils-Et-Sourcils-Gel-Incolore-8ml-nova-parapharmacie-maroc.jpg\",\"datePublished\":\"2025-06-10T16:58:10+00:00\",\"description\":\"Ecrinal ANP 2+ Fortifiant Cils Et Sourcils Gel Incolore 8ml\",\"breadcrumb\":{\"@id\":\"https:\\\/\\\/vitablanca.ma\\\/produit\\\/ecrinal-anp-2-fortifiant-cils-et-sourcils-gel-incolore-8ml\\\/#breadcrumb\"},\"inLanguage\":\"ar\",\"potentialAction\":[{\"@type\":\"ReadAction\",\"target\":[\"https:\\\/\\\/vitablanca.ma\\\/produit\\\/ecrinal-anp-2-fortifiant-cils-et-sourcils-gel-incolore-8ml\\\/\"]}]},{\"@type\":\"ImageObject\",\"inLanguage\":\"ar\",\"@id\":\"https:\\\/\\\/vitablanca.ma\\\/produit\\\/ecrinal-anp-2-fortifiant-cils-et-sourcils-gel-incolore-8ml\\\/#primaryimage\",\"url\":\"https:\\\/\\\/vitablanca.ma\\\/wp-content\\\/uploads\\\/2025\\\/06\\\/Ecrinal-ANP-2_-Fortifiant-Cils-Et-Sourcils-Gel-Incolore-8ml-nova-parapharmacie-maroc.jpg\",\"contentUrl\":\"https:\\\/\\\/vitablanca.ma\\\/wp-content\\\/uploads\\\/2025\\\/06\\\/Ecrinal-ANP-2_-Fortifiant-Cils-Et-Sourcils-Gel-Incolore-8ml-nova-parapharmacie-maroc.jpg\",\"width\":1000,\"height\":1000},{\"@type\":\"BreadcrumbList\",\"@id\":\"https:\\\/\\\/vitablanca.ma\\\/produit\\\/ecrinal-anp-2-fortifiant-cils-et-sourcils-gel-incolore-8ml\\\/#breadcrumb\",\"itemListElement\":[{\"@type\":\"ListItem\",\"position\":1,\"name\":\"Home\",\"item\":\"https:\\\/\\\/vitablanca.ma\\\/\"},{\"@type\":\"ListItem\",\"position\":2,\"name\":\"Tous Les Produits\",\"item\":\"https:\\\/\\\/vitablanca.ma\\\/tous-les-produits\\\/\"},{\"@type\":\"ListItem\",\"position\":3,\"name\":\"Ecrinal ANP 2+ Fortifiant Cils Et Sourcils Gel Incolore 8ml\"}]},{\"@type\":\"WebSite\",\"@id\":\"https:\\\/\\\/vitablanca.ma\\\/#website\",\"url\":\"https:\\\/\\\/vitablanca.ma\\\/\",\"name\":\"VitaBlanca.ma | Compl\u00e9ments alimentaires, sant\u00e9 & beaut\u00e9 au Maroc\",\"description\":\"vendre vitamines et compl\u00e9ments premium des USA &amp; Canada, Nouvelle Z\u00e9lande,Maroc (NOW Foods, Solgar, Manuka). Livraison rapide partout au Maroc.\",\"publisher\":{\"@id\":\"https:\\\/\\\/vitablanca.ma\\\/#organization\"},\"alternateName\":\"VitaBlanca.ma\",\"potentialAction\":[{\"@type\":\"SearchAction\",\"target\":{\"@type\":\"EntryPoint\",\"urlTemplate\":\"https:\\\/\\\/vitablanca.ma\\\/?s={search_term_string}\"},\"query-input\":{\"@type\":\"PropertyValueSpecification\",\"valueRequired\":true,\"valueName\":\"search_term_string\"}}],\"inLanguage\":\"ar\"},{\"@type\":\"Organization\",\"@id\":\"https:\\\/\\\/vitablanca.ma\\\/#organization\",\"name\":\"VitaBlanca\",\"url\":\"https:\\\/\\\/vitablanca.ma\\\/\",\"logo\":{\"@type\":\"ImageObject\",\"inLanguage\":\"ar\",\"@id\":\"https:\\\/\\\/vitablanca.ma\\\/#\\\/schema\\\/logo\\\/image\\\/\",\"url\":\"https:\\\/\\\/vitablanca.ma\\\/wp-content\\\/uploads\\\/2025\\\/05\\\/cropped-vitablanca.png\",\"contentUrl\":\"https:\\\/\\\/vitablanca.ma\\\/wp-content\\\/uploads\\\/2025\\\/05\\\/cropped-vitablanca.png\",\"width\":360,\"height\":67,\"caption\":\"VitaBlanca\"},\"image\":{\"@id\":\"https:\\\/\\\/vitablanca.ma\\\/#\\\/schema\\\/logo\\\/image\\\/\"},\"sameAs\":[\"https:\\\/\\\/www.facebook.com\\\/profile.php?id=61576678196717\",\"https:\\\/\\\/www.tiktok.com\\\/@vitablanca.ma\",\"https:\\\/\\\/www.instagram.com\\\/vitablanca.ma\\\/\"]}]}<\/script>\n<!-- \/ Yoast SEO plugin. -->","yoast_head_json":{"title":"Ecrinal ANP 2+ Fortifiant Cils Et Sourcils Gel Incolore 8ml - Maroc Prix","description":"\u062c\u0644 \u0625\u0643\u0631\u064a\u0646\u0627\u0644 ANP 2+ \u0644\u062a\u0642\u0648\u064a\u0629 \u0627\u0644\u0631\u0645\u0648\u0634 \u0648\u0627\u0644\u062d\u0648\u0627\u062c\u0628 \u0639\u062f\u064a\u0645 \u0627\u0644\u0644\u0648\u0646 8 \u0645\u0644","robots":{"index":"index","follow":"follow","max-snippet":"max-snippet:-1","max-image-preview":"max-image-preview:large","max-video-preview":"max-video-preview:-1"},"canonical":"https:\/\/vitablanca.ma\/ar\/product-2\/ecrinal-anp-2-fortifiant-cils-et-sourcils-gel-incolore-8ml\/","og_locale":"ar_AR","og_type":"article","og_title":"Ecrinal ANP 2+ Fortifiant Cils Et Sourcils Gel Incolore 8ml - Maroc Prix","og_description":"Ecrinal ANP 2+ Fortifiant Cils Et Sourcils Gel Incolore 8ml","og_url":"https:\/\/vitablanca.ma\/ar\/product-2\/ecrinal-anp-2-fortifiant-cils-et-sourcils-gel-incolore-8ml\/","og_site_name":"Vitablanca.ma &ndash; Sant&eacute;, vitalit&eacute; et bien-&ecirc;tre pour tous les Marocains","article_publisher":"https:\/\/www.facebook.com\/profile.php?id=61576678196717","og_image":[{"width":1000,"height":1000,"url":"https:\/\/vitablanca.ma\/wp-content\/uploads\/2025\/06\/Ecrinal-ANP-2_-Fortifiant-Cils-Et-Sourcils-Gel-Incolore-8ml-nova-parapharmacie-maroc.jpg","type":"image\/jpeg"}],"twitter_card":"summary_large_image","twitter_misc":{"\u0648\u0642\u062a \u0627\u0644\u0642\u0631\u0627\u0621\u0629 \u0627\u0644\u0645\u064f\u0642\u062f\u0651\u0631":"\u062f\u0642\u064a\u0642\u0629 \u0648\u0627\u062d\u062f\u0629"},"schema":{"@context":"https:\/\/schema.org","@graph":[{"@type":["WebPage","ItemPage"],"@id":"https:\/\/vitablanca.ma\/produit\/ecrinal-anp-2-fortifiant-cils-et-sourcils-gel-incolore-8ml\/","url":"https:\/\/vitablanca.ma\/produit\/ecrinal-anp-2-fortifiant-cils-et-sourcils-gel-incolore-8ml\/","name":"Ecrinal ANP 2+ Fortifiant Cils Et Sourcils Gel Incolore 8ml - Maroc Prix","isPartOf":{"@id":"https:\/\/vitablanca.ma\/#website"},"primaryImageOfPage":{"@id":"https:\/\/vitablanca.ma\/produit\/ecrinal-anp-2-fortifiant-cils-et-sourcils-gel-incolore-8ml\/#primaryimage"},"image":{"@id":"https:\/\/vitablanca.ma\/produit\/ecrinal-anp-2-fortifiant-cils-et-sourcils-gel-incolore-8ml\/#primaryimage"},"thumbnailUrl":"https:\/\/vitablanca.ma\/wp-content\/uploads\/2025\/06\/Ecrinal-ANP-2_-Fortifiant-Cils-Et-Sourcils-Gel-Incolore-8ml-nova-parapharmacie-maroc.jpg","datePublished":"2025-06-10T16:58:10+00:00","description":"\u062c\u0644 \u0625\u0643\u0631\u064a\u0646\u0627\u0644 ANP 2+ \u0644\u062a\u0642\u0648\u064a\u0629 \u0627\u0644\u0631\u0645\u0648\u0634 \u0648\u0627\u0644\u062d\u0648\u0627\u062c\u0628 \u0639\u062f\u064a\u0645 \u0627\u0644\u0644\u0648\u0646 8 \u0645\u0644","breadcrumb":{"@id":"https:\/\/vitablanca.ma\/produit\/ecrinal-anp-2-fortifiant-cils-et-sourcils-gel-incolore-8ml\/#breadcrumb"},"inLanguage":"ar","potentialAction":[{"@type":"ReadAction","target":["https:\/\/vitablanca.ma\/produit\/ecrinal-anp-2-fortifiant-cils-et-sourcils-gel-incolore-8ml\/"]}]},{"@type":"ImageObject","inLanguage":"ar","@id":"https:\/\/vitablanca.ma\/produit\/ecrinal-anp-2-fortifiant-cils-et-sourcils-gel-incolore-8ml\/#primaryimage","url":"https:\/\/vitablanca.ma\/wp-content\/uploads\/2025\/06\/Ecrinal-ANP-2_-Fortifiant-Cils-Et-Sourcils-Gel-Incolore-8ml-nova-parapharmacie-maroc.jpg","contentUrl":"https:\/\/vitablanca.ma\/wp-content\/uploads\/2025\/06\/Ecrinal-ANP-2_-Fortifiant-Cils-Et-Sourcils-Gel-Incolore-8ml-nova-parapharmacie-maroc.jpg","width":1000,"height":1000},{"@type":"BreadcrumbList","@id":"https:\/\/vitablanca.ma\/produit\/ecrinal-anp-2-fortifiant-cils-et-sourcils-gel-incolore-8ml\/#breadcrumb","itemListElement":[{"@type":"ListItem","position":1,"name":"Home","item":"https:\/\/vitablanca.ma\/"},{"@type":"ListItem","position":2,"name":"Tous Les Produits","item":"https:\/\/vitablanca.ma\/tous-les-produits\/"},{"@type":"ListItem","position":3,"name":"Ecrinal ANP 2+ Fortifiant Cils Et Sourcils Gel Incolore 8ml"}]},{"@type":"WebSite","@id":"https:\/\/vitablanca.ma\/#website","url":"https:\/\/vitablanca.ma\/","name":"VitaBlanca.ma | \u0627\u0644\u0645\u0643\u0645\u0644\u0627\u062a \u0627\u0644\u063a\u0630\u0627\u0626\u064a\u0629\u060c \u0627\u0644\u0635\u062d\u0629 \u0648\u0627\u0644\u062c\u0645\u0627\u0644 \u0641\u064a \u0627\u0644\u0645\u063a\u0631\u0628","description":"\u0646\u0628\u064a\u0639 \u0641\u064a\u062a\u0627\u0645\u064a\u0646\u0627\u062a \u0648\u0645\u0643\u0645\u0644\u0627\u062a \u063a\u0630\u0627\u0626\u064a\u0629 \u0641\u0627\u062e\u0631\u0629 \u0645\u0646 \u0627\u0644\u0648\u0644\u0627\u064a\u0627\u062a \u0627\u0644\u0645\u062a\u062d\u062f\u0629 \u0627\u0644\u0623\u0645\u0631\u064a\u0643\u064a\u0629 \u0648\u0643\u0646\u062f\u0627 \u0648\u0646\u064a\u0648\u0632\u064a\u0644\u0646\u062f\u0627 \u0648\u0627\u0644\u0645\u063a\u0631\u0628 (\u0646\u0627\u0648 \u0641\u0648\u062f\u0632\u060c \u0633\u0648\u0644\u062c\u0627\u0631\u060c \u0645\u0627\u0646\u0648\u0643\u0627). \u062a\u0648\u0635\u064a\u0644 \u0633\u0631\u064a\u0639 \u0625\u0644\u0649 \u062c\u0645\u064a\u0639 \u0623\u0646\u062d\u0627\u0621 \u0627\u0644\u0645\u063a\u0631\u0628.","publisher":{"@id":"https:\/\/vitablanca.ma\/#organization"},"alternateName":"VitaBlanca.ma","potentialAction":[{"@type":"SearchAction","target":{"@type":"EntryPoint","urlTemplate":"https:\/\/vitablanca.ma\/?s={search_term_string}"},"query-input":{"@type":"PropertyValueSpecification","valueRequired":true,"valueName":"search_term_string"}}],"inLanguage":"ar"},{"@type":"Organization","@id":"https:\/\/vitablanca.ma\/#organization","name":"\u0641\u064a\u062a\u0627\u0628\u0644\u0627\u0646\u0643\u0627","url":"https:\/\/vitablanca.ma\/","logo":{"@type":"ImageObject","inLanguage":"ar","@id":"https:\/\/vitablanca.ma\/#\/schema\/logo\/image\/","url":"https:\/\/vitablanca.ma\/wp-content\/uploads\/2025\/05\/cropped-vitablanca.png","contentUrl":"https:\/\/vitablanca.ma\/wp-content\/uploads\/2025\/05\/cropped-vitablanca.png","width":360,"height":67,"caption":"VitaBlanca"},"image":{"@id":"https:\/\/vitablanca.ma\/#\/schema\/logo\/image\/"},"sameAs":["https:\/\/www.facebook.com\/profile.php?id=61576678196717","https:\/\/www.tiktok.com\/@vitablanca.ma","https:\/\/www.instagram.com\/vitablanca.ma\/"]}]}},"jetpack_sharing_enabled":true,"_links":{"self":[{"href":"https:\/\/vitablanca.ma\/ar\/wp-json\/wp\/v2\/product\/17307","targetHints":{"allow":["GET"]}}],"collection":[{"href":"https:\/\/vitablanca.ma\/ar\/wp-json\/wp\/v2\/product"}],"about":[{"href":"https:\/\/vitablanca.ma\/ar\/wp-json\/wp\/v2\/types\/product"}],"wp:featuredmedia":[{"embeddable":true,"href":"https:\/\/vitablanca.ma\/ar\/wp-json\/wp\/v2\/media\/17304"}],"wp:attachment":[{"href":"https:\/\/vitablanca.ma\/ar\/wp-json\/wp\/v2\/media?parent=17307"}],"wp:term":[{"taxonomy":"product_brand","embeddable":true,"href":"https:\/\/vitablanca.ma\/ar\/wp-json\/wp\/v2\/product_brand?post=17307"},{"taxonomy":"product_cat","embeddable":true,"href":"https:\/\/vitablanca.ma\/ar\/wp-json\/wp\/v2\/product_cat?post=17307"},{"taxonomy":"product_tag","embeddable":true,"href":"https:\/\/vitablanca.ma\/ar\/wp-json\/wp\/v2\/product_tag?post=17307"}],"curies":[{"name":"wp","href":"https:\/\/api.w.org\/{rel}","templated":true}]}}