{"id":17138,"date":"2025-06-10T16:53:56","date_gmt":"2025-06-10T16:53:56","guid":{"rendered":"https:\/\/vitablanca.ma\/product\/dodie-2-sucettes-anatomique-jour-et-nuit-cowboy-chevalier-18m-a8\/"},"modified":"2025-06-10T16:53:56","modified_gmt":"2025-06-10T16:53:56","slug":"dodie-2-sucettes-anatomique-jour-et-nuit-cowboy-chevalier-18m-a8","status":"publish","type":"product","link":"https:\/\/vitablanca.ma\/ar\/product-2\/dodie-2-sucettes-anatomique-jour-et-nuit-cowboy-chevalier-18m-a8\/","title":{"rendered":"\u0644\u0647\u0627\u064a\u0627\u062a \u062f\u0648\u062f\u064a \u0627\u0644\u062a\u0634\u0631\u064a\u062d\u064a\u0629 \u0662 \u0646\u0647\u0627\u0631\u064b\u0627 \u0648\u0644\u064a\u0644\u064b\u0627 \u0631\u0627\u0639\u064a \u0627\u0644\u0628\u0642\u0631\/\u0627\u0644\u0641\u0627\u0631\u0633 +\u0661\u0668 \u0634\u0647\u0631\u064b\u0627 A\u0668"},"content":{"rendered":"<h2>Dodie 2 Sucettes Anatomique Jour et Nuit Cowboy\/Chevalier +18m A8 pour b\u00e9b\u00e9s.<\/h2>\n<p data-mce-fragment=\"1\"><span data-mce-fragment=\"1\">\u0645\u062c\u0645\u0648\u0639\u0629 \u0645\u0646 2 \u0645\u0635\u0627\u0635\u0629 \u0645\u0639 \u062d\u0644\u0645\u0627\u062a \u062a\u0634\u0631\u064a\u062d\u064a\u0629\u060c \u0644\u0636\u0645\u0627\u0646 \u0627\u0644\u0646\u0645\u0648 \u0627\u0644\u0633\u0644\u064a\u0645 \u0644\u0641\u0645 \u0627\u0644\u0637\u0641\u0644 \u0648\u062a\u0647\u062f\u0626\u062a\u0647.<\/span><\/p>\n<p data-mce-fragment=\"1\"><strong data-mce-fragment=\"1\"><span data-mce-fragment=\"1\">\u0645\u062c\u0645\u0648\u0639\u0629 \u0645\u0646 2 \u0645\u0635\u0627\u0635\u0629 \u062a\u0634\u0631\u064a\u062d\u064a\u0629\u060c \u062a\u0635\u0645\u064a\u0645 Love My Planet\u060c \u0644\u0644\u0623\u0637\u0641\u0627\u0644 \u0628\u0639\u0645\u0631 18 \u0634\u0647\u0631\u064b\u0627 \u0641\u0645\u0627 \u0641\u0648\u0642<\/span><\/strong><\/p>\n<p data-mce-fragment=\"1\">\u0647\u0630\u0647 \u0627\u0644\u0644\u0647\u0627\u064a\u0627\u062a\u060c \u0627\u0644\u062a\u064a \u062a\u064f\u062e\u0644\u0651\u062f \u0630\u0643\u0631\u0649 \u0643\u0648\u0643\u0628\u0646\u0627\u060c \u0633\u062a\u064f\u0633\u0639\u062f\u0643\u0645 \u0628\u0642\u062f\u0631 \u0645\u0627 \u064a\u064f\u0633\u0639\u062f \u0627\u0644\u0623\u0637\u0641\u0627\u0644! \u0635\u064f\u0645\u0645\u062a \u062e\u0635\u064a\u0635\u064b\u0627 \u0644\u0644\u0623\u0637\u0641\u0627\u0644 \u0645\u0646 \u0639\u0645\u0631 \u064a\u0648\u0645 \u0625\u0644\u0649 \u0633\u062a\u0629 \u0623\u0634\u0647\u0631 \u0644\u062a\u0644\u0628\u064a\u0629 \u062d\u0627\u062c\u062a\u0647\u0645 \u0627\u0644\u0637\u0628\u064a\u0639\u064a\u0629 \u0644\u0644\u0645\u0635\u060c \u0643\u0644 \u0630\u0644\u0643 \u0628\u0641\u0636\u0644 \u062d\u0644\u0645\u0629 \u0627\u0644\u0633\u064a\u0644\u064a\u0643\u0648\u0646.<br data-mce-fragment=\"1\">\u062a\u0645 \u062a\u0635\u0645\u064a\u0645\u0647\u0627 \u0628\u0645\u0633\u0627\u0639\u062f\u0629 \u062e\u0628\u0631\u0627\u0621\u060c \u0641\u0647\u064a \u062a\u0648\u0641\u0631 \u0627\u0644\u0647\u062f\u0648\u0621 \u0648\u0627\u0644\u0631\u0627\u062d\u0629 \u0644\u0644\u0623\u0637\u0641\u0627\u0644.<\/p>\n<ul data-mce-fragment=\"1\">\n<li data-mce-fragment=\"1\">\u0634\u0643\u0644 \u062a\u0634\u0631\u064a\u062d\u064a \u0642\u0627\u0628\u0644 \u0644\u0644\u0639\u0643\u0633 \u0644\u0636\u0645\u0627\u0646 \u0648\u0636\u0639 \u062c\u064a\u062f<\/li>\n<li data-mce-fragment=\"1\">\u062d\u0644\u0645\u0629 \u0633\u064a\u0644\u064a\u0643\u0648\u0646 \u0631\u0642\u064a\u0642\u0629 \u062a\u0639\u0645\u0644 \u0639\u0644\u0649 \u062a\u0639\u0632\u064a\u0632 \u0627\u0644\u0646\u0645\u0648 \u0627\u0644\u0635\u062d\u064a \u0644\u0641\u0645 \u0637\u0641\u0644\u0643.<\/li>\n<li data-mce-fragment=\"1\">\u062f\u0631\u0639 \u0645\u0632\u0648\u062f \u0628\u0641\u062a\u062d\u0627\u062a \u062a\u0647\u0648\u064a\u0629 \u0644\u062a\u0642\u0644\u064a\u0644 \u062e\u0637\u0631 \u062a\u0647\u064a\u062c \u0628\u0634\u0631\u0629 \u0637\u0641\u0644\u0643<\/li>\n<li data-mce-fragment=\"1\">\u062f\u0631\u0639 \u062a\u0631\u064a\u062a\u0627\u0646\u060c \u0645\u0627\u062f\u0629 \u0645\u0631\u064a\u062d\u0629 \u0648\u062e\u0641\u064a\u0641\u0629 \u0627\u0644\u0648\u0632\u0646 \u0644\u062a\u0646\u0627\u0633\u0628 \u0641\u0645 \u0637\u0641\u0644\u0643 \u0628\u0633\u0647\u0648\u0644\u0629<\/li>\n<\/ul>\n<h3 aria-expanded=\"true\" aria-controls=\"usage-tips\" data-collapsible=\"true\" role=\"tab\" id=\"tab-label-usage-tips\" data-role=\"collapsible\" class=\"data item title allow active\" data-mce-fragment=\"1\" data-mce-tabindex=\"0\">\u0637\u0631\u064a\u0642\u0629 \u0627\u0644\u0627\u0633\u062a\u062e\u062f\u0627\u0645<\/h3>\n<div aria-hidden=\"false\" role=\"tabpanel\" data-role=\"content\" id=\"usage-tips\" aria-labelledby=\"tab-label-usage-tips\" class=\"data item content\" data-mce-fragment=\"1\">\n<div class=\"product attribute usage-tips\" data-mce-fragment=\"1\">\n<strong class=\"type\" data-mce-fragment=\"1\"><\/strong><\/p>\n<div class=\"value\" data-mce-fragment=\"1\">\n<div data-element=\"main\" data-appearance=\"contained\" data-content-type=\"row\" data-mce-fragment=\"1\">\n<div data-element=\"inner\" data-background-images=\"{}\" data-parallax-speed=\"0.5\" data-enable-parallax=\"0\" data-mce-fragment=\"1\">\n<div data-element=\"main\" data-appearance=\"default\" data-content-type=\"text\" data-mce-fragment=\"1\">\n<p data-mce-fragment=\"1\">\u0642\u0628\u0644 \u0627\u0644\u0627\u0633\u062a\u062e\u062f\u0627\u0645 \u0627\u0644\u0623\u0648\u0644\u060c \u0627\u0646\u0642\u0639\u064a \u0627\u0644\u0644\u0647\u0627\u064a\u0629 \u0641\u064a \u0627\u0644\u0645\u0627\u0621 \u0627\u0644\u0645\u063a\u0644\u064a \u0644\u0645\u062f\u0629 \u0665 \u062f\u0642\u0627\u0626\u0642\u060c \u062b\u0645 \u0627\u062a\u0631\u0643\u064a\u0647\u0627 \u062a\u0628\u0631\u062f. \u0623\u0648 \u0639\u0642\u0645\u064a\u0647\u0627 \u0628\u0627\u0644\u0645\u0627\u0621 \u0627\u0644\u0628\u0627\u0631\u062f \u0628\u0627\u0633\u062a\u062e\u062f\u0627\u0645 \u0623\u0642\u0631\u0627\u0635 \u062f\u0648\u062f\u064a \u0644\u0644\u062a\u0639\u0642\u064a\u0645.<br data-mce-fragment=\"1\">\u0627\u0636\u063a\u0637\u064a \u0639\u0644\u0649 \u0627\u0644\u062d\u0644\u0645\u0629 \u0644\u0625\u0632\u0627\u0644\u0629 \u0623\u064a \u0645\u0627\u0621 \u0642\u062f \u062a\u062d\u062a\u0648\u064a\u0647. \u0647\u0630\u0627 \u0644\u0623\u0633\u0628\u0627\u0628 \u0635\u062d\u064a\u0629.<br data-mce-fragment=\"1\">- \u0642\u0628\u0644 \u0643\u0644 \u0627\u0633\u062a\u062e\u062f\u0627\u0645\u060c \u0646\u0638\u0641\u064a \u0627\u0644\u0644\u0647\u0627\u064a\u0629 \u0628\u0627\u0644\u0645\u0627\u0621 \u0627\u0644\u062f\u0627\u0641\u0626 \u0648\u0627\u0644\u0635\u0627\u0628\u0648\u0646 \u062b\u0645 \u0627\u0634\u0637\u0641\u064a\u0647\u0627.<br data-mce-fragment=\"1\">- \u0644\u0627 \u062a\u0639\u0637\u064a \u0637\u0641\u0644\u0643 \u0623\u0628\u062f\u064b\u0627 \u0645\u0635\u0627\u0635\u0629 \u0645\u063a\u0645\u0648\u0633\u0629 \u062d\u0644\u0645\u062a\u0647\u0627 \u0641\u064a \u0637\u0639\u0627\u0645 \u0623\u0648 \u0645\u0648\u0627\u062f \u0637\u0628\u064a\u0629 (\u062e\u0637\u0631 \u062a\u0633\u0648\u0633 \u0627\u0644\u0623\u0633\u0646\u0627\u0646 \u0648\u0627\u0644\u0627\u0628\u062a\u0644\u0627\u0639).<br data-mce-fragment=\"1\">- \u0627\u0633\u062a\u0628\u062f\u0644\u064a \u0627\u0644\u0644\u0647\u0627\u064a\u0629 \u0643\u0644 \u0633\u062a\u0629 \u0623\u0633\u0627\u0628\u064a\u0639 \u0644\u0623\u0633\u0628\u0627\u0628 \u062a\u062a\u0639\u0644\u0642 \u0628\u0627\u0644\u0646\u0638\u0627\u0641\u0629 \u0648\u0627\u0644\u0633\u0644\u0627\u0645\u0629.<\/p>\n<p data-mce-fragment=\"1\"><strong data-mce-fragment=\"1\">\u0644\u0623\u062c\u0644 \u0633\u0644\u0627\u0645\u0629 \u0637\u0641\u0644\u0643\u060c \u062a\u062d\u0630\u064a\u0631!<\/strong><br data-mce-fragment=\"1\">\u0642\u0628\u0644 \u0643\u0644 \u0627\u0633\u062a\u062e\u062f\u0627\u0645\u060c \u0627\u0641\u062d\u0635 \u0627\u0644\u0644\u0647\u0627\u064a\u0629 \u0628\u0639\u0646\u0627\u064a\u0629. \u0627\u0633\u062d\u0628\u0647\u0627 \u0641\u064a \u062c\u0645\u064a\u0639 \u0627\u0644\u0627\u062a\u062c\u0627\u0647\u0627\u062a. \u062a\u062e\u0644\u0635 \u0645\u0646\u0647\u0627 \u0639\u0646\u062f \u0623\u062f\u0646\u0649 \u0639\u0644\u0627\u0645\u0629 \u0639\u0644\u0649 \u0627\u0644\u062a\u0644\u0641 \u0623\u0648 \u0627\u0644\u0647\u0634\u0627\u0634\u0629.<br data-mce-fragment=\"1\">\u0627\u0633\u062a\u062e\u062f\u0645 \u0641\u0642\u0637 \u0645\u0634\u0627\u0628\u0643 \u0627\u0644\u0644\u0647\u0627\u064a\u0629 \u0627\u0644\u0645\u0637\u0627\u0628\u0642\u0629 \u0644\u0645\u0639\u064a\u0627\u0631 EN12586. \u0644\u0627 \u062a\u0631\u0628\u0637 \u0623\u0628\u062f\u064b\u0627 \u0634\u0631\u064a\u0637\u064b\u0627 \u0623\u0648 \u062e\u064a\u0637\u064b\u0627 \u0628\u0627\u0644\u0644\u0647\u0627\u064a\u0629\u060c \u0641\u0642\u062f \u064a\u062e\u062a\u0646\u0642 \u0637\u0641\u0644\u0643.<br data-mce-fragment=\"1\">- \u0644\u0627 \u062a\u062a\u0631\u0643\u064a \u0627\u0644\u0644\u0647\u0627\u064a\u0629 \u0641\u064a \u0645\u062d\u0644\u0648\u0644 \u0627\u0644\u062a\u0639\u0642\u064a\u0645 \u0644\u0641\u062a\u0631\u0629 \u0623\u0637\u0648\u0644 \u0645\u0646 \u0627\u0644\u0645\u062f\u0629 \u0627\u0644\u0645\u0648\u0635\u0649 \u0628\u0647\u0627 \u0644\u0623\u0646 \u0630\u0644\u0643 \u0642\u062f \u064a\u0624\u062f\u064a \u0625\u0644\u0649 \u0625\u0636\u0639\u0627\u0641 \u0627\u0644\u062d\u0644\u0645\u0629.<br data-mce-fragment=\"1\">- \u0644\u0627 \u062a\u0639\u0631\u0636\u064a \u0627\u0644\u0644\u0647\u0627\u064a\u0629 \u0645\u0628\u0627\u0634\u0631\u0629 \u0644\u0623\u0634\u0639\u0629 \u0627\u0644\u0634\u0645\u0633 \u0623\u0648 \u0628\u0627\u0644\u0642\u0631\u0628 \u0645\u0646 \u0645\u0635\u062f\u0631 \u0627\u0644\u062d\u0631\u0627\u0631\u0629.<br data-mce-fragment=\"1\">\u0625\u0630\u0627 \u0639\u0644\u0642\u062a \u0627\u0644\u0644\u0647\u0627\u064a\u0629 \u0641\u064a \u0641\u0645 \u0637\u0641\u0644\u0643\u060c \u0641\u0644\u0627 \u062f\u0627\u0639\u064a \u0644\u0644\u0642\u0644\u0642\u060c \u0641\u0647\u064a \u0645\u0635\u0645\u0645\u0629 \u0644\u0645\u0646\u0639 \u0627\u0644\u0628\u0644\u0639 \u0648\u0645\u0646\u0639 \u062d\u062f\u0648\u062b \u0630\u0644\u0643. \u0623\u062e\u0631\u062c\u0647\u0627 \u0645\u0646 \u0641\u0645 \u0637\u0641\u0644\u0643 \u0628\u062d\u0631\u0635 \u0648\u0644\u0637\u0641 \u0642\u062f\u0631 \u0627\u0644\u0625\u0645\u0643\u0627\u0646.<\/p>\n<\/div>\n<\/div>\n<\/div>\n<\/div>\n<\/div>\n<\/div>","protected":false},"excerpt":{"rendered":"<p>Dodie 2 Sucettes Anatomique Jour et Nuit Cowboy\/Chevalier +18m A8 pour b\u00e9b\u00e9s. Lot de 2 sucettes \u00e0 t\u00e9tine anatomique, pour assurer le bon d\u00e9veloppement de la bouche des b\u00e9b\u00e9s et les apaiser. Lot de 2 sucettes anatomiques, motif Love My Planet, pour les b\u00e9b\u00e9s de\u00a0+18 mois Ces sucettes, qui rendent hommage \u00e0 notre plan\u00e8te, vous [&hellip;]<\/p>\n","protected":false},"featured_media":17136,"template":"","meta":{"om_disable_all_campaigns":false},"product_brand":[],"product_cat":[15],"product_tag":[],"class_list":{"0":"post-17138","1":"product","2":"type-product","3":"status-publish","4":"has-post-thumbnail","6":"product_cat-beaute-sante-complements-alimentaires-soins-et-bien-etre-au-meilleur-prix","8":"first","9":"instock","10":"sale","11":"taxable","12":"shipping-taxable","13":"purchasable","14":"product-type-simple"},"yoast_head":"<!-- This site is optimized with the Yoast SEO plugin v27.3 - https:\/\/yoast.com\/product\/yoast-seo-wordpress\/ -->\n<title>Dodie 2 Sucettes Anatomique Jour et Nuit Cowboy\/Chevalier +18m A8 - Maroc Prix<\/title>\n<meta name=\"description\" content=\"Dodie 2 Sucettes Anatomique Jour et Nuit Cowboy\/Chevalier +18m A8\" \/>\n<meta name=\"robots\" content=\"index, follow, max-snippet:-1, max-image-preview:large, max-video-preview:-1\" \/>\n<link rel=\"canonical\" href=\"https:\/\/vitablanca.ma\/ar\/product-2\/dodie-2-sucettes-anatomique-jour-et-nuit-cowboy-chevalier-18m-a8\/\" \/>\n<meta property=\"og:locale\" content=\"ar_AR\" \/>\n<meta property=\"og:type\" content=\"article\" \/>\n<meta property=\"og:title\" content=\"Dodie 2 Sucettes Anatomique Jour et Nuit Cowboy\/Chevalier +18m A8 - Maroc Prix\" \/>\n<meta property=\"og:description\" content=\"Dodie 2 Sucettes Anatomique Jour et Nuit Cowboy\/Chevalier +18m A8\" \/>\n<meta property=\"og:url\" content=\"https:\/\/vitablanca.ma\/ar\/product-2\/dodie-2-sucettes-anatomique-jour-et-nuit-cowboy-chevalier-18m-a8\/\" \/>\n<meta property=\"og:site_name\" content=\"Vitablanca.ma &ndash; Sant&eacute;, vitalit&eacute; et bien-&ecirc;tre pour tous les Marocains\" \/>\n<meta property=\"article:publisher\" content=\"https:\/\/www.facebook.com\/profile.php?id=61576678196717\" \/>\n<meta property=\"og:image\" content=\"https:\/\/vitablanca.ma\/wp-content\/uploads\/2025\/06\/Dodie-2-Sucettes-Anatomique-Jour-et-Nuit-Cowboy-Chevalier-_18m-A8-nova-parapharmacie-casablanca.jpg\" \/>\n\t<meta property=\"og:image:width\" content=\"1000\" \/>\n\t<meta property=\"og:image:height\" content=\"1000\" \/>\n\t<meta property=\"og:image:type\" content=\"image\/jpeg\" \/>\n<meta name=\"twitter:card\" content=\"summary_large_image\" \/>\n<meta name=\"twitter:label1\" content=\"\u0648\u0642\u062a \u0627\u0644\u0642\u0631\u0627\u0621\u0629 \u0627\u0644\u0645\u064f\u0642\u062f\u0651\u0631\" \/>\n\t<meta name=\"twitter:data1\" content=\"\u062f\u0642\u064a\u0642\u062a\u0627\u0646\" \/>\n<script type=\"application\/ld+json\" class=\"yoast-schema-graph\">{\"@context\":\"https:\\\/\\\/schema.org\",\"@graph\":[{\"@type\":[\"WebPage\",\"ItemPage\"],\"@id\":\"https:\\\/\\\/vitablanca.ma\\\/produit\\\/dodie-2-sucettes-anatomique-jour-et-nuit-cowboy-chevalier-18m-a8\\\/\",\"url\":\"https:\\\/\\\/vitablanca.ma\\\/produit\\\/dodie-2-sucettes-anatomique-jour-et-nuit-cowboy-chevalier-18m-a8\\\/\",\"name\":\"Dodie 2 Sucettes Anatomique Jour et Nuit Cowboy\\\/Chevalier +18m A8 - Maroc Prix\",\"isPartOf\":{\"@id\":\"https:\\\/\\\/vitablanca.ma\\\/#website\"},\"primaryImageOfPage\":{\"@id\":\"https:\\\/\\\/vitablanca.ma\\\/produit\\\/dodie-2-sucettes-anatomique-jour-et-nuit-cowboy-chevalier-18m-a8\\\/#primaryimage\"},\"image\":{\"@id\":\"https:\\\/\\\/vitablanca.ma\\\/produit\\\/dodie-2-sucettes-anatomique-jour-et-nuit-cowboy-chevalier-18m-a8\\\/#primaryimage\"},\"thumbnailUrl\":\"https:\\\/\\\/vitablanca.ma\\\/wp-content\\\/uploads\\\/2025\\\/06\\\/Dodie-2-Sucettes-Anatomique-Jour-et-Nuit-Cowboy-Chevalier-_18m-A8-nova-parapharmacie-casablanca.jpg\",\"datePublished\":\"2025-06-10T16:53:56+00:00\",\"description\":\"Dodie 2 Sucettes Anatomique Jour et Nuit Cowboy\\\/Chevalier +18m A8\",\"breadcrumb\":{\"@id\":\"https:\\\/\\\/vitablanca.ma\\\/produit\\\/dodie-2-sucettes-anatomique-jour-et-nuit-cowboy-chevalier-18m-a8\\\/#breadcrumb\"},\"inLanguage\":\"ar\",\"potentialAction\":[{\"@type\":\"ReadAction\",\"target\":[\"https:\\\/\\\/vitablanca.ma\\\/produit\\\/dodie-2-sucettes-anatomique-jour-et-nuit-cowboy-chevalier-18m-a8\\\/\"]}]},{\"@type\":\"ImageObject\",\"inLanguage\":\"ar\",\"@id\":\"https:\\\/\\\/vitablanca.ma\\\/produit\\\/dodie-2-sucettes-anatomique-jour-et-nuit-cowboy-chevalier-18m-a8\\\/#primaryimage\",\"url\":\"https:\\\/\\\/vitablanca.ma\\\/wp-content\\\/uploads\\\/2025\\\/06\\\/Dodie-2-Sucettes-Anatomique-Jour-et-Nuit-Cowboy-Chevalier-_18m-A8-nova-parapharmacie-casablanca.jpg\",\"contentUrl\":\"https:\\\/\\\/vitablanca.ma\\\/wp-content\\\/uploads\\\/2025\\\/06\\\/Dodie-2-Sucettes-Anatomique-Jour-et-Nuit-Cowboy-Chevalier-_18m-A8-nova-parapharmacie-casablanca.jpg\",\"width\":1000,\"height\":1000},{\"@type\":\"BreadcrumbList\",\"@id\":\"https:\\\/\\\/vitablanca.ma\\\/produit\\\/dodie-2-sucettes-anatomique-jour-et-nuit-cowboy-chevalier-18m-a8\\\/#breadcrumb\",\"itemListElement\":[{\"@type\":\"ListItem\",\"position\":1,\"name\":\"Home\",\"item\":\"https:\\\/\\\/vitablanca.ma\\\/\"},{\"@type\":\"ListItem\",\"position\":2,\"name\":\"Tous Les Produits\",\"item\":\"https:\\\/\\\/vitablanca.ma\\\/tous-les-produits\\\/\"},{\"@type\":\"ListItem\",\"position\":3,\"name\":\"Dodie 2 Sucettes Anatomique Jour et Nuit Cowboy\\\/Chevalier +18m A8\"}]},{\"@type\":\"WebSite\",\"@id\":\"https:\\\/\\\/vitablanca.ma\\\/#website\",\"url\":\"https:\\\/\\\/vitablanca.ma\\\/\",\"name\":\"VitaBlanca.ma | Compl\u00e9ments alimentaires, sant\u00e9 & beaut\u00e9 au Maroc\",\"description\":\"vendre vitamines et compl\u00e9ments premium des USA &amp; Canada, Nouvelle Z\u00e9lande,Maroc (NOW Foods, Solgar, Manuka). Livraison rapide partout au Maroc.\",\"publisher\":{\"@id\":\"https:\\\/\\\/vitablanca.ma\\\/#organization\"},\"alternateName\":\"VitaBlanca.ma\",\"potentialAction\":[{\"@type\":\"SearchAction\",\"target\":{\"@type\":\"EntryPoint\",\"urlTemplate\":\"https:\\\/\\\/vitablanca.ma\\\/?s={search_term_string}\"},\"query-input\":{\"@type\":\"PropertyValueSpecification\",\"valueRequired\":true,\"valueName\":\"search_term_string\"}}],\"inLanguage\":\"ar\"},{\"@type\":\"Organization\",\"@id\":\"https:\\\/\\\/vitablanca.ma\\\/#organization\",\"name\":\"VitaBlanca\",\"url\":\"https:\\\/\\\/vitablanca.ma\\\/\",\"logo\":{\"@type\":\"ImageObject\",\"inLanguage\":\"ar\",\"@id\":\"https:\\\/\\\/vitablanca.ma\\\/#\\\/schema\\\/logo\\\/image\\\/\",\"url\":\"https:\\\/\\\/vitablanca.ma\\\/wp-content\\\/uploads\\\/2025\\\/05\\\/cropped-vitablanca.png\",\"contentUrl\":\"https:\\\/\\\/vitablanca.ma\\\/wp-content\\\/uploads\\\/2025\\\/05\\\/cropped-vitablanca.png\",\"width\":360,\"height\":67,\"caption\":\"VitaBlanca\"},\"image\":{\"@id\":\"https:\\\/\\\/vitablanca.ma\\\/#\\\/schema\\\/logo\\\/image\\\/\"},\"sameAs\":[\"https:\\\/\\\/www.facebook.com\\\/profile.php?id=61576678196717\",\"https:\\\/\\\/www.tiktok.com\\\/@vitablanca.ma\",\"https:\\\/\\\/www.instagram.com\\\/vitablanca.ma\\\/\"]}]}<\/script>\n<!-- \/ Yoast SEO plugin. -->","yoast_head_json":{"title":"Dodie 2 Sucettes Anatomique Jour et Nuit Cowboy\/Chevalier +18m A8 - Maroc Prix","description":"\u0644\u0647\u0627\u064a\u0627\u062a \u062f\u0648\u062f\u064a \u0627\u0644\u062a\u0634\u0631\u064a\u062d\u064a\u0629 \u0662 \u0646\u0647\u0627\u0631\u064b\u0627 \u0648\u0644\u064a\u0644\u064b\u0627 \u0631\u0627\u0639\u064a \u0627\u0644\u0628\u0642\u0631\/\u0627\u0644\u0641\u0627\u0631\u0633 +\u0661\u0668 \u0634\u0647\u0631\u064b\u0627 A\u0668","robots":{"index":"index","follow":"follow","max-snippet":"max-snippet:-1","max-image-preview":"max-image-preview:large","max-video-preview":"max-video-preview:-1"},"canonical":"https:\/\/vitablanca.ma\/ar\/product-2\/dodie-2-sucettes-anatomique-jour-et-nuit-cowboy-chevalier-18m-a8\/","og_locale":"ar_AR","og_type":"article","og_title":"Dodie 2 Sucettes Anatomique Jour et Nuit Cowboy\/Chevalier +18m A8 - Maroc Prix","og_description":"Dodie 2 Sucettes Anatomique Jour et Nuit Cowboy\/Chevalier +18m A8","og_url":"https:\/\/vitablanca.ma\/ar\/product-2\/dodie-2-sucettes-anatomique-jour-et-nuit-cowboy-chevalier-18m-a8\/","og_site_name":"Vitablanca.ma &ndash; Sant&eacute;, vitalit&eacute; et bien-&ecirc;tre pour tous les Marocains","article_publisher":"https:\/\/www.facebook.com\/profile.php?id=61576678196717","og_image":[{"width":1000,"height":1000,"url":"https:\/\/vitablanca.ma\/wp-content\/uploads\/2025\/06\/Dodie-2-Sucettes-Anatomique-Jour-et-Nuit-Cowboy-Chevalier-_18m-A8-nova-parapharmacie-casablanca.jpg","type":"image\/jpeg"}],"twitter_card":"summary_large_image","twitter_misc":{"\u0648\u0642\u062a \u0627\u0644\u0642\u0631\u0627\u0621\u0629 \u0627\u0644\u0645\u064f\u0642\u062f\u0651\u0631":"\u062f\u0642\u064a\u0642\u062a\u0627\u0646"},"schema":{"@context":"https:\/\/schema.org","@graph":[{"@type":["WebPage","ItemPage"],"@id":"https:\/\/vitablanca.ma\/produit\/dodie-2-sucettes-anatomique-jour-et-nuit-cowboy-chevalier-18m-a8\/","url":"https:\/\/vitablanca.ma\/produit\/dodie-2-sucettes-anatomique-jour-et-nuit-cowboy-chevalier-18m-a8\/","name":"Dodie 2 Sucettes Anatomique Jour et Nuit Cowboy\/Chevalier +18m A8 - Maroc Prix","isPartOf":{"@id":"https:\/\/vitablanca.ma\/#website"},"primaryImageOfPage":{"@id":"https:\/\/vitablanca.ma\/produit\/dodie-2-sucettes-anatomique-jour-et-nuit-cowboy-chevalier-18m-a8\/#primaryimage"},"image":{"@id":"https:\/\/vitablanca.ma\/produit\/dodie-2-sucettes-anatomique-jour-et-nuit-cowboy-chevalier-18m-a8\/#primaryimage"},"thumbnailUrl":"https:\/\/vitablanca.ma\/wp-content\/uploads\/2025\/06\/Dodie-2-Sucettes-Anatomique-Jour-et-Nuit-Cowboy-Chevalier-_18m-A8-nova-parapharmacie-casablanca.jpg","datePublished":"2025-06-10T16:53:56+00:00","description":"\u0644\u0647\u0627\u064a\u0627\u062a \u062f\u0648\u062f\u064a \u0627\u0644\u062a\u0634\u0631\u064a\u062d\u064a\u0629 \u0662 \u0646\u0647\u0627\u0631\u064b\u0627 \u0648\u0644\u064a\u0644\u064b\u0627 \u0631\u0627\u0639\u064a \u0627\u0644\u0628\u0642\u0631\/\u0627\u0644\u0641\u0627\u0631\u0633 +\u0661\u0668 \u0634\u0647\u0631\u064b\u0627 A\u0668","breadcrumb":{"@id":"https:\/\/vitablanca.ma\/produit\/dodie-2-sucettes-anatomique-jour-et-nuit-cowboy-chevalier-18m-a8\/#breadcrumb"},"inLanguage":"ar","potentialAction":[{"@type":"ReadAction","target":["https:\/\/vitablanca.ma\/produit\/dodie-2-sucettes-anatomique-jour-et-nuit-cowboy-chevalier-18m-a8\/"]}]},{"@type":"ImageObject","inLanguage":"ar","@id":"https:\/\/vitablanca.ma\/produit\/dodie-2-sucettes-anatomique-jour-et-nuit-cowboy-chevalier-18m-a8\/#primaryimage","url":"https:\/\/vitablanca.ma\/wp-content\/uploads\/2025\/06\/Dodie-2-Sucettes-Anatomique-Jour-et-Nuit-Cowboy-Chevalier-_18m-A8-nova-parapharmacie-casablanca.jpg","contentUrl":"https:\/\/vitablanca.ma\/wp-content\/uploads\/2025\/06\/Dodie-2-Sucettes-Anatomique-Jour-et-Nuit-Cowboy-Chevalier-_18m-A8-nova-parapharmacie-casablanca.jpg","width":1000,"height":1000},{"@type":"BreadcrumbList","@id":"https:\/\/vitablanca.ma\/produit\/dodie-2-sucettes-anatomique-jour-et-nuit-cowboy-chevalier-18m-a8\/#breadcrumb","itemListElement":[{"@type":"ListItem","position":1,"name":"Home","item":"https:\/\/vitablanca.ma\/"},{"@type":"ListItem","position":2,"name":"Tous Les Produits","item":"https:\/\/vitablanca.ma\/tous-les-produits\/"},{"@type":"ListItem","position":3,"name":"Dodie 2 Sucettes Anatomique Jour et Nuit Cowboy\/Chevalier +18m A8"}]},{"@type":"WebSite","@id":"https:\/\/vitablanca.ma\/#website","url":"https:\/\/vitablanca.ma\/","name":"VitaBlanca.ma | \u0627\u0644\u0645\u0643\u0645\u0644\u0627\u062a \u0627\u0644\u063a\u0630\u0627\u0626\u064a\u0629\u060c \u0627\u0644\u0635\u062d\u0629 \u0648\u0627\u0644\u062c\u0645\u0627\u0644 \u0641\u064a \u0627\u0644\u0645\u063a\u0631\u0628","description":"\u0646\u0628\u064a\u0639 \u0641\u064a\u062a\u0627\u0645\u064a\u0646\u0627\u062a \u0648\u0645\u0643\u0645\u0644\u0627\u062a \u063a\u0630\u0627\u0626\u064a\u0629 \u0641\u0627\u062e\u0631\u0629 \u0645\u0646 \u0627\u0644\u0648\u0644\u0627\u064a\u0627\u062a \u0627\u0644\u0645\u062a\u062d\u062f\u0629 \u0627\u0644\u0623\u0645\u0631\u064a\u0643\u064a\u0629 \u0648\u0643\u0646\u062f\u0627 \u0648\u0646\u064a\u0648\u0632\u064a\u0644\u0646\u062f\u0627 \u0648\u0627\u0644\u0645\u063a\u0631\u0628 (\u0646\u0627\u0648 \u0641\u0648\u062f\u0632\u060c \u0633\u0648\u0644\u062c\u0627\u0631\u060c \u0645\u0627\u0646\u0648\u0643\u0627). \u062a\u0648\u0635\u064a\u0644 \u0633\u0631\u064a\u0639 \u0625\u0644\u0649 \u062c\u0645\u064a\u0639 \u0623\u0646\u062d\u0627\u0621 \u0627\u0644\u0645\u063a\u0631\u0628.","publisher":{"@id":"https:\/\/vitablanca.ma\/#organization"},"alternateName":"VitaBlanca.ma","potentialAction":[{"@type":"SearchAction","target":{"@type":"EntryPoint","urlTemplate":"https:\/\/vitablanca.ma\/?s={search_term_string}"},"query-input":{"@type":"PropertyValueSpecification","valueRequired":true,"valueName":"search_term_string"}}],"inLanguage":"ar"},{"@type":"Organization","@id":"https:\/\/vitablanca.ma\/#organization","name":"\u0641\u064a\u062a\u0627\u0628\u0644\u0627\u0646\u0643\u0627","url":"https:\/\/vitablanca.ma\/","logo":{"@type":"ImageObject","inLanguage":"ar","@id":"https:\/\/vitablanca.ma\/#\/schema\/logo\/image\/","url":"https:\/\/vitablanca.ma\/wp-content\/uploads\/2025\/05\/cropped-vitablanca.png","contentUrl":"https:\/\/vitablanca.ma\/wp-content\/uploads\/2025\/05\/cropped-vitablanca.png","width":360,"height":67,"caption":"VitaBlanca"},"image":{"@id":"https:\/\/vitablanca.ma\/#\/schema\/logo\/image\/"},"sameAs":["https:\/\/www.facebook.com\/profile.php?id=61576678196717","https:\/\/www.tiktok.com\/@vitablanca.ma","https:\/\/www.instagram.com\/vitablanca.ma\/"]}]}},"jetpack_sharing_enabled":true,"_links":{"self":[{"href":"https:\/\/vitablanca.ma\/ar\/wp-json\/wp\/v2\/product\/17138","targetHints":{"allow":["GET"]}}],"collection":[{"href":"https:\/\/vitablanca.ma\/ar\/wp-json\/wp\/v2\/product"}],"about":[{"href":"https:\/\/vitablanca.ma\/ar\/wp-json\/wp\/v2\/types\/product"}],"wp:featuredmedia":[{"embeddable":true,"href":"https:\/\/vitablanca.ma\/ar\/wp-json\/wp\/v2\/media\/17136"}],"wp:attachment":[{"href":"https:\/\/vitablanca.ma\/ar\/wp-json\/wp\/v2\/media?parent=17138"}],"wp:term":[{"taxonomy":"product_brand","embeddable":true,"href":"https:\/\/vitablanca.ma\/ar\/wp-json\/wp\/v2\/product_brand?post=17138"},{"taxonomy":"product_cat","embeddable":true,"href":"https:\/\/vitablanca.ma\/ar\/wp-json\/wp\/v2\/product_cat?post=17138"},{"taxonomy":"product_tag","embeddable":true,"href":"https:\/\/vitablanca.ma\/ar\/wp-json\/wp\/v2\/product_tag?post=17138"}],"curies":[{"name":"wp","href":"https:\/\/api.w.org\/{rel}","templated":true}]}}