{"id":17134,"date":"2025-06-10T16:53:53","date_gmt":"2025-06-10T16:53:53","guid":{"rendered":"https:\/\/vitablanca.ma\/product\/ducray-kelual-ds-shampooing-100ml\/"},"modified":"2025-06-10T16:53:53","modified_gmt":"2025-06-10T16:53:53","slug":"ducray-kelual-ds-shampooing-100ml","status":"publish","type":"product","link":"https:\/\/vitablanca.ma\/ar\/product-2\/ducray-kelual-ds-shampooing-100ml\/","title":{"rendered":"Ducray KELUAL DS Shampooing 100ml"},"content":{"rendered":"<h2>Ducray KELUAL DS Shampooing Traitant Squamor\u00e9ducteur Anti-R\u00e9cidives.<\/h2>\n<div class=\"categories-table\">\n<div class=\"categories-row\">\n<div class=\"category-content\">Etats pelliculaires s\u00e9v\u00e8res.<\/div>\n<\/div>\n<div class=\"categories-row\">\n<div class=\"category-content\">Squames et d\u00e9mangeaisons.<br \/>100\u0645\u0644.<\/div>\n<div class=\"category-content\"><\/div>\n<div class=\"category-content\"><span>Le shampooing traitant KELUAL DS est indiqu\u00e9 dans les \u00e9tats pelliculaires r\u00e9cidivants associ\u00e9s \u00e0 des rougeurs et d&rsquo;intenses d\u00e9mangeaisons ou en accompagnement des cuirs chevelus sujets \u00e0 la dermite s\u00e9borrh\u00e9ique.<\/span><\/div>\n<div class=\"category-content\">\n<span><\/span>\n<\/div>\n<div class=\"category-content\"><\/div>\n<div class=\"category-content\">\n<div class=\"wrapper_product-collapsible-sections_item_title ellipse-down ellipse-base el-width-150 el-center\">\n<h3 class=\"product-collapsible-sections_item_title\" data-dc-js-cs-role=\"label\">\u0641\u0648\u0627\u0626\u062f<\/h3>\n<\/div>\n<div class=\"product-collapsible-sections_item_content\" data-dc-js-cs-role=\"content\">\n<div class=\"field-collection-container clearfix\">\n<div class=\"field-collection-view clearfix view-mode-full\">\n<div class=\"product-benefit_item\">ELIMINE DURABLEMENT LES PELLICULES<br \/>APAISE RAPIDEMENT LE CUIR CHEVELU<br \/>AMELIORE LA QUALITE DE VIE.<\/div>\n<div class=\"product-benefit_item\"><\/div>\n<div class=\"product-benefit_item\">\n<h4 class=\"product-collapsible-sections_item_subtitle contextual-color\">A PROPOS DES \u00c9TATS PELLICULAIRES S\u00c9V\u00c8RES OU CUIRS CHEVELUS SUJETS \u00c0 LA DERMATITE S\u00c9BORRH\u00c9IQUE<\/h4>\n<div class=\"product-collapsible-sections_item_subcontent readmore-add-processed\" data-readmore=\"\" aria-expanded=\"true\" id=\"rmjs-1\">\n<p>Les peaux irrit\u00e9es et s\u00e9bosquameuses si\u00e8gent sur les zones les plus riches en glandes s\u00e9bac\u00e9es. Cet \u00e9tat n\u2019est pas li\u00e9 \u00e0 une hypers\u00e9borrh\u00e9e, mais plut\u00f4t \u00e0 une r\u00e9action cutan\u00e9e secondaire \u00e0 la pr\u00e9sence de champignons microscopiques (genre Malassezia).<\/p>\n<p>Elles se manifestent par des plaques rouges plus ou moins squameuses (cellules mortes), parfois tr\u00e8s irritantes, qui si\u00e8gent en des endroits bien pr\u00e9cis :<\/p>\n<ul>\n<li>sillons naso-g\u00e9niens<\/li>\n<li>ailes du nez<\/li>\n<li>paupi\u00e8res et sourcil<\/li>\n<li>au niveau du cuir chevelu, cet \u00e9tat se manifeste par\u00a0 des pellicules grasses, jaun\u00e2tres, qui surmontent des plaques rouges ; celles-ci peuvent d\u00e9border sur le front et derri\u00e8re les oreilles et s\u2019accompagnent fr\u00e9quemment de d\u00e9mangeaisons.<\/li>\n<\/ul>\n<h3><span>\u0646\u0635\u0627\u0626\u062d \u0627\u0644\u062a\u0642\u062f\u064a\u0645<\/span><\/h3>\n<div class=\"tips\">\n<ul class=\"content-tips\">\n<li class=\"first leaf\"><span class=\"desc\">Appliquer, faire mousser tout en massant le cuir chevelu, rincer. Renouveler l\u2019application en laissant agir 3 minutes, rincer. Phase d\u2019attaque : 3 fois par semaine. 2 semaines. Phase d\u2019entretien : 1 fois par semaine.<\/span><\/li>\n<\/ul>\n<h3><span class=\"desc\"><span>\u0627\u062d\u062a\u064a\u0627\u0637\u0627\u062a \u0627\u0644\u0627\u0633\u062a\u062e\u062f\u0627\u0645<\/span><\/span><\/h3>\n<p><span class=\"desc\"><span>\u0627\u0634\u0637\u0641\u0647 \u0641\u064a \u062d\u0627\u0644\u0629 \u0645\u0644\u0627\u0645\u0633\u0629 \u0627\u0644\u0639\u064a\u0646\u064a\u0646.<\/span><\/span><\/p>\n<\/div>\n<\/div>\n<\/div>\n<\/div>\n<\/div>\n<\/div>\n<\/div>\n<\/div>\n<\/div>","protected":false},"excerpt":{"rendered":"<p>Ducray KELUAL DS Shampooing Traitant Squamor\u00e9ducteur Anti-R\u00e9cidives. Etats pelliculaires s\u00e9v\u00e8res. Squames et d\u00e9mangeaisons.100ml. Le shampooing traitant KELUAL DS est indiqu\u00e9 dans les \u00e9tats pelliculaires r\u00e9cidivants associ\u00e9s \u00e0 des rougeurs et d&rsquo;intenses d\u00e9mangeaisons ou en accompagnement des cuirs chevelus sujets \u00e0 la dermite s\u00e9borrh\u00e9ique. B\u00c9N\u00c9FICES ELIMINE DURABLEMENT LES PELLICULESAPAISE RAPIDEMENT LE CUIR CHEVELUAMELIORE LA QUALITE DE [&hellip;]<\/p>\n","protected":false},"featured_media":17122,"template":"","meta":{"om_disable_all_campaigns":false},"product_brand":[],"product_cat":[15],"product_tag":[],"class_list":{"0":"post-17134","1":"product","2":"type-product","3":"status-publish","4":"has-post-thumbnail","6":"product_cat-beaute-sante-complements-alimentaires-soins-et-bien-etre-au-meilleur-prix","8":"first","9":"instock","10":"sale","11":"taxable","12":"shipping-taxable","13":"purchasable","14":"product-type-simple"},"yoast_head":"<!-- This site is optimized with the Yoast SEO plugin v27.3 - https:\/\/yoast.com\/product\/yoast-seo-wordpress\/ -->\n<title>Ducray KELUAL DS Shampooing 100ml - Maroc Prix<\/title>\n<meta name=\"description\" content=\"Ducray KELUAL DS Shampooing 100ml\" \/>\n<meta name=\"robots\" content=\"index, follow, max-snippet:-1, max-image-preview:large, max-video-preview:-1\" \/>\n<link rel=\"canonical\" href=\"https:\/\/vitablanca.ma\/ar\/product-2\/ducray-kelual-ds-shampooing-100ml\/\" \/>\n<meta property=\"og:locale\" content=\"ar_AR\" \/>\n<meta property=\"og:type\" content=\"article\" \/>\n<meta property=\"og:title\" content=\"Ducray KELUAL DS Shampooing 100ml - Maroc Prix\" \/>\n<meta property=\"og:description\" content=\"Ducray KELUAL DS Shampooing 100ml\" \/>\n<meta property=\"og:url\" content=\"https:\/\/vitablanca.ma\/ar\/product-2\/ducray-kelual-ds-shampooing-100ml\/\" \/>\n<meta property=\"og:site_name\" content=\"Vitablanca.ma &ndash; Sant&eacute;, vitalit&eacute; et bien-&ecirc;tre pour tous les Marocains\" \/>\n<meta property=\"article:publisher\" content=\"https:\/\/www.facebook.com\/profile.php?id=61576678196717\" \/>\n<meta property=\"og:image\" content=\"https:\/\/vitablanca.ma\/wp-content\/uploads\/2025\/06\/Ducray-KELUAL-DS-Shampooing-100ml-nova-parapharmacie-casablanca.jpg\" \/>\n\t<meta property=\"og:image:width\" content=\"1000\" \/>\n\t<meta property=\"og:image:height\" content=\"1000\" \/>\n\t<meta property=\"og:image:type\" content=\"image\/jpeg\" \/>\n<meta name=\"twitter:card\" content=\"summary_large_image\" \/>\n<meta name=\"twitter:label1\" content=\"\u0648\u0642\u062a \u0627\u0644\u0642\u0631\u0627\u0621\u0629 \u0627\u0644\u0645\u064f\u0642\u062f\u0651\u0631\" \/>\n\t<meta name=\"twitter:data1\" content=\"\u062f\u0642\u064a\u0642\u0629 \u0648\u0627\u062d\u062f\u0629\" \/>\n<script type=\"application\/ld+json\" class=\"yoast-schema-graph\">{\"@context\":\"https:\\\/\\\/schema.org\",\"@graph\":[{\"@type\":[\"WebPage\",\"ItemPage\"],\"@id\":\"https:\\\/\\\/vitablanca.ma\\\/produit\\\/ducray-kelual-ds-shampooing-100ml\\\/\",\"url\":\"https:\\\/\\\/vitablanca.ma\\\/produit\\\/ducray-kelual-ds-shampooing-100ml\\\/\",\"name\":\"Ducray KELUAL DS Shampooing 100ml - Maroc Prix\",\"isPartOf\":{\"@id\":\"https:\\\/\\\/vitablanca.ma\\\/#website\"},\"primaryImageOfPage\":{\"@id\":\"https:\\\/\\\/vitablanca.ma\\\/produit\\\/ducray-kelual-ds-shampooing-100ml\\\/#primaryimage\"},\"image\":{\"@id\":\"https:\\\/\\\/vitablanca.ma\\\/produit\\\/ducray-kelual-ds-shampooing-100ml\\\/#primaryimage\"},\"thumbnailUrl\":\"https:\\\/\\\/vitablanca.ma\\\/wp-content\\\/uploads\\\/2025\\\/06\\\/Ducray-KELUAL-DS-Shampooing-100ml-nova-parapharmacie-casablanca.jpg\",\"datePublished\":\"2025-06-10T16:53:53+00:00\",\"description\":\"Ducray KELUAL DS Shampooing 100ml\",\"breadcrumb\":{\"@id\":\"https:\\\/\\\/vitablanca.ma\\\/produit\\\/ducray-kelual-ds-shampooing-100ml\\\/#breadcrumb\"},\"inLanguage\":\"ar\",\"potentialAction\":[{\"@type\":\"ReadAction\",\"target\":[\"https:\\\/\\\/vitablanca.ma\\\/produit\\\/ducray-kelual-ds-shampooing-100ml\\\/\"]}]},{\"@type\":\"ImageObject\",\"inLanguage\":\"ar\",\"@id\":\"https:\\\/\\\/vitablanca.ma\\\/produit\\\/ducray-kelual-ds-shampooing-100ml\\\/#primaryimage\",\"url\":\"https:\\\/\\\/vitablanca.ma\\\/wp-content\\\/uploads\\\/2025\\\/06\\\/Ducray-KELUAL-DS-Shampooing-100ml-nova-parapharmacie-casablanca.jpg\",\"contentUrl\":\"https:\\\/\\\/vitablanca.ma\\\/wp-content\\\/uploads\\\/2025\\\/06\\\/Ducray-KELUAL-DS-Shampooing-100ml-nova-parapharmacie-casablanca.jpg\",\"width\":1000,\"height\":1000},{\"@type\":\"BreadcrumbList\",\"@id\":\"https:\\\/\\\/vitablanca.ma\\\/produit\\\/ducray-kelual-ds-shampooing-100ml\\\/#breadcrumb\",\"itemListElement\":[{\"@type\":\"ListItem\",\"position\":1,\"name\":\"Home\",\"item\":\"https:\\\/\\\/vitablanca.ma\\\/\"},{\"@type\":\"ListItem\",\"position\":2,\"name\":\"Tous Les Produits\",\"item\":\"https:\\\/\\\/vitablanca.ma\\\/tous-les-produits\\\/\"},{\"@type\":\"ListItem\",\"position\":3,\"name\":\"Ducray KELUAL DS Shampooing 100ml\"}]},{\"@type\":\"WebSite\",\"@id\":\"https:\\\/\\\/vitablanca.ma\\\/#website\",\"url\":\"https:\\\/\\\/vitablanca.ma\\\/\",\"name\":\"VitaBlanca.ma | Compl\u00e9ments alimentaires, sant\u00e9 & beaut\u00e9 au Maroc\",\"description\":\"vendre vitamines et compl\u00e9ments premium des USA &amp; Canada, Nouvelle Z\u00e9lande,Maroc (NOW Foods, Solgar, Manuka). Livraison rapide partout au Maroc.\",\"publisher\":{\"@id\":\"https:\\\/\\\/vitablanca.ma\\\/#organization\"},\"alternateName\":\"VitaBlanca.ma\",\"potentialAction\":[{\"@type\":\"SearchAction\",\"target\":{\"@type\":\"EntryPoint\",\"urlTemplate\":\"https:\\\/\\\/vitablanca.ma\\\/?s={search_term_string}\"},\"query-input\":{\"@type\":\"PropertyValueSpecification\",\"valueRequired\":true,\"valueName\":\"search_term_string\"}}],\"inLanguage\":\"ar\"},{\"@type\":\"Organization\",\"@id\":\"https:\\\/\\\/vitablanca.ma\\\/#organization\",\"name\":\"VitaBlanca\",\"url\":\"https:\\\/\\\/vitablanca.ma\\\/\",\"logo\":{\"@type\":\"ImageObject\",\"inLanguage\":\"ar\",\"@id\":\"https:\\\/\\\/vitablanca.ma\\\/#\\\/schema\\\/logo\\\/image\\\/\",\"url\":\"https:\\\/\\\/vitablanca.ma\\\/wp-content\\\/uploads\\\/2025\\\/05\\\/cropped-vitablanca.png\",\"contentUrl\":\"https:\\\/\\\/vitablanca.ma\\\/wp-content\\\/uploads\\\/2025\\\/05\\\/cropped-vitablanca.png\",\"width\":360,\"height\":67,\"caption\":\"VitaBlanca\"},\"image\":{\"@id\":\"https:\\\/\\\/vitablanca.ma\\\/#\\\/schema\\\/logo\\\/image\\\/\"},\"sameAs\":[\"https:\\\/\\\/www.facebook.com\\\/profile.php?id=61576678196717\",\"https:\\\/\\\/www.tiktok.com\\\/@vitablanca.ma\",\"https:\\\/\\\/www.instagram.com\\\/vitablanca.ma\\\/\"]}]}<\/script>\n<!-- \/ Yoast SEO plugin. -->","yoast_head_json":{"title":"Ducray KELUAL DS Shampooing 100ml - Maroc Prix","description":"Ducray KELUAL DS Shampooing 100ml","robots":{"index":"index","follow":"follow","max-snippet":"max-snippet:-1","max-image-preview":"max-image-preview:large","max-video-preview":"max-video-preview:-1"},"canonical":"https:\/\/vitablanca.ma\/ar\/product-2\/ducray-kelual-ds-shampooing-100ml\/","og_locale":"ar_AR","og_type":"article","og_title":"Ducray KELUAL DS Shampooing 100ml - Maroc Prix","og_description":"Ducray KELUAL DS Shampooing 100ml","og_url":"https:\/\/vitablanca.ma\/ar\/product-2\/ducray-kelual-ds-shampooing-100ml\/","og_site_name":"Vitablanca.ma &ndash; Sant&eacute;, vitalit&eacute; et bien-&ecirc;tre pour tous les Marocains","article_publisher":"https:\/\/www.facebook.com\/profile.php?id=61576678196717","og_image":[{"width":1000,"height":1000,"url":"https:\/\/vitablanca.ma\/wp-content\/uploads\/2025\/06\/Ducray-KELUAL-DS-Shampooing-100ml-nova-parapharmacie-casablanca.jpg","type":"image\/jpeg"}],"twitter_card":"summary_large_image","twitter_misc":{"\u0648\u0642\u062a \u0627\u0644\u0642\u0631\u0627\u0621\u0629 \u0627\u0644\u0645\u064f\u0642\u062f\u0651\u0631":"\u062f\u0642\u064a\u0642\u0629 \u0648\u0627\u062d\u062f\u0629"},"schema":{"@context":"https:\/\/schema.org","@graph":[{"@type":["WebPage","ItemPage"],"@id":"https:\/\/vitablanca.ma\/produit\/ducray-kelual-ds-shampooing-100ml\/","url":"https:\/\/vitablanca.ma\/produit\/ducray-kelual-ds-shampooing-100ml\/","name":"Ducray KELUAL DS Shampooing 100ml - Maroc Prix","isPartOf":{"@id":"https:\/\/vitablanca.ma\/#website"},"primaryImageOfPage":{"@id":"https:\/\/vitablanca.ma\/produit\/ducray-kelual-ds-shampooing-100ml\/#primaryimage"},"image":{"@id":"https:\/\/vitablanca.ma\/produit\/ducray-kelual-ds-shampooing-100ml\/#primaryimage"},"thumbnailUrl":"https:\/\/vitablanca.ma\/wp-content\/uploads\/2025\/06\/Ducray-KELUAL-DS-Shampooing-100ml-nova-parapharmacie-casablanca.jpg","datePublished":"2025-06-10T16:53:53+00:00","description":"Ducray KELUAL DS Shampooing 100ml","breadcrumb":{"@id":"https:\/\/vitablanca.ma\/produit\/ducray-kelual-ds-shampooing-100ml\/#breadcrumb"},"inLanguage":"ar","potentialAction":[{"@type":"ReadAction","target":["https:\/\/vitablanca.ma\/produit\/ducray-kelual-ds-shampooing-100ml\/"]}]},{"@type":"ImageObject","inLanguage":"ar","@id":"https:\/\/vitablanca.ma\/produit\/ducray-kelual-ds-shampooing-100ml\/#primaryimage","url":"https:\/\/vitablanca.ma\/wp-content\/uploads\/2025\/06\/Ducray-KELUAL-DS-Shampooing-100ml-nova-parapharmacie-casablanca.jpg","contentUrl":"https:\/\/vitablanca.ma\/wp-content\/uploads\/2025\/06\/Ducray-KELUAL-DS-Shampooing-100ml-nova-parapharmacie-casablanca.jpg","width":1000,"height":1000},{"@type":"BreadcrumbList","@id":"https:\/\/vitablanca.ma\/produit\/ducray-kelual-ds-shampooing-100ml\/#breadcrumb","itemListElement":[{"@type":"ListItem","position":1,"name":"Home","item":"https:\/\/vitablanca.ma\/"},{"@type":"ListItem","position":2,"name":"Tous Les Produits","item":"https:\/\/vitablanca.ma\/tous-les-produits\/"},{"@type":"ListItem","position":3,"name":"Ducray KELUAL DS Shampooing 100ml"}]},{"@type":"WebSite","@id":"https:\/\/vitablanca.ma\/#website","url":"https:\/\/vitablanca.ma\/","name":"VitaBlanca.ma | \u0627\u0644\u0645\u0643\u0645\u0644\u0627\u062a \u0627\u0644\u063a\u0630\u0627\u0626\u064a\u0629\u060c \u0627\u0644\u0635\u062d\u0629 \u0648\u0627\u0644\u062c\u0645\u0627\u0644 \u0641\u064a \u0627\u0644\u0645\u063a\u0631\u0628","description":"\u0646\u0628\u064a\u0639 \u0641\u064a\u062a\u0627\u0645\u064a\u0646\u0627\u062a \u0648\u0645\u0643\u0645\u0644\u0627\u062a \u063a\u0630\u0627\u0626\u064a\u0629 \u0641\u0627\u062e\u0631\u0629 \u0645\u0646 \u0627\u0644\u0648\u0644\u0627\u064a\u0627\u062a \u0627\u0644\u0645\u062a\u062d\u062f\u0629 \u0627\u0644\u0623\u0645\u0631\u064a\u0643\u064a\u0629 \u0648\u0643\u0646\u062f\u0627 \u0648\u0646\u064a\u0648\u0632\u064a\u0644\u0646\u062f\u0627 \u0648\u0627\u0644\u0645\u063a\u0631\u0628 (\u0646\u0627\u0648 \u0641\u0648\u062f\u0632\u060c \u0633\u0648\u0644\u062c\u0627\u0631\u060c \u0645\u0627\u0646\u0648\u0643\u0627). \u062a\u0648\u0635\u064a\u0644 \u0633\u0631\u064a\u0639 \u0625\u0644\u0649 \u062c\u0645\u064a\u0639 \u0623\u0646\u062d\u0627\u0621 \u0627\u0644\u0645\u063a\u0631\u0628.","publisher":{"@id":"https:\/\/vitablanca.ma\/#organization"},"alternateName":"VitaBlanca.ma","potentialAction":[{"@type":"SearchAction","target":{"@type":"EntryPoint","urlTemplate":"https:\/\/vitablanca.ma\/?s={search_term_string}"},"query-input":{"@type":"PropertyValueSpecification","valueRequired":true,"valueName":"search_term_string"}}],"inLanguage":"ar"},{"@type":"Organization","@id":"https:\/\/vitablanca.ma\/#organization","name":"\u0641\u064a\u062a\u0627\u0628\u0644\u0627\u0646\u0643\u0627","url":"https:\/\/vitablanca.ma\/","logo":{"@type":"ImageObject","inLanguage":"ar","@id":"https:\/\/vitablanca.ma\/#\/schema\/logo\/image\/","url":"https:\/\/vitablanca.ma\/wp-content\/uploads\/2025\/05\/cropped-vitablanca.png","contentUrl":"https:\/\/vitablanca.ma\/wp-content\/uploads\/2025\/05\/cropped-vitablanca.png","width":360,"height":67,"caption":"VitaBlanca"},"image":{"@id":"https:\/\/vitablanca.ma\/#\/schema\/logo\/image\/"},"sameAs":["https:\/\/www.facebook.com\/profile.php?id=61576678196717","https:\/\/www.tiktok.com\/@vitablanca.ma","https:\/\/www.instagram.com\/vitablanca.ma\/"]}]}},"jetpack_sharing_enabled":true,"_links":{"self":[{"href":"https:\/\/vitablanca.ma\/ar\/wp-json\/wp\/v2\/product\/17134","targetHints":{"allow":["GET"]}}],"collection":[{"href":"https:\/\/vitablanca.ma\/ar\/wp-json\/wp\/v2\/product"}],"about":[{"href":"https:\/\/vitablanca.ma\/ar\/wp-json\/wp\/v2\/types\/product"}],"wp:featuredmedia":[{"embeddable":true,"href":"https:\/\/vitablanca.ma\/ar\/wp-json\/wp\/v2\/media\/17122"}],"wp:attachment":[{"href":"https:\/\/vitablanca.ma\/ar\/wp-json\/wp\/v2\/media?parent=17134"}],"wp:term":[{"taxonomy":"product_brand","embeddable":true,"href":"https:\/\/vitablanca.ma\/ar\/wp-json\/wp\/v2\/product_brand?post=17134"},{"taxonomy":"product_cat","embeddable":true,"href":"https:\/\/vitablanca.ma\/ar\/wp-json\/wp\/v2\/product_cat?post=17134"},{"taxonomy":"product_tag","embeddable":true,"href":"https:\/\/vitablanca.ma\/ar\/wp-json\/wp\/v2\/product_tag?post=17134"}],"curies":[{"name":"wp","href":"https:\/\/api.w.org\/{rel}","templated":true}]}}