{"id":17090,"date":"2025-06-10T16:53:20","date_gmt":"2025-06-10T16:53:20","guid":{"rendered":"https:\/\/vitablanca.ma\/product\/dodie-biberon-verre-initiation-150ml\/"},"modified":"2025-06-10T16:53:20","modified_gmt":"2025-06-10T16:53:20","slug":"dodie-biberon-verre-initiation-150ml","status":"publish","type":"product","link":"https:\/\/vitablanca.ma\/ar\/product-2\/dodie-biberon-verre-initiation-150ml\/","title":{"rendered":"\u0632\u062c\u0627\u062c\u0629 \u062f\u0648\u062f\u064a \u0625\u0646\u064a\u062a\u064a\u0634\u0646 \u0632\u062c\u0627\u062c\u064a\u0629 150 \u0645\u0644"},"content":{"rendered":"<h2>Dodie Biberon Verre Initiation\u00a0anti-colique pour les b\u00e9b\u00e9s d\u00e8s la naissance.<\/h2>\n<div class=\"product attribute overview\">\n<div class=\"value\">\n<p>Lot de 2 Biberons de la gamme Initiation, la gamme de biberons anti-coliques qui gr\u00e2ce \u00e0 sa t\u00e9tine ronde 3 vitesses permet d&rsquo;adapter le d\u00e9bit au rythme du b\u00e9b\u00e9.<\/p>\n<h3>Lot de 2 Biberons 150ML avec t\u00e9tine ronde 3 vitesses en d\u00e9bit lent pour b\u00e9b\u00e9 d\u00e8s la naissance, motif Lagoon.<\/h3>\n<p>D\u00e9couvrez le lot de deux biberons au motif stellaire. Ce biberon avec son syst\u00e8me anti-colique est int\u00e9gr\u00e9 \u00e0 la t\u00e9tine gr\u00e2ce \u00e0 une double valve brevet\u00e9e, qui favorise la circulation de l&rsquo;air et r\u00e9duit les risques de coliques, d&rsquo;a\u00e9rophagie et de r\u00e9gurgitations. La t\u00e9tine ronde 3 vitesses permet d&rsquo;adapter le d\u00e9bit au rythme de succion du b\u00e9b\u00e9, en alignant le rep\u00e8re avec le nez du b\u00e9b\u00e9 au cours du repas.<\/p>\n<ul>\n<li>\u0635\u0646\u0639 \u0641\u064a \u0641\u0631\u0646\u0633\u0627<\/li>\n<li>T\u00e9tine t\u00e9tine ronde 3 vitesses<\/li>\n<li>\u062a\u0645 \u0642\u0628\u0648\u0644\u0647 \u0645\u0646 \u0642\u0628\u0644 851 \u0637\u0641\u0644\u064b\u0627 \u0645\u0646 TP3T \u0648\u0623\u0648\u0635\u0649 \u0628\u0647 9 \u0645\u0646 \u0623\u0635\u0644 10 \u0622\u0628\u0627\u0621 (\u062a\u0645 \u0625\u062c\u0631\u0627\u0621 \u0627\u0644\u0627\u062e\u062a\u0628\u0627\u0631 \u0628\u0648\u0627\u0633\u0637\u0629 IDM \u0641\u064a \u062f\u064a\u0633\u0645\u0628\u0631 2018 \u0639\u0644\u0649 65 \u0637\u0641\u0644\u064b\u0627 \u062a\u062a\u0631\u0627\u0648\u062d \u0623\u0639\u0645\u0627\u0631\u0647\u0645 \u0645\u0646 \u0627\u0644\u0648\u0644\u0627\u062f\u0629 \u0625\u0644\u0649 24 \u0634\u0647\u0631\u064b\u0627)<\/li>\n<li>\u0646\u0638\u0627\u0645 \u0645\u0636\u0627\u062f \u0644\u0644\u0645\u063a\u0635<\/li>\n<li>\u0634\u0643\u0644 \u0645\u062b\u0644\u062b \u0644\u0633\u0647\u0648\u0644\u0629 \u0627\u0644\u0625\u0645\u0633\u0627\u0643 \u0628\u0647 \u0648\u0644\u0645\u0646\u0639 \u0627\u0644\u062a\u062f\u062d\u0631\u062c \u0641\u064a \u062d\u0627\u0644\u0629 \u0627\u0644\u0633\u0642\u0648\u0637<\/li>\n<li>\u0645\u0636\u0645\u0648\u0646\u0629 \u062e\u0627\u0644\u064a\u0629 \u0645\u0646 \u0645\u0627\u062f\u0629 \u0627\u0644\u0628\u064a\u0633\u0641\u064a\u0646\u0648\u0644 A* \u0648 S (*\u0648\u0641\u0642\u064b\u0627 \u0644\u0644\u0648\u0627\u0626\u062d \u0627\u0644\u062d\u0627\u0644\u064a\u0629)<\/li>\n<\/ul>\n<h3 aria-expanded=\"true\" aria-controls=\"usage-tips\" data-collapsible=\"true\" role=\"tab\" id=\"tab-label-usage-tips\" data-role=\"collapsible\" class=\"data item title allow active\">\u0637\u0631\u064a\u0642\u0629 \u0627\u0644\u0627\u0633\u062a\u062e\u062f\u0627\u0645<\/h3>\n<div aria-hidden=\"false\" role=\"tabpanel\" data-role=\"content\" id=\"usage-tips\" aria-labelledby=\"tab-label-usage-tips\" class=\"data item content\">\n<div class=\"product attribute usage-tips\">\n<strong class=\"type\"><\/strong><\/p>\n<div class=\"value\">\n<div data-element=\"main\" data-appearance=\"contained\" data-content-type=\"row\">\n<div data-element=\"inner\" data-background-images=\"{}\" data-parallax-speed=\"0.5\" data-enable-parallax=\"0\">\n<div data-element=\"main\" data-appearance=\"default\" data-content-type=\"text\">\n<p><strong>CONSEILS D\u2019UTILISATION ET PR\u00c9CAUTIONS D\u2019EMPLOI<\/strong><br \/>- \u0642\u0628\u0644 \u0627\u0644\u0627\u0633\u062a\u062e\u062f\u0627\u0645 \u0627\u0644\u0623\u0648\u0644\u060c \u0642\u0645 \u0628\u063a\u0644\u064a \u0632\u062c\u0627\u062c\u0629 \u062f\u0648\u062f\u064a \u0648\u0627\u0644\u062d\u0644\u0645\u0629 \u0648\u0627\u0644\u0645\u0644\u062d\u0642\u0627\u062a \u0644\u0645\u062f\u0629 5 \u062f\u0642\u0627\u0626\u0642.<br \/>- \u062c\u0645\u064a\u0639 \u0627\u0644\u0623\u062c\u0632\u0627\u0621 \u0622\u0645\u0646\u0629 \u0644\u0644\u063a\u0633\u0644 \u0641\u064a \u063a\u0633\u0627\u0644\u0629 \u0627\u0644\u0623\u0637\u0628\u0627\u0642 (\u0627\u0644\u0631\u0641 \u0627\u0644\u0639\u0644\u0648\u064a).<br \/>&#8211; Avant chaque utilisation, nettoyer le biberon et la t\u00e9tine. Examiner la t\u00e9tine et la jeter d\u00e8s les premiers signes de d\u00e9t\u00e9rioration ou de fragilit\u00e9. Ne pas exposer directement la t\u00e9tine au soleil ou \u00e0 la chaleur.<br \/>- \u064a\u0648\u0635\u0649 \u0628\u0627\u0633\u062a\u0628\u062f\u0627\u0644 \u0627\u0644\u0644\u0647\u0627\u064a\u0629 \u0643\u0644 6 \u0623\u0633\u0627\u0628\u064a\u0639 \u0639\u0644\u0649 \u0627\u0644\u0623\u0642\u0644 \u0644\u0623\u0633\u0628\u0627\u0628 \u062a\u062a\u0639\u0644\u0642 \u0628\u0627\u0644\u0646\u0638\u0627\u0641\u0629 \u0648\u0627\u0644\u0633\u0644\u0627\u0645\u0629.<\/p>\n<p><strong>INSTRUCTIONS POUR LA ST\u00c9RILISATION<\/strong><br \/>\u0644\u0644\u062a\u0639\u0642\u064a\u0645 \u0627\u0644\u0628\u0627\u0631\u062f\u060c \u0627\u062a\u0628\u0639\u064a \u062a\u0639\u0644\u064a\u0645\u0627\u062a \u0627\u0644\u0627\u0633\u062a\u062e\u062f\u0627\u0645 \u0628\u0639\u0646\u0627\u064a\u0629. \u0627\u062d\u0631\u0635\u064a \u0639\u0644\u0649 \u0639\u062f\u0645 \u062a\u0631\u0643 \u0627\u0644\u062d\u0644\u0645\u0629 \u0641\u064a \u0645\u062d\u0644\u0648\u0644 \u0627\u0644\u062a\u0639\u0642\u064a\u0645 \u0644\u0641\u062a\u0631\u0629 \u0623\u0637\u0648\u0644 \u0645\u0646 \u0627\u0644\u0645\u062f\u0629 \u0627\u0644\u0645\u062d\u062f\u062f\u0629\u060c \u0648\u0635\u064e\u0641\u0651\u064a \u0627\u0644\u0632\u062c\u0627\u062c\u0629 \u0648\u0627\u0644\u062d\u0644\u0645\u0629 \u062c\u064a\u062f\u064b\u0627 \u0642\u0628\u0644 \u062a\u062d\u0636\u064a\u0631\u0647\u0627.<br \/>- \u0628\u0627\u0644\u0646\u0633\u0628\u0629 \u0644\u0644\u062a\u0639\u0642\u064a\u0645 \u0627\u0644\u0633\u0627\u062e\u0646 (\u0628\u0627\u0644\u0628\u062e\u0627\u0631 \u0623\u0648 \u0627\u0644\u0645\u064a\u0643\u0631\u0648\u0648\u064a\u0641)\u060c \u0627\u062a\u0628\u0639 \u0628\u0639\u0646\u0627\u064a\u0629 \u0627\u0644\u062a\u0639\u0644\u064a\u0645\u0627\u062a \u0627\u0644\u0645\u0648\u062c\u0648\u062f\u0629 \u0639\u0644\u0649 \u0627\u0644\u062c\u0647\u0627\u0632 \u0627\u0644\u0645\u0633\u062a\u062e\u062f\u0645.<br \/>- \u0642\u0628\u0644 \u0627\u0644\u062a\u0646\u0638\u064a\u0641 \u0623\u0648 \u0627\u0644\u062a\u0639\u0642\u064a\u0645 \u0628\u0627\u0644\u062d\u0631\u0627\u0631\u0629\u060c \u0642\u0645 \u0628\u062a\u0641\u0643\u064a\u0643 \u0627\u0644\u0632\u062c\u0627\u062c\u0629 \u0628\u0627\u0644\u0643\u0627\u0645\u0644.<br \/>- \u0627\u0646\u062a\u0638\u0631 \u062d\u062a\u0649 \u062a\u0628\u0631\u062f \u0627\u0644\u0623\u062c\u0632\u0627\u0621 \u062a\u0645\u0627\u0645\u064b\u0627 \u0642\u0628\u0644 \u0625\u0639\u0627\u062f\u0629 \u062a\u062c\u0645\u064a\u0639 \u0627\u0644\u0632\u062c\u0627\u062c\u0629\u060c \u0644\u0623\u0646\u0647 \u0639\u0646\u062f\u0645\u0627 \u062a\u0643\u0648\u0646 \u0627\u0644\u062d\u0644\u0642\u0629 \u0633\u0627\u062e\u0646\u0629\u060c \u0642\u062f \u064a\u0643\u0648\u0646 \u0645\u0646 \u0627\u0644\u0635\u0639\u0628 \u062a\u062b\u0628\u064a\u062a\u0647\u0627 \u0639\u0644\u0649 \u0627\u0644\u0632\u062c\u0627\u062c\u0629.<\/p>\n<p><strong>INSTRUCTIONS POUR LE CHAUFFAGE (NE PAS SURCHAUFFER)<\/strong><br \/>- \u0625\u0630\u0627 \u0642\u0645\u062a \u0628\u062a\u0633\u062e\u064a\u0646 \u0632\u062c\u0627\u062c\u0629 \u062f\u0648\u062f\u064a\u060c \u0648\u062e\u0627\u0635\u0629 \u0641\u064a \u0627\u0644\u0645\u064a\u0643\u0631\u0648\u0648\u064a\u0641\u060c \u0636\u0639 \u0627\u0644\u0632\u062c\u0627\u062c\u0629 \u0641\u064a \u0648\u0636\u0639 \u0645\u0633\u062a\u0642\u064a\u0645\u060c \u0645\u0641\u062a\u0648\u062d\u0629 \u0648\u0645\u0645\u0644\u0648\u0621\u0629.<br \/>\u062a\u0648\u062e\u064e\u0651 \u0627\u0644\u062d\u0630\u0631 \u0627\u0644\u0634\u062f\u064a\u062f \u0639\u0646\u062f \u0627\u0644\u062a\u0633\u062e\u064a\u0646 \u0641\u064a \u0627\u0644\u0645\u064a\u0643\u0631\u0648\u0648\u064a\u0641\u060c \u0641\u0642\u062f \u064a\u0624\u062f\u064a \u0630\u0644\u0643 \u0625\u0644\u0649 \u0627\u0631\u062a\u0641\u0627\u0639 \u0634\u062f\u064a\u062f \u0641\u064a \u062f\u0631\u062c\u0627\u062a \u0627\u0644\u062d\u0631\u0627\u0631\u0629 \u0627\u0644\u0645\u0648\u0636\u0639\u064a\u0629. \u0627\u062d\u0631\u0635 \u062f\u0627\u0626\u0645\u064b\u0627 \u0639\u0644\u0649 \u062a\u0642\u0644\u064a\u0628 \u0627\u0644\u0637\u0639\u0627\u0645 \u0628\u0639\u062f \u0627\u0644\u062a\u0633\u062e\u064a\u0646\u060c \u0648\u062a\u062d\u0642\u0642 \u0645\u0646 \u062f\u0631\u062c\u0629 \u062d\u0631\u0627\u0631\u062a\u0647 \u0642\u0628\u0644 \u062a\u0642\u062f\u064a\u0645\u0647.<\/p>\n<p><strong>POUR LA S\u00c9CURIT\u00c9 ET LA SANT\u00c9 DE VOTRE ENFANT : AVERTISSEMENT !<\/strong><br \/>- \u062a\u0646\u0627\u0648\u0644 \u0627\u0644\u0633\u0648\u0627\u0626\u0644 \u0628\u0634\u0643\u0644 \u0645\u0633\u062a\u0645\u0631 \u0648\u0644\u0645\u062f\u0629 \u0637\u0648\u064a\u0644\u0629 \u0642\u062f \u064a\u0624\u062f\u064a \u0625\u0644\u0649 \u0638\u0647\u0648\u0631 \u062a\u0633\u0648\u0633 \u0627\u0644\u0623\u0633\u0646\u0627\u0646.<br \/>- \u062a\u0623\u0643\u062f \u062f\u0627\u0626\u0645\u064b\u0627 \u0645\u0646 \u062f\u0631\u062c\u0629 \u062d\u0631\u0627\u0631\u0629 \u0627\u0644\u0637\u0639\u0627\u0645 \u0642\u0628\u0644 \u0625\u0637\u0639\u0627\u0645\u0647 \u0628\u0627\u0644\u0632\u062c\u0627\u062c\u0629.<br \/>- \u064a\u062a\u0645 \u0627\u0644\u062a\u062e\u0644\u0635 \u0645\u0646\u0647 \u0639\u0646\u062f \u0638\u0647\u0648\u0631 \u0623\u062f\u0646\u0649 \u0639\u0644\u0627\u0645\u0629 \u0639\u0644\u0649 \u0627\u0644\u062a\u062f\u0647\u0648\u0631 \u0623\u0648 \u0627\u0644\u0647\u0634\u0627\u0634\u0629.<br \/>- \u0627\u062d\u0641\u0638 \u062c\u0645\u064a\u0639 \u0627\u0644\u0639\u0646\u0627\u0635\u0631 \u063a\u064a\u0631 \u0627\u0644\u0645\u0633\u062a\u062e\u062f\u0645\u0629 \u0628\u0639\u064a\u062f\u064b\u0627 \u0639\u0646 \u0645\u062a\u0646\u0627\u0648\u0644 \u0627\u0644\u0623\u0637\u0641\u0627\u0644.<br \/>\u0644\u0627 \u062a\u0631\u0628\u0637\u064a\u0647 \u0623\u0628\u062f\u064b\u0627 \u0628\u0627\u0644\u062d\u0628\u0627\u0644 \u0623\u0648 \u0627\u0644\u0623\u0634\u0631\u0637\u0629 \u0623\u0648 \u0627\u0644\u0623\u0631\u0628\u0637\u0629 \u0623\u0648 \u0627\u0644\u0645\u0644\u0627\u0628\u0633 \u0627\u0644\u0641\u0636\u0641\u0627\u0636\u0629. \u0641\u0642\u062f \u064a\u062e\u062a\u0646\u0642 \u0637\u0641\u0644\u0643.<br \/>- \u0644\u0627 \u062a\u0633\u062a\u062e\u062f\u0645 \u062d\u0644\u0645\u0629 \u0627\u0644\u0632\u062c\u0627\u062c\u0629 \u0643\u0645\u0647\u062f\u0626\u0629 \u0623\u0628\u062f\u064b\u0627.<br \/>- \u064a\u062c\u0628 \u0627\u0633\u062a\u062e\u062f\u0627\u0645 \u0647\u0630\u0627 \u0627\u0644\u0645\u0646\u062a\u062c \u062f\u0627\u0626\u0645\u064b\u0627 \u062a\u062d\u062a \u0625\u0634\u0631\u0627\u0641 \u0634\u062e\u0635 \u0628\u0627\u0644\u063a.<br \/>- \u0627\u0644\u0632\u062c\u0627\u062c\u0627\u062a \u0627\u0644\u0632\u062c\u0627\u062c\u064a\u0629 \u064a\u0645\u0643\u0646 \u0623\u0646 \u062a\u0646\u0643\u0633\u0631.<\/p>\n<p>Informations \u00e0 conserver pour une utilisation ult\u00e9rieure.<\/p>\n<\/div>\n<\/div>\n<\/div>\n<\/div>\n<\/div>\n<\/div>\n<\/div>\n<\/div>","protected":false},"excerpt":{"rendered":"<p>Dodie Biberon Verre Initiation\u00a0anti-colique pour les b\u00e9b\u00e9s d\u00e8s la naissance. Lot de 2 Biberons de la gamme Initiation, la gamme de biberons anti-coliques qui gr\u00e2ce \u00e0 sa t\u00e9tine ronde 3 vitesses permet d&rsquo;adapter le d\u00e9bit au rythme du b\u00e9b\u00e9. Lot de 2 Biberons 150ML avec t\u00e9tine ronde 3 vitesses en d\u00e9bit lent pour b\u00e9b\u00e9 d\u00e8s [&hellip;]<\/p>\n","protected":false},"featured_media":17088,"template":"","meta":{"om_disable_all_campaigns":false},"product_brand":[],"product_cat":[15],"product_tag":[],"class_list":{"0":"post-17090","1":"product","2":"type-product","3":"status-publish","4":"has-post-thumbnail","6":"product_cat-beaute-sante-complements-alimentaires-soins-et-bien-etre-au-meilleur-prix","8":"first","9":"instock","10":"sale","11":"taxable","12":"shipping-taxable","13":"purchasable","14":"product-type-simple"},"yoast_head":"<!-- This site is optimized with the Yoast SEO plugin v27.3 - https:\/\/yoast.com\/product\/yoast-seo-wordpress\/ -->\n<title>Dodie Biberon Verre Initiation 150ml - Maroc Prix<\/title>\n<meta name=\"description\" content=\"Dodie Biberon Verre Initiation 150ml\" \/>\n<meta name=\"robots\" content=\"index, follow, max-snippet:-1, max-image-preview:large, max-video-preview:-1\" \/>\n<link rel=\"canonical\" href=\"https:\/\/vitablanca.ma\/ar\/product-2\/dodie-biberon-verre-initiation-150ml\/\" \/>\n<meta property=\"og:locale\" content=\"ar_AR\" \/>\n<meta property=\"og:type\" content=\"article\" \/>\n<meta property=\"og:title\" content=\"Dodie Biberon Verre Initiation 150ml - Maroc Prix\" \/>\n<meta property=\"og:description\" content=\"Dodie Biberon Verre Initiation 150ml\" \/>\n<meta property=\"og:url\" content=\"https:\/\/vitablanca.ma\/ar\/product-2\/dodie-biberon-verre-initiation-150ml\/\" \/>\n<meta property=\"og:site_name\" content=\"Vitablanca.ma &ndash; Sant&eacute;, vitalit&eacute; et bien-&ecirc;tre pour tous les Marocains\" \/>\n<meta property=\"article:publisher\" content=\"https:\/\/www.facebook.com\/profile.php?id=61576678196717\" \/>\n<meta property=\"og:image\" content=\"https:\/\/vitablanca.ma\/wp-content\/uploads\/2025\/06\/Dodie-Biberon-Verre-Initiation-150ml-nova-parapharmacie-casablanca_e5bccf80-df54-4e55-97ec-950df93ac240.jpg\" \/>\n\t<meta property=\"og:image:width\" content=\"1000\" \/>\n\t<meta property=\"og:image:height\" content=\"1000\" \/>\n\t<meta property=\"og:image:type\" content=\"image\/jpeg\" \/>\n<meta name=\"twitter:card\" content=\"summary_large_image\" \/>\n<meta name=\"twitter:label1\" content=\"\u0648\u0642\u062a \u0627\u0644\u0642\u0631\u0627\u0621\u0629 \u0627\u0644\u0645\u064f\u0642\u062f\u0651\u0631\" \/>\n\t<meta name=\"twitter:data1\" content=\"3 \u062f\u0642\u0627\u0626\u0642\" \/>\n<script type=\"application\/ld+json\" class=\"yoast-schema-graph\">{\"@context\":\"https:\\\/\\\/schema.org\",\"@graph\":[{\"@type\":[\"WebPage\",\"ItemPage\"],\"@id\":\"https:\\\/\\\/vitablanca.ma\\\/produit\\\/dodie-biberon-verre-initiation-150ml\\\/\",\"url\":\"https:\\\/\\\/vitablanca.ma\\\/produit\\\/dodie-biberon-verre-initiation-150ml\\\/\",\"name\":\"Dodie Biberon Verre Initiation 150ml - Maroc Prix\",\"isPartOf\":{\"@id\":\"https:\\\/\\\/vitablanca.ma\\\/#website\"},\"primaryImageOfPage\":{\"@id\":\"https:\\\/\\\/vitablanca.ma\\\/produit\\\/dodie-biberon-verre-initiation-150ml\\\/#primaryimage\"},\"image\":{\"@id\":\"https:\\\/\\\/vitablanca.ma\\\/produit\\\/dodie-biberon-verre-initiation-150ml\\\/#primaryimage\"},\"thumbnailUrl\":\"https:\\\/\\\/vitablanca.ma\\\/wp-content\\\/uploads\\\/2025\\\/06\\\/Dodie-Biberon-Verre-Initiation-150ml-nova-parapharmacie-casablanca_e5bccf80-df54-4e55-97ec-950df93ac240.jpg\",\"datePublished\":\"2025-06-10T16:53:20+00:00\",\"description\":\"Dodie Biberon Verre Initiation 150ml\",\"breadcrumb\":{\"@id\":\"https:\\\/\\\/vitablanca.ma\\\/produit\\\/dodie-biberon-verre-initiation-150ml\\\/#breadcrumb\"},\"inLanguage\":\"ar\",\"potentialAction\":[{\"@type\":\"ReadAction\",\"target\":[\"https:\\\/\\\/vitablanca.ma\\\/produit\\\/dodie-biberon-verre-initiation-150ml\\\/\"]}]},{\"@type\":\"ImageObject\",\"inLanguage\":\"ar\",\"@id\":\"https:\\\/\\\/vitablanca.ma\\\/produit\\\/dodie-biberon-verre-initiation-150ml\\\/#primaryimage\",\"url\":\"https:\\\/\\\/vitablanca.ma\\\/wp-content\\\/uploads\\\/2025\\\/06\\\/Dodie-Biberon-Verre-Initiation-150ml-nova-parapharmacie-casablanca_e5bccf80-df54-4e55-97ec-950df93ac240.jpg\",\"contentUrl\":\"https:\\\/\\\/vitablanca.ma\\\/wp-content\\\/uploads\\\/2025\\\/06\\\/Dodie-Biberon-Verre-Initiation-150ml-nova-parapharmacie-casablanca_e5bccf80-df54-4e55-97ec-950df93ac240.jpg\",\"width\":1000,\"height\":1000},{\"@type\":\"BreadcrumbList\",\"@id\":\"https:\\\/\\\/vitablanca.ma\\\/produit\\\/dodie-biberon-verre-initiation-150ml\\\/#breadcrumb\",\"itemListElement\":[{\"@type\":\"ListItem\",\"position\":1,\"name\":\"Home\",\"item\":\"https:\\\/\\\/vitablanca.ma\\\/\"},{\"@type\":\"ListItem\",\"position\":2,\"name\":\"Tous Les Produits\",\"item\":\"https:\\\/\\\/vitablanca.ma\\\/tous-les-produits\\\/\"},{\"@type\":\"ListItem\",\"position\":3,\"name\":\"Dodie Biberon Verre Initiation 150ml\"}]},{\"@type\":\"WebSite\",\"@id\":\"https:\\\/\\\/vitablanca.ma\\\/#website\",\"url\":\"https:\\\/\\\/vitablanca.ma\\\/\",\"name\":\"VitaBlanca.ma | Compl\u00e9ments alimentaires, sant\u00e9 & beaut\u00e9 au Maroc\",\"description\":\"vendre vitamines et compl\u00e9ments premium des USA &amp; Canada, Nouvelle Z\u00e9lande,Maroc (NOW Foods, Solgar, Manuka). Livraison rapide partout au Maroc.\",\"publisher\":{\"@id\":\"https:\\\/\\\/vitablanca.ma\\\/#organization\"},\"alternateName\":\"VitaBlanca.ma\",\"potentialAction\":[{\"@type\":\"SearchAction\",\"target\":{\"@type\":\"EntryPoint\",\"urlTemplate\":\"https:\\\/\\\/vitablanca.ma\\\/?s={search_term_string}\"},\"query-input\":{\"@type\":\"PropertyValueSpecification\",\"valueRequired\":true,\"valueName\":\"search_term_string\"}}],\"inLanguage\":\"ar\"},{\"@type\":\"Organization\",\"@id\":\"https:\\\/\\\/vitablanca.ma\\\/#organization\",\"name\":\"VitaBlanca\",\"url\":\"https:\\\/\\\/vitablanca.ma\\\/\",\"logo\":{\"@type\":\"ImageObject\",\"inLanguage\":\"ar\",\"@id\":\"https:\\\/\\\/vitablanca.ma\\\/#\\\/schema\\\/logo\\\/image\\\/\",\"url\":\"https:\\\/\\\/vitablanca.ma\\\/wp-content\\\/uploads\\\/2025\\\/05\\\/cropped-vitablanca.png\",\"contentUrl\":\"https:\\\/\\\/vitablanca.ma\\\/wp-content\\\/uploads\\\/2025\\\/05\\\/cropped-vitablanca.png\",\"width\":360,\"height\":67,\"caption\":\"VitaBlanca\"},\"image\":{\"@id\":\"https:\\\/\\\/vitablanca.ma\\\/#\\\/schema\\\/logo\\\/image\\\/\"},\"sameAs\":[\"https:\\\/\\\/www.facebook.com\\\/profile.php?id=61576678196717\",\"https:\\\/\\\/www.tiktok.com\\\/@vitablanca.ma\",\"https:\\\/\\\/www.instagram.com\\\/vitablanca.ma\\\/\"]}]}<\/script>\n<!-- \/ Yoast SEO plugin. -->","yoast_head_json":{"title":"Dodie Biberon Verre Initiation 150ml - Maroc Prix","description":"\u0632\u062c\u0627\u062c\u0629 \u062f\u0648\u062f\u064a \u0625\u0646\u064a\u062a\u064a\u0634\u0646 \u0632\u062c\u0627\u062c\u064a\u0629 150 \u0645\u0644","robots":{"index":"index","follow":"follow","max-snippet":"max-snippet:-1","max-image-preview":"max-image-preview:large","max-video-preview":"max-video-preview:-1"},"canonical":"https:\/\/vitablanca.ma\/ar\/product-2\/dodie-biberon-verre-initiation-150ml\/","og_locale":"ar_AR","og_type":"article","og_title":"Dodie Biberon Verre Initiation 150ml - Maroc Prix","og_description":"Dodie Biberon Verre Initiation 150ml","og_url":"https:\/\/vitablanca.ma\/ar\/product-2\/dodie-biberon-verre-initiation-150ml\/","og_site_name":"Vitablanca.ma &ndash; Sant&eacute;, vitalit&eacute; et bien-&ecirc;tre pour tous les Marocains","article_publisher":"https:\/\/www.facebook.com\/profile.php?id=61576678196717","og_image":[{"width":1000,"height":1000,"url":"https:\/\/vitablanca.ma\/wp-content\/uploads\/2025\/06\/Dodie-Biberon-Verre-Initiation-150ml-nova-parapharmacie-casablanca_e5bccf80-df54-4e55-97ec-950df93ac240.jpg","type":"image\/jpeg"}],"twitter_card":"summary_large_image","twitter_misc":{"\u0648\u0642\u062a \u0627\u0644\u0642\u0631\u0627\u0621\u0629 \u0627\u0644\u0645\u064f\u0642\u062f\u0651\u0631":"3 \u062f\u0642\u0627\u0626\u0642"},"schema":{"@context":"https:\/\/schema.org","@graph":[{"@type":["WebPage","ItemPage"],"@id":"https:\/\/vitablanca.ma\/produit\/dodie-biberon-verre-initiation-150ml\/","url":"https:\/\/vitablanca.ma\/produit\/dodie-biberon-verre-initiation-150ml\/","name":"Dodie Biberon Verre Initiation 150ml - Maroc Prix","isPartOf":{"@id":"https:\/\/vitablanca.ma\/#website"},"primaryImageOfPage":{"@id":"https:\/\/vitablanca.ma\/produit\/dodie-biberon-verre-initiation-150ml\/#primaryimage"},"image":{"@id":"https:\/\/vitablanca.ma\/produit\/dodie-biberon-verre-initiation-150ml\/#primaryimage"},"thumbnailUrl":"https:\/\/vitablanca.ma\/wp-content\/uploads\/2025\/06\/Dodie-Biberon-Verre-Initiation-150ml-nova-parapharmacie-casablanca_e5bccf80-df54-4e55-97ec-950df93ac240.jpg","datePublished":"2025-06-10T16:53:20+00:00","description":"\u0632\u062c\u0627\u062c\u0629 \u062f\u0648\u062f\u064a \u0625\u0646\u064a\u062a\u064a\u0634\u0646 \u0632\u062c\u0627\u062c\u064a\u0629 150 \u0645\u0644","breadcrumb":{"@id":"https:\/\/vitablanca.ma\/produit\/dodie-biberon-verre-initiation-150ml\/#breadcrumb"},"inLanguage":"ar","potentialAction":[{"@type":"ReadAction","target":["https:\/\/vitablanca.ma\/produit\/dodie-biberon-verre-initiation-150ml\/"]}]},{"@type":"ImageObject","inLanguage":"ar","@id":"https:\/\/vitablanca.ma\/produit\/dodie-biberon-verre-initiation-150ml\/#primaryimage","url":"https:\/\/vitablanca.ma\/wp-content\/uploads\/2025\/06\/Dodie-Biberon-Verre-Initiation-150ml-nova-parapharmacie-casablanca_e5bccf80-df54-4e55-97ec-950df93ac240.jpg","contentUrl":"https:\/\/vitablanca.ma\/wp-content\/uploads\/2025\/06\/Dodie-Biberon-Verre-Initiation-150ml-nova-parapharmacie-casablanca_e5bccf80-df54-4e55-97ec-950df93ac240.jpg","width":1000,"height":1000},{"@type":"BreadcrumbList","@id":"https:\/\/vitablanca.ma\/produit\/dodie-biberon-verre-initiation-150ml\/#breadcrumb","itemListElement":[{"@type":"ListItem","position":1,"name":"Home","item":"https:\/\/vitablanca.ma\/"},{"@type":"ListItem","position":2,"name":"Tous Les Produits","item":"https:\/\/vitablanca.ma\/tous-les-produits\/"},{"@type":"ListItem","position":3,"name":"Dodie Biberon Verre Initiation 150ml"}]},{"@type":"WebSite","@id":"https:\/\/vitablanca.ma\/#website","url":"https:\/\/vitablanca.ma\/","name":"VitaBlanca.ma | \u0627\u0644\u0645\u0643\u0645\u0644\u0627\u062a \u0627\u0644\u063a\u0630\u0627\u0626\u064a\u0629\u060c \u0627\u0644\u0635\u062d\u0629 \u0648\u0627\u0644\u062c\u0645\u0627\u0644 \u0641\u064a \u0627\u0644\u0645\u063a\u0631\u0628","description":"\u0646\u0628\u064a\u0639 \u0641\u064a\u062a\u0627\u0645\u064a\u0646\u0627\u062a \u0648\u0645\u0643\u0645\u0644\u0627\u062a \u063a\u0630\u0627\u0626\u064a\u0629 \u0641\u0627\u062e\u0631\u0629 \u0645\u0646 \u0627\u0644\u0648\u0644\u0627\u064a\u0627\u062a \u0627\u0644\u0645\u062a\u062d\u062f\u0629 \u0627\u0644\u0623\u0645\u0631\u064a\u0643\u064a\u0629 \u0648\u0643\u0646\u062f\u0627 \u0648\u0646\u064a\u0648\u0632\u064a\u0644\u0646\u062f\u0627 \u0648\u0627\u0644\u0645\u063a\u0631\u0628 (\u0646\u0627\u0648 \u0641\u0648\u062f\u0632\u060c \u0633\u0648\u0644\u062c\u0627\u0631\u060c \u0645\u0627\u0646\u0648\u0643\u0627). \u062a\u0648\u0635\u064a\u0644 \u0633\u0631\u064a\u0639 \u0625\u0644\u0649 \u062c\u0645\u064a\u0639 \u0623\u0646\u062d\u0627\u0621 \u0627\u0644\u0645\u063a\u0631\u0628.","publisher":{"@id":"https:\/\/vitablanca.ma\/#organization"},"alternateName":"VitaBlanca.ma","potentialAction":[{"@type":"SearchAction","target":{"@type":"EntryPoint","urlTemplate":"https:\/\/vitablanca.ma\/?s={search_term_string}"},"query-input":{"@type":"PropertyValueSpecification","valueRequired":true,"valueName":"search_term_string"}}],"inLanguage":"ar"},{"@type":"Organization","@id":"https:\/\/vitablanca.ma\/#organization","name":"\u0641\u064a\u062a\u0627\u0628\u0644\u0627\u0646\u0643\u0627","url":"https:\/\/vitablanca.ma\/","logo":{"@type":"ImageObject","inLanguage":"ar","@id":"https:\/\/vitablanca.ma\/#\/schema\/logo\/image\/","url":"https:\/\/vitablanca.ma\/wp-content\/uploads\/2025\/05\/cropped-vitablanca.png","contentUrl":"https:\/\/vitablanca.ma\/wp-content\/uploads\/2025\/05\/cropped-vitablanca.png","width":360,"height":67,"caption":"VitaBlanca"},"image":{"@id":"https:\/\/vitablanca.ma\/#\/schema\/logo\/image\/"},"sameAs":["https:\/\/www.facebook.com\/profile.php?id=61576678196717","https:\/\/www.tiktok.com\/@vitablanca.ma","https:\/\/www.instagram.com\/vitablanca.ma\/"]}]}},"jetpack_sharing_enabled":true,"_links":{"self":[{"href":"https:\/\/vitablanca.ma\/ar\/wp-json\/wp\/v2\/product\/17090","targetHints":{"allow":["GET"]}}],"collection":[{"href":"https:\/\/vitablanca.ma\/ar\/wp-json\/wp\/v2\/product"}],"about":[{"href":"https:\/\/vitablanca.ma\/ar\/wp-json\/wp\/v2\/types\/product"}],"wp:featuredmedia":[{"embeddable":true,"href":"https:\/\/vitablanca.ma\/ar\/wp-json\/wp\/v2\/media\/17088"}],"wp:attachment":[{"href":"https:\/\/vitablanca.ma\/ar\/wp-json\/wp\/v2\/media?parent=17090"}],"wp:term":[{"taxonomy":"product_brand","embeddable":true,"href":"https:\/\/vitablanca.ma\/ar\/wp-json\/wp\/v2\/product_brand?post=17090"},{"taxonomy":"product_cat","embeddable":true,"href":"https:\/\/vitablanca.ma\/ar\/wp-json\/wp\/v2\/product_cat?post=17090"},{"taxonomy":"product_tag","embeddable":true,"href":"https:\/\/vitablanca.ma\/ar\/wp-json\/wp\/v2\/product_tag?post=17090"}],"curies":[{"name":"wp","href":"https:\/\/api.w.org\/{rel}","templated":true}]}}