{"id":16986,"date":"2025-06-10T16:51:57","date_gmt":"2025-06-10T16:51:57","guid":{"rendered":"https:\/\/vitablanca.ma\/product\/dietaroma-maca-60-comprimes\/"},"modified":"2026-01-21T17:49:03","modified_gmt":"2026-01-21T17:49:03","slug":"dietaroma-maca-60-comprimes","status":"publish","type":"product","link":"https:\/\/vitablanca.ma\/ar\/product-2\/dietaroma-maca-60-comprimes\/","title":{"rendered":"\u0623\u0642\u0631\u0627\u0635 \u062f\u064a\u062a\u0627\u0631\u0648\u0645\u0627 \u0645\u0627\u0643\u0627 60 \u0642\u0631\u0635\u064b\u0627"},"content":{"rendered":"<h2>Dietaroma Maca<\/h2>\n<p>60 \u0642\u0631\u0635\u064b\u0627<\/p>\n<p><strong>Comprim\u00e9s clean hautement concentr\u00e9s en actifs<\/strong>, gr\u00e2ce \u00e0 un proc\u00e9d\u00e9 brevet\u00e9 qui extrait le totum de la plante.<\/p>\n<p>Maca 100% r\u00e9colt\u00e9e au P\u00e9rou.<\/p>\n<div class=\"tab-pane fade in active description\" id=\"description\" role=\"tabpanel\">\n<div class=\"tab-pane-title\">\n<h3>\u0648\u0635\u0641:<\/h3>\n<\/div>\n<div class=\"product-description\">\n<p>Comprim\u00e9s clean hautement concentr\u00e9s en actifs, gr\u00e2ce \u00e0 un proc\u00e9d\u00e9 brevet\u00e9 qui extrait le totum de la plante.<br \/>Maca 100% r\u00e9colt\u00e9e au P\u00e9rou.<\/p>\n<p>\u00a0<\/p>\n<p><em>La maca contribue aux\u00a0<strong>PERFORMANCES PHYSIQUES ET MENTALES<\/strong><\/em><\/p>\n<p><span>Expertise et innovation<\/span>\u00a0: Concentr\u00e9 Int\u00e9gral de Plantes\u00ae<\/p>\n<ul>\n<li><span>Extraction d\u2019eau subcritique\u00ae : Un proc\u00e9d\u00e9 unique et brevet\u00e9 qui va en profondeur dans les plantes pour r\u00e9cup\u00e9rer les substances hautement actives. C\u2019est une technologie innovante et naturelle qui extrait le meilleur de la plante uniquement \u00e0 l\u2019eau.<\/span><\/li>\n<li><span>Des produits certifi\u00e9s Ecocert.<\/span><\/li>\n<li><span>Une m\u00e9thode enti\u00e8rement d\u00e9velopp\u00e9e en France, dans une d\u00e9marche \u00e9co-responsable car elle n\u2019utilise pas de solvants alcooliques ou toxiques. De plus, elle r\u00e9duit la consommation d\u2019eau jusqu\u2019\u00e0 dix fois par rapport \u00e0 un proc\u00e9d\u00e9 conventionnel.<\/span><\/li>\n<li><span>Gr\u00e2ce \u00e0 cette technologie innovante, nous obtenons une tr\u00e8s grande vari\u00e9t\u00e9 d\u2019actifs (le totum de la plante), dans des concentrations tr\u00e8s importantes, tout en garantissant la naturalit\u00e9 et la qualit\u00e9 de ce produit.<\/span><\/li>\n<\/ul>\n<p><span>Tra\u00e7abilit\u00e9 renforc\u00e9e :<\/span>\u00a0fili\u00e8res locales et ma\u00eetris\u00e9es<\/p>\n<ul>\n<li><span>Di\u00e9taroma s\u2019engage pour vous proposer le Concentr\u00e9 Int\u00e9gral de Plantes\u00ae en comprim\u00e9s dont les plantes proviennent de fili\u00e8res fran\u00e7aises ou ma\u00eetris\u00e9es quand l\u2019approvisionnement local n\u2019est pas possible.<\/span><\/li>\n<li><span>Mise en valeur d\u2019un savoir-faire et d\u2019un territoire : D\u00e9veloppement et production des extraits innovants concentr\u00e9s en actifs dans l\u2019ouest de la France (d\u00e9partement des Deux-S\u00e8vres).<\/span><\/li>\n<li><span>Des agriculteurs passionn\u00e9s qui travaillent tous les jours dans le respect des plantes et de leur territoire : Nous garantissons toujours la tra\u00e7abilit\u00e9 de nos produits.<\/span><\/li>\n<\/ul>\n<\/div>\n<\/div>\n<div class=\"tab-pane fade in extra conseils-d-utilisation\" id=\"extra-0\" role=\"tabpanel\">\n<div class=\"tab-pane-title\">\n<h3>\u0637\u0631\u064a\u0642\u0629 \u0627\u0644\u0627\u0633\u062a\u062e\u062f\u0627\u0645:<\/h3>\n<\/div>\n<p><strong>\u062a\u0639\u0644\u064a\u0645\u0627\u062a \u0627\u0644\u0627\u0633\u062a\u062e\u062f\u0627\u0645<\/strong><span>\u00a0<\/span>:prendre 2 comprim\u00e9s par jour avec un grand verre d&rsquo;eau de pr\u00e9f\u00e9rence en d\u00e9but de journ\u00e9e.<\/p>\n<p><strong>\u0627\u062d\u062a\u064a\u0627\u0637\u0627\u062a \u0627\u0644\u0627\u0633\u062a\u062e\u062f\u0627\u0645<\/strong><span>\u00a0<\/span>:<\/p>\n<ul>\n<li>\u0644\u0627 \u062a\u062a\u062c\u0627\u0648\u0632 \u0627\u0644\u062c\u0631\u0639\u0629 \u0627\u0644\u064a\u0648\u0645\u064a\u0629 \u0627\u0644\u0645\u0648\u0635\u0649 \u0628\u0647\u0627.<\/li>\n<li>\u0644\u0627 \u064a\u062d\u0644 \u0645\u062d\u0644 \u0646\u0638\u0627\u0645 \u063a\u0630\u0627\u0626\u064a \u0645\u062a\u0648\u0627\u0632\u0646 \u0648\u0645\u062a\u0646\u0648\u0639 \u0648\u0646\u0645\u0637 \u062d\u064a\u0627\u0629 \u0635\u062d\u064a.<\/li>\n<li>\u064a\u062d\u0641\u0638 \u0628\u0639\u064a\u062f\u0627 \u0639\u0646 \u0645\u062a\u0646\u0627\u0648\u0644 \u0627\u0644\u0623\u0637\u0641\u0627\u0644.<\/li>\n<li>Consultez votre m\u00e9decin ou votre pharmacien en cas de maladie chronique ou de prise de traitement de longue dur\u00e9e.<\/li>\n<li>Prendre l\u2019avis d\u2019un professionnel de sant\u00e9 chez la femme enceinte et allaitante.<\/li>\n<\/ul>\n<\/div>\n<div class=\"tab-pane fade in extra composition\" id=\"extra-1\" role=\"tabpanel\">\n<div class=\"tab-pane-title\">\n<h3>\u062a\u0639\u0628\u064a\u0631:<\/h3>\n<\/div>\n<p><strong>POUR 2 COMPRIMES PAR JOUR :<\/strong><\/p>\n<p>&#8211; Extrait de Maca racine* (Lepidium meyenii): 2000 mg d\u2019EPS(2)<\/p>\n<p><em>Origine : P\u00e9rou**<\/em><\/p>\n<p>&#8211; Agent de charge : gomme d&rsquo;acacia*,<\/p>\n<p>&#8211; Antiagglom\u00e9rant : l\u00e9cithine de tournesol*.<\/p>\n<\/div>","protected":false},"excerpt":{"rendered":"<p>Dietaroma Maca 60 Comprim\u00e9s Comprim\u00e9s clean hautement concentr\u00e9s en actifs, gr\u00e2ce \u00e0 un proc\u00e9d\u00e9 brevet\u00e9 qui extrait le totum de la plante. Maca 100% r\u00e9colt\u00e9e au P\u00e9rou. Description: Comprim\u00e9s clean hautement concentr\u00e9s en actifs, gr\u00e2ce \u00e0 un proc\u00e9d\u00e9 brevet\u00e9 qui extrait le totum de la plante.Maca 100% r\u00e9colt\u00e9e au P\u00e9rou. \u00a0 La maca contribue aux\u00a0PERFORMANCES [&hellip;]<\/p>\n","protected":false},"featured_media":16984,"template":"","meta":{"om_disable_all_campaigns":false},"product_brand":[3373],"product_cat":[18,3366,3382],"product_tag":[3379,3375,3380,3374,3378,3376,3381,3377],"class_list":{"0":"post-16986","1":"product","2":"type-product","3":"status-publish","4":"has-post-thumbnail","6":"product_brand-dietaroma-maroc-prix-parapharma","7":"product_cat-beaute-sante","8":"product_cat-complements-alimentaires-au-maroc-vitablanca","9":"product_cat-vitamines-supplements-dietetiques-2","10":"product_tag-achat-dietaroma-maroc","11":"product_tag-complements-alimentaires-dietaroma","12":"product_tag-cure-naturelle-dietaroma","13":"product_tag-dietaroma-maroc","14":"product_tag-prix-dietaroma-maroc","15":"product_tag-produits-naturels-dietaroma","16":"product_tag-sante-et-bien-etre-dietaroma","17":"product_tag-vitamines-et-mineraux-dietaroma","19":"first","20":"instock","21":"sale","22":"taxable","23":"shipping-taxable","24":"purchasable","25":"product-type-simple"},"yoast_head":"<!-- This site is optimized with the Yoast SEO plugin v27.3 - https:\/\/yoast.com\/product\/yoast-seo-wordpress\/ -->\n<title>Dietaroma Maca 60 Comprim\u00e9s - Maroc Prix<\/title>\n<meta name=\"description\" content=\"Les comprim\u00e9s de Maca Dietaroma aident \u00e0 r\u00e9duire la fatigue et \u00e0 booster l&#039;\u00e9nergie physique et mentale. Un soutien naturel pour la vitalit\u00e9 et l&#039;endurance.\" \/>\n<meta name=\"robots\" content=\"index, follow, max-snippet:-1, max-image-preview:large, max-video-preview:-1\" \/>\n<link rel=\"canonical\" href=\"https:\/\/vitablanca.ma\/ar\/product-2\/dietaroma-maca-60-comprimes\/\" \/>\n<meta property=\"og:locale\" content=\"ar_AR\" \/>\n<meta property=\"og:type\" content=\"article\" \/>\n<meta property=\"og:title\" content=\"Dietaroma Maca 60 Comprim\u00e9s - Maroc Prix\" \/>\n<meta property=\"og:description\" content=\"Les comprim\u00e9s de Maca Dietaroma aident \u00e0 r\u00e9duire la fatigue et \u00e0 booster l&#039;\u00e9nergie physique et mentale. Un soutien naturel pour la vitalit\u00e9 et l&#039;endurance.\" \/>\n<meta property=\"og:url\" content=\"https:\/\/vitablanca.ma\/ar\/product-2\/dietaroma-maca-60-comprimes\/\" \/>\n<meta property=\"og:site_name\" content=\"Vitablanca.ma &ndash; Sant&eacute;, vitalit&eacute; et bien-&ecirc;tre pour tous les Marocains\" \/>\n<meta property=\"article:publisher\" content=\"https:\/\/www.facebook.com\/profile.php?id=61576678196717\" \/>\n<meta property=\"article:modified_time\" content=\"2026-01-21T17:49:03+00:00\" \/>\n<meta property=\"og:image\" content=\"https:\/\/vitablanca.ma\/wp-content\/uploads\/2025\/06\/Dietaroma-Maca-60-Comprimes-prix-maroc-parapharmacie-casablanca.jpg\" \/>\n\t<meta property=\"og:image:width\" content=\"1000\" \/>\n\t<meta property=\"og:image:height\" content=\"1000\" \/>\n\t<meta property=\"og:image:type\" content=\"image\/jpeg\" \/>\n<meta name=\"twitter:card\" content=\"summary_large_image\" \/>\n<meta name=\"twitter:label1\" content=\"\u0648\u0642\u062a \u0627\u0644\u0642\u0631\u0627\u0621\u0629 \u0627\u0644\u0645\u064f\u0642\u062f\u0651\u0631\" \/>\n\t<meta name=\"twitter:data1\" content=\"3 \u062f\u0642\u0627\u0626\u0642\" \/>\n<script type=\"application\/ld+json\" class=\"yoast-schema-graph\">{\"@context\":\"https:\\\/\\\/schema.org\",\"@graph\":[{\"@type\":[\"WebPage\",\"ItemPage\"],\"@id\":\"https:\\\/\\\/vitablanca.ma\\\/produit\\\/dietaroma-maca-60-comprimes\\\/\",\"url\":\"https:\\\/\\\/vitablanca.ma\\\/produit\\\/dietaroma-maca-60-comprimes\\\/\",\"name\":\"Dietaroma Maca 60 Comprim\u00e9s - Maroc Prix\",\"isPartOf\":{\"@id\":\"https:\\\/\\\/vitablanca.ma\\\/#website\"},\"primaryImageOfPage\":{\"@id\":\"https:\\\/\\\/vitablanca.ma\\\/produit\\\/dietaroma-maca-60-comprimes\\\/#primaryimage\"},\"image\":{\"@id\":\"https:\\\/\\\/vitablanca.ma\\\/produit\\\/dietaroma-maca-60-comprimes\\\/#primaryimage\"},\"thumbnailUrl\":\"https:\\\/\\\/vitablanca.ma\\\/wp-content\\\/uploads\\\/2025\\\/06\\\/Dietaroma-Maca-60-Comprimes-prix-maroc-parapharmacie-casablanca.jpg\",\"datePublished\":\"2025-06-10T16:51:57+00:00\",\"dateModified\":\"2026-01-21T17:49:03+00:00\",\"description\":\"Les comprim\u00e9s de Maca Dietaroma aident \u00e0 r\u00e9duire la fatigue et \u00e0 booster l'\u00e9nergie physique et mentale. Un soutien naturel pour la vitalit\u00e9 et l'endurance.\",\"breadcrumb\":{\"@id\":\"https:\\\/\\\/vitablanca.ma\\\/produit\\\/dietaroma-maca-60-comprimes\\\/#breadcrumb\"},\"inLanguage\":\"ar\",\"potentialAction\":[{\"@type\":\"ReadAction\",\"target\":[\"https:\\\/\\\/vitablanca.ma\\\/produit\\\/dietaroma-maca-60-comprimes\\\/\"]}]},{\"@type\":\"ImageObject\",\"inLanguage\":\"ar\",\"@id\":\"https:\\\/\\\/vitablanca.ma\\\/produit\\\/dietaroma-maca-60-comprimes\\\/#primaryimage\",\"url\":\"https:\\\/\\\/vitablanca.ma\\\/wp-content\\\/uploads\\\/2025\\\/06\\\/Dietaroma-Maca-60-Comprimes-prix-maroc-parapharmacie-casablanca.jpg\",\"contentUrl\":\"https:\\\/\\\/vitablanca.ma\\\/wp-content\\\/uploads\\\/2025\\\/06\\\/Dietaroma-Maca-60-Comprimes-prix-maroc-parapharmacie-casablanca.jpg\",\"width\":1000,\"height\":1000},{\"@type\":\"BreadcrumbList\",\"@id\":\"https:\\\/\\\/vitablanca.ma\\\/produit\\\/dietaroma-maca-60-comprimes\\\/#breadcrumb\",\"itemListElement\":[{\"@type\":\"ListItem\",\"position\":1,\"name\":\"Home\",\"item\":\"https:\\\/\\\/vitablanca.ma\\\/\"},{\"@type\":\"ListItem\",\"position\":2,\"name\":\"Tous Les Produits\",\"item\":\"https:\\\/\\\/vitablanca.ma\\\/tous-les-produits\\\/\"},{\"@type\":\"ListItem\",\"position\":3,\"name\":\"Dietaroma Maca 60 Comprim\u00e9s\"}]},{\"@type\":\"WebSite\",\"@id\":\"https:\\\/\\\/vitablanca.ma\\\/#website\",\"url\":\"https:\\\/\\\/vitablanca.ma\\\/\",\"name\":\"VitaBlanca.ma | Compl\u00e9ments alimentaires, sant\u00e9 & beaut\u00e9 au Maroc\",\"description\":\"vendre vitamines et compl\u00e9ments premium des USA &amp; Canada, Nouvelle Z\u00e9lande,Maroc (NOW Foods, Solgar, Manuka). Livraison rapide partout au Maroc.\",\"publisher\":{\"@id\":\"https:\\\/\\\/vitablanca.ma\\\/#organization\"},\"alternateName\":\"VitaBlanca.ma\",\"potentialAction\":[{\"@type\":\"SearchAction\",\"target\":{\"@type\":\"EntryPoint\",\"urlTemplate\":\"https:\\\/\\\/vitablanca.ma\\\/?s={search_term_string}\"},\"query-input\":{\"@type\":\"PropertyValueSpecification\",\"valueRequired\":true,\"valueName\":\"search_term_string\"}}],\"inLanguage\":\"ar\"},{\"@type\":\"Organization\",\"@id\":\"https:\\\/\\\/vitablanca.ma\\\/#organization\",\"name\":\"VitaBlanca\",\"url\":\"https:\\\/\\\/vitablanca.ma\\\/\",\"logo\":{\"@type\":\"ImageObject\",\"inLanguage\":\"ar\",\"@id\":\"https:\\\/\\\/vitablanca.ma\\\/#\\\/schema\\\/logo\\\/image\\\/\",\"url\":\"https:\\\/\\\/vitablanca.ma\\\/wp-content\\\/uploads\\\/2025\\\/05\\\/cropped-vitablanca.png\",\"contentUrl\":\"https:\\\/\\\/vitablanca.ma\\\/wp-content\\\/uploads\\\/2025\\\/05\\\/cropped-vitablanca.png\",\"width\":360,\"height\":67,\"caption\":\"VitaBlanca\"},\"image\":{\"@id\":\"https:\\\/\\\/vitablanca.ma\\\/#\\\/schema\\\/logo\\\/image\\\/\"},\"sameAs\":[\"https:\\\/\\\/www.facebook.com\\\/profile.php?id=61576678196717\",\"https:\\\/\\\/www.tiktok.com\\\/@vitablanca.ma\",\"https:\\\/\\\/www.instagram.com\\\/vitablanca.ma\\\/\"]}]}<\/script>\n<!-- \/ Yoast SEO plugin. -->","yoast_head_json":{"title":"Dietaroma Maca 60 Comprim\u00e9s - Maroc Prix","description":"Les comprim\u00e9s de Maca Dietaroma aident \u00e0 r\u00e9duire la fatigue et \u00e0 booster l'\u00e9nergie physique et mentale. Un soutien naturel pour la vitalit\u00e9 et l'endurance.","robots":{"index":"index","follow":"follow","max-snippet":"max-snippet:-1","max-image-preview":"max-image-preview:large","max-video-preview":"max-video-preview:-1"},"canonical":"https:\/\/vitablanca.ma\/ar\/product-2\/dietaroma-maca-60-comprimes\/","og_locale":"ar_AR","og_type":"article","og_title":"Dietaroma Maca 60 Comprim\u00e9s - Maroc Prix","og_description":"Les comprim\u00e9s de Maca Dietaroma aident \u00e0 r\u00e9duire la fatigue et \u00e0 booster l'\u00e9nergie physique et mentale. Un soutien naturel pour la vitalit\u00e9 et l'endurance.","og_url":"https:\/\/vitablanca.ma\/ar\/product-2\/dietaroma-maca-60-comprimes\/","og_site_name":"Vitablanca.ma &ndash; Sant&eacute;, vitalit&eacute; et bien-&ecirc;tre pour tous les Marocains","article_publisher":"https:\/\/www.facebook.com\/profile.php?id=61576678196717","article_modified_time":"2026-01-21T17:49:03+00:00","og_image":[{"width":1000,"height":1000,"url":"https:\/\/vitablanca.ma\/wp-content\/uploads\/2025\/06\/Dietaroma-Maca-60-Comprimes-prix-maroc-parapharmacie-casablanca.jpg","type":"image\/jpeg"}],"twitter_card":"summary_large_image","twitter_misc":{"\u0648\u0642\u062a \u0627\u0644\u0642\u0631\u0627\u0621\u0629 \u0627\u0644\u0645\u064f\u0642\u062f\u0651\u0631":"3 \u062f\u0642\u0627\u0626\u0642"},"schema":{"@context":"https:\/\/schema.org","@graph":[{"@type":["WebPage","ItemPage"],"@id":"https:\/\/vitablanca.ma\/produit\/dietaroma-maca-60-comprimes\/","url":"https:\/\/vitablanca.ma\/produit\/dietaroma-maca-60-comprimes\/","name":"Dietaroma Maca 60 Comprim\u00e9s - Maroc Prix","isPartOf":{"@id":"https:\/\/vitablanca.ma\/#website"},"primaryImageOfPage":{"@id":"https:\/\/vitablanca.ma\/produit\/dietaroma-maca-60-comprimes\/#primaryimage"},"image":{"@id":"https:\/\/vitablanca.ma\/produit\/dietaroma-maca-60-comprimes\/#primaryimage"},"thumbnailUrl":"https:\/\/vitablanca.ma\/wp-content\/uploads\/2025\/06\/Dietaroma-Maca-60-Comprimes-prix-maroc-parapharmacie-casablanca.jpg","datePublished":"2025-06-10T16:51:57+00:00","dateModified":"2026-01-21T17:49:03+00:00","description":"Les comprim\u00e9s de Maca Dietaroma aident \u00e0 r\u00e9duire la fatigue et \u00e0 booster l'\u00e9nergie physique et mentale. Un soutien naturel pour la vitalit\u00e9 et l'endurance.","breadcrumb":{"@id":"https:\/\/vitablanca.ma\/produit\/dietaroma-maca-60-comprimes\/#breadcrumb"},"inLanguage":"ar","potentialAction":[{"@type":"ReadAction","target":["https:\/\/vitablanca.ma\/produit\/dietaroma-maca-60-comprimes\/"]}]},{"@type":"ImageObject","inLanguage":"ar","@id":"https:\/\/vitablanca.ma\/produit\/dietaroma-maca-60-comprimes\/#primaryimage","url":"https:\/\/vitablanca.ma\/wp-content\/uploads\/2025\/06\/Dietaroma-Maca-60-Comprimes-prix-maroc-parapharmacie-casablanca.jpg","contentUrl":"https:\/\/vitablanca.ma\/wp-content\/uploads\/2025\/06\/Dietaroma-Maca-60-Comprimes-prix-maroc-parapharmacie-casablanca.jpg","width":1000,"height":1000},{"@type":"BreadcrumbList","@id":"https:\/\/vitablanca.ma\/produit\/dietaroma-maca-60-comprimes\/#breadcrumb","itemListElement":[{"@type":"ListItem","position":1,"name":"Home","item":"https:\/\/vitablanca.ma\/"},{"@type":"ListItem","position":2,"name":"Tous Les Produits","item":"https:\/\/vitablanca.ma\/tous-les-produits\/"},{"@type":"ListItem","position":3,"name":"Dietaroma Maca 60 Comprim\u00e9s"}]},{"@type":"WebSite","@id":"https:\/\/vitablanca.ma\/#website","url":"https:\/\/vitablanca.ma\/","name":"VitaBlanca.ma | \u0627\u0644\u0645\u0643\u0645\u0644\u0627\u062a \u0627\u0644\u063a\u0630\u0627\u0626\u064a\u0629\u060c \u0627\u0644\u0635\u062d\u0629 \u0648\u0627\u0644\u062c\u0645\u0627\u0644 \u0641\u064a \u0627\u0644\u0645\u063a\u0631\u0628","description":"\u0646\u0628\u064a\u0639 \u0641\u064a\u062a\u0627\u0645\u064a\u0646\u0627\u062a \u0648\u0645\u0643\u0645\u0644\u0627\u062a \u063a\u0630\u0627\u0626\u064a\u0629 \u0641\u0627\u062e\u0631\u0629 \u0645\u0646 \u0627\u0644\u0648\u0644\u0627\u064a\u0627\u062a \u0627\u0644\u0645\u062a\u062d\u062f\u0629 \u0627\u0644\u0623\u0645\u0631\u064a\u0643\u064a\u0629 \u0648\u0643\u0646\u062f\u0627 \u0648\u0646\u064a\u0648\u0632\u064a\u0644\u0646\u062f\u0627 \u0648\u0627\u0644\u0645\u063a\u0631\u0628 (\u0646\u0627\u0648 \u0641\u0648\u062f\u0632\u060c \u0633\u0648\u0644\u062c\u0627\u0631\u060c \u0645\u0627\u0646\u0648\u0643\u0627). \u062a\u0648\u0635\u064a\u0644 \u0633\u0631\u064a\u0639 \u0625\u0644\u0649 \u062c\u0645\u064a\u0639 \u0623\u0646\u062d\u0627\u0621 \u0627\u0644\u0645\u063a\u0631\u0628.","publisher":{"@id":"https:\/\/vitablanca.ma\/#organization"},"alternateName":"VitaBlanca.ma","potentialAction":[{"@type":"SearchAction","target":{"@type":"EntryPoint","urlTemplate":"https:\/\/vitablanca.ma\/?s={search_term_string}"},"query-input":{"@type":"PropertyValueSpecification","valueRequired":true,"valueName":"search_term_string"}}],"inLanguage":"ar"},{"@type":"Organization","@id":"https:\/\/vitablanca.ma\/#organization","name":"\u0641\u064a\u062a\u0627\u0628\u0644\u0627\u0646\u0643\u0627","url":"https:\/\/vitablanca.ma\/","logo":{"@type":"ImageObject","inLanguage":"ar","@id":"https:\/\/vitablanca.ma\/#\/schema\/logo\/image\/","url":"https:\/\/vitablanca.ma\/wp-content\/uploads\/2025\/05\/cropped-vitablanca.png","contentUrl":"https:\/\/vitablanca.ma\/wp-content\/uploads\/2025\/05\/cropped-vitablanca.png","width":360,"height":67,"caption":"VitaBlanca"},"image":{"@id":"https:\/\/vitablanca.ma\/#\/schema\/logo\/image\/"},"sameAs":["https:\/\/www.facebook.com\/profile.php?id=61576678196717","https:\/\/www.tiktok.com\/@vitablanca.ma","https:\/\/www.instagram.com\/vitablanca.ma\/"]}]}},"jetpack_sharing_enabled":true,"_links":{"self":[{"href":"https:\/\/vitablanca.ma\/ar\/wp-json\/wp\/v2\/product\/16986","targetHints":{"allow":["GET"]}}],"collection":[{"href":"https:\/\/vitablanca.ma\/ar\/wp-json\/wp\/v2\/product"}],"about":[{"href":"https:\/\/vitablanca.ma\/ar\/wp-json\/wp\/v2\/types\/product"}],"wp:featuredmedia":[{"embeddable":true,"href":"https:\/\/vitablanca.ma\/ar\/wp-json\/wp\/v2\/media\/16984"}],"wp:attachment":[{"href":"https:\/\/vitablanca.ma\/ar\/wp-json\/wp\/v2\/media?parent=16986"}],"wp:term":[{"taxonomy":"product_brand","embeddable":true,"href":"https:\/\/vitablanca.ma\/ar\/wp-json\/wp\/v2\/product_brand?post=16986"},{"taxonomy":"product_cat","embeddable":true,"href":"https:\/\/vitablanca.ma\/ar\/wp-json\/wp\/v2\/product_cat?post=16986"},{"taxonomy":"product_tag","embeddable":true,"href":"https:\/\/vitablanca.ma\/ar\/wp-json\/wp\/v2\/product_tag?post=16986"}],"curies":[{"name":"wp","href":"https:\/\/api.w.org\/{rel}","templated":true}]}}