{"id":16970,"date":"2025-06-10T16:51:41","date_gmt":"2025-06-10T16:51:41","guid":{"rendered":"https:\/\/vitablanca.ma\/product\/dietaroma-vitamine-d3-2000-ui-vegetale-40-comprimes\/"},"modified":"2026-01-21T17:49:03","modified_gmt":"2026-01-21T17:49:03","slug":"dietaroma-vitamine-d3-2000-ui-vegetale-40-comprimes","status":"publish","type":"product","link":"https:\/\/vitablanca.ma\/ar\/product-2\/dietaroma-vitamine-d3-2000-ui-vegetale-40-comprimes\/","title":{"rendered":"\u062f\u064a\u062a\u0627\u0631\u0648\u0645\u0627 \u0641\u064a\u062a\u0627\u0645\u064a\u0646 \u062f3 2000 \u0648\u062d\u062f\u0629 \u062f\u0648\u0644\u064a\u0629 \u0646\u0628\u0627\u062a\u064a\u0629 40 \u0642\u0631\u0635\u064b\u0627"},"content":{"rendered":"<h2>Dietaroma Vitamine D3 2000 UI V\u00e9g\u00e9tale , La vitamine D3 contribue au fonctionnement normal de l\u2019immunit\u00e9.<\/h2>\n<div role=\"tabpanel\" id=\"description\" class=\"tab-pane fade in active description\">\n<div class=\"product-description\">\n<p>Notre formule, tr\u00e8s concentr\u00e9e en vitamine D3, apporte\u00a0une quantit\u00e9 journali\u00e8re optimale de 2000 UI (Unit\u00e9 Internationale).<br \/>La vitamine D3 contribue au<span>\u00a0<\/span><strong>fonctionnement normal du syst\u00e8me\u00a0immunitaire et au maintien d&rsquo;une ossature normale.<\/strong><\/p>\n<p><strong>40 comprim\u00e9s :\u00a0\u00a0<\/strong>1 comprim\u00e9\/jour soit 40 jours<\/p>\n<\/div>\n<\/div>\n<div role=\"tabpanel\" id=\"extra-0\" class=\"tab-pane fade in extra conseils-d-utilisation\">\n<div class=\"tab-pane-title\">\n<h3>\u0637\u0631\u064a\u0642\u0629 \u0627\u0644\u0627\u0633\u062a\u062e\u062f\u0627\u0645:<\/h3>\n<\/div>\n<p><strong>\u062a\u0639\u0644\u064a\u0645\u0627\u062a \u0627\u0644\u0627\u0633\u062a\u062e\u062f\u0627\u0645:<\/strong><\/p>\n<p>1 comprim\u00e9 par jour \u00e0 prendre pendant un repas avec un grand verre d&rsquo;eau.<\/p>\n<p><strong>\u0627\u062d\u062a\u064a\u0627\u0637\u0627\u062a \u0627\u0644\u0627\u0633\u062a\u062e\u062f\u0627\u0645:<\/strong><\/p>\n<p>- \u0644\u0627 \u062a\u062a\u062c\u0627\u0648\u0632 \u0627\u0644\u062c\u0631\u0639\u0629 \u0627\u0644\u064a\u0648\u0645\u064a\u0629 \u0627\u0644\u0645\u0648\u0635\u0649 \u0628\u0647\u0627\u00a0<\/p>\n<p>&#8211; Ne se substitue pas \u00e0 un r\u00e9gime alimentaire \u00e9quilibr\u00e9 et vari\u00e9 et un mode de vie sain\u00a0<\/p>\n<p>- \u064a\u062d\u0641\u0638 \u0628\u0639\u064a\u062f\u0627 \u0639\u0646 \u0645\u062a\u0646\u0627\u0648\u0644 \u0627\u0644\u0623\u0637\u0641\u0627\u0644<\/p>\n<p>&#8211; D\u00e9conseill\u00e9 aux enfants de moins de 11 ans\u00a0<\/p>\n<p>&#8211; Il est recommand\u00e9 aux femmes enceintes et allaitantes de prendre l&rsquo;avis d&rsquo;un m\u00e9decin avant toute compl\u00e9mentation\u00a0<\/p>\n<\/div>\n<div role=\"tabpanel\" id=\"extra-1\" class=\"tab-pane fade in extra composition\">\n<div class=\"tab-pane-title\">\n<h3>\u062a\u0639\u0628\u064a\u0631:<\/h3>\n<\/div>\n<p><strong>\u0645\u0643\u0648\u0646\u0627\u062a :<\/strong><\/p>\n<p>Agent de charge: gomme d&rsquo;acacia<\/p>\n<p>Vitamine D3 v\u00e9g\u00e9tale issue de lichen (cladoniarangiferina)<\/p>\n<p>Anti-agglom\u00e9rant: Amidon de riz<\/p>\n<\/div>","protected":false},"excerpt":{"rendered":"<p>Dietaroma Vitamine D3 2000 UI V\u00e9g\u00e9tale , La vitamine D3 contribue au fonctionnement normal de l\u2019immunit\u00e9. Notre formule, tr\u00e8s concentr\u00e9e en vitamine D3, apporte\u00a0une quantit\u00e9 journali\u00e8re optimale de 2000 UI (Unit\u00e9 Internationale).La vitamine D3 contribue au\u00a0fonctionnement normal du syst\u00e8me\u00a0immunitaire et au maintien d&rsquo;une ossature normale. 40 comprim\u00e9s :\u00a0\u00a01 comprim\u00e9\/jour soit 40 jours Conseils d\u2019utilisation: MODE [&hellip;]<\/p>\n","protected":false},"featured_media":16969,"template":"","meta":{"om_disable_all_campaigns":false},"product_brand":[3373],"product_cat":[18,3366,3382],"product_tag":[3379,3375,3380,3374,3378,3376,3381,3377],"class_list":{"0":"post-16970","1":"product","2":"type-product","3":"status-publish","4":"has-post-thumbnail","6":"product_brand-dietaroma-maroc-prix-parapharma","7":"product_cat-beaute-sante","8":"product_cat-complements-alimentaires-au-maroc-vitablanca","9":"product_cat-vitamines-supplements-dietetiques-2","10":"product_tag-achat-dietaroma-maroc","11":"product_tag-complements-alimentaires-dietaroma","12":"product_tag-cure-naturelle-dietaroma","13":"product_tag-dietaroma-maroc","14":"product_tag-prix-dietaroma-maroc","15":"product_tag-produits-naturels-dietaroma","16":"product_tag-sante-et-bien-etre-dietaroma","17":"product_tag-vitamines-et-mineraux-dietaroma","19":"first","20":"instock","21":"sale","22":"taxable","23":"shipping-taxable","24":"purchasable","25":"product-type-simple"},"yoast_head":"<!-- This site is optimized with the Yoast SEO plugin v27.3 - https:\/\/yoast.com\/product\/yoast-seo-wordpress\/ -->\n<title>Dietaroma Vitamine D3 2000 UI V\u00e9g\u00e9tale 40 Comprimes - Maroc<\/title>\n<meta name=\"description\" content=\"Les comprim\u00e9s Dietaroma Vitamine D3 2000 UI sont 100% v\u00e9g\u00e9taux. Ils soutiennent la sant\u00e9 osseuse, renforcent le syst\u00e8me immunitaire et am\u00e9liorent\" \/>\n<meta name=\"robots\" content=\"index, follow, max-snippet:-1, max-image-preview:large, max-video-preview:-1\" \/>\n<link rel=\"canonical\" href=\"https:\/\/vitablanca.ma\/ar\/product-2\/dietaroma-vitamine-d3-2000-ui-vegetale-40-comprimes\/\" \/>\n<meta property=\"og:locale\" content=\"ar_AR\" \/>\n<meta property=\"og:type\" content=\"article\" \/>\n<meta property=\"og:title\" content=\"Dietaroma Vitamine D3 2000 UI V\u00e9g\u00e9tale 40 Comprimes - Maroc\" \/>\n<meta property=\"og:description\" content=\"Les comprim\u00e9s Dietaroma Vitamine D3 2000 UI sont 100% v\u00e9g\u00e9taux. Ils soutiennent la sant\u00e9 osseuse, renforcent le syst\u00e8me immunitaire et am\u00e9liorent\" \/>\n<meta property=\"og:url\" content=\"https:\/\/vitablanca.ma\/ar\/product-2\/dietaroma-vitamine-d3-2000-ui-vegetale-40-comprimes\/\" \/>\n<meta property=\"og:site_name\" content=\"Vitablanca.ma &ndash; Sant&eacute;, vitalit&eacute; et bien-&ecirc;tre pour tous les Marocains\" \/>\n<meta property=\"article:publisher\" content=\"https:\/\/www.facebook.com\/profile.php?id=61576678196717\" \/>\n<meta property=\"article:modified_time\" content=\"2026-01-21T17:49:03+00:00\" \/>\n<meta property=\"og:image\" content=\"https:\/\/vitablanca.ma\/wp-content\/uploads\/2025\/06\/Dietaroma-Vitamine-D3-2000-UI-Vegetale-40-Comprimes-nova-parapharmacie-casablanca.jpg\" \/>\n\t<meta property=\"og:image:width\" content=\"1000\" \/>\n\t<meta property=\"og:image:height\" content=\"1000\" \/>\n\t<meta property=\"og:image:type\" content=\"image\/jpeg\" \/>\n<meta name=\"twitter:card\" content=\"summary_large_image\" \/>\n<meta name=\"twitter:label1\" content=\"\u0648\u0642\u062a \u0627\u0644\u0642\u0631\u0627\u0621\u0629 \u0627\u0644\u0645\u064f\u0642\u062f\u0651\u0631\" \/>\n\t<meta name=\"twitter:data1\" content=\"\u062f\u0642\u064a\u0642\u0629 \u0648\u0627\u062d\u062f\u0629\" \/>\n<script type=\"application\/ld+json\" class=\"yoast-schema-graph\">{\"@context\":\"https:\\\/\\\/schema.org\",\"@graph\":[{\"@type\":[\"WebPage\",\"ItemPage\"],\"@id\":\"https:\\\/\\\/vitablanca.ma\\\/produit\\\/dietaroma-vitamine-d3-2000-ui-vegetale-40-comprimes\\\/\",\"url\":\"https:\\\/\\\/vitablanca.ma\\\/produit\\\/dietaroma-vitamine-d3-2000-ui-vegetale-40-comprimes\\\/\",\"name\":\"Dietaroma Vitamine D3 2000 UI V\u00e9g\u00e9tale 40 Comprimes - Maroc\",\"isPartOf\":{\"@id\":\"https:\\\/\\\/vitablanca.ma\\\/#website\"},\"primaryImageOfPage\":{\"@id\":\"https:\\\/\\\/vitablanca.ma\\\/produit\\\/dietaroma-vitamine-d3-2000-ui-vegetale-40-comprimes\\\/#primaryimage\"},\"image\":{\"@id\":\"https:\\\/\\\/vitablanca.ma\\\/produit\\\/dietaroma-vitamine-d3-2000-ui-vegetale-40-comprimes\\\/#primaryimage\"},\"thumbnailUrl\":\"https:\\\/\\\/vitablanca.ma\\\/wp-content\\\/uploads\\\/2025\\\/06\\\/Dietaroma-Vitamine-D3-2000-UI-Vegetale-40-Comprimes-nova-parapharmacie-casablanca.jpg\",\"datePublished\":\"2025-06-10T16:51:41+00:00\",\"dateModified\":\"2026-01-21T17:49:03+00:00\",\"description\":\"Les comprim\u00e9s Dietaroma Vitamine D3 2000 UI sont 100% v\u00e9g\u00e9taux. Ils soutiennent la sant\u00e9 osseuse, renforcent le syst\u00e8me immunitaire et am\u00e9liorent\",\"breadcrumb\":{\"@id\":\"https:\\\/\\\/vitablanca.ma\\\/produit\\\/dietaroma-vitamine-d3-2000-ui-vegetale-40-comprimes\\\/#breadcrumb\"},\"inLanguage\":\"ar\",\"potentialAction\":[{\"@type\":\"ReadAction\",\"target\":[\"https:\\\/\\\/vitablanca.ma\\\/produit\\\/dietaroma-vitamine-d3-2000-ui-vegetale-40-comprimes\\\/\"]}]},{\"@type\":\"ImageObject\",\"inLanguage\":\"ar\",\"@id\":\"https:\\\/\\\/vitablanca.ma\\\/produit\\\/dietaroma-vitamine-d3-2000-ui-vegetale-40-comprimes\\\/#primaryimage\",\"url\":\"https:\\\/\\\/vitablanca.ma\\\/wp-content\\\/uploads\\\/2025\\\/06\\\/Dietaroma-Vitamine-D3-2000-UI-Vegetale-40-Comprimes-nova-parapharmacie-casablanca.jpg\",\"contentUrl\":\"https:\\\/\\\/vitablanca.ma\\\/wp-content\\\/uploads\\\/2025\\\/06\\\/Dietaroma-Vitamine-D3-2000-UI-Vegetale-40-Comprimes-nova-parapharmacie-casablanca.jpg\",\"width\":1000,\"height\":1000},{\"@type\":\"BreadcrumbList\",\"@id\":\"https:\\\/\\\/vitablanca.ma\\\/produit\\\/dietaroma-vitamine-d3-2000-ui-vegetale-40-comprimes\\\/#breadcrumb\",\"itemListElement\":[{\"@type\":\"ListItem\",\"position\":1,\"name\":\"Home\",\"item\":\"https:\\\/\\\/vitablanca.ma\\\/\"},{\"@type\":\"ListItem\",\"position\":2,\"name\":\"Tous Les Produits\",\"item\":\"https:\\\/\\\/vitablanca.ma\\\/tous-les-produits\\\/\"},{\"@type\":\"ListItem\",\"position\":3,\"name\":\"Dietaroma Vitamine D3 2000 UI V\u00e9g\u00e9tale 40 Comprimes\"}]},{\"@type\":\"WebSite\",\"@id\":\"https:\\\/\\\/vitablanca.ma\\\/#website\",\"url\":\"https:\\\/\\\/vitablanca.ma\\\/\",\"name\":\"VitaBlanca.ma | Compl\u00e9ments alimentaires, sant\u00e9 & beaut\u00e9 au Maroc\",\"description\":\"vendre vitamines et compl\u00e9ments premium des USA &amp; Canada, Nouvelle Z\u00e9lande,Maroc (NOW Foods, Solgar, Manuka). Livraison rapide partout au Maroc.\",\"publisher\":{\"@id\":\"https:\\\/\\\/vitablanca.ma\\\/#organization\"},\"alternateName\":\"VitaBlanca.ma\",\"potentialAction\":[{\"@type\":\"SearchAction\",\"target\":{\"@type\":\"EntryPoint\",\"urlTemplate\":\"https:\\\/\\\/vitablanca.ma\\\/?s={search_term_string}\"},\"query-input\":{\"@type\":\"PropertyValueSpecification\",\"valueRequired\":true,\"valueName\":\"search_term_string\"}}],\"inLanguage\":\"ar\"},{\"@type\":\"Organization\",\"@id\":\"https:\\\/\\\/vitablanca.ma\\\/#organization\",\"name\":\"VitaBlanca\",\"url\":\"https:\\\/\\\/vitablanca.ma\\\/\",\"logo\":{\"@type\":\"ImageObject\",\"inLanguage\":\"ar\",\"@id\":\"https:\\\/\\\/vitablanca.ma\\\/#\\\/schema\\\/logo\\\/image\\\/\",\"url\":\"https:\\\/\\\/vitablanca.ma\\\/wp-content\\\/uploads\\\/2025\\\/05\\\/cropped-vitablanca.png\",\"contentUrl\":\"https:\\\/\\\/vitablanca.ma\\\/wp-content\\\/uploads\\\/2025\\\/05\\\/cropped-vitablanca.png\",\"width\":360,\"height\":67,\"caption\":\"VitaBlanca\"},\"image\":{\"@id\":\"https:\\\/\\\/vitablanca.ma\\\/#\\\/schema\\\/logo\\\/image\\\/\"},\"sameAs\":[\"https:\\\/\\\/www.facebook.com\\\/profile.php?id=61576678196717\",\"https:\\\/\\\/www.tiktok.com\\\/@vitablanca.ma\",\"https:\\\/\\\/www.instagram.com\\\/vitablanca.ma\\\/\"]}]}<\/script>\n<!-- \/ Yoast SEO plugin. -->","yoast_head_json":{"title":"Dietaroma Vitamine D3 2000 UI V\u00e9g\u00e9tale 40 Comprimes - Maroc","description":"Les comprim\u00e9s Dietaroma Vitamine D3 2000 UI sont 100% v\u00e9g\u00e9taux. Ils soutiennent la sant\u00e9 osseuse, renforcent le syst\u00e8me immunitaire et am\u00e9liorent","robots":{"index":"index","follow":"follow","max-snippet":"max-snippet:-1","max-image-preview":"max-image-preview:large","max-video-preview":"max-video-preview:-1"},"canonical":"https:\/\/vitablanca.ma\/ar\/product-2\/dietaroma-vitamine-d3-2000-ui-vegetale-40-comprimes\/","og_locale":"ar_AR","og_type":"article","og_title":"Dietaroma Vitamine D3 2000 UI V\u00e9g\u00e9tale 40 Comprimes - Maroc","og_description":"Les comprim\u00e9s Dietaroma Vitamine D3 2000 UI sont 100% v\u00e9g\u00e9taux. Ils soutiennent la sant\u00e9 osseuse, renforcent le syst\u00e8me immunitaire et am\u00e9liorent","og_url":"https:\/\/vitablanca.ma\/ar\/product-2\/dietaroma-vitamine-d3-2000-ui-vegetale-40-comprimes\/","og_site_name":"Vitablanca.ma &ndash; Sant&eacute;, vitalit&eacute; et bien-&ecirc;tre pour tous les Marocains","article_publisher":"https:\/\/www.facebook.com\/profile.php?id=61576678196717","article_modified_time":"2026-01-21T17:49:03+00:00","og_image":[{"width":1000,"height":1000,"url":"https:\/\/vitablanca.ma\/wp-content\/uploads\/2025\/06\/Dietaroma-Vitamine-D3-2000-UI-Vegetale-40-Comprimes-nova-parapharmacie-casablanca.jpg","type":"image\/jpeg"}],"twitter_card":"summary_large_image","twitter_misc":{"\u0648\u0642\u062a \u0627\u0644\u0642\u0631\u0627\u0621\u0629 \u0627\u0644\u0645\u064f\u0642\u062f\u0651\u0631":"\u062f\u0642\u064a\u0642\u0629 \u0648\u0627\u062d\u062f\u0629"},"schema":{"@context":"https:\/\/schema.org","@graph":[{"@type":["WebPage","ItemPage"],"@id":"https:\/\/vitablanca.ma\/produit\/dietaroma-vitamine-d3-2000-ui-vegetale-40-comprimes\/","url":"https:\/\/vitablanca.ma\/produit\/dietaroma-vitamine-d3-2000-ui-vegetale-40-comprimes\/","name":"Dietaroma Vitamine D3 2000 UI V\u00e9g\u00e9tale 40 Comprimes - Maroc","isPartOf":{"@id":"https:\/\/vitablanca.ma\/#website"},"primaryImageOfPage":{"@id":"https:\/\/vitablanca.ma\/produit\/dietaroma-vitamine-d3-2000-ui-vegetale-40-comprimes\/#primaryimage"},"image":{"@id":"https:\/\/vitablanca.ma\/produit\/dietaroma-vitamine-d3-2000-ui-vegetale-40-comprimes\/#primaryimage"},"thumbnailUrl":"https:\/\/vitablanca.ma\/wp-content\/uploads\/2025\/06\/Dietaroma-Vitamine-D3-2000-UI-Vegetale-40-Comprimes-nova-parapharmacie-casablanca.jpg","datePublished":"2025-06-10T16:51:41+00:00","dateModified":"2026-01-21T17:49:03+00:00","description":"Les comprim\u00e9s Dietaroma Vitamine D3 2000 UI sont 100% v\u00e9g\u00e9taux. Ils soutiennent la sant\u00e9 osseuse, renforcent le syst\u00e8me immunitaire et am\u00e9liorent","breadcrumb":{"@id":"https:\/\/vitablanca.ma\/produit\/dietaroma-vitamine-d3-2000-ui-vegetale-40-comprimes\/#breadcrumb"},"inLanguage":"ar","potentialAction":[{"@type":"ReadAction","target":["https:\/\/vitablanca.ma\/produit\/dietaroma-vitamine-d3-2000-ui-vegetale-40-comprimes\/"]}]},{"@type":"ImageObject","inLanguage":"ar","@id":"https:\/\/vitablanca.ma\/produit\/dietaroma-vitamine-d3-2000-ui-vegetale-40-comprimes\/#primaryimage","url":"https:\/\/vitablanca.ma\/wp-content\/uploads\/2025\/06\/Dietaroma-Vitamine-D3-2000-UI-Vegetale-40-Comprimes-nova-parapharmacie-casablanca.jpg","contentUrl":"https:\/\/vitablanca.ma\/wp-content\/uploads\/2025\/06\/Dietaroma-Vitamine-D3-2000-UI-Vegetale-40-Comprimes-nova-parapharmacie-casablanca.jpg","width":1000,"height":1000},{"@type":"BreadcrumbList","@id":"https:\/\/vitablanca.ma\/produit\/dietaroma-vitamine-d3-2000-ui-vegetale-40-comprimes\/#breadcrumb","itemListElement":[{"@type":"ListItem","position":1,"name":"Home","item":"https:\/\/vitablanca.ma\/"},{"@type":"ListItem","position":2,"name":"Tous Les Produits","item":"https:\/\/vitablanca.ma\/tous-les-produits\/"},{"@type":"ListItem","position":3,"name":"Dietaroma Vitamine D3 2000 UI V\u00e9g\u00e9tale 40 Comprimes"}]},{"@type":"WebSite","@id":"https:\/\/vitablanca.ma\/#website","url":"https:\/\/vitablanca.ma\/","name":"VitaBlanca.ma | \u0627\u0644\u0645\u0643\u0645\u0644\u0627\u062a \u0627\u0644\u063a\u0630\u0627\u0626\u064a\u0629\u060c \u0627\u0644\u0635\u062d\u0629 \u0648\u0627\u0644\u062c\u0645\u0627\u0644 \u0641\u064a \u0627\u0644\u0645\u063a\u0631\u0628","description":"\u0646\u0628\u064a\u0639 \u0641\u064a\u062a\u0627\u0645\u064a\u0646\u0627\u062a \u0648\u0645\u0643\u0645\u0644\u0627\u062a \u063a\u0630\u0627\u0626\u064a\u0629 \u0641\u0627\u062e\u0631\u0629 \u0645\u0646 \u0627\u0644\u0648\u0644\u0627\u064a\u0627\u062a \u0627\u0644\u0645\u062a\u062d\u062f\u0629 \u0627\u0644\u0623\u0645\u0631\u064a\u0643\u064a\u0629 \u0648\u0643\u0646\u062f\u0627 \u0648\u0646\u064a\u0648\u0632\u064a\u0644\u0646\u062f\u0627 \u0648\u0627\u0644\u0645\u063a\u0631\u0628 (\u0646\u0627\u0648 \u0641\u0648\u062f\u0632\u060c \u0633\u0648\u0644\u062c\u0627\u0631\u060c \u0645\u0627\u0646\u0648\u0643\u0627). \u062a\u0648\u0635\u064a\u0644 \u0633\u0631\u064a\u0639 \u0625\u0644\u0649 \u062c\u0645\u064a\u0639 \u0623\u0646\u062d\u0627\u0621 \u0627\u0644\u0645\u063a\u0631\u0628.","publisher":{"@id":"https:\/\/vitablanca.ma\/#organization"},"alternateName":"VitaBlanca.ma","potentialAction":[{"@type":"SearchAction","target":{"@type":"EntryPoint","urlTemplate":"https:\/\/vitablanca.ma\/?s={search_term_string}"},"query-input":{"@type":"PropertyValueSpecification","valueRequired":true,"valueName":"search_term_string"}}],"inLanguage":"ar"},{"@type":"Organization","@id":"https:\/\/vitablanca.ma\/#organization","name":"\u0641\u064a\u062a\u0627\u0628\u0644\u0627\u0646\u0643\u0627","url":"https:\/\/vitablanca.ma\/","logo":{"@type":"ImageObject","inLanguage":"ar","@id":"https:\/\/vitablanca.ma\/#\/schema\/logo\/image\/","url":"https:\/\/vitablanca.ma\/wp-content\/uploads\/2025\/05\/cropped-vitablanca.png","contentUrl":"https:\/\/vitablanca.ma\/wp-content\/uploads\/2025\/05\/cropped-vitablanca.png","width":360,"height":67,"caption":"VitaBlanca"},"image":{"@id":"https:\/\/vitablanca.ma\/#\/schema\/logo\/image\/"},"sameAs":["https:\/\/www.facebook.com\/profile.php?id=61576678196717","https:\/\/www.tiktok.com\/@vitablanca.ma","https:\/\/www.instagram.com\/vitablanca.ma\/"]}]}},"jetpack_sharing_enabled":true,"_links":{"self":[{"href":"https:\/\/vitablanca.ma\/ar\/wp-json\/wp\/v2\/product\/16970","targetHints":{"allow":["GET"]}}],"collection":[{"href":"https:\/\/vitablanca.ma\/ar\/wp-json\/wp\/v2\/product"}],"about":[{"href":"https:\/\/vitablanca.ma\/ar\/wp-json\/wp\/v2\/types\/product"}],"wp:featuredmedia":[{"embeddable":true,"href":"https:\/\/vitablanca.ma\/ar\/wp-json\/wp\/v2\/media\/16969"}],"wp:attachment":[{"href":"https:\/\/vitablanca.ma\/ar\/wp-json\/wp\/v2\/media?parent=16970"}],"wp:term":[{"taxonomy":"product_brand","embeddable":true,"href":"https:\/\/vitablanca.ma\/ar\/wp-json\/wp\/v2\/product_brand?post=16970"},{"taxonomy":"product_cat","embeddable":true,"href":"https:\/\/vitablanca.ma\/ar\/wp-json\/wp\/v2\/product_cat?post=16970"},{"taxonomy":"product_tag","embeddable":true,"href":"https:\/\/vitablanca.ma\/ar\/wp-json\/wp\/v2\/product_tag?post=16970"}],"curies":[{"name":"wp","href":"https:\/\/api.w.org\/{rel}","templated":true}]}}