{"id":16816,"date":"2025-06-10T16:48:29","date_gmt":"2025-06-10T16:48:29","guid":{"rendered":"https:\/\/vitablanca.ma\/product\/derma-ceutic-derma-activ-retinol-0-5-30ml\/"},"modified":"2025-06-10T16:48:29","modified_gmt":"2025-06-10T16:48:29","slug":"derma-ceutic-derma-activ-retinol-0-5-30ml","status":"publish","type":"product","link":"https:\/\/vitablanca.ma\/ar\/product-2\/derma-ceutic-derma-activ-retinol-0-5-30ml\/","title":{"rendered":"Derma Ceutic Derma Activ Retinol 0.5 30ml"},"content":{"rendered":"<h2>Derma Ceutic Derma Activ Retinol 0.5 S\u00c9RUM ANTI-\u00c2GE<\/h2>\n<section class=\"section-product mt-5 container\">\n<div class=\"row section-product-row\">\n<div class=\"col-12 col-xl-8 test-ajax\">\n<div class=\"tabs-section scrollbar-tabs\">\n<div class=\"tab-content\">\n<div id=\"tabs-description\" role=\"tabpanel\" class=\"tab-pane active\">\n<p>Activ\u00a0Retinol\u00a00.5 pr\u00e9vient l\u2019apparition des signes du vieillissement cutan\u00e9 gr\u00e2ce \u00e0 leur concentration optimale en r\u00e9tinol. Combin\u00e9 \u00e0 un cocktail d\u2019antioxydants et de c\u00e9ramides, il aide \u00e0 prot\u00e9ger et \u00e0 renforcer la peau.<\/p>\n<p>\u064a\u064f\u0646\u0635\u062d \u0628\u0647 \u0644\u0639\u0644\u0627\u062c \u0639\u0644\u0627\u0645\u0627\u062a \u0634\u064a\u062e\u0648\u062e\u0629 \u0627\u0644\u0628\u0634\u0631\u0629\u060c \u0648\u0641\u0642\u062f\u0627\u0646 \u0645\u0631\u0648\u0646\u062a\u0647\u0627\u060c \u0648\u0628\u0647\u062a\u0627\u0646\u0647\u0627. \u0645\u0646\u0627\u0633\u0628 \u0644\u062c\u0645\u064a\u0639 \u0623\u0646\u0648\u0627\u0639 \u0627\u0644\u0628\u0634\u0631\u0629.<br \/>\u062e\u0627\u0644\u064a \u0645\u0646 \u0627\u0644\u0639\u0637\u0648\u0631<\/p>\n<h3>\u0641\u0648\u0627\u0626\u062f \u0627\u0644\u0645\u0646\u062a\u062c<\/h3>\n<section class=\"section-product mt-5 container\">\n<div class=\"row section-product-row\">\n<div class=\"col-12 col-xl-8 test-ajax\">\n<div class=\"tabs-section scrollbar-tabs\">\n<div class=\"tab-content\">\n<div class=\"tab-pane active\" role=\"tabpanel\" id=\"tabs-benefits\">\n<ul>\n<li>L\u2019apparence des ridules et des rides est r\u00e9duite<\/li>\n<li>L\u2019\u00e9clat naturel de la peau appara\u00eet restaur\u00e9<\/li>\n<li>La texture de peau est visiblement plus lisse<\/li>\n<\/ul>\n<h3>\u00a0Mode D\u2019emploi<\/h3>\n<section class=\"section-product mt-5 container\">\n<div class=\"row section-product-row\">\n<div class=\"col-12 col-xl-8 test-ajax\">\n<div class=\"tabs-section scrollbar-tabs\">\n<div class=\"tab-content\">\n<div class=\"tab-pane active\" role=\"tabpanel\" id=\"tabs-how-to-use\">\n<p>Appliquer le soir sur l\u2019ensemble du visage et le cou avant votre soin quotidien. \u00c9viter le contour des yeux.<\/p>\n<h3>\u0645\u0643\u0648\u0646\u0627\u062a<\/h3>\n<section class=\"section-product mt-5 container\">\n<div class=\"row section-product-row\">\n<div class=\"col-12 col-xl-8 test-ajax\">\n<div class=\"tabs-section scrollbar-tabs\">\n<div class=\"tab-content\">\n<div class=\"tab-pane active\" role=\"tabpanel\" id=\"tabs-ingredients\">\n<p><strong>Complexe de r\u00e9tinol<\/strong><br \/>Agent anti-\u00e2ge qui stimule la production de collag\u00e8ne pour combattre les signes du photovieillissement et am\u00e9liore la texture de la peau.<\/p>\n<p><strong>1\u00a0% C\u00e9ramides<\/strong><br \/>Agent hydratant qui renforce la barri\u00e8re cutan\u00e9e, assure une hydratation \u00e9quilibr\u00e9e et aide la peau \u00e0 se r\u00e9g\u00e9n\u00e9rer.<\/p>\n<p><strong>Esters de vitamines C & E<\/strong><br \/>Combinaison synergique de deux puissantes vitamines offrant la protection ultime contre le photovieillissement.<\/p>\n<p><strong>Panth\u00e9nol & Allanto\u00efne<\/strong><br \/>Agents hydratants et apaisants qui apportent hydratation et confort \u00e0 la peau.<\/p>\n<\/div>\n<\/div>\n<\/div>\n<\/div>\n<\/div>\n<\/section>\n<\/div>\n<\/div>\n<\/div>\n<\/div>\n<\/div>\n<\/section>\n<\/div>\n<\/div>\n<\/div>\n<\/div>\n<\/div>\n<\/section>\n<\/div>\n<\/div>\n<\/div>\n<\/div>\n<\/div>\n<\/section>","protected":false},"excerpt":{"rendered":"<p>Derma Ceutic Derma Activ Retinol 0.5 S\u00c9RUM ANTI-\u00c2GE Activ\u00a0Retinol\u00a00.5 pr\u00e9vient l\u2019apparition des signes du vieillissement cutan\u00e9 gr\u00e2ce \u00e0 leur concentration optimale en r\u00e9tinol. Combin\u00e9 \u00e0 un cocktail d\u2019antioxydants et de c\u00e9ramides, il aide \u00e0 prot\u00e9ger et \u00e0 renforcer la peau. Recommand\u00e9 pour les signes du vieillissement cutan\u00e9, perte d\u2019\u00e9lasticit\u00e9 et teint terne. Convient \u00e0 tous [&hellip;]<\/p>\n","protected":false},"featured_media":16814,"template":"","meta":{"om_disable_all_campaigns":false},"product_brand":[],"product_cat":[15],"product_tag":[],"class_list":{"0":"post-16816","1":"product","2":"type-product","3":"status-publish","4":"has-post-thumbnail","6":"product_cat-beaute-sante-complements-alimentaires-soins-et-bien-etre-au-meilleur-prix","8":"first","9":"instock","10":"sale","11":"taxable","12":"shipping-taxable","13":"purchasable","14":"product-type-simple"},"yoast_head":"<!-- This site is optimized with the Yoast SEO plugin v27.5 - https:\/\/yoast.com\/product\/yoast-seo-wordpress\/ -->\n<title>Derma Ceutic Derma Activ Retinol 0.5 30ml - Maroc Prix<\/title>\n<meta name=\"description\" content=\"Derma Ceutic Derma Activ Retinol 0.5 30ml\" \/>\n<meta name=\"robots\" content=\"index, follow, max-snippet:-1, max-image-preview:large, max-video-preview:-1\" \/>\n<link rel=\"canonical\" href=\"https:\/\/vitablanca.ma\/ar\/product-2\/derma-ceutic-derma-activ-retinol-0-5-30ml\/\" \/>\n<meta property=\"og:locale\" content=\"ar_AR\" \/>\n<meta property=\"og:type\" content=\"article\" \/>\n<meta property=\"og:title\" content=\"Derma Ceutic Derma Activ Retinol 0.5 30ml - Maroc Prix\" \/>\n<meta property=\"og:description\" content=\"Derma Ceutic Derma Activ Retinol 0.5 30ml\" \/>\n<meta property=\"og:url\" content=\"https:\/\/vitablanca.ma\/ar\/product-2\/derma-ceutic-derma-activ-retinol-0-5-30ml\/\" \/>\n<meta property=\"og:site_name\" content=\"Vitablanca.ma &ndash; Sant&eacute;, vitalit&eacute; et bien-&ecirc;tre pour tous les Marocains\" \/>\n<meta property=\"article:publisher\" content=\"https:\/\/www.facebook.com\/profile.php?id=61576678196717\" \/>\n<meta property=\"og:image\" content=\"https:\/\/vitablanca.ma\/wp-content\/uploads\/2025\/06\/Derma-Ceutic-Derma-Activ-Retinol-0.5-30ml-nova-parapharmacie-maroc.jpg\" \/>\n\t<meta property=\"og:image:width\" content=\"1000\" \/>\n\t<meta property=\"og:image:height\" content=\"1000\" \/>\n\t<meta property=\"og:image:type\" content=\"image\/jpeg\" \/>\n<meta name=\"twitter:card\" content=\"summary_large_image\" \/>\n<meta name=\"twitter:label1\" content=\"\u0648\u0642\u062a \u0627\u0644\u0642\u0631\u0627\u0621\u0629 \u0627\u0644\u0645\u064f\u0642\u062f\u0651\u0631\" \/>\n\t<meta name=\"twitter:data1\" content=\"\u062f\u0642\u064a\u0642\u0629 \u0648\u0627\u062d\u062f\u0629\" \/>\n<script type=\"application\/ld+json\" class=\"yoast-schema-graph\">{\"@context\":\"https:\\\/\\\/schema.org\",\"@graph\":[{\"@type\":[\"WebPage\",\"ItemPage\"],\"@id\":\"https:\\\/\\\/vitablanca.ma\\\/produit\\\/derma-ceutic-derma-activ-retinol-0-5-30ml\\\/\",\"url\":\"https:\\\/\\\/vitablanca.ma\\\/produit\\\/derma-ceutic-derma-activ-retinol-0-5-30ml\\\/\",\"name\":\"Derma Ceutic Derma Activ Retinol 0.5 30ml - Maroc Prix\",\"isPartOf\":{\"@id\":\"https:\\\/\\\/vitablanca.ma\\\/#website\"},\"primaryImageOfPage\":{\"@id\":\"https:\\\/\\\/vitablanca.ma\\\/produit\\\/derma-ceutic-derma-activ-retinol-0-5-30ml\\\/#primaryimage\"},\"image\":{\"@id\":\"https:\\\/\\\/vitablanca.ma\\\/produit\\\/derma-ceutic-derma-activ-retinol-0-5-30ml\\\/#primaryimage\"},\"thumbnailUrl\":\"https:\\\/\\\/vitablanca.ma\\\/wp-content\\\/uploads\\\/2025\\\/06\\\/Derma-Ceutic-Derma-Activ-Retinol-0.5-30ml-nova-parapharmacie-maroc.jpg\",\"datePublished\":\"2025-06-10T16:48:29+00:00\",\"description\":\"Derma Ceutic Derma Activ Retinol 0.5 30ml\",\"breadcrumb\":{\"@id\":\"https:\\\/\\\/vitablanca.ma\\\/produit\\\/derma-ceutic-derma-activ-retinol-0-5-30ml\\\/#breadcrumb\"},\"inLanguage\":\"ar\",\"potentialAction\":[{\"@type\":\"ReadAction\",\"target\":[\"https:\\\/\\\/vitablanca.ma\\\/produit\\\/derma-ceutic-derma-activ-retinol-0-5-30ml\\\/\"]}]},{\"@type\":\"ImageObject\",\"inLanguage\":\"ar\",\"@id\":\"https:\\\/\\\/vitablanca.ma\\\/produit\\\/derma-ceutic-derma-activ-retinol-0-5-30ml\\\/#primaryimage\",\"url\":\"https:\\\/\\\/vitablanca.ma\\\/wp-content\\\/uploads\\\/2025\\\/06\\\/Derma-Ceutic-Derma-Activ-Retinol-0.5-30ml-nova-parapharmacie-maroc.jpg\",\"contentUrl\":\"https:\\\/\\\/vitablanca.ma\\\/wp-content\\\/uploads\\\/2025\\\/06\\\/Derma-Ceutic-Derma-Activ-Retinol-0.5-30ml-nova-parapharmacie-maroc.jpg\",\"width\":1000,\"height\":1000},{\"@type\":\"BreadcrumbList\",\"@id\":\"https:\\\/\\\/vitablanca.ma\\\/produit\\\/derma-ceutic-derma-activ-retinol-0-5-30ml\\\/#breadcrumb\",\"itemListElement\":[{\"@type\":\"ListItem\",\"position\":1,\"name\":\"Home\",\"item\":\"https:\\\/\\\/vitablanca.ma\\\/\"},{\"@type\":\"ListItem\",\"position\":2,\"name\":\"Tous Les Produits\",\"item\":\"https:\\\/\\\/vitablanca.ma\\\/tous-les-produits\\\/\"},{\"@type\":\"ListItem\",\"position\":3,\"name\":\"Derma Ceutic Derma Activ Retinol 0.5 30ml\"}]},{\"@type\":\"WebSite\",\"@id\":\"https:\\\/\\\/vitablanca.ma\\\/#website\",\"url\":\"https:\\\/\\\/vitablanca.ma\\\/\",\"name\":\"VitaBlanca.ma | Compl\u00e9ments alimentaires, sant\u00e9 & beaut\u00e9 au Maroc\",\"description\":\"vendre vitamines et compl\u00e9ments premium des USA &amp; Canada, Nouvelle Z\u00e9lande,Maroc (NOW Foods, Solgar, Manuka). Livraison rapide partout au Maroc.\",\"publisher\":{\"@id\":\"https:\\\/\\\/vitablanca.ma\\\/#organization\"},\"alternateName\":\"VitaBlanca.ma\",\"potentialAction\":[{\"@type\":\"SearchAction\",\"target\":{\"@type\":\"EntryPoint\",\"urlTemplate\":\"https:\\\/\\\/vitablanca.ma\\\/?s={search_term_string}\"},\"query-input\":{\"@type\":\"PropertyValueSpecification\",\"valueRequired\":true,\"valueName\":\"search_term_string\"}}],\"inLanguage\":\"ar\"},{\"@type\":\"Organization\",\"@id\":\"https:\\\/\\\/vitablanca.ma\\\/#organization\",\"name\":\"VitaBlanca\",\"url\":\"https:\\\/\\\/vitablanca.ma\\\/\",\"logo\":{\"@type\":\"ImageObject\",\"inLanguage\":\"ar\",\"@id\":\"https:\\\/\\\/vitablanca.ma\\\/#\\\/schema\\\/logo\\\/image\\\/\",\"url\":\"https:\\\/\\\/vitablanca.ma\\\/wp-content\\\/uploads\\\/2025\\\/05\\\/cropped-vitablanca.png\",\"contentUrl\":\"https:\\\/\\\/vitablanca.ma\\\/wp-content\\\/uploads\\\/2025\\\/05\\\/cropped-vitablanca.png\",\"width\":360,\"height\":67,\"caption\":\"VitaBlanca\"},\"image\":{\"@id\":\"https:\\\/\\\/vitablanca.ma\\\/#\\\/schema\\\/logo\\\/image\\\/\"},\"sameAs\":[\"https:\\\/\\\/www.facebook.com\\\/profile.php?id=61576678196717\",\"https:\\\/\\\/www.tiktok.com\\\/@vitablanca.ma\",\"https:\\\/\\\/www.instagram.com\\\/vitablanca.ma\\\/\"]}]}<\/script>\n<!-- \/ Yoast SEO plugin. -->","yoast_head_json":{"title":"Derma Ceutic Derma Activ Retinol 0.5 30ml - Maroc Prix","description":"Derma Ceutic Derma Activ Retinol 0.5 30ml","robots":{"index":"index","follow":"follow","max-snippet":"max-snippet:-1","max-image-preview":"max-image-preview:large","max-video-preview":"max-video-preview:-1"},"canonical":"https:\/\/vitablanca.ma\/ar\/product-2\/derma-ceutic-derma-activ-retinol-0-5-30ml\/","og_locale":"ar_AR","og_type":"article","og_title":"Derma Ceutic Derma Activ Retinol 0.5 30ml - Maroc Prix","og_description":"Derma Ceutic Derma Activ Retinol 0.5 30ml","og_url":"https:\/\/vitablanca.ma\/ar\/product-2\/derma-ceutic-derma-activ-retinol-0-5-30ml\/","og_site_name":"Vitablanca.ma &ndash; Sant&eacute;, vitalit&eacute; et bien-&ecirc;tre pour tous les Marocains","article_publisher":"https:\/\/www.facebook.com\/profile.php?id=61576678196717","og_image":[{"width":1000,"height":1000,"url":"https:\/\/vitablanca.ma\/wp-content\/uploads\/2025\/06\/Derma-Ceutic-Derma-Activ-Retinol-0.5-30ml-nova-parapharmacie-maroc.jpg","type":"image\/jpeg"}],"twitter_card":"summary_large_image","twitter_misc":{"\u0648\u0642\u062a \u0627\u0644\u0642\u0631\u0627\u0621\u0629 \u0627\u0644\u0645\u064f\u0642\u062f\u0651\u0631":"\u062f\u0642\u064a\u0642\u0629 \u0648\u0627\u062d\u062f\u0629"},"schema":{"@context":"https:\/\/schema.org","@graph":[{"@type":["WebPage","ItemPage"],"@id":"https:\/\/vitablanca.ma\/produit\/derma-ceutic-derma-activ-retinol-0-5-30ml\/","url":"https:\/\/vitablanca.ma\/produit\/derma-ceutic-derma-activ-retinol-0-5-30ml\/","name":"Derma Ceutic Derma Activ Retinol 0.5 30ml - Maroc Prix","isPartOf":{"@id":"https:\/\/vitablanca.ma\/#website"},"primaryImageOfPage":{"@id":"https:\/\/vitablanca.ma\/produit\/derma-ceutic-derma-activ-retinol-0-5-30ml\/#primaryimage"},"image":{"@id":"https:\/\/vitablanca.ma\/produit\/derma-ceutic-derma-activ-retinol-0-5-30ml\/#primaryimage"},"thumbnailUrl":"https:\/\/vitablanca.ma\/wp-content\/uploads\/2025\/06\/Derma-Ceutic-Derma-Activ-Retinol-0.5-30ml-nova-parapharmacie-maroc.jpg","datePublished":"2025-06-10T16:48:29+00:00","description":"Derma Ceutic Derma Activ Retinol 0.5 30ml","breadcrumb":{"@id":"https:\/\/vitablanca.ma\/produit\/derma-ceutic-derma-activ-retinol-0-5-30ml\/#breadcrumb"},"inLanguage":"ar","potentialAction":[{"@type":"ReadAction","target":["https:\/\/vitablanca.ma\/produit\/derma-ceutic-derma-activ-retinol-0-5-30ml\/"]}]},{"@type":"ImageObject","inLanguage":"ar","@id":"https:\/\/vitablanca.ma\/produit\/derma-ceutic-derma-activ-retinol-0-5-30ml\/#primaryimage","url":"https:\/\/vitablanca.ma\/wp-content\/uploads\/2025\/06\/Derma-Ceutic-Derma-Activ-Retinol-0.5-30ml-nova-parapharmacie-maroc.jpg","contentUrl":"https:\/\/vitablanca.ma\/wp-content\/uploads\/2025\/06\/Derma-Ceutic-Derma-Activ-Retinol-0.5-30ml-nova-parapharmacie-maroc.jpg","width":1000,"height":1000},{"@type":"BreadcrumbList","@id":"https:\/\/vitablanca.ma\/produit\/derma-ceutic-derma-activ-retinol-0-5-30ml\/#breadcrumb","itemListElement":[{"@type":"ListItem","position":1,"name":"Home","item":"https:\/\/vitablanca.ma\/"},{"@type":"ListItem","position":2,"name":"Tous Les Produits","item":"https:\/\/vitablanca.ma\/tous-les-produits\/"},{"@type":"ListItem","position":3,"name":"Derma Ceutic Derma Activ Retinol 0.5 30ml"}]},{"@type":"WebSite","@id":"https:\/\/vitablanca.ma\/#website","url":"https:\/\/vitablanca.ma\/","name":"VitaBlanca.ma | \u0627\u0644\u0645\u0643\u0645\u0644\u0627\u062a \u0627\u0644\u063a\u0630\u0627\u0626\u064a\u0629\u060c \u0627\u0644\u0635\u062d\u0629 \u0648\u0627\u0644\u062c\u0645\u0627\u0644 \u0641\u064a \u0627\u0644\u0645\u063a\u0631\u0628","description":"\u0646\u0628\u064a\u0639 \u0641\u064a\u062a\u0627\u0645\u064a\u0646\u0627\u062a \u0648\u0645\u0643\u0645\u0644\u0627\u062a \u063a\u0630\u0627\u0626\u064a\u0629 \u0641\u0627\u062e\u0631\u0629 \u0645\u0646 \u0627\u0644\u0648\u0644\u0627\u064a\u0627\u062a \u0627\u0644\u0645\u062a\u062d\u062f\u0629 \u0627\u0644\u0623\u0645\u0631\u064a\u0643\u064a\u0629 \u0648\u0643\u0646\u062f\u0627 \u0648\u0646\u064a\u0648\u0632\u064a\u0644\u0646\u062f\u0627 \u0648\u0627\u0644\u0645\u063a\u0631\u0628 (\u0646\u0627\u0648 \u0641\u0648\u062f\u0632\u060c \u0633\u0648\u0644\u062c\u0627\u0631\u060c \u0645\u0627\u0646\u0648\u0643\u0627). \u062a\u0648\u0635\u064a\u0644 \u0633\u0631\u064a\u0639 \u0625\u0644\u0649 \u062c\u0645\u064a\u0639 \u0623\u0646\u062d\u0627\u0621 \u0627\u0644\u0645\u063a\u0631\u0628.","publisher":{"@id":"https:\/\/vitablanca.ma\/#organization"},"alternateName":"VitaBlanca.ma","potentialAction":[{"@type":"SearchAction","target":{"@type":"EntryPoint","urlTemplate":"https:\/\/vitablanca.ma\/?s={search_term_string}"},"query-input":{"@type":"PropertyValueSpecification","valueRequired":true,"valueName":"search_term_string"}}],"inLanguage":"ar"},{"@type":"Organization","@id":"https:\/\/vitablanca.ma\/#organization","name":"\u0641\u064a\u062a\u0627\u0628\u0644\u0627\u0646\u0643\u0627","url":"https:\/\/vitablanca.ma\/","logo":{"@type":"ImageObject","inLanguage":"ar","@id":"https:\/\/vitablanca.ma\/#\/schema\/logo\/image\/","url":"https:\/\/vitablanca.ma\/wp-content\/uploads\/2025\/05\/cropped-vitablanca.png","contentUrl":"https:\/\/vitablanca.ma\/wp-content\/uploads\/2025\/05\/cropped-vitablanca.png","width":360,"height":67,"caption":"VitaBlanca"},"image":{"@id":"https:\/\/vitablanca.ma\/#\/schema\/logo\/image\/"},"sameAs":["https:\/\/www.facebook.com\/profile.php?id=61576678196717","https:\/\/www.tiktok.com\/@vitablanca.ma","https:\/\/www.instagram.com\/vitablanca.ma\/"]}]}},"jetpack_sharing_enabled":true,"_links":{"self":[{"href":"https:\/\/vitablanca.ma\/ar\/wp-json\/wp\/v2\/product\/16816","targetHints":{"allow":["GET"]}}],"collection":[{"href":"https:\/\/vitablanca.ma\/ar\/wp-json\/wp\/v2\/product"}],"about":[{"href":"https:\/\/vitablanca.ma\/ar\/wp-json\/wp\/v2\/types\/product"}],"wp:featuredmedia":[{"embeddable":true,"href":"https:\/\/vitablanca.ma\/ar\/wp-json\/wp\/v2\/media\/16814"}],"wp:attachment":[{"href":"https:\/\/vitablanca.ma\/ar\/wp-json\/wp\/v2\/media?parent=16816"}],"wp:term":[{"taxonomy":"product_brand","embeddable":true,"href":"https:\/\/vitablanca.ma\/ar\/wp-json\/wp\/v2\/product_brand?post=16816"},{"taxonomy":"product_cat","embeddable":true,"href":"https:\/\/vitablanca.ma\/ar\/wp-json\/wp\/v2\/product_cat?post=16816"},{"taxonomy":"product_tag","embeddable":true,"href":"https:\/\/vitablanca.ma\/ar\/wp-json\/wp\/v2\/product_tag?post=16816"}],"curies":[{"name":"wp","href":"https:\/\/api.w.org\/{rel}","templated":true}]}}