{"id":16812,"date":"2025-06-10T16:48:27","date_gmt":"2025-06-10T16:48:27","guid":{"rendered":"https:\/\/vitablanca.ma\/product\/curasept-proxi-angle-brossettes-interdentaires-p08\/"},"modified":"2025-06-10T16:48:27","modified_gmt":"2025-06-10T16:48:27","slug":"curasept-proxi-angle-brossettes-interdentaires-p08","status":"publish","type":"product","link":"https:\/\/vitablanca.ma\/ar\/product-2\/curasept-proxi-angle-brossettes-interdentaires-p08\/","title":{"rendered":"\u0641\u0631\u0634\u0627\u0629 \u0627\u0644\u0623\u0633\u0646\u0627\u0646 Curasept Proxi Angle P08"},"content":{"rendered":"<h2 data-mce-fragment=\"1\">\u0641\u0631\u0634\u0627\u0629 \u0627\u0644\u0623\u0633\u0646\u0627\u0646 \u0628\u064a\u0646 \u0627\u0644\u0623\u0633\u0646\u0627\u0646 Curasept Proxi Angle\u00a0<span data-mce-fragment=\"1\">\u0644\u0644\u062a\u0646\u0638\u064a\u0641 \u0627\u0644\u0623\u0645\u062b\u0644 \u0644\u0644\u0645\u0633\u0627\u062d\u0627\u062a \u0627\u0644\u0643\u0628\u064a\u0631\u0629<\/span><br \/>\n<\/h2>\n<h3 data-mce-fragment=\"1\">\u0641\u0631\u0634\u0627\u0629 \u0627\u0644\u0623\u0633\u0646\u0627\u0646 \u0644\u0645\u0646\u0639 \u0627\u0644\u0632\u0648\u0627\u064a\u0627<\/h3>\n<p data-mce-fragment=\"1\">\u0645\u062b\u0627\u0644\u064a \u0644\u0644\u0648\u0642\u0627\u064a\u0629 \u0627\u0644\u0623\u0648\u0644\u064a\u0629<\/p>\n<ul data-mce-fragment=\"1\">\n<li data-mce-fragment=\"1\">\u0641\u0631\u0634\u0627\u0629 \u0623\u0633\u0646\u0627\u0646 \u0646\u0627\u0639\u0645\u0629 \u0648\u0641\u0639\u0627\u0644\u0629 \u0644\u0644\u0645\u0633\u0627\u062d\u0627\u062a \u0628\u064a\u0646 \u0627\u0644\u0623\u0633\u0646\u0627\u0646 \u0627\u0644\u0642\u064a\u0627\u0633\u064a\u0629\u060c \u062d\u062a\u0649 \u0623\u0636\u064a\u0642\u0647\u0627<\/li>\n<li data-mce-fragment=\"1\">5 \u0623\u062d\u062c\u0627\u0645 \u0644\u0644\u0641\u0631\u0634\u0627\u0629 \u0645\u0646 P0.6 \u0645\u0645 \u0625\u0644\u0649 P1.1 \u0645\u0645<\/li>\n<\/ul>\n<h3 data-mce-fragment=\"1\">\u0641\u0631\u0634\u0627\u0629 \u0627\u0644\u0623\u0633\u0646\u0627\u0646 \u0628\u064a\u0646 \u0627\u0644\u0623\u0633\u0646\u0627\u0646 \u0644\u0639\u0644\u0627\u062c \u0627\u0644\u0632\u0648\u0627\u064a\u0627<\/h3>\n<p data-mce-fragment=\"1\">\u0645\u062e\u0635\u0635 \u0644\u0644\u0648\u0642\u0627\u064a\u0629 \u0627\u0644\u062b\u0627\u0646\u0648\u064a\u0629<\/p>\n<ul data-mce-fragment=\"1\">\n<li data-mce-fragment=\"1\">6 \u0645\u0631\u0627\u062c\u0639 \u0645\u062a\u0627\u062d\u0629 \u0645\u0646 T1mm \u0625\u0644\u0649 T1.7mm<\/li>\n<li data-mce-fragment=\"1\">\u0641\u0639\u0627\u0644\u0629 \u0648\u0622\u0645\u0646\u0629 \u0644\u0644\u062a\u0646\u0638\u064a\u0641 \u0627\u0644\u0623\u0645\u062b\u0644 \u0644\u0644\u0645\u0633\u0627\u062d\u0627\u062a \u0627\u0644\u0643\u0628\u064a\u0631\u0629 \u0628\u064a\u0646 \u0627\u0644\u0623\u0633\u0646\u0627\u0646 \u0627\u0644\u0645\u0631\u062a\u0628\u0637\u0629 \u0628\u0633\u0648\u0621 \u0648\u0636\u0639 \u0627\u0644\u0623\u0633\u0646\u0627\u0646 \u0648\u0639\u0644\u0627\u062c\u0627\u062a \u0627\u0644\u0644\u062b\u0629 \u0648\u0648\u0636\u0639 \u0627\u0644\u0632\u0631\u0639\u0627\u062a\u061f\u2026<\/li>\n<\/ul>\n<h3 data-mce-fragment=\"1\">\u0646\u0642\u0627\u0637 \u0627\u0644\u0642\u0648\u0629 \u0641\u064a \u0641\u0631\u0634\u0627\u0629 \u0627\u0644\u0623\u0633\u0646\u0627\u0646 Curasept Proxi Angle<\/h3>\n<ul data-mce-fragment=\"1\">\n<li data-mce-fragment=\"1\">\u0627\u0644\u0625\u0635\u062f\u0627\u0631 \u0627\u0644\u0645\u0627\u0626\u0644: \u064a\u0633\u0647\u0644 \u062a\u0646\u0638\u064a\u0641 \u0627\u0644\u0645\u0633\u0627\u062d\u0629 \u0627\u0644\u062e\u0644\u0641\u064a\u0629 \u0628\u064a\u0646 \u0627\u0644\u0623\u0633\u0646\u0627\u0646.<\/li>\n<li data-mce-fragment=\"1\">\u0627\u0644\u0645\u0642\u0627\u0648\u0645\u0629 \u0648\u0627\u0644\u0643\u0641\u0627\u0621\u0629: \u0642\u0636\u064a\u0628 \u0645\u0639\u062f\u0646\u064a \u0641\u0627\u0626\u0642 \u0627\u0644\u0646\u062d\u0627\u0641\u0629 \u0648\u0645\u0642\u0627\u0648\u0645 \u0648\u0645\u0631\u0646 \u0648\u063a\u064a\u0631 \u0645\u0624\u0644\u0645.<\/li>\n<li data-mce-fragment=\"1\">\u0627\u0644\u0645\u0631\u0648\u0646\u0629: \u0634\u0639\u064a\u0631\u0627\u062a \u0627\u0644\u0646\u0627\u064a\u0644\u0648\u0646 \u0641\u0627\u0626\u0642\u0629 \u0627\u0644\u0645\u0631\u0648\u0646\u0629 \u0648\u0627\u0644\u0637\u0648\u064a\u0644\u0629 \u062a\u0645\u0644\u0623 \u0627\u0644\u0645\u0633\u0627\u062d\u0629 \u0628\u064a\u0646 \u0627\u0644\u0623\u0633\u0646\u0627\u0646 \u0628\u0627\u0644\u0643\u0627\u0645\u0644 \u0644\u062a\u0646\u0638\u064a\u0641 \u0645\u062b\u0627\u0644\u064a \u0641\u064a \u0631\u062d\u0644\u0629 \u0630\u0647\u0627\u0628\u064b\u0627 \u0648\u0625\u064a\u0627\u0628\u064b\u0627 \u0648\u0627\u062d\u062f\u0629.<\/li>\n<li data-mce-fragment=\"1\">\u0627\u0644\u0633\u0644\u0627\u0645\u0629: \u0646\u0638\u0627\u0645 \u0642\u0641\u0644 \u0627\u0644\u0642\u0636\u064a\u0628 \u0627\u0644\u062f\u0627\u062e\u0644\u064a \u0644\u0636\u0645\u0627\u0646 \u0627\u0644\u0633\u0644\u0627\u0645\u0629 \u0648\u0627\u0644\u0627\u0633\u062a\u0642\u0631\u0627\u0631 \u0627\u0644\u0645\u0637\u0644\u0642\u064a\u0646.<\/li>\n<li data-mce-fragment=\"1\">\u0633\u0647\u0644\u0629 \u0627\u0644\u062a\u0639\u0631\u0641 \u0639\u0644\u064a\u0647\u0627: \u064a\u062a\u0645 \u0627\u0644\u0625\u0634\u0627\u0631\u0629 \u0625\u0644\u0649 \u0642\u0637\u0631 \u0627\u0644\u0641\u0631\u0634\u0627\u0629 \u0639\u0644\u0649 \u0627\u0644\u0645\u0642\u0628\u0636\u060c \u0645\u0646 0.6 \u0645\u0645 \u0625\u0644\u0649 3.3 \u0645\u0645.<\/li>\n<li data-mce-fragment=\"1\">\u0639\u0645\u0644\u064a: \u064a\u0645\u0643\u0646 \u0627\u0633\u062a\u062e\u062f\u0627\u0645 \u0627\u0644\u063a\u0637\u0627\u0621 \u0643\u0627\u0645\u062a\u062f\u0627\u062f \u0644\u0644\u0645\u0642\u0628\u0636.<\/li>\n<li data-mce-fragment=\"1\">\u0645\u0631\u064a\u062d: \u0645\u0642\u0628\u0636 \u0645\u0631\u064a\u062d \u063a\u064a\u0631 \u0642\u0627\u0628\u0644 \u0644\u0644\u0627\u0646\u0632\u0644\u0627\u0642 \u0644\u0642\u0628\u0636\u0629 \u062c\u064a\u062f\u0629 \u0648\u0633\u0647\u0648\u0644\u0629 \u0627\u0644\u062d\u0631\u0643\u0629.<\/li>\n<li data-mce-fragment=\"1\">\u0646\u0638\u0627\u0645 \u062a\u0648\u0642\u0641 \u0622\u0645\u0646: \u0637\u0631\u0641 \u0648\u0642\u0627\u0626\u064a \u0641\u0631\u064a\u062f \u0648\u0645\u0628\u062a\u0643\u0631\u060c \u0643\u0645\u0627 \u0623\u0646\u0647 \u064a\u0645\u0646\u0639 \u062a\u0647\u064a\u062c \u0627\u0644\u0644\u062b\u0629\u060c \u0648\u064a\u0636\u0645\u0646 \u062b\u0628\u0627\u062a\u064b\u0627 \u062c\u064a\u062f\u064b\u0627 \u0644\u0644\u0642\u0636\u064a\u0628 \u0648\u064a\u062d\u0633\u0646 \u0627\u0644\u062a\u062d\u0643\u0645 \u0641\u064a \u0627\u0644\u0641\u0631\u0634\u0627\u0629.<\/li>\n<\/ul>","protected":false},"excerpt":{"rendered":"<p>Curasept Proxi Angle Brossettes interdentaires\u00a0pour un nettoyages optimal des grands espaces Brossette interdentaire Angle Pr\u00e9vention Id\u00e9ale pour de la pr\u00e9vention primaire Brossettes interdentaires douces et efficaces pour les espaces interdentaires standards, m\u00eame les plus \u00e9troits 5 tailles de brossettes de P0,6mm \u00e0 P1,1mm Brossette interdentaire Angle Traitement Indiqu\u00e9es pour la pr\u00e9vention secondaire 6 r\u00e9f\u00e9rences disponibles [&hellip;]<\/p>\n","protected":false},"featured_media":16809,"template":"","meta":{"om_disable_all_campaigns":false},"product_brand":[],"product_cat":[15],"product_tag":[],"class_list":{"0":"post-16812","1":"product","2":"type-product","3":"status-publish","4":"has-post-thumbnail","6":"product_cat-beaute-sante-complements-alimentaires-soins-et-bien-etre-au-meilleur-prix","8":"first","9":"instock","10":"sale","11":"taxable","12":"shipping-taxable","13":"purchasable","14":"product-type-simple"},"yoast_head":"<!-- This site is optimized with the Yoast SEO plugin v27.3 - https:\/\/yoast.com\/product\/yoast-seo-wordpress\/ -->\n<title>Curasept Proxi Angle Brossettes interdentaires P08 - Maroc Prix<\/title>\n<meta name=\"description\" content=\"Curasept Proxi Angle Brossettes interdentaires P08\" \/>\n<meta name=\"robots\" content=\"index, follow, max-snippet:-1, max-image-preview:large, max-video-preview:-1\" \/>\n<link rel=\"canonical\" href=\"https:\/\/vitablanca.ma\/ar\/product-2\/curasept-proxi-angle-brossettes-interdentaires-p08\/\" \/>\n<meta property=\"og:locale\" content=\"ar_AR\" \/>\n<meta property=\"og:type\" content=\"article\" \/>\n<meta property=\"og:title\" content=\"Curasept Proxi Angle Brossettes interdentaires P08 - Maroc Prix\" \/>\n<meta property=\"og:description\" content=\"Curasept Proxi Angle Brossettes interdentaires P08\" \/>\n<meta property=\"og:url\" content=\"https:\/\/vitablanca.ma\/ar\/product-2\/curasept-proxi-angle-brossettes-interdentaires-p08\/\" \/>\n<meta property=\"og:site_name\" content=\"Vitablanca.ma &ndash; Sant&eacute;, vitalit&eacute; et bien-&ecirc;tre pour tous les Marocains\" \/>\n<meta property=\"article:publisher\" content=\"https:\/\/www.facebook.com\/profile.php?id=61576678196717\" \/>\n<meta property=\"og:image\" content=\"https:\/\/vitablanca.ma\/wp-content\/uploads\/2025\/06\/Curasept-Proxi-Angle-Brossettes-interdentaires-P08-nova-parapharmacie-maroc.png\" \/>\n\t<meta property=\"og:image:width\" content=\"1000\" \/>\n\t<meta property=\"og:image:height\" content=\"1000\" \/>\n\t<meta property=\"og:image:type\" content=\"image\/png\" \/>\n<meta name=\"twitter:card\" content=\"summary_large_image\" \/>\n<meta name=\"twitter:label1\" content=\"\u0648\u0642\u062a \u0627\u0644\u0642\u0631\u0627\u0621\u0629 \u0627\u0644\u0645\u064f\u0642\u062f\u0651\u0631\" \/>\n\t<meta name=\"twitter:data1\" content=\"\u062f\u0642\u064a\u0642\u0629 \u0648\u0627\u062d\u062f\u0629\" \/>\n<script type=\"application\/ld+json\" class=\"yoast-schema-graph\">{\"@context\":\"https:\\\/\\\/schema.org\",\"@graph\":[{\"@type\":[\"WebPage\",\"ItemPage\"],\"@id\":\"https:\\\/\\\/vitablanca.ma\\\/produit\\\/curasept-proxi-angle-brossettes-interdentaires-p08\\\/\",\"url\":\"https:\\\/\\\/vitablanca.ma\\\/produit\\\/curasept-proxi-angle-brossettes-interdentaires-p08\\\/\",\"name\":\"Curasept Proxi Angle Brossettes interdentaires P08 - Maroc Prix\",\"isPartOf\":{\"@id\":\"https:\\\/\\\/vitablanca.ma\\\/#website\"},\"primaryImageOfPage\":{\"@id\":\"https:\\\/\\\/vitablanca.ma\\\/produit\\\/curasept-proxi-angle-brossettes-interdentaires-p08\\\/#primaryimage\"},\"image\":{\"@id\":\"https:\\\/\\\/vitablanca.ma\\\/produit\\\/curasept-proxi-angle-brossettes-interdentaires-p08\\\/#primaryimage\"},\"thumbnailUrl\":\"https:\\\/\\\/vitablanca.ma\\\/wp-content\\\/uploads\\\/2025\\\/06\\\/Curasept-Proxi-Angle-Brossettes-interdentaires-P08-nova-parapharmacie-maroc.png\",\"datePublished\":\"2025-06-10T16:48:27+00:00\",\"description\":\"Curasept Proxi Angle Brossettes interdentaires P08\",\"breadcrumb\":{\"@id\":\"https:\\\/\\\/vitablanca.ma\\\/produit\\\/curasept-proxi-angle-brossettes-interdentaires-p08\\\/#breadcrumb\"},\"inLanguage\":\"ar\",\"potentialAction\":[{\"@type\":\"ReadAction\",\"target\":[\"https:\\\/\\\/vitablanca.ma\\\/produit\\\/curasept-proxi-angle-brossettes-interdentaires-p08\\\/\"]}]},{\"@type\":\"ImageObject\",\"inLanguage\":\"ar\",\"@id\":\"https:\\\/\\\/vitablanca.ma\\\/produit\\\/curasept-proxi-angle-brossettes-interdentaires-p08\\\/#primaryimage\",\"url\":\"https:\\\/\\\/vitablanca.ma\\\/wp-content\\\/uploads\\\/2025\\\/06\\\/Curasept-Proxi-Angle-Brossettes-interdentaires-P08-nova-parapharmacie-maroc.png\",\"contentUrl\":\"https:\\\/\\\/vitablanca.ma\\\/wp-content\\\/uploads\\\/2025\\\/06\\\/Curasept-Proxi-Angle-Brossettes-interdentaires-P08-nova-parapharmacie-maroc.png\",\"width\":1000,\"height\":1000},{\"@type\":\"BreadcrumbList\",\"@id\":\"https:\\\/\\\/vitablanca.ma\\\/produit\\\/curasept-proxi-angle-brossettes-interdentaires-p08\\\/#breadcrumb\",\"itemListElement\":[{\"@type\":\"ListItem\",\"position\":1,\"name\":\"Home\",\"item\":\"https:\\\/\\\/vitablanca.ma\\\/\"},{\"@type\":\"ListItem\",\"position\":2,\"name\":\"Tous Les Produits\",\"item\":\"https:\\\/\\\/vitablanca.ma\\\/tous-les-produits\\\/\"},{\"@type\":\"ListItem\",\"position\":3,\"name\":\"Curasept Proxi Angle Brossettes interdentaires P08\"}]},{\"@type\":\"WebSite\",\"@id\":\"https:\\\/\\\/vitablanca.ma\\\/#website\",\"url\":\"https:\\\/\\\/vitablanca.ma\\\/\",\"name\":\"VitaBlanca.ma | Compl\u00e9ments alimentaires, sant\u00e9 & beaut\u00e9 au Maroc\",\"description\":\"vendre vitamines et compl\u00e9ments premium des USA &amp; Canada, Nouvelle Z\u00e9lande,Maroc (NOW Foods, Solgar, Manuka). Livraison rapide partout au Maroc.\",\"publisher\":{\"@id\":\"https:\\\/\\\/vitablanca.ma\\\/#organization\"},\"alternateName\":\"VitaBlanca.ma\",\"potentialAction\":[{\"@type\":\"SearchAction\",\"target\":{\"@type\":\"EntryPoint\",\"urlTemplate\":\"https:\\\/\\\/vitablanca.ma\\\/?s={search_term_string}\"},\"query-input\":{\"@type\":\"PropertyValueSpecification\",\"valueRequired\":true,\"valueName\":\"search_term_string\"}}],\"inLanguage\":\"ar\"},{\"@type\":\"Organization\",\"@id\":\"https:\\\/\\\/vitablanca.ma\\\/#organization\",\"name\":\"VitaBlanca\",\"url\":\"https:\\\/\\\/vitablanca.ma\\\/\",\"logo\":{\"@type\":\"ImageObject\",\"inLanguage\":\"ar\",\"@id\":\"https:\\\/\\\/vitablanca.ma\\\/#\\\/schema\\\/logo\\\/image\\\/\",\"url\":\"https:\\\/\\\/vitablanca.ma\\\/wp-content\\\/uploads\\\/2025\\\/05\\\/cropped-vitablanca.png\",\"contentUrl\":\"https:\\\/\\\/vitablanca.ma\\\/wp-content\\\/uploads\\\/2025\\\/05\\\/cropped-vitablanca.png\",\"width\":360,\"height\":67,\"caption\":\"VitaBlanca\"},\"image\":{\"@id\":\"https:\\\/\\\/vitablanca.ma\\\/#\\\/schema\\\/logo\\\/image\\\/\"},\"sameAs\":[\"https:\\\/\\\/www.facebook.com\\\/profile.php?id=61576678196717\",\"https:\\\/\\\/www.tiktok.com\\\/@vitablanca.ma\",\"https:\\\/\\\/www.instagram.com\\\/vitablanca.ma\\\/\"]}]}<\/script>\n<!-- \/ Yoast SEO plugin. -->","yoast_head_json":{"title":"Curasept Proxi Angle Brossettes interdentaires P08 - Maroc Prix","description":"\u0641\u0631\u0634\u0627\u0629 \u0627\u0644\u0623\u0633\u0646\u0627\u0646 Curasept Proxi Angle P08","robots":{"index":"index","follow":"follow","max-snippet":"max-snippet:-1","max-image-preview":"max-image-preview:large","max-video-preview":"max-video-preview:-1"},"canonical":"https:\/\/vitablanca.ma\/ar\/product-2\/curasept-proxi-angle-brossettes-interdentaires-p08\/","og_locale":"ar_AR","og_type":"article","og_title":"Curasept Proxi Angle Brossettes interdentaires P08 - Maroc Prix","og_description":"Curasept Proxi Angle Brossettes interdentaires P08","og_url":"https:\/\/vitablanca.ma\/ar\/product-2\/curasept-proxi-angle-brossettes-interdentaires-p08\/","og_site_name":"Vitablanca.ma &ndash; Sant&eacute;, vitalit&eacute; et bien-&ecirc;tre pour tous les Marocains","article_publisher":"https:\/\/www.facebook.com\/profile.php?id=61576678196717","og_image":[{"width":1000,"height":1000,"url":"https:\/\/vitablanca.ma\/wp-content\/uploads\/2025\/06\/Curasept-Proxi-Angle-Brossettes-interdentaires-P08-nova-parapharmacie-maroc.png","type":"image\/png"}],"twitter_card":"summary_large_image","twitter_misc":{"\u0648\u0642\u062a \u0627\u0644\u0642\u0631\u0627\u0621\u0629 \u0627\u0644\u0645\u064f\u0642\u062f\u0651\u0631":"\u062f\u0642\u064a\u0642\u0629 \u0648\u0627\u062d\u062f\u0629"},"schema":{"@context":"https:\/\/schema.org","@graph":[{"@type":["WebPage","ItemPage"],"@id":"https:\/\/vitablanca.ma\/produit\/curasept-proxi-angle-brossettes-interdentaires-p08\/","url":"https:\/\/vitablanca.ma\/produit\/curasept-proxi-angle-brossettes-interdentaires-p08\/","name":"Curasept Proxi Angle Brossettes interdentaires P08 - Maroc Prix","isPartOf":{"@id":"https:\/\/vitablanca.ma\/#website"},"primaryImageOfPage":{"@id":"https:\/\/vitablanca.ma\/produit\/curasept-proxi-angle-brossettes-interdentaires-p08\/#primaryimage"},"image":{"@id":"https:\/\/vitablanca.ma\/produit\/curasept-proxi-angle-brossettes-interdentaires-p08\/#primaryimage"},"thumbnailUrl":"https:\/\/vitablanca.ma\/wp-content\/uploads\/2025\/06\/Curasept-Proxi-Angle-Brossettes-interdentaires-P08-nova-parapharmacie-maroc.png","datePublished":"2025-06-10T16:48:27+00:00","description":"\u0641\u0631\u0634\u0627\u0629 \u0627\u0644\u0623\u0633\u0646\u0627\u0646 Curasept Proxi Angle P08","breadcrumb":{"@id":"https:\/\/vitablanca.ma\/produit\/curasept-proxi-angle-brossettes-interdentaires-p08\/#breadcrumb"},"inLanguage":"ar","potentialAction":[{"@type":"ReadAction","target":["https:\/\/vitablanca.ma\/produit\/curasept-proxi-angle-brossettes-interdentaires-p08\/"]}]},{"@type":"ImageObject","inLanguage":"ar","@id":"https:\/\/vitablanca.ma\/produit\/curasept-proxi-angle-brossettes-interdentaires-p08\/#primaryimage","url":"https:\/\/vitablanca.ma\/wp-content\/uploads\/2025\/06\/Curasept-Proxi-Angle-Brossettes-interdentaires-P08-nova-parapharmacie-maroc.png","contentUrl":"https:\/\/vitablanca.ma\/wp-content\/uploads\/2025\/06\/Curasept-Proxi-Angle-Brossettes-interdentaires-P08-nova-parapharmacie-maroc.png","width":1000,"height":1000},{"@type":"BreadcrumbList","@id":"https:\/\/vitablanca.ma\/produit\/curasept-proxi-angle-brossettes-interdentaires-p08\/#breadcrumb","itemListElement":[{"@type":"ListItem","position":1,"name":"Home","item":"https:\/\/vitablanca.ma\/"},{"@type":"ListItem","position":2,"name":"Tous Les Produits","item":"https:\/\/vitablanca.ma\/tous-les-produits\/"},{"@type":"ListItem","position":3,"name":"Curasept Proxi Angle Brossettes interdentaires P08"}]},{"@type":"WebSite","@id":"https:\/\/vitablanca.ma\/#website","url":"https:\/\/vitablanca.ma\/","name":"VitaBlanca.ma | \u0627\u0644\u0645\u0643\u0645\u0644\u0627\u062a \u0627\u0644\u063a\u0630\u0627\u0626\u064a\u0629\u060c \u0627\u0644\u0635\u062d\u0629 \u0648\u0627\u0644\u062c\u0645\u0627\u0644 \u0641\u064a \u0627\u0644\u0645\u063a\u0631\u0628","description":"\u0646\u0628\u064a\u0639 \u0641\u064a\u062a\u0627\u0645\u064a\u0646\u0627\u062a \u0648\u0645\u0643\u0645\u0644\u0627\u062a \u063a\u0630\u0627\u0626\u064a\u0629 \u0641\u0627\u062e\u0631\u0629 \u0645\u0646 \u0627\u0644\u0648\u0644\u0627\u064a\u0627\u062a \u0627\u0644\u0645\u062a\u062d\u062f\u0629 \u0627\u0644\u0623\u0645\u0631\u064a\u0643\u064a\u0629 \u0648\u0643\u0646\u062f\u0627 \u0648\u0646\u064a\u0648\u0632\u064a\u0644\u0646\u062f\u0627 \u0648\u0627\u0644\u0645\u063a\u0631\u0628 (\u0646\u0627\u0648 \u0641\u0648\u062f\u0632\u060c \u0633\u0648\u0644\u062c\u0627\u0631\u060c \u0645\u0627\u0646\u0648\u0643\u0627). \u062a\u0648\u0635\u064a\u0644 \u0633\u0631\u064a\u0639 \u0625\u0644\u0649 \u062c\u0645\u064a\u0639 \u0623\u0646\u062d\u0627\u0621 \u0627\u0644\u0645\u063a\u0631\u0628.","publisher":{"@id":"https:\/\/vitablanca.ma\/#organization"},"alternateName":"VitaBlanca.ma","potentialAction":[{"@type":"SearchAction","target":{"@type":"EntryPoint","urlTemplate":"https:\/\/vitablanca.ma\/?s={search_term_string}"},"query-input":{"@type":"PropertyValueSpecification","valueRequired":true,"valueName":"search_term_string"}}],"inLanguage":"ar"},{"@type":"Organization","@id":"https:\/\/vitablanca.ma\/#organization","name":"\u0641\u064a\u062a\u0627\u0628\u0644\u0627\u0646\u0643\u0627","url":"https:\/\/vitablanca.ma\/","logo":{"@type":"ImageObject","inLanguage":"ar","@id":"https:\/\/vitablanca.ma\/#\/schema\/logo\/image\/","url":"https:\/\/vitablanca.ma\/wp-content\/uploads\/2025\/05\/cropped-vitablanca.png","contentUrl":"https:\/\/vitablanca.ma\/wp-content\/uploads\/2025\/05\/cropped-vitablanca.png","width":360,"height":67,"caption":"VitaBlanca"},"image":{"@id":"https:\/\/vitablanca.ma\/#\/schema\/logo\/image\/"},"sameAs":["https:\/\/www.facebook.com\/profile.php?id=61576678196717","https:\/\/www.tiktok.com\/@vitablanca.ma","https:\/\/www.instagram.com\/vitablanca.ma\/"]}]}},"jetpack_sharing_enabled":true,"_links":{"self":[{"href":"https:\/\/vitablanca.ma\/ar\/wp-json\/wp\/v2\/product\/16812","targetHints":{"allow":["GET"]}}],"collection":[{"href":"https:\/\/vitablanca.ma\/ar\/wp-json\/wp\/v2\/product"}],"about":[{"href":"https:\/\/vitablanca.ma\/ar\/wp-json\/wp\/v2\/types\/product"}],"wp:featuredmedia":[{"embeddable":true,"href":"https:\/\/vitablanca.ma\/ar\/wp-json\/wp\/v2\/media\/16809"}],"wp:attachment":[{"href":"https:\/\/vitablanca.ma\/ar\/wp-json\/wp\/v2\/media?parent=16812"}],"wp:term":[{"taxonomy":"product_brand","embeddable":true,"href":"https:\/\/vitablanca.ma\/ar\/wp-json\/wp\/v2\/product_brand?post=16812"},{"taxonomy":"product_cat","embeddable":true,"href":"https:\/\/vitablanca.ma\/ar\/wp-json\/wp\/v2\/product_cat?post=16812"},{"taxonomy":"product_tag","embeddable":true,"href":"https:\/\/vitablanca.ma\/ar\/wp-json\/wp\/v2\/product_tag?post=16812"}],"curies":[{"name":"wp","href":"https:\/\/api.w.org\/{rel}","templated":true}]}}