{"id":16783,"date":"2025-06-10T16:47:52","date_gmt":"2025-06-10T16:47:52","guid":{"rendered":"https:\/\/vitablanca.ma\/product\/daylong-50-extreme-fluide-sensitive-50ml\/"},"modified":"2025-06-10T16:47:52","modified_gmt":"2025-06-10T16:47:52","slug":"daylong-50-extreme-fluide-sensitive-50ml","status":"publish","type":"product","link":"https:\/\/vitablanca.ma\/ar\/product-2\/daylong-50-extreme-fluide-sensitive-50ml\/","title":{"rendered":"\u0633\u0627\u0626\u0644 \u062f\u0627\u064a \u0644\u0648\u0646\u062c 50+ \u0644\u0644\u0628\u0634\u0631\u0629 \u0627\u0644\u062d\u0633\u0627\u0633\u0629 \u0644\u0644\u063a\u0627\u064a\u0629 50 \u0645\u0644"},"content":{"rendered":"<h2>Daylong 50+ Extr\u00eame Fluide Sensitive a<span data-mce-fragment=\"1\">ide \u00e0 pr\u00e9venir les\u00a0dommages cellulaires et le vieillissement cutan\u00e9 pr\u00e9matur\u00e9<\/span><br \/>\n<\/h2>\n<p><strong data-mce-fragment=\"1\">Daylong<strong class=\"original\" data-mce-fragment=\"1\">\u2122<\/strong><span data-mce-fragment=\"1\">\u00a0<\/span>sensitive face SPF 50+\u00a0<\/strong>est fluide l\u00e9ger, non gras, qui, avec son filtre min\u00e9ral suppl\u00e9mentaire et sa formule innovante (sans huiles grasses et sans \u00e9mulsifiants), offre une tr\u00e8s haute protection solaire aux peaux tr\u00e8s sensibles et intol\u00e9rantes au soleil.<\/p>\n<div class=\"product-content\" data-mce-fragment=\"1\"><\/div>\n<h3 class=\"product-content\" data-mce-fragment=\"1\"><strong data-mce-fragment=\"1\">\u0627\u0644\u0627\u062a\u062c\u0627\u0647\u0627\u062a:<\/strong><\/h3>\n<div class=\"product-content\" data-mce-fragment=\"1\">\n<ul data-mce-fragment=\"1\">\n<li>Peaux allergiques au soleil<\/li>\n<li data-mce-fragment=\"1\">Peaux mixtes, grasses \u00e0 tendance acn\u00e9ique<\/li>\n<li data-mce-fragment=\"1\">Peaux tr\u00e8s sensibles<\/li>\n<li data-mce-fragment=\"1\">\u0648\u062c\u0647<\/li>\n<\/ul>\n<div data-mce-fragment=\"1\"><br data-mce-fragment=\"1\"><\/div>\n<\/div>\n<h3 class=\"product-content\" data-mce-fragment=\"1\"><strong data-mce-fragment=\"1\">\u0645\u0644\u0643\u064a\u0627\u062a:<\/strong><\/h3>\n<div class=\"product-content\" data-mce-fragment=\"1\">\n<ul data-mce-fragment=\"1\">\n<li>Tr\u00e8s haute protection SPF 50+ avec filtres photostables \u00e0 large spectre contre les UVA\/UVB<\/li>\n<li data-mce-fragment=\"1\">Filtre min\u00e9ral suppl\u00e9mentaire<\/li>\n<li data-mce-fragment=\"1\">Sans \u00e9mulsifiants et huiles grasses \u00e0 l\u2019origine d\u2019inconfort pour les peaux grasses et d\u2019irritations pour les peaux allergiques au soleil<\/li>\n<li data-mce-fragment=\"1\">Aide \u00e0 pr\u00e9venir les\u00a0dommages cellulaires et le vieillissement cutan\u00e9 pr\u00e9matur\u00e9 induits par les UVA, UVB et infra-rouges (IR)<\/li>\n<li data-mce-fragment=\"1\">Haute tol\u00e9rance : hypoallerg\u00e9nique, sans parfum, sans paraben, sans octocryl\u00e8ne, sans conservateur. 90% de bonne tol\u00e9rance cutan\u00e9e d\u00e9montr\u00e9e chez des personnes sujettes\u00a0 aux lucites\u00a0 estivales b\u00e9nignes*. Test\u00e9 sous contr\u00f4le dermatologique.<\/li>\n<\/ul>\n<\/div>\n<h3 class=\"product-content\" data-mce-fragment=\"1\"><strong data-mce-fragment=\"1\">Plaisir et confort d&rsquo;utilisation:<\/strong><\/h3>\n<div class=\"product-content\" data-mce-fragment=\"1\">\n<ul data-mce-fragment=\"1\">\n<li>Poudre de silice pour un effet anti-brillance<\/li>\n<li data-mce-fragment=\"1\">Gel fluide l\u00e9ger, non gras<\/li>\n<li data-mce-fragment=\"1\">Sans effet blanc<\/li>\n<li data-mce-fragment=\"1\">Tr\u00e8s r\u00e9sistant \u00e0 l&rsquo;eau et \u00e0 la transpiration<\/li>\n<li data-mce-fragment=\"1\">\u0644\u0627 \u064a\u0633\u0628\u0628 \u062d\u0631\u0642\u0629 \u0644\u0644\u0639\u064a\u0646<\/li>\n<li data-mce-fragment=\"1\">Non com\u00e9dog\u00e8ne, convient en utilisation quotidienne et base de maquillage<\/li>\n<\/ul>\n<h3 class=\"bodytext\" data-mce-fragment=\"1\"><b data-mce-fragment=\"1\">\u0637\u0631\u064a\u0642\u0629 \u0627\u0644\u0627\u0633\u062a\u062e\u062f\u0627\u0645:<\/b><\/h3>\n<ul data-mce-fragment=\"1\">\n<li data-mce-fragment=\"1\">Appliquer g\u00e9n\u00e9reusement environ 20 minutes avant l&rsquo;exposition au soleil, bien laisser p\u00e9n\u00e9trer. Eviter tout contact avec les yeux.<\/li>\n<li data-mce-fragment=\"1\">Renouveler l&rsquo;application afin de maintenir la protection solaire, en particulier apr\u00e8s un s\u00e9jour dans l&rsquo;eau, apr\u00e8s avoir essuy\u00e9 la peau et apr\u00e8s avoir transpir\u00e9.<\/li>\n<li data-mce-fragment=\"1\">L&rsquo;application de petites quantit\u00e9s r\u00e9duit consid\u00e9rablement l&rsquo;efficacit\u00e9 de la protection.<\/li>\n<li data-mce-fragment=\"1\">Eviter le soleil en milieu de journ\u00e9e. Une exposition excessive au soleil est dangereuse. M\u00eame les produits de protection solaire \u00e0 SPF \u00e9lev\u00e9 ne prot\u00e8gent pas compl\u00e8tement des rayonnements UV.<\/li>\n<\/ul>\n<\/div>\n<h3 class=\"product-content\" data-mce-fragment=\"1\"><strong data-mce-fragment=\"1\">\u0645\u0643\u0648\u0646\u0627\u062a:<\/strong><\/h3>\n<div class=\"product-content\" data-mce-fragment=\"1\"><b data-mce-fragment=\"1\"><\/b><\/div>\n<div class=\"product-content\" data-mce-fragment=\"1\">\n<b data-mce-fragment=\"1\">Composants<\/b><span data-mce-fragment=\"1\">\u00a0<\/span>: Aqua. Alcohol, C12-15 Alkyl Benzoate, DibutylAdipate, Dimethicone, VP\/Eicosene Copolymer. Cyclodextrin, Tocopherol, Polyglyceryl-2Dipolyhydroxystearate, SiIica, Decyl Glucoside, Triethanolamine, Xanthan Gum, Acrylates\/C10-30 Alkyl Acrylate Crosspolymer ,Trisodium Ethylenediamine Disuccinate, lauryl Glucoside. BHT, Propylene Glycol.<\/div>\n<div class=\"product-content\" data-mce-fragment=\"1\"><b data-mce-fragment=\"1\"><\/b><\/div>\n<div class=\"product-content\" data-mce-fragment=\"1\">\n<b data-mce-fragment=\"1\">Filtres de protection solaire<\/b><span data-mce-fragment=\"1\">\u00a0<\/span>: Ethylhexyl Methoxycinnamate, DiethylaminoHydroxybenzoyHexyl Benzoate, Bis-Ethylhexyloxyphenol Methoxyphenyl Triazine, Titanium Dioxide (nano), MethyleneBis-Benzotriazolyl Tetramethylbutylphenol (nano), EthylhexyI Triazone.<\/div>","protected":false},"excerpt":{"rendered":"<p>Daylong 50+ Extr\u00eame Fluide Sensitive aide \u00e0 pr\u00e9venir les\u00a0dommages cellulaires et le vieillissement cutan\u00e9 pr\u00e9matur\u00e9 Daylong\u2122\u00a0sensitive face SPF 50+\u00a0est fluide l\u00e9ger, non gras, qui, avec son filtre min\u00e9ral suppl\u00e9mentaire et sa formule innovante (sans huiles grasses et sans \u00e9mulsifiants), offre une tr\u00e8s haute protection solaire aux peaux tr\u00e8s sensibles et intol\u00e9rantes au soleil. Indications: Peaux [&hellip;]<\/p>\n","protected":false},"featured_media":16782,"template":"","meta":{"om_disable_all_campaigns":false},"product_brand":[],"product_cat":[15],"product_tag":[],"class_list":{"0":"post-16783","1":"product","2":"type-product","3":"status-publish","4":"has-post-thumbnail","6":"product_cat-beaute-sante-complements-alimentaires-soins-et-bien-etre-au-meilleur-prix","8":"first","9":"instock","10":"sale","11":"taxable","12":"shipping-taxable","13":"purchasable","14":"product-type-simple"},"yoast_head":"<!-- This site is optimized with the Yoast SEO plugin v27.3 - https:\/\/yoast.com\/product\/yoast-seo-wordpress\/ -->\n<title>Daylong 50+ Extr\u00eame Fluide Sensitive 50ml - Maroc Prix<\/title>\n<meta name=\"description\" content=\"Daylong 50+ Extr\u00eame Fluide Sensitive 50ml\" \/>\n<meta name=\"robots\" content=\"index, follow, max-snippet:-1, max-image-preview:large, max-video-preview:-1\" \/>\n<link rel=\"canonical\" href=\"https:\/\/vitablanca.ma\/ar\/product-2\/daylong-50-extreme-fluide-sensitive-50ml\/\" \/>\n<meta property=\"og:locale\" content=\"ar_AR\" \/>\n<meta property=\"og:type\" content=\"article\" \/>\n<meta property=\"og:title\" content=\"Daylong 50+ Extr\u00eame Fluide Sensitive 50ml - Maroc Prix\" \/>\n<meta property=\"og:description\" content=\"Daylong 50+ Extr\u00eame Fluide Sensitive 50ml\" \/>\n<meta property=\"og:url\" content=\"https:\/\/vitablanca.ma\/ar\/product-2\/daylong-50-extreme-fluide-sensitive-50ml\/\" \/>\n<meta property=\"og:site_name\" content=\"Vitablanca.ma &ndash; Sant&eacute;, vitalit&eacute; et bien-&ecirc;tre pour tous les Marocains\" \/>\n<meta property=\"article:publisher\" content=\"https:\/\/www.facebook.com\/profile.php?id=61576678196717\" \/>\n<meta property=\"og:image\" content=\"https:\/\/vitablanca.ma\/wp-content\/uploads\/2025\/06\/Daylong-50_-Extreme-Fluide-Sensitive-50ml-prix-maroc-parapharmacie-casablanca.jpg\" \/>\n\t<meta property=\"og:image:width\" content=\"1000\" \/>\n\t<meta property=\"og:image:height\" content=\"1000\" \/>\n\t<meta property=\"og:image:type\" content=\"image\/jpeg\" \/>\n<meta name=\"twitter:card\" content=\"summary_large_image\" \/>\n<meta name=\"twitter:label1\" content=\"\u0648\u0642\u062a \u0627\u0644\u0642\u0631\u0627\u0621\u0629 \u0627\u0644\u0645\u064f\u0642\u062f\u0651\u0631\" \/>\n\t<meta name=\"twitter:data1\" content=\"\u062f\u0642\u064a\u0642\u062a\u0627\u0646\" \/>\n<script type=\"application\/ld+json\" class=\"yoast-schema-graph\">{\"@context\":\"https:\\\/\\\/schema.org\",\"@graph\":[{\"@type\":[\"WebPage\",\"ItemPage\"],\"@id\":\"https:\\\/\\\/vitablanca.ma\\\/produit\\\/daylong-50-extreme-fluide-sensitive-50ml\\\/\",\"url\":\"https:\\\/\\\/vitablanca.ma\\\/produit\\\/daylong-50-extreme-fluide-sensitive-50ml\\\/\",\"name\":\"Daylong 50+ Extr\u00eame Fluide Sensitive 50ml - Maroc Prix\",\"isPartOf\":{\"@id\":\"https:\\\/\\\/vitablanca.ma\\\/#website\"},\"primaryImageOfPage\":{\"@id\":\"https:\\\/\\\/vitablanca.ma\\\/produit\\\/daylong-50-extreme-fluide-sensitive-50ml\\\/#primaryimage\"},\"image\":{\"@id\":\"https:\\\/\\\/vitablanca.ma\\\/produit\\\/daylong-50-extreme-fluide-sensitive-50ml\\\/#primaryimage\"},\"thumbnailUrl\":\"https:\\\/\\\/vitablanca.ma\\\/wp-content\\\/uploads\\\/2025\\\/06\\\/Daylong-50_-Extreme-Fluide-Sensitive-50ml-prix-maroc-parapharmacie-casablanca.jpg\",\"datePublished\":\"2025-06-10T16:47:52+00:00\",\"description\":\"Daylong 50+ Extr\u00eame Fluide Sensitive 50ml\",\"breadcrumb\":{\"@id\":\"https:\\\/\\\/vitablanca.ma\\\/produit\\\/daylong-50-extreme-fluide-sensitive-50ml\\\/#breadcrumb\"},\"inLanguage\":\"ar\",\"potentialAction\":[{\"@type\":\"ReadAction\",\"target\":[\"https:\\\/\\\/vitablanca.ma\\\/produit\\\/daylong-50-extreme-fluide-sensitive-50ml\\\/\"]}]},{\"@type\":\"ImageObject\",\"inLanguage\":\"ar\",\"@id\":\"https:\\\/\\\/vitablanca.ma\\\/produit\\\/daylong-50-extreme-fluide-sensitive-50ml\\\/#primaryimage\",\"url\":\"https:\\\/\\\/vitablanca.ma\\\/wp-content\\\/uploads\\\/2025\\\/06\\\/Daylong-50_-Extreme-Fluide-Sensitive-50ml-prix-maroc-parapharmacie-casablanca.jpg\",\"contentUrl\":\"https:\\\/\\\/vitablanca.ma\\\/wp-content\\\/uploads\\\/2025\\\/06\\\/Daylong-50_-Extreme-Fluide-Sensitive-50ml-prix-maroc-parapharmacie-casablanca.jpg\",\"width\":1000,\"height\":1000},{\"@type\":\"BreadcrumbList\",\"@id\":\"https:\\\/\\\/vitablanca.ma\\\/produit\\\/daylong-50-extreme-fluide-sensitive-50ml\\\/#breadcrumb\",\"itemListElement\":[{\"@type\":\"ListItem\",\"position\":1,\"name\":\"Home\",\"item\":\"https:\\\/\\\/vitablanca.ma\\\/\"},{\"@type\":\"ListItem\",\"position\":2,\"name\":\"Tous Les Produits\",\"item\":\"https:\\\/\\\/vitablanca.ma\\\/tous-les-produits\\\/\"},{\"@type\":\"ListItem\",\"position\":3,\"name\":\"Daylong 50+ Extr\u00eame Fluide Sensitive 50ml\"}]},{\"@type\":\"WebSite\",\"@id\":\"https:\\\/\\\/vitablanca.ma\\\/#website\",\"url\":\"https:\\\/\\\/vitablanca.ma\\\/\",\"name\":\"VitaBlanca.ma | Compl\u00e9ments alimentaires, sant\u00e9 & beaut\u00e9 au Maroc\",\"description\":\"vendre vitamines et compl\u00e9ments premium des USA &amp; Canada, Nouvelle Z\u00e9lande,Maroc (NOW Foods, Solgar, Manuka). Livraison rapide partout au Maroc.\",\"publisher\":{\"@id\":\"https:\\\/\\\/vitablanca.ma\\\/#organization\"},\"alternateName\":\"VitaBlanca.ma\",\"potentialAction\":[{\"@type\":\"SearchAction\",\"target\":{\"@type\":\"EntryPoint\",\"urlTemplate\":\"https:\\\/\\\/vitablanca.ma\\\/?s={search_term_string}\"},\"query-input\":{\"@type\":\"PropertyValueSpecification\",\"valueRequired\":true,\"valueName\":\"search_term_string\"}}],\"inLanguage\":\"ar\"},{\"@type\":\"Organization\",\"@id\":\"https:\\\/\\\/vitablanca.ma\\\/#organization\",\"name\":\"VitaBlanca\",\"url\":\"https:\\\/\\\/vitablanca.ma\\\/\",\"logo\":{\"@type\":\"ImageObject\",\"inLanguage\":\"ar\",\"@id\":\"https:\\\/\\\/vitablanca.ma\\\/#\\\/schema\\\/logo\\\/image\\\/\",\"url\":\"https:\\\/\\\/vitablanca.ma\\\/wp-content\\\/uploads\\\/2025\\\/05\\\/cropped-vitablanca.png\",\"contentUrl\":\"https:\\\/\\\/vitablanca.ma\\\/wp-content\\\/uploads\\\/2025\\\/05\\\/cropped-vitablanca.png\",\"width\":360,\"height\":67,\"caption\":\"VitaBlanca\"},\"image\":{\"@id\":\"https:\\\/\\\/vitablanca.ma\\\/#\\\/schema\\\/logo\\\/image\\\/\"},\"sameAs\":[\"https:\\\/\\\/www.facebook.com\\\/profile.php?id=61576678196717\",\"https:\\\/\\\/www.tiktok.com\\\/@vitablanca.ma\",\"https:\\\/\\\/www.instagram.com\\\/vitablanca.ma\\\/\"]}]}<\/script>\n<!-- \/ Yoast SEO plugin. -->","yoast_head_json":{"title":"Daylong 50+ Extr\u00eame Fluide Sensitive 50ml - Maroc Prix","description":"\u0633\u0627\u0626\u0644 \u062f\u0627\u064a \u0644\u0648\u0646\u062c 50+ \u0644\u0644\u0628\u0634\u0631\u0629 \u0627\u0644\u062d\u0633\u0627\u0633\u0629 \u0644\u0644\u063a\u0627\u064a\u0629 50 \u0645\u0644","robots":{"index":"index","follow":"follow","max-snippet":"max-snippet:-1","max-image-preview":"max-image-preview:large","max-video-preview":"max-video-preview:-1"},"canonical":"https:\/\/vitablanca.ma\/ar\/product-2\/daylong-50-extreme-fluide-sensitive-50ml\/","og_locale":"ar_AR","og_type":"article","og_title":"Daylong 50+ Extr\u00eame Fluide Sensitive 50ml - Maroc Prix","og_description":"Daylong 50+ Extr\u00eame Fluide Sensitive 50ml","og_url":"https:\/\/vitablanca.ma\/ar\/product-2\/daylong-50-extreme-fluide-sensitive-50ml\/","og_site_name":"Vitablanca.ma &ndash; Sant&eacute;, vitalit&eacute; et bien-&ecirc;tre pour tous les Marocains","article_publisher":"https:\/\/www.facebook.com\/profile.php?id=61576678196717","og_image":[{"width":1000,"height":1000,"url":"https:\/\/vitablanca.ma\/wp-content\/uploads\/2025\/06\/Daylong-50_-Extreme-Fluide-Sensitive-50ml-prix-maroc-parapharmacie-casablanca.jpg","type":"image\/jpeg"}],"twitter_card":"summary_large_image","twitter_misc":{"\u0648\u0642\u062a \u0627\u0644\u0642\u0631\u0627\u0621\u0629 \u0627\u0644\u0645\u064f\u0642\u062f\u0651\u0631":"\u062f\u0642\u064a\u0642\u062a\u0627\u0646"},"schema":{"@context":"https:\/\/schema.org","@graph":[{"@type":["WebPage","ItemPage"],"@id":"https:\/\/vitablanca.ma\/produit\/daylong-50-extreme-fluide-sensitive-50ml\/","url":"https:\/\/vitablanca.ma\/produit\/daylong-50-extreme-fluide-sensitive-50ml\/","name":"Daylong 50+ Extr\u00eame Fluide Sensitive 50ml - Maroc Prix","isPartOf":{"@id":"https:\/\/vitablanca.ma\/#website"},"primaryImageOfPage":{"@id":"https:\/\/vitablanca.ma\/produit\/daylong-50-extreme-fluide-sensitive-50ml\/#primaryimage"},"image":{"@id":"https:\/\/vitablanca.ma\/produit\/daylong-50-extreme-fluide-sensitive-50ml\/#primaryimage"},"thumbnailUrl":"https:\/\/vitablanca.ma\/wp-content\/uploads\/2025\/06\/Daylong-50_-Extreme-Fluide-Sensitive-50ml-prix-maroc-parapharmacie-casablanca.jpg","datePublished":"2025-06-10T16:47:52+00:00","description":"\u0633\u0627\u0626\u0644 \u062f\u0627\u064a \u0644\u0648\u0646\u062c 50+ \u0644\u0644\u0628\u0634\u0631\u0629 \u0627\u0644\u062d\u0633\u0627\u0633\u0629 \u0644\u0644\u063a\u0627\u064a\u0629 50 \u0645\u0644","breadcrumb":{"@id":"https:\/\/vitablanca.ma\/produit\/daylong-50-extreme-fluide-sensitive-50ml\/#breadcrumb"},"inLanguage":"ar","potentialAction":[{"@type":"ReadAction","target":["https:\/\/vitablanca.ma\/produit\/daylong-50-extreme-fluide-sensitive-50ml\/"]}]},{"@type":"ImageObject","inLanguage":"ar","@id":"https:\/\/vitablanca.ma\/produit\/daylong-50-extreme-fluide-sensitive-50ml\/#primaryimage","url":"https:\/\/vitablanca.ma\/wp-content\/uploads\/2025\/06\/Daylong-50_-Extreme-Fluide-Sensitive-50ml-prix-maroc-parapharmacie-casablanca.jpg","contentUrl":"https:\/\/vitablanca.ma\/wp-content\/uploads\/2025\/06\/Daylong-50_-Extreme-Fluide-Sensitive-50ml-prix-maroc-parapharmacie-casablanca.jpg","width":1000,"height":1000},{"@type":"BreadcrumbList","@id":"https:\/\/vitablanca.ma\/produit\/daylong-50-extreme-fluide-sensitive-50ml\/#breadcrumb","itemListElement":[{"@type":"ListItem","position":1,"name":"Home","item":"https:\/\/vitablanca.ma\/"},{"@type":"ListItem","position":2,"name":"Tous Les Produits","item":"https:\/\/vitablanca.ma\/tous-les-produits\/"},{"@type":"ListItem","position":3,"name":"Daylong 50+ Extr\u00eame Fluide Sensitive 50ml"}]},{"@type":"WebSite","@id":"https:\/\/vitablanca.ma\/#website","url":"https:\/\/vitablanca.ma\/","name":"VitaBlanca.ma | \u0627\u0644\u0645\u0643\u0645\u0644\u0627\u062a \u0627\u0644\u063a\u0630\u0627\u0626\u064a\u0629\u060c \u0627\u0644\u0635\u062d\u0629 \u0648\u0627\u0644\u062c\u0645\u0627\u0644 \u0641\u064a \u0627\u0644\u0645\u063a\u0631\u0628","description":"\u0646\u0628\u064a\u0639 \u0641\u064a\u062a\u0627\u0645\u064a\u0646\u0627\u062a \u0648\u0645\u0643\u0645\u0644\u0627\u062a \u063a\u0630\u0627\u0626\u064a\u0629 \u0641\u0627\u062e\u0631\u0629 \u0645\u0646 \u0627\u0644\u0648\u0644\u0627\u064a\u0627\u062a \u0627\u0644\u0645\u062a\u062d\u062f\u0629 \u0627\u0644\u0623\u0645\u0631\u064a\u0643\u064a\u0629 \u0648\u0643\u0646\u062f\u0627 \u0648\u0646\u064a\u0648\u0632\u064a\u0644\u0646\u062f\u0627 \u0648\u0627\u0644\u0645\u063a\u0631\u0628 (\u0646\u0627\u0648 \u0641\u0648\u062f\u0632\u060c \u0633\u0648\u0644\u062c\u0627\u0631\u060c \u0645\u0627\u0646\u0648\u0643\u0627). \u062a\u0648\u0635\u064a\u0644 \u0633\u0631\u064a\u0639 \u0625\u0644\u0649 \u062c\u0645\u064a\u0639 \u0623\u0646\u062d\u0627\u0621 \u0627\u0644\u0645\u063a\u0631\u0628.","publisher":{"@id":"https:\/\/vitablanca.ma\/#organization"},"alternateName":"VitaBlanca.ma","potentialAction":[{"@type":"SearchAction","target":{"@type":"EntryPoint","urlTemplate":"https:\/\/vitablanca.ma\/?s={search_term_string}"},"query-input":{"@type":"PropertyValueSpecification","valueRequired":true,"valueName":"search_term_string"}}],"inLanguage":"ar"},{"@type":"Organization","@id":"https:\/\/vitablanca.ma\/#organization","name":"\u0641\u064a\u062a\u0627\u0628\u0644\u0627\u0646\u0643\u0627","url":"https:\/\/vitablanca.ma\/","logo":{"@type":"ImageObject","inLanguage":"ar","@id":"https:\/\/vitablanca.ma\/#\/schema\/logo\/image\/","url":"https:\/\/vitablanca.ma\/wp-content\/uploads\/2025\/05\/cropped-vitablanca.png","contentUrl":"https:\/\/vitablanca.ma\/wp-content\/uploads\/2025\/05\/cropped-vitablanca.png","width":360,"height":67,"caption":"VitaBlanca"},"image":{"@id":"https:\/\/vitablanca.ma\/#\/schema\/logo\/image\/"},"sameAs":["https:\/\/www.facebook.com\/profile.php?id=61576678196717","https:\/\/www.tiktok.com\/@vitablanca.ma","https:\/\/www.instagram.com\/vitablanca.ma\/"]}]}},"jetpack_sharing_enabled":true,"_links":{"self":[{"href":"https:\/\/vitablanca.ma\/ar\/wp-json\/wp\/v2\/product\/16783","targetHints":{"allow":["GET"]}}],"collection":[{"href":"https:\/\/vitablanca.ma\/ar\/wp-json\/wp\/v2\/product"}],"about":[{"href":"https:\/\/vitablanca.ma\/ar\/wp-json\/wp\/v2\/types\/product"}],"wp:featuredmedia":[{"embeddable":true,"href":"https:\/\/vitablanca.ma\/ar\/wp-json\/wp\/v2\/media\/16782"}],"wp:attachment":[{"href":"https:\/\/vitablanca.ma\/ar\/wp-json\/wp\/v2\/media?parent=16783"}],"wp:term":[{"taxonomy":"product_brand","embeddable":true,"href":"https:\/\/vitablanca.ma\/ar\/wp-json\/wp\/v2\/product_brand?post=16783"},{"taxonomy":"product_cat","embeddable":true,"href":"https:\/\/vitablanca.ma\/ar\/wp-json\/wp\/v2\/product_cat?post=16783"},{"taxonomy":"product_tag","embeddable":true,"href":"https:\/\/vitablanca.ma\/ar\/wp-json\/wp\/v2\/product_tag?post=16783"}],"curies":[{"name":"wp","href":"https:\/\/api.w.org\/{rel}","templated":true}]}}