{"id":16768,"date":"2025-06-10T16:47:36","date_gmt":"2025-06-10T16:47:36","guid":{"rendered":"https:\/\/vitablanca.ma\/product\/daylong-actinica-lotion-80g\/"},"modified":"2025-06-10T16:47:36","modified_gmt":"2025-06-10T16:47:36","slug":"daylong-actinica-lotion-80g","status":"publish","type":"product","link":"https:\/\/vitablanca.ma\/ar\/product-2\/daylong-actinica-lotion-80g\/","title":{"rendered":"Daylong Actinica Lotion 80g"},"content":{"rendered":"<h2 data-mce-fragment=\"1\">Daylong Actinica Lotion tr\u00e8s Haute Protection qui permet \u00e9galement de prot\u00e9ger votre peau<\/h2>\n<p data-mce-fragment=\"1\"><span data-mce-fragment=\"1\">Actinica Lotion\u00a0<\/span>pr\u00e9vient des diff\u00e9rentes forme de cancer de la peau (non m\u00e9lanome) chez un patient \u00e0 risque (immunosupprim\u00e9). L\u2019efficacit\u00e9 de cette lotion a \u00e9t\u00e9 cliniquement prouv\u00e9 pour pr\u00e9venir des k\u00e9ratoses actiniques et des carcinomes \u00e9pidermo\u00efdes. C\u2019est une tr\u00e8s haute protection solaire et un dispositif m\u00e9dical qui permet \u00e9galement, en plus de la prot\u00e9ger, d\u2019hydrater votre peau.<br \/>Cette protection solaire doit \u00eatre utilis\u00e9e :<br \/>&#8211; pour pr\u00e9venir des k\u00e9ratoses actiniques et des cancers non-m\u00e9lanome chez les sujets \u00e0 risque<br \/>&#8211; pour pr\u00e9venir les allergies au soleil<br \/>Elle contient des filtres solaires UVA et UVB hautement photostables qui r\u00e9sistent \u00e0 l\u2019eau.<br \/>Cette lotion est formul\u00e9e sans parfum, sans PEG et est haute tol\u00e9rance.<br \/><span data-mce-fragment=\"1\">Actinica Lotion<\/span><span data-mce-fragment=\"1\">\u00a0<\/span>est tr\u00e8s bien tol\u00e9r\u00e9e m\u00eame par les peaux les plus intol\u00e9rantes au soleil et prot\u00e8ge des rayons UVA et UVB.<br \/>Son plus ? Sa texture fluide et facile \u00e0 \u00e9taler.<\/p>\n<h3 data-mce-fragment=\"1\">\u062f\u0648\u0627\u0639\u064a \u0627\u0644\u0627\u0633\u062a\u0639\u0645\u0627\u0644:<\/h3>\n<p data-mce-fragment=\"1\"><span data-mce-fragment=\"1\">\u063a\u0633\u0648\u0644 \u00a0<\/span><span data-mce-fragment=\"1\">Visage &amp; Corps .<\/span><span data-mce-fragment=\"1\">Tr\u00e8s<\/span><span data-mce-fragment=\"1\">\u00a0haute protection contre les UVB et UVA\u00a0<\/span><span data-mce-fragment=\"1\">SPF 50+<\/span><span data-mce-fragment=\"1\"><\/span><\/p>\n<h3 data-mce-fragment=\"1\">\u0637\u0631\u064a\u0642\u0629 \u0627\u0644\u0627\u0633\u062a\u062e\u062f\u0627\u0645:<\/h3>\n<p data-mce-fragment=\"1\">Toute l&rsquo;ann\u00e9e et chaque matin, appliquer g\u00e9n\u00e9reusement cette lotion sur les parties d\u00e9couvertes du corps.<br \/>Ne pas s&rsquo;exposer directement au soleil. Il est tr\u00e8s important de porter des v\u00eatements protecteurs.<br \/><span data-mce-fragment=\"1\">En cas de contact prolong\u00e9 avec l&rsquo;eau ou lors de forte transpiration renouveler l&rsquo;application.<\/span><\/p>\n<h3 data-mce-fragment=\"1\">\u062a\u0639\u0628\u064a\u0631 :<\/h3>\n<p data-mce-fragment=\"1\">Bis Ethylhexyloxyphenol Methoxyphenyl Triazine, Ethylhexyl Triazone, Isoamyl p-Methoxycinnamate, Ethylhexyl Methoxycinnamate, Methylene Bis-Benzotriazoyl Tetramethylbutylphenol, Butyl Methoxydibenzoylmethane, Propylparaben, Methylparaben, Excipient.<\/p>\n<div data-mce-fragment=\"1\"><\/div>\n<h3 data-mce-fragment=\"1\"><\/h3>","protected":false},"excerpt":{"rendered":"<p>Daylong Actinica Lotion tr\u00e8s Haute Protection qui permet \u00e9galement de prot\u00e9ger votre peau Actinica Lotion\u00a0pr\u00e9vient des diff\u00e9rentes forme de cancer de la peau (non m\u00e9lanome) chez un patient \u00e0 risque (immunosupprim\u00e9). L\u2019efficacit\u00e9 de cette lotion a \u00e9t\u00e9 cliniquement prouv\u00e9 pour pr\u00e9venir des k\u00e9ratoses actiniques et des carcinomes \u00e9pidermo\u00efdes. C\u2019est une tr\u00e8s haute protection solaire et [&hellip;]<\/p>\n","protected":false},"featured_media":0,"template":"","meta":{"om_disable_all_campaigns":false},"product_brand":[],"product_cat":[15],"product_tag":[],"class_list":{"0":"post-16768","1":"product","2":"type-product","3":"status-publish","5":"product_cat-beaute-sante-complements-alimentaires-soins-et-bien-etre-au-meilleur-prix","7":"first","8":"instock","9":"sale","10":"taxable","11":"shipping-taxable","12":"purchasable","13":"product-type-simple"},"yoast_head":"<!-- This site is optimized with the Yoast SEO plugin v27.3 - https:\/\/yoast.com\/product\/yoast-seo-wordpress\/ -->\n<title>Daylong Actinica Lotion 80g - Maroc Prix<\/title>\n<meta name=\"description\" content=\"Daylong Actinica Lotion 80g\" \/>\n<meta name=\"robots\" content=\"index, follow, max-snippet:-1, max-image-preview:large, max-video-preview:-1\" \/>\n<link rel=\"canonical\" href=\"https:\/\/vitablanca.ma\/ar\/product-2\/daylong-actinica-lotion-80g\/\" \/>\n<meta property=\"og:locale\" content=\"ar_AR\" \/>\n<meta property=\"og:type\" content=\"article\" \/>\n<meta property=\"og:title\" content=\"Daylong Actinica Lotion 80g - Maroc Prix\" \/>\n<meta property=\"og:description\" content=\"Daylong Actinica Lotion 80g\" \/>\n<meta property=\"og:url\" content=\"https:\/\/vitablanca.ma\/ar\/product-2\/daylong-actinica-lotion-80g\/\" \/>\n<meta property=\"og:site_name\" content=\"Vitablanca.ma &ndash; Sant&eacute;, vitalit&eacute; et bien-&ecirc;tre pour tous les Marocains\" \/>\n<meta property=\"article:publisher\" content=\"https:\/\/www.facebook.com\/profile.php?id=61576678196717\" \/>\n<meta property=\"og:image\" content=\"https:\/\/vitablanca.ma\/wp-content\/uploads\/2025\/06\/Magnesium_2024_1400_x787_002.jpg\" \/>\n\t<meta property=\"og:image:width\" content=\"950\" \/>\n\t<meta property=\"og:image:height\" content=\"534\" \/>\n\t<meta property=\"og:image:type\" content=\"image\/jpeg\" \/>\n<meta name=\"twitter:card\" content=\"summary_large_image\" \/>\n<meta name=\"twitter:label1\" content=\"\u0648\u0642\u062a \u0627\u0644\u0642\u0631\u0627\u0621\u0629 \u0627\u0644\u0645\u064f\u0642\u062f\u0651\u0631\" \/>\n\t<meta name=\"twitter:data1\" content=\"\u062f\u0642\u064a\u0642\u0629 \u0648\u0627\u062d\u062f\u0629\" \/>\n<script type=\"application\/ld+json\" class=\"yoast-schema-graph\">{\"@context\":\"https:\\\/\\\/schema.org\",\"@graph\":[{\"@type\":[\"WebPage\",\"ItemPage\"],\"@id\":\"https:\\\/\\\/vitablanca.ma\\\/produit\\\/daylong-actinica-lotion-80g\\\/\",\"url\":\"https:\\\/\\\/vitablanca.ma\\\/produit\\\/daylong-actinica-lotion-80g\\\/\",\"name\":\"Daylong Actinica Lotion 80g - Maroc Prix\",\"isPartOf\":{\"@id\":\"https:\\\/\\\/vitablanca.ma\\\/#website\"},\"datePublished\":\"2025-06-10T16:47:36+00:00\",\"description\":\"Daylong Actinica Lotion 80g\",\"breadcrumb\":{\"@id\":\"https:\\\/\\\/vitablanca.ma\\\/produit\\\/daylong-actinica-lotion-80g\\\/#breadcrumb\"},\"inLanguage\":\"ar\",\"potentialAction\":[{\"@type\":\"ReadAction\",\"target\":[\"https:\\\/\\\/vitablanca.ma\\\/produit\\\/daylong-actinica-lotion-80g\\\/\"]}]},{\"@type\":\"BreadcrumbList\",\"@id\":\"https:\\\/\\\/vitablanca.ma\\\/produit\\\/daylong-actinica-lotion-80g\\\/#breadcrumb\",\"itemListElement\":[{\"@type\":\"ListItem\",\"position\":1,\"name\":\"Home\",\"item\":\"https:\\\/\\\/vitablanca.ma\\\/\"},{\"@type\":\"ListItem\",\"position\":2,\"name\":\"Tous Les Produits\",\"item\":\"https:\\\/\\\/vitablanca.ma\\\/tous-les-produits\\\/\"},{\"@type\":\"ListItem\",\"position\":3,\"name\":\"Daylong Actinica Lotion 80g\"}]},{\"@type\":\"WebSite\",\"@id\":\"https:\\\/\\\/vitablanca.ma\\\/#website\",\"url\":\"https:\\\/\\\/vitablanca.ma\\\/\",\"name\":\"VitaBlanca.ma | Compl\u00e9ments alimentaires, sant\u00e9 & beaut\u00e9 au Maroc\",\"description\":\"vendre vitamines et compl\u00e9ments premium des USA &amp; Canada, Nouvelle Z\u00e9lande,Maroc (NOW Foods, Solgar, Manuka). Livraison rapide partout au Maroc.\",\"publisher\":{\"@id\":\"https:\\\/\\\/vitablanca.ma\\\/#organization\"},\"alternateName\":\"VitaBlanca.ma\",\"potentialAction\":[{\"@type\":\"SearchAction\",\"target\":{\"@type\":\"EntryPoint\",\"urlTemplate\":\"https:\\\/\\\/vitablanca.ma\\\/?s={search_term_string}\"},\"query-input\":{\"@type\":\"PropertyValueSpecification\",\"valueRequired\":true,\"valueName\":\"search_term_string\"}}],\"inLanguage\":\"ar\"},{\"@type\":\"Organization\",\"@id\":\"https:\\\/\\\/vitablanca.ma\\\/#organization\",\"name\":\"VitaBlanca\",\"url\":\"https:\\\/\\\/vitablanca.ma\\\/\",\"logo\":{\"@type\":\"ImageObject\",\"inLanguage\":\"ar\",\"@id\":\"https:\\\/\\\/vitablanca.ma\\\/#\\\/schema\\\/logo\\\/image\\\/\",\"url\":\"https:\\\/\\\/vitablanca.ma\\\/wp-content\\\/uploads\\\/2025\\\/05\\\/cropped-vitablanca.png\",\"contentUrl\":\"https:\\\/\\\/vitablanca.ma\\\/wp-content\\\/uploads\\\/2025\\\/05\\\/cropped-vitablanca.png\",\"width\":360,\"height\":67,\"caption\":\"VitaBlanca\"},\"image\":{\"@id\":\"https:\\\/\\\/vitablanca.ma\\\/#\\\/schema\\\/logo\\\/image\\\/\"},\"sameAs\":[\"https:\\\/\\\/www.facebook.com\\\/profile.php?id=61576678196717\",\"https:\\\/\\\/www.tiktok.com\\\/@vitablanca.ma\",\"https:\\\/\\\/www.instagram.com\\\/vitablanca.ma\\\/\"]}]}<\/script>\n<!-- \/ Yoast SEO plugin. -->","yoast_head_json":{"title":"Daylong Actinica Lotion 80g - Maroc Prix","description":"Daylong Actinica Lotion 80g","robots":{"index":"index","follow":"follow","max-snippet":"max-snippet:-1","max-image-preview":"max-image-preview:large","max-video-preview":"max-video-preview:-1"},"canonical":"https:\/\/vitablanca.ma\/ar\/product-2\/daylong-actinica-lotion-80g\/","og_locale":"ar_AR","og_type":"article","og_title":"Daylong Actinica Lotion 80g - Maroc Prix","og_description":"Daylong Actinica Lotion 80g","og_url":"https:\/\/vitablanca.ma\/ar\/product-2\/daylong-actinica-lotion-80g\/","og_site_name":"Vitablanca.ma &ndash; Sant&eacute;, vitalit&eacute; et bien-&ecirc;tre pour tous les Marocains","article_publisher":"https:\/\/www.facebook.com\/profile.php?id=61576678196717","og_image":[{"width":950,"height":534,"url":"https:\/\/vitablanca.ma\/wp-content\/uploads\/2025\/06\/Magnesium_2024_1400_x787_002.jpg","type":"image\/jpeg"}],"twitter_card":"summary_large_image","twitter_misc":{"\u0648\u0642\u062a \u0627\u0644\u0642\u0631\u0627\u0621\u0629 \u0627\u0644\u0645\u064f\u0642\u062f\u0651\u0631":"\u062f\u0642\u064a\u0642\u0629 \u0648\u0627\u062d\u062f\u0629"},"schema":{"@context":"https:\/\/schema.org","@graph":[{"@type":["WebPage","ItemPage"],"@id":"https:\/\/vitablanca.ma\/produit\/daylong-actinica-lotion-80g\/","url":"https:\/\/vitablanca.ma\/produit\/daylong-actinica-lotion-80g\/","name":"Daylong Actinica Lotion 80g - Maroc Prix","isPartOf":{"@id":"https:\/\/vitablanca.ma\/#website"},"datePublished":"2025-06-10T16:47:36+00:00","description":"Daylong Actinica Lotion 80g","breadcrumb":{"@id":"https:\/\/vitablanca.ma\/produit\/daylong-actinica-lotion-80g\/#breadcrumb"},"inLanguage":"ar","potentialAction":[{"@type":"ReadAction","target":["https:\/\/vitablanca.ma\/produit\/daylong-actinica-lotion-80g\/"]}]},{"@type":"BreadcrumbList","@id":"https:\/\/vitablanca.ma\/produit\/daylong-actinica-lotion-80g\/#breadcrumb","itemListElement":[{"@type":"ListItem","position":1,"name":"Home","item":"https:\/\/vitablanca.ma\/"},{"@type":"ListItem","position":2,"name":"Tous Les Produits","item":"https:\/\/vitablanca.ma\/tous-les-produits\/"},{"@type":"ListItem","position":3,"name":"Daylong Actinica Lotion 80g"}]},{"@type":"WebSite","@id":"https:\/\/vitablanca.ma\/#website","url":"https:\/\/vitablanca.ma\/","name":"VitaBlanca.ma | \u0627\u0644\u0645\u0643\u0645\u0644\u0627\u062a \u0627\u0644\u063a\u0630\u0627\u0626\u064a\u0629\u060c \u0627\u0644\u0635\u062d\u0629 \u0648\u0627\u0644\u062c\u0645\u0627\u0644 \u0641\u064a \u0627\u0644\u0645\u063a\u0631\u0628","description":"\u0646\u0628\u064a\u0639 \u0641\u064a\u062a\u0627\u0645\u064a\u0646\u0627\u062a \u0648\u0645\u0643\u0645\u0644\u0627\u062a \u063a\u0630\u0627\u0626\u064a\u0629 \u0641\u0627\u062e\u0631\u0629 \u0645\u0646 \u0627\u0644\u0648\u0644\u0627\u064a\u0627\u062a \u0627\u0644\u0645\u062a\u062d\u062f\u0629 \u0627\u0644\u0623\u0645\u0631\u064a\u0643\u064a\u0629 \u0648\u0643\u0646\u062f\u0627 \u0648\u0646\u064a\u0648\u0632\u064a\u0644\u0646\u062f\u0627 \u0648\u0627\u0644\u0645\u063a\u0631\u0628 (\u0646\u0627\u0648 \u0641\u0648\u062f\u0632\u060c \u0633\u0648\u0644\u062c\u0627\u0631\u060c \u0645\u0627\u0646\u0648\u0643\u0627). \u062a\u0648\u0635\u064a\u0644 \u0633\u0631\u064a\u0639 \u0625\u0644\u0649 \u062c\u0645\u064a\u0639 \u0623\u0646\u062d\u0627\u0621 \u0627\u0644\u0645\u063a\u0631\u0628.","publisher":{"@id":"https:\/\/vitablanca.ma\/#organization"},"alternateName":"VitaBlanca.ma","potentialAction":[{"@type":"SearchAction","target":{"@type":"EntryPoint","urlTemplate":"https:\/\/vitablanca.ma\/?s={search_term_string}"},"query-input":{"@type":"PropertyValueSpecification","valueRequired":true,"valueName":"search_term_string"}}],"inLanguage":"ar"},{"@type":"Organization","@id":"https:\/\/vitablanca.ma\/#organization","name":"\u0641\u064a\u062a\u0627\u0628\u0644\u0627\u0646\u0643\u0627","url":"https:\/\/vitablanca.ma\/","logo":{"@type":"ImageObject","inLanguage":"ar","@id":"https:\/\/vitablanca.ma\/#\/schema\/logo\/image\/","url":"https:\/\/vitablanca.ma\/wp-content\/uploads\/2025\/05\/cropped-vitablanca.png","contentUrl":"https:\/\/vitablanca.ma\/wp-content\/uploads\/2025\/05\/cropped-vitablanca.png","width":360,"height":67,"caption":"VitaBlanca"},"image":{"@id":"https:\/\/vitablanca.ma\/#\/schema\/logo\/image\/"},"sameAs":["https:\/\/www.facebook.com\/profile.php?id=61576678196717","https:\/\/www.tiktok.com\/@vitablanca.ma","https:\/\/www.instagram.com\/vitablanca.ma\/"]}]}},"jetpack_sharing_enabled":true,"_links":{"self":[{"href":"https:\/\/vitablanca.ma\/ar\/wp-json\/wp\/v2\/product\/16768","targetHints":{"allow":["GET"]}}],"collection":[{"href":"https:\/\/vitablanca.ma\/ar\/wp-json\/wp\/v2\/product"}],"about":[{"href":"https:\/\/vitablanca.ma\/ar\/wp-json\/wp\/v2\/types\/product"}],"wp:attachment":[{"href":"https:\/\/vitablanca.ma\/ar\/wp-json\/wp\/v2\/media?parent=16768"}],"wp:term":[{"taxonomy":"product_brand","embeddable":true,"href":"https:\/\/vitablanca.ma\/ar\/wp-json\/wp\/v2\/product_brand?post=16768"},{"taxonomy":"product_cat","embeddable":true,"href":"https:\/\/vitablanca.ma\/ar\/wp-json\/wp\/v2\/product_cat?post=16768"},{"taxonomy":"product_tag","embeddable":true,"href":"https:\/\/vitablanca.ma\/ar\/wp-json\/wp\/v2\/product_tag?post=16768"}],"curies":[{"name":"wp","href":"https:\/\/api.w.org\/{rel}","templated":true}]}}