{"id":16764,"date":"2025-06-10T16:47:34","date_gmt":"2025-06-10T16:47:34","guid":{"rendered":"https:\/\/vitablanca.ma\/product\/daylong-extreme-lait-solaire-spf50\/"},"modified":"2025-06-10T16:47:34","modified_gmt":"2025-06-10T16:47:34","slug":"daylong-extreme-lait-solaire-spf50","status":"publish","type":"product","link":"https:\/\/vitablanca.ma\/ar\/product-2\/daylong-extreme-lait-solaire-spf50\/","title":{"rendered":"Daylong Extr\u00eame Lait Solaire SPF50+"},"content":{"rendered":"<h2 data-mce-fragment=\"1\">Daylong Extr\u00eame Lait Solaire SPF50+\u00a0<span data-mce-fragment=\"1\">qui offre une protection solaire aux peaux les plus sensibles au soleil.<\/span><br \/>\n<\/h2>\n<p data-mce-fragment=\"1\"><span data-mce-fragment=\"1\">Peaux s\u00e8ches, normales \u00e0 mixtes<br data-mce-fragment=\"1\">Peaux sensibles Visage et corps<\/span><\/p>\n<h3 data-mce-fragment=\"1\">\u0645\u0644\u0643\u064a\u0627\u062a<\/h3>\n<ul data-mce-fragment=\"1\">\n<li data-mce-fragment=\"1\">Protection longue tenue<\/li>\n<li data-mce-fragment=\"1\">Formule liposomale pour une meilleure r\u00e9sistance des filtres solaires faces aux UV<\/li>\n<li data-mce-fragment=\"1\">Tr\u00e8s r\u00e9sistant \u00e0 l\u2019eau, \u00e0 la transpiration et aux frottements<\/li>\n<li data-mce-fragment=\"1\">Protection des dommages des cellules et de l\u2019ADN induits par les UV et infrarouges<\/li>\n<li data-mce-fragment=\"1\">Hydratant (Aloe vera, Sorbitol, Vitamine E)<\/li>\n<li data-mce-fragment=\"1\">Haute tol\u00e9rance : sans parfum, sans paraben, sans octocryl\u00e8ne, sans conservateur<\/li>\n<li data-mce-fragment=\"1\">Non com\u00e9dog\u00e8ne. Test\u00e9 sous contr\u00f4le dermatologique<\/li>\n<\/ul>\n<h3 class=\"bodytext\" data-mce-fragment=\"1\"><b data-mce-fragment=\"1\">\u0637\u0631\u064a\u0642\u0629 \u0627\u0644\u0627\u0633\u062a\u062e\u062f\u0627\u0645<\/b><\/h3>\n<ul data-mce-fragment=\"1\">\n<li data-mce-fragment=\"1\">Appliquer g\u00e9n\u00e9reusement environ 20 minutes avant l&rsquo;exposition au soleil, bien laisser p\u00e9n\u00e9trer. Eviter tout contact avec les yeux.<\/li>\n<li data-mce-fragment=\"1\">Renouveler l&rsquo;application afin de maintenir la protection solaire, en particulier apr\u00e8s un s\u00e9jour dans l&rsquo;eau, apr\u00e8s avoir essuy\u00e9 la peau et apr\u00e8s avoir transpir\u00e9. L&rsquo;application de petites quantit\u00e9s r\u00e9duit consid\u00e9rablement l&rsquo;efficacit\u00e9 de la protection.<\/li>\n<li data-mce-fragment=\"1\">Eviter le soleil en milieu de journ\u00e9e. Une exposition excessive au soleil est dangereuse. M\u00eame les produits de protection solaire \u00e0 SPF \u00e9lev\u00e9 ne prot\u00e8gent pas compl\u00e8tement des rayonnements UV.<\/li>\n<\/ul>","protected":false},"excerpt":{"rendered":"<p>Daylong Extr\u00eame Lait Solaire SPF50+\u00a0qui offre une protection solaire aux peaux les plus sensibles au soleil. Peaux s\u00e8ches, normales \u00e0 mixtesPeaux sensibles Visage et corps Propri\u00e9t\u00e9s Protection longue tenue Formule liposomale pour une meilleure r\u00e9sistance des filtres solaires faces aux UV Tr\u00e8s r\u00e9sistant \u00e0 l\u2019eau, \u00e0 la transpiration et aux frottements Protection des dommages des [&hellip;]<\/p>\n","protected":false},"featured_media":16760,"template":"","meta":{"om_disable_all_campaigns":false},"product_brand":[],"product_cat":[15],"product_tag":[],"class_list":{"0":"post-16764","1":"product","2":"type-product","3":"status-publish","4":"has-post-thumbnail","6":"product_cat-beaute-sante-complements-alimentaires-soins-et-bien-etre-au-meilleur-prix","8":"first","9":"instock","10":"sale","11":"taxable","12":"shipping-taxable","13":"purchasable","14":"product-type-variable"},"yoast_head":"<!-- This site is optimized with the Yoast SEO plugin v27.3 - https:\/\/yoast.com\/product\/yoast-seo-wordpress\/ -->\n<title>Daylong Extr\u00eame Lait Solaire SPF50+ - Maroc Prix<\/title>\n<meta name=\"description\" content=\"Daylong Extr\u00eame Lait Solaire SPF50+\" \/>\n<meta name=\"robots\" content=\"index, follow, max-snippet:-1, max-image-preview:large, max-video-preview:-1\" \/>\n<link rel=\"canonical\" href=\"https:\/\/vitablanca.ma\/ar\/product-2\/daylong-extreme-lait-solaire-spf50\/\" \/>\n<meta property=\"og:locale\" content=\"ar_AR\" \/>\n<meta property=\"og:type\" content=\"article\" \/>\n<meta property=\"og:title\" content=\"Daylong Extr\u00eame Lait Solaire SPF50+ - Maroc Prix\" \/>\n<meta property=\"og:description\" content=\"Daylong Extr\u00eame Lait Solaire SPF50+\" \/>\n<meta property=\"og:url\" content=\"https:\/\/vitablanca.ma\/ar\/product-2\/daylong-extreme-lait-solaire-spf50\/\" \/>\n<meta property=\"og:site_name\" content=\"Vitablanca.ma &ndash; Sant&eacute;, vitalit&eacute; et bien-&ecirc;tre pour tous les Marocains\" \/>\n<meta property=\"article:publisher\" content=\"https:\/\/www.facebook.com\/profile.php?id=61576678196717\" \/>\n<meta property=\"og:image\" content=\"https:\/\/vitablanca.ma\/wp-content\/uploads\/2025\/06\/Daylong-Extreme-SPF50_-50ml-nova-parapharmacie-casablanca_b9564b75-680d-439a-84e4-ea391192f271.jpg\" \/>\n\t<meta property=\"og:image:width\" content=\"1000\" \/>\n\t<meta property=\"og:image:height\" content=\"1000\" \/>\n\t<meta property=\"og:image:type\" content=\"image\/jpeg\" \/>\n<meta name=\"twitter:card\" content=\"summary_large_image\" \/>\n<meta name=\"twitter:label1\" content=\"\u0648\u0642\u062a \u0627\u0644\u0642\u0631\u0627\u0621\u0629 \u0627\u0644\u0645\u064f\u0642\u062f\u0651\u0631\" \/>\n\t<meta name=\"twitter:data1\" content=\"\u062f\u0642\u064a\u0642\u0629 \u0648\u0627\u062d\u062f\u0629\" \/>\n<script type=\"application\/ld+json\" class=\"yoast-schema-graph\">{\"@context\":\"https:\\\/\\\/schema.org\",\"@graph\":[{\"@type\":[\"WebPage\",\"ItemPage\"],\"@id\":\"https:\\\/\\\/vitablanca.ma\\\/produit\\\/daylong-extreme-lait-solaire-spf50\\\/\",\"url\":\"https:\\\/\\\/vitablanca.ma\\\/produit\\\/daylong-extreme-lait-solaire-spf50\\\/\",\"name\":\"Daylong Extr\u00eame Lait Solaire SPF50+ - Maroc Prix\",\"isPartOf\":{\"@id\":\"https:\\\/\\\/vitablanca.ma\\\/#website\"},\"primaryImageOfPage\":{\"@id\":\"https:\\\/\\\/vitablanca.ma\\\/produit\\\/daylong-extreme-lait-solaire-spf50\\\/#primaryimage\"},\"image\":{\"@id\":\"https:\\\/\\\/vitablanca.ma\\\/produit\\\/daylong-extreme-lait-solaire-spf50\\\/#primaryimage\"},\"thumbnailUrl\":\"https:\\\/\\\/vitablanca.ma\\\/wp-content\\\/uploads\\\/2025\\\/06\\\/Daylong-Extreme-SPF50_-50ml-nova-parapharmacie-casablanca_b9564b75-680d-439a-84e4-ea391192f271.jpg\",\"datePublished\":\"2025-06-10T16:47:34+00:00\",\"description\":\"Daylong Extr\u00eame Lait Solaire SPF50+\",\"breadcrumb\":{\"@id\":\"https:\\\/\\\/vitablanca.ma\\\/produit\\\/daylong-extreme-lait-solaire-spf50\\\/#breadcrumb\"},\"inLanguage\":\"ar\",\"potentialAction\":[{\"@type\":\"ReadAction\",\"target\":[\"https:\\\/\\\/vitablanca.ma\\\/produit\\\/daylong-extreme-lait-solaire-spf50\\\/\"]}]},{\"@type\":\"ImageObject\",\"inLanguage\":\"ar\",\"@id\":\"https:\\\/\\\/vitablanca.ma\\\/produit\\\/daylong-extreme-lait-solaire-spf50\\\/#primaryimage\",\"url\":\"https:\\\/\\\/vitablanca.ma\\\/wp-content\\\/uploads\\\/2025\\\/06\\\/Daylong-Extreme-SPF50_-50ml-nova-parapharmacie-casablanca_b9564b75-680d-439a-84e4-ea391192f271.jpg\",\"contentUrl\":\"https:\\\/\\\/vitablanca.ma\\\/wp-content\\\/uploads\\\/2025\\\/06\\\/Daylong-Extreme-SPF50_-50ml-nova-parapharmacie-casablanca_b9564b75-680d-439a-84e4-ea391192f271.jpg\",\"width\":1000,\"height\":1000},{\"@type\":\"BreadcrumbList\",\"@id\":\"https:\\\/\\\/vitablanca.ma\\\/produit\\\/daylong-extreme-lait-solaire-spf50\\\/#breadcrumb\",\"itemListElement\":[{\"@type\":\"ListItem\",\"position\":1,\"name\":\"Home\",\"item\":\"https:\\\/\\\/vitablanca.ma\\\/\"},{\"@type\":\"ListItem\",\"position\":2,\"name\":\"Tous Les Produits\",\"item\":\"https:\\\/\\\/vitablanca.ma\\\/tous-les-produits\\\/\"},{\"@type\":\"ListItem\",\"position\":3,\"name\":\"Daylong Extr\u00eame Lait Solaire SPF50+\"}]},{\"@type\":\"WebSite\",\"@id\":\"https:\\\/\\\/vitablanca.ma\\\/#website\",\"url\":\"https:\\\/\\\/vitablanca.ma\\\/\",\"name\":\"VitaBlanca.ma | Compl\u00e9ments alimentaires, sant\u00e9 & beaut\u00e9 au Maroc\",\"description\":\"vendre vitamines et compl\u00e9ments premium des USA &amp; Canada, Nouvelle Z\u00e9lande,Maroc (NOW Foods, Solgar, Manuka). Livraison rapide partout au Maroc.\",\"publisher\":{\"@id\":\"https:\\\/\\\/vitablanca.ma\\\/#organization\"},\"alternateName\":\"VitaBlanca.ma\",\"potentialAction\":[{\"@type\":\"SearchAction\",\"target\":{\"@type\":\"EntryPoint\",\"urlTemplate\":\"https:\\\/\\\/vitablanca.ma\\\/?s={search_term_string}\"},\"query-input\":{\"@type\":\"PropertyValueSpecification\",\"valueRequired\":true,\"valueName\":\"search_term_string\"}}],\"inLanguage\":\"ar\"},{\"@type\":\"Organization\",\"@id\":\"https:\\\/\\\/vitablanca.ma\\\/#organization\",\"name\":\"VitaBlanca\",\"url\":\"https:\\\/\\\/vitablanca.ma\\\/\",\"logo\":{\"@type\":\"ImageObject\",\"inLanguage\":\"ar\",\"@id\":\"https:\\\/\\\/vitablanca.ma\\\/#\\\/schema\\\/logo\\\/image\\\/\",\"url\":\"https:\\\/\\\/vitablanca.ma\\\/wp-content\\\/uploads\\\/2025\\\/05\\\/cropped-vitablanca.png\",\"contentUrl\":\"https:\\\/\\\/vitablanca.ma\\\/wp-content\\\/uploads\\\/2025\\\/05\\\/cropped-vitablanca.png\",\"width\":360,\"height\":67,\"caption\":\"VitaBlanca\"},\"image\":{\"@id\":\"https:\\\/\\\/vitablanca.ma\\\/#\\\/schema\\\/logo\\\/image\\\/\"},\"sameAs\":[\"https:\\\/\\\/www.facebook.com\\\/profile.php?id=61576678196717\",\"https:\\\/\\\/www.tiktok.com\\\/@vitablanca.ma\",\"https:\\\/\\\/www.instagram.com\\\/vitablanca.ma\\\/\"]}]}<\/script>\n<!-- \/ Yoast SEO plugin. -->","yoast_head_json":{"title":"Daylong Extr\u00eame Lait Solaire SPF50+ - Maroc Prix","description":"Daylong Extr\u00eame Lait Solaire SPF50+","robots":{"index":"index","follow":"follow","max-snippet":"max-snippet:-1","max-image-preview":"max-image-preview:large","max-video-preview":"max-video-preview:-1"},"canonical":"https:\/\/vitablanca.ma\/ar\/product-2\/daylong-extreme-lait-solaire-spf50\/","og_locale":"ar_AR","og_type":"article","og_title":"Daylong Extr\u00eame Lait Solaire SPF50+ - Maroc Prix","og_description":"Daylong Extr\u00eame Lait Solaire SPF50+","og_url":"https:\/\/vitablanca.ma\/ar\/product-2\/daylong-extreme-lait-solaire-spf50\/","og_site_name":"Vitablanca.ma &ndash; Sant&eacute;, vitalit&eacute; et bien-&ecirc;tre pour tous les Marocains","article_publisher":"https:\/\/www.facebook.com\/profile.php?id=61576678196717","og_image":[{"width":1000,"height":1000,"url":"https:\/\/vitablanca.ma\/wp-content\/uploads\/2025\/06\/Daylong-Extreme-SPF50_-50ml-nova-parapharmacie-casablanca_b9564b75-680d-439a-84e4-ea391192f271.jpg","type":"image\/jpeg"}],"twitter_card":"summary_large_image","twitter_misc":{"\u0648\u0642\u062a \u0627\u0644\u0642\u0631\u0627\u0621\u0629 \u0627\u0644\u0645\u064f\u0642\u062f\u0651\u0631":"\u062f\u0642\u064a\u0642\u0629 \u0648\u0627\u062d\u062f\u0629"},"schema":{"@context":"https:\/\/schema.org","@graph":[{"@type":["WebPage","ItemPage"],"@id":"https:\/\/vitablanca.ma\/produit\/daylong-extreme-lait-solaire-spf50\/","url":"https:\/\/vitablanca.ma\/produit\/daylong-extreme-lait-solaire-spf50\/","name":"Daylong Extr\u00eame Lait Solaire SPF50+ - Maroc Prix","isPartOf":{"@id":"https:\/\/vitablanca.ma\/#website"},"primaryImageOfPage":{"@id":"https:\/\/vitablanca.ma\/produit\/daylong-extreme-lait-solaire-spf50\/#primaryimage"},"image":{"@id":"https:\/\/vitablanca.ma\/produit\/daylong-extreme-lait-solaire-spf50\/#primaryimage"},"thumbnailUrl":"https:\/\/vitablanca.ma\/wp-content\/uploads\/2025\/06\/Daylong-Extreme-SPF50_-50ml-nova-parapharmacie-casablanca_b9564b75-680d-439a-84e4-ea391192f271.jpg","datePublished":"2025-06-10T16:47:34+00:00","description":"Daylong Extr\u00eame Lait Solaire SPF50+","breadcrumb":{"@id":"https:\/\/vitablanca.ma\/produit\/daylong-extreme-lait-solaire-spf50\/#breadcrumb"},"inLanguage":"ar","potentialAction":[{"@type":"ReadAction","target":["https:\/\/vitablanca.ma\/produit\/daylong-extreme-lait-solaire-spf50\/"]}]},{"@type":"ImageObject","inLanguage":"ar","@id":"https:\/\/vitablanca.ma\/produit\/daylong-extreme-lait-solaire-spf50\/#primaryimage","url":"https:\/\/vitablanca.ma\/wp-content\/uploads\/2025\/06\/Daylong-Extreme-SPF50_-50ml-nova-parapharmacie-casablanca_b9564b75-680d-439a-84e4-ea391192f271.jpg","contentUrl":"https:\/\/vitablanca.ma\/wp-content\/uploads\/2025\/06\/Daylong-Extreme-SPF50_-50ml-nova-parapharmacie-casablanca_b9564b75-680d-439a-84e4-ea391192f271.jpg","width":1000,"height":1000},{"@type":"BreadcrumbList","@id":"https:\/\/vitablanca.ma\/produit\/daylong-extreme-lait-solaire-spf50\/#breadcrumb","itemListElement":[{"@type":"ListItem","position":1,"name":"Home","item":"https:\/\/vitablanca.ma\/"},{"@type":"ListItem","position":2,"name":"Tous Les Produits","item":"https:\/\/vitablanca.ma\/tous-les-produits\/"},{"@type":"ListItem","position":3,"name":"Daylong Extr\u00eame Lait Solaire SPF50+"}]},{"@type":"WebSite","@id":"https:\/\/vitablanca.ma\/#website","url":"https:\/\/vitablanca.ma\/","name":"VitaBlanca.ma | \u0627\u0644\u0645\u0643\u0645\u0644\u0627\u062a \u0627\u0644\u063a\u0630\u0627\u0626\u064a\u0629\u060c \u0627\u0644\u0635\u062d\u0629 \u0648\u0627\u0644\u062c\u0645\u0627\u0644 \u0641\u064a \u0627\u0644\u0645\u063a\u0631\u0628","description":"\u0646\u0628\u064a\u0639 \u0641\u064a\u062a\u0627\u0645\u064a\u0646\u0627\u062a \u0648\u0645\u0643\u0645\u0644\u0627\u062a \u063a\u0630\u0627\u0626\u064a\u0629 \u0641\u0627\u062e\u0631\u0629 \u0645\u0646 \u0627\u0644\u0648\u0644\u0627\u064a\u0627\u062a \u0627\u0644\u0645\u062a\u062d\u062f\u0629 \u0627\u0644\u0623\u0645\u0631\u064a\u0643\u064a\u0629 \u0648\u0643\u0646\u062f\u0627 \u0648\u0646\u064a\u0648\u0632\u064a\u0644\u0646\u062f\u0627 \u0648\u0627\u0644\u0645\u063a\u0631\u0628 (\u0646\u0627\u0648 \u0641\u0648\u062f\u0632\u060c \u0633\u0648\u0644\u062c\u0627\u0631\u060c \u0645\u0627\u0646\u0648\u0643\u0627). \u062a\u0648\u0635\u064a\u0644 \u0633\u0631\u064a\u0639 \u0625\u0644\u0649 \u062c\u0645\u064a\u0639 \u0623\u0646\u062d\u0627\u0621 \u0627\u0644\u0645\u063a\u0631\u0628.","publisher":{"@id":"https:\/\/vitablanca.ma\/#organization"},"alternateName":"VitaBlanca.ma","potentialAction":[{"@type":"SearchAction","target":{"@type":"EntryPoint","urlTemplate":"https:\/\/vitablanca.ma\/?s={search_term_string}"},"query-input":{"@type":"PropertyValueSpecification","valueRequired":true,"valueName":"search_term_string"}}],"inLanguage":"ar"},{"@type":"Organization","@id":"https:\/\/vitablanca.ma\/#organization","name":"\u0641\u064a\u062a\u0627\u0628\u0644\u0627\u0646\u0643\u0627","url":"https:\/\/vitablanca.ma\/","logo":{"@type":"ImageObject","inLanguage":"ar","@id":"https:\/\/vitablanca.ma\/#\/schema\/logo\/image\/","url":"https:\/\/vitablanca.ma\/wp-content\/uploads\/2025\/05\/cropped-vitablanca.png","contentUrl":"https:\/\/vitablanca.ma\/wp-content\/uploads\/2025\/05\/cropped-vitablanca.png","width":360,"height":67,"caption":"VitaBlanca"},"image":{"@id":"https:\/\/vitablanca.ma\/#\/schema\/logo\/image\/"},"sameAs":["https:\/\/www.facebook.com\/profile.php?id=61576678196717","https:\/\/www.tiktok.com\/@vitablanca.ma","https:\/\/www.instagram.com\/vitablanca.ma\/"]}]}},"jetpack_sharing_enabled":true,"_links":{"self":[{"href":"https:\/\/vitablanca.ma\/ar\/wp-json\/wp\/v2\/product\/16764","targetHints":{"allow":["GET"]}}],"collection":[{"href":"https:\/\/vitablanca.ma\/ar\/wp-json\/wp\/v2\/product"}],"about":[{"href":"https:\/\/vitablanca.ma\/ar\/wp-json\/wp\/v2\/types\/product"}],"wp:featuredmedia":[{"embeddable":true,"href":"https:\/\/vitablanca.ma\/ar\/wp-json\/wp\/v2\/media\/16760"}],"wp:attachment":[{"href":"https:\/\/vitablanca.ma\/ar\/wp-json\/wp\/v2\/media?parent=16764"}],"wp:term":[{"taxonomy":"product_brand","embeddable":true,"href":"https:\/\/vitablanca.ma\/ar\/wp-json\/wp\/v2\/product_brand?post=16764"},{"taxonomy":"product_cat","embeddable":true,"href":"https:\/\/vitablanca.ma\/ar\/wp-json\/wp\/v2\/product_cat?post=16764"},{"taxonomy":"product_tag","embeddable":true,"href":"https:\/\/vitablanca.ma\/ar\/wp-json\/wp\/v2\/product_tag?post=16764"}],"curies":[{"name":"wp","href":"https:\/\/api.w.org\/{rel}","templated":true}]}}