{"id":16758,"date":"2025-06-10T16:47:27","date_gmt":"2025-06-10T16:47:27","guid":{"rendered":"https:\/\/vitablanca.ma\/product\/covermark-concealer-stick-anti-cerne-n6-spf-30-6g\/"},"modified":"2025-06-10T16:47:27","modified_gmt":"2025-06-10T16:47:27","slug":"covermark-concealer-stick-anti-cerne-n6-spf-30-6g","status":"publish","type":"product","link":"https:\/\/vitablanca.ma\/ar\/product-2\/covermark-concealer-stick-anti-cerne-n6-spf-30-6g\/","title":{"rendered":"Covermark Concealer Stick Anti-Cerne N\u00b06 SPF 30 6g"},"content":{"rendered":"<h2 data-mce-fragment=\"1\">Covermark Concealer Stick Anti-Cerne N\u00b06 SPF 30<\/h2>\n<p data-mce-fragment=\"1\">6 \u062c\u0631\u0627\u0645<\/p>\n<p data-mce-fragment=\"1\">Covermark Concealer n\u00b06 Stick 6g\u00a0L\u2019anti-cernes en stick Covermark est la solution id\u00e9ale pour dissimuler imm\u00e9diatement les cernes et petits vaisseaux sanguins mais \u00e9galement pour att\u00e9nuer les poches sous les yeux. Sa texture extr\u00eamement douce le rend id\u00e9al pour la zone sensible du contour de l\u2019\u0153il.<\/p>\n<p data-mce-fragment=\"1\">\u0628\u0641\u0636\u0644 \u0627\u062d\u062a\u0648\u0627\u0626\u0647 \u0639\u0644\u0649 \u0641\u064a\u062a\u0627\u0645\u064a\u0646\u064a \u0623 \u0648\u0647\u0640\u060c \u064a\u064f\u062d\u0627\u0631\u0628 \u0627\u0644\u062c\u0630\u0648\u0631 \u0627\u0644\u062d\u0631\u0629 \u0627\u0644\u0645\u0633\u0624\u0648\u0644\u0629 \u0639\u0646 \u062a\u0643\u0648\u0651\u0646 \u0627\u0644\u062a\u062c\u0627\u0639\u064a\u062f \u0648\u0627\u0644\u062e\u0637\u0648\u0637 \u0627\u0644\u062f\u0642\u064a\u0642\u0629. \u0645\u064f\u0642\u0627\u0648\u0645 \u0644\u0644\u0645\u0627\u0621\u060c \u0635\u064f\u0645\u0645 \u062e\u0635\u064a\u0635\u064b\u0627 \u0644\u062a\u0623\u062b\u064a\u0631 \u064a\u062f\u0648\u0645 \u0637\u0648\u064a\u0644\u064b\u0627. \u0645\u0646\u0627\u0633\u0628 \u0644\u062c\u0645\u064a\u0639 \u0623\u0646\u0648\u0627\u0639 \u0627\u0644\u0628\u0634\u0631\u0629. \u0645\u0642\u0627\u0648\u0645 \u0644\u0644\u0645\u0627\u0621. \u0644\u0627 \u064a\u064f\u0633\u0628\u0628 \u0627\u0644\u062d\u0633\u0627\u0633\u064a\u0629. \u0639\u0627\u0645\u0644 \u062d\u0645\u0627\u064a\u0629 \u0645\u0646 \u0627\u0644\u0634\u0645\u0633 SPF 30. \u0645\u062a\u0648\u0641\u0631 \u0628\u0633\u062a\u0629 \u062f\u0631\u062c\u0627\u062a \u0644\u0648\u0646\u064a\u0629.<\/p>","protected":false},"excerpt":{"rendered":"<p>Covermark Concealer Stick Anti-Cerne N\u00b06 SPF 30 6g Covermark Concealer n\u00b06 Stick 6g\u00a0L\u2019anti-cernes en stick Covermark est la solution id\u00e9ale pour dissimuler imm\u00e9diatement les cernes et petits vaisseaux sanguins mais \u00e9galement pour att\u00e9nuer les poches sous les yeux. Sa texture extr\u00eamement douce le rend id\u00e9al pour la zone sensible du contour de l\u2019\u0153il. Gr\u00e2ce \u00e0 [&hellip;]<\/p>\n","protected":false},"featured_media":16755,"template":"","meta":{"om_disable_all_campaigns":false},"product_brand":[],"product_cat":[15],"product_tag":[],"class_list":{"0":"post-16758","1":"product","2":"type-product","3":"status-publish","4":"has-post-thumbnail","6":"product_cat-beaute-sante-complements-alimentaires-soins-et-bien-etre-au-meilleur-prix","8":"first","9":"instock","10":"sale","11":"taxable","12":"shipping-taxable","13":"purchasable","14":"product-type-simple"},"yoast_head":"<!-- This site is optimized with the Yoast SEO plugin v27.3 - https:\/\/yoast.com\/product\/yoast-seo-wordpress\/ -->\n<title>Covermark Concealer Stick Anti-Cerne N\u00b06 SPF 30 6g - Maroc Prix<\/title>\n<meta name=\"description\" content=\"Covermark Concealer Stick Anti-Cerne N\u00b06 SPF 30 6g\" \/>\n<meta name=\"robots\" content=\"index, follow, max-snippet:-1, max-image-preview:large, max-video-preview:-1\" \/>\n<link rel=\"canonical\" href=\"https:\/\/vitablanca.ma\/ar\/product-2\/covermark-concealer-stick-anti-cerne-n6-spf-30-6g\/\" \/>\n<meta property=\"og:locale\" content=\"ar_AR\" \/>\n<meta property=\"og:type\" content=\"article\" \/>\n<meta property=\"og:title\" content=\"Covermark Concealer Stick Anti-Cerne N\u00b06 SPF 30 6g - Maroc Prix\" \/>\n<meta property=\"og:description\" content=\"Covermark Concealer Stick Anti-Cerne N\u00b06 SPF 30 6g\" \/>\n<meta property=\"og:url\" content=\"https:\/\/vitablanca.ma\/ar\/product-2\/covermark-concealer-stick-anti-cerne-n6-spf-30-6g\/\" \/>\n<meta property=\"og:site_name\" content=\"Vitablanca.ma &ndash; Sant&eacute;, vitalit&eacute; et bien-&ecirc;tre pour tous les Marocains\" \/>\n<meta property=\"article:publisher\" content=\"https:\/\/www.facebook.com\/profile.php?id=61576678196717\" \/>\n<meta property=\"og:image\" content=\"https:\/\/vitablanca.ma\/wp-content\/uploads\/2025\/06\/Covermark-Concealer-Stick-Anti-Cerne-N_6-SPF-30-6g-prix-maroc-parapharmacie-casablanca.jpg\" \/>\n\t<meta property=\"og:image:width\" content=\"1000\" \/>\n\t<meta property=\"og:image:height\" content=\"1000\" \/>\n\t<meta property=\"og:image:type\" content=\"image\/jpeg\" \/>\n<meta name=\"twitter:card\" content=\"summary_large_image\" \/>\n<meta name=\"twitter:label1\" content=\"\u0648\u0642\u062a \u0627\u0644\u0642\u0631\u0627\u0621\u0629 \u0627\u0644\u0645\u064f\u0642\u062f\u0651\u0631\" \/>\n\t<meta name=\"twitter:data1\" content=\"\u062f\u0642\u064a\u0642\u0629 \u0648\u0627\u062d\u062f\u0629\" \/>\n<script type=\"application\/ld+json\" class=\"yoast-schema-graph\">{\"@context\":\"https:\\\/\\\/schema.org\",\"@graph\":[{\"@type\":[\"WebPage\",\"ItemPage\"],\"@id\":\"https:\\\/\\\/vitablanca.ma\\\/produit\\\/covermark-concealer-stick-anti-cerne-n6-spf-30-6g\\\/\",\"url\":\"https:\\\/\\\/vitablanca.ma\\\/produit\\\/covermark-concealer-stick-anti-cerne-n6-spf-30-6g\\\/\",\"name\":\"Covermark Concealer Stick Anti-Cerne N\u00b06 SPF 30 6g - Maroc Prix\",\"isPartOf\":{\"@id\":\"https:\\\/\\\/vitablanca.ma\\\/#website\"},\"primaryImageOfPage\":{\"@id\":\"https:\\\/\\\/vitablanca.ma\\\/produit\\\/covermark-concealer-stick-anti-cerne-n6-spf-30-6g\\\/#primaryimage\"},\"image\":{\"@id\":\"https:\\\/\\\/vitablanca.ma\\\/produit\\\/covermark-concealer-stick-anti-cerne-n6-spf-30-6g\\\/#primaryimage\"},\"thumbnailUrl\":\"https:\\\/\\\/vitablanca.ma\\\/wp-content\\\/uploads\\\/2025\\\/06\\\/Covermark-Concealer-Stick-Anti-Cerne-N_6-SPF-30-6g-prix-maroc-parapharmacie-casablanca.jpg\",\"datePublished\":\"2025-06-10T16:47:27+00:00\",\"description\":\"Covermark Concealer Stick Anti-Cerne N\u00b06 SPF 30 6g\",\"breadcrumb\":{\"@id\":\"https:\\\/\\\/vitablanca.ma\\\/produit\\\/covermark-concealer-stick-anti-cerne-n6-spf-30-6g\\\/#breadcrumb\"},\"inLanguage\":\"ar\",\"potentialAction\":[{\"@type\":\"ReadAction\",\"target\":[\"https:\\\/\\\/vitablanca.ma\\\/produit\\\/covermark-concealer-stick-anti-cerne-n6-spf-30-6g\\\/\"]}]},{\"@type\":\"ImageObject\",\"inLanguage\":\"ar\",\"@id\":\"https:\\\/\\\/vitablanca.ma\\\/produit\\\/covermark-concealer-stick-anti-cerne-n6-spf-30-6g\\\/#primaryimage\",\"url\":\"https:\\\/\\\/vitablanca.ma\\\/wp-content\\\/uploads\\\/2025\\\/06\\\/Covermark-Concealer-Stick-Anti-Cerne-N_6-SPF-30-6g-prix-maroc-parapharmacie-casablanca.jpg\",\"contentUrl\":\"https:\\\/\\\/vitablanca.ma\\\/wp-content\\\/uploads\\\/2025\\\/06\\\/Covermark-Concealer-Stick-Anti-Cerne-N_6-SPF-30-6g-prix-maroc-parapharmacie-casablanca.jpg\",\"width\":1000,\"height\":1000},{\"@type\":\"BreadcrumbList\",\"@id\":\"https:\\\/\\\/vitablanca.ma\\\/produit\\\/covermark-concealer-stick-anti-cerne-n6-spf-30-6g\\\/#breadcrumb\",\"itemListElement\":[{\"@type\":\"ListItem\",\"position\":1,\"name\":\"Home\",\"item\":\"https:\\\/\\\/vitablanca.ma\\\/\"},{\"@type\":\"ListItem\",\"position\":2,\"name\":\"Tous Les Produits\",\"item\":\"https:\\\/\\\/vitablanca.ma\\\/tous-les-produits\\\/\"},{\"@type\":\"ListItem\",\"position\":3,\"name\":\"Covermark Concealer Stick Anti-Cerne N\u00b06 SPF 30 6g\"}]},{\"@type\":\"WebSite\",\"@id\":\"https:\\\/\\\/vitablanca.ma\\\/#website\",\"url\":\"https:\\\/\\\/vitablanca.ma\\\/\",\"name\":\"VitaBlanca.ma | Compl\u00e9ments alimentaires, sant\u00e9 & beaut\u00e9 au Maroc\",\"description\":\"vendre vitamines et compl\u00e9ments premium des USA &amp; Canada, Nouvelle Z\u00e9lande,Maroc (NOW Foods, Solgar, Manuka). Livraison rapide partout au Maroc.\",\"publisher\":{\"@id\":\"https:\\\/\\\/vitablanca.ma\\\/#organization\"},\"alternateName\":\"VitaBlanca.ma\",\"potentialAction\":[{\"@type\":\"SearchAction\",\"target\":{\"@type\":\"EntryPoint\",\"urlTemplate\":\"https:\\\/\\\/vitablanca.ma\\\/?s={search_term_string}\"},\"query-input\":{\"@type\":\"PropertyValueSpecification\",\"valueRequired\":true,\"valueName\":\"search_term_string\"}}],\"inLanguage\":\"ar\"},{\"@type\":\"Organization\",\"@id\":\"https:\\\/\\\/vitablanca.ma\\\/#organization\",\"name\":\"VitaBlanca\",\"url\":\"https:\\\/\\\/vitablanca.ma\\\/\",\"logo\":{\"@type\":\"ImageObject\",\"inLanguage\":\"ar\",\"@id\":\"https:\\\/\\\/vitablanca.ma\\\/#\\\/schema\\\/logo\\\/image\\\/\",\"url\":\"https:\\\/\\\/vitablanca.ma\\\/wp-content\\\/uploads\\\/2025\\\/05\\\/cropped-vitablanca.png\",\"contentUrl\":\"https:\\\/\\\/vitablanca.ma\\\/wp-content\\\/uploads\\\/2025\\\/05\\\/cropped-vitablanca.png\",\"width\":360,\"height\":67,\"caption\":\"VitaBlanca\"},\"image\":{\"@id\":\"https:\\\/\\\/vitablanca.ma\\\/#\\\/schema\\\/logo\\\/image\\\/\"},\"sameAs\":[\"https:\\\/\\\/www.facebook.com\\\/profile.php?id=61576678196717\",\"https:\\\/\\\/www.tiktok.com\\\/@vitablanca.ma\",\"https:\\\/\\\/www.instagram.com\\\/vitablanca.ma\\\/\"]}]}<\/script>\n<!-- \/ Yoast SEO plugin. -->","yoast_head_json":{"title":"Covermark Concealer Stick Anti-Cerne N\u00b06 SPF 30 6g - Maroc Prix","description":"Covermark Concealer Stick Anti-Cerne N\u00b06 SPF 30 6g","robots":{"index":"index","follow":"follow","max-snippet":"max-snippet:-1","max-image-preview":"max-image-preview:large","max-video-preview":"max-video-preview:-1"},"canonical":"https:\/\/vitablanca.ma\/ar\/product-2\/covermark-concealer-stick-anti-cerne-n6-spf-30-6g\/","og_locale":"ar_AR","og_type":"article","og_title":"Covermark Concealer Stick Anti-Cerne N\u00b06 SPF 30 6g - Maroc Prix","og_description":"Covermark Concealer Stick Anti-Cerne N\u00b06 SPF 30 6g","og_url":"https:\/\/vitablanca.ma\/ar\/product-2\/covermark-concealer-stick-anti-cerne-n6-spf-30-6g\/","og_site_name":"Vitablanca.ma &ndash; Sant&eacute;, vitalit&eacute; et bien-&ecirc;tre pour tous les Marocains","article_publisher":"https:\/\/www.facebook.com\/profile.php?id=61576678196717","og_image":[{"width":1000,"height":1000,"url":"https:\/\/vitablanca.ma\/wp-content\/uploads\/2025\/06\/Covermark-Concealer-Stick-Anti-Cerne-N_6-SPF-30-6g-prix-maroc-parapharmacie-casablanca.jpg","type":"image\/jpeg"}],"twitter_card":"summary_large_image","twitter_misc":{"\u0648\u0642\u062a \u0627\u0644\u0642\u0631\u0627\u0621\u0629 \u0627\u0644\u0645\u064f\u0642\u062f\u0651\u0631":"\u062f\u0642\u064a\u0642\u0629 \u0648\u0627\u062d\u062f\u0629"},"schema":{"@context":"https:\/\/schema.org","@graph":[{"@type":["WebPage","ItemPage"],"@id":"https:\/\/vitablanca.ma\/produit\/covermark-concealer-stick-anti-cerne-n6-spf-30-6g\/","url":"https:\/\/vitablanca.ma\/produit\/covermark-concealer-stick-anti-cerne-n6-spf-30-6g\/","name":"Covermark Concealer Stick Anti-Cerne N\u00b06 SPF 30 6g - Maroc Prix","isPartOf":{"@id":"https:\/\/vitablanca.ma\/#website"},"primaryImageOfPage":{"@id":"https:\/\/vitablanca.ma\/produit\/covermark-concealer-stick-anti-cerne-n6-spf-30-6g\/#primaryimage"},"image":{"@id":"https:\/\/vitablanca.ma\/produit\/covermark-concealer-stick-anti-cerne-n6-spf-30-6g\/#primaryimage"},"thumbnailUrl":"https:\/\/vitablanca.ma\/wp-content\/uploads\/2025\/06\/Covermark-Concealer-Stick-Anti-Cerne-N_6-SPF-30-6g-prix-maroc-parapharmacie-casablanca.jpg","datePublished":"2025-06-10T16:47:27+00:00","description":"Covermark Concealer Stick Anti-Cerne N\u00b06 SPF 30 6g","breadcrumb":{"@id":"https:\/\/vitablanca.ma\/produit\/covermark-concealer-stick-anti-cerne-n6-spf-30-6g\/#breadcrumb"},"inLanguage":"ar","potentialAction":[{"@type":"ReadAction","target":["https:\/\/vitablanca.ma\/produit\/covermark-concealer-stick-anti-cerne-n6-spf-30-6g\/"]}]},{"@type":"ImageObject","inLanguage":"ar","@id":"https:\/\/vitablanca.ma\/produit\/covermark-concealer-stick-anti-cerne-n6-spf-30-6g\/#primaryimage","url":"https:\/\/vitablanca.ma\/wp-content\/uploads\/2025\/06\/Covermark-Concealer-Stick-Anti-Cerne-N_6-SPF-30-6g-prix-maroc-parapharmacie-casablanca.jpg","contentUrl":"https:\/\/vitablanca.ma\/wp-content\/uploads\/2025\/06\/Covermark-Concealer-Stick-Anti-Cerne-N_6-SPF-30-6g-prix-maroc-parapharmacie-casablanca.jpg","width":1000,"height":1000},{"@type":"BreadcrumbList","@id":"https:\/\/vitablanca.ma\/produit\/covermark-concealer-stick-anti-cerne-n6-spf-30-6g\/#breadcrumb","itemListElement":[{"@type":"ListItem","position":1,"name":"Home","item":"https:\/\/vitablanca.ma\/"},{"@type":"ListItem","position":2,"name":"Tous Les Produits","item":"https:\/\/vitablanca.ma\/tous-les-produits\/"},{"@type":"ListItem","position":3,"name":"Covermark Concealer Stick Anti-Cerne N\u00b06 SPF 30 6g"}]},{"@type":"WebSite","@id":"https:\/\/vitablanca.ma\/#website","url":"https:\/\/vitablanca.ma\/","name":"VitaBlanca.ma | \u0627\u0644\u0645\u0643\u0645\u0644\u0627\u062a \u0627\u0644\u063a\u0630\u0627\u0626\u064a\u0629\u060c \u0627\u0644\u0635\u062d\u0629 \u0648\u0627\u0644\u062c\u0645\u0627\u0644 \u0641\u064a \u0627\u0644\u0645\u063a\u0631\u0628","description":"\u0646\u0628\u064a\u0639 \u0641\u064a\u062a\u0627\u0645\u064a\u0646\u0627\u062a \u0648\u0645\u0643\u0645\u0644\u0627\u062a \u063a\u0630\u0627\u0626\u064a\u0629 \u0641\u0627\u062e\u0631\u0629 \u0645\u0646 \u0627\u0644\u0648\u0644\u0627\u064a\u0627\u062a \u0627\u0644\u0645\u062a\u062d\u062f\u0629 \u0627\u0644\u0623\u0645\u0631\u064a\u0643\u064a\u0629 \u0648\u0643\u0646\u062f\u0627 \u0648\u0646\u064a\u0648\u0632\u064a\u0644\u0646\u062f\u0627 \u0648\u0627\u0644\u0645\u063a\u0631\u0628 (\u0646\u0627\u0648 \u0641\u0648\u062f\u0632\u060c \u0633\u0648\u0644\u062c\u0627\u0631\u060c \u0645\u0627\u0646\u0648\u0643\u0627). \u062a\u0648\u0635\u064a\u0644 \u0633\u0631\u064a\u0639 \u0625\u0644\u0649 \u062c\u0645\u064a\u0639 \u0623\u0646\u062d\u0627\u0621 \u0627\u0644\u0645\u063a\u0631\u0628.","publisher":{"@id":"https:\/\/vitablanca.ma\/#organization"},"alternateName":"VitaBlanca.ma","potentialAction":[{"@type":"SearchAction","target":{"@type":"EntryPoint","urlTemplate":"https:\/\/vitablanca.ma\/?s={search_term_string}"},"query-input":{"@type":"PropertyValueSpecification","valueRequired":true,"valueName":"search_term_string"}}],"inLanguage":"ar"},{"@type":"Organization","@id":"https:\/\/vitablanca.ma\/#organization","name":"\u0641\u064a\u062a\u0627\u0628\u0644\u0627\u0646\u0643\u0627","url":"https:\/\/vitablanca.ma\/","logo":{"@type":"ImageObject","inLanguage":"ar","@id":"https:\/\/vitablanca.ma\/#\/schema\/logo\/image\/","url":"https:\/\/vitablanca.ma\/wp-content\/uploads\/2025\/05\/cropped-vitablanca.png","contentUrl":"https:\/\/vitablanca.ma\/wp-content\/uploads\/2025\/05\/cropped-vitablanca.png","width":360,"height":67,"caption":"VitaBlanca"},"image":{"@id":"https:\/\/vitablanca.ma\/#\/schema\/logo\/image\/"},"sameAs":["https:\/\/www.facebook.com\/profile.php?id=61576678196717","https:\/\/www.tiktok.com\/@vitablanca.ma","https:\/\/www.instagram.com\/vitablanca.ma\/"]}]}},"jetpack_sharing_enabled":true,"_links":{"self":[{"href":"https:\/\/vitablanca.ma\/ar\/wp-json\/wp\/v2\/product\/16758","targetHints":{"allow":["GET"]}}],"collection":[{"href":"https:\/\/vitablanca.ma\/ar\/wp-json\/wp\/v2\/product"}],"about":[{"href":"https:\/\/vitablanca.ma\/ar\/wp-json\/wp\/v2\/types\/product"}],"wp:featuredmedia":[{"embeddable":true,"href":"https:\/\/vitablanca.ma\/ar\/wp-json\/wp\/v2\/media\/16755"}],"wp:attachment":[{"href":"https:\/\/vitablanca.ma\/ar\/wp-json\/wp\/v2\/media?parent=16758"}],"wp:term":[{"taxonomy":"product_brand","embeddable":true,"href":"https:\/\/vitablanca.ma\/ar\/wp-json\/wp\/v2\/product_brand?post=16758"},{"taxonomy":"product_cat","embeddable":true,"href":"https:\/\/vitablanca.ma\/ar\/wp-json\/wp\/v2\/product_cat?post=16758"},{"taxonomy":"product_tag","embeddable":true,"href":"https:\/\/vitablanca.ma\/ar\/wp-json\/wp\/v2\/product_tag?post=16758"}],"curies":[{"name":"wp","href":"https:\/\/api.w.org\/{rel}","templated":true}]}}