{"id":16751,"date":"2025-06-10T16:47:19","date_gmt":"2025-06-10T16:47:19","guid":{"rendered":"https:\/\/vitablanca.ma\/product\/curaprox-cps-408-perio-plus-5x-violet-2-2-8-mm\/"},"modified":"2025-06-10T16:47:19","modified_gmt":"2025-06-10T16:47:19","slug":"curaprox-cps-408-perio-plus-5x-violet-2-2-8-mm","status":"publish","type":"product","link":"https:\/\/vitablanca.ma\/ar\/product-2\/curaprox-cps-408-perio-plus-5x-violet-2-2-8-mm\/","title":{"rendered":"Curaprox CPS 408 Perio Plus, 5X, Violet 2.2-8 mm"},"content":{"rendered":"<div id=\"product-description-short-160\">\n<h2><strong>Curaprox CPS 408 Perio Plus nettoyage intense, tout en douceur<\/strong><\/h2>\n<\/div>\n<div class=\"product-description\">\n<p>Les brossettes CPS perio sont recommand\u00e9es pour les personnes ayant des espaces interdentaires larges. Elles combattent efficacement la plaque rebelle, sans aucune douleur.<\/p>\n<p>Les brosses CPS perio sont efficaces et agr\u00e9ables \u00e0 la fois. Le nettoyage des espaces interdentaires ouverts et des \u00ab trous noirs \u00bb peut \u00eatre douloureux. Il est alors essentiel que les brosses interdentaires assurent un nettoyage non seulement efficace, mais sans douleur.<\/p>\n<\/div>\n<h4 class=\"mb-4\" data-mce-fragment=\"1\">Fiche technique<\/h4>\n<dl class=\"data-sheet row\" data-mce-fragment=\"1\">\n<dt class=\"name col-sm-3 mb-0 mb-sm-3\" data-mce-fragment=\"1\"><strong>\u0644\u0648\u0646<\/strong><\/dt>\n<dd class=\"value col-sm-9 mb-3\" data-mce-fragment=\"1\">\u0644\u0648\u0646 \u0627\u0644\u0642\u0631\u0646\u0641\u0644<\/dd>\n<dt class=\"name col-sm-3 mb-0 mb-sm-3\" data-mce-fragment=\"1\">\n<strong>Diam\u00e8tre d&rsquo;insertion<\/strong> \/ <strong>Diam\u00e8tre d&rsquo;efficacit\u00e9<\/strong>\n<\/dt>\n<dd class=\"value col-sm-9 mb-3\" data-mce-fragment=\"1\">2.0 mm \/ 8.0 mm<\/dd>\n<dt class=\"name col-sm-3 mb-0 mb-sm-3\" data-mce-fragment=\"1\"><strong>Besoins<\/strong><\/dt>\n<dd class=\"value col-sm-9 mb-3\" data-mce-fragment=\"1\">Dents propres<br data-mce-fragment=\"1\">Dents sensibles<br data-mce-fragment=\"1\">Infections des gencives<br data-mce-fragment=\"1\">Mauvaise haleine<br data-mce-fragment=\"1\">Orthodontie<br data-mce-fragment=\"1\">Plaque<br data-mce-fragment=\"1\">Saignement des gencives<br data-mce-fragment=\"1\">Soin des gencives<\/dd>\n<dt class=\"name col-sm-3 mb-0 mb-sm-3\" data-mce-fragment=\"1\"><strong>Vari\u00e9t\u00e9 de produits<\/strong><\/dt>\n<dd class=\"value col-sm-9 mb-3\" data-mce-fragment=\"1\">Set<\/dd>\n<dt class=\"name col-sm-3 mb-0 mb-sm-3\" data-mce-fragment=\"1\"><strong>Gammes de produits<\/strong><\/dt>\n<dd class=\"value col-sm-9 mb-3\" data-mce-fragment=\"1\">CPS<br data-mce-fragment=\"1\">Perio<\/dd>\n<dt class=\"name col-sm-3 mb-0 mb-sm-3\" data-mce-fragment=\"1\"><strong>Tranche d&rsquo;\u00e2ge<\/strong><\/dt>\n<dd class=\"value col-sm-9 mb-3\" data-mce-fragment=\"1\">\u0627\u0644\u0628\u0627\u0644\u063a\u0648\u0646<\/dd>\n<\/dl>","protected":false},"excerpt":{"rendered":"<p>Curaprox CPS 408 Perio Plus nettoyage intense, tout en douceur Les brossettes CPS perio sont recommand\u00e9es pour les personnes ayant des espaces interdentaires larges. Elles combattent efficacement la plaque rebelle, sans aucune douleur. Les brosses CPS perio sont efficaces et agr\u00e9ables \u00e0 la fois. Le nettoyage des espaces interdentaires ouverts et des \u00ab trous noirs [&hellip;]<\/p>\n","protected":false},"featured_media":16747,"template":"","meta":{"om_disable_all_campaigns":false},"product_brand":[],"product_cat":[15],"product_tag":[],"class_list":{"0":"post-16751","1":"product","2":"type-product","3":"status-publish","4":"has-post-thumbnail","6":"product_cat-beaute-sante-complements-alimentaires-soins-et-bien-etre-au-meilleur-prix","8":"first","9":"instock","10":"sale","11":"taxable","12":"shipping-taxable","13":"purchasable","14":"product-type-simple"},"yoast_head":"<!-- This site is optimized with the Yoast SEO plugin v27.3 - https:\/\/yoast.com\/product\/yoast-seo-wordpress\/ -->\n<title>Curaprox CPS 408 Perio Plus, 5X, Violet 2.2-8 mm - Maroc Prix<\/title>\n<meta name=\"description\" content=\"Curaprox CPS 408 Perio Plus, 5X, Violet 2.2-8 mm\" \/>\n<meta name=\"robots\" content=\"index, follow, max-snippet:-1, max-image-preview:large, max-video-preview:-1\" \/>\n<link rel=\"canonical\" href=\"https:\/\/vitablanca.ma\/ar\/product-2\/curaprox-cps-408-perio-plus-5x-violet-2-2-8-mm\/\" \/>\n<meta property=\"og:locale\" content=\"ar_AR\" \/>\n<meta property=\"og:type\" content=\"article\" \/>\n<meta property=\"og:title\" content=\"Curaprox CPS 408 Perio Plus, 5X, Violet 2.2-8 mm - Maroc Prix\" \/>\n<meta property=\"og:description\" content=\"Curaprox CPS 408 Perio Plus, 5X, Violet 2.2-8 mm\" \/>\n<meta property=\"og:url\" content=\"https:\/\/vitablanca.ma\/ar\/product-2\/curaprox-cps-408-perio-plus-5x-violet-2-2-8-mm\/\" \/>\n<meta property=\"og:site_name\" content=\"Vitablanca.ma &ndash; Sant&eacute;, vitalit&eacute; et bien-&ecirc;tre pour tous les Marocains\" \/>\n<meta property=\"article:publisher\" content=\"https:\/\/www.facebook.com\/profile.php?id=61576678196717\" \/>\n<meta property=\"og:image\" content=\"https:\/\/vitablanca.ma\/wp-content\/uploads\/2025\/06\/Curaprox-CPS-408-Perio-Plus_-5X_-Violet-2.2-8-mm-nova-parapharmacie-maroc.png\" \/>\n\t<meta property=\"og:image:width\" content=\"1000\" \/>\n\t<meta property=\"og:image:height\" content=\"1000\" \/>\n\t<meta property=\"og:image:type\" content=\"image\/png\" \/>\n<meta name=\"twitter:card\" content=\"summary_large_image\" \/>\n<meta name=\"twitter:label1\" content=\"\u0648\u0642\u062a \u0627\u0644\u0642\u0631\u0627\u0621\u0629 \u0627\u0644\u0645\u064f\u0642\u062f\u0651\u0631\" \/>\n\t<meta name=\"twitter:data1\" content=\"\u062f\u0642\u064a\u0642\u0629 \u0648\u0627\u062d\u062f\u0629\" \/>\n<script type=\"application\/ld+json\" class=\"yoast-schema-graph\">{\"@context\":\"https:\\\/\\\/schema.org\",\"@graph\":[{\"@type\":[\"WebPage\",\"ItemPage\"],\"@id\":\"https:\\\/\\\/vitablanca.ma\\\/produit\\\/curaprox-cps-408-perio-plus-5x-violet-2-2-8-mm\\\/\",\"url\":\"https:\\\/\\\/vitablanca.ma\\\/produit\\\/curaprox-cps-408-perio-plus-5x-violet-2-2-8-mm\\\/\",\"name\":\"Curaprox CPS 408 Perio Plus, 5X, Violet 2.2-8 mm - Maroc Prix\",\"isPartOf\":{\"@id\":\"https:\\\/\\\/vitablanca.ma\\\/#website\"},\"primaryImageOfPage\":{\"@id\":\"https:\\\/\\\/vitablanca.ma\\\/produit\\\/curaprox-cps-408-perio-plus-5x-violet-2-2-8-mm\\\/#primaryimage\"},\"image\":{\"@id\":\"https:\\\/\\\/vitablanca.ma\\\/produit\\\/curaprox-cps-408-perio-plus-5x-violet-2-2-8-mm\\\/#primaryimage\"},\"thumbnailUrl\":\"https:\\\/\\\/vitablanca.ma\\\/wp-content\\\/uploads\\\/2025\\\/06\\\/Curaprox-CPS-408-Perio-Plus_-5X_-Violet-2.2-8-mm-nova-parapharmacie-maroc.png\",\"datePublished\":\"2025-06-10T16:47:19+00:00\",\"description\":\"Curaprox CPS 408 Perio Plus, 5X, Violet 2.2-8 mm\",\"breadcrumb\":{\"@id\":\"https:\\\/\\\/vitablanca.ma\\\/produit\\\/curaprox-cps-408-perio-plus-5x-violet-2-2-8-mm\\\/#breadcrumb\"},\"inLanguage\":\"ar\",\"potentialAction\":[{\"@type\":\"ReadAction\",\"target\":[\"https:\\\/\\\/vitablanca.ma\\\/produit\\\/curaprox-cps-408-perio-plus-5x-violet-2-2-8-mm\\\/\"]}]},{\"@type\":\"ImageObject\",\"inLanguage\":\"ar\",\"@id\":\"https:\\\/\\\/vitablanca.ma\\\/produit\\\/curaprox-cps-408-perio-plus-5x-violet-2-2-8-mm\\\/#primaryimage\",\"url\":\"https:\\\/\\\/vitablanca.ma\\\/wp-content\\\/uploads\\\/2025\\\/06\\\/Curaprox-CPS-408-Perio-Plus_-5X_-Violet-2.2-8-mm-nova-parapharmacie-maroc.png\",\"contentUrl\":\"https:\\\/\\\/vitablanca.ma\\\/wp-content\\\/uploads\\\/2025\\\/06\\\/Curaprox-CPS-408-Perio-Plus_-5X_-Violet-2.2-8-mm-nova-parapharmacie-maroc.png\",\"width\":1000,\"height\":1000},{\"@type\":\"BreadcrumbList\",\"@id\":\"https:\\\/\\\/vitablanca.ma\\\/produit\\\/curaprox-cps-408-perio-plus-5x-violet-2-2-8-mm\\\/#breadcrumb\",\"itemListElement\":[{\"@type\":\"ListItem\",\"position\":1,\"name\":\"Home\",\"item\":\"https:\\\/\\\/vitablanca.ma\\\/\"},{\"@type\":\"ListItem\",\"position\":2,\"name\":\"Tous Les Produits\",\"item\":\"https:\\\/\\\/vitablanca.ma\\\/tous-les-produits\\\/\"},{\"@type\":\"ListItem\",\"position\":3,\"name\":\"Curaprox CPS 408 Perio Plus, 5X, Violet 2.2-8 mm\"}]},{\"@type\":\"WebSite\",\"@id\":\"https:\\\/\\\/vitablanca.ma\\\/#website\",\"url\":\"https:\\\/\\\/vitablanca.ma\\\/\",\"name\":\"VitaBlanca.ma | Compl\u00e9ments alimentaires, sant\u00e9 & beaut\u00e9 au Maroc\",\"description\":\"vendre vitamines et compl\u00e9ments premium des USA &amp; Canada, Nouvelle Z\u00e9lande,Maroc (NOW Foods, Solgar, Manuka). Livraison rapide partout au Maroc.\",\"publisher\":{\"@id\":\"https:\\\/\\\/vitablanca.ma\\\/#organization\"},\"alternateName\":\"VitaBlanca.ma\",\"potentialAction\":[{\"@type\":\"SearchAction\",\"target\":{\"@type\":\"EntryPoint\",\"urlTemplate\":\"https:\\\/\\\/vitablanca.ma\\\/?s={search_term_string}\"},\"query-input\":{\"@type\":\"PropertyValueSpecification\",\"valueRequired\":true,\"valueName\":\"search_term_string\"}}],\"inLanguage\":\"ar\"},{\"@type\":\"Organization\",\"@id\":\"https:\\\/\\\/vitablanca.ma\\\/#organization\",\"name\":\"VitaBlanca\",\"url\":\"https:\\\/\\\/vitablanca.ma\\\/\",\"logo\":{\"@type\":\"ImageObject\",\"inLanguage\":\"ar\",\"@id\":\"https:\\\/\\\/vitablanca.ma\\\/#\\\/schema\\\/logo\\\/image\\\/\",\"url\":\"https:\\\/\\\/vitablanca.ma\\\/wp-content\\\/uploads\\\/2025\\\/05\\\/cropped-vitablanca.png\",\"contentUrl\":\"https:\\\/\\\/vitablanca.ma\\\/wp-content\\\/uploads\\\/2025\\\/05\\\/cropped-vitablanca.png\",\"width\":360,\"height\":67,\"caption\":\"VitaBlanca\"},\"image\":{\"@id\":\"https:\\\/\\\/vitablanca.ma\\\/#\\\/schema\\\/logo\\\/image\\\/\"},\"sameAs\":[\"https:\\\/\\\/www.facebook.com\\\/profile.php?id=61576678196717\",\"https:\\\/\\\/www.tiktok.com\\\/@vitablanca.ma\",\"https:\\\/\\\/www.instagram.com\\\/vitablanca.ma\\\/\"]}]}<\/script>\n<!-- \/ Yoast SEO plugin. -->","yoast_head_json":{"title":"Curaprox CPS 408 Perio Plus, 5X, Violet 2.2-8 mm - Maroc Prix","description":"Curaprox CPS 408 Perio Plus, 5X, Violet 2.2-8 mm","robots":{"index":"index","follow":"follow","max-snippet":"max-snippet:-1","max-image-preview":"max-image-preview:large","max-video-preview":"max-video-preview:-1"},"canonical":"https:\/\/vitablanca.ma\/ar\/product-2\/curaprox-cps-408-perio-plus-5x-violet-2-2-8-mm\/","og_locale":"ar_AR","og_type":"article","og_title":"Curaprox CPS 408 Perio Plus, 5X, Violet 2.2-8 mm - Maroc Prix","og_description":"Curaprox CPS 408 Perio Plus, 5X, Violet 2.2-8 mm","og_url":"https:\/\/vitablanca.ma\/ar\/product-2\/curaprox-cps-408-perio-plus-5x-violet-2-2-8-mm\/","og_site_name":"Vitablanca.ma &ndash; Sant&eacute;, vitalit&eacute; et bien-&ecirc;tre pour tous les Marocains","article_publisher":"https:\/\/www.facebook.com\/profile.php?id=61576678196717","og_image":[{"width":1000,"height":1000,"url":"https:\/\/vitablanca.ma\/wp-content\/uploads\/2025\/06\/Curaprox-CPS-408-Perio-Plus_-5X_-Violet-2.2-8-mm-nova-parapharmacie-maroc.png","type":"image\/png"}],"twitter_card":"summary_large_image","twitter_misc":{"\u0648\u0642\u062a \u0627\u0644\u0642\u0631\u0627\u0621\u0629 \u0627\u0644\u0645\u064f\u0642\u062f\u0651\u0631":"\u062f\u0642\u064a\u0642\u0629 \u0648\u0627\u062d\u062f\u0629"},"schema":{"@context":"https:\/\/schema.org","@graph":[{"@type":["WebPage","ItemPage"],"@id":"https:\/\/vitablanca.ma\/produit\/curaprox-cps-408-perio-plus-5x-violet-2-2-8-mm\/","url":"https:\/\/vitablanca.ma\/produit\/curaprox-cps-408-perio-plus-5x-violet-2-2-8-mm\/","name":"Curaprox CPS 408 Perio Plus, 5X, Violet 2.2-8 mm - Maroc Prix","isPartOf":{"@id":"https:\/\/vitablanca.ma\/#website"},"primaryImageOfPage":{"@id":"https:\/\/vitablanca.ma\/produit\/curaprox-cps-408-perio-plus-5x-violet-2-2-8-mm\/#primaryimage"},"image":{"@id":"https:\/\/vitablanca.ma\/produit\/curaprox-cps-408-perio-plus-5x-violet-2-2-8-mm\/#primaryimage"},"thumbnailUrl":"https:\/\/vitablanca.ma\/wp-content\/uploads\/2025\/06\/Curaprox-CPS-408-Perio-Plus_-5X_-Violet-2.2-8-mm-nova-parapharmacie-maroc.png","datePublished":"2025-06-10T16:47:19+00:00","description":"Curaprox CPS 408 Perio Plus, 5X, Violet 2.2-8 mm","breadcrumb":{"@id":"https:\/\/vitablanca.ma\/produit\/curaprox-cps-408-perio-plus-5x-violet-2-2-8-mm\/#breadcrumb"},"inLanguage":"ar","potentialAction":[{"@type":"ReadAction","target":["https:\/\/vitablanca.ma\/produit\/curaprox-cps-408-perio-plus-5x-violet-2-2-8-mm\/"]}]},{"@type":"ImageObject","inLanguage":"ar","@id":"https:\/\/vitablanca.ma\/produit\/curaprox-cps-408-perio-plus-5x-violet-2-2-8-mm\/#primaryimage","url":"https:\/\/vitablanca.ma\/wp-content\/uploads\/2025\/06\/Curaprox-CPS-408-Perio-Plus_-5X_-Violet-2.2-8-mm-nova-parapharmacie-maroc.png","contentUrl":"https:\/\/vitablanca.ma\/wp-content\/uploads\/2025\/06\/Curaprox-CPS-408-Perio-Plus_-5X_-Violet-2.2-8-mm-nova-parapharmacie-maroc.png","width":1000,"height":1000},{"@type":"BreadcrumbList","@id":"https:\/\/vitablanca.ma\/produit\/curaprox-cps-408-perio-plus-5x-violet-2-2-8-mm\/#breadcrumb","itemListElement":[{"@type":"ListItem","position":1,"name":"Home","item":"https:\/\/vitablanca.ma\/"},{"@type":"ListItem","position":2,"name":"Tous Les Produits","item":"https:\/\/vitablanca.ma\/tous-les-produits\/"},{"@type":"ListItem","position":3,"name":"Curaprox CPS 408 Perio Plus, 5X, Violet 2.2-8 mm"}]},{"@type":"WebSite","@id":"https:\/\/vitablanca.ma\/#website","url":"https:\/\/vitablanca.ma\/","name":"VitaBlanca.ma | \u0627\u0644\u0645\u0643\u0645\u0644\u0627\u062a \u0627\u0644\u063a\u0630\u0627\u0626\u064a\u0629\u060c \u0627\u0644\u0635\u062d\u0629 \u0648\u0627\u0644\u062c\u0645\u0627\u0644 \u0641\u064a \u0627\u0644\u0645\u063a\u0631\u0628","description":"\u0646\u0628\u064a\u0639 \u0641\u064a\u062a\u0627\u0645\u064a\u0646\u0627\u062a \u0648\u0645\u0643\u0645\u0644\u0627\u062a \u063a\u0630\u0627\u0626\u064a\u0629 \u0641\u0627\u062e\u0631\u0629 \u0645\u0646 \u0627\u0644\u0648\u0644\u0627\u064a\u0627\u062a \u0627\u0644\u0645\u062a\u062d\u062f\u0629 \u0627\u0644\u0623\u0645\u0631\u064a\u0643\u064a\u0629 \u0648\u0643\u0646\u062f\u0627 \u0648\u0646\u064a\u0648\u0632\u064a\u0644\u0646\u062f\u0627 \u0648\u0627\u0644\u0645\u063a\u0631\u0628 (\u0646\u0627\u0648 \u0641\u0648\u062f\u0632\u060c \u0633\u0648\u0644\u062c\u0627\u0631\u060c \u0645\u0627\u0646\u0648\u0643\u0627). \u062a\u0648\u0635\u064a\u0644 \u0633\u0631\u064a\u0639 \u0625\u0644\u0649 \u062c\u0645\u064a\u0639 \u0623\u0646\u062d\u0627\u0621 \u0627\u0644\u0645\u063a\u0631\u0628.","publisher":{"@id":"https:\/\/vitablanca.ma\/#organization"},"alternateName":"VitaBlanca.ma","potentialAction":[{"@type":"SearchAction","target":{"@type":"EntryPoint","urlTemplate":"https:\/\/vitablanca.ma\/?s={search_term_string}"},"query-input":{"@type":"PropertyValueSpecification","valueRequired":true,"valueName":"search_term_string"}}],"inLanguage":"ar"},{"@type":"Organization","@id":"https:\/\/vitablanca.ma\/#organization","name":"\u0641\u064a\u062a\u0627\u0628\u0644\u0627\u0646\u0643\u0627","url":"https:\/\/vitablanca.ma\/","logo":{"@type":"ImageObject","inLanguage":"ar","@id":"https:\/\/vitablanca.ma\/#\/schema\/logo\/image\/","url":"https:\/\/vitablanca.ma\/wp-content\/uploads\/2025\/05\/cropped-vitablanca.png","contentUrl":"https:\/\/vitablanca.ma\/wp-content\/uploads\/2025\/05\/cropped-vitablanca.png","width":360,"height":67,"caption":"VitaBlanca"},"image":{"@id":"https:\/\/vitablanca.ma\/#\/schema\/logo\/image\/"},"sameAs":["https:\/\/www.facebook.com\/profile.php?id=61576678196717","https:\/\/www.tiktok.com\/@vitablanca.ma","https:\/\/www.instagram.com\/vitablanca.ma\/"]}]}},"jetpack_sharing_enabled":true,"_links":{"self":[{"href":"https:\/\/vitablanca.ma\/ar\/wp-json\/wp\/v2\/product\/16751","targetHints":{"allow":["GET"]}}],"collection":[{"href":"https:\/\/vitablanca.ma\/ar\/wp-json\/wp\/v2\/product"}],"about":[{"href":"https:\/\/vitablanca.ma\/ar\/wp-json\/wp\/v2\/types\/product"}],"wp:featuredmedia":[{"embeddable":true,"href":"https:\/\/vitablanca.ma\/ar\/wp-json\/wp\/v2\/media\/16747"}],"wp:attachment":[{"href":"https:\/\/vitablanca.ma\/ar\/wp-json\/wp\/v2\/media?parent=16751"}],"wp:term":[{"taxonomy":"product_brand","embeddable":true,"href":"https:\/\/vitablanca.ma\/ar\/wp-json\/wp\/v2\/product_brand?post=16751"},{"taxonomy":"product_cat","embeddable":true,"href":"https:\/\/vitablanca.ma\/ar\/wp-json\/wp\/v2\/product_cat?post=16751"},{"taxonomy":"product_tag","embeddable":true,"href":"https:\/\/vitablanca.ma\/ar\/wp-json\/wp\/v2\/product_tag?post=16751"}],"curies":[{"name":"wp","href":"https:\/\/api.w.org\/{rel}","templated":true}]}}