{"id":16692,"date":"2025-06-10T16:46:32","date_gmt":"2025-06-10T16:46:32","guid":{"rendered":"https:\/\/vitablanca.ma\/product\/curaprox-cps-prime-plus-handy-mixet-set\/"},"modified":"2025-06-10T16:46:32","modified_gmt":"2025-06-10T16:46:32","slug":"curaprox-cps-prime-plus-handy-mixet-set","status":"publish","type":"product","link":"https:\/\/vitablanca.ma\/ar\/product-2\/curaprox-cps-prime-plus-handy-mixet-set\/","title":{"rendered":"Curaprox CPS Prime Plus Handy Mixet set"},"content":{"rendered":"<div data-mce-fragment=\"1\" id=\"product-description-short-131\">\n<h2 data-mce-fragment=\"1\">Curaprox CPS Prime Plus Handy Mixet set\u00a0<strong data-mce-fragment=\"1\">5 brossettes interdentaires CPS 06-011 prime<\/strong><br \/>\n<\/h2>\n<p data-mce-fragment=\"1\">Certainement les brossettes les plus fines au monde. Les CPS prime peuvent se faufiler dans des espaces tr\u00e8s rapproch\u00e9s et lutter contre les inflammations et la mauvaise haleine. Une fois par jour suffit.<\/p>\n<\/div>\n<div data-mce-fragment=\"1\" class=\"product-description\">\n<p data-mce-fragment=\"1\">Elles remplissent l\u2019espace, efficacement et en douceur. Les brossettes interdentaires CURAPROX nettoient la totalit\u00e9 des espaces interdentaires efficacement et sans blesser; du sillon gingival aux zones concaves jusque directement sous le point de contact. Elles permettent d\u2019atteindre les plus petits espaces interdentaires sans risquer de se blesser gr\u00e2ce au fil m\u00e9tallique en CURAL\u00ae, de qualit\u00e9 chirurgicale extrafin et tr\u00e8s robuste. Cette qualit\u00e9 permet un seul mouvement de nettoyage: ins\u00e9rer et retirer.<\/p>\n<p data-mce-fragment=\"1\">C\u2019est termin\u00e9.<\/p>\n<ul data-mce-fragment=\"1\">\n<li data-mce-fragment=\"1\">\u062e\u064a\u0648\u0637 \u0641\u0627\u0626\u0642\u0629 \u0627\u0644\u062f\u0642\u0629 \u0628\u062a\u0623\u062b\u064a\u0631 \u0627\u0644\u0645\u0638\u0644\u0629\u00a0<\/li>\n<li data-mce-fragment=\"1\">\u0633\u0644\u0643 \u062c\u0631\u0627\u062d\u064a \u0644\u0623\u0635\u063a\u0631 \u0627\u0644\u0645\u0633\u0627\u062d\u0627\u062a \u0628\u064a\u0646 \u0627\u0644\u0623\u0633\u0646\u0627\u0646\u00a0<\/li>\n<li data-mce-fragment=\"1\">\u0639\u0645\u0631 \u0637\u0648\u064a\u0644<\/li>\n<li data-mce-fragment=\"1\">\u0646\u0638\u0627\u0645 \u0627\u0644\u062a\u062b\u0628\u064a\u062a \u0627\u0644\u0633\u0631\u064a\u0639 \u0644\u062c\u0645\u064a\u0639 \u0627\u0644\u0645\u0642\u0627\u0628\u0636<\/li>\n<\/ul>\n<h3 class=\"mb-4\">Fiche technique<\/h3>\n<dl class=\"data-sheet row\">\n<dt class=\"name col-sm-3 mb-0 mb-sm-3\"><strong>\u0644\u0648\u0646<\/strong><\/dt>\n<dd class=\"value col-sm-9 mb-3\">\u0623\u0632\u0631\u0642<\/dd>\n<dt class=\"name col-sm-3 mb-0 mb-sm-3\">\n<strong>Diam\u00e8tre d\u2019insertion<\/strong> \/ <strong>Diam\u00e8tre d\u2019efficacit\u00e9<\/strong>\n<\/dt>\n<dd class=\"value col-sm-9 mb-3\">0.6 mm \/ 2.2 mm<br \/>0.7 mm \/ 2.5 mm<br \/>0.8 mm \/ 3.2 mm<br \/>0.9 mm \/ 4.0 mm<br \/>1.1 mm \/ 5.0 mm<\/dd>\n<dt class=\"name col-sm-3 mb-0 mb-sm-3\"><strong>Besoins<\/strong><\/dt>\n<dd class=\"value col-sm-9 mb-3\">Dents propres<br \/>Dents sensibles<br \/>Infections des gencives<br \/>Mauvaise haleine<br \/>Orthodontie<br \/>Plaque<br \/>Saignement des gencives<br \/>Soin des gencives<\/dd>\n<dt class=\"name col-sm-3 mb-0 mb-sm-3\"><strong>Vari\u00e9t\u00e9 de produits<\/strong><\/dt>\n<dd class=\"value col-sm-9 mb-3\">Set<\/dd>\n<dt class=\"name col-sm-3 mb-0 mb-sm-3\"><strong>Gammes de produits<\/strong><\/dt>\n<dd class=\"value col-sm-9 mb-3\">CPS<br \/>Prime<\/dd>\n<dt class=\"name col-sm-3 mb-0 mb-sm-3\"><strong>Tranche d\u2019\u00e2ge<\/strong><\/dt>\n<dd class=\"value col-sm-9 mb-3\">\u0627\u0644\u0628\u0627\u0644\u063a\u0648\u0646<\/dd>\n<\/dl>\n<\/div>","protected":false},"excerpt":{"rendered":"<p>Curaprox CPS Prime Plus Handy Mixet set\u00a05 brossettes interdentaires CPS 06-011 prime Certainement les brossettes les plus fines au monde. Les CPS prime peuvent se faufiler dans des espaces tr\u00e8s rapproch\u00e9s et lutter contre les inflammations et la mauvaise haleine. Une fois par jour suffit. Elles remplissent l\u2019espace, efficacement et en douceur. Les brossettes interdentaires [&hellip;]<\/p>\n","protected":false},"featured_media":16688,"template":"","meta":{"om_disable_all_campaigns":false},"product_brand":[],"product_cat":[15],"product_tag":[],"class_list":{"0":"post-16692","1":"product","2":"type-product","3":"status-publish","4":"has-post-thumbnail","6":"product_cat-beaute-sante-complements-alimentaires-soins-et-bien-etre-au-meilleur-prix","8":"first","9":"instock","10":"sale","11":"taxable","12":"shipping-taxable","13":"purchasable","14":"product-type-simple"},"yoast_head":"<!-- This site is optimized with the Yoast SEO plugin v27.6 - https:\/\/yoast.com\/product\/yoast-seo-wordpress\/ -->\n<title>Curaprox CPS Prime Plus Handy Mixet set - Maroc Prix<\/title>\n<meta name=\"description\" content=\"Curaprox CPS Prime Plus Handy Mixet set\" \/>\n<meta name=\"robots\" content=\"index, follow, max-snippet:-1, max-image-preview:large, max-video-preview:-1\" \/>\n<link rel=\"canonical\" href=\"https:\/\/vitablanca.ma\/ar\/product-2\/curaprox-cps-prime-plus-handy-mixet-set\/\" \/>\n<meta property=\"og:locale\" content=\"ar_AR\" \/>\n<meta property=\"og:type\" content=\"article\" \/>\n<meta property=\"og:title\" content=\"Curaprox CPS Prime Plus Handy Mixet set - Maroc Prix\" \/>\n<meta property=\"og:description\" content=\"Curaprox CPS Prime Plus Handy Mixet set\" \/>\n<meta property=\"og:url\" content=\"https:\/\/vitablanca.ma\/ar\/product-2\/curaprox-cps-prime-plus-handy-mixet-set\/\" \/>\n<meta property=\"og:site_name\" content=\"Vitablanca.ma &ndash; Sant&eacute;, vitalit&eacute; et bien-&ecirc;tre pour tous les Marocains\" \/>\n<meta property=\"article:publisher\" content=\"https:\/\/www.facebook.com\/profile.php?id=61576678196717\" \/>\n<meta property=\"og:image\" content=\"https:\/\/vitablanca.ma\/wp-content\/uploads\/2025\/06\/Curaprox-CPS-Prime-Plus-Handy-Mixet-set-nova-parapharmacie-maroc.png\" \/>\n\t<meta property=\"og:image:width\" content=\"1000\" \/>\n\t<meta property=\"og:image:height\" content=\"1000\" \/>\n\t<meta property=\"og:image:type\" content=\"image\/png\" \/>\n<meta name=\"twitter:card\" content=\"summary_large_image\" \/>\n<meta name=\"twitter:label1\" content=\"\u0648\u0642\u062a \u0627\u0644\u0642\u0631\u0627\u0621\u0629 \u0627\u0644\u0645\u064f\u0642\u062f\u0651\u0631\" \/>\n\t<meta name=\"twitter:data1\" content=\"\u062f\u0642\u064a\u0642\u0629 \u0648\u0627\u062d\u062f\u0629\" \/>\n<script type=\"application\/ld+json\" class=\"yoast-schema-graph\">{\"@context\":\"https:\\\/\\\/schema.org\",\"@graph\":[{\"@type\":[\"WebPage\",\"ItemPage\"],\"@id\":\"https:\\\/\\\/vitablanca.ma\\\/produit\\\/curaprox-cps-prime-plus-handy-mixet-set\\\/\",\"url\":\"https:\\\/\\\/vitablanca.ma\\\/produit\\\/curaprox-cps-prime-plus-handy-mixet-set\\\/\",\"name\":\"Curaprox CPS Prime Plus Handy Mixet set - Maroc Prix\",\"isPartOf\":{\"@id\":\"https:\\\/\\\/vitablanca.ma\\\/#website\"},\"primaryImageOfPage\":{\"@id\":\"https:\\\/\\\/vitablanca.ma\\\/produit\\\/curaprox-cps-prime-plus-handy-mixet-set\\\/#primaryimage\"},\"image\":{\"@id\":\"https:\\\/\\\/vitablanca.ma\\\/produit\\\/curaprox-cps-prime-plus-handy-mixet-set\\\/#primaryimage\"},\"thumbnailUrl\":\"https:\\\/\\\/vitablanca.ma\\\/wp-content\\\/uploads\\\/2025\\\/06\\\/Curaprox-CPS-Prime-Plus-Handy-Mixet-set-nova-parapharmacie-maroc.png\",\"datePublished\":\"2025-06-10T16:46:32+00:00\",\"description\":\"Curaprox CPS Prime Plus Handy Mixet set\",\"breadcrumb\":{\"@id\":\"https:\\\/\\\/vitablanca.ma\\\/produit\\\/curaprox-cps-prime-plus-handy-mixet-set\\\/#breadcrumb\"},\"inLanguage\":\"ar\",\"potentialAction\":[{\"@type\":\"ReadAction\",\"target\":[\"https:\\\/\\\/vitablanca.ma\\\/produit\\\/curaprox-cps-prime-plus-handy-mixet-set\\\/\"]}]},{\"@type\":\"ImageObject\",\"inLanguage\":\"ar\",\"@id\":\"https:\\\/\\\/vitablanca.ma\\\/produit\\\/curaprox-cps-prime-plus-handy-mixet-set\\\/#primaryimage\",\"url\":\"https:\\\/\\\/vitablanca.ma\\\/wp-content\\\/uploads\\\/2025\\\/06\\\/Curaprox-CPS-Prime-Plus-Handy-Mixet-set-nova-parapharmacie-maroc.png\",\"contentUrl\":\"https:\\\/\\\/vitablanca.ma\\\/wp-content\\\/uploads\\\/2025\\\/06\\\/Curaprox-CPS-Prime-Plus-Handy-Mixet-set-nova-parapharmacie-maroc.png\",\"width\":1000,\"height\":1000},{\"@type\":\"BreadcrumbList\",\"@id\":\"https:\\\/\\\/vitablanca.ma\\\/produit\\\/curaprox-cps-prime-plus-handy-mixet-set\\\/#breadcrumb\",\"itemListElement\":[{\"@type\":\"ListItem\",\"position\":1,\"name\":\"Home\",\"item\":\"https:\\\/\\\/vitablanca.ma\\\/\"},{\"@type\":\"ListItem\",\"position\":2,\"name\":\"Tous Les Produits\",\"item\":\"https:\\\/\\\/vitablanca.ma\\\/tous-les-produits\\\/\"},{\"@type\":\"ListItem\",\"position\":3,\"name\":\"Curaprox CPS Prime Plus Handy Mixet set\"}]},{\"@type\":\"WebSite\",\"@id\":\"https:\\\/\\\/vitablanca.ma\\\/#website\",\"url\":\"https:\\\/\\\/vitablanca.ma\\\/\",\"name\":\"VitaBlanca.ma | Compl\u00e9ments alimentaires, sant\u00e9 & beaut\u00e9 au Maroc\",\"description\":\"vendre vitamines et compl\u00e9ments premium des USA &amp; Canada, Nouvelle Z\u00e9lande,Maroc (NOW Foods, Solgar, Manuka). Livraison rapide partout au Maroc.\",\"publisher\":{\"@id\":\"https:\\\/\\\/vitablanca.ma\\\/#organization\"},\"alternateName\":\"VitaBlanca.ma\",\"potentialAction\":[{\"@type\":\"SearchAction\",\"target\":{\"@type\":\"EntryPoint\",\"urlTemplate\":\"https:\\\/\\\/vitablanca.ma\\\/?s={search_term_string}\"},\"query-input\":{\"@type\":\"PropertyValueSpecification\",\"valueRequired\":true,\"valueName\":\"search_term_string\"}}],\"inLanguage\":\"ar\"},{\"@type\":\"Organization\",\"@id\":\"https:\\\/\\\/vitablanca.ma\\\/#organization\",\"name\":\"VitaBlanca\",\"url\":\"https:\\\/\\\/vitablanca.ma\\\/\",\"logo\":{\"@type\":\"ImageObject\",\"inLanguage\":\"ar\",\"@id\":\"https:\\\/\\\/vitablanca.ma\\\/#\\\/schema\\\/logo\\\/image\\\/\",\"url\":\"https:\\\/\\\/vitablanca.ma\\\/wp-content\\\/uploads\\\/2025\\\/05\\\/cropped-vitablanca.png\",\"contentUrl\":\"https:\\\/\\\/vitablanca.ma\\\/wp-content\\\/uploads\\\/2025\\\/05\\\/cropped-vitablanca.png\",\"width\":360,\"height\":67,\"caption\":\"VitaBlanca\"},\"image\":{\"@id\":\"https:\\\/\\\/vitablanca.ma\\\/#\\\/schema\\\/logo\\\/image\\\/\"},\"sameAs\":[\"https:\\\/\\\/www.facebook.com\\\/profile.php?id=61576678196717\",\"https:\\\/\\\/www.tiktok.com\\\/@vitablanca.ma\",\"https:\\\/\\\/www.instagram.com\\\/vitablanca.ma\\\/\"]}]}<\/script>\n<!-- \/ Yoast SEO plugin. -->","yoast_head_json":{"title":"Curaprox CPS Prime Plus Handy Mixet set - Maroc Prix","description":"Curaprox CPS Prime Plus Handy Mixet set","robots":{"index":"index","follow":"follow","max-snippet":"max-snippet:-1","max-image-preview":"max-image-preview:large","max-video-preview":"max-video-preview:-1"},"canonical":"https:\/\/vitablanca.ma\/ar\/product-2\/curaprox-cps-prime-plus-handy-mixet-set\/","og_locale":"ar_AR","og_type":"article","og_title":"Curaprox CPS Prime Plus Handy Mixet set - Maroc Prix","og_description":"Curaprox CPS Prime Plus Handy Mixet set","og_url":"https:\/\/vitablanca.ma\/ar\/product-2\/curaprox-cps-prime-plus-handy-mixet-set\/","og_site_name":"Vitablanca.ma &ndash; Sant&eacute;, vitalit&eacute; et bien-&ecirc;tre pour tous les Marocains","article_publisher":"https:\/\/www.facebook.com\/profile.php?id=61576678196717","og_image":[{"width":1000,"height":1000,"url":"https:\/\/vitablanca.ma\/wp-content\/uploads\/2025\/06\/Curaprox-CPS-Prime-Plus-Handy-Mixet-set-nova-parapharmacie-maroc.png","type":"image\/png"}],"twitter_card":"summary_large_image","twitter_misc":{"\u0648\u0642\u062a \u0627\u0644\u0642\u0631\u0627\u0621\u0629 \u0627\u0644\u0645\u064f\u0642\u062f\u0651\u0631":"\u062f\u0642\u064a\u0642\u0629 \u0648\u0627\u062d\u062f\u0629"},"schema":{"@context":"https:\/\/schema.org","@graph":[{"@type":["WebPage","ItemPage"],"@id":"https:\/\/vitablanca.ma\/produit\/curaprox-cps-prime-plus-handy-mixet-set\/","url":"https:\/\/vitablanca.ma\/produit\/curaprox-cps-prime-plus-handy-mixet-set\/","name":"Curaprox CPS Prime Plus Handy Mixet set - Maroc Prix","isPartOf":{"@id":"https:\/\/vitablanca.ma\/#website"},"primaryImageOfPage":{"@id":"https:\/\/vitablanca.ma\/produit\/curaprox-cps-prime-plus-handy-mixet-set\/#primaryimage"},"image":{"@id":"https:\/\/vitablanca.ma\/produit\/curaprox-cps-prime-plus-handy-mixet-set\/#primaryimage"},"thumbnailUrl":"https:\/\/vitablanca.ma\/wp-content\/uploads\/2025\/06\/Curaprox-CPS-Prime-Plus-Handy-Mixet-set-nova-parapharmacie-maroc.png","datePublished":"2025-06-10T16:46:32+00:00","description":"Curaprox CPS Prime Plus Handy Mixet set","breadcrumb":{"@id":"https:\/\/vitablanca.ma\/produit\/curaprox-cps-prime-plus-handy-mixet-set\/#breadcrumb"},"inLanguage":"ar","potentialAction":[{"@type":"ReadAction","target":["https:\/\/vitablanca.ma\/produit\/curaprox-cps-prime-plus-handy-mixet-set\/"]}]},{"@type":"ImageObject","inLanguage":"ar","@id":"https:\/\/vitablanca.ma\/produit\/curaprox-cps-prime-plus-handy-mixet-set\/#primaryimage","url":"https:\/\/vitablanca.ma\/wp-content\/uploads\/2025\/06\/Curaprox-CPS-Prime-Plus-Handy-Mixet-set-nova-parapharmacie-maroc.png","contentUrl":"https:\/\/vitablanca.ma\/wp-content\/uploads\/2025\/06\/Curaprox-CPS-Prime-Plus-Handy-Mixet-set-nova-parapharmacie-maroc.png","width":1000,"height":1000},{"@type":"BreadcrumbList","@id":"https:\/\/vitablanca.ma\/produit\/curaprox-cps-prime-plus-handy-mixet-set\/#breadcrumb","itemListElement":[{"@type":"ListItem","position":1,"name":"Home","item":"https:\/\/vitablanca.ma\/"},{"@type":"ListItem","position":2,"name":"Tous Les Produits","item":"https:\/\/vitablanca.ma\/tous-les-produits\/"},{"@type":"ListItem","position":3,"name":"Curaprox CPS Prime Plus Handy Mixet set"}]},{"@type":"WebSite","@id":"https:\/\/vitablanca.ma\/#website","url":"https:\/\/vitablanca.ma\/","name":"VitaBlanca.ma | \u0627\u0644\u0645\u0643\u0645\u0644\u0627\u062a \u0627\u0644\u063a\u0630\u0627\u0626\u064a\u0629\u060c \u0627\u0644\u0635\u062d\u0629 \u0648\u0627\u0644\u062c\u0645\u0627\u0644 \u0641\u064a \u0627\u0644\u0645\u063a\u0631\u0628","description":"\u0646\u0628\u064a\u0639 \u0641\u064a\u062a\u0627\u0645\u064a\u0646\u0627\u062a \u0648\u0645\u0643\u0645\u0644\u0627\u062a \u063a\u0630\u0627\u0626\u064a\u0629 \u0641\u0627\u062e\u0631\u0629 \u0645\u0646 \u0627\u0644\u0648\u0644\u0627\u064a\u0627\u062a \u0627\u0644\u0645\u062a\u062d\u062f\u0629 \u0627\u0644\u0623\u0645\u0631\u064a\u0643\u064a\u0629 \u0648\u0643\u0646\u062f\u0627 \u0648\u0646\u064a\u0648\u0632\u064a\u0644\u0646\u062f\u0627 \u0648\u0627\u0644\u0645\u063a\u0631\u0628 (\u0646\u0627\u0648 \u0641\u0648\u062f\u0632\u060c \u0633\u0648\u0644\u062c\u0627\u0631\u060c \u0645\u0627\u0646\u0648\u0643\u0627). \u062a\u0648\u0635\u064a\u0644 \u0633\u0631\u064a\u0639 \u0625\u0644\u0649 \u062c\u0645\u064a\u0639 \u0623\u0646\u062d\u0627\u0621 \u0627\u0644\u0645\u063a\u0631\u0628.","publisher":{"@id":"https:\/\/vitablanca.ma\/#organization"},"alternateName":"VitaBlanca.ma","potentialAction":[{"@type":"SearchAction","target":{"@type":"EntryPoint","urlTemplate":"https:\/\/vitablanca.ma\/?s={search_term_string}"},"query-input":{"@type":"PropertyValueSpecification","valueRequired":true,"valueName":"search_term_string"}}],"inLanguage":"ar"},{"@type":"Organization","@id":"https:\/\/vitablanca.ma\/#organization","name":"\u0641\u064a\u062a\u0627\u0628\u0644\u0627\u0646\u0643\u0627","url":"https:\/\/vitablanca.ma\/","logo":{"@type":"ImageObject","inLanguage":"ar","@id":"https:\/\/vitablanca.ma\/#\/schema\/logo\/image\/","url":"https:\/\/vitablanca.ma\/wp-content\/uploads\/2025\/05\/cropped-vitablanca.png","contentUrl":"https:\/\/vitablanca.ma\/wp-content\/uploads\/2025\/05\/cropped-vitablanca.png","width":360,"height":67,"caption":"VitaBlanca"},"image":{"@id":"https:\/\/vitablanca.ma\/#\/schema\/logo\/image\/"},"sameAs":["https:\/\/www.facebook.com\/profile.php?id=61576678196717","https:\/\/www.tiktok.com\/@vitablanca.ma","https:\/\/www.instagram.com\/vitablanca.ma\/"]}]}},"jetpack_sharing_enabled":true,"_links":{"self":[{"href":"https:\/\/vitablanca.ma\/ar\/wp-json\/wp\/v2\/product\/16692","targetHints":{"allow":["GET"]}}],"collection":[{"href":"https:\/\/vitablanca.ma\/ar\/wp-json\/wp\/v2\/product"}],"about":[{"href":"https:\/\/vitablanca.ma\/ar\/wp-json\/wp\/v2\/types\/product"}],"wp:featuredmedia":[{"embeddable":true,"href":"https:\/\/vitablanca.ma\/ar\/wp-json\/wp\/v2\/media\/16688"}],"wp:attachment":[{"href":"https:\/\/vitablanca.ma\/ar\/wp-json\/wp\/v2\/media?parent=16692"}],"wp:term":[{"taxonomy":"product_brand","embeddable":true,"href":"https:\/\/vitablanca.ma\/ar\/wp-json\/wp\/v2\/product_brand?post=16692"},{"taxonomy":"product_cat","embeddable":true,"href":"https:\/\/vitablanca.ma\/ar\/wp-json\/wp\/v2\/product_cat?post=16692"},{"taxonomy":"product_tag","embeddable":true,"href":"https:\/\/vitablanca.ma\/ar\/wp-json\/wp\/v2\/product_tag?post=16692"}],"curies":[{"name":"wp","href":"https:\/\/api.w.org\/{rel}","templated":true}]}}