{"id":16691,"date":"2025-06-10T16:46:31","date_gmt":"2025-06-10T16:46:31","guid":{"rendered":"https:\/\/vitablanca.ma\/product\/curasept-ads-gel-dentaire-350-30ml\/"},"modified":"2025-06-10T16:46:31","modified_gmt":"2025-06-10T16:46:31","slug":"curasept-ads-gel-dentaire-350-30ml","status":"publish","type":"product","link":"https:\/\/vitablanca.ma\/ar\/product-2\/curasept-ads-gel-dentaire-350-30ml\/","title":{"rendered":"Curasept ADS Gel Dentaire 350 30ml"},"content":{"rendered":"<h2 data-mce-fragment=\"1\"><strong>Curasept ADS Gel Dentaire 350\u00a0 compl\u00e8te \u00e0 la Chlorhexidine avec une solution pour toutes les bouches<span>.<\/span><\/strong><\/h2>\n<p data-mce-fragment=\"1\"><strong>\u064a\u0633\u0645\u062d \u0627\u0644\u0643\u0644\u0648\u0631\u0647\u064a\u0643\u0633\u064a\u062f\u064a\u0646\u060c \u0627\u0644\u0645\u0637\u0647\u0631 \u0627\u0644\u0645\u0639\u064a\u0627\u0631\u064a \u0644\u0644\u0623\u0633\u0646\u0627\u0646\u060c \u0628\u0645\u0627 \u064a\u0644\u064a:<\/strong><\/p>\n<ul data-mce-fragment=\"1\">\n<li data-mce-fragment=\"1\">\u0627\u0644\u0633\u064a\u0637\u0631\u0629 \u0639\u0644\u0649 \u062a\u0643\u0648\u064a\u0646 \u0627\u0644\u0644\u0648\u064a\u062d\u0629 \u0627\u0644\u0633\u0646\u064a\u0629<\/li>\n<li data-mce-fragment=\"1\">\u062a\u0642\u0644\u064a\u0644 \u0646\u0632\u064a\u0641 \u0627\u0644\u0644\u062b\u0629<\/li>\n<\/ul>\n<p data-mce-fragment=\"1\"><strong>ADS\u00ae\u060c \u0646\u0638\u0627\u0645 \u0645\u0628\u062a\u0643\u0631 \u062d\u0627\u0635\u0644 \u0639\u0644\u0649 \u0628\u0631\u0627\u0621\u0629 \u0627\u062e\u062a\u0631\u0627\u0639<\/strong><\/p>\n<p data-mce-fragment=\"1\">Le syst\u00e8me anti-coloration ADS\u00ae est une r\u00e9elle innovation brevet\u00e9e, permettant de r\u00e9duire les colorations dentaires brunes souvent associ\u00e9es \u00e0 la Chlorhexidine, ainsi que l\u2019alt\u00e9ration du go\u00fbt. Diff\u00e9rentes concentrations de chlorhexidine sont disponibles dans cette gamme pour chaque cas clinique.<\/p>\n<h3 data-mce-fragment=\"1\">\u0637\u0631\u064a\u0642\u0629 \u0627\u0644\u0627\u0633\u062a\u062e\u062f\u0627\u0645<\/h3>\n<ul data-mce-fragment=\"1\">\n<li data-mce-fragment=\"1\">14 jours \u2013 2 fois par jour en compl\u00e9ment du brossage<\/li>\n<li data-mce-fragment=\"1\">\u0645\u0646 \u0639\u0645\u0631 6 \u0633\u0646\u0648\u0627\u062a<\/li>\n<li data-mce-fragment=\"1\">Simplicit\u00e9 d\u2019utilisation du Gel dentaire Curasept ADS\u00ae 350 :<br data-mce-fragment=\"1\">\u2022 Dans les poches parodontales : en application \u00e0 l\u2019aide d\u2019une seringue \u00e0 aiguille capillaire<br data-mce-fragment=\"1\">\u2022 Dans les espaces interdentaires : \u00e0 l\u2019aide des brossettes<br data-mce-fragment=\"1\">\u2022 Directement sur la gencive : en application locale avec le doigt ou sur une brosse<br data-mce-fragment=\"1\">chirurgicale extra-souple (Curasept soft medical). Massez doucement.<\/li>\n<\/ul>\n<h3 data-mce-fragment=\"1\">Cas d\u2019usage<\/h3>\n<ul data-mce-fragment=\"1\">\n<li data-mce-fragment=\"1\">Pr\u00e9vention et maintenance \u2013 Application locale<\/li>\n<li data-mce-fragment=\"1\">Parodontites \u2013 P\u00e9ri-Implantites<\/li>\n<li data-mce-fragment=\"1\">L\u00e9sions traumatiques et post-extractionnelles<\/li>\n<li data-mce-fragment=\"1\">Proth\u00e8ses et appareils orthodontiques<\/li>\n<\/ul>\n<h3 data-mce-fragment=\"1\">\u0645\u0643\u0648\u0646\u0627\u062a\u00a0<\/h3>\n<p data-mce-fragment=\"1\">Aqua, Propylene Glycol, Xylitol, Hydroxyethylcellulose, Chlorhexidine digluconate, Ascorbic Acid, Sodium Metabisulfite, Peg-40 Hydrogenated Castor Oil, Aroma, Methylparaben<\/p>","protected":false},"excerpt":{"rendered":"<p>Curasept ADS Gel Dentaire 350\u00a0 compl\u00e8te \u00e0 la Chlorhexidine avec une solution pour toutes les bouches. La chlorhexidine, l\u2019antiseptique de r\u00e9f\u00e9rence dentaire, permet : Le contr\u00f4le de la formation de plaque dentaire La r\u00e9duction du saignement gingival L\u2019ADS\u00ae, un syst\u00e8me innovant brevet\u00e9 Le syst\u00e8me anti-coloration ADS\u00ae est une r\u00e9elle innovation brevet\u00e9e, permettant de r\u00e9duire les [&hellip;]<\/p>\n","protected":false},"featured_media":16687,"template":"","meta":{"om_disable_all_campaigns":false},"product_brand":[],"product_cat":[15],"product_tag":[],"class_list":{"0":"post-16691","1":"product","2":"type-product","3":"status-publish","4":"has-post-thumbnail","6":"product_cat-beaute-sante-complements-alimentaires-soins-et-bien-etre-au-meilleur-prix","8":"first","9":"instock","10":"sale","11":"taxable","12":"shipping-taxable","13":"purchasable","14":"product-type-simple"},"yoast_head":"<!-- This site is optimized with the Yoast SEO plugin v27.6 - https:\/\/yoast.com\/product\/yoast-seo-wordpress\/ -->\n<title>Curasept ADS Gel Dentaire 350 30ml - Maroc Prix<\/title>\n<meta name=\"description\" content=\"Curasept ADS Gel Dentaire 350 30ml\" \/>\n<meta name=\"robots\" content=\"index, follow, max-snippet:-1, max-image-preview:large, max-video-preview:-1\" \/>\n<link rel=\"canonical\" href=\"https:\/\/vitablanca.ma\/ar\/product-2\/curasept-ads-gel-dentaire-350-30ml\/\" \/>\n<meta property=\"og:locale\" content=\"ar_AR\" \/>\n<meta property=\"og:type\" content=\"article\" \/>\n<meta property=\"og:title\" content=\"Curasept ADS Gel Dentaire 350 30ml - Maroc Prix\" \/>\n<meta property=\"og:description\" content=\"Curasept ADS Gel Dentaire 350 30ml\" \/>\n<meta property=\"og:url\" content=\"https:\/\/vitablanca.ma\/ar\/product-2\/curasept-ads-gel-dentaire-350-30ml\/\" \/>\n<meta property=\"og:site_name\" content=\"Vitablanca.ma &ndash; Sant&eacute;, vitalit&eacute; et bien-&ecirc;tre pour tous les Marocains\" \/>\n<meta property=\"article:publisher\" content=\"https:\/\/www.facebook.com\/profile.php?id=61576678196717\" \/>\n<meta property=\"og:image\" content=\"https:\/\/vitablanca.ma\/wp-content\/uploads\/2025\/06\/Curasept-ADS-Gel-Dentaire-350-30ml-nova-parapharmacie-maroc.png\" \/>\n\t<meta property=\"og:image:width\" content=\"1000\" \/>\n\t<meta property=\"og:image:height\" content=\"1000\" \/>\n\t<meta property=\"og:image:type\" content=\"image\/png\" \/>\n<meta name=\"twitter:card\" content=\"summary_large_image\" \/>\n<meta name=\"twitter:label1\" content=\"\u0648\u0642\u062a \u0627\u0644\u0642\u0631\u0627\u0621\u0629 \u0627\u0644\u0645\u064f\u0642\u062f\u0651\u0631\" \/>\n\t<meta name=\"twitter:data1\" content=\"\u062f\u0642\u064a\u0642\u0629 \u0648\u0627\u062d\u062f\u0629\" \/>\n<script type=\"application\/ld+json\" class=\"yoast-schema-graph\">{\"@context\":\"https:\\\/\\\/schema.org\",\"@graph\":[{\"@type\":[\"WebPage\",\"ItemPage\"],\"@id\":\"https:\\\/\\\/vitablanca.ma\\\/produit\\\/curasept-ads-gel-dentaire-350-30ml\\\/\",\"url\":\"https:\\\/\\\/vitablanca.ma\\\/produit\\\/curasept-ads-gel-dentaire-350-30ml\\\/\",\"name\":\"Curasept ADS Gel Dentaire 350 30ml - Maroc Prix\",\"isPartOf\":{\"@id\":\"https:\\\/\\\/vitablanca.ma\\\/#website\"},\"primaryImageOfPage\":{\"@id\":\"https:\\\/\\\/vitablanca.ma\\\/produit\\\/curasept-ads-gel-dentaire-350-30ml\\\/#primaryimage\"},\"image\":{\"@id\":\"https:\\\/\\\/vitablanca.ma\\\/produit\\\/curasept-ads-gel-dentaire-350-30ml\\\/#primaryimage\"},\"thumbnailUrl\":\"https:\\\/\\\/vitablanca.ma\\\/wp-content\\\/uploads\\\/2025\\\/06\\\/Curasept-ADS-Gel-Dentaire-350-30ml-nova-parapharmacie-maroc.png\",\"datePublished\":\"2025-06-10T16:46:31+00:00\",\"description\":\"Curasept ADS Gel Dentaire 350 30ml\",\"breadcrumb\":{\"@id\":\"https:\\\/\\\/vitablanca.ma\\\/produit\\\/curasept-ads-gel-dentaire-350-30ml\\\/#breadcrumb\"},\"inLanguage\":\"ar\",\"potentialAction\":[{\"@type\":\"ReadAction\",\"target\":[\"https:\\\/\\\/vitablanca.ma\\\/produit\\\/curasept-ads-gel-dentaire-350-30ml\\\/\"]}]},{\"@type\":\"ImageObject\",\"inLanguage\":\"ar\",\"@id\":\"https:\\\/\\\/vitablanca.ma\\\/produit\\\/curasept-ads-gel-dentaire-350-30ml\\\/#primaryimage\",\"url\":\"https:\\\/\\\/vitablanca.ma\\\/wp-content\\\/uploads\\\/2025\\\/06\\\/Curasept-ADS-Gel-Dentaire-350-30ml-nova-parapharmacie-maroc.png\",\"contentUrl\":\"https:\\\/\\\/vitablanca.ma\\\/wp-content\\\/uploads\\\/2025\\\/06\\\/Curasept-ADS-Gel-Dentaire-350-30ml-nova-parapharmacie-maroc.png\",\"width\":1000,\"height\":1000},{\"@type\":\"BreadcrumbList\",\"@id\":\"https:\\\/\\\/vitablanca.ma\\\/produit\\\/curasept-ads-gel-dentaire-350-30ml\\\/#breadcrumb\",\"itemListElement\":[{\"@type\":\"ListItem\",\"position\":1,\"name\":\"Home\",\"item\":\"https:\\\/\\\/vitablanca.ma\\\/\"},{\"@type\":\"ListItem\",\"position\":2,\"name\":\"Tous Les Produits\",\"item\":\"https:\\\/\\\/vitablanca.ma\\\/tous-les-produits\\\/\"},{\"@type\":\"ListItem\",\"position\":3,\"name\":\"Curasept ADS Gel Dentaire 350 30ml\"}]},{\"@type\":\"WebSite\",\"@id\":\"https:\\\/\\\/vitablanca.ma\\\/#website\",\"url\":\"https:\\\/\\\/vitablanca.ma\\\/\",\"name\":\"VitaBlanca.ma | Compl\u00e9ments alimentaires, sant\u00e9 & beaut\u00e9 au Maroc\",\"description\":\"vendre vitamines et compl\u00e9ments premium des USA &amp; Canada, Nouvelle Z\u00e9lande,Maroc (NOW Foods, Solgar, Manuka). Livraison rapide partout au Maroc.\",\"publisher\":{\"@id\":\"https:\\\/\\\/vitablanca.ma\\\/#organization\"},\"alternateName\":\"VitaBlanca.ma\",\"potentialAction\":[{\"@type\":\"SearchAction\",\"target\":{\"@type\":\"EntryPoint\",\"urlTemplate\":\"https:\\\/\\\/vitablanca.ma\\\/?s={search_term_string}\"},\"query-input\":{\"@type\":\"PropertyValueSpecification\",\"valueRequired\":true,\"valueName\":\"search_term_string\"}}],\"inLanguage\":\"ar\"},{\"@type\":\"Organization\",\"@id\":\"https:\\\/\\\/vitablanca.ma\\\/#organization\",\"name\":\"VitaBlanca\",\"url\":\"https:\\\/\\\/vitablanca.ma\\\/\",\"logo\":{\"@type\":\"ImageObject\",\"inLanguage\":\"ar\",\"@id\":\"https:\\\/\\\/vitablanca.ma\\\/#\\\/schema\\\/logo\\\/image\\\/\",\"url\":\"https:\\\/\\\/vitablanca.ma\\\/wp-content\\\/uploads\\\/2025\\\/05\\\/cropped-vitablanca.png\",\"contentUrl\":\"https:\\\/\\\/vitablanca.ma\\\/wp-content\\\/uploads\\\/2025\\\/05\\\/cropped-vitablanca.png\",\"width\":360,\"height\":67,\"caption\":\"VitaBlanca\"},\"image\":{\"@id\":\"https:\\\/\\\/vitablanca.ma\\\/#\\\/schema\\\/logo\\\/image\\\/\"},\"sameAs\":[\"https:\\\/\\\/www.facebook.com\\\/profile.php?id=61576678196717\",\"https:\\\/\\\/www.tiktok.com\\\/@vitablanca.ma\",\"https:\\\/\\\/www.instagram.com\\\/vitablanca.ma\\\/\"]}]}<\/script>\n<!-- \/ Yoast SEO plugin. -->","yoast_head_json":{"title":"Curasept ADS Gel Dentaire 350 30ml - Maroc Prix","description":"Curasept ADS Gel Dentaire 350 30ml","robots":{"index":"index","follow":"follow","max-snippet":"max-snippet:-1","max-image-preview":"max-image-preview:large","max-video-preview":"max-video-preview:-1"},"canonical":"https:\/\/vitablanca.ma\/ar\/product-2\/curasept-ads-gel-dentaire-350-30ml\/","og_locale":"ar_AR","og_type":"article","og_title":"Curasept ADS Gel Dentaire 350 30ml - Maroc Prix","og_description":"Curasept ADS Gel Dentaire 350 30ml","og_url":"https:\/\/vitablanca.ma\/ar\/product-2\/curasept-ads-gel-dentaire-350-30ml\/","og_site_name":"Vitablanca.ma &ndash; Sant&eacute;, vitalit&eacute; et bien-&ecirc;tre pour tous les Marocains","article_publisher":"https:\/\/www.facebook.com\/profile.php?id=61576678196717","og_image":[{"width":1000,"height":1000,"url":"https:\/\/vitablanca.ma\/wp-content\/uploads\/2025\/06\/Curasept-ADS-Gel-Dentaire-350-30ml-nova-parapharmacie-maroc.png","type":"image\/png"}],"twitter_card":"summary_large_image","twitter_misc":{"\u0648\u0642\u062a \u0627\u0644\u0642\u0631\u0627\u0621\u0629 \u0627\u0644\u0645\u064f\u0642\u062f\u0651\u0631":"\u062f\u0642\u064a\u0642\u0629 \u0648\u0627\u062d\u062f\u0629"},"schema":{"@context":"https:\/\/schema.org","@graph":[{"@type":["WebPage","ItemPage"],"@id":"https:\/\/vitablanca.ma\/produit\/curasept-ads-gel-dentaire-350-30ml\/","url":"https:\/\/vitablanca.ma\/produit\/curasept-ads-gel-dentaire-350-30ml\/","name":"Curasept ADS Gel Dentaire 350 30ml - Maroc Prix","isPartOf":{"@id":"https:\/\/vitablanca.ma\/#website"},"primaryImageOfPage":{"@id":"https:\/\/vitablanca.ma\/produit\/curasept-ads-gel-dentaire-350-30ml\/#primaryimage"},"image":{"@id":"https:\/\/vitablanca.ma\/produit\/curasept-ads-gel-dentaire-350-30ml\/#primaryimage"},"thumbnailUrl":"https:\/\/vitablanca.ma\/wp-content\/uploads\/2025\/06\/Curasept-ADS-Gel-Dentaire-350-30ml-nova-parapharmacie-maroc.png","datePublished":"2025-06-10T16:46:31+00:00","description":"Curasept ADS Gel Dentaire 350 30ml","breadcrumb":{"@id":"https:\/\/vitablanca.ma\/produit\/curasept-ads-gel-dentaire-350-30ml\/#breadcrumb"},"inLanguage":"ar","potentialAction":[{"@type":"ReadAction","target":["https:\/\/vitablanca.ma\/produit\/curasept-ads-gel-dentaire-350-30ml\/"]}]},{"@type":"ImageObject","inLanguage":"ar","@id":"https:\/\/vitablanca.ma\/produit\/curasept-ads-gel-dentaire-350-30ml\/#primaryimage","url":"https:\/\/vitablanca.ma\/wp-content\/uploads\/2025\/06\/Curasept-ADS-Gel-Dentaire-350-30ml-nova-parapharmacie-maroc.png","contentUrl":"https:\/\/vitablanca.ma\/wp-content\/uploads\/2025\/06\/Curasept-ADS-Gel-Dentaire-350-30ml-nova-parapharmacie-maroc.png","width":1000,"height":1000},{"@type":"BreadcrumbList","@id":"https:\/\/vitablanca.ma\/produit\/curasept-ads-gel-dentaire-350-30ml\/#breadcrumb","itemListElement":[{"@type":"ListItem","position":1,"name":"Home","item":"https:\/\/vitablanca.ma\/"},{"@type":"ListItem","position":2,"name":"Tous Les Produits","item":"https:\/\/vitablanca.ma\/tous-les-produits\/"},{"@type":"ListItem","position":3,"name":"Curasept ADS Gel Dentaire 350 30ml"}]},{"@type":"WebSite","@id":"https:\/\/vitablanca.ma\/#website","url":"https:\/\/vitablanca.ma\/","name":"VitaBlanca.ma | \u0627\u0644\u0645\u0643\u0645\u0644\u0627\u062a \u0627\u0644\u063a\u0630\u0627\u0626\u064a\u0629\u060c \u0627\u0644\u0635\u062d\u0629 \u0648\u0627\u0644\u062c\u0645\u0627\u0644 \u0641\u064a \u0627\u0644\u0645\u063a\u0631\u0628","description":"\u0646\u0628\u064a\u0639 \u0641\u064a\u062a\u0627\u0645\u064a\u0646\u0627\u062a \u0648\u0645\u0643\u0645\u0644\u0627\u062a \u063a\u0630\u0627\u0626\u064a\u0629 \u0641\u0627\u062e\u0631\u0629 \u0645\u0646 \u0627\u0644\u0648\u0644\u0627\u064a\u0627\u062a \u0627\u0644\u0645\u062a\u062d\u062f\u0629 \u0627\u0644\u0623\u0645\u0631\u064a\u0643\u064a\u0629 \u0648\u0643\u0646\u062f\u0627 \u0648\u0646\u064a\u0648\u0632\u064a\u0644\u0646\u062f\u0627 \u0648\u0627\u0644\u0645\u063a\u0631\u0628 (\u0646\u0627\u0648 \u0641\u0648\u062f\u0632\u060c \u0633\u0648\u0644\u062c\u0627\u0631\u060c \u0645\u0627\u0646\u0648\u0643\u0627). \u062a\u0648\u0635\u064a\u0644 \u0633\u0631\u064a\u0639 \u0625\u0644\u0649 \u062c\u0645\u064a\u0639 \u0623\u0646\u062d\u0627\u0621 \u0627\u0644\u0645\u063a\u0631\u0628.","publisher":{"@id":"https:\/\/vitablanca.ma\/#organization"},"alternateName":"VitaBlanca.ma","potentialAction":[{"@type":"SearchAction","target":{"@type":"EntryPoint","urlTemplate":"https:\/\/vitablanca.ma\/?s={search_term_string}"},"query-input":{"@type":"PropertyValueSpecification","valueRequired":true,"valueName":"search_term_string"}}],"inLanguage":"ar"},{"@type":"Organization","@id":"https:\/\/vitablanca.ma\/#organization","name":"\u0641\u064a\u062a\u0627\u0628\u0644\u0627\u0646\u0643\u0627","url":"https:\/\/vitablanca.ma\/","logo":{"@type":"ImageObject","inLanguage":"ar","@id":"https:\/\/vitablanca.ma\/#\/schema\/logo\/image\/","url":"https:\/\/vitablanca.ma\/wp-content\/uploads\/2025\/05\/cropped-vitablanca.png","contentUrl":"https:\/\/vitablanca.ma\/wp-content\/uploads\/2025\/05\/cropped-vitablanca.png","width":360,"height":67,"caption":"VitaBlanca"},"image":{"@id":"https:\/\/vitablanca.ma\/#\/schema\/logo\/image\/"},"sameAs":["https:\/\/www.facebook.com\/profile.php?id=61576678196717","https:\/\/www.tiktok.com\/@vitablanca.ma","https:\/\/www.instagram.com\/vitablanca.ma\/"]}]}},"jetpack_sharing_enabled":true,"_links":{"self":[{"href":"https:\/\/vitablanca.ma\/ar\/wp-json\/wp\/v2\/product\/16691","targetHints":{"allow":["GET"]}}],"collection":[{"href":"https:\/\/vitablanca.ma\/ar\/wp-json\/wp\/v2\/product"}],"about":[{"href":"https:\/\/vitablanca.ma\/ar\/wp-json\/wp\/v2\/types\/product"}],"wp:featuredmedia":[{"embeddable":true,"href":"https:\/\/vitablanca.ma\/ar\/wp-json\/wp\/v2\/media\/16687"}],"wp:attachment":[{"href":"https:\/\/vitablanca.ma\/ar\/wp-json\/wp\/v2\/media?parent=16691"}],"wp:term":[{"taxonomy":"product_brand","embeddable":true,"href":"https:\/\/vitablanca.ma\/ar\/wp-json\/wp\/v2\/product_brand?post=16691"},{"taxonomy":"product_cat","embeddable":true,"href":"https:\/\/vitablanca.ma\/ar\/wp-json\/wp\/v2\/product_cat?post=16691"},{"taxonomy":"product_tag","embeddable":true,"href":"https:\/\/vitablanca.ma\/ar\/wp-json\/wp\/v2\/product_tag?post=16691"}],"curies":[{"name":"wp","href":"https:\/\/api.w.org\/{rel}","templated":true}]}}