{"id":16601,"date":"2025-06-10T16:45:18","date_gmt":"2025-06-10T16:45:18","guid":{"rendered":"https:\/\/vitablanca.ma\/product\/biretix-cleanser-200ml-2\/"},"modified":"2025-06-10T16:45:18","modified_gmt":"2025-06-10T16:45:18","slug":"biretix-cleanser-200ml-2","status":"publish","type":"product","link":"https:\/\/vitablanca.ma\/ar\/product-2\/biretix-cleanser-200ml-2\/","title":{"rendered":"Biretix Cleanser 200ml"},"content":{"rendered":"<h2>Biretix Cleanser\u00a0<\/h2>\n<p><span>\u0645\u0646\u0638\u0641 \u064a\u0648\u0645\u064a \u064a\u064f\u0646\u0638\u0651\u0645 \u0625\u0641\u0631\u0627\u0632 \u0627\u0644\u062f\u0647\u0648\u0646 \u0627\u0644\u0632\u0627\u0626\u062f\u0629 \u0648\u064a\u064f\u0642\u0644\u0651\u0644 \u0645\u0646 \u062a\u0643\u0627\u062b\u0631 \u0627\u0644\u0643\u0627\u0626\u0646\u0627\u062a \u0627\u0644\u062f\u0642\u064a\u0642\u0629. \u0645\u064f\u0635\u0645\u0651\u0645 \u0628\u062a\u0631\u0643\u064a\u0628\u0629 BIOPEP 15\u060c \u0648\u0645\u064f\u0639\u0632\u0651\u0632 \u0628\u0645\u0643\u0648\u0646\u0627\u062a \u0645\u064f\u0647\u062f\u0626\u0629 \u0648\u0645\u0636\u0627\u062f\u0629 \u0644\u0644\u0623\u0643\u0633\u062f\u0629 \u062a\u064f\u0632\u064a\u0644 \u0627\u0644\u0634\u0648\u0627\u0626\u0628 \u062f\u0648\u0646 \u0623\u0646 \u062a\u064f\u0633\u0628\u0651\u0628 \u062c\u0641\u0627\u0641 \u0627\u0644\u0628\u0634\u0631\u0629. \u0645\u064f\u062e\u062a\u064e\u0628\u064e\u0631 \u0645\u0646 \u0642\u0650\u0628\u064e\u0644 \u0623\u0637\u0628\u0627\u0621 \u0627\u0644\u062c\u0644\u062f\u064a\u0629 \u0648\u0627\u0644\u0639\u064a\u0648\u0646.<\/span><\/p>\n<h3><span>\u0633\u0645\u0627\u062a<\/span><\/h3>\n<ul>\n<li><span>\u0645\u0646\u0638\u0641 \u0645\u0646\u0638\u0645 \u0648\u0645\u0646\u0642\u064a<\/span><\/li>\n<li><span>\u062a\u0631\u0637\u064a\u0628 \u0627\u0644\u0628\u0634\u0631\u0629 \u0627\u0644\u062f\u0647\u0646\u064a\u0629<\/span><\/li>\n<li><span>\u0625\u0636\u0641\u0627\u0621 \u0627\u0644\u0644\u0645\u0639\u0627\u0646 \u0648<\/span><\/li>\n<li><span>\u0645\u064f\u0646\u0639\u0645 \u062a\u0645 \u0627\u062e\u062a\u0628\u0627\u0631\u0647 \u0645\u0646 \u0642\u0628\u0644 \u0623\u0637\u0628\u0627\u0621 \u0627\u0644\u062c\u0644\u062f\u064a\u0629 \u062a\u0645 \u0627\u062e\u062a\u0628\u0627\u0631\u0647 \u0645\u0646 \u0642\u0628\u0644 \u0623\u0637\u0628\u0627\u0621 \u0627\u0644\u0639\u064a\u0648\u0646<\/span><\/li>\n<\/ul>\n<h3><span>\u0625\u0634\u0627\u0631\u0629<\/span><\/h3>\n<div class=\"card w-100\">\n<div id=\"my_accrd-c2\" class=\"collapse show\" aria-labelledby=\"my_accrd-h2\" data-parent=\"#my_accrd\">\n<div class=\"card-body py-4\">\n<p>\u0627\u0644\u062a\u0646\u0638\u064a\u0641 \u0627\u0644\u064a\u0648\u0645\u064a \u0644\u0644\u0628\u0634\u0631\u0629 \u0627\u0644\u0645\u062e\u062a\u0644\u0637\u0629 \u0648\u0627\u0644\u062f\u0647\u0646\u064a\u0629 \u0648\u0627\u0644\u0645\u0639\u0631\u0636\u0629 \u0644\u062d\u0628 \u0627\u0644\u0634\u0628\u0627\u0628.<\/p>\n<h3>\u062a\u0639\u0628\u064a\u0631<\/h3>\n<p><span>\u0628\u064a\u0648\u0628\u064a\u0628-15<\/span><br \/><span>\u0628\u064a\u0631\u0648\u0643\u062a\u0648\u0646<\/span><br \/><span>\u0623\u0648\u0644\u0627\u0645\u064a\u0646<\/span><br \/><span>\u0645\u0633\u062a\u062e\u0644\u0635 \u0627\u0644\u0635\u0628\u0627\u0631\u060c \u0645\u0633\u062a\u062e\u0644\u0635 \u0627\u0644\u0628\u0631\u0648\u0628\u0648\u0644\u064a\u0633\u060c \u0645\u0633\u062a\u062e\u0644\u0635 \u0647\u0627\u0645\u0627\u0645\u064a\u0644\u064a\u0633 \u0641\u064a\u0631\u062c\u064a\u0646\u064a\u0627\u0646\u0627<\/span><br \/><span>\u0645\u0646 \u0627\u0644\u0637\u062d\u0627\u0644\u0628<\/span><\/p>\n<h3><span>\u062a\u0639\u0644\u064a\u0645\u0627\u062a \u0627\u0644\u0627\u0633\u062a\u062e\u062f\u0627\u0645<\/span><\/h3>\n<div class=\"shopify-section\" id=\"shopify-section-template--15476718797030__product-details-tabs\">\n<section data-section-id=\"template--15476718797030__product-details-tabs\" data-section-type=\"tabs\" class=\"sf-product__section sf-product__section-tabs acc-initialized\">\n<div class=\"container\">\n<div class=\"sf-tabs sf-tabs--responsive sf-pdt__accordion\">\n<div class=\"md:py-10\">\n<div data-block-type=\"description\" class=\"sf__accordion-item sf-tab-content md:opacity-0 open active\">\n<div class=\"sf__accordion-content\">\n<div class=\"pb-8 prose\">\n<div class=\"accordion\" id=\"my_accrd\">\n<div class=\"card w-100\">\n<div id=\"my_accrd-c4\" class=\"collapse show\" aria-labelledby=\"my_accrd-h4\" data-parent=\"#my_accrd\">\n<div class=\"card-body py-4\">\n<p>\u0636\u0639\u064a\u0647 \u0635\u0628\u0627\u062d\u064b\u0627 \u0648\u0645\u0633\u0627\u0621\u064b \u0628\u062a\u062f\u0644\u064a\u0643 \u062e\u0641\u064a\u0641 \u0639\u0644\u0649 \u0628\u0634\u0631\u0629 \u0631\u0637\u0628\u0629. \u0627\u062a\u0631\u0643\u064a\u0647 \u0644\u0645\u062f\u0629 \u062f\u0642\u064a\u0642\u0629 \u0623\u0648 \u062f\u0642\u064a\u0642\u062a\u064a\u0646 \u062b\u0645 \u0627\u0634\u0637\u0641\u064a\u0647 \u062c\u064a\u062f\u064b\u0627 \u0628\u0627\u0644\u0645\u0627\u0621.<\/p>\n<\/div>\n<\/div>\n<\/div>\n<\/div>\n<\/div>\n<\/div>\n<\/div>\n<\/div>\n<\/div>\n<\/div>\n<\/section>\n<\/div>\n<\/div>\n<\/div>\n<\/div>","protected":false},"excerpt":{"rendered":"<p>Biretix Cleanser\u00a0 Nettoyant quotidien qui r\u00e9gule l\u2019exc\u00e8s d\u2019huile et r\u00e9duit la prolif\u00e9ration des micro-organismes. Formul\u00e9 avec BIOPEP 15 et enrichi en actifs apaisants et antioxydants qui \u00e9liminent les impuret\u00e9s sans dess\u00e9cher la peau. Test\u00e9 sous contr\u00f4le dermatologique et ophtalmologique. Caract\u00e9ristiques Nettoyant r\u00e9gulateur et purifiant s\u00e9bo Hydratant, matifiant et adoucissant Test\u00e9 sous contr\u00f4le dermatologique Test\u00e9 sous [&hellip;]<\/p>\n","protected":false},"featured_media":16599,"template":"","meta":{"om_disable_all_campaigns":false},"product_brand":[],"product_cat":[15],"product_tag":[],"class_list":{"0":"post-16601","1":"product","2":"type-product","3":"status-publish","4":"has-post-thumbnail","6":"product_cat-beaute-sante-complements-alimentaires-soins-et-bien-etre-au-meilleur-prix","8":"first","9":"instock","10":"sale","11":"taxable","12":"shipping-taxable","13":"purchasable","14":"product-type-simple"},"yoast_head":"<!-- This site is optimized with the Yoast SEO plugin v27.3 - https:\/\/yoast.com\/product\/yoast-seo-wordpress\/ -->\n<title>Biretix Cleanser 200ml - Maroc Prix<\/title>\n<meta name=\"description\" content=\"Biretix Cleanser 200ml\" \/>\n<meta name=\"robots\" content=\"index, follow, max-snippet:-1, max-image-preview:large, max-video-preview:-1\" \/>\n<link rel=\"canonical\" href=\"https:\/\/vitablanca.ma\/ar\/product-2\/biretix-cleanser-200ml-2\/\" \/>\n<meta property=\"og:locale\" content=\"ar_AR\" \/>\n<meta property=\"og:type\" content=\"article\" \/>\n<meta property=\"og:title\" content=\"Biretix Cleanser 200ml - Maroc Prix\" \/>\n<meta property=\"og:description\" content=\"Biretix Cleanser 200ml\" \/>\n<meta property=\"og:url\" content=\"https:\/\/vitablanca.ma\/ar\/product-2\/biretix-cleanser-200ml-2\/\" \/>\n<meta property=\"og:site_name\" content=\"Vitablanca.ma &ndash; Sant&eacute;, vitalit&eacute; et bien-&ecirc;tre pour tous les Marocains\" \/>\n<meta property=\"article:publisher\" content=\"https:\/\/www.facebook.com\/profile.php?id=61576678196717\" \/>\n<meta property=\"og:image\" content=\"https:\/\/vitablanca.ma\/wp-content\/uploads\/2025\/06\/Biretix-Cleanser-200ml-nova-para-maroc-3.jpg\" \/>\n\t<meta property=\"og:image:width\" content=\"1000\" \/>\n\t<meta property=\"og:image:height\" content=\"1000\" \/>\n\t<meta property=\"og:image:type\" content=\"image\/jpeg\" \/>\n<meta name=\"twitter:card\" content=\"summary_large_image\" \/>\n<meta name=\"twitter:label1\" content=\"\u0648\u0642\u062a \u0627\u0644\u0642\u0631\u0627\u0621\u0629 \u0627\u0644\u0645\u064f\u0642\u062f\u0651\u0631\" \/>\n\t<meta name=\"twitter:data1\" content=\"\u062f\u0642\u064a\u0642\u0629 \u0648\u0627\u062d\u062f\u0629\" \/>\n<script type=\"application\/ld+json\" class=\"yoast-schema-graph\">{\"@context\":\"https:\\\/\\\/schema.org\",\"@graph\":[{\"@type\":[\"WebPage\",\"ItemPage\"],\"@id\":\"https:\\\/\\\/vitablanca.ma\\\/produit\\\/biretix-cleanser-200ml-2\\\/\",\"url\":\"https:\\\/\\\/vitablanca.ma\\\/produit\\\/biretix-cleanser-200ml-2\\\/\",\"name\":\"Biretix Cleanser 200ml - Maroc Prix\",\"isPartOf\":{\"@id\":\"https:\\\/\\\/vitablanca.ma\\\/#website\"},\"primaryImageOfPage\":{\"@id\":\"https:\\\/\\\/vitablanca.ma\\\/produit\\\/biretix-cleanser-200ml-2\\\/#primaryimage\"},\"image\":{\"@id\":\"https:\\\/\\\/vitablanca.ma\\\/produit\\\/biretix-cleanser-200ml-2\\\/#primaryimage\"},\"thumbnailUrl\":\"https:\\\/\\\/vitablanca.ma\\\/wp-content\\\/uploads\\\/2025\\\/06\\\/Biretix-Cleanser-200ml-nova-para-maroc-3.jpg\",\"datePublished\":\"2025-06-10T16:45:18+00:00\",\"description\":\"Biretix Cleanser 200ml\",\"breadcrumb\":{\"@id\":\"https:\\\/\\\/vitablanca.ma\\\/produit\\\/biretix-cleanser-200ml-2\\\/#breadcrumb\"},\"inLanguage\":\"ar\",\"potentialAction\":[{\"@type\":\"ReadAction\",\"target\":[\"https:\\\/\\\/vitablanca.ma\\\/produit\\\/biretix-cleanser-200ml-2\\\/\"]}]},{\"@type\":\"ImageObject\",\"inLanguage\":\"ar\",\"@id\":\"https:\\\/\\\/vitablanca.ma\\\/produit\\\/biretix-cleanser-200ml-2\\\/#primaryimage\",\"url\":\"https:\\\/\\\/vitablanca.ma\\\/wp-content\\\/uploads\\\/2025\\\/06\\\/Biretix-Cleanser-200ml-nova-para-maroc-3.jpg\",\"contentUrl\":\"https:\\\/\\\/vitablanca.ma\\\/wp-content\\\/uploads\\\/2025\\\/06\\\/Biretix-Cleanser-200ml-nova-para-maroc-3.jpg\",\"width\":1000,\"height\":1000},{\"@type\":\"BreadcrumbList\",\"@id\":\"https:\\\/\\\/vitablanca.ma\\\/produit\\\/biretix-cleanser-200ml-2\\\/#breadcrumb\",\"itemListElement\":[{\"@type\":\"ListItem\",\"position\":1,\"name\":\"Home\",\"item\":\"https:\\\/\\\/vitablanca.ma\\\/\"},{\"@type\":\"ListItem\",\"position\":2,\"name\":\"Tous Les Produits\",\"item\":\"https:\\\/\\\/vitablanca.ma\\\/tous-les-produits\\\/\"},{\"@type\":\"ListItem\",\"position\":3,\"name\":\"Biretix Cleanser 200ml\"}]},{\"@type\":\"WebSite\",\"@id\":\"https:\\\/\\\/vitablanca.ma\\\/#website\",\"url\":\"https:\\\/\\\/vitablanca.ma\\\/\",\"name\":\"VitaBlanca.ma | Compl\u00e9ments alimentaires, sant\u00e9 & beaut\u00e9 au Maroc\",\"description\":\"vendre vitamines et compl\u00e9ments premium des USA &amp; Canada, Nouvelle Z\u00e9lande,Maroc (NOW Foods, Solgar, Manuka). Livraison rapide partout au Maroc.\",\"publisher\":{\"@id\":\"https:\\\/\\\/vitablanca.ma\\\/#organization\"},\"alternateName\":\"VitaBlanca.ma\",\"potentialAction\":[{\"@type\":\"SearchAction\",\"target\":{\"@type\":\"EntryPoint\",\"urlTemplate\":\"https:\\\/\\\/vitablanca.ma\\\/?s={search_term_string}\"},\"query-input\":{\"@type\":\"PropertyValueSpecification\",\"valueRequired\":true,\"valueName\":\"search_term_string\"}}],\"inLanguage\":\"ar\"},{\"@type\":\"Organization\",\"@id\":\"https:\\\/\\\/vitablanca.ma\\\/#organization\",\"name\":\"VitaBlanca\",\"url\":\"https:\\\/\\\/vitablanca.ma\\\/\",\"logo\":{\"@type\":\"ImageObject\",\"inLanguage\":\"ar\",\"@id\":\"https:\\\/\\\/vitablanca.ma\\\/#\\\/schema\\\/logo\\\/image\\\/\",\"url\":\"https:\\\/\\\/vitablanca.ma\\\/wp-content\\\/uploads\\\/2025\\\/05\\\/cropped-vitablanca.png\",\"contentUrl\":\"https:\\\/\\\/vitablanca.ma\\\/wp-content\\\/uploads\\\/2025\\\/05\\\/cropped-vitablanca.png\",\"width\":360,\"height\":67,\"caption\":\"VitaBlanca\"},\"image\":{\"@id\":\"https:\\\/\\\/vitablanca.ma\\\/#\\\/schema\\\/logo\\\/image\\\/\"},\"sameAs\":[\"https:\\\/\\\/www.facebook.com\\\/profile.php?id=61576678196717\",\"https:\\\/\\\/www.tiktok.com\\\/@vitablanca.ma\",\"https:\\\/\\\/www.instagram.com\\\/vitablanca.ma\\\/\"]}]}<\/script>\n<!-- \/ Yoast SEO plugin. -->","yoast_head_json":{"title":"Biretix Cleanser 200ml - Maroc Prix","description":"Biretix Cleanser 200ml","robots":{"index":"index","follow":"follow","max-snippet":"max-snippet:-1","max-image-preview":"max-image-preview:large","max-video-preview":"max-video-preview:-1"},"canonical":"https:\/\/vitablanca.ma\/ar\/product-2\/biretix-cleanser-200ml-2\/","og_locale":"ar_AR","og_type":"article","og_title":"Biretix Cleanser 200ml - Maroc Prix","og_description":"Biretix Cleanser 200ml","og_url":"https:\/\/vitablanca.ma\/ar\/product-2\/biretix-cleanser-200ml-2\/","og_site_name":"Vitablanca.ma &ndash; Sant&eacute;, vitalit&eacute; et bien-&ecirc;tre pour tous les Marocains","article_publisher":"https:\/\/www.facebook.com\/profile.php?id=61576678196717","og_image":[{"width":1000,"height":1000,"url":"https:\/\/vitablanca.ma\/wp-content\/uploads\/2025\/06\/Biretix-Cleanser-200ml-nova-para-maroc-3.jpg","type":"image\/jpeg"}],"twitter_card":"summary_large_image","twitter_misc":{"\u0648\u0642\u062a \u0627\u0644\u0642\u0631\u0627\u0621\u0629 \u0627\u0644\u0645\u064f\u0642\u062f\u0651\u0631":"\u062f\u0642\u064a\u0642\u0629 \u0648\u0627\u062d\u062f\u0629"},"schema":{"@context":"https:\/\/schema.org","@graph":[{"@type":["WebPage","ItemPage"],"@id":"https:\/\/vitablanca.ma\/produit\/biretix-cleanser-200ml-2\/","url":"https:\/\/vitablanca.ma\/produit\/biretix-cleanser-200ml-2\/","name":"Biretix Cleanser 200ml - Maroc Prix","isPartOf":{"@id":"https:\/\/vitablanca.ma\/#website"},"primaryImageOfPage":{"@id":"https:\/\/vitablanca.ma\/produit\/biretix-cleanser-200ml-2\/#primaryimage"},"image":{"@id":"https:\/\/vitablanca.ma\/produit\/biretix-cleanser-200ml-2\/#primaryimage"},"thumbnailUrl":"https:\/\/vitablanca.ma\/wp-content\/uploads\/2025\/06\/Biretix-Cleanser-200ml-nova-para-maroc-3.jpg","datePublished":"2025-06-10T16:45:18+00:00","description":"Biretix Cleanser 200ml","breadcrumb":{"@id":"https:\/\/vitablanca.ma\/produit\/biretix-cleanser-200ml-2\/#breadcrumb"},"inLanguage":"ar","potentialAction":[{"@type":"ReadAction","target":["https:\/\/vitablanca.ma\/produit\/biretix-cleanser-200ml-2\/"]}]},{"@type":"ImageObject","inLanguage":"ar","@id":"https:\/\/vitablanca.ma\/produit\/biretix-cleanser-200ml-2\/#primaryimage","url":"https:\/\/vitablanca.ma\/wp-content\/uploads\/2025\/06\/Biretix-Cleanser-200ml-nova-para-maroc-3.jpg","contentUrl":"https:\/\/vitablanca.ma\/wp-content\/uploads\/2025\/06\/Biretix-Cleanser-200ml-nova-para-maroc-3.jpg","width":1000,"height":1000},{"@type":"BreadcrumbList","@id":"https:\/\/vitablanca.ma\/produit\/biretix-cleanser-200ml-2\/#breadcrumb","itemListElement":[{"@type":"ListItem","position":1,"name":"Home","item":"https:\/\/vitablanca.ma\/"},{"@type":"ListItem","position":2,"name":"Tous Les Produits","item":"https:\/\/vitablanca.ma\/tous-les-produits\/"},{"@type":"ListItem","position":3,"name":"Biretix Cleanser 200ml"}]},{"@type":"WebSite","@id":"https:\/\/vitablanca.ma\/#website","url":"https:\/\/vitablanca.ma\/","name":"VitaBlanca.ma | \u0627\u0644\u0645\u0643\u0645\u0644\u0627\u062a \u0627\u0644\u063a\u0630\u0627\u0626\u064a\u0629\u060c \u0627\u0644\u0635\u062d\u0629 \u0648\u0627\u0644\u062c\u0645\u0627\u0644 \u0641\u064a \u0627\u0644\u0645\u063a\u0631\u0628","description":"\u0646\u0628\u064a\u0639 \u0641\u064a\u062a\u0627\u0645\u064a\u0646\u0627\u062a \u0648\u0645\u0643\u0645\u0644\u0627\u062a \u063a\u0630\u0627\u0626\u064a\u0629 \u0641\u0627\u062e\u0631\u0629 \u0645\u0646 \u0627\u0644\u0648\u0644\u0627\u064a\u0627\u062a \u0627\u0644\u0645\u062a\u062d\u062f\u0629 \u0627\u0644\u0623\u0645\u0631\u064a\u0643\u064a\u0629 \u0648\u0643\u0646\u062f\u0627 \u0648\u0646\u064a\u0648\u0632\u064a\u0644\u0646\u062f\u0627 \u0648\u0627\u0644\u0645\u063a\u0631\u0628 (\u0646\u0627\u0648 \u0641\u0648\u062f\u0632\u060c \u0633\u0648\u0644\u062c\u0627\u0631\u060c \u0645\u0627\u0646\u0648\u0643\u0627). \u062a\u0648\u0635\u064a\u0644 \u0633\u0631\u064a\u0639 \u0625\u0644\u0649 \u062c\u0645\u064a\u0639 \u0623\u0646\u062d\u0627\u0621 \u0627\u0644\u0645\u063a\u0631\u0628.","publisher":{"@id":"https:\/\/vitablanca.ma\/#organization"},"alternateName":"VitaBlanca.ma","potentialAction":[{"@type":"SearchAction","target":{"@type":"EntryPoint","urlTemplate":"https:\/\/vitablanca.ma\/?s={search_term_string}"},"query-input":{"@type":"PropertyValueSpecification","valueRequired":true,"valueName":"search_term_string"}}],"inLanguage":"ar"},{"@type":"Organization","@id":"https:\/\/vitablanca.ma\/#organization","name":"\u0641\u064a\u062a\u0627\u0628\u0644\u0627\u0646\u0643\u0627","url":"https:\/\/vitablanca.ma\/","logo":{"@type":"ImageObject","inLanguage":"ar","@id":"https:\/\/vitablanca.ma\/#\/schema\/logo\/image\/","url":"https:\/\/vitablanca.ma\/wp-content\/uploads\/2025\/05\/cropped-vitablanca.png","contentUrl":"https:\/\/vitablanca.ma\/wp-content\/uploads\/2025\/05\/cropped-vitablanca.png","width":360,"height":67,"caption":"VitaBlanca"},"image":{"@id":"https:\/\/vitablanca.ma\/#\/schema\/logo\/image\/"},"sameAs":["https:\/\/www.facebook.com\/profile.php?id=61576678196717","https:\/\/www.tiktok.com\/@vitablanca.ma","https:\/\/www.instagram.com\/vitablanca.ma\/"]}]}},"jetpack_sharing_enabled":true,"_links":{"self":[{"href":"https:\/\/vitablanca.ma\/ar\/wp-json\/wp\/v2\/product\/16601","targetHints":{"allow":["GET"]}}],"collection":[{"href":"https:\/\/vitablanca.ma\/ar\/wp-json\/wp\/v2\/product"}],"about":[{"href":"https:\/\/vitablanca.ma\/ar\/wp-json\/wp\/v2\/types\/product"}],"wp:featuredmedia":[{"embeddable":true,"href":"https:\/\/vitablanca.ma\/ar\/wp-json\/wp\/v2\/media\/16599"}],"wp:attachment":[{"href":"https:\/\/vitablanca.ma\/ar\/wp-json\/wp\/v2\/media?parent=16601"}],"wp:term":[{"taxonomy":"product_brand","embeddable":true,"href":"https:\/\/vitablanca.ma\/ar\/wp-json\/wp\/v2\/product_brand?post=16601"},{"taxonomy":"product_cat","embeddable":true,"href":"https:\/\/vitablanca.ma\/ar\/wp-json\/wp\/v2\/product_cat?post=16601"},{"taxonomy":"product_tag","embeddable":true,"href":"https:\/\/vitablanca.ma\/ar\/wp-json\/wp\/v2\/product_tag?post=16601"}],"curies":[{"name":"wp","href":"https:\/\/api.w.org\/{rel}","templated":true}]}}